{"id":456714,"date":"2016-04-01T06:44:25","date_gmt":"2016-04-01T03:44:25","guid":{"rendered":"https:\/\/beebipood.ee\/toode\/stroma-latex-junior-padi\/"},"modified":"2025-01-09T10:50:21","modified_gmt":"2025-01-09T08:50:21","slug":"stroma-latex-junior-padi","status":"publish","type":"product","link":"https:\/\/beebipood.ee\/ru\/produkt\/stroma-latex-junior-padi\/","title":{"rendered":"Stroma Latex Junior padi"},"content":{"rendered":"<h2>\u00a0<\/h2>\n<p>Padi pakub v\u00e4ikelastele ideaalset v\u00f5imalust nautida tervislikku ja kosutavat und. <br \/>Lateks padi vastab k\u00f5ige paremini beebi une vajadustele, kuna t\u00e4nu oma elastsusele ning pehmusele toetab see korralikult pead ja kaela. <br \/>P\u00fcsivalt pehme ja elastne\u00a0<br \/> J\u00e4rgib ideaalselt kaela kuju <br \/>\u00d5hutuskanalitega <br \/>Sobib allergikutele <br \/>Padjakate naturaale satiin, masinas pestav 60\u00b0C juures<\/p>\n","protected":false},"excerpt":{"rendered":"<p>\u00a0 Padi pakub v\u00e4ikelastele ideaalset v\u00f5imalust nautida tervislikku ja kosutavat und. Lateks padi vastab k\u00f5ige paremini beebi une vajadustele, kuna t\u00e4nu oma elastsusele ning pehmusele toetab see korralikult pead ja kaela. P\u00fcsivalt pehme ja elastne\u00a0 J\u00e4rgib ideaalselt kaela kuju \u00d5hutuskanalitega Sobib allergikutele Padjakate naturaale satiin, masinas pestav 60\u00b0C juures<\/p>\n","protected":false},"featured_media":110169,"template":"","meta":{"_acf_changed":false},"pwb-brand":[],"product_brand":[],"product_cat":[11613,11763,11789],"product_tag":[],"class_list":{"0":"post-456714","1":"product","2":"type-product","3":"status-publish","4":"has-post-thumbnail","6":"product_cat-voodipesu-ru","7":"product_cat-tekid-padjad-lisad-ru","8":"product_cat-lastemoobel-ja-sisustus-ru","10":"first","11":"outofstock","12":"taxable","13":"shipping-taxable","14":"purchasable","15":"product-type-simple"},"exclude_global_add_ons":[],"addons":[],"acf":[],"yoast_head":"<!-- This site is optimized with the Yoast SEO plugin v27.1.1 - https:\/\/yoast.com\/product\/yoast-seo-wordpress\/ -->\n<title>Stroma Latex Junior padi, \u041f\u043e\u0441\u0442\u0435\u043b\u044c\u043d\u043e\u0435 \u0431\u0435\u043b\u044c\u0435, \u041e\u0434\u0435\u044f\u043b\u0430, \u043f\u043e\u0434\u0443\u0448\u043a\u0438, \u0434\u043e\u043f\u043e\u043b\u043d\u0435\u043d\u0438\u044f, M\u0435\u0431\u0435\u043b\u044c, Beebipood<\/title>\n<meta name=\"description\" content=\"Stroma Latex Junior padi, &nbsp; Padi pakub v&auml;ikelastele ideaalset v&otilde;imalust nautida tervislikku ja kosutavat und. Lateks padi va\" \/>\n<meta name=\"robots\" content=\"index, follow, max-snippet:-1, max-image-preview:large, max-video-preview:-1\" \/>\n<link rel=\"canonical\" href=\"https:\/\/beebipood.ee\/ru\/produkt\/stroma-latex-junior-padi\/\" \/>\n<meta property=\"og:locale\" content=\"ru_RU\" \/>\n<meta property=\"og:type\" content=\"article\" \/>\n<meta property=\"og:title\" content=\"Stroma Latex Junior padi, \u041f\u043e\u0441\u0442\u0435\u043b\u044c\u043d\u043e\u0435 \u0431\u0435\u043b\u044c\u0435, \u041e\u0434\u0435\u044f\u043b\u0430, \u043f\u043e\u0434\u0443\u0448\u043a\u0438, \u0434\u043e\u043f\u043e\u043b\u043d\u0435\u043d\u0438\u044f, M\u0435\u0431\u0435\u043b\u044c, Beebipood\" \/>\n<meta property=\"og:description\" content=\"Stroma Latex Junior padi, &nbsp; Padi pakub v&auml;ikelastele ideaalset v&otilde;imalust nautida tervislikku ja kosutavat und. Lateks padi va\" \/>\n<meta property=\"og:url\" content=\"https:\/\/beebipood.ee\/ru\/produkt\/stroma-latex-junior-padi\/\" \/>\n<meta property=\"og:site_name\" content=\"Beebipood\" \/>\n<meta property=\"article:modified_time\" content=\"2025-01-09T08:50:21+00:00\" \/>\n<meta property=\"og:image\" content=\"https:\/\/beebipood.ee\/wp-content\/uploads\/2016\/04\/Stroma-madrats-ortopeediline-okoloogiline-thin-90x190-Madratsid-ja-kattemadratsid-UUED-TOOTED-Kuni-90cm-laiused-Lastemoobel-ja-sisustus-Stroma-20_1-0b9.jpg\" \/>\n\t<meta property=\"og:image:width\" content=\"370\" \/>\n\t<meta property=\"og:image:height\" content=\"370\" \/>\n\t<meta property=\"og:image:type\" content=\"image\/jpeg\" \/>\n<meta name=\"twitter:card\" content=\"summary_large_image\" \/>\n<script type=\"application\/ld+json\" class=\"yoast-schema-graph\">{\"@context\":\"https:\/\/schema.org\",\"@graph\":[{\"@type\":\"WebPage\",\"@id\":\"https:\/\/beebipood.ee\/ru\/produkt\/stroma-latex-junior-padi\/\",\"url\":\"https:\/\/beebipood.ee\/ru\/produkt\/stroma-latex-junior-padi\/\",\"name\":\"Stroma Latex Junior padi, \u041f\u043e\u0441\u0442\u0435\u043b\u044c\u043d\u043e\u0435 \u0431\u0435\u043b\u044c\u0435, \u041e\u0434\u0435\u044f\u043b\u0430, \u043f\u043e\u0434\u0443\u0448\u043a\u0438, \u0434\u043e\u043f\u043e\u043b\u043d\u0435\u043d\u0438\u044f, M\u0435\u0431\u0435\u043b\u044c, Beebipood\",\"isPartOf\":{\"@id\":\"https:\/\/beebipood.ee\/ru\/#website\"},\"primaryImageOfPage\":{\"@id\":\"https:\/\/beebipood.ee\/ru\/produkt\/stroma-latex-junior-padi\/#primaryimage\"},\"image\":{\"@id\":\"https:\/\/beebipood.ee\/ru\/produkt\/stroma-latex-junior-padi\/#primaryimage\"},\"thumbnailUrl\":\"https:\/\/beebipood.ee\/wp-content\/uploads\/2016\/04\/Stroma-madrats-ortopeediline-okoloogiline-thin-90x190-Madratsid-ja-kattemadratsid-UUED-TOOTED-Kuni-90cm-laiused-Lastemoobel-ja-sisustus-Stroma-20_1-0b9.jpg\",\"datePublished\":\"2016-04-01T03:44:25+00:00\",\"dateModified\":\"2025-01-09T08:50:21+00:00\",\"description\":\"Stroma Latex Junior padi, &nbsp; Padi pakub v&auml;ikelastele ideaalset v&otilde;imalust nautida tervislikku ja kosutavat und. Lateks padi va\",\"breadcrumb\":{\"@id\":\"https:\/\/beebipood.ee\/ru\/produkt\/stroma-latex-junior-padi\/#breadcrumb\"},\"inLanguage\":\"ru-RU\",\"potentialAction\":[{\"@type\":\"ReadAction\",\"target\":[\"https:\/\/beebipood.ee\/ru\/produkt\/stroma-latex-junior-padi\/\"]}]},{\"@type\":\"ImageObject\",\"inLanguage\":\"ru-RU\",\"@id\":\"https:\/\/beebipood.ee\/ru\/produkt\/stroma-latex-junior-padi\/#primaryimage\",\"url\":\"https:\/\/beebipood.ee\/wp-content\/uploads\/2016\/04\/Stroma-madrats-ortopeediline-okoloogiline-thin-90x190-Madratsid-ja-kattemadratsid-UUED-TOOTED-Kuni-90cm-laiused-Lastemoobel-ja-sisustus-Stroma-20_1-0b9.jpg\",\"contentUrl\":\"https:\/\/beebipood.ee\/wp-content\/uploads\/2016\/04\/Stroma-madrats-ortopeediline-okoloogiline-thin-90x190-Madratsid-ja-kattemadratsid-UUED-TOOTED-Kuni-90cm-laiused-Lastemoobel-ja-sisustus-Stroma-20_1-0b9.jpg\",\"width\":370,\"height\":370},{\"@type\":\"BreadcrumbList\",\"@id\":\"https:\/\/beebipood.ee\/ru\/produkt\/stroma-latex-junior-padi\/#breadcrumb\",\"itemListElement\":[{\"@type\":\"ListItem\",\"position\":1,\"name\":\"Home\",\"item\":\"https:\/\/beebipood.ee\/ru\/\"},{\"@type\":\"ListItem\",\"position\":2,\"name\":\"\u041a\u0430\u0442\u0430\u043b\u043e\u0433 \u0442\u043e\u0432\u0430\u0440\u043e\u0432\",\"item\":\"https:\/\/beebipood.ee\/tooted\/\"},{\"@type\":\"ListItem\",\"position\":3,\"name\":\"Stroma Latex Junior padi\"}]},{\"@type\":\"WebSite\",\"@id\":\"https:\/\/beebipood.ee\/ru\/#website\",\"url\":\"https:\/\/beebipood.ee\/ru\/\",\"name\":\"Beebipood\",\"description\":\"Lastekaubad, beebikaubad, m\u00e4nguasjad\",\"publisher\":{\"@id\":\"https:\/\/beebipood.ee\/ru\/#organization\"},\"potentialAction\":[{\"@type\":\"SearchAction\",\"target\":{\"@type\":\"EntryPoint\",\"urlTemplate\":\"https:\/\/beebipood.ee\/ru\/?s={search_term_string}\"},\"query-input\":{\"@type\":\"PropertyValueSpecification\",\"valueRequired\":true,\"valueName\":\"search_term_string\"}}],\"inLanguage\":\"ru-RU\"},{\"@type\":\"Organization\",\"@id\":\"https:\/\/beebipood.ee\/ru\/#organization\",\"name\":\"Beebipood\",\"url\":\"https:\/\/beebipood.ee\/ru\/\",\"logo\":{\"@type\":\"ImageObject\",\"inLanguage\":\"ru-RU\",\"@id\":\"https:\/\/beebipood.ee\/ru\/#\/schema\/logo\/image\/\",\"url\":\"https:\/\/beebipood.ee\/wp-content\/uploads\/2025\/03\/beebipood.ee-logo-1.svg\",\"contentUrl\":\"https:\/\/beebipood.ee\/wp-content\/uploads\/2025\/03\/beebipood.ee-logo-1.svg\",\"caption\":\"Beebipood\"},\"image\":{\"@id\":\"https:\/\/beebipood.ee\/ru\/#\/schema\/logo\/image\/\"}}]}<\/script>\n<!-- \/ Yoast SEO plugin. -->","yoast_head_json":{"title":"Stroma Latex Junior padi, \u041f\u043e\u0441\u0442\u0435\u043b\u044c\u043d\u043e\u0435 \u0431\u0435\u043b\u044c\u0435, \u041e\u0434\u0435\u044f\u043b\u0430, \u043f\u043e\u0434\u0443\u0448\u043a\u0438, \u0434\u043e\u043f\u043e\u043b\u043d\u0435\u043d\u0438\u044f, M\u0435\u0431\u0435\u043b\u044c, Beebipood","description":"Stroma Latex Junior padi, &nbsp; Padi pakub v&auml;ikelastele ideaalset v&otilde;imalust nautida tervislikku ja kosutavat und. Lateks padi va","robots":{"index":"index","follow":"follow","max-snippet":"max-snippet:-1","max-image-preview":"max-image-preview:large","max-video-preview":"max-video-preview:-1"},"canonical":"https:\/\/beebipood.ee\/ru\/produkt\/stroma-latex-junior-padi\/","og_locale":"ru_RU","og_type":"article","og_title":"Stroma Latex Junior padi, \u041f\u043e\u0441\u0442\u0435\u043b\u044c\u043d\u043e\u0435 \u0431\u0435\u043b\u044c\u0435, \u041e\u0434\u0435\u044f\u043b\u0430, \u043f\u043e\u0434\u0443\u0448\u043a\u0438, \u0434\u043e\u043f\u043e\u043b\u043d\u0435\u043d\u0438\u044f, M\u0435\u0431\u0435\u043b\u044c, Beebipood","og_description":"Stroma Latex Junior padi, &nbsp; Padi pakub v&auml;ikelastele ideaalset v&otilde;imalust nautida tervislikku ja kosutavat und. Lateks padi va","og_url":"https:\/\/beebipood.ee\/ru\/produkt\/stroma-latex-junior-padi\/","og_site_name":"Beebipood","article_modified_time":"2025-01-09T08:50:21+00:00","og_image":[{"width":370,"height":370,"url":"https:\/\/beebipood.ee\/wp-content\/uploads\/2016\/04\/Stroma-madrats-ortopeediline-okoloogiline-thin-90x190-Madratsid-ja-kattemadratsid-UUED-TOOTED-Kuni-90cm-laiused-Lastemoobel-ja-sisustus-Stroma-20_1-0b9.jpg","type":"image\/jpeg"}],"twitter_card":"summary_large_image","schema":{"@context":"https:\/\/schema.org","@graph":[{"@type":"WebPage","@id":"https:\/\/beebipood.ee\/ru\/produkt\/stroma-latex-junior-padi\/","url":"https:\/\/beebipood.ee\/ru\/produkt\/stroma-latex-junior-padi\/","name":"Stroma Latex Junior padi, \u041f\u043e\u0441\u0442\u0435\u043b\u044c\u043d\u043e\u0435 \u0431\u0435\u043b\u044c\u0435, \u041e\u0434\u0435\u044f\u043b\u0430, \u043f\u043e\u0434\u0443\u0448\u043a\u0438, \u0434\u043e\u043f\u043e\u043b\u043d\u0435\u043d\u0438\u044f, M\u0435\u0431\u0435\u043b\u044c, Beebipood","isPartOf":{"@id":"https:\/\/beebipood.ee\/ru\/#website"},"primaryImageOfPage":{"@id":"https:\/\/beebipood.ee\/ru\/produkt\/stroma-latex-junior-padi\/#primaryimage"},"image":{"@id":"https:\/\/beebipood.ee\/ru\/produkt\/stroma-latex-junior-padi\/#primaryimage"},"thumbnailUrl":"https:\/\/beebipood.ee\/wp-content\/uploads\/2016\/04\/Stroma-madrats-ortopeediline-okoloogiline-thin-90x190-Madratsid-ja-kattemadratsid-UUED-TOOTED-Kuni-90cm-laiused-Lastemoobel-ja-sisustus-Stroma-20_1-0b9.jpg","datePublished":"2016-04-01T03:44:25+00:00","dateModified":"2025-01-09T08:50:21+00:00","description":"Stroma Latex Junior padi, &nbsp; Padi pakub v&auml;ikelastele ideaalset v&otilde;imalust nautida tervislikku ja kosutavat und. Lateks padi va","breadcrumb":{"@id":"https:\/\/beebipood.ee\/ru\/produkt\/stroma-latex-junior-padi\/#breadcrumb"},"inLanguage":"ru-RU","potentialAction":[{"@type":"ReadAction","target":["https:\/\/beebipood.ee\/ru\/produkt\/stroma-latex-junior-padi\/"]}]},{"@type":"ImageObject","inLanguage":"ru-RU","@id":"https:\/\/beebipood.ee\/ru\/produkt\/stroma-latex-junior-padi\/#primaryimage","url":"https:\/\/beebipood.ee\/wp-content\/uploads\/2016\/04\/Stroma-madrats-ortopeediline-okoloogiline-thin-90x190-Madratsid-ja-kattemadratsid-UUED-TOOTED-Kuni-90cm-laiused-Lastemoobel-ja-sisustus-Stroma-20_1-0b9.jpg","contentUrl":"https:\/\/beebipood.ee\/wp-content\/uploads\/2016\/04\/Stroma-madrats-ortopeediline-okoloogiline-thin-90x190-Madratsid-ja-kattemadratsid-UUED-TOOTED-Kuni-90cm-laiused-Lastemoobel-ja-sisustus-Stroma-20_1-0b9.jpg","width":370,"height":370},{"@type":"BreadcrumbList","@id":"https:\/\/beebipood.ee\/ru\/produkt\/stroma-latex-junior-padi\/#breadcrumb","itemListElement":[{"@type":"ListItem","position":1,"name":"Home","item":"https:\/\/beebipood.ee\/ru\/"},{"@type":"ListItem","position":2,"name":"\u041a\u0430\u0442\u0430\u043b\u043e\u0433 \u0442\u043e\u0432\u0430\u0440\u043e\u0432","item":"https:\/\/beebipood.ee\/tooted\/"},{"@type":"ListItem","position":3,"name":"Stroma Latex Junior padi"}]},{"@type":"WebSite","@id":"https:\/\/beebipood.ee\/ru\/#website","url":"https:\/\/beebipood.ee\/ru\/","name":"Beebipood","description":"Lastekaubad, beebikaubad, m\u00e4nguasjad","publisher":{"@id":"https:\/\/beebipood.ee\/ru\/#organization"},"potentialAction":[{"@type":"SearchAction","target":{"@type":"EntryPoint","urlTemplate":"https:\/\/beebipood.ee\/ru\/?s={search_term_string}"},"query-input":{"@type":"PropertyValueSpecification","valueRequired":true,"valueName":"search_term_string"}}],"inLanguage":"ru-RU"},{"@type":"Organization","@id":"https:\/\/beebipood.ee\/ru\/#organization","name":"Beebipood","url":"https:\/\/beebipood.ee\/ru\/","logo":{"@type":"ImageObject","inLanguage":"ru-RU","@id":"https:\/\/beebipood.ee\/ru\/#\/schema\/logo\/image\/","url":"https:\/\/beebipood.ee\/wp-content\/uploads\/2025\/03\/beebipood.ee-logo-1.svg","contentUrl":"https:\/\/beebipood.ee\/wp-content\/uploads\/2025\/03\/beebipood.ee-logo-1.svg","caption":"Beebipood"},"image":{"@id":"https:\/\/beebipood.ee\/ru\/#\/schema\/logo\/image\/"}}]}},"brands":[],"_links":{"self":[{"href":"https:\/\/beebipood.ee\/ru\/wp-json\/wp\/v2\/product\/456714","targetHints":{"allow":["GET"]}}],"collection":[{"href":"https:\/\/beebipood.ee\/ru\/wp-json\/wp\/v2\/product"}],"about":[{"href":"https:\/\/beebipood.ee\/ru\/wp-json\/wp\/v2\/types\/product"}],"wp:featuredmedia":[{"embeddable":true,"href":"https:\/\/beebipood.ee\/ru\/wp-json\/wp\/v2\/media\/110169"}],"wp:attachment":[{"href":"https:\/\/beebipood.ee\/ru\/wp-json\/wp\/v2\/media?parent=456714"}],"wp:term":[{"taxonomy":"pwb-brand","embeddable":true,"href":"https:\/\/beebipood.ee\/ru\/wp-json\/wp\/v2\/pwb-brand?post=456714"},{"taxonomy":"product_brand","embeddable":true,"href":"https:\/\/beebipood.ee\/ru\/wp-json\/wp\/v2\/product_brand?post=456714"},{"taxonomy":"product_cat","embeddable":true,"href":"https:\/\/beebipood.ee\/ru\/wp-json\/wp\/v2\/product_cat?post=456714"},{"taxonomy":"product_tag","embeddable":true,"href":"https:\/\/beebipood.ee\/ru\/wp-json\/wp\/v2\/product_tag?post=456714"}],"curies":[{"name":"wp","href":"https:\/\/api.w.org\/{rel}","templated":true}]}}