{"id":456726,"date":"2016-04-11T06:58:52","date_gmt":"2016-04-11T03:58:52","guid":{"rendered":"https:\/\/beebipood.ee\/toode\/stroma-madrats-ortopeediline-okoloogiline-90x190\/"},"modified":"2025-05-28T00:00:11","modified_gmt":"2025-05-27T21:00:11","slug":"stroma-madrats-ortopeediline-okoloogiline-90x190","status":"publish","type":"product","link":"https:\/\/beebipood.ee\/ru\/produkt\/stroma-madrats-ortopeediline-okoloogiline-90x190\/","title":{"rendered":"Stroma madrats Ortopeediline \u00d6koloogiline, 90&#215;190"},"content":{"rendered":"<ul>\n<li>Ortopeediline \u00d6koloogiline vedrumadrats on sobiv inimestele, kes kannatavad seljaprobleemide all ja neile,<br \/> kes soovivad k\u00f5va ja kindlat madratsit<\/li>\n<li>GARANTII VEDRUDELE ON 10 AASTAT!<\/li>\n<li>Madratsi bonnell-t\u00fc\u00fcpi vedrustus on j\u00e4igem kui tavalisel madratsil, mis tagab fikseeritud toe inimese kehale<\/li>\n<li>T\u00e4idismaterjalina on kasutatud valgeid termot\u00f6\u00f6deldud puuvillavilte ja puuvillakihte, mis on \u00f5hku l\u00e4bilaskvad<\/li>\n<li>K\u00f5rgekvaliteediline Aloe Vera t\u00f6\u00f6tlusega madratsiriie on tepitud \u00fchelt madratsipoolelt puuvillale ja teiselt poolt lambavillale,<br \/> mis t\u00e4hendab, et madratsil on nii suve- kui talvepool<\/li>\n<li>Madratsiriie on tolmulestavastase ja antibakteriaalse t\u00f6\u00f6tlusega. toode on sobiv allergikutele<\/li>\n<li>Madratsil on k\u00fcljetugevdused, mis annavad lisatoe madratsi \u00e4\u00e4rtele<\/li>\n<li>Madratsi k\u00f5rgus on ca 23 cm<\/li>\n<li>Vedrumadratsi tugevus on saavutatud traadi 2,30 mm-se l\u00e4bim\u00f5\u00f5duga. vedrublokk on valmistatud roostevabast terasest,<br \/> 107 vedru\/m2 kohta<\/li>\n<li>Toode on pakitud tugevasse pol\u00fcet\u00fcleenkotti<\/li>\n<li>Stroma tooted on valmistatud K\u00fcprosel<\/li>\n<\/ul>\n","protected":false},"excerpt":{"rendered":"<p>Ortopeediline \u00d6koloogiline vedrumadrats on sobiv inimestele, kes kannatavad seljaprobleemide all ja neile, kes soovivad k\u00f5va ja kindlat madratsit GARANTII VEDRUDELE ON 10 AASTAT! Madratsi bonnell-t\u00fc\u00fcpi vedrustus on j\u00e4igem kui tavalisel madratsil, mis tagab fikseeritud toe inimese kehale T\u00e4idismaterjalina on kasutatud valgeid termot\u00f6\u00f6deldud puuvillavilte ja puuvillakihte, mis on \u00f5hku l\u00e4bilaskvad K\u00f5rgekvaliteediline Aloe Vera t\u00f6\u00f6tlusega madratsiriie on [&hellip;]<\/p>\n","protected":false},"featured_media":165555,"template":"","meta":{"_acf_changed":false},"pwb-brand":[],"product_brand":[],"product_cat":[11573,11601,11563,11789],"product_tag":[],"class_list":{"0":"post-456726","1":"product","2":"type-product","3":"status-publish","4":"has-post-thumbnail","6":"product_cat-sooduspakkumised-ru","7":"product_cat-kuni-90cm-laiused-ru","8":"product_cat-madratsid-ja-kattemadratsid-ru","9":"product_cat-lastemoobel-ja-sisustus-ru","11":"first","12":"onbackorder","13":"sale","14":"taxable","15":"shipping-taxable","16":"purchasable","17":"product-type-simple"},"exclude_global_add_ons":[],"addons":[],"acf":[],"yoast_head":"<!-- This site is optimized with the Yoast SEO plugin v27.1.1 - https:\/\/yoast.com\/product\/yoast-seo-wordpress\/ -->\n<title>Stroma madrats Ortopeediline \u00d6koloogiline, 90x190, \u041c\u0430\u0442\u0440\u0430\u0441\u044b \u0438 \u043c\u0430\u0442\u0440\u0430\u0441\u044b-\u043f\u043e\u043a\u0440\u044b\u0432\u0430\u043b\u0430, \u0428\u0438\u0440\u0438\u043d\u043e\u0439 \u0434\u043e 90 c\u043c, M\u0435\u0431\u0435\u043b\u044c, Stroma -20%, Beebipood<\/title>\n<meta name=\"description\" content=\"Stroma madrats Ortopeediline \u00d6koloogiline, 90x190, Ortopeediline &Ouml;koloogiline vedrumadrats on sobiv inimestele, kes kannatavad seljaprobleemide\" \/>\n<meta name=\"robots\" content=\"index, follow, max-snippet:-1, max-image-preview:large, max-video-preview:-1\" \/>\n<link rel=\"canonical\" href=\"https:\/\/beebipood.ee\/ru\/produkt\/stroma-madrats-ortopeediline-okoloogiline-90x190\/\" \/>\n<meta property=\"og:locale\" content=\"ru_RU\" \/>\n<meta property=\"og:type\" content=\"article\" \/>\n<meta property=\"og:title\" content=\"Stroma madrats Ortopeediline \u00d6koloogiline, 90x190, \u041c\u0430\u0442\u0440\u0430\u0441\u044b \u0438 \u043c\u0430\u0442\u0440\u0430\u0441\u044b-\u043f\u043e\u043a\u0440\u044b\u0432\u0430\u043b\u0430, \u0428\u0438\u0440\u0438\u043d\u043e\u0439 \u0434\u043e 90 c\u043c, M\u0435\u0431\u0435\u043b\u044c, Stroma -20%, Beebipood\" \/>\n<meta property=\"og:description\" content=\"Stroma madrats Ortopeediline \u00d6koloogiline, 90x190, Ortopeediline &Ouml;koloogiline vedrumadrats on sobiv inimestele, kes kannatavad seljaprobleemide\" \/>\n<meta property=\"og:url\" content=\"https:\/\/beebipood.ee\/ru\/produkt\/stroma-madrats-ortopeediline-okoloogiline-90x190\/\" \/>\n<meta property=\"og:site_name\" content=\"Beebipood\" \/>\n<meta property=\"article:modified_time\" content=\"2025-05-27T21:00:11+00:00\" \/>\n<meta property=\"og:image\" content=\"https:\/\/beebipood.ee\/wp-content\/uploads\/2016\/04\/Stroma-madrats-Ortopeediline-Okoloogiline-90x190-Madratsid-ja-kattemadratsid-Kuni-90cm-laiused-Lastemoobel-ja-sisustus-Stroma-20_1-acf.jpg\" \/>\n\t<meta property=\"og:image:width\" content=\"987\" \/>\n\t<meta property=\"og:image:height\" content=\"784\" \/>\n\t<meta property=\"og:image:type\" content=\"image\/jpeg\" \/>\n<meta name=\"twitter:card\" content=\"summary_large_image\" \/>\n<meta name=\"twitter:label1\" content=\"\u041f\u0440\u0438\u043c\u0435\u0440\u043d\u043e\u0435 \u0432\u0440\u0435\u043c\u044f \u0434\u043b\u044f \u0447\u0442\u0435\u043d\u0438\u044f\" \/>\n\t<meta name=\"twitter:data1\" content=\"1 \u043c\u0438\u043d\u0443\u0442\u0430\" \/>\n<script type=\"application\/ld+json\" class=\"yoast-schema-graph\">{\"@context\":\"https:\/\/schema.org\",\"@graph\":[{\"@type\":\"WebPage\",\"@id\":\"https:\/\/beebipood.ee\/ru\/produkt\/stroma-madrats-ortopeediline-okoloogiline-90x190\/\",\"url\":\"https:\/\/beebipood.ee\/ru\/produkt\/stroma-madrats-ortopeediline-okoloogiline-90x190\/\",\"name\":\"Stroma madrats Ortopeediline \u00d6koloogiline, 90x190, \u041c\u0430\u0442\u0440\u0430\u0441\u044b \u0438 \u043c\u0430\u0442\u0440\u0430\u0441\u044b-\u043f\u043e\u043a\u0440\u044b\u0432\u0430\u043b\u0430, \u0428\u0438\u0440\u0438\u043d\u043e\u0439 \u0434\u043e 90 c\u043c, M\u0435\u0431\u0435\u043b\u044c, Stroma -20%, Beebipood\",\"isPartOf\":{\"@id\":\"https:\/\/beebipood.ee\/ru\/#website\"},\"primaryImageOfPage\":{\"@id\":\"https:\/\/beebipood.ee\/ru\/produkt\/stroma-madrats-ortopeediline-okoloogiline-90x190\/#primaryimage\"},\"image\":{\"@id\":\"https:\/\/beebipood.ee\/ru\/produkt\/stroma-madrats-ortopeediline-okoloogiline-90x190\/#primaryimage\"},\"thumbnailUrl\":\"https:\/\/beebipood.ee\/wp-content\/uploads\/2016\/04\/Stroma-madrats-Ortopeediline-Okoloogiline-90x190-Madratsid-ja-kattemadratsid-Kuni-90cm-laiused-Lastemoobel-ja-sisustus-Stroma-20_1-acf.jpg\",\"datePublished\":\"2016-04-11T03:58:52+00:00\",\"dateModified\":\"2025-05-27T21:00:11+00:00\",\"description\":\"Stroma madrats Ortopeediline \u00d6koloogiline, 90x190, Ortopeediline &Ouml;koloogiline vedrumadrats on sobiv inimestele, kes kannatavad seljaprobleemide\",\"breadcrumb\":{\"@id\":\"https:\/\/beebipood.ee\/ru\/produkt\/stroma-madrats-ortopeediline-okoloogiline-90x190\/#breadcrumb\"},\"inLanguage\":\"ru-RU\",\"potentialAction\":[{\"@type\":\"ReadAction\",\"target\":[\"https:\/\/beebipood.ee\/ru\/produkt\/stroma-madrats-ortopeediline-okoloogiline-90x190\/\"]}]},{\"@type\":\"ImageObject\",\"inLanguage\":\"ru-RU\",\"@id\":\"https:\/\/beebipood.ee\/ru\/produkt\/stroma-madrats-ortopeediline-okoloogiline-90x190\/#primaryimage\",\"url\":\"https:\/\/beebipood.ee\/wp-content\/uploads\/2016\/04\/Stroma-madrats-Ortopeediline-Okoloogiline-90x190-Madratsid-ja-kattemadratsid-Kuni-90cm-laiused-Lastemoobel-ja-sisustus-Stroma-20_1-acf.jpg\",\"contentUrl\":\"https:\/\/beebipood.ee\/wp-content\/uploads\/2016\/04\/Stroma-madrats-Ortopeediline-Okoloogiline-90x190-Madratsid-ja-kattemadratsid-Kuni-90cm-laiused-Lastemoobel-ja-sisustus-Stroma-20_1-acf.jpg\",\"width\":987,\"height\":784},{\"@type\":\"BreadcrumbList\",\"@id\":\"https:\/\/beebipood.ee\/ru\/produkt\/stroma-madrats-ortopeediline-okoloogiline-90x190\/#breadcrumb\",\"itemListElement\":[{\"@type\":\"ListItem\",\"position\":1,\"name\":\"Home\",\"item\":\"https:\/\/beebipood.ee\/ru\/\"},{\"@type\":\"ListItem\",\"position\":2,\"name\":\"\u041a\u0430\u0442\u0430\u043b\u043e\u0433 \u0442\u043e\u0432\u0430\u0440\u043e\u0432\",\"item\":\"https:\/\/beebipood.ee\/tooted\/\"},{\"@type\":\"ListItem\",\"position\":3,\"name\":\"Stroma madrats Ortopeediline \u00d6koloogiline, 90&#215;190\"}]},{\"@type\":\"WebSite\",\"@id\":\"https:\/\/beebipood.ee\/ru\/#website\",\"url\":\"https:\/\/beebipood.ee\/ru\/\",\"name\":\"Beebipood\",\"description\":\"Lastekaubad, beebikaubad, m\u00e4nguasjad\",\"publisher\":{\"@id\":\"https:\/\/beebipood.ee\/ru\/#organization\"},\"potentialAction\":[{\"@type\":\"SearchAction\",\"target\":{\"@type\":\"EntryPoint\",\"urlTemplate\":\"https:\/\/beebipood.ee\/ru\/?s={search_term_string}\"},\"query-input\":{\"@type\":\"PropertyValueSpecification\",\"valueRequired\":true,\"valueName\":\"search_term_string\"}}],\"inLanguage\":\"ru-RU\"},{\"@type\":\"Organization\",\"@id\":\"https:\/\/beebipood.ee\/ru\/#organization\",\"name\":\"Beebipood\",\"url\":\"https:\/\/beebipood.ee\/ru\/\",\"logo\":{\"@type\":\"ImageObject\",\"inLanguage\":\"ru-RU\",\"@id\":\"https:\/\/beebipood.ee\/ru\/#\/schema\/logo\/image\/\",\"url\":\"https:\/\/beebipood.ee\/wp-content\/uploads\/2025\/03\/beebipood.ee-logo-1.svg\",\"contentUrl\":\"https:\/\/beebipood.ee\/wp-content\/uploads\/2025\/03\/beebipood.ee-logo-1.svg\",\"caption\":\"Beebipood\"},\"image\":{\"@id\":\"https:\/\/beebipood.ee\/ru\/#\/schema\/logo\/image\/\"}}]}<\/script>\n<!-- \/ Yoast SEO plugin. -->","yoast_head_json":{"title":"Stroma madrats Ortopeediline \u00d6koloogiline, 90x190, \u041c\u0430\u0442\u0440\u0430\u0441\u044b \u0438 \u043c\u0430\u0442\u0440\u0430\u0441\u044b-\u043f\u043e\u043a\u0440\u044b\u0432\u0430\u043b\u0430, \u0428\u0438\u0440\u0438\u043d\u043e\u0439 \u0434\u043e 90 c\u043c, M\u0435\u0431\u0435\u043b\u044c, Stroma -20%, Beebipood","description":"Stroma madrats Ortopeediline \u00d6koloogiline, 90x190, Ortopeediline &Ouml;koloogiline vedrumadrats on sobiv inimestele, kes kannatavad seljaprobleemide","robots":{"index":"index","follow":"follow","max-snippet":"max-snippet:-1","max-image-preview":"max-image-preview:large","max-video-preview":"max-video-preview:-1"},"canonical":"https:\/\/beebipood.ee\/ru\/produkt\/stroma-madrats-ortopeediline-okoloogiline-90x190\/","og_locale":"ru_RU","og_type":"article","og_title":"Stroma madrats Ortopeediline \u00d6koloogiline, 90x190, \u041c\u0430\u0442\u0440\u0430\u0441\u044b \u0438 \u043c\u0430\u0442\u0440\u0430\u0441\u044b-\u043f\u043e\u043a\u0440\u044b\u0432\u0430\u043b\u0430, \u0428\u0438\u0440\u0438\u043d\u043e\u0439 \u0434\u043e 90 c\u043c, M\u0435\u0431\u0435\u043b\u044c, Stroma -20%, Beebipood","og_description":"Stroma madrats Ortopeediline \u00d6koloogiline, 90x190, Ortopeediline &Ouml;koloogiline vedrumadrats on sobiv inimestele, kes kannatavad seljaprobleemide","og_url":"https:\/\/beebipood.ee\/ru\/produkt\/stroma-madrats-ortopeediline-okoloogiline-90x190\/","og_site_name":"Beebipood","article_modified_time":"2025-05-27T21:00:11+00:00","og_image":[{"width":987,"height":784,"url":"https:\/\/beebipood.ee\/wp-content\/uploads\/2016\/04\/Stroma-madrats-Ortopeediline-Okoloogiline-90x190-Madratsid-ja-kattemadratsid-Kuni-90cm-laiused-Lastemoobel-ja-sisustus-Stroma-20_1-acf.jpg","type":"image\/jpeg"}],"twitter_card":"summary_large_image","twitter_misc":{"\u041f\u0440\u0438\u043c\u0435\u0440\u043d\u043e\u0435 \u0432\u0440\u0435\u043c\u044f \u0434\u043b\u044f \u0447\u0442\u0435\u043d\u0438\u044f":"1 \u043c\u0438\u043d\u0443\u0442\u0430"},"schema":{"@context":"https:\/\/schema.org","@graph":[{"@type":"WebPage","@id":"https:\/\/beebipood.ee\/ru\/produkt\/stroma-madrats-ortopeediline-okoloogiline-90x190\/","url":"https:\/\/beebipood.ee\/ru\/produkt\/stroma-madrats-ortopeediline-okoloogiline-90x190\/","name":"Stroma madrats Ortopeediline \u00d6koloogiline, 90x190, \u041c\u0430\u0442\u0440\u0430\u0441\u044b \u0438 \u043c\u0430\u0442\u0440\u0430\u0441\u044b-\u043f\u043e\u043a\u0440\u044b\u0432\u0430\u043b\u0430, \u0428\u0438\u0440\u0438\u043d\u043e\u0439 \u0434\u043e 90 c\u043c, M\u0435\u0431\u0435\u043b\u044c, Stroma -20%, Beebipood","isPartOf":{"@id":"https:\/\/beebipood.ee\/ru\/#website"},"primaryImageOfPage":{"@id":"https:\/\/beebipood.ee\/ru\/produkt\/stroma-madrats-ortopeediline-okoloogiline-90x190\/#primaryimage"},"image":{"@id":"https:\/\/beebipood.ee\/ru\/produkt\/stroma-madrats-ortopeediline-okoloogiline-90x190\/#primaryimage"},"thumbnailUrl":"https:\/\/beebipood.ee\/wp-content\/uploads\/2016\/04\/Stroma-madrats-Ortopeediline-Okoloogiline-90x190-Madratsid-ja-kattemadratsid-Kuni-90cm-laiused-Lastemoobel-ja-sisustus-Stroma-20_1-acf.jpg","datePublished":"2016-04-11T03:58:52+00:00","dateModified":"2025-05-27T21:00:11+00:00","description":"Stroma madrats Ortopeediline \u00d6koloogiline, 90x190, Ortopeediline &Ouml;koloogiline vedrumadrats on sobiv inimestele, kes kannatavad seljaprobleemide","breadcrumb":{"@id":"https:\/\/beebipood.ee\/ru\/produkt\/stroma-madrats-ortopeediline-okoloogiline-90x190\/#breadcrumb"},"inLanguage":"ru-RU","potentialAction":[{"@type":"ReadAction","target":["https:\/\/beebipood.ee\/ru\/produkt\/stroma-madrats-ortopeediline-okoloogiline-90x190\/"]}]},{"@type":"ImageObject","inLanguage":"ru-RU","@id":"https:\/\/beebipood.ee\/ru\/produkt\/stroma-madrats-ortopeediline-okoloogiline-90x190\/#primaryimage","url":"https:\/\/beebipood.ee\/wp-content\/uploads\/2016\/04\/Stroma-madrats-Ortopeediline-Okoloogiline-90x190-Madratsid-ja-kattemadratsid-Kuni-90cm-laiused-Lastemoobel-ja-sisustus-Stroma-20_1-acf.jpg","contentUrl":"https:\/\/beebipood.ee\/wp-content\/uploads\/2016\/04\/Stroma-madrats-Ortopeediline-Okoloogiline-90x190-Madratsid-ja-kattemadratsid-Kuni-90cm-laiused-Lastemoobel-ja-sisustus-Stroma-20_1-acf.jpg","width":987,"height":784},{"@type":"BreadcrumbList","@id":"https:\/\/beebipood.ee\/ru\/produkt\/stroma-madrats-ortopeediline-okoloogiline-90x190\/#breadcrumb","itemListElement":[{"@type":"ListItem","position":1,"name":"Home","item":"https:\/\/beebipood.ee\/ru\/"},{"@type":"ListItem","position":2,"name":"\u041a\u0430\u0442\u0430\u043b\u043e\u0433 \u0442\u043e\u0432\u0430\u0440\u043e\u0432","item":"https:\/\/beebipood.ee\/tooted\/"},{"@type":"ListItem","position":3,"name":"Stroma madrats Ortopeediline \u00d6koloogiline, 90&#215;190"}]},{"@type":"WebSite","@id":"https:\/\/beebipood.ee\/ru\/#website","url":"https:\/\/beebipood.ee\/ru\/","name":"Beebipood","description":"Lastekaubad, beebikaubad, m\u00e4nguasjad","publisher":{"@id":"https:\/\/beebipood.ee\/ru\/#organization"},"potentialAction":[{"@type":"SearchAction","target":{"@type":"EntryPoint","urlTemplate":"https:\/\/beebipood.ee\/ru\/?s={search_term_string}"},"query-input":{"@type":"PropertyValueSpecification","valueRequired":true,"valueName":"search_term_string"}}],"inLanguage":"ru-RU"},{"@type":"Organization","@id":"https:\/\/beebipood.ee\/ru\/#organization","name":"Beebipood","url":"https:\/\/beebipood.ee\/ru\/","logo":{"@type":"ImageObject","inLanguage":"ru-RU","@id":"https:\/\/beebipood.ee\/ru\/#\/schema\/logo\/image\/","url":"https:\/\/beebipood.ee\/wp-content\/uploads\/2025\/03\/beebipood.ee-logo-1.svg","contentUrl":"https:\/\/beebipood.ee\/wp-content\/uploads\/2025\/03\/beebipood.ee-logo-1.svg","caption":"Beebipood"},"image":{"@id":"https:\/\/beebipood.ee\/ru\/#\/schema\/logo\/image\/"}}]}},"brands":[],"_links":{"self":[{"href":"https:\/\/beebipood.ee\/ru\/wp-json\/wp\/v2\/product\/456726","targetHints":{"allow":["GET"]}}],"collection":[{"href":"https:\/\/beebipood.ee\/ru\/wp-json\/wp\/v2\/product"}],"about":[{"href":"https:\/\/beebipood.ee\/ru\/wp-json\/wp\/v2\/types\/product"}],"wp:featuredmedia":[{"embeddable":true,"href":"https:\/\/beebipood.ee\/ru\/wp-json\/wp\/v2\/media\/165555"}],"wp:attachment":[{"href":"https:\/\/beebipood.ee\/ru\/wp-json\/wp\/v2\/media?parent=456726"}],"wp:term":[{"taxonomy":"pwb-brand","embeddable":true,"href":"https:\/\/beebipood.ee\/ru\/wp-json\/wp\/v2\/pwb-brand?post=456726"},{"taxonomy":"product_brand","embeddable":true,"href":"https:\/\/beebipood.ee\/ru\/wp-json\/wp\/v2\/product_brand?post=456726"},{"taxonomy":"product_cat","embeddable":true,"href":"https:\/\/beebipood.ee\/ru\/wp-json\/wp\/v2\/product_cat?post=456726"},{"taxonomy":"product_tag","embeddable":true,"href":"https:\/\/beebipood.ee\/ru\/wp-json\/wp\/v2\/product_tag?post=456726"}],"curies":[{"name":"wp","href":"https:\/\/api.w.org\/{rel}","templated":true}]}}