{"id":456732,"date":"2016-04-15T05:38:49","date_gmt":"2016-04-15T02:38:49","guid":{"rendered":"https:\/\/beebipood.ee\/toode\/termoplus-kontaktivaba-infrapuna-termomeeter\/"},"modified":"2025-01-09T10:50:20","modified_gmt":"2025-01-09T08:50:20","slug":"termoplus-kontaktivaba-infrapuna-termomeeter","status":"publish","type":"product","link":"https:\/\/beebipood.ee\/ru\/produkt\/termoplus-kontaktivaba-infrapuna-termomeeter\/","title":{"rendered":"TermoPlus kontaktivaba infrapuna termomeeter"},"content":{"rendered":"<p>Kidsmed TermoPlus on suurep\u00e4rane abimees, <br \/>kui keegi peres on haigestunud \u2013 on see siis laps v\u00f5i t\u00e4iskasvanu. <br \/>Kontaktivaba infrapuna termomeeter m\u00f5\u00f5dab oimukohalt kehatemperatuuri vaid 1 sekundiga. <br \/>\u00dcks nupulevajutus ja selgelt loetav n\u00e4it ilmub ekraanile.<br \/>Kontaktivaba infrapuna termomeeter t\u00f6\u00f6tab 2xAA patareiga.<br \/>Kaasas on hoiustamiseks mugav karp.<br \/>Vastavalt temperatuurile muutub ka termomeetri ekraani v\u00e4rvus <br \/>\u2013 roheline indikeerib norm temperatuuri<br \/>\u2013 kollane normist k\u00f5rgemat <br \/>\u2013 punane k\u00f5rgemat palaviku n\u00e4itu<br \/>Seade j\u00e4tab tehtud m\u00f5\u00f5tmised m\u00e4llu ning t\u00e4nu sellele on lihtne palavikku monitoorida.<br \/>TermoPlus on kiire, t\u00e4pne ning seda on lihtne kasutada! <br \/>Lisaks kehatemperatuurile, saad sellega m\u00f5\u00f5ta ka temperatuuri objektidelt v\u00f5i ruumis.<br \/>Infrapuna termomeetrile kehtib 1-aastane garantii.<\/p>\n","protected":false},"excerpt":{"rendered":"<p>Kidsmed TermoPlus on suurep\u00e4rane abimees, kui keegi peres on haigestunud \u2013 on see siis laps v\u00f5i t\u00e4iskasvanu. Kontaktivaba infrapuna termomeeter m\u00f5\u00f5dab oimukohalt kehatemperatuuri vaid 1 sekundiga. \u00dcks nupulevajutus ja selgelt loetav n\u00e4it ilmub ekraanile.Kontaktivaba infrapuna termomeeter t\u00f6\u00f6tab 2xAA patareiga.Kaasas on hoiustamiseks mugav karp.Vastavalt temperatuurile muutub ka termomeetri ekraani v\u00e4rvus \u2013 roheline indikeerib norm temperatuuri\u2013 kollane [&hellip;]<\/p>\n","protected":false},"featured_media":110674,"template":"","meta":{"_acf_changed":false},"pwb-brand":[],"product_brand":[],"product_cat":[11715,11709],"product_tag":[],"class_list":{"0":"post-456732","1":"product","2":"type-product","3":"status-publish","4":"has-post-thumbnail","6":"product_cat-hugieenitarbed-ru","7":"product_cat-sootmistoolid-beebi-ja-lastetarbed-mahkimine-hugieen-ru","9":"first","10":"outofstock","11":"taxable","12":"shipping-taxable","13":"purchasable","14":"product-type-simple"},"exclude_global_add_ons":[],"addons":[],"acf":[],"yoast_head":"<!-- This site is optimized with the Yoast SEO plugin v27.3 - https:\/\/yoast.com\/product\/yoast-seo-wordpress\/ -->\n<title>TermoPlus kontaktivaba infrapuna termomeeter, \u041f\u0440\u0438\u043d\u0430\u0434\u043b\u0435\u0436\u043d\u043e\u0441\u0442\u0438 \u0434\u043b\u044f \u043c\u043b\u0430\u0434\u0435\u043d\u0446\u0435\u0432, \u0413\u0438\u0433\u0438\u0435\u043d\u0430, Beebipood<\/title>\n<meta name=\"description\" content=\"TermoPlus kontaktivaba infrapuna termomeeter, Kidsmed TermoPlus on suurep&auml;rane abimees, kui keegi peres on haigestunud &ndash; on see siis laps v&amp;\" \/>\n<meta name=\"robots\" content=\"index, follow, max-snippet:-1, max-image-preview:large, max-video-preview:-1\" \/>\n<link rel=\"canonical\" href=\"https:\/\/beebipood.ee\/ru\/produkt\/termoplus-kontaktivaba-infrapuna-termomeeter\/\" \/>\n<meta property=\"og:locale\" content=\"ru_RU\" \/>\n<meta property=\"og:type\" content=\"article\" \/>\n<meta property=\"og:title\" content=\"TermoPlus kontaktivaba infrapuna termomeeter, \u041f\u0440\u0438\u043d\u0430\u0434\u043b\u0435\u0436\u043d\u043e\u0441\u0442\u0438 \u0434\u043b\u044f \u043c\u043b\u0430\u0434\u0435\u043d\u0446\u0435\u0432, \u0413\u0438\u0433\u0438\u0435\u043d\u0430, Beebipood\" \/>\n<meta property=\"og:description\" content=\"TermoPlus kontaktivaba infrapuna termomeeter, Kidsmed TermoPlus on suurep&auml;rane abimees, kui keegi peres on haigestunud &ndash; on see siis laps v&amp;\" \/>\n<meta property=\"og:url\" content=\"https:\/\/beebipood.ee\/ru\/produkt\/termoplus-kontaktivaba-infrapuna-termomeeter\/\" \/>\n<meta property=\"og:site_name\" content=\"Beebipood\" \/>\n<meta property=\"article:modified_time\" content=\"2025-01-09T08:50:20+00:00\" \/>\n<meta property=\"og:image\" content=\"https:\/\/beebipood.ee\/wp-content\/uploads\/2016\/04\/TermoPlus-kontaktivaba-infrapuna-termomeeter-UUED-TOOTED-Beebi-ja-lastetarbed-Hugieenitarbed-Laos_1-7bf.jpg\" \/>\n\t<meta property=\"og:image:width\" content=\"591\" \/>\n\t<meta property=\"og:image:height\" content=\"600\" \/>\n\t<meta property=\"og:image:type\" content=\"image\/jpeg\" \/>\n<meta name=\"twitter:card\" content=\"summary_large_image\" \/>\n<meta name=\"twitter:label1\" content=\"\u041f\u0440\u0438\u043c\u0435\u0440\u043d\u043e\u0435 \u0432\u0440\u0435\u043c\u044f \u0434\u043b\u044f \u0447\u0442\u0435\u043d\u0438\u044f\" \/>\n\t<meta name=\"twitter:data1\" content=\"1 \u043c\u0438\u043d\u0443\u0442\u0430\" \/>\n<script type=\"application\/ld+json\" class=\"yoast-schema-graph\">{\"@context\":\"https:\\\/\\\/schema.org\",\"@graph\":[{\"@type\":\"WebPage\",\"@id\":\"https:\\\/\\\/beebipood.ee\\\/ru\\\/produkt\\\/termoplus-kontaktivaba-infrapuna-termomeeter\\\/\",\"url\":\"https:\\\/\\\/beebipood.ee\\\/ru\\\/produkt\\\/termoplus-kontaktivaba-infrapuna-termomeeter\\\/\",\"name\":\"TermoPlus kontaktivaba infrapuna termomeeter, \u041f\u0440\u0438\u043d\u0430\u0434\u043b\u0435\u0436\u043d\u043e\u0441\u0442\u0438 \u0434\u043b\u044f \u043c\u043b\u0430\u0434\u0435\u043d\u0446\u0435\u0432, \u0413\u0438\u0433\u0438\u0435\u043d\u0430, Beebipood\",\"isPartOf\":{\"@id\":\"https:\\\/\\\/beebipood.ee\\\/ru\\\/#website\"},\"primaryImageOfPage\":{\"@id\":\"https:\\\/\\\/beebipood.ee\\\/ru\\\/produkt\\\/termoplus-kontaktivaba-infrapuna-termomeeter\\\/#primaryimage\"},\"image\":{\"@id\":\"https:\\\/\\\/beebipood.ee\\\/ru\\\/produkt\\\/termoplus-kontaktivaba-infrapuna-termomeeter\\\/#primaryimage\"},\"thumbnailUrl\":\"https:\\\/\\\/beebipood.ee\\\/wp-content\\\/uploads\\\/2016\\\/04\\\/TermoPlus-kontaktivaba-infrapuna-termomeeter-UUED-TOOTED-Beebi-ja-lastetarbed-Hugieenitarbed-Laos_1-7bf.jpg\",\"datePublished\":\"2016-04-15T02:38:49+00:00\",\"dateModified\":\"2025-01-09T08:50:20+00:00\",\"description\":\"TermoPlus kontaktivaba infrapuna termomeeter, Kidsmed TermoPlus on suurep&auml;rane abimees, kui keegi peres on haigestunud &ndash; on see siis laps v&\",\"breadcrumb\":{\"@id\":\"https:\\\/\\\/beebipood.ee\\\/ru\\\/produkt\\\/termoplus-kontaktivaba-infrapuna-termomeeter\\\/#breadcrumb\"},\"inLanguage\":\"ru-RU\",\"potentialAction\":[{\"@type\":\"ReadAction\",\"target\":[\"https:\\\/\\\/beebipood.ee\\\/ru\\\/produkt\\\/termoplus-kontaktivaba-infrapuna-termomeeter\\\/\"]}]},{\"@type\":\"ImageObject\",\"inLanguage\":\"ru-RU\",\"@id\":\"https:\\\/\\\/beebipood.ee\\\/ru\\\/produkt\\\/termoplus-kontaktivaba-infrapuna-termomeeter\\\/#primaryimage\",\"url\":\"https:\\\/\\\/beebipood.ee\\\/wp-content\\\/uploads\\\/2016\\\/04\\\/TermoPlus-kontaktivaba-infrapuna-termomeeter-UUED-TOOTED-Beebi-ja-lastetarbed-Hugieenitarbed-Laos_1-7bf.jpg\",\"contentUrl\":\"https:\\\/\\\/beebipood.ee\\\/wp-content\\\/uploads\\\/2016\\\/04\\\/TermoPlus-kontaktivaba-infrapuna-termomeeter-UUED-TOOTED-Beebi-ja-lastetarbed-Hugieenitarbed-Laos_1-7bf.jpg\",\"width\":591,\"height\":600},{\"@type\":\"BreadcrumbList\",\"@id\":\"https:\\\/\\\/beebipood.ee\\\/ru\\\/produkt\\\/termoplus-kontaktivaba-infrapuna-termomeeter\\\/#breadcrumb\",\"itemListElement\":[{\"@type\":\"ListItem\",\"position\":1,\"name\":\"Home\",\"item\":\"https:\\\/\\\/beebipood.ee\\\/ru\\\/\"},{\"@type\":\"ListItem\",\"position\":2,\"name\":\"\u041a\u0430\u0442\u0430\u043b\u043e\u0433 \u0442\u043e\u0432\u0430\u0440\u043e\u0432\",\"item\":\"https:\\\/\\\/beebipood.ee\\\/tooted\\\/\"},{\"@type\":\"ListItem\",\"position\":3,\"name\":\"TermoPlus kontaktivaba infrapuna termomeeter\"}]},{\"@type\":\"WebSite\",\"@id\":\"https:\\\/\\\/beebipood.ee\\\/ru\\\/#website\",\"url\":\"https:\\\/\\\/beebipood.ee\\\/ru\\\/\",\"name\":\"Beebipood\",\"description\":\"Lastekaubad, beebikaubad, m\u00e4nguasjad\",\"publisher\":{\"@id\":\"https:\\\/\\\/beebipood.ee\\\/ru\\\/#organization\"},\"potentialAction\":[{\"@type\":\"SearchAction\",\"target\":{\"@type\":\"EntryPoint\",\"urlTemplate\":\"https:\\\/\\\/beebipood.ee\\\/ru\\\/?s={search_term_string}\"},\"query-input\":{\"@type\":\"PropertyValueSpecification\",\"valueRequired\":true,\"valueName\":\"search_term_string\"}}],\"inLanguage\":\"ru-RU\"},{\"@type\":\"Organization\",\"@id\":\"https:\\\/\\\/beebipood.ee\\\/ru\\\/#organization\",\"name\":\"Beebipood\",\"url\":\"https:\\\/\\\/beebipood.ee\\\/ru\\\/\",\"logo\":{\"@type\":\"ImageObject\",\"inLanguage\":\"ru-RU\",\"@id\":\"https:\\\/\\\/beebipood.ee\\\/ru\\\/#\\\/schema\\\/logo\\\/image\\\/\",\"url\":\"https:\\\/\\\/beebipood.ee\\\/wp-content\\\/uploads\\\/2025\\\/03\\\/beebipood.ee-logo-1.svg\",\"contentUrl\":\"https:\\\/\\\/beebipood.ee\\\/wp-content\\\/uploads\\\/2025\\\/03\\\/beebipood.ee-logo-1.svg\",\"caption\":\"Beebipood\"},\"image\":{\"@id\":\"https:\\\/\\\/beebipood.ee\\\/ru\\\/#\\\/schema\\\/logo\\\/image\\\/\"}}]}<\/script>\n<!-- \/ Yoast SEO plugin. -->","yoast_head_json":{"title":"TermoPlus kontaktivaba infrapuna termomeeter, \u041f\u0440\u0438\u043d\u0430\u0434\u043b\u0435\u0436\u043d\u043e\u0441\u0442\u0438 \u0434\u043b\u044f \u043c\u043b\u0430\u0434\u0435\u043d\u0446\u0435\u0432, \u0413\u0438\u0433\u0438\u0435\u043d\u0430, Beebipood","description":"TermoPlus kontaktivaba infrapuna termomeeter, Kidsmed TermoPlus on suurep&auml;rane abimees, kui keegi peres on haigestunud &ndash; on see siis laps v&","robots":{"index":"index","follow":"follow","max-snippet":"max-snippet:-1","max-image-preview":"max-image-preview:large","max-video-preview":"max-video-preview:-1"},"canonical":"https:\/\/beebipood.ee\/ru\/produkt\/termoplus-kontaktivaba-infrapuna-termomeeter\/","og_locale":"ru_RU","og_type":"article","og_title":"TermoPlus kontaktivaba infrapuna termomeeter, \u041f\u0440\u0438\u043d\u0430\u0434\u043b\u0435\u0436\u043d\u043e\u0441\u0442\u0438 \u0434\u043b\u044f \u043c\u043b\u0430\u0434\u0435\u043d\u0446\u0435\u0432, \u0413\u0438\u0433\u0438\u0435\u043d\u0430, Beebipood","og_description":"TermoPlus kontaktivaba infrapuna termomeeter, Kidsmed TermoPlus on suurep&auml;rane abimees, kui keegi peres on haigestunud &ndash; on see siis laps v&","og_url":"https:\/\/beebipood.ee\/ru\/produkt\/termoplus-kontaktivaba-infrapuna-termomeeter\/","og_site_name":"Beebipood","article_modified_time":"2025-01-09T08:50:20+00:00","og_image":[{"width":591,"height":600,"url":"https:\/\/beebipood.ee\/wp-content\/uploads\/2016\/04\/TermoPlus-kontaktivaba-infrapuna-termomeeter-UUED-TOOTED-Beebi-ja-lastetarbed-Hugieenitarbed-Laos_1-7bf.jpg","type":"image\/jpeg"}],"twitter_card":"summary_large_image","twitter_misc":{"\u041f\u0440\u0438\u043c\u0435\u0440\u043d\u043e\u0435 \u0432\u0440\u0435\u043c\u044f \u0434\u043b\u044f \u0447\u0442\u0435\u043d\u0438\u044f":"1 \u043c\u0438\u043d\u0443\u0442\u0430"},"schema":{"@context":"https:\/\/schema.org","@graph":[{"@type":"WebPage","@id":"https:\/\/beebipood.ee\/ru\/produkt\/termoplus-kontaktivaba-infrapuna-termomeeter\/","url":"https:\/\/beebipood.ee\/ru\/produkt\/termoplus-kontaktivaba-infrapuna-termomeeter\/","name":"TermoPlus kontaktivaba infrapuna termomeeter, \u041f\u0440\u0438\u043d\u0430\u0434\u043b\u0435\u0436\u043d\u043e\u0441\u0442\u0438 \u0434\u043b\u044f \u043c\u043b\u0430\u0434\u0435\u043d\u0446\u0435\u0432, \u0413\u0438\u0433\u0438\u0435\u043d\u0430, Beebipood","isPartOf":{"@id":"https:\/\/beebipood.ee\/ru\/#website"},"primaryImageOfPage":{"@id":"https:\/\/beebipood.ee\/ru\/produkt\/termoplus-kontaktivaba-infrapuna-termomeeter\/#primaryimage"},"image":{"@id":"https:\/\/beebipood.ee\/ru\/produkt\/termoplus-kontaktivaba-infrapuna-termomeeter\/#primaryimage"},"thumbnailUrl":"https:\/\/beebipood.ee\/wp-content\/uploads\/2016\/04\/TermoPlus-kontaktivaba-infrapuna-termomeeter-UUED-TOOTED-Beebi-ja-lastetarbed-Hugieenitarbed-Laos_1-7bf.jpg","datePublished":"2016-04-15T02:38:49+00:00","dateModified":"2025-01-09T08:50:20+00:00","description":"TermoPlus kontaktivaba infrapuna termomeeter, Kidsmed TermoPlus on suurep&auml;rane abimees, kui keegi peres on haigestunud &ndash; on see siis laps v&","breadcrumb":{"@id":"https:\/\/beebipood.ee\/ru\/produkt\/termoplus-kontaktivaba-infrapuna-termomeeter\/#breadcrumb"},"inLanguage":"ru-RU","potentialAction":[{"@type":"ReadAction","target":["https:\/\/beebipood.ee\/ru\/produkt\/termoplus-kontaktivaba-infrapuna-termomeeter\/"]}]},{"@type":"ImageObject","inLanguage":"ru-RU","@id":"https:\/\/beebipood.ee\/ru\/produkt\/termoplus-kontaktivaba-infrapuna-termomeeter\/#primaryimage","url":"https:\/\/beebipood.ee\/wp-content\/uploads\/2016\/04\/TermoPlus-kontaktivaba-infrapuna-termomeeter-UUED-TOOTED-Beebi-ja-lastetarbed-Hugieenitarbed-Laos_1-7bf.jpg","contentUrl":"https:\/\/beebipood.ee\/wp-content\/uploads\/2016\/04\/TermoPlus-kontaktivaba-infrapuna-termomeeter-UUED-TOOTED-Beebi-ja-lastetarbed-Hugieenitarbed-Laos_1-7bf.jpg","width":591,"height":600},{"@type":"BreadcrumbList","@id":"https:\/\/beebipood.ee\/ru\/produkt\/termoplus-kontaktivaba-infrapuna-termomeeter\/#breadcrumb","itemListElement":[{"@type":"ListItem","position":1,"name":"Home","item":"https:\/\/beebipood.ee\/ru\/"},{"@type":"ListItem","position":2,"name":"\u041a\u0430\u0442\u0430\u043b\u043e\u0433 \u0442\u043e\u0432\u0430\u0440\u043e\u0432","item":"https:\/\/beebipood.ee\/tooted\/"},{"@type":"ListItem","position":3,"name":"TermoPlus kontaktivaba infrapuna termomeeter"}]},{"@type":"WebSite","@id":"https:\/\/beebipood.ee\/ru\/#website","url":"https:\/\/beebipood.ee\/ru\/","name":"Beebipood","description":"Lastekaubad, beebikaubad, m\u00e4nguasjad","publisher":{"@id":"https:\/\/beebipood.ee\/ru\/#organization"},"potentialAction":[{"@type":"SearchAction","target":{"@type":"EntryPoint","urlTemplate":"https:\/\/beebipood.ee\/ru\/?s={search_term_string}"},"query-input":{"@type":"PropertyValueSpecification","valueRequired":true,"valueName":"search_term_string"}}],"inLanguage":"ru-RU"},{"@type":"Organization","@id":"https:\/\/beebipood.ee\/ru\/#organization","name":"Beebipood","url":"https:\/\/beebipood.ee\/ru\/","logo":{"@type":"ImageObject","inLanguage":"ru-RU","@id":"https:\/\/beebipood.ee\/ru\/#\/schema\/logo\/image\/","url":"https:\/\/beebipood.ee\/wp-content\/uploads\/2025\/03\/beebipood.ee-logo-1.svg","contentUrl":"https:\/\/beebipood.ee\/wp-content\/uploads\/2025\/03\/beebipood.ee-logo-1.svg","caption":"Beebipood"},"image":{"@id":"https:\/\/beebipood.ee\/ru\/#\/schema\/logo\/image\/"}}]}},"brands":[],"_links":{"self":[{"href":"https:\/\/beebipood.ee\/ru\/wp-json\/wp\/v2\/product\/456732","targetHints":{"allow":["GET"]}}],"collection":[{"href":"https:\/\/beebipood.ee\/ru\/wp-json\/wp\/v2\/product"}],"about":[{"href":"https:\/\/beebipood.ee\/ru\/wp-json\/wp\/v2\/types\/product"}],"wp:featuredmedia":[{"embeddable":true,"href":"https:\/\/beebipood.ee\/ru\/wp-json\/wp\/v2\/media\/110674"}],"wp:attachment":[{"href":"https:\/\/beebipood.ee\/ru\/wp-json\/wp\/v2\/media?parent=456732"}],"wp:term":[{"taxonomy":"pwb-brand","embeddable":true,"href":"https:\/\/beebipood.ee\/ru\/wp-json\/wp\/v2\/pwb-brand?post=456732"},{"taxonomy":"product_brand","embeddable":true,"href":"https:\/\/beebipood.ee\/ru\/wp-json\/wp\/v2\/product_brand?post=456732"},{"taxonomy":"product_cat","embeddable":true,"href":"https:\/\/beebipood.ee\/ru\/wp-json\/wp\/v2\/product_cat?post=456732"},{"taxonomy":"product_tag","embeddable":true,"href":"https:\/\/beebipood.ee\/ru\/wp-json\/wp\/v2\/product_tag?post=456732"}],"curies":[{"name":"wp","href":"https:\/\/api.w.org\/{rel}","templated":true}]}}