{"id":456742,"date":"2026-02-20T08:39:45","date_gmt":"2026-02-20T06:39:45","guid":{"rendered":"https:\/\/beebipood.ee\/toode\/hauck-sit-n-fold-soogitool-beige\/"},"modified":"2026-02-20T12:58:12","modified_gmt":"2026-02-20T10:58:12","slug":"hauck-sit-n-fold-soogitool-dusty-mint","status":"publish","type":"product","link":"https:\/\/beebipood.ee\/ru\/produkt\/hauck-sit-n-fold-soogitool-dusty-mint\/","title":{"rendered":"Hauck Sit N Fold s\u00f6\u00f6gitool, Dusty Mint"},"content":{"rendered":"<h2 data-start=\"87\" data-end=\"162\">hauck Sit N Fold kokkupandav s\u00f6\u00f6gitool \u2013 mugav ja ruumis\u00e4\u00e4stlik lahendus<\/h2>\n<p data-start=\"164\" data-end=\"420\">hauck Sit N Fold on praktiline ja mugav s\u00f6\u00f6gitool, mis v\u00f5imaldab lapsel juba alates 6. elukuust perega \u00fchise laua taga olla. Reguleeritava seljatoega iste tagab lapsele mugava asendi nii s\u00f6\u00f6miseks kui m\u00e4ngimiseks ning sobib kasutamiseks kuni 15 kg kaaluni.<\/p>\n<hr data-start=\"422\" data-end=\"425\" \/>\n<h3 data-start=\"427\" data-end=\"452\">Mugav koht laua \u00e4\u00e4res<\/h3>\n<p data-start=\"454\" data-end=\"637\">Olgu tegemist s\u00f6\u00f6gikorra, sn\u00e4ki v\u00f5i pere kohvipausiga \u2013 laps istub alati mugavalt sinu l\u00e4hedal ja silmade k\u00f5rgusel. Reguleeritav seljatugi aitab leida lapsele sobivaima istumisasendi.<\/p>\n<hr data-start=\"639\" data-end=\"642\" \/>\n<h3 data-start=\"644\" data-end=\"677\">XL kandik kasvab koos lapsega<\/h3>\n<p data-start=\"679\" data-end=\"741\">Suur ja praktiline kandik sobib nii s\u00f6\u00f6miseks kui m\u00e4ngimiseks:<\/p>\n<ul data-start=\"742\" data-end=\"869\">\n<li data-start=\"742\" data-end=\"769\">\n<p data-start=\"744\" data-end=\"769\">s\u00fcgavuselt reguleeritav<\/p>\n<\/li>\n<li data-start=\"770\" data-end=\"784\">\n<p data-start=\"772\" data-end=\"784\">eemaldatav<\/p>\n<\/li>\n<li data-start=\"785\" data-end=\"816\">\n<p data-start=\"787\" data-end=\"816\">sisseehitatud topsihoidjaga<\/p>\n<\/li>\n<li data-start=\"817\" data-end=\"869\">\n<p data-start=\"819\" data-end=\"869\">k\u00f5rgendatud serv aitab v\u00e4ltida toidu mahaajamist<\/p>\n<\/li>\n<\/ul>\n<p data-start=\"871\" data-end=\"936\">Kandikut on lihtne puhastada \u2013 piisab kiirest lapiga p\u00fchkimisest.<\/p>\n<hr data-start=\"938\" data-end=\"941\" \/>\n<h3 data-start=\"943\" data-end=\"975\">Turvaline 5-punkti turvarihm<\/h3>\n<p data-start=\"977\" data-end=\"1151\">Ka aktiivsematele v\u00e4ikelastele m\u00f5eldes on s\u00f6\u00f6gitool varustatud tugeva 5-punkti turvarihmaga, mis hoiab lapse kindlalt paigal. Rihmas\u00fcsteemi on lihtne kasutada ja reguleerida.<\/p>\n<hr data-start=\"1153\" data-end=\"1156\" \/>\n<h3 data-start=\"1158\" data-end=\"1190\">Kokkupandav ja ruumis\u00e4\u00e4stlik<\/h3>\n<p data-start=\"1192\" data-end=\"1264\">Sit N Fold sobib ideaalselt v\u00e4iksematesse kodudesse v\u00f5i kaasa v\u00f5tmiseks:<\/p>\n<ul data-start=\"1265\" data-end=\"1373\">\n<li data-start=\"1265\" data-end=\"1288\">\n<p data-start=\"1267\" data-end=\"1288\">k\u00e4ib kiiresti kokku<\/p>\n<\/li>\n<li data-start=\"1289\" data-end=\"1322\">\n<p data-start=\"1291\" data-end=\"1322\">v\u00f5tab hoiustamisel v\u00e4he ruumi<\/p>\n<\/li>\n<li data-start=\"1323\" data-end=\"1373\">\n<p data-start=\"1325\" data-end=\"1373\">mugav transportida n\u00e4iteks vanavanemate juurde<\/p>\n<\/li>\n<\/ul>\n<hr data-start=\"1375\" data-end=\"1378\" \/>\n<h3 data-start=\"1380\" data-end=\"1424\">Suur hoiukorv \u2013 k\u00f5ik vajalik k\u00e4eulatuses<\/h3>\n<p data-start=\"1426\" data-end=\"1471\">Mahukas hoiukorv aitab hoida korras s\u00f6\u00f6giala:<\/p>\n<ul data-start=\"1472\" data-end=\"1513\">\n<li data-start=\"1472\" data-end=\"1480\">\n<p data-start=\"1474\" data-end=\"1480\">p\u00f5lled<\/p>\n<\/li>\n<li data-start=\"1481\" data-end=\"1488\">\n<p data-start=\"1483\" data-end=\"1488\">lutid<\/p>\n<\/li>\n<li data-start=\"1489\" data-end=\"1500\">\n<p data-start=\"1491\" data-end=\"1500\">salvr\u00e4tid<\/p>\n<\/li>\n<li data-start=\"1501\" data-end=\"1513\">\n<p data-start=\"1503\" data-end=\"1513\">m\u00e4nguasjad<\/p>\n<\/li>\n<\/ul>\n<p data-start=\"1515\" data-end=\"1568\">K\u00f5ik vajalik on alati k\u00e4ep\u00e4rast ja laud p\u00fcsib korras.<\/p>\n<hr data-start=\"1570\" data-end=\"1573\" \/>\n<h3 data-start=\"1575\" data-end=\"1595\">Lihtne puhastada<\/h3>\n<p data-start=\"1597\" data-end=\"1632\">V\u00e4ikesed \u00f5nnetused ei ole probleem:<\/p>\n<ul data-start=\"1633\" data-end=\"1736\">\n<li data-start=\"1633\" data-end=\"1678\">\n<p data-start=\"1635\" data-end=\"1678\">istmekate puhastub kergesti niiske lapiga<\/p>\n<\/li>\n<li data-start=\"1679\" data-end=\"1736\">\n<p data-start=\"1681\" data-end=\"1736\">suurema m\u00e4\u00e4rdumise korral pestav masinas 40 \u00b0C juures<\/p>\n<\/li>\n<\/ul>\n<hr data-start=\"1738\" data-end=\"1741\" \/>\n<h2 data-start=\"1743\" data-end=\"1763\">Tehnilised andmed<\/h2>\n<ul data-start=\"1765\" data-end=\"2057\">\n<li data-start=\"1765\" data-end=\"1791\">\n<p data-start=\"1767\" data-end=\"1791\">Sobiv vanus: 6\u201336 kuud<\/p>\n<\/li>\n<li data-start=\"1792\" data-end=\"1825\">\n<p data-start=\"1794\" data-end=\"1825\">Maksimaalne kandev\u00f5ime: 15 kg<\/p>\n<\/li>\n<li data-start=\"1826\" data-end=\"1843\">\n<p data-start=\"1828\" data-end=\"1843\">Kaal: 4,85 kg<\/p>\n<\/li>\n<li data-start=\"1844\" data-end=\"1886\">\n<p data-start=\"1846\" data-end=\"1886\">S\u00f6\u00f6gitooli t\u00fc\u00fcp: kokkupandav s\u00f6\u00f6gitool<\/p>\n<\/li>\n<li data-start=\"1887\" data-end=\"1925\">\n<p data-start=\"1889\" data-end=\"1925\">Reguleeritav seljatugi (\u00fche k\u00e4ega)<\/p>\n<\/li>\n<li data-start=\"1926\" data-end=\"1974\">\n<p data-start=\"1928\" data-end=\"1974\">S\u00fcgavuselt reguleeritav ja eemaldatav kandik<\/p>\n<\/li>\n<li data-start=\"1975\" data-end=\"2014\">\n<p data-start=\"1977\" data-end=\"2014\">5-punkti turvarihm ja jalgevaherihm<\/p>\n<\/li>\n<li data-start=\"2015\" data-end=\"2039\">\n<p data-start=\"2017\" data-end=\"2039\">Eemaldatav istmekate<\/p>\n<\/li>\n<li data-start=\"2040\" data-end=\"2057\">\n<p data-start=\"2042\" data-end=\"2057\">Suur hoiukorv<\/p>\n<\/li>\n<\/ul>\n<p data-start=\"2059\" data-end=\"2069\"><strong data-start=\"2059\" data-end=\"2069\">M\u00f5\u00f5dud<\/strong><\/p>\n<ul data-start=\"2070\" data-end=\"2134\">\n<li data-start=\"2070\" data-end=\"2099\">\n<p data-start=\"2072\" data-end=\"2099\">Avatuna: 82 \u00d7 57 \u00d7 112 cm<\/p>\n<\/li>\n<li data-start=\"2100\" data-end=\"2134\">\n<p data-start=\"2102\" data-end=\"2134\">Kokku pandult: 29 \u00d7 57 \u00d7 90 cm<\/p>\n<\/li>\n<\/ul>\n<hr data-start=\"2136\" data-end=\"2139\" \/>\n<p data-start=\"2141\" data-end=\"2324\">hauck Sit N Fold on ideaalne valik peredele, kes otsivad mugavat, turvalist ja lihtsalt hoiustatavat s\u00f6\u00f6gitooli igap\u00e4evaseks kasutamiseks \u2014 praktiline nii kodus kui kaasa v\u00f5tmiseks.<\/p>\n","protected":false},"excerpt":{"rendered":"<p>hauck Sit N Fold kokkupandav s\u00f6\u00f6gitool \u2013 mugav ja ruumis\u00e4\u00e4stlik lahendus hauck Sit N Fold on praktiline ja mugav s\u00f6\u00f6gitool, mis v\u00f5imaldab lapsel juba alates 6. elukuust perega \u00fchise laua taga olla. Reguleeritava seljatoega iste tagab lapsele mugava asendi nii s\u00f6\u00f6miseks kui m\u00e4ngimiseks ning sobib kasutamiseks kuni 15 kg kaaluni. Mugav koht laua \u00e4\u00e4res Olgu [&hellip;]<\/p>\n","protected":false},"featured_media":511658,"template":"","meta":{"_acf_changed":false},"pwb-brand":[11952],"product_brand":[],"product_cat":[11645,11709],"product_tag":[],"class_list":{"0":"post-456742","1":"product","2":"type-product","3":"status-publish","4":"has-post-thumbnail","6":"pwb-brand-hauck-ru","7":"product_cat-sootmistoolid-ru","8":"product_cat-sootmistoolid-beebi-ja-lastetarbed-mahkimine-hugieen-ru","9":"pa_manufacturer-hauck-ru","11":"first","12":"onbackorder","13":"taxable","14":"shipping-taxable","15":"purchasable","16":"product-type-simple"},"exclude_global_add_ons":[],"addons":[],"acf":[],"yoast_head":"<!-- This site is optimized with the Yoast SEO plugin v27.1.1 - https:\/\/yoast.com\/product\/yoast-seo-wordpress\/ -->\n<title>Hauck Sit N Fold s\u00f6\u00f6gitool, Beige, \u0421\u0442\u0443\u043b\u044c\u0447\u0438\u043a\u0438 \u0434\u043b\u044f \u043a\u043e\u0440\u043c\u043b\u0435\u043d\u0438\u044f, \u041f\u0440\u0438\u043d\u0430\u0434\u043b\u0435\u0436\u043d\u043e\u0441\u0442\u0438 \u0434\u043b\u044f \u043c\u043b\u0430\u0434\u0435\u043d\u0446\u0435\u0432, Beebipood<\/title>\n<meta name=\"description\" content=\"Hauck Sit N Fold s\u00f6\u00f6gitool, Beige, Sit N Fold s\u00f6\u00f6gitool pakub teie lapsele optimaalset mugavust iga s\u00f6\u00f6gikorra ajal.S\u00f6\u00f6\" \/>\n<meta name=\"robots\" content=\"index, follow, max-snippet:-1, max-image-preview:large, max-video-preview:-1\" \/>\n<link rel=\"canonical\" href=\"https:\/\/beebipood.ee\/ru\/produkt\/hauck-sit-n-fold-soogitool-dusty-mint\/\" \/>\n<meta property=\"og:locale\" content=\"ru_RU\" \/>\n<meta property=\"og:type\" content=\"article\" \/>\n<meta property=\"og:title\" content=\"Hauck Sit N Fold s\u00f6\u00f6gitool, Beige, \u0421\u0442\u0443\u043b\u044c\u0447\u0438\u043a\u0438 \u0434\u043b\u044f \u043a\u043e\u0440\u043c\u043b\u0435\u043d\u0438\u044f, \u041f\u0440\u0438\u043d\u0430\u0434\u043b\u0435\u0436\u043d\u043e\u0441\u0442\u0438 \u0434\u043b\u044f \u043c\u043b\u0430\u0434\u0435\u043d\u0446\u0435\u0432, Beebipood\" \/>\n<meta property=\"og:description\" content=\"Hauck Sit N Fold s\u00f6\u00f6gitool, Beige, Sit N Fold s\u00f6\u00f6gitool pakub teie lapsele optimaalset mugavust iga s\u00f6\u00f6gikorra ajal.S\u00f6\u00f6\" \/>\n<meta property=\"og:url\" content=\"https:\/\/beebipood.ee\/ru\/produkt\/hauck-sit-n-fold-soogitool-dusty-mint\/\" \/>\n<meta property=\"og:site_name\" content=\"Beebipood\" \/>\n<meta property=\"article:modified_time\" content=\"2026-02-20T10:58:12+00:00\" \/>\n<meta property=\"og:image\" content=\"https:\/\/beebipood.ee\/wp-content\/uploads\/2016\/04\/sit-n-fold-mint.webp\" \/>\n\t<meta property=\"og:image:width\" content=\"823\" \/>\n\t<meta property=\"og:image:height\" content=\"823\" \/>\n\t<meta property=\"og:image:type\" content=\"image\/webp\" \/>\n<meta name=\"twitter:card\" content=\"summary_large_image\" \/>\n<meta name=\"twitter:label1\" content=\"\u041f\u0440\u0438\u043c\u0435\u0440\u043d\u043e\u0435 \u0432\u0440\u0435\u043c\u044f \u0434\u043b\u044f \u0447\u0442\u0435\u043d\u0438\u044f\" \/>\n\t<meta name=\"twitter:data1\" content=\"2 \u043c\u0438\u043d\u0443\u0442\u044b\" \/>\n<script type=\"application\/ld+json\" class=\"yoast-schema-graph\">{\"@context\":\"https:\/\/schema.org\",\"@graph\":[{\"@type\":\"WebPage\",\"@id\":\"https:\/\/beebipood.ee\/ru\/produkt\/hauck-sit-n-fold-soogitool-dusty-mint\/\",\"url\":\"https:\/\/beebipood.ee\/ru\/produkt\/hauck-sit-n-fold-soogitool-dusty-mint\/\",\"name\":\"Hauck Sit N Fold s\u00f6\u00f6gitool, Beige, \u0421\u0442\u0443\u043b\u044c\u0447\u0438\u043a\u0438 \u0434\u043b\u044f \u043a\u043e\u0440\u043c\u043b\u0435\u043d\u0438\u044f, \u041f\u0440\u0438\u043d\u0430\u0434\u043b\u0435\u0436\u043d\u043e\u0441\u0442\u0438 \u0434\u043b\u044f \u043c\u043b\u0430\u0434\u0435\u043d\u0446\u0435\u0432, Beebipood\",\"isPartOf\":{\"@id\":\"https:\/\/beebipood.ee\/ru\/#website\"},\"primaryImageOfPage\":{\"@id\":\"https:\/\/beebipood.ee\/ru\/produkt\/hauck-sit-n-fold-soogitool-dusty-mint\/#primaryimage\"},\"image\":{\"@id\":\"https:\/\/beebipood.ee\/ru\/produkt\/hauck-sit-n-fold-soogitool-dusty-mint\/#primaryimage\"},\"thumbnailUrl\":\"https:\/\/beebipood.ee\/wp-content\/uploads\/2016\/04\/sit-n-fold-mint.webp\",\"datePublished\":\"2026-02-20T06:39:45+00:00\",\"dateModified\":\"2026-02-20T10:58:12+00:00\",\"description\":\"Hauck Sit N Fold s\u00f6\u00f6gitool, Beige, Sit N Fold s\u00f6\u00f6gitool pakub teie lapsele optimaalset mugavust iga s\u00f6\u00f6gikorra ajal.S\u00f6\u00f6\",\"breadcrumb\":{\"@id\":\"https:\/\/beebipood.ee\/ru\/produkt\/hauck-sit-n-fold-soogitool-dusty-mint\/#breadcrumb\"},\"inLanguage\":\"ru-RU\",\"potentialAction\":[{\"@type\":\"ReadAction\",\"target\":[\"https:\/\/beebipood.ee\/ru\/produkt\/hauck-sit-n-fold-soogitool-dusty-mint\/\"]}]},{\"@type\":\"ImageObject\",\"inLanguage\":\"ru-RU\",\"@id\":\"https:\/\/beebipood.ee\/ru\/produkt\/hauck-sit-n-fold-soogitool-dusty-mint\/#primaryimage\",\"url\":\"https:\/\/beebipood.ee\/wp-content\/uploads\/2016\/04\/sit-n-fold-mint.webp\",\"contentUrl\":\"https:\/\/beebipood.ee\/wp-content\/uploads\/2016\/04\/sit-n-fold-mint.webp\",\"width\":823,\"height\":823},{\"@type\":\"BreadcrumbList\",\"@id\":\"https:\/\/beebipood.ee\/ru\/produkt\/hauck-sit-n-fold-soogitool-dusty-mint\/#breadcrumb\",\"itemListElement\":[{\"@type\":\"ListItem\",\"position\":1,\"name\":\"Home\",\"item\":\"https:\/\/beebipood.ee\/ru\/\"},{\"@type\":\"ListItem\",\"position\":2,\"name\":\"\u041a\u0430\u0442\u0430\u043b\u043e\u0433 \u0442\u043e\u0432\u0430\u0440\u043e\u0432\",\"item\":\"https:\/\/beebipood.ee\/tooted\/\"},{\"@type\":\"ListItem\",\"position\":3,\"name\":\"Hauck Sit N Fold s\u00f6\u00f6gitool, Dusty Mint\"}]},{\"@type\":\"WebSite\",\"@id\":\"https:\/\/beebipood.ee\/ru\/#website\",\"url\":\"https:\/\/beebipood.ee\/ru\/\",\"name\":\"Beebipood\",\"description\":\"Lastekaubad, beebikaubad, m\u00e4nguasjad\",\"publisher\":{\"@id\":\"https:\/\/beebipood.ee\/ru\/#organization\"},\"potentialAction\":[{\"@type\":\"SearchAction\",\"target\":{\"@type\":\"EntryPoint\",\"urlTemplate\":\"https:\/\/beebipood.ee\/ru\/?s={search_term_string}\"},\"query-input\":{\"@type\":\"PropertyValueSpecification\",\"valueRequired\":true,\"valueName\":\"search_term_string\"}}],\"inLanguage\":\"ru-RU\"},{\"@type\":\"Organization\",\"@id\":\"https:\/\/beebipood.ee\/ru\/#organization\",\"name\":\"Beebipood\",\"url\":\"https:\/\/beebipood.ee\/ru\/\",\"logo\":{\"@type\":\"ImageObject\",\"inLanguage\":\"ru-RU\",\"@id\":\"https:\/\/beebipood.ee\/ru\/#\/schema\/logo\/image\/\",\"url\":\"https:\/\/beebipood.ee\/wp-content\/uploads\/2025\/03\/beebipood.ee-logo-1.svg\",\"contentUrl\":\"https:\/\/beebipood.ee\/wp-content\/uploads\/2025\/03\/beebipood.ee-logo-1.svg\",\"caption\":\"Beebipood\"},\"image\":{\"@id\":\"https:\/\/beebipood.ee\/ru\/#\/schema\/logo\/image\/\"}}]}<\/script>\n<!-- \/ Yoast SEO plugin. -->","yoast_head_json":{"title":"Hauck Sit N Fold s\u00f6\u00f6gitool, Beige, \u0421\u0442\u0443\u043b\u044c\u0447\u0438\u043a\u0438 \u0434\u043b\u044f \u043a\u043e\u0440\u043c\u043b\u0435\u043d\u0438\u044f, \u041f\u0440\u0438\u043d\u0430\u0434\u043b\u0435\u0436\u043d\u043e\u0441\u0442\u0438 \u0434\u043b\u044f \u043c\u043b\u0430\u0434\u0435\u043d\u0446\u0435\u0432, Beebipood","description":"Hauck Sit N Fold s\u00f6\u00f6gitool, Beige, Sit N Fold s\u00f6\u00f6gitool pakub teie lapsele optimaalset mugavust iga s\u00f6\u00f6gikorra ajal.S\u00f6\u00f6","robots":{"index":"index","follow":"follow","max-snippet":"max-snippet:-1","max-image-preview":"max-image-preview:large","max-video-preview":"max-video-preview:-1"},"canonical":"https:\/\/beebipood.ee\/ru\/produkt\/hauck-sit-n-fold-soogitool-dusty-mint\/","og_locale":"ru_RU","og_type":"article","og_title":"Hauck Sit N Fold s\u00f6\u00f6gitool, Beige, \u0421\u0442\u0443\u043b\u044c\u0447\u0438\u043a\u0438 \u0434\u043b\u044f \u043a\u043e\u0440\u043c\u043b\u0435\u043d\u0438\u044f, \u041f\u0440\u0438\u043d\u0430\u0434\u043b\u0435\u0436\u043d\u043e\u0441\u0442\u0438 \u0434\u043b\u044f \u043c\u043b\u0430\u0434\u0435\u043d\u0446\u0435\u0432, Beebipood","og_description":"Hauck Sit N Fold s\u00f6\u00f6gitool, Beige, Sit N Fold s\u00f6\u00f6gitool pakub teie lapsele optimaalset mugavust iga s\u00f6\u00f6gikorra ajal.S\u00f6\u00f6","og_url":"https:\/\/beebipood.ee\/ru\/produkt\/hauck-sit-n-fold-soogitool-dusty-mint\/","og_site_name":"Beebipood","article_modified_time":"2026-02-20T10:58:12+00:00","og_image":[{"width":823,"height":823,"url":"https:\/\/beebipood.ee\/wp-content\/uploads\/2016\/04\/sit-n-fold-mint.webp","type":"image\/webp"}],"twitter_card":"summary_large_image","twitter_misc":{"\u041f\u0440\u0438\u043c\u0435\u0440\u043d\u043e\u0435 \u0432\u0440\u0435\u043c\u044f \u0434\u043b\u044f \u0447\u0442\u0435\u043d\u0438\u044f":"2 \u043c\u0438\u043d\u0443\u0442\u044b"},"schema":{"@context":"https:\/\/schema.org","@graph":[{"@type":"WebPage","@id":"https:\/\/beebipood.ee\/ru\/produkt\/hauck-sit-n-fold-soogitool-dusty-mint\/","url":"https:\/\/beebipood.ee\/ru\/produkt\/hauck-sit-n-fold-soogitool-dusty-mint\/","name":"Hauck Sit N Fold s\u00f6\u00f6gitool, Beige, \u0421\u0442\u0443\u043b\u044c\u0447\u0438\u043a\u0438 \u0434\u043b\u044f \u043a\u043e\u0440\u043c\u043b\u0435\u043d\u0438\u044f, \u041f\u0440\u0438\u043d\u0430\u0434\u043b\u0435\u0436\u043d\u043e\u0441\u0442\u0438 \u0434\u043b\u044f \u043c\u043b\u0430\u0434\u0435\u043d\u0446\u0435\u0432, Beebipood","isPartOf":{"@id":"https:\/\/beebipood.ee\/ru\/#website"},"primaryImageOfPage":{"@id":"https:\/\/beebipood.ee\/ru\/produkt\/hauck-sit-n-fold-soogitool-dusty-mint\/#primaryimage"},"image":{"@id":"https:\/\/beebipood.ee\/ru\/produkt\/hauck-sit-n-fold-soogitool-dusty-mint\/#primaryimage"},"thumbnailUrl":"https:\/\/beebipood.ee\/wp-content\/uploads\/2016\/04\/sit-n-fold-mint.webp","datePublished":"2026-02-20T06:39:45+00:00","dateModified":"2026-02-20T10:58:12+00:00","description":"Hauck Sit N Fold s\u00f6\u00f6gitool, Beige, Sit N Fold s\u00f6\u00f6gitool pakub teie lapsele optimaalset mugavust iga s\u00f6\u00f6gikorra ajal.S\u00f6\u00f6","breadcrumb":{"@id":"https:\/\/beebipood.ee\/ru\/produkt\/hauck-sit-n-fold-soogitool-dusty-mint\/#breadcrumb"},"inLanguage":"ru-RU","potentialAction":[{"@type":"ReadAction","target":["https:\/\/beebipood.ee\/ru\/produkt\/hauck-sit-n-fold-soogitool-dusty-mint\/"]}]},{"@type":"ImageObject","inLanguage":"ru-RU","@id":"https:\/\/beebipood.ee\/ru\/produkt\/hauck-sit-n-fold-soogitool-dusty-mint\/#primaryimage","url":"https:\/\/beebipood.ee\/wp-content\/uploads\/2016\/04\/sit-n-fold-mint.webp","contentUrl":"https:\/\/beebipood.ee\/wp-content\/uploads\/2016\/04\/sit-n-fold-mint.webp","width":823,"height":823},{"@type":"BreadcrumbList","@id":"https:\/\/beebipood.ee\/ru\/produkt\/hauck-sit-n-fold-soogitool-dusty-mint\/#breadcrumb","itemListElement":[{"@type":"ListItem","position":1,"name":"Home","item":"https:\/\/beebipood.ee\/ru\/"},{"@type":"ListItem","position":2,"name":"\u041a\u0430\u0442\u0430\u043b\u043e\u0433 \u0442\u043e\u0432\u0430\u0440\u043e\u0432","item":"https:\/\/beebipood.ee\/tooted\/"},{"@type":"ListItem","position":3,"name":"Hauck Sit N Fold s\u00f6\u00f6gitool, Dusty Mint"}]},{"@type":"WebSite","@id":"https:\/\/beebipood.ee\/ru\/#website","url":"https:\/\/beebipood.ee\/ru\/","name":"Beebipood","description":"Lastekaubad, beebikaubad, m\u00e4nguasjad","publisher":{"@id":"https:\/\/beebipood.ee\/ru\/#organization"},"potentialAction":[{"@type":"SearchAction","target":{"@type":"EntryPoint","urlTemplate":"https:\/\/beebipood.ee\/ru\/?s={search_term_string}"},"query-input":{"@type":"PropertyValueSpecification","valueRequired":true,"valueName":"search_term_string"}}],"inLanguage":"ru-RU"},{"@type":"Organization","@id":"https:\/\/beebipood.ee\/ru\/#organization","name":"Beebipood","url":"https:\/\/beebipood.ee\/ru\/","logo":{"@type":"ImageObject","inLanguage":"ru-RU","@id":"https:\/\/beebipood.ee\/ru\/#\/schema\/logo\/image\/","url":"https:\/\/beebipood.ee\/wp-content\/uploads\/2025\/03\/beebipood.ee-logo-1.svg","contentUrl":"https:\/\/beebipood.ee\/wp-content\/uploads\/2025\/03\/beebipood.ee-logo-1.svg","caption":"Beebipood"},"image":{"@id":"https:\/\/beebipood.ee\/ru\/#\/schema\/logo\/image\/"}}]}},"brands":[{"id":11952,"name":"Hauck","slug":"hauck-ru"}],"_links":{"self":[{"href":"https:\/\/beebipood.ee\/ru\/wp-json\/wp\/v2\/product\/456742","targetHints":{"allow":["GET"]}}],"collection":[{"href":"https:\/\/beebipood.ee\/ru\/wp-json\/wp\/v2\/product"}],"about":[{"href":"https:\/\/beebipood.ee\/ru\/wp-json\/wp\/v2\/types\/product"}],"wp:featuredmedia":[{"embeddable":true,"href":"https:\/\/beebipood.ee\/ru\/wp-json\/wp\/v2\/media\/511658"}],"wp:attachment":[{"href":"https:\/\/beebipood.ee\/ru\/wp-json\/wp\/v2\/media?parent=456742"}],"wp:term":[{"taxonomy":"pwb-brand","embeddable":true,"href":"https:\/\/beebipood.ee\/ru\/wp-json\/wp\/v2\/pwb-brand?post=456742"},{"taxonomy":"product_brand","embeddable":true,"href":"https:\/\/beebipood.ee\/ru\/wp-json\/wp\/v2\/product_brand?post=456742"},{"taxonomy":"product_cat","embeddable":true,"href":"https:\/\/beebipood.ee\/ru\/wp-json\/wp\/v2\/product_cat?post=456742"},{"taxonomy":"product_tag","embeddable":true,"href":"https:\/\/beebipood.ee\/ru\/wp-json\/wp\/v2\/product_tag?post=456742"}],"curies":[{"name":"wp","href":"https:\/\/api.w.org\/{rel}","templated":true}]}}