{"id":456754,"date":"2016-04-18T09:56:15","date_gmt":"2016-04-18T06:56:15","guid":{"rendered":"https:\/\/beebipood.ee\/toode\/cam-kaimistool-giocando-verde\/"},"modified":"2025-05-21T09:55:25","modified_gmt":"2025-05-21T06:55:25","slug":"cam-elisir-pikendatav-beebipesa","status":"publish","type":"product","link":"https:\/\/beebipood.ee\/ru\/produkt\/cam-elisir-pikendatav-beebipesa\/","title":{"rendered":"Cam Elisir pikendatav beebipesa"},"content":{"rendered":"<p>CAM Elisir \u2013 turvaline beebipesa teie beebi heaoluks<br \/>\nCAM Elisir on pikendatav beebipesa, mis pakub vasts\u00fcndinule turvalist<br \/>\nja mugavat keskkonda esimestel elukuudel.<br \/>\nSeda saab ideaalselt kasutada lapse v\u00f5revoodis,<br \/>\nvankrikorvis v\u00f5i koosmagamiseks vanemate voodis.<br \/>\n<strong>Omadused<\/strong><br \/>\nEemaldatav peakaitse ja reguleeritav jalgade kaitse:<br \/>\nValmistatud 3D-v\u00f5rgust, kinnitatud madratsi k\u00fclge,<br \/>\net luua lapsele turvaline ruum<br \/>\n*Kahesuunaline kalde funktsioon:<br \/>\nV\u00f5imaldab t\u00f5sta peapiirkonda, et ennetada refluksi,<br \/>\nv\u00f5i jalgadeosa, et soodustada vereringet ja piirata lapse liikumist<br \/>\n*Kaks kasutusviisi:<br \/>\n\u00dcks pool on valmistatud bambuskiududest, pakkudes hingavust<br \/>\nja jahedust ning sisaldab plagiotsefaalia ennetamise peaosa,<br \/>\nmis aitab v\u00e4hendada lameda pea s\u00fcndroomi riski;<br \/>\nteine pool on 3D-v\u00f5rgust, mis juhib niiskust eemale ja tagab hea \u00f5huvoolu<br \/>\n*Kohandub lapse kasvuga:<br \/>\nKaitsed on eemaldatavad, v\u00f5imaldades toodet kasutada ka madratsina, kui laps kasvab<br \/>\n<strong>Tehnilised andmed:<\/strong><br \/>\nM\u00f5\u00f5tmed: Pikkus 90 cm, laius 54 cm, k\u00f5rgus 5 cm<br \/>\nKaal: 0,7 kg<br \/>\n<strong>Materjalid:<\/strong><br \/>\nBambuskiud (70% bambus, 30% puuvill): Pakub hingavust ja jahedust<br \/>\n3D-v\u00f5rk: Tagab hea \u00f5huvoolu ja niiskuse juhtimise<br \/>\n<strong>Ohutusstandardid:<\/strong><br \/>\nVastab EN 71 ja REACH ohutusn\u00f5uetele<\/p>\n","protected":false},"excerpt":{"rendered":"<p>CAM Elisir \u2013 turvaline beebipesa teie beebi heaoluks CAM Elisir on pikendatav beebipesa, mis pakub vasts\u00fcndinule turvalist ja mugavat keskkonda esimestel elukuudel. Seda saab ideaalselt kasutada lapse v\u00f5revoodis, vankrikorvis v\u00f5i koosmagamiseks vanemate voodis. Omadused Eemaldatav peakaitse ja reguleeritav jalgade kaitse: Valmistatud 3D-v\u00f5rgust, kinnitatud madratsi k\u00fclge, et luua lapsele turvaline ruum *Kahesuunaline kalde funktsioon: V\u00f5imaldab t\u00f5sta [&hellip;]<\/p>\n","protected":false},"featured_media":504762,"template":"","meta":{"_acf_changed":false},"pwb-brand":[11970],"product_brand":[],"product_cat":[11709,11563],"product_tag":[],"class_list":{"0":"post-456754","1":"product","2":"type-product","3":"status-publish","4":"has-post-thumbnail","6":"pwb-brand-cam-ru","7":"product_cat-sootmistoolid-beebi-ja-lastetarbed-mahkimine-hugieen-ru","8":"product_cat-madratsid-ja-kattemadratsid-ru","9":"pa_manufacturer-cam-ru","11":"first","12":"instock","13":"taxable","14":"shipping-taxable","15":"purchasable","16":"product-type-simple"},"exclude_global_add_ons":[],"addons":[],"acf":[],"yoast_head":"<!-- This site is optimized with the Yoast SEO plugin v27.1.1 - https:\/\/yoast.com\/product\/yoast-seo-wordpress\/ -->\n<title>Cam k\u00e4imistool Giocando, Verde, \u041d\u041e\u0412\u042b\u0415 \u0422\u041e\u0412\u0410\u0420\u042b, \u041f\u0440\u0438\u043d\u0430\u0434\u043b\u0435\u0436\u043d\u043e\u0441\u0442\u0438 \u0434\u043b\u044f \u043c\u043b\u0430\u0434\u0435\u043d\u0446\u0435\u0432, Beebipood<\/title>\n<meta name=\"description\" content=\"Cam k\u00e4imistool Giocando, Verde, R\u00f5\u00f5msates v\u00e4rvides k\u00e4imistool aitab lapsel saavutada need esimesed sammud. M\u00f5eldud kasu\" \/>\n<meta name=\"robots\" content=\"index, follow, max-snippet:-1, max-image-preview:large, max-video-preview:-1\" \/>\n<link rel=\"canonical\" href=\"https:\/\/beebipood.ee\/ru\/produkt\/cam-elisir-pikendatav-beebipesa\/\" \/>\n<meta property=\"og:locale\" content=\"ru_RU\" \/>\n<meta property=\"og:type\" content=\"article\" \/>\n<meta property=\"og:title\" content=\"Cam k\u00e4imistool Giocando, Verde, \u041d\u041e\u0412\u042b\u0415 \u0422\u041e\u0412\u0410\u0420\u042b, \u041f\u0440\u0438\u043d\u0430\u0434\u043b\u0435\u0436\u043d\u043e\u0441\u0442\u0438 \u0434\u043b\u044f \u043c\u043b\u0430\u0434\u0435\u043d\u0446\u0435\u0432, Beebipood\" \/>\n<meta property=\"og:description\" content=\"Cam k\u00e4imistool Giocando, Verde, R\u00f5\u00f5msates v\u00e4rvides k\u00e4imistool aitab lapsel saavutada need esimesed sammud. M\u00f5eldud kasu\" \/>\n<meta property=\"og:url\" content=\"https:\/\/beebipood.ee\/ru\/produkt\/cam-elisir-pikendatav-beebipesa\/\" \/>\n<meta property=\"og:site_name\" content=\"Beebipood\" \/>\n<meta property=\"article:modified_time\" content=\"2025-05-21T06:55:25+00:00\" \/>\n<meta property=\"og:image\" content=\"https:\/\/beebipood.ee\/wp-content\/uploads\/2016\/04\/cam-elisir-pikendatav-beebipesa3.jpg\" \/>\n\t<meta property=\"og:image:width\" content=\"1200\" \/>\n\t<meta property=\"og:image:height\" content=\"1300\" \/>\n\t<meta property=\"og:image:type\" content=\"image\/jpeg\" \/>\n<meta name=\"twitter:card\" content=\"summary_large_image\" \/>\n<meta name=\"twitter:label1\" content=\"\u041f\u0440\u0438\u043c\u0435\u0440\u043d\u043e\u0435 \u0432\u0440\u0435\u043c\u044f \u0434\u043b\u044f \u0447\u0442\u0435\u043d\u0438\u044f\" \/>\n\t<meta name=\"twitter:data1\" content=\"2 \u043c\u0438\u043d\u0443\u0442\u044b\" \/>\n<script type=\"application\/ld+json\" class=\"yoast-schema-graph\">{\"@context\":\"https:\/\/schema.org\",\"@graph\":[{\"@type\":\"WebPage\",\"@id\":\"https:\/\/beebipood.ee\/ru\/produkt\/cam-elisir-pikendatav-beebipesa\/\",\"url\":\"https:\/\/beebipood.ee\/ru\/produkt\/cam-elisir-pikendatav-beebipesa\/\",\"name\":\"Cam k\u00e4imistool Giocando, Verde, \u041d\u041e\u0412\u042b\u0415 \u0422\u041e\u0412\u0410\u0420\u042b, \u041f\u0440\u0438\u043d\u0430\u0434\u043b\u0435\u0436\u043d\u043e\u0441\u0442\u0438 \u0434\u043b\u044f \u043c\u043b\u0430\u0434\u0435\u043d\u0446\u0435\u0432, Beebipood\",\"isPartOf\":{\"@id\":\"https:\/\/beebipood.ee\/ru\/#website\"},\"primaryImageOfPage\":{\"@id\":\"https:\/\/beebipood.ee\/ru\/produkt\/cam-elisir-pikendatav-beebipesa\/#primaryimage\"},\"image\":{\"@id\":\"https:\/\/beebipood.ee\/ru\/produkt\/cam-elisir-pikendatav-beebipesa\/#primaryimage\"},\"thumbnailUrl\":\"https:\/\/beebipood.ee\/wp-content\/uploads\/2016\/04\/cam-elisir-pikendatav-beebipesa3.jpg\",\"datePublished\":\"2016-04-18T06:56:15+00:00\",\"dateModified\":\"2025-05-21T06:55:25+00:00\",\"description\":\"Cam k\u00e4imistool Giocando, Verde, R\u00f5\u00f5msates v\u00e4rvides k\u00e4imistool aitab lapsel saavutada need esimesed sammud. M\u00f5eldud kasu\",\"breadcrumb\":{\"@id\":\"https:\/\/beebipood.ee\/ru\/produkt\/cam-elisir-pikendatav-beebipesa\/#breadcrumb\"},\"inLanguage\":\"ru-RU\",\"potentialAction\":[{\"@type\":\"ReadAction\",\"target\":[\"https:\/\/beebipood.ee\/ru\/produkt\/cam-elisir-pikendatav-beebipesa\/\"]}]},{\"@type\":\"ImageObject\",\"inLanguage\":\"ru-RU\",\"@id\":\"https:\/\/beebipood.ee\/ru\/produkt\/cam-elisir-pikendatav-beebipesa\/#primaryimage\",\"url\":\"https:\/\/beebipood.ee\/wp-content\/uploads\/2016\/04\/cam-elisir-pikendatav-beebipesa3.jpg\",\"contentUrl\":\"https:\/\/beebipood.ee\/wp-content\/uploads\/2016\/04\/cam-elisir-pikendatav-beebipesa3.jpg\",\"width\":1200,\"height\":1300},{\"@type\":\"BreadcrumbList\",\"@id\":\"https:\/\/beebipood.ee\/ru\/produkt\/cam-elisir-pikendatav-beebipesa\/#breadcrumb\",\"itemListElement\":[{\"@type\":\"ListItem\",\"position\":1,\"name\":\"Home\",\"item\":\"https:\/\/beebipood.ee\/ru\/\"},{\"@type\":\"ListItem\",\"position\":2,\"name\":\"\u041a\u0430\u0442\u0430\u043b\u043e\u0433 \u0442\u043e\u0432\u0430\u0440\u043e\u0432\",\"item\":\"https:\/\/beebipood.ee\/tooted\/\"},{\"@type\":\"ListItem\",\"position\":3,\"name\":\"Cam Elisir pikendatav beebipesa\"}]},{\"@type\":\"WebSite\",\"@id\":\"https:\/\/beebipood.ee\/ru\/#website\",\"url\":\"https:\/\/beebipood.ee\/ru\/\",\"name\":\"Beebipood\",\"description\":\"Lastekaubad, beebikaubad, m\u00e4nguasjad\",\"publisher\":{\"@id\":\"https:\/\/beebipood.ee\/ru\/#organization\"},\"potentialAction\":[{\"@type\":\"SearchAction\",\"target\":{\"@type\":\"EntryPoint\",\"urlTemplate\":\"https:\/\/beebipood.ee\/ru\/?s={search_term_string}\"},\"query-input\":{\"@type\":\"PropertyValueSpecification\",\"valueRequired\":true,\"valueName\":\"search_term_string\"}}],\"inLanguage\":\"ru-RU\"},{\"@type\":\"Organization\",\"@id\":\"https:\/\/beebipood.ee\/ru\/#organization\",\"name\":\"Beebipood\",\"url\":\"https:\/\/beebipood.ee\/ru\/\",\"logo\":{\"@type\":\"ImageObject\",\"inLanguage\":\"ru-RU\",\"@id\":\"https:\/\/beebipood.ee\/ru\/#\/schema\/logo\/image\/\",\"url\":\"https:\/\/beebipood.ee\/wp-content\/uploads\/2025\/03\/beebipood.ee-logo-1.svg\",\"contentUrl\":\"https:\/\/beebipood.ee\/wp-content\/uploads\/2025\/03\/beebipood.ee-logo-1.svg\",\"caption\":\"Beebipood\"},\"image\":{\"@id\":\"https:\/\/beebipood.ee\/ru\/#\/schema\/logo\/image\/\"}}]}<\/script>\n<!-- \/ Yoast SEO plugin. -->","yoast_head_json":{"title":"Cam k\u00e4imistool Giocando, Verde, \u041d\u041e\u0412\u042b\u0415 \u0422\u041e\u0412\u0410\u0420\u042b, \u041f\u0440\u0438\u043d\u0430\u0434\u043b\u0435\u0436\u043d\u043e\u0441\u0442\u0438 \u0434\u043b\u044f \u043c\u043b\u0430\u0434\u0435\u043d\u0446\u0435\u0432, Beebipood","description":"Cam k\u00e4imistool Giocando, Verde, R\u00f5\u00f5msates v\u00e4rvides k\u00e4imistool aitab lapsel saavutada need esimesed sammud. M\u00f5eldud kasu","robots":{"index":"index","follow":"follow","max-snippet":"max-snippet:-1","max-image-preview":"max-image-preview:large","max-video-preview":"max-video-preview:-1"},"canonical":"https:\/\/beebipood.ee\/ru\/produkt\/cam-elisir-pikendatav-beebipesa\/","og_locale":"ru_RU","og_type":"article","og_title":"Cam k\u00e4imistool Giocando, Verde, \u041d\u041e\u0412\u042b\u0415 \u0422\u041e\u0412\u0410\u0420\u042b, \u041f\u0440\u0438\u043d\u0430\u0434\u043b\u0435\u0436\u043d\u043e\u0441\u0442\u0438 \u0434\u043b\u044f \u043c\u043b\u0430\u0434\u0435\u043d\u0446\u0435\u0432, Beebipood","og_description":"Cam k\u00e4imistool Giocando, Verde, R\u00f5\u00f5msates v\u00e4rvides k\u00e4imistool aitab lapsel saavutada need esimesed sammud. M\u00f5eldud kasu","og_url":"https:\/\/beebipood.ee\/ru\/produkt\/cam-elisir-pikendatav-beebipesa\/","og_site_name":"Beebipood","article_modified_time":"2025-05-21T06:55:25+00:00","og_image":[{"width":1200,"height":1300,"url":"https:\/\/beebipood.ee\/wp-content\/uploads\/2016\/04\/cam-elisir-pikendatav-beebipesa3.jpg","type":"image\/jpeg"}],"twitter_card":"summary_large_image","twitter_misc":{"\u041f\u0440\u0438\u043c\u0435\u0440\u043d\u043e\u0435 \u0432\u0440\u0435\u043c\u044f \u0434\u043b\u044f \u0447\u0442\u0435\u043d\u0438\u044f":"2 \u043c\u0438\u043d\u0443\u0442\u044b"},"schema":{"@context":"https:\/\/schema.org","@graph":[{"@type":"WebPage","@id":"https:\/\/beebipood.ee\/ru\/produkt\/cam-elisir-pikendatav-beebipesa\/","url":"https:\/\/beebipood.ee\/ru\/produkt\/cam-elisir-pikendatav-beebipesa\/","name":"Cam k\u00e4imistool Giocando, Verde, \u041d\u041e\u0412\u042b\u0415 \u0422\u041e\u0412\u0410\u0420\u042b, \u041f\u0440\u0438\u043d\u0430\u0434\u043b\u0435\u0436\u043d\u043e\u0441\u0442\u0438 \u0434\u043b\u044f \u043c\u043b\u0430\u0434\u0435\u043d\u0446\u0435\u0432, Beebipood","isPartOf":{"@id":"https:\/\/beebipood.ee\/ru\/#website"},"primaryImageOfPage":{"@id":"https:\/\/beebipood.ee\/ru\/produkt\/cam-elisir-pikendatav-beebipesa\/#primaryimage"},"image":{"@id":"https:\/\/beebipood.ee\/ru\/produkt\/cam-elisir-pikendatav-beebipesa\/#primaryimage"},"thumbnailUrl":"https:\/\/beebipood.ee\/wp-content\/uploads\/2016\/04\/cam-elisir-pikendatav-beebipesa3.jpg","datePublished":"2016-04-18T06:56:15+00:00","dateModified":"2025-05-21T06:55:25+00:00","description":"Cam k\u00e4imistool Giocando, Verde, R\u00f5\u00f5msates v\u00e4rvides k\u00e4imistool aitab lapsel saavutada need esimesed sammud. M\u00f5eldud kasu","breadcrumb":{"@id":"https:\/\/beebipood.ee\/ru\/produkt\/cam-elisir-pikendatav-beebipesa\/#breadcrumb"},"inLanguage":"ru-RU","potentialAction":[{"@type":"ReadAction","target":["https:\/\/beebipood.ee\/ru\/produkt\/cam-elisir-pikendatav-beebipesa\/"]}]},{"@type":"ImageObject","inLanguage":"ru-RU","@id":"https:\/\/beebipood.ee\/ru\/produkt\/cam-elisir-pikendatav-beebipesa\/#primaryimage","url":"https:\/\/beebipood.ee\/wp-content\/uploads\/2016\/04\/cam-elisir-pikendatav-beebipesa3.jpg","contentUrl":"https:\/\/beebipood.ee\/wp-content\/uploads\/2016\/04\/cam-elisir-pikendatav-beebipesa3.jpg","width":1200,"height":1300},{"@type":"BreadcrumbList","@id":"https:\/\/beebipood.ee\/ru\/produkt\/cam-elisir-pikendatav-beebipesa\/#breadcrumb","itemListElement":[{"@type":"ListItem","position":1,"name":"Home","item":"https:\/\/beebipood.ee\/ru\/"},{"@type":"ListItem","position":2,"name":"\u041a\u0430\u0442\u0430\u043b\u043e\u0433 \u0442\u043e\u0432\u0430\u0440\u043e\u0432","item":"https:\/\/beebipood.ee\/tooted\/"},{"@type":"ListItem","position":3,"name":"Cam Elisir pikendatav beebipesa"}]},{"@type":"WebSite","@id":"https:\/\/beebipood.ee\/ru\/#website","url":"https:\/\/beebipood.ee\/ru\/","name":"Beebipood","description":"Lastekaubad, beebikaubad, m\u00e4nguasjad","publisher":{"@id":"https:\/\/beebipood.ee\/ru\/#organization"},"potentialAction":[{"@type":"SearchAction","target":{"@type":"EntryPoint","urlTemplate":"https:\/\/beebipood.ee\/ru\/?s={search_term_string}"},"query-input":{"@type":"PropertyValueSpecification","valueRequired":true,"valueName":"search_term_string"}}],"inLanguage":"ru-RU"},{"@type":"Organization","@id":"https:\/\/beebipood.ee\/ru\/#organization","name":"Beebipood","url":"https:\/\/beebipood.ee\/ru\/","logo":{"@type":"ImageObject","inLanguage":"ru-RU","@id":"https:\/\/beebipood.ee\/ru\/#\/schema\/logo\/image\/","url":"https:\/\/beebipood.ee\/wp-content\/uploads\/2025\/03\/beebipood.ee-logo-1.svg","contentUrl":"https:\/\/beebipood.ee\/wp-content\/uploads\/2025\/03\/beebipood.ee-logo-1.svg","caption":"Beebipood"},"image":{"@id":"https:\/\/beebipood.ee\/ru\/#\/schema\/logo\/image\/"}}]}},"brands":[{"id":11970,"name":"CAM","slug":"cam-ru"}],"_links":{"self":[{"href":"https:\/\/beebipood.ee\/ru\/wp-json\/wp\/v2\/product\/456754","targetHints":{"allow":["GET"]}}],"collection":[{"href":"https:\/\/beebipood.ee\/ru\/wp-json\/wp\/v2\/product"}],"about":[{"href":"https:\/\/beebipood.ee\/ru\/wp-json\/wp\/v2\/types\/product"}],"wp:featuredmedia":[{"embeddable":true,"href":"https:\/\/beebipood.ee\/ru\/wp-json\/wp\/v2\/media\/504762"}],"wp:attachment":[{"href":"https:\/\/beebipood.ee\/ru\/wp-json\/wp\/v2\/media?parent=456754"}],"wp:term":[{"taxonomy":"pwb-brand","embeddable":true,"href":"https:\/\/beebipood.ee\/ru\/wp-json\/wp\/v2\/pwb-brand?post=456754"},{"taxonomy":"product_brand","embeddable":true,"href":"https:\/\/beebipood.ee\/ru\/wp-json\/wp\/v2\/product_brand?post=456754"},{"taxonomy":"product_cat","embeddable":true,"href":"https:\/\/beebipood.ee\/ru\/wp-json\/wp\/v2\/product_cat?post=456754"},{"taxonomy":"product_tag","embeddable":true,"href":"https:\/\/beebipood.ee\/ru\/wp-json\/wp\/v2\/product_tag?post=456754"}],"curies":[{"name":"wp","href":"https:\/\/api.w.org\/{rel}","templated":true}]}}