{"id":456756,"date":"2016-04-19T04:45:31","date_gmt":"2016-04-19T01:45:31","guid":{"rendered":"https:\/\/beebipood.ee\/toode\/voodipesukomplekt-nature-love-savanna-100x135-c4-large\/"},"modified":"2025-01-09T10:50:19","modified_gmt":"2025-01-09T08:50:19","slug":"voodipesukomplekt-nature-love-savanna-100x135-c4-large","status":"publish","type":"product","link":"https:\/\/beebipood.ee\/ru\/produkt\/voodipesukomplekt-nature-love-savanna-100x135-c4-large\/","title":{"rendered":"Voodipesukomplekt Nature &#038; Love Savanna 100&#215;135, C4 Large"},"content":{"rendered":"<p>Nature &#038; Love pesule on kujundid ja disian on peale tr\u00fckitud<br \/>Koos teiste Savanna kollektsiooni toodetega loob see teie pisikesele sooja ja meeldiva atmosf\u00e4\u00e4ri<br \/>Voodipesu on valmistatud parima kvaliteediga 100% puuvillast<br \/>Nature &#038; Love voodipesu on saadaval 4 osalises komplektis, mis koosneb:<br \/>Tekikott 100 \u00d7 135 cm<br \/>Padjap\u00fc\u00fcr 40 \u00d7 60 cm<br \/>Tekk 100 \u00d7 135 cm<br \/>Padi 40 \u00d7 60 cm<br \/>Tootja kasutab ainult \u00f5rnu allergiavastaseid materjale<br \/>Easy Wash s\u00fcsteem<br \/>Sisu: 100% pol\u00fcester, antiallergiline<\/p>\n","protected":false},"excerpt":{"rendered":"<p>Nature &#038; Love pesule on kujundid ja disian on peale tr\u00fckitudKoos teiste Savanna kollektsiooni toodetega loob see teie pisikesele sooja ja meeldiva atmosf\u00e4\u00e4riVoodipesu on valmistatud parima kvaliteediga 100% puuvillastNature &#038; Love voodipesu on saadaval 4 osalises komplektis, mis koosneb:Tekikott 100 \u00d7 135 cmPadjap\u00fc\u00fcr 40 \u00d7 60 cmTekk 100 \u00d7 135 cmPadi 40 \u00d7 60 cmTootja [&hellip;]<\/p>\n","protected":false},"featured_media":110819,"template":"","meta":{"_acf_changed":false},"pwb-brand":[11946],"product_brand":[],"product_cat":[11613,11757,11789],"product_tag":[],"class_list":{"0":"post-456756","1":"product","2":"type-product","3":"status-publish","4":"has-post-thumbnail","6":"pwb-brand-klups-ru","7":"product_cat-voodipesu-ru","8":"product_cat-komplekt-4osa-ru","9":"product_cat-lastemoobel-ja-sisustus-ru","10":"pa_manufacturer-klups-ru","12":"first","13":"instock","14":"taxable","15":"shipping-taxable","16":"purchasable","17":"product-type-simple"},"exclude_global_add_ons":[],"addons":[],"acf":[],"yoast_head":"<!-- This site is optimized with the Yoast SEO plugin v27.1.1 - https:\/\/yoast.com\/product\/yoast-seo-wordpress\/ -->\n<title>Voodipesukomplekt Nature &amp; Love Savanna 100x135, C4 Large, \u041d\u041e\u0412\u042b\u0415 \u0422\u041e\u0412\u0410\u0420\u042b, \u041f\u043e\u0441\u0442\u0435\u043b\u044c\u043d\u043e\u0435 \u0431\u0435\u043b\u044c\u0435, K\u043e\u043c\u043f\u043b\u0435\u043a\u0442 \u0438\u0437 4 \u0447\u0430\u0441\u0442\u0435\u0439, M\u0435\u0431\u0435\u043b\u044c, Beebipood<\/title>\n<meta name=\"description\" content=\"Voodipesukomplekt Nature &amp; Love Savanna 100x135, C4 Large, Nature &amp; Love pesule on kujundid ja disian on peale tr&uuml;kitudKoos teiste Savanna kol\" \/>\n<meta name=\"robots\" content=\"index, follow, max-snippet:-1, max-image-preview:large, max-video-preview:-1\" \/>\n<link rel=\"canonical\" href=\"https:\/\/beebipood.ee\/ru\/produkt\/voodipesukomplekt-nature-love-savanna-100x135-c4-large\/\" \/>\n<meta property=\"og:locale\" content=\"ru_RU\" \/>\n<meta property=\"og:type\" content=\"article\" \/>\n<meta property=\"og:title\" content=\"Voodipesukomplekt Nature &amp; Love Savanna 100x135, C4 Large, \u041d\u041e\u0412\u042b\u0415 \u0422\u041e\u0412\u0410\u0420\u042b, \u041f\u043e\u0441\u0442\u0435\u043b\u044c\u043d\u043e\u0435 \u0431\u0435\u043b\u044c\u0435, K\u043e\u043c\u043f\u043b\u0435\u043a\u0442 \u0438\u0437 4 \u0447\u0430\u0441\u0442\u0435\u0439, M\u0435\u0431\u0435\u043b\u044c, Beebipood\" \/>\n<meta property=\"og:description\" content=\"Voodipesukomplekt Nature &amp; Love Savanna 100x135, C4 Large, Nature &amp; Love pesule on kujundid ja disian on peale tr&uuml;kitudKoos teiste Savanna kol\" \/>\n<meta property=\"og:url\" content=\"https:\/\/beebipood.ee\/ru\/produkt\/voodipesukomplekt-nature-love-savanna-100x135-c4-large\/\" \/>\n<meta property=\"og:site_name\" content=\"Beebipood\" \/>\n<meta property=\"article:modified_time\" content=\"2025-01-09T08:50:19+00:00\" \/>\n<meta property=\"og:image\" content=\"https:\/\/beebipood.ee\/wp-content\/uploads\/2016\/04\/Voodipesukomplekt-Nature-Love-Savanna-100x135-C4-Large-Voodipesu-Komplekt-4osa-Lastemoobel-ja-sisustus_4-b86.jpg\" \/>\n\t<meta property=\"og:image:width\" content=\"1000\" \/>\n\t<meta property=\"og:image:height\" content=\"1125\" \/>\n\t<meta property=\"og:image:type\" content=\"image\/jpeg\" \/>\n<meta name=\"twitter:card\" content=\"summary_large_image\" \/>\n<script type=\"application\/ld+json\" class=\"yoast-schema-graph\">{\"@context\":\"https:\/\/schema.org\",\"@graph\":[{\"@type\":\"WebPage\",\"@id\":\"https:\/\/beebipood.ee\/ru\/produkt\/voodipesukomplekt-nature-love-savanna-100x135-c4-large\/\",\"url\":\"https:\/\/beebipood.ee\/ru\/produkt\/voodipesukomplekt-nature-love-savanna-100x135-c4-large\/\",\"name\":\"Voodipesukomplekt Nature & Love Savanna 100x135, C4 Large, \u041d\u041e\u0412\u042b\u0415 \u0422\u041e\u0412\u0410\u0420\u042b, \u041f\u043e\u0441\u0442\u0435\u043b\u044c\u043d\u043e\u0435 \u0431\u0435\u043b\u044c\u0435, K\u043e\u043c\u043f\u043b\u0435\u043a\u0442 \u0438\u0437 4 \u0447\u0430\u0441\u0442\u0435\u0439, M\u0435\u0431\u0435\u043b\u044c, Beebipood\",\"isPartOf\":{\"@id\":\"https:\/\/beebipood.ee\/ru\/#website\"},\"primaryImageOfPage\":{\"@id\":\"https:\/\/beebipood.ee\/ru\/produkt\/voodipesukomplekt-nature-love-savanna-100x135-c4-large\/#primaryimage\"},\"image\":{\"@id\":\"https:\/\/beebipood.ee\/ru\/produkt\/voodipesukomplekt-nature-love-savanna-100x135-c4-large\/#primaryimage\"},\"thumbnailUrl\":\"https:\/\/beebipood.ee\/wp-content\/uploads\/2016\/04\/Voodipesukomplekt-Nature-Love-Savanna-100x135-C4-Large-Voodipesu-Komplekt-4osa-Lastemoobel-ja-sisustus_4-b86.jpg\",\"datePublished\":\"2016-04-19T01:45:31+00:00\",\"dateModified\":\"2025-01-09T08:50:19+00:00\",\"description\":\"Voodipesukomplekt Nature & Love Savanna 100x135, C4 Large, Nature &amp; Love pesule on kujundid ja disian on peale tr&uuml;kitudKoos teiste Savanna kol\",\"breadcrumb\":{\"@id\":\"https:\/\/beebipood.ee\/ru\/produkt\/voodipesukomplekt-nature-love-savanna-100x135-c4-large\/#breadcrumb\"},\"inLanguage\":\"ru-RU\",\"potentialAction\":[{\"@type\":\"ReadAction\",\"target\":[\"https:\/\/beebipood.ee\/ru\/produkt\/voodipesukomplekt-nature-love-savanna-100x135-c4-large\/\"]}]},{\"@type\":\"ImageObject\",\"inLanguage\":\"ru-RU\",\"@id\":\"https:\/\/beebipood.ee\/ru\/produkt\/voodipesukomplekt-nature-love-savanna-100x135-c4-large\/#primaryimage\",\"url\":\"https:\/\/beebipood.ee\/wp-content\/uploads\/2016\/04\/Voodipesukomplekt-Nature-Love-Savanna-100x135-C4-Large-Voodipesu-Komplekt-4osa-Lastemoobel-ja-sisustus_4-b86.jpg\",\"contentUrl\":\"https:\/\/beebipood.ee\/wp-content\/uploads\/2016\/04\/Voodipesukomplekt-Nature-Love-Savanna-100x135-C4-Large-Voodipesu-Komplekt-4osa-Lastemoobel-ja-sisustus_4-b86.jpg\",\"width\":1000,\"height\":1125},{\"@type\":\"BreadcrumbList\",\"@id\":\"https:\/\/beebipood.ee\/ru\/produkt\/voodipesukomplekt-nature-love-savanna-100x135-c4-large\/#breadcrumb\",\"itemListElement\":[{\"@type\":\"ListItem\",\"position\":1,\"name\":\"Home\",\"item\":\"https:\/\/beebipood.ee\/ru\/\"},{\"@type\":\"ListItem\",\"position\":2,\"name\":\"\u041a\u0430\u0442\u0430\u043b\u043e\u0433 \u0442\u043e\u0432\u0430\u0440\u043e\u0432\",\"item\":\"https:\/\/beebipood.ee\/tooted\/\"},{\"@type\":\"ListItem\",\"position\":3,\"name\":\"Voodipesukomplekt Nature &#038; Love Savanna 100&#215;135, C4 Large\"}]},{\"@type\":\"WebSite\",\"@id\":\"https:\/\/beebipood.ee\/ru\/#website\",\"url\":\"https:\/\/beebipood.ee\/ru\/\",\"name\":\"Beebipood\",\"description\":\"Lastekaubad, beebikaubad, m\u00e4nguasjad\",\"publisher\":{\"@id\":\"https:\/\/beebipood.ee\/ru\/#organization\"},\"potentialAction\":[{\"@type\":\"SearchAction\",\"target\":{\"@type\":\"EntryPoint\",\"urlTemplate\":\"https:\/\/beebipood.ee\/ru\/?s={search_term_string}\"},\"query-input\":{\"@type\":\"PropertyValueSpecification\",\"valueRequired\":true,\"valueName\":\"search_term_string\"}}],\"inLanguage\":\"ru-RU\"},{\"@type\":\"Organization\",\"@id\":\"https:\/\/beebipood.ee\/ru\/#organization\",\"name\":\"Beebipood\",\"url\":\"https:\/\/beebipood.ee\/ru\/\",\"logo\":{\"@type\":\"ImageObject\",\"inLanguage\":\"ru-RU\",\"@id\":\"https:\/\/beebipood.ee\/ru\/#\/schema\/logo\/image\/\",\"url\":\"https:\/\/beebipood.ee\/wp-content\/uploads\/2025\/03\/beebipood.ee-logo-1.svg\",\"contentUrl\":\"https:\/\/beebipood.ee\/wp-content\/uploads\/2025\/03\/beebipood.ee-logo-1.svg\",\"caption\":\"Beebipood\"},\"image\":{\"@id\":\"https:\/\/beebipood.ee\/ru\/#\/schema\/logo\/image\/\"}}]}<\/script>\n<!-- \/ Yoast SEO plugin. -->","yoast_head_json":{"title":"Voodipesukomplekt Nature & Love Savanna 100x135, C4 Large, \u041d\u041e\u0412\u042b\u0415 \u0422\u041e\u0412\u0410\u0420\u042b, \u041f\u043e\u0441\u0442\u0435\u043b\u044c\u043d\u043e\u0435 \u0431\u0435\u043b\u044c\u0435, K\u043e\u043c\u043f\u043b\u0435\u043a\u0442 \u0438\u0437 4 \u0447\u0430\u0441\u0442\u0435\u0439, M\u0435\u0431\u0435\u043b\u044c, Beebipood","description":"Voodipesukomplekt Nature & Love Savanna 100x135, C4 Large, Nature &amp; Love pesule on kujundid ja disian on peale tr&uuml;kitudKoos teiste Savanna kol","robots":{"index":"index","follow":"follow","max-snippet":"max-snippet:-1","max-image-preview":"max-image-preview:large","max-video-preview":"max-video-preview:-1"},"canonical":"https:\/\/beebipood.ee\/ru\/produkt\/voodipesukomplekt-nature-love-savanna-100x135-c4-large\/","og_locale":"ru_RU","og_type":"article","og_title":"Voodipesukomplekt Nature & Love Savanna 100x135, C4 Large, \u041d\u041e\u0412\u042b\u0415 \u0422\u041e\u0412\u0410\u0420\u042b, \u041f\u043e\u0441\u0442\u0435\u043b\u044c\u043d\u043e\u0435 \u0431\u0435\u043b\u044c\u0435, K\u043e\u043c\u043f\u043b\u0435\u043a\u0442 \u0438\u0437 4 \u0447\u0430\u0441\u0442\u0435\u0439, M\u0435\u0431\u0435\u043b\u044c, Beebipood","og_description":"Voodipesukomplekt Nature & Love Savanna 100x135, C4 Large, Nature &amp; Love pesule on kujundid ja disian on peale tr&uuml;kitudKoos teiste Savanna kol","og_url":"https:\/\/beebipood.ee\/ru\/produkt\/voodipesukomplekt-nature-love-savanna-100x135-c4-large\/","og_site_name":"Beebipood","article_modified_time":"2025-01-09T08:50:19+00:00","og_image":[{"width":1000,"height":1125,"url":"https:\/\/beebipood.ee\/wp-content\/uploads\/2016\/04\/Voodipesukomplekt-Nature-Love-Savanna-100x135-C4-Large-Voodipesu-Komplekt-4osa-Lastemoobel-ja-sisustus_4-b86.jpg","type":"image\/jpeg"}],"twitter_card":"summary_large_image","schema":{"@context":"https:\/\/schema.org","@graph":[{"@type":"WebPage","@id":"https:\/\/beebipood.ee\/ru\/produkt\/voodipesukomplekt-nature-love-savanna-100x135-c4-large\/","url":"https:\/\/beebipood.ee\/ru\/produkt\/voodipesukomplekt-nature-love-savanna-100x135-c4-large\/","name":"Voodipesukomplekt Nature & Love Savanna 100x135, C4 Large, \u041d\u041e\u0412\u042b\u0415 \u0422\u041e\u0412\u0410\u0420\u042b, \u041f\u043e\u0441\u0442\u0435\u043b\u044c\u043d\u043e\u0435 \u0431\u0435\u043b\u044c\u0435, K\u043e\u043c\u043f\u043b\u0435\u043a\u0442 \u0438\u0437 4 \u0447\u0430\u0441\u0442\u0435\u0439, M\u0435\u0431\u0435\u043b\u044c, Beebipood","isPartOf":{"@id":"https:\/\/beebipood.ee\/ru\/#website"},"primaryImageOfPage":{"@id":"https:\/\/beebipood.ee\/ru\/produkt\/voodipesukomplekt-nature-love-savanna-100x135-c4-large\/#primaryimage"},"image":{"@id":"https:\/\/beebipood.ee\/ru\/produkt\/voodipesukomplekt-nature-love-savanna-100x135-c4-large\/#primaryimage"},"thumbnailUrl":"https:\/\/beebipood.ee\/wp-content\/uploads\/2016\/04\/Voodipesukomplekt-Nature-Love-Savanna-100x135-C4-Large-Voodipesu-Komplekt-4osa-Lastemoobel-ja-sisustus_4-b86.jpg","datePublished":"2016-04-19T01:45:31+00:00","dateModified":"2025-01-09T08:50:19+00:00","description":"Voodipesukomplekt Nature & Love Savanna 100x135, C4 Large, Nature &amp; Love pesule on kujundid ja disian on peale tr&uuml;kitudKoos teiste Savanna kol","breadcrumb":{"@id":"https:\/\/beebipood.ee\/ru\/produkt\/voodipesukomplekt-nature-love-savanna-100x135-c4-large\/#breadcrumb"},"inLanguage":"ru-RU","potentialAction":[{"@type":"ReadAction","target":["https:\/\/beebipood.ee\/ru\/produkt\/voodipesukomplekt-nature-love-savanna-100x135-c4-large\/"]}]},{"@type":"ImageObject","inLanguage":"ru-RU","@id":"https:\/\/beebipood.ee\/ru\/produkt\/voodipesukomplekt-nature-love-savanna-100x135-c4-large\/#primaryimage","url":"https:\/\/beebipood.ee\/wp-content\/uploads\/2016\/04\/Voodipesukomplekt-Nature-Love-Savanna-100x135-C4-Large-Voodipesu-Komplekt-4osa-Lastemoobel-ja-sisustus_4-b86.jpg","contentUrl":"https:\/\/beebipood.ee\/wp-content\/uploads\/2016\/04\/Voodipesukomplekt-Nature-Love-Savanna-100x135-C4-Large-Voodipesu-Komplekt-4osa-Lastemoobel-ja-sisustus_4-b86.jpg","width":1000,"height":1125},{"@type":"BreadcrumbList","@id":"https:\/\/beebipood.ee\/ru\/produkt\/voodipesukomplekt-nature-love-savanna-100x135-c4-large\/#breadcrumb","itemListElement":[{"@type":"ListItem","position":1,"name":"Home","item":"https:\/\/beebipood.ee\/ru\/"},{"@type":"ListItem","position":2,"name":"\u041a\u0430\u0442\u0430\u043b\u043e\u0433 \u0442\u043e\u0432\u0430\u0440\u043e\u0432","item":"https:\/\/beebipood.ee\/tooted\/"},{"@type":"ListItem","position":3,"name":"Voodipesukomplekt Nature &#038; Love Savanna 100&#215;135, C4 Large"}]},{"@type":"WebSite","@id":"https:\/\/beebipood.ee\/ru\/#website","url":"https:\/\/beebipood.ee\/ru\/","name":"Beebipood","description":"Lastekaubad, beebikaubad, m\u00e4nguasjad","publisher":{"@id":"https:\/\/beebipood.ee\/ru\/#organization"},"potentialAction":[{"@type":"SearchAction","target":{"@type":"EntryPoint","urlTemplate":"https:\/\/beebipood.ee\/ru\/?s={search_term_string}"},"query-input":{"@type":"PropertyValueSpecification","valueRequired":true,"valueName":"search_term_string"}}],"inLanguage":"ru-RU"},{"@type":"Organization","@id":"https:\/\/beebipood.ee\/ru\/#organization","name":"Beebipood","url":"https:\/\/beebipood.ee\/ru\/","logo":{"@type":"ImageObject","inLanguage":"ru-RU","@id":"https:\/\/beebipood.ee\/ru\/#\/schema\/logo\/image\/","url":"https:\/\/beebipood.ee\/wp-content\/uploads\/2025\/03\/beebipood.ee-logo-1.svg","contentUrl":"https:\/\/beebipood.ee\/wp-content\/uploads\/2025\/03\/beebipood.ee-logo-1.svg","caption":"Beebipood"},"image":{"@id":"https:\/\/beebipood.ee\/ru\/#\/schema\/logo\/image\/"}}]}},"brands":[{"id":11946,"name":"Klups","slug":"klups-ru"}],"_links":{"self":[{"href":"https:\/\/beebipood.ee\/ru\/wp-json\/wp\/v2\/product\/456756","targetHints":{"allow":["GET"]}}],"collection":[{"href":"https:\/\/beebipood.ee\/ru\/wp-json\/wp\/v2\/product"}],"about":[{"href":"https:\/\/beebipood.ee\/ru\/wp-json\/wp\/v2\/types\/product"}],"wp:featuredmedia":[{"embeddable":true,"href":"https:\/\/beebipood.ee\/ru\/wp-json\/wp\/v2\/media\/110819"}],"wp:attachment":[{"href":"https:\/\/beebipood.ee\/ru\/wp-json\/wp\/v2\/media?parent=456756"}],"wp:term":[{"taxonomy":"pwb-brand","embeddable":true,"href":"https:\/\/beebipood.ee\/ru\/wp-json\/wp\/v2\/pwb-brand?post=456756"},{"taxonomy":"product_brand","embeddable":true,"href":"https:\/\/beebipood.ee\/ru\/wp-json\/wp\/v2\/product_brand?post=456756"},{"taxonomy":"product_cat","embeddable":true,"href":"https:\/\/beebipood.ee\/ru\/wp-json\/wp\/v2\/product_cat?post=456756"},{"taxonomy":"product_tag","embeddable":true,"href":"https:\/\/beebipood.ee\/ru\/wp-json\/wp\/v2\/product_tag?post=456756"}],"curies":[{"name":"wp","href":"https:\/\/api.w.org\/{rel}","templated":true}]}}