{"id":456762,"date":"2016-04-19T06:54:20","date_gmt":"2016-04-19T03:54:20","guid":{"rendered":"https:\/\/beebipood.ee\/toode\/voodipehmendus-nature-love-180-forest\/"},"modified":"2025-01-09T10:50:19","modified_gmt":"2025-01-09T08:50:19","slug":"voodipehmendus-nature-love-180-forest","status":"publish","type":"product","link":"https:\/\/beebipood.ee\/ru\/produkt\/voodipehmendus-nature-love-180-forest\/","title":{"rendered":"Voodipehmendus Nature &#038; Love 180, Forest"},"content":{"rendered":"<p>Nature &#038; Love seeria voodipehmendus<br \/>Sobib beebivoodile m\u00f5\u00f5tudega 60&#215;120 cm<br \/>Kangas &#8212; 100% puuvill<br \/>Sisu: 100% pol\u00fcester, allergiavastane<br \/>V\u00e4rvus: grafiit, kaunistatud volangiga<br \/>M\u00f5\u00f5dud: 30 x 180 cm<\/p>\n","protected":false},"excerpt":{"rendered":"<p>Nature &#038; Love seeria voodipehmendusSobib beebivoodile m\u00f5\u00f5tudega 60&#215;120 cmKangas &#8212; 100% puuvillSisu: 100% pol\u00fcester, allergiavastaneV\u00e4rvus: grafiit, kaunistatud volangigaM\u00f5\u00f5dud: 30 x 180 cm<\/p>\n","protected":false},"featured_media":110851,"template":"","meta":{"_acf_changed":false},"pwb-brand":[11946],"product_brand":[],"product_cat":[11613,11763,11789],"product_tag":[],"class_list":{"0":"post-456762","1":"product","2":"type-product","3":"status-publish","4":"has-post-thumbnail","6":"pwb-brand-klups-ru","7":"product_cat-voodipesu-ru","8":"product_cat-tekid-padjad-lisad-ru","9":"product_cat-lastemoobel-ja-sisustus-ru","10":"pa_manufacturer-klups-ru","12":"first","13":"instock","14":"taxable","15":"shipping-taxable","16":"purchasable","17":"product-type-simple"},"exclude_global_add_ons":[],"addons":[],"acf":[],"yoast_head":"<!-- This site is optimized with the Yoast SEO plugin v27.1.1 - https:\/\/yoast.com\/product\/yoast-seo-wordpress\/ -->\n<title>Voodipehmendus Nature &amp; Love 180, Forest, \u041d\u041e\u0412\u042b\u0415 \u0422\u041e\u0412\u0410\u0420\u042b, \u041f\u043e\u0441\u0442\u0435\u043b\u044c\u043d\u043e\u0435 \u0431\u0435\u043b\u044c\u0435, \u041e\u0434\u0435\u044f\u043b\u0430, \u043f\u043e\u0434\u0443\u0448\u043a\u0438, \u0434\u043e\u043f\u043e\u043b\u043d\u0435\u043d\u0438\u044f, M\u0435\u0431\u0435\u043b\u044c, Beebipood<\/title>\n<meta name=\"description\" content=\"Voodipehmendus Nature &amp; Love 180, Forest, Nature &amp; Love seeria voodipehmendusSobib beebivoodile m&otilde;&otilde;tudega 60x120 cmKangas - 100\" \/>\n<meta name=\"robots\" content=\"index, follow, max-snippet:-1, max-image-preview:large, max-video-preview:-1\" \/>\n<link rel=\"canonical\" href=\"https:\/\/beebipood.ee\/ru\/produkt\/voodipehmendus-nature-love-180-forest\/\" \/>\n<meta property=\"og:locale\" content=\"ru_RU\" \/>\n<meta property=\"og:type\" content=\"article\" \/>\n<meta property=\"og:title\" content=\"Voodipehmendus Nature &amp; Love 180, Forest, \u041d\u041e\u0412\u042b\u0415 \u0422\u041e\u0412\u0410\u0420\u042b, \u041f\u043e\u0441\u0442\u0435\u043b\u044c\u043d\u043e\u0435 \u0431\u0435\u043b\u044c\u0435, \u041e\u0434\u0435\u044f\u043b\u0430, \u043f\u043e\u0434\u0443\u0448\u043a\u0438, \u0434\u043e\u043f\u043e\u043b\u043d\u0435\u043d\u0438\u044f, M\u0435\u0431\u0435\u043b\u044c, Beebipood\" \/>\n<meta property=\"og:description\" content=\"Voodipehmendus Nature &amp; Love 180, Forest, Nature &amp; Love seeria voodipehmendusSobib beebivoodile m&otilde;&otilde;tudega 60x120 cmKangas - 100\" \/>\n<meta property=\"og:url\" content=\"https:\/\/beebipood.ee\/ru\/produkt\/voodipehmendus-nature-love-180-forest\/\" \/>\n<meta property=\"og:site_name\" content=\"Beebipood\" \/>\n<meta property=\"article:modified_time\" content=\"2025-01-09T08:50:19+00:00\" \/>\n<meta property=\"og:image\" content=\"https:\/\/beebipood.ee\/wp-content\/uploads\/2016\/04\/Voodipehmendus-Nature-Love-180-Forest-UUED-TOOTED-Voodipesu-Tekid-padjad-lisad-Lastemoobel-ja-sisustus_2-c6e.jpg\" \/>\n\t<meta property=\"og:image:width\" content=\"1000\" \/>\n\t<meta property=\"og:image:height\" content=\"1125\" \/>\n\t<meta property=\"og:image:type\" content=\"image\/jpeg\" \/>\n<meta name=\"twitter:card\" content=\"summary_large_image\" \/>\n<script type=\"application\/ld+json\" class=\"yoast-schema-graph\">{\"@context\":\"https:\/\/schema.org\",\"@graph\":[{\"@type\":\"WebPage\",\"@id\":\"https:\/\/beebipood.ee\/ru\/produkt\/voodipehmendus-nature-love-180-forest\/\",\"url\":\"https:\/\/beebipood.ee\/ru\/produkt\/voodipehmendus-nature-love-180-forest\/\",\"name\":\"Voodipehmendus Nature & Love 180, Forest, \u041d\u041e\u0412\u042b\u0415 \u0422\u041e\u0412\u0410\u0420\u042b, \u041f\u043e\u0441\u0442\u0435\u043b\u044c\u043d\u043e\u0435 \u0431\u0435\u043b\u044c\u0435, \u041e\u0434\u0435\u044f\u043b\u0430, \u043f\u043e\u0434\u0443\u0448\u043a\u0438, \u0434\u043e\u043f\u043e\u043b\u043d\u0435\u043d\u0438\u044f, M\u0435\u0431\u0435\u043b\u044c, Beebipood\",\"isPartOf\":{\"@id\":\"https:\/\/beebipood.ee\/ru\/#website\"},\"primaryImageOfPage\":{\"@id\":\"https:\/\/beebipood.ee\/ru\/produkt\/voodipehmendus-nature-love-180-forest\/#primaryimage\"},\"image\":{\"@id\":\"https:\/\/beebipood.ee\/ru\/produkt\/voodipehmendus-nature-love-180-forest\/#primaryimage\"},\"thumbnailUrl\":\"https:\/\/beebipood.ee\/wp-content\/uploads\/2016\/04\/Voodipehmendus-Nature-Love-180-Forest-UUED-TOOTED-Voodipesu-Tekid-padjad-lisad-Lastemoobel-ja-sisustus_2-c6e.jpg\",\"datePublished\":\"2016-04-19T03:54:20+00:00\",\"dateModified\":\"2025-01-09T08:50:19+00:00\",\"description\":\"Voodipehmendus Nature & Love 180, Forest, Nature &amp; Love seeria voodipehmendusSobib beebivoodile m&otilde;&otilde;tudega 60x120 cmKangas - 100\",\"breadcrumb\":{\"@id\":\"https:\/\/beebipood.ee\/ru\/produkt\/voodipehmendus-nature-love-180-forest\/#breadcrumb\"},\"inLanguage\":\"ru-RU\",\"potentialAction\":[{\"@type\":\"ReadAction\",\"target\":[\"https:\/\/beebipood.ee\/ru\/produkt\/voodipehmendus-nature-love-180-forest\/\"]}]},{\"@type\":\"ImageObject\",\"inLanguage\":\"ru-RU\",\"@id\":\"https:\/\/beebipood.ee\/ru\/produkt\/voodipehmendus-nature-love-180-forest\/#primaryimage\",\"url\":\"https:\/\/beebipood.ee\/wp-content\/uploads\/2016\/04\/Voodipehmendus-Nature-Love-180-Forest-UUED-TOOTED-Voodipesu-Tekid-padjad-lisad-Lastemoobel-ja-sisustus_2-c6e.jpg\",\"contentUrl\":\"https:\/\/beebipood.ee\/wp-content\/uploads\/2016\/04\/Voodipehmendus-Nature-Love-180-Forest-UUED-TOOTED-Voodipesu-Tekid-padjad-lisad-Lastemoobel-ja-sisustus_2-c6e.jpg\",\"width\":1000,\"height\":1125},{\"@type\":\"BreadcrumbList\",\"@id\":\"https:\/\/beebipood.ee\/ru\/produkt\/voodipehmendus-nature-love-180-forest\/#breadcrumb\",\"itemListElement\":[{\"@type\":\"ListItem\",\"position\":1,\"name\":\"Home\",\"item\":\"https:\/\/beebipood.ee\/ru\/\"},{\"@type\":\"ListItem\",\"position\":2,\"name\":\"\u041a\u0430\u0442\u0430\u043b\u043e\u0433 \u0442\u043e\u0432\u0430\u0440\u043e\u0432\",\"item\":\"https:\/\/beebipood.ee\/tooted\/\"},{\"@type\":\"ListItem\",\"position\":3,\"name\":\"Voodipehmendus Nature &#038; Love 180, Forest\"}]},{\"@type\":\"WebSite\",\"@id\":\"https:\/\/beebipood.ee\/ru\/#website\",\"url\":\"https:\/\/beebipood.ee\/ru\/\",\"name\":\"Beebipood\",\"description\":\"Lastekaubad, beebikaubad, m\u00e4nguasjad\",\"publisher\":{\"@id\":\"https:\/\/beebipood.ee\/ru\/#organization\"},\"potentialAction\":[{\"@type\":\"SearchAction\",\"target\":{\"@type\":\"EntryPoint\",\"urlTemplate\":\"https:\/\/beebipood.ee\/ru\/?s={search_term_string}\"},\"query-input\":{\"@type\":\"PropertyValueSpecification\",\"valueRequired\":true,\"valueName\":\"search_term_string\"}}],\"inLanguage\":\"ru-RU\"},{\"@type\":\"Organization\",\"@id\":\"https:\/\/beebipood.ee\/ru\/#organization\",\"name\":\"Beebipood\",\"url\":\"https:\/\/beebipood.ee\/ru\/\",\"logo\":{\"@type\":\"ImageObject\",\"inLanguage\":\"ru-RU\",\"@id\":\"https:\/\/beebipood.ee\/ru\/#\/schema\/logo\/image\/\",\"url\":\"https:\/\/beebipood.ee\/wp-content\/uploads\/2025\/03\/beebipood.ee-logo-1.svg\",\"contentUrl\":\"https:\/\/beebipood.ee\/wp-content\/uploads\/2025\/03\/beebipood.ee-logo-1.svg\",\"caption\":\"Beebipood\"},\"image\":{\"@id\":\"https:\/\/beebipood.ee\/ru\/#\/schema\/logo\/image\/\"}}]}<\/script>\n<!-- \/ Yoast SEO plugin. -->","yoast_head_json":{"title":"Voodipehmendus Nature & Love 180, Forest, \u041d\u041e\u0412\u042b\u0415 \u0422\u041e\u0412\u0410\u0420\u042b, \u041f\u043e\u0441\u0442\u0435\u043b\u044c\u043d\u043e\u0435 \u0431\u0435\u043b\u044c\u0435, \u041e\u0434\u0435\u044f\u043b\u0430, \u043f\u043e\u0434\u0443\u0448\u043a\u0438, \u0434\u043e\u043f\u043e\u043b\u043d\u0435\u043d\u0438\u044f, M\u0435\u0431\u0435\u043b\u044c, Beebipood","description":"Voodipehmendus Nature & Love 180, Forest, Nature &amp; Love seeria voodipehmendusSobib beebivoodile m&otilde;&otilde;tudega 60x120 cmKangas - 100","robots":{"index":"index","follow":"follow","max-snippet":"max-snippet:-1","max-image-preview":"max-image-preview:large","max-video-preview":"max-video-preview:-1"},"canonical":"https:\/\/beebipood.ee\/ru\/produkt\/voodipehmendus-nature-love-180-forest\/","og_locale":"ru_RU","og_type":"article","og_title":"Voodipehmendus Nature & Love 180, Forest, \u041d\u041e\u0412\u042b\u0415 \u0422\u041e\u0412\u0410\u0420\u042b, \u041f\u043e\u0441\u0442\u0435\u043b\u044c\u043d\u043e\u0435 \u0431\u0435\u043b\u044c\u0435, \u041e\u0434\u0435\u044f\u043b\u0430, \u043f\u043e\u0434\u0443\u0448\u043a\u0438, \u0434\u043e\u043f\u043e\u043b\u043d\u0435\u043d\u0438\u044f, M\u0435\u0431\u0435\u043b\u044c, Beebipood","og_description":"Voodipehmendus Nature & Love 180, Forest, Nature &amp; Love seeria voodipehmendusSobib beebivoodile m&otilde;&otilde;tudega 60x120 cmKangas - 100","og_url":"https:\/\/beebipood.ee\/ru\/produkt\/voodipehmendus-nature-love-180-forest\/","og_site_name":"Beebipood","article_modified_time":"2025-01-09T08:50:19+00:00","og_image":[{"width":1000,"height":1125,"url":"https:\/\/beebipood.ee\/wp-content\/uploads\/2016\/04\/Voodipehmendus-Nature-Love-180-Forest-UUED-TOOTED-Voodipesu-Tekid-padjad-lisad-Lastemoobel-ja-sisustus_2-c6e.jpg","type":"image\/jpeg"}],"twitter_card":"summary_large_image","schema":{"@context":"https:\/\/schema.org","@graph":[{"@type":"WebPage","@id":"https:\/\/beebipood.ee\/ru\/produkt\/voodipehmendus-nature-love-180-forest\/","url":"https:\/\/beebipood.ee\/ru\/produkt\/voodipehmendus-nature-love-180-forest\/","name":"Voodipehmendus Nature & Love 180, Forest, \u041d\u041e\u0412\u042b\u0415 \u0422\u041e\u0412\u0410\u0420\u042b, \u041f\u043e\u0441\u0442\u0435\u043b\u044c\u043d\u043e\u0435 \u0431\u0435\u043b\u044c\u0435, \u041e\u0434\u0435\u044f\u043b\u0430, \u043f\u043e\u0434\u0443\u0448\u043a\u0438, \u0434\u043e\u043f\u043e\u043b\u043d\u0435\u043d\u0438\u044f, M\u0435\u0431\u0435\u043b\u044c, Beebipood","isPartOf":{"@id":"https:\/\/beebipood.ee\/ru\/#website"},"primaryImageOfPage":{"@id":"https:\/\/beebipood.ee\/ru\/produkt\/voodipehmendus-nature-love-180-forest\/#primaryimage"},"image":{"@id":"https:\/\/beebipood.ee\/ru\/produkt\/voodipehmendus-nature-love-180-forest\/#primaryimage"},"thumbnailUrl":"https:\/\/beebipood.ee\/wp-content\/uploads\/2016\/04\/Voodipehmendus-Nature-Love-180-Forest-UUED-TOOTED-Voodipesu-Tekid-padjad-lisad-Lastemoobel-ja-sisustus_2-c6e.jpg","datePublished":"2016-04-19T03:54:20+00:00","dateModified":"2025-01-09T08:50:19+00:00","description":"Voodipehmendus Nature & Love 180, Forest, Nature &amp; Love seeria voodipehmendusSobib beebivoodile m&otilde;&otilde;tudega 60x120 cmKangas - 100","breadcrumb":{"@id":"https:\/\/beebipood.ee\/ru\/produkt\/voodipehmendus-nature-love-180-forest\/#breadcrumb"},"inLanguage":"ru-RU","potentialAction":[{"@type":"ReadAction","target":["https:\/\/beebipood.ee\/ru\/produkt\/voodipehmendus-nature-love-180-forest\/"]}]},{"@type":"ImageObject","inLanguage":"ru-RU","@id":"https:\/\/beebipood.ee\/ru\/produkt\/voodipehmendus-nature-love-180-forest\/#primaryimage","url":"https:\/\/beebipood.ee\/wp-content\/uploads\/2016\/04\/Voodipehmendus-Nature-Love-180-Forest-UUED-TOOTED-Voodipesu-Tekid-padjad-lisad-Lastemoobel-ja-sisustus_2-c6e.jpg","contentUrl":"https:\/\/beebipood.ee\/wp-content\/uploads\/2016\/04\/Voodipehmendus-Nature-Love-180-Forest-UUED-TOOTED-Voodipesu-Tekid-padjad-lisad-Lastemoobel-ja-sisustus_2-c6e.jpg","width":1000,"height":1125},{"@type":"BreadcrumbList","@id":"https:\/\/beebipood.ee\/ru\/produkt\/voodipehmendus-nature-love-180-forest\/#breadcrumb","itemListElement":[{"@type":"ListItem","position":1,"name":"Home","item":"https:\/\/beebipood.ee\/ru\/"},{"@type":"ListItem","position":2,"name":"\u041a\u0430\u0442\u0430\u043b\u043e\u0433 \u0442\u043e\u0432\u0430\u0440\u043e\u0432","item":"https:\/\/beebipood.ee\/tooted\/"},{"@type":"ListItem","position":3,"name":"Voodipehmendus Nature &#038; Love 180, Forest"}]},{"@type":"WebSite","@id":"https:\/\/beebipood.ee\/ru\/#website","url":"https:\/\/beebipood.ee\/ru\/","name":"Beebipood","description":"Lastekaubad, beebikaubad, m\u00e4nguasjad","publisher":{"@id":"https:\/\/beebipood.ee\/ru\/#organization"},"potentialAction":[{"@type":"SearchAction","target":{"@type":"EntryPoint","urlTemplate":"https:\/\/beebipood.ee\/ru\/?s={search_term_string}"},"query-input":{"@type":"PropertyValueSpecification","valueRequired":true,"valueName":"search_term_string"}}],"inLanguage":"ru-RU"},{"@type":"Organization","@id":"https:\/\/beebipood.ee\/ru\/#organization","name":"Beebipood","url":"https:\/\/beebipood.ee\/ru\/","logo":{"@type":"ImageObject","inLanguage":"ru-RU","@id":"https:\/\/beebipood.ee\/ru\/#\/schema\/logo\/image\/","url":"https:\/\/beebipood.ee\/wp-content\/uploads\/2025\/03\/beebipood.ee-logo-1.svg","contentUrl":"https:\/\/beebipood.ee\/wp-content\/uploads\/2025\/03\/beebipood.ee-logo-1.svg","caption":"Beebipood"},"image":{"@id":"https:\/\/beebipood.ee\/ru\/#\/schema\/logo\/image\/"}}]}},"brands":[{"id":11946,"name":"Klups","slug":"klups-ru"}],"_links":{"self":[{"href":"https:\/\/beebipood.ee\/ru\/wp-json\/wp\/v2\/product\/456762","targetHints":{"allow":["GET"]}}],"collection":[{"href":"https:\/\/beebipood.ee\/ru\/wp-json\/wp\/v2\/product"}],"about":[{"href":"https:\/\/beebipood.ee\/ru\/wp-json\/wp\/v2\/types\/product"}],"wp:featuredmedia":[{"embeddable":true,"href":"https:\/\/beebipood.ee\/ru\/wp-json\/wp\/v2\/media\/110851"}],"wp:attachment":[{"href":"https:\/\/beebipood.ee\/ru\/wp-json\/wp\/v2\/media?parent=456762"}],"wp:term":[{"taxonomy":"pwb-brand","embeddable":true,"href":"https:\/\/beebipood.ee\/ru\/wp-json\/wp\/v2\/pwb-brand?post=456762"},{"taxonomy":"product_brand","embeddable":true,"href":"https:\/\/beebipood.ee\/ru\/wp-json\/wp\/v2\/product_brand?post=456762"},{"taxonomy":"product_cat","embeddable":true,"href":"https:\/\/beebipood.ee\/ru\/wp-json\/wp\/v2\/product_cat?post=456762"},{"taxonomy":"product_tag","embeddable":true,"href":"https:\/\/beebipood.ee\/ru\/wp-json\/wp\/v2\/product_tag?post=456762"}],"curies":[{"name":"wp","href":"https:\/\/api.w.org\/{rel}","templated":true}]}}