{"id":456800,"date":"2016-04-20T08:09:13","date_gmt":"2016-04-20T05:09:13","guid":{"rendered":"https:\/\/beebipood.ee\/toode\/babydan-turvavarava-lisasektsioonid-white\/"},"modified":"2025-03-04T11:27:47","modified_gmt":"2025-03-04T09:27:47","slug":"babydan-turvavarava-lisasektsioonid-white","status":"publish","type":"product","link":"https:\/\/beebipood.ee\/ru\/produkt\/babydan-turvavarava-lisasektsioonid-white\/","title":{"rendered":"BabyDan turvav\u00e4rava lisasektsioonid, White"},"content":{"rendered":"<p><span>Patenteeritud laiendus s\u00fcsteem on valmistatud metallist<\/span><br \/><span>ning sobitub k\u00f5igi surve abil kinnituvate turvav\u00e4ravatega.<\/span><br \/><span>Komplektis\u00a0<\/span><span style=\"text-decoration: underline;\"><strong>2 laiendust.<\/strong><\/span><\/p>\n<p><span>Sobib mudelitele:<\/span><br \/><span>Asta \/ Premier<\/span><br \/><span>Avantgarde<\/span><br \/><span>Anne \/ Two-way auto close<\/span><br \/><span>Lise \/ Slimfit<\/span><br \/><span>Lihtne paigaldus &#8212; k\u00f5ik vajalik on juba karbis olemas.<\/span><br \/><span>\u00dcks lisasektsioon annab juurde 7cm.<\/span><br \/><span>Toode sisaldab:<\/span><br \/><span>2 x 7cm laiendus<\/span><br \/><span>Toodetud Taanis.<\/span><\/p>\n","protected":false},"excerpt":{"rendered":"<p>Patenteeritud laiendus s\u00fcsteem on valmistatud metallistning sobitub k\u00f5igi surve abil kinnituvate turvav\u00e4ravatega.Komplektis\u00a02 laiendust. Sobib mudelitele:Asta \/ PremierAvantgardeAnne \/ Two-way auto closeLise \/ SlimfitLihtne paigaldus &#8212; k\u00f5ik vajalik on juba karbis olemas.\u00dcks lisasektsioon annab juurde 7cm.Toode sisaldab:2 x 7cm laiendusToodetud Taanis.<\/p>\n","protected":false},"featured_media":110975,"template":"","meta":{"_acf_changed":false},"pwb-brand":[11971],"product_brand":[],"product_cat":[11703,11705,11791],"product_tag":[],"class_list":{"0":"post-456800","1":"product","2":"type-product","3":"status-publish","4":"has-post-thumbnail","6":"pwb-brand-babydan-ru","7":"product_cat-turvalisus-maneezid-turvavaravad-piirded-ru","8":"product_cat-turvavaravad-ru","9":"product_cat-turvavarustus-ru","10":"pa_manufacturer-babydan-ru","12":"first","13":"onbackorder","14":"taxable","15":"shipping-taxable","16":"purchasable","17":"product-type-simple"},"exclude_global_add_ons":[],"addons":[],"acf":[],"yoast_head":"<!-- This site is optimized with the Yoast SEO plugin v27.1.1 - https:\/\/yoast.com\/product\/yoast-seo-wordpress\/ -->\n<title>BabyDan turvav\u00e4rava lisasektsioonid, White, \u041d\u041e\u0412\u042b\u0415 \u0422\u041e\u0412\u0410\u0420\u042b, \u0411\u0435\u0437\u043e\u043f\u0430\u0441\u043d\u043e\u0441\u0442\u044c, \u0432\u043e\u0440\u043e\u0442\u0430 \u0431\u0435\u0437\u043e\u043f\u0430\u0441\u043d\u043e\u0441\u0442\u0438,\u043c\u0430\u043d\u0435\u0436\u0438, \u0412\u043e\u0440\u043e\u0442\u0430 \u0431\u0435\u0437\u043e\u043f\u0430\u0441\u043d\u043e\u0441\u0442\u0438, \u0421\u043d\u0430\u0440\u044f\u0436\u0435\u043d\u0438\u044f \u0431\u0435\u0437\u043e\u043f\u0430\u0441\u043d\u043e\u0441\u0442\u0438, Beebipood<\/title>\n<meta name=\"description\" content=\"BabyDan turvav\u00e4rava lisasektsioonid, White, Patenteeritud laiendus s&uuml;steem on valmistatud metallistning sobitub k&otilde;igi s\" \/>\n<meta name=\"robots\" content=\"index, follow, max-snippet:-1, max-image-preview:large, max-video-preview:-1\" \/>\n<link rel=\"canonical\" href=\"https:\/\/beebipood.ee\/ru\/produkt\/babydan-turvavarava-lisasektsioonid-white\/\" \/>\n<meta property=\"og:locale\" content=\"ru_RU\" \/>\n<meta property=\"og:type\" content=\"article\" \/>\n<meta property=\"og:title\" content=\"BabyDan turvav\u00e4rava lisasektsioonid, White, \u041d\u041e\u0412\u042b\u0415 \u0422\u041e\u0412\u0410\u0420\u042b, \u0411\u0435\u0437\u043e\u043f\u0430\u0441\u043d\u043e\u0441\u0442\u044c, \u0432\u043e\u0440\u043e\u0442\u0430 \u0431\u0435\u0437\u043e\u043f\u0430\u0441\u043d\u043e\u0441\u0442\u0438,\u043c\u0430\u043d\u0435\u0436\u0438, \u0412\u043e\u0440\u043e\u0442\u0430 \u0431\u0435\u0437\u043e\u043f\u0430\u0441\u043d\u043e\u0441\u0442\u0438, \u0421\u043d\u0430\u0440\u044f\u0436\u0435\u043d\u0438\u044f \u0431\u0435\u0437\u043e\u043f\u0430\u0441\u043d\u043e\u0441\u0442\u0438, Beebipood\" \/>\n<meta property=\"og:description\" content=\"BabyDan turvav\u00e4rava lisasektsioonid, White, Patenteeritud laiendus s&uuml;steem on valmistatud metallistning sobitub k&otilde;igi s\" \/>\n<meta property=\"og:url\" content=\"https:\/\/beebipood.ee\/ru\/produkt\/babydan-turvavarava-lisasektsioonid-white\/\" \/>\n<meta property=\"og:site_name\" content=\"Beebipood\" \/>\n<meta property=\"article:modified_time\" content=\"2025-03-04T09:27:47+00:00\" \/>\n<meta property=\"og:image\" content=\"https:\/\/beebipood.ee\/wp-content\/uploads\/2016\/04\/BabyDan-turvavarava-lisasektsioonid-White-UUED-TOOTED-Turvalisus-maneeid-turvavaravad-piirded-Turvavaravad-Turvavarustus_1-8cc.jpg\" \/>\n\t<meta property=\"og:image:width\" content=\"1077\" \/>\n\t<meta property=\"og:image:height\" content=\"1077\" \/>\n\t<meta property=\"og:image:type\" content=\"image\/jpeg\" \/>\n<meta name=\"twitter:card\" content=\"summary_large_image\" \/>\n<script type=\"application\/ld+json\" class=\"yoast-schema-graph\">{\"@context\":\"https:\/\/schema.org\",\"@graph\":[{\"@type\":\"WebPage\",\"@id\":\"https:\/\/beebipood.ee\/ru\/produkt\/babydan-turvavarava-lisasektsioonid-white\/\",\"url\":\"https:\/\/beebipood.ee\/ru\/produkt\/babydan-turvavarava-lisasektsioonid-white\/\",\"name\":\"BabyDan turvav\u00e4rava lisasektsioonid, White, \u041d\u041e\u0412\u042b\u0415 \u0422\u041e\u0412\u0410\u0420\u042b, \u0411\u0435\u0437\u043e\u043f\u0430\u0441\u043d\u043e\u0441\u0442\u044c, \u0432\u043e\u0440\u043e\u0442\u0430 \u0431\u0435\u0437\u043e\u043f\u0430\u0441\u043d\u043e\u0441\u0442\u0438,\u043c\u0430\u043d\u0435\u0436\u0438, \u0412\u043e\u0440\u043e\u0442\u0430 \u0431\u0435\u0437\u043e\u043f\u0430\u0441\u043d\u043e\u0441\u0442\u0438, \u0421\u043d\u0430\u0440\u044f\u0436\u0435\u043d\u0438\u044f \u0431\u0435\u0437\u043e\u043f\u0430\u0441\u043d\u043e\u0441\u0442\u0438, Beebipood\",\"isPartOf\":{\"@id\":\"https:\/\/beebipood.ee\/ru\/#website\"},\"primaryImageOfPage\":{\"@id\":\"https:\/\/beebipood.ee\/ru\/produkt\/babydan-turvavarava-lisasektsioonid-white\/#primaryimage\"},\"image\":{\"@id\":\"https:\/\/beebipood.ee\/ru\/produkt\/babydan-turvavarava-lisasektsioonid-white\/#primaryimage\"},\"thumbnailUrl\":\"https:\/\/beebipood.ee\/wp-content\/uploads\/2016\/04\/BabyDan-turvavarava-lisasektsioonid-White-UUED-TOOTED-Turvalisus-maneeid-turvavaravad-piirded-Turvavaravad-Turvavarustus_1-8cc.jpg\",\"datePublished\":\"2016-04-20T05:09:13+00:00\",\"dateModified\":\"2025-03-04T09:27:47+00:00\",\"description\":\"BabyDan turvav\u00e4rava lisasektsioonid, White, Patenteeritud laiendus s&uuml;steem on valmistatud metallistning sobitub k&otilde;igi s\",\"breadcrumb\":{\"@id\":\"https:\/\/beebipood.ee\/ru\/produkt\/babydan-turvavarava-lisasektsioonid-white\/#breadcrumb\"},\"inLanguage\":\"ru-RU\",\"potentialAction\":[{\"@type\":\"ReadAction\",\"target\":[\"https:\/\/beebipood.ee\/ru\/produkt\/babydan-turvavarava-lisasektsioonid-white\/\"]}]},{\"@type\":\"ImageObject\",\"inLanguage\":\"ru-RU\",\"@id\":\"https:\/\/beebipood.ee\/ru\/produkt\/babydan-turvavarava-lisasektsioonid-white\/#primaryimage\",\"url\":\"https:\/\/beebipood.ee\/wp-content\/uploads\/2016\/04\/BabyDan-turvavarava-lisasektsioonid-White-UUED-TOOTED-Turvalisus-maneeid-turvavaravad-piirded-Turvavaravad-Turvavarustus_1-8cc.jpg\",\"contentUrl\":\"https:\/\/beebipood.ee\/wp-content\/uploads\/2016\/04\/BabyDan-turvavarava-lisasektsioonid-White-UUED-TOOTED-Turvalisus-maneeid-turvavaravad-piirded-Turvavaravad-Turvavarustus_1-8cc.jpg\",\"width\":1077,\"height\":1077},{\"@type\":\"BreadcrumbList\",\"@id\":\"https:\/\/beebipood.ee\/ru\/produkt\/babydan-turvavarava-lisasektsioonid-white\/#breadcrumb\",\"itemListElement\":[{\"@type\":\"ListItem\",\"position\":1,\"name\":\"Home\",\"item\":\"https:\/\/beebipood.ee\/ru\/\"},{\"@type\":\"ListItem\",\"position\":2,\"name\":\"\u041a\u0430\u0442\u0430\u043b\u043e\u0433 \u0442\u043e\u0432\u0430\u0440\u043e\u0432\",\"item\":\"https:\/\/beebipood.ee\/tooted\/\"},{\"@type\":\"ListItem\",\"position\":3,\"name\":\"BabyDan turvav\u00e4rava lisasektsioonid, White\"}]},{\"@type\":\"WebSite\",\"@id\":\"https:\/\/beebipood.ee\/ru\/#website\",\"url\":\"https:\/\/beebipood.ee\/ru\/\",\"name\":\"Beebipood\",\"description\":\"Lastekaubad, beebikaubad, m\u00e4nguasjad\",\"publisher\":{\"@id\":\"https:\/\/beebipood.ee\/ru\/#organization\"},\"potentialAction\":[{\"@type\":\"SearchAction\",\"target\":{\"@type\":\"EntryPoint\",\"urlTemplate\":\"https:\/\/beebipood.ee\/ru\/?s={search_term_string}\"},\"query-input\":{\"@type\":\"PropertyValueSpecification\",\"valueRequired\":true,\"valueName\":\"search_term_string\"}}],\"inLanguage\":\"ru-RU\"},{\"@type\":\"Organization\",\"@id\":\"https:\/\/beebipood.ee\/ru\/#organization\",\"name\":\"Beebipood\",\"url\":\"https:\/\/beebipood.ee\/ru\/\",\"logo\":{\"@type\":\"ImageObject\",\"inLanguage\":\"ru-RU\",\"@id\":\"https:\/\/beebipood.ee\/ru\/#\/schema\/logo\/image\/\",\"url\":\"https:\/\/beebipood.ee\/wp-content\/uploads\/2025\/03\/beebipood.ee-logo-1.svg\",\"contentUrl\":\"https:\/\/beebipood.ee\/wp-content\/uploads\/2025\/03\/beebipood.ee-logo-1.svg\",\"caption\":\"Beebipood\"},\"image\":{\"@id\":\"https:\/\/beebipood.ee\/ru\/#\/schema\/logo\/image\/\"}}]}<\/script>\n<!-- \/ Yoast SEO plugin. -->","yoast_head_json":{"title":"BabyDan turvav\u00e4rava lisasektsioonid, White, \u041d\u041e\u0412\u042b\u0415 \u0422\u041e\u0412\u0410\u0420\u042b, \u0411\u0435\u0437\u043e\u043f\u0430\u0441\u043d\u043e\u0441\u0442\u044c, \u0432\u043e\u0440\u043e\u0442\u0430 \u0431\u0435\u0437\u043e\u043f\u0430\u0441\u043d\u043e\u0441\u0442\u0438,\u043c\u0430\u043d\u0435\u0436\u0438, \u0412\u043e\u0440\u043e\u0442\u0430 \u0431\u0435\u0437\u043e\u043f\u0430\u0441\u043d\u043e\u0441\u0442\u0438, \u0421\u043d\u0430\u0440\u044f\u0436\u0435\u043d\u0438\u044f \u0431\u0435\u0437\u043e\u043f\u0430\u0441\u043d\u043e\u0441\u0442\u0438, Beebipood","description":"BabyDan turvav\u00e4rava lisasektsioonid, White, Patenteeritud laiendus s&uuml;steem on valmistatud metallistning sobitub k&otilde;igi s","robots":{"index":"index","follow":"follow","max-snippet":"max-snippet:-1","max-image-preview":"max-image-preview:large","max-video-preview":"max-video-preview:-1"},"canonical":"https:\/\/beebipood.ee\/ru\/produkt\/babydan-turvavarava-lisasektsioonid-white\/","og_locale":"ru_RU","og_type":"article","og_title":"BabyDan turvav\u00e4rava lisasektsioonid, White, \u041d\u041e\u0412\u042b\u0415 \u0422\u041e\u0412\u0410\u0420\u042b, \u0411\u0435\u0437\u043e\u043f\u0430\u0441\u043d\u043e\u0441\u0442\u044c, \u0432\u043e\u0440\u043e\u0442\u0430 \u0431\u0435\u0437\u043e\u043f\u0430\u0441\u043d\u043e\u0441\u0442\u0438,\u043c\u0430\u043d\u0435\u0436\u0438, \u0412\u043e\u0440\u043e\u0442\u0430 \u0431\u0435\u0437\u043e\u043f\u0430\u0441\u043d\u043e\u0441\u0442\u0438, \u0421\u043d\u0430\u0440\u044f\u0436\u0435\u043d\u0438\u044f \u0431\u0435\u0437\u043e\u043f\u0430\u0441\u043d\u043e\u0441\u0442\u0438, Beebipood","og_description":"BabyDan turvav\u00e4rava lisasektsioonid, White, Patenteeritud laiendus s&uuml;steem on valmistatud metallistning sobitub k&otilde;igi s","og_url":"https:\/\/beebipood.ee\/ru\/produkt\/babydan-turvavarava-lisasektsioonid-white\/","og_site_name":"Beebipood","article_modified_time":"2025-03-04T09:27:47+00:00","og_image":[{"width":1077,"height":1077,"url":"https:\/\/beebipood.ee\/wp-content\/uploads\/2016\/04\/BabyDan-turvavarava-lisasektsioonid-White-UUED-TOOTED-Turvalisus-maneeid-turvavaravad-piirded-Turvavaravad-Turvavarustus_1-8cc.jpg","type":"image\/jpeg"}],"twitter_card":"summary_large_image","schema":{"@context":"https:\/\/schema.org","@graph":[{"@type":"WebPage","@id":"https:\/\/beebipood.ee\/ru\/produkt\/babydan-turvavarava-lisasektsioonid-white\/","url":"https:\/\/beebipood.ee\/ru\/produkt\/babydan-turvavarava-lisasektsioonid-white\/","name":"BabyDan turvav\u00e4rava lisasektsioonid, White, \u041d\u041e\u0412\u042b\u0415 \u0422\u041e\u0412\u0410\u0420\u042b, \u0411\u0435\u0437\u043e\u043f\u0430\u0441\u043d\u043e\u0441\u0442\u044c, \u0432\u043e\u0440\u043e\u0442\u0430 \u0431\u0435\u0437\u043e\u043f\u0430\u0441\u043d\u043e\u0441\u0442\u0438,\u043c\u0430\u043d\u0435\u0436\u0438, \u0412\u043e\u0440\u043e\u0442\u0430 \u0431\u0435\u0437\u043e\u043f\u0430\u0441\u043d\u043e\u0441\u0442\u0438, \u0421\u043d\u0430\u0440\u044f\u0436\u0435\u043d\u0438\u044f \u0431\u0435\u0437\u043e\u043f\u0430\u0441\u043d\u043e\u0441\u0442\u0438, Beebipood","isPartOf":{"@id":"https:\/\/beebipood.ee\/ru\/#website"},"primaryImageOfPage":{"@id":"https:\/\/beebipood.ee\/ru\/produkt\/babydan-turvavarava-lisasektsioonid-white\/#primaryimage"},"image":{"@id":"https:\/\/beebipood.ee\/ru\/produkt\/babydan-turvavarava-lisasektsioonid-white\/#primaryimage"},"thumbnailUrl":"https:\/\/beebipood.ee\/wp-content\/uploads\/2016\/04\/BabyDan-turvavarava-lisasektsioonid-White-UUED-TOOTED-Turvalisus-maneeid-turvavaravad-piirded-Turvavaravad-Turvavarustus_1-8cc.jpg","datePublished":"2016-04-20T05:09:13+00:00","dateModified":"2025-03-04T09:27:47+00:00","description":"BabyDan turvav\u00e4rava lisasektsioonid, White, Patenteeritud laiendus s&uuml;steem on valmistatud metallistning sobitub k&otilde;igi s","breadcrumb":{"@id":"https:\/\/beebipood.ee\/ru\/produkt\/babydan-turvavarava-lisasektsioonid-white\/#breadcrumb"},"inLanguage":"ru-RU","potentialAction":[{"@type":"ReadAction","target":["https:\/\/beebipood.ee\/ru\/produkt\/babydan-turvavarava-lisasektsioonid-white\/"]}]},{"@type":"ImageObject","inLanguage":"ru-RU","@id":"https:\/\/beebipood.ee\/ru\/produkt\/babydan-turvavarava-lisasektsioonid-white\/#primaryimage","url":"https:\/\/beebipood.ee\/wp-content\/uploads\/2016\/04\/BabyDan-turvavarava-lisasektsioonid-White-UUED-TOOTED-Turvalisus-maneeid-turvavaravad-piirded-Turvavaravad-Turvavarustus_1-8cc.jpg","contentUrl":"https:\/\/beebipood.ee\/wp-content\/uploads\/2016\/04\/BabyDan-turvavarava-lisasektsioonid-White-UUED-TOOTED-Turvalisus-maneeid-turvavaravad-piirded-Turvavaravad-Turvavarustus_1-8cc.jpg","width":1077,"height":1077},{"@type":"BreadcrumbList","@id":"https:\/\/beebipood.ee\/ru\/produkt\/babydan-turvavarava-lisasektsioonid-white\/#breadcrumb","itemListElement":[{"@type":"ListItem","position":1,"name":"Home","item":"https:\/\/beebipood.ee\/ru\/"},{"@type":"ListItem","position":2,"name":"\u041a\u0430\u0442\u0430\u043b\u043e\u0433 \u0442\u043e\u0432\u0430\u0440\u043e\u0432","item":"https:\/\/beebipood.ee\/tooted\/"},{"@type":"ListItem","position":3,"name":"BabyDan turvav\u00e4rava lisasektsioonid, White"}]},{"@type":"WebSite","@id":"https:\/\/beebipood.ee\/ru\/#website","url":"https:\/\/beebipood.ee\/ru\/","name":"Beebipood","description":"Lastekaubad, beebikaubad, m\u00e4nguasjad","publisher":{"@id":"https:\/\/beebipood.ee\/ru\/#organization"},"potentialAction":[{"@type":"SearchAction","target":{"@type":"EntryPoint","urlTemplate":"https:\/\/beebipood.ee\/ru\/?s={search_term_string}"},"query-input":{"@type":"PropertyValueSpecification","valueRequired":true,"valueName":"search_term_string"}}],"inLanguage":"ru-RU"},{"@type":"Organization","@id":"https:\/\/beebipood.ee\/ru\/#organization","name":"Beebipood","url":"https:\/\/beebipood.ee\/ru\/","logo":{"@type":"ImageObject","inLanguage":"ru-RU","@id":"https:\/\/beebipood.ee\/ru\/#\/schema\/logo\/image\/","url":"https:\/\/beebipood.ee\/wp-content\/uploads\/2025\/03\/beebipood.ee-logo-1.svg","contentUrl":"https:\/\/beebipood.ee\/wp-content\/uploads\/2025\/03\/beebipood.ee-logo-1.svg","caption":"Beebipood"},"image":{"@id":"https:\/\/beebipood.ee\/ru\/#\/schema\/logo\/image\/"}}]}},"brands":[{"id":11971,"name":"BabyDan","slug":"babydan-ru"}],"_links":{"self":[{"href":"https:\/\/beebipood.ee\/ru\/wp-json\/wp\/v2\/product\/456800","targetHints":{"allow":["GET"]}}],"collection":[{"href":"https:\/\/beebipood.ee\/ru\/wp-json\/wp\/v2\/product"}],"about":[{"href":"https:\/\/beebipood.ee\/ru\/wp-json\/wp\/v2\/types\/product"}],"wp:featuredmedia":[{"embeddable":true,"href":"https:\/\/beebipood.ee\/ru\/wp-json\/wp\/v2\/media\/110975"}],"wp:attachment":[{"href":"https:\/\/beebipood.ee\/ru\/wp-json\/wp\/v2\/media?parent=456800"}],"wp:term":[{"taxonomy":"pwb-brand","embeddable":true,"href":"https:\/\/beebipood.ee\/ru\/wp-json\/wp\/v2\/pwb-brand?post=456800"},{"taxonomy":"product_brand","embeddable":true,"href":"https:\/\/beebipood.ee\/ru\/wp-json\/wp\/v2\/product_brand?post=456800"},{"taxonomy":"product_cat","embeddable":true,"href":"https:\/\/beebipood.ee\/ru\/wp-json\/wp\/v2\/product_cat?post=456800"},{"taxonomy":"product_tag","embeddable":true,"href":"https:\/\/beebipood.ee\/ru\/wp-json\/wp\/v2\/product_tag?post=456800"}],"curies":[{"name":"wp","href":"https:\/\/api.w.org\/{rel}","templated":true}]}}