{"id":456806,"date":"2016-04-20T08:53:31","date_gmt":"2016-04-20T05:53:31","guid":{"rendered":"https:\/\/beebipood.ee\/toode\/babydan-kokkupandav-beebivann\/"},"modified":"2025-01-09T10:50:16","modified_gmt":"2025-01-09T08:50:16","slug":"babydan-kokkupandav-beebivann","status":"publish","type":"product","link":"https:\/\/beebipood.ee\/ru\/produkt\/babydan-kokkupandav-beebivann\/","title":{"rendered":"BabyDan kokkupandav beebivann"},"content":{"rendered":"<p>Kokkupandav BabyDan beebivann on \u00fclimalt mugav <br \/>ja praktiline lahendus v\u00e4iksemate vannitubade jaoks. <br \/>Jalgadel beebivann mahutab 30 liitrit vett ning kuni 15kg kaaluvat last.<br \/><span style=\"text-decoration: underline;\"><br \/>Omadused<\/span><br \/>Kasutatav alates s\u00fcnnist kuni hetkeni, mil vann j\u00e4\u00e4b lapsele v\u00e4ikeseks (max 15kg)<br \/>Temperatuuritundlik vannikork, mis muudab v\u00e4rvi, kui temperatuur j\u00f5uab 37 kraadini<br \/>Vannil on all libisemisvastase materjaliga varusatud vannijalad<br \/>Lihtsasti kokkupandav ning transporditav (hea v\u00f5tta kaasa suvilasse vms)<br \/>V\u00f5imalik eraldi juurde osta ka beebitugi, mille abil saab vannitada v\u00e4iksemat beebit<br \/>Beebitugi v\u00f5imaldab lapsevanemal kasutada kahte k\u00e4tt<br \/><span style=\"text-decoration: underline;\">N\u00e4itajad<\/span><br \/>Kasutamiseks alates s\u00fcnnist<br \/>Suurim lubatud lapse kaal 15kg<br \/>Mahutavus 30 liitrit<br \/>Sisem\u00f5\u00f5dud 60-71 x 26-40 x 21cm (pikkus, laius, k\u00f5rgus)<br \/>V\u00e4lism\u00f5\u00f5dud kokkupandult 84 x 48 x 9cm (pikkus, laius, k\u00f5rgus)<br \/>V\u00e4rvus: hall ja valge<\/p>\n","protected":false},"excerpt":{"rendered":"<p>Kokkupandav BabyDan beebivann on \u00fclimalt mugav ja praktiline lahendus v\u00e4iksemate vannitubade jaoks. Jalgadel beebivann mahutab 30 liitrit vett ning kuni 15kg kaaluvat last.OmadusedKasutatav alates s\u00fcnnist kuni hetkeni, mil vann j\u00e4\u00e4b lapsele v\u00e4ikeseks (max 15kg)Temperatuuritundlik vannikork, mis muudab v\u00e4rvi, kui temperatuur j\u00f5uab 37 kraadiniVannil on all libisemisvastase materjaliga varusatud vannijaladLihtsasti kokkupandav ning transporditav (hea v\u00f5tta kaasa [&hellip;]<\/p>\n","protected":false},"featured_media":110995,"template":"","meta":{"_acf_changed":false},"pwb-brand":[11971],"product_brand":[],"product_cat":[11811,11709],"product_tag":[],"class_list":{"0":"post-456806","1":"product","2":"type-product","3":"status-publish","4":"has-post-thumbnail","6":"pwb-brand-babydan-ru","7":"product_cat-vannid-ja-vannitarbed-ru","8":"product_cat-sootmistoolid-beebi-ja-lastetarbed-mahkimine-hugieen-ru","9":"pa_manufacturer-babydan-ru","11":"first","12":"onbackorder","13":"taxable","14":"shipping-taxable","15":"purchasable","16":"product-type-simple"},"exclude_global_add_ons":[],"addons":[],"acf":[],"yoast_head":"<!-- This site is optimized with the Yoast SEO plugin v27.1.1 - https:\/\/yoast.com\/product\/yoast-seo-wordpress\/ -->\n<title>BabyDan kokkupandav beebivann, \u041d\u041e\u0412\u042b\u0415 \u0422\u041e\u0412\u0410\u0420\u042b, \u041f\u0440\u0438\u043d\u0430\u0434\u043b\u0435\u0436\u043d\u043e\u0441\u0442\u0438 \u0434\u043b\u044f \u043c\u043b\u0430\u0434\u0435\u043d\u0446\u0435\u0432, \u0412\u0430\u043d\u043d\u044b \u0438 \u0430\u043a\u0441\u0435\u0441\u0441\u0443\u0430\u0440\u044b, Beebipood<\/title>\n<meta name=\"description\" content=\"BabyDan kokkupandav beebivann, Kokkupandav BabyDan beebivann on &uuml;limalt mugav ja praktiline lahendus v&auml;iksemate vannitubade jaoks. Jalg\" \/>\n<meta name=\"robots\" content=\"index, follow, max-snippet:-1, max-image-preview:large, max-video-preview:-1\" \/>\n<link rel=\"canonical\" href=\"https:\/\/beebipood.ee\/ru\/produkt\/babydan-kokkupandav-beebivann\/\" \/>\n<meta property=\"og:locale\" content=\"ru_RU\" \/>\n<meta property=\"og:type\" content=\"article\" \/>\n<meta property=\"og:title\" content=\"BabyDan kokkupandav beebivann, \u041d\u041e\u0412\u042b\u0415 \u0422\u041e\u0412\u0410\u0420\u042b, \u041f\u0440\u0438\u043d\u0430\u0434\u043b\u0435\u0436\u043d\u043e\u0441\u0442\u0438 \u0434\u043b\u044f \u043c\u043b\u0430\u0434\u0435\u043d\u0446\u0435\u0432, \u0412\u0430\u043d\u043d\u044b \u0438 \u0430\u043a\u0441\u0435\u0441\u0441\u0443\u0430\u0440\u044b, Beebipood\" \/>\n<meta property=\"og:description\" content=\"BabyDan kokkupandav beebivann, Kokkupandav BabyDan beebivann on &uuml;limalt mugav ja praktiline lahendus v&auml;iksemate vannitubade jaoks. Jalg\" \/>\n<meta property=\"og:url\" content=\"https:\/\/beebipood.ee\/ru\/produkt\/babydan-kokkupandav-beebivann\/\" \/>\n<meta property=\"og:site_name\" content=\"Beebipood\" \/>\n<meta property=\"article:modified_time\" content=\"2025-01-09T08:50:16+00:00\" \/>\n<meta property=\"og:image\" content=\"https:\/\/beebipood.ee\/wp-content\/uploads\/2016\/04\/BabyDan-kokkupandav-beebivann-UUED-TOOTED-Beebi-ja-lastetarbed-Vannid-ja-vannitarbed_1-74c.jpg\" \/>\n\t<meta property=\"og:image:width\" content=\"1147\" \/>\n\t<meta property=\"og:image:height\" content=\"761\" \/>\n\t<meta property=\"og:image:type\" content=\"image\/jpeg\" \/>\n<meta name=\"twitter:card\" content=\"summary_large_image\" \/>\n<meta name=\"twitter:label1\" content=\"\u041f\u0440\u0438\u043c\u0435\u0440\u043d\u043e\u0435 \u0432\u0440\u0435\u043c\u044f \u0434\u043b\u044f \u0447\u0442\u0435\u043d\u0438\u044f\" \/>\n\t<meta name=\"twitter:data1\" content=\"1 \u043c\u0438\u043d\u0443\u0442\u0430\" \/>\n<script type=\"application\/ld+json\" class=\"yoast-schema-graph\">{\"@context\":\"https:\/\/schema.org\",\"@graph\":[{\"@type\":\"WebPage\",\"@id\":\"https:\/\/beebipood.ee\/ru\/produkt\/babydan-kokkupandav-beebivann\/\",\"url\":\"https:\/\/beebipood.ee\/ru\/produkt\/babydan-kokkupandav-beebivann\/\",\"name\":\"BabyDan kokkupandav beebivann, \u041d\u041e\u0412\u042b\u0415 \u0422\u041e\u0412\u0410\u0420\u042b, \u041f\u0440\u0438\u043d\u0430\u0434\u043b\u0435\u0436\u043d\u043e\u0441\u0442\u0438 \u0434\u043b\u044f \u043c\u043b\u0430\u0434\u0435\u043d\u0446\u0435\u0432, \u0412\u0430\u043d\u043d\u044b \u0438 \u0430\u043a\u0441\u0435\u0441\u0441\u0443\u0430\u0440\u044b, Beebipood\",\"isPartOf\":{\"@id\":\"https:\/\/beebipood.ee\/ru\/#website\"},\"primaryImageOfPage\":{\"@id\":\"https:\/\/beebipood.ee\/ru\/produkt\/babydan-kokkupandav-beebivann\/#primaryimage\"},\"image\":{\"@id\":\"https:\/\/beebipood.ee\/ru\/produkt\/babydan-kokkupandav-beebivann\/#primaryimage\"},\"thumbnailUrl\":\"https:\/\/beebipood.ee\/wp-content\/uploads\/2016\/04\/BabyDan-kokkupandav-beebivann-UUED-TOOTED-Beebi-ja-lastetarbed-Vannid-ja-vannitarbed_1-74c.jpg\",\"datePublished\":\"2016-04-20T05:53:31+00:00\",\"dateModified\":\"2025-01-09T08:50:16+00:00\",\"description\":\"BabyDan kokkupandav beebivann, Kokkupandav BabyDan beebivann on &uuml;limalt mugav ja praktiline lahendus v&auml;iksemate vannitubade jaoks. Jalg\",\"breadcrumb\":{\"@id\":\"https:\/\/beebipood.ee\/ru\/produkt\/babydan-kokkupandav-beebivann\/#breadcrumb\"},\"inLanguage\":\"ru-RU\",\"potentialAction\":[{\"@type\":\"ReadAction\",\"target\":[\"https:\/\/beebipood.ee\/ru\/produkt\/babydan-kokkupandav-beebivann\/\"]}]},{\"@type\":\"ImageObject\",\"inLanguage\":\"ru-RU\",\"@id\":\"https:\/\/beebipood.ee\/ru\/produkt\/babydan-kokkupandav-beebivann\/#primaryimage\",\"url\":\"https:\/\/beebipood.ee\/wp-content\/uploads\/2016\/04\/BabyDan-kokkupandav-beebivann-UUED-TOOTED-Beebi-ja-lastetarbed-Vannid-ja-vannitarbed_1-74c.jpg\",\"contentUrl\":\"https:\/\/beebipood.ee\/wp-content\/uploads\/2016\/04\/BabyDan-kokkupandav-beebivann-UUED-TOOTED-Beebi-ja-lastetarbed-Vannid-ja-vannitarbed_1-74c.jpg\",\"width\":1147,\"height\":761},{\"@type\":\"BreadcrumbList\",\"@id\":\"https:\/\/beebipood.ee\/ru\/produkt\/babydan-kokkupandav-beebivann\/#breadcrumb\",\"itemListElement\":[{\"@type\":\"ListItem\",\"position\":1,\"name\":\"Home\",\"item\":\"https:\/\/beebipood.ee\/ru\/\"},{\"@type\":\"ListItem\",\"position\":2,\"name\":\"\u041a\u0430\u0442\u0430\u043b\u043e\u0433 \u0442\u043e\u0432\u0430\u0440\u043e\u0432\",\"item\":\"https:\/\/beebipood.ee\/tooted\/\"},{\"@type\":\"ListItem\",\"position\":3,\"name\":\"BabyDan kokkupandav beebivann\"}]},{\"@type\":\"WebSite\",\"@id\":\"https:\/\/beebipood.ee\/ru\/#website\",\"url\":\"https:\/\/beebipood.ee\/ru\/\",\"name\":\"Beebipood\",\"description\":\"Lastekaubad, beebikaubad, m\u00e4nguasjad\",\"publisher\":{\"@id\":\"https:\/\/beebipood.ee\/ru\/#organization\"},\"potentialAction\":[{\"@type\":\"SearchAction\",\"target\":{\"@type\":\"EntryPoint\",\"urlTemplate\":\"https:\/\/beebipood.ee\/ru\/?s={search_term_string}\"},\"query-input\":{\"@type\":\"PropertyValueSpecification\",\"valueRequired\":true,\"valueName\":\"search_term_string\"}}],\"inLanguage\":\"ru-RU\"},{\"@type\":\"Organization\",\"@id\":\"https:\/\/beebipood.ee\/ru\/#organization\",\"name\":\"Beebipood\",\"url\":\"https:\/\/beebipood.ee\/ru\/\",\"logo\":{\"@type\":\"ImageObject\",\"inLanguage\":\"ru-RU\",\"@id\":\"https:\/\/beebipood.ee\/ru\/#\/schema\/logo\/image\/\",\"url\":\"https:\/\/beebipood.ee\/wp-content\/uploads\/2025\/03\/beebipood.ee-logo-1.svg\",\"contentUrl\":\"https:\/\/beebipood.ee\/wp-content\/uploads\/2025\/03\/beebipood.ee-logo-1.svg\",\"caption\":\"Beebipood\"},\"image\":{\"@id\":\"https:\/\/beebipood.ee\/ru\/#\/schema\/logo\/image\/\"}}]}<\/script>\n<!-- \/ Yoast SEO plugin. -->","yoast_head_json":{"title":"BabyDan kokkupandav beebivann, \u041d\u041e\u0412\u042b\u0415 \u0422\u041e\u0412\u0410\u0420\u042b, \u041f\u0440\u0438\u043d\u0430\u0434\u043b\u0435\u0436\u043d\u043e\u0441\u0442\u0438 \u0434\u043b\u044f \u043c\u043b\u0430\u0434\u0435\u043d\u0446\u0435\u0432, \u0412\u0430\u043d\u043d\u044b \u0438 \u0430\u043a\u0441\u0435\u0441\u0441\u0443\u0430\u0440\u044b, Beebipood","description":"BabyDan kokkupandav beebivann, Kokkupandav BabyDan beebivann on &uuml;limalt mugav ja praktiline lahendus v&auml;iksemate vannitubade jaoks. Jalg","robots":{"index":"index","follow":"follow","max-snippet":"max-snippet:-1","max-image-preview":"max-image-preview:large","max-video-preview":"max-video-preview:-1"},"canonical":"https:\/\/beebipood.ee\/ru\/produkt\/babydan-kokkupandav-beebivann\/","og_locale":"ru_RU","og_type":"article","og_title":"BabyDan kokkupandav beebivann, \u041d\u041e\u0412\u042b\u0415 \u0422\u041e\u0412\u0410\u0420\u042b, \u041f\u0440\u0438\u043d\u0430\u0434\u043b\u0435\u0436\u043d\u043e\u0441\u0442\u0438 \u0434\u043b\u044f \u043c\u043b\u0430\u0434\u0435\u043d\u0446\u0435\u0432, \u0412\u0430\u043d\u043d\u044b \u0438 \u0430\u043a\u0441\u0435\u0441\u0441\u0443\u0430\u0440\u044b, Beebipood","og_description":"BabyDan kokkupandav beebivann, Kokkupandav BabyDan beebivann on &uuml;limalt mugav ja praktiline lahendus v&auml;iksemate vannitubade jaoks. Jalg","og_url":"https:\/\/beebipood.ee\/ru\/produkt\/babydan-kokkupandav-beebivann\/","og_site_name":"Beebipood","article_modified_time":"2025-01-09T08:50:16+00:00","og_image":[{"width":1147,"height":761,"url":"https:\/\/beebipood.ee\/wp-content\/uploads\/2016\/04\/BabyDan-kokkupandav-beebivann-UUED-TOOTED-Beebi-ja-lastetarbed-Vannid-ja-vannitarbed_1-74c.jpg","type":"image\/jpeg"}],"twitter_card":"summary_large_image","twitter_misc":{"\u041f\u0440\u0438\u043c\u0435\u0440\u043d\u043e\u0435 \u0432\u0440\u0435\u043c\u044f \u0434\u043b\u044f \u0447\u0442\u0435\u043d\u0438\u044f":"1 \u043c\u0438\u043d\u0443\u0442\u0430"},"schema":{"@context":"https:\/\/schema.org","@graph":[{"@type":"WebPage","@id":"https:\/\/beebipood.ee\/ru\/produkt\/babydan-kokkupandav-beebivann\/","url":"https:\/\/beebipood.ee\/ru\/produkt\/babydan-kokkupandav-beebivann\/","name":"BabyDan kokkupandav beebivann, \u041d\u041e\u0412\u042b\u0415 \u0422\u041e\u0412\u0410\u0420\u042b, \u041f\u0440\u0438\u043d\u0430\u0434\u043b\u0435\u0436\u043d\u043e\u0441\u0442\u0438 \u0434\u043b\u044f \u043c\u043b\u0430\u0434\u0435\u043d\u0446\u0435\u0432, \u0412\u0430\u043d\u043d\u044b \u0438 \u0430\u043a\u0441\u0435\u0441\u0441\u0443\u0430\u0440\u044b, Beebipood","isPartOf":{"@id":"https:\/\/beebipood.ee\/ru\/#website"},"primaryImageOfPage":{"@id":"https:\/\/beebipood.ee\/ru\/produkt\/babydan-kokkupandav-beebivann\/#primaryimage"},"image":{"@id":"https:\/\/beebipood.ee\/ru\/produkt\/babydan-kokkupandav-beebivann\/#primaryimage"},"thumbnailUrl":"https:\/\/beebipood.ee\/wp-content\/uploads\/2016\/04\/BabyDan-kokkupandav-beebivann-UUED-TOOTED-Beebi-ja-lastetarbed-Vannid-ja-vannitarbed_1-74c.jpg","datePublished":"2016-04-20T05:53:31+00:00","dateModified":"2025-01-09T08:50:16+00:00","description":"BabyDan kokkupandav beebivann, Kokkupandav BabyDan beebivann on &uuml;limalt mugav ja praktiline lahendus v&auml;iksemate vannitubade jaoks. Jalg","breadcrumb":{"@id":"https:\/\/beebipood.ee\/ru\/produkt\/babydan-kokkupandav-beebivann\/#breadcrumb"},"inLanguage":"ru-RU","potentialAction":[{"@type":"ReadAction","target":["https:\/\/beebipood.ee\/ru\/produkt\/babydan-kokkupandav-beebivann\/"]}]},{"@type":"ImageObject","inLanguage":"ru-RU","@id":"https:\/\/beebipood.ee\/ru\/produkt\/babydan-kokkupandav-beebivann\/#primaryimage","url":"https:\/\/beebipood.ee\/wp-content\/uploads\/2016\/04\/BabyDan-kokkupandav-beebivann-UUED-TOOTED-Beebi-ja-lastetarbed-Vannid-ja-vannitarbed_1-74c.jpg","contentUrl":"https:\/\/beebipood.ee\/wp-content\/uploads\/2016\/04\/BabyDan-kokkupandav-beebivann-UUED-TOOTED-Beebi-ja-lastetarbed-Vannid-ja-vannitarbed_1-74c.jpg","width":1147,"height":761},{"@type":"BreadcrumbList","@id":"https:\/\/beebipood.ee\/ru\/produkt\/babydan-kokkupandav-beebivann\/#breadcrumb","itemListElement":[{"@type":"ListItem","position":1,"name":"Home","item":"https:\/\/beebipood.ee\/ru\/"},{"@type":"ListItem","position":2,"name":"\u041a\u0430\u0442\u0430\u043b\u043e\u0433 \u0442\u043e\u0432\u0430\u0440\u043e\u0432","item":"https:\/\/beebipood.ee\/tooted\/"},{"@type":"ListItem","position":3,"name":"BabyDan kokkupandav beebivann"}]},{"@type":"WebSite","@id":"https:\/\/beebipood.ee\/ru\/#website","url":"https:\/\/beebipood.ee\/ru\/","name":"Beebipood","description":"Lastekaubad, beebikaubad, m\u00e4nguasjad","publisher":{"@id":"https:\/\/beebipood.ee\/ru\/#organization"},"potentialAction":[{"@type":"SearchAction","target":{"@type":"EntryPoint","urlTemplate":"https:\/\/beebipood.ee\/ru\/?s={search_term_string}"},"query-input":{"@type":"PropertyValueSpecification","valueRequired":true,"valueName":"search_term_string"}}],"inLanguage":"ru-RU"},{"@type":"Organization","@id":"https:\/\/beebipood.ee\/ru\/#organization","name":"Beebipood","url":"https:\/\/beebipood.ee\/ru\/","logo":{"@type":"ImageObject","inLanguage":"ru-RU","@id":"https:\/\/beebipood.ee\/ru\/#\/schema\/logo\/image\/","url":"https:\/\/beebipood.ee\/wp-content\/uploads\/2025\/03\/beebipood.ee-logo-1.svg","contentUrl":"https:\/\/beebipood.ee\/wp-content\/uploads\/2025\/03\/beebipood.ee-logo-1.svg","caption":"Beebipood"},"image":{"@id":"https:\/\/beebipood.ee\/ru\/#\/schema\/logo\/image\/"}}]}},"brands":[{"id":11971,"name":"BabyDan","slug":"babydan-ru"}],"_links":{"self":[{"href":"https:\/\/beebipood.ee\/ru\/wp-json\/wp\/v2\/product\/456806","targetHints":{"allow":["GET"]}}],"collection":[{"href":"https:\/\/beebipood.ee\/ru\/wp-json\/wp\/v2\/product"}],"about":[{"href":"https:\/\/beebipood.ee\/ru\/wp-json\/wp\/v2\/types\/product"}],"wp:featuredmedia":[{"embeddable":true,"href":"https:\/\/beebipood.ee\/ru\/wp-json\/wp\/v2\/media\/110995"}],"wp:attachment":[{"href":"https:\/\/beebipood.ee\/ru\/wp-json\/wp\/v2\/media?parent=456806"}],"wp:term":[{"taxonomy":"pwb-brand","embeddable":true,"href":"https:\/\/beebipood.ee\/ru\/wp-json\/wp\/v2\/pwb-brand?post=456806"},{"taxonomy":"product_brand","embeddable":true,"href":"https:\/\/beebipood.ee\/ru\/wp-json\/wp\/v2\/product_brand?post=456806"},{"taxonomy":"product_cat","embeddable":true,"href":"https:\/\/beebipood.ee\/ru\/wp-json\/wp\/v2\/product_cat?post=456806"},{"taxonomy":"product_tag","embeddable":true,"href":"https:\/\/beebipood.ee\/ru\/wp-json\/wp\/v2\/product_tag?post=456806"}],"curies":[{"name":"wp","href":"https:\/\/api.w.org\/{rel}","templated":true}]}}