{"id":456808,"date":"2016-04-20T08:58:09","date_gmt":"2016-04-20T05:58:09","guid":{"rendered":"https:\/\/beebipood.ee\/toode\/babymoov-beebivann-taispuhutav\/"},"modified":"2025-01-09T10:50:16","modified_gmt":"2025-01-09T08:50:16","slug":"babymoov-beebivann-taispuhutav","status":"publish","type":"product","link":"https:\/\/beebipood.ee\/ru\/produkt\/babymoov-beebivann-taispuhutav\/","title":{"rendered":"Babymoov beebivann, t\u00e4ispuhutav"},"content":{"rendered":"<p>Innovaatiline beebivann Babymoovilt, mida on v\u00f5iamlik kasutada nii \u00f5ues kui ka toas. <br \/>Lihtsasti t\u00e4ispuhutav beebivann on m\u00f5eldud kasutamiseks alates s\u00fcnnist, <br \/>t\u00e4nu oma beebisisule. Ideaalne kaasalne kompaktsetesse vannitubadesse v\u00f5i reisile.<\/p>\n<p><span style=\"text-decoration: underline;\">Omadused<\/span><br \/>Kasutatav alates s\u00fcnnist t\u00e4nu t\u00e4ispuhutavale beebisisule<br \/>V\u00f5imalik kasutada nii \u00f5ues kui toas<br \/>Lihtsasti transporditav ja hoiustatav<br \/>Vannip\u00f5hi t\u00e4ispuhutav &#8212; tagab suurema mugavuse<br \/>\u00d5huklapp, mis ei lase \u00f5hku v\u00e4lja &#8212; ei t\u00fchjene<br \/>T\u00fchjenduskork vannip\u00f5hjas<br \/><span style=\"text-decoration: underline;\">N\u00e4itajad<\/span><br \/>Materjal: ftalaatide vaba PVC<br \/>M\u00f5\u00f5dud: 80 x 52 x 21cm<br \/>Kaal: 1,1kg<br \/>Kasutamiseks alates s\u00fcnnist kuni 12. elukuuni<\/p>\n","protected":false},"excerpt":{"rendered":"<p>Innovaatiline beebivann Babymoovilt, mida on v\u00f5iamlik kasutada nii \u00f5ues kui ka toas. Lihtsasti t\u00e4ispuhutav beebivann on m\u00f5eldud kasutamiseks alates s\u00fcnnist, t\u00e4nu oma beebisisule. Ideaalne kaasalne kompaktsetesse vannitubadesse v\u00f5i reisile. OmadusedKasutatav alates s\u00fcnnist t\u00e4nu t\u00e4ispuhutavale beebisisuleV\u00f5imalik kasutada nii \u00f5ues kui toasLihtsasti transporditav ja hoiustatavVannip\u00f5hi t\u00e4ispuhutav &#8212; tagab suurema mugavuse\u00d5huklapp, mis ei lase \u00f5hku v\u00e4lja &#8212; ei [&hellip;]<\/p>\n","protected":false},"featured_media":111003,"template":"","meta":{"_acf_changed":false},"pwb-brand":[11976],"product_brand":[],"product_cat":[11811,11709],"product_tag":[],"class_list":{"0":"post-456808","1":"product","2":"type-product","3":"status-publish","4":"has-post-thumbnail","6":"pwb-brand-babymoov-ru","7":"product_cat-vannid-ja-vannitarbed-ru","8":"product_cat-sootmistoolid-beebi-ja-lastetarbed-mahkimine-hugieen-ru","9":"pa_manufacturer-babymoov-ru","11":"first","12":"onbackorder","13":"sale","14":"taxable","15":"shipping-taxable","16":"purchasable","17":"product-type-simple"},"exclude_global_add_ons":[],"addons":[],"acf":[],"yoast_head":"<!-- This site is optimized with the Yoast SEO plugin v27.1.1 - https:\/\/yoast.com\/product\/yoast-seo-wordpress\/ -->\n<title>Babymoov beebivann, t\u00e4ispuhutav, \u0421\u041a\u0418\u0414\u041a\u0418, \u041f\u0440\u0438\u043d\u0430\u0434\u043b\u0435\u0436\u043d\u043e\u0441\u0442\u0438 \u0434\u043b\u044f \u043c\u043b\u0430\u0434\u0435\u043d\u0446\u0435\u0432, \u0412\u0430\u043d\u043d\u044b \u0438 \u0430\u043a\u0441\u0435\u0441\u0441\u0443\u0430\u0440\u044b, Beebipood<\/title>\n<meta name=\"description\" content=\"Babymoov beebivann, t\u00e4ispuhutav, Innovaatiline beebivann Babymoovilt, mida on v&otilde;iamlik kasutada nii &otilde;ues kui ka toas. Lihtsasti t&auml;i\" \/>\n<meta name=\"robots\" content=\"index, follow, max-snippet:-1, max-image-preview:large, max-video-preview:-1\" \/>\n<link rel=\"canonical\" href=\"https:\/\/beebipood.ee\/ru\/produkt\/babymoov-beebivann-taispuhutav\/\" \/>\n<meta property=\"og:locale\" content=\"ru_RU\" \/>\n<meta property=\"og:type\" content=\"article\" \/>\n<meta property=\"og:title\" content=\"Babymoov beebivann, t\u00e4ispuhutav, \u0421\u041a\u0418\u0414\u041a\u0418, \u041f\u0440\u0438\u043d\u0430\u0434\u043b\u0435\u0436\u043d\u043e\u0441\u0442\u0438 \u0434\u043b\u044f \u043c\u043b\u0430\u0434\u0435\u043d\u0446\u0435\u0432, \u0412\u0430\u043d\u043d\u044b \u0438 \u0430\u043a\u0441\u0435\u0441\u0441\u0443\u0430\u0440\u044b, Beebipood\" \/>\n<meta property=\"og:description\" content=\"Babymoov beebivann, t\u00e4ispuhutav, Innovaatiline beebivann Babymoovilt, mida on v&otilde;iamlik kasutada nii &otilde;ues kui ka toas. Lihtsasti t&auml;i\" \/>\n<meta property=\"og:url\" content=\"https:\/\/beebipood.ee\/ru\/produkt\/babymoov-beebivann-taispuhutav\/\" \/>\n<meta property=\"og:site_name\" content=\"Beebipood\" \/>\n<meta property=\"article:modified_time\" content=\"2025-01-09T08:50:16+00:00\" \/>\n<meta property=\"og:image\" content=\"https:\/\/beebipood.ee\/wp-content\/uploads\/2016\/04\/Babymoov-beebivann-taispuhutav-UUED-TOOTED-Beebi-ja-lastetarbed-Vannid-ja-vannitarbed_2-74c.jpg\" \/>\n\t<meta property=\"og:image:width\" content=\"750\" \/>\n\t<meta property=\"og:image:height\" content=\"750\" \/>\n\t<meta property=\"og:image:type\" content=\"image\/jpeg\" \/>\n<meta name=\"twitter:card\" content=\"summary_large_image\" \/>\n<script type=\"application\/ld+json\" class=\"yoast-schema-graph\">{\"@context\":\"https:\/\/schema.org\",\"@graph\":[{\"@type\":\"WebPage\",\"@id\":\"https:\/\/beebipood.ee\/ru\/produkt\/babymoov-beebivann-taispuhutav\/\",\"url\":\"https:\/\/beebipood.ee\/ru\/produkt\/babymoov-beebivann-taispuhutav\/\",\"name\":\"Babymoov beebivann, t\u00e4ispuhutav, \u0421\u041a\u0418\u0414\u041a\u0418, \u041f\u0440\u0438\u043d\u0430\u0434\u043b\u0435\u0436\u043d\u043e\u0441\u0442\u0438 \u0434\u043b\u044f \u043c\u043b\u0430\u0434\u0435\u043d\u0446\u0435\u0432, \u0412\u0430\u043d\u043d\u044b \u0438 \u0430\u043a\u0441\u0435\u0441\u0441\u0443\u0430\u0440\u044b, Beebipood\",\"isPartOf\":{\"@id\":\"https:\/\/beebipood.ee\/ru\/#website\"},\"primaryImageOfPage\":{\"@id\":\"https:\/\/beebipood.ee\/ru\/produkt\/babymoov-beebivann-taispuhutav\/#primaryimage\"},\"image\":{\"@id\":\"https:\/\/beebipood.ee\/ru\/produkt\/babymoov-beebivann-taispuhutav\/#primaryimage\"},\"thumbnailUrl\":\"https:\/\/beebipood.ee\/wp-content\/uploads\/2016\/04\/Babymoov-beebivann-taispuhutav-UUED-TOOTED-Beebi-ja-lastetarbed-Vannid-ja-vannitarbed_2-74c.jpg\",\"datePublished\":\"2016-04-20T05:58:09+00:00\",\"dateModified\":\"2025-01-09T08:50:16+00:00\",\"description\":\"Babymoov beebivann, t\u00e4ispuhutav, Innovaatiline beebivann Babymoovilt, mida on v&otilde;iamlik kasutada nii &otilde;ues kui ka toas. Lihtsasti t&auml;i\",\"breadcrumb\":{\"@id\":\"https:\/\/beebipood.ee\/ru\/produkt\/babymoov-beebivann-taispuhutav\/#breadcrumb\"},\"inLanguage\":\"ru-RU\",\"potentialAction\":[{\"@type\":\"ReadAction\",\"target\":[\"https:\/\/beebipood.ee\/ru\/produkt\/babymoov-beebivann-taispuhutav\/\"]}]},{\"@type\":\"ImageObject\",\"inLanguage\":\"ru-RU\",\"@id\":\"https:\/\/beebipood.ee\/ru\/produkt\/babymoov-beebivann-taispuhutav\/#primaryimage\",\"url\":\"https:\/\/beebipood.ee\/wp-content\/uploads\/2016\/04\/Babymoov-beebivann-taispuhutav-UUED-TOOTED-Beebi-ja-lastetarbed-Vannid-ja-vannitarbed_2-74c.jpg\",\"contentUrl\":\"https:\/\/beebipood.ee\/wp-content\/uploads\/2016\/04\/Babymoov-beebivann-taispuhutav-UUED-TOOTED-Beebi-ja-lastetarbed-Vannid-ja-vannitarbed_2-74c.jpg\",\"width\":750,\"height\":750},{\"@type\":\"BreadcrumbList\",\"@id\":\"https:\/\/beebipood.ee\/ru\/produkt\/babymoov-beebivann-taispuhutav\/#breadcrumb\",\"itemListElement\":[{\"@type\":\"ListItem\",\"position\":1,\"name\":\"Home\",\"item\":\"https:\/\/beebipood.ee\/ru\/\"},{\"@type\":\"ListItem\",\"position\":2,\"name\":\"\u041a\u0430\u0442\u0430\u043b\u043e\u0433 \u0442\u043e\u0432\u0430\u0440\u043e\u0432\",\"item\":\"https:\/\/beebipood.ee\/tooted\/\"},{\"@type\":\"ListItem\",\"position\":3,\"name\":\"Babymoov beebivann, t\u00e4ispuhutav\"}]},{\"@type\":\"WebSite\",\"@id\":\"https:\/\/beebipood.ee\/ru\/#website\",\"url\":\"https:\/\/beebipood.ee\/ru\/\",\"name\":\"Beebipood\",\"description\":\"Lastekaubad, beebikaubad, m\u00e4nguasjad\",\"publisher\":{\"@id\":\"https:\/\/beebipood.ee\/ru\/#organization\"},\"potentialAction\":[{\"@type\":\"SearchAction\",\"target\":{\"@type\":\"EntryPoint\",\"urlTemplate\":\"https:\/\/beebipood.ee\/ru\/?s={search_term_string}\"},\"query-input\":{\"@type\":\"PropertyValueSpecification\",\"valueRequired\":true,\"valueName\":\"search_term_string\"}}],\"inLanguage\":\"ru-RU\"},{\"@type\":\"Organization\",\"@id\":\"https:\/\/beebipood.ee\/ru\/#organization\",\"name\":\"Beebipood\",\"url\":\"https:\/\/beebipood.ee\/ru\/\",\"logo\":{\"@type\":\"ImageObject\",\"inLanguage\":\"ru-RU\",\"@id\":\"https:\/\/beebipood.ee\/ru\/#\/schema\/logo\/image\/\",\"url\":\"https:\/\/beebipood.ee\/wp-content\/uploads\/2025\/03\/beebipood.ee-logo-1.svg\",\"contentUrl\":\"https:\/\/beebipood.ee\/wp-content\/uploads\/2025\/03\/beebipood.ee-logo-1.svg\",\"caption\":\"Beebipood\"},\"image\":{\"@id\":\"https:\/\/beebipood.ee\/ru\/#\/schema\/logo\/image\/\"}}]}<\/script>\n<!-- \/ Yoast SEO plugin. -->","yoast_head_json":{"title":"Babymoov beebivann, t\u00e4ispuhutav, \u0421\u041a\u0418\u0414\u041a\u0418, \u041f\u0440\u0438\u043d\u0430\u0434\u043b\u0435\u0436\u043d\u043e\u0441\u0442\u0438 \u0434\u043b\u044f \u043c\u043b\u0430\u0434\u0435\u043d\u0446\u0435\u0432, \u0412\u0430\u043d\u043d\u044b \u0438 \u0430\u043a\u0441\u0435\u0441\u0441\u0443\u0430\u0440\u044b, Beebipood","description":"Babymoov beebivann, t\u00e4ispuhutav, Innovaatiline beebivann Babymoovilt, mida on v&otilde;iamlik kasutada nii &otilde;ues kui ka toas. Lihtsasti t&auml;i","robots":{"index":"index","follow":"follow","max-snippet":"max-snippet:-1","max-image-preview":"max-image-preview:large","max-video-preview":"max-video-preview:-1"},"canonical":"https:\/\/beebipood.ee\/ru\/produkt\/babymoov-beebivann-taispuhutav\/","og_locale":"ru_RU","og_type":"article","og_title":"Babymoov beebivann, t\u00e4ispuhutav, \u0421\u041a\u0418\u0414\u041a\u0418, \u041f\u0440\u0438\u043d\u0430\u0434\u043b\u0435\u0436\u043d\u043e\u0441\u0442\u0438 \u0434\u043b\u044f \u043c\u043b\u0430\u0434\u0435\u043d\u0446\u0435\u0432, \u0412\u0430\u043d\u043d\u044b \u0438 \u0430\u043a\u0441\u0435\u0441\u0441\u0443\u0430\u0440\u044b, Beebipood","og_description":"Babymoov beebivann, t\u00e4ispuhutav, Innovaatiline beebivann Babymoovilt, mida on v&otilde;iamlik kasutada nii &otilde;ues kui ka toas. Lihtsasti t&auml;i","og_url":"https:\/\/beebipood.ee\/ru\/produkt\/babymoov-beebivann-taispuhutav\/","og_site_name":"Beebipood","article_modified_time":"2025-01-09T08:50:16+00:00","og_image":[{"width":750,"height":750,"url":"https:\/\/beebipood.ee\/wp-content\/uploads\/2016\/04\/Babymoov-beebivann-taispuhutav-UUED-TOOTED-Beebi-ja-lastetarbed-Vannid-ja-vannitarbed_2-74c.jpg","type":"image\/jpeg"}],"twitter_card":"summary_large_image","schema":{"@context":"https:\/\/schema.org","@graph":[{"@type":"WebPage","@id":"https:\/\/beebipood.ee\/ru\/produkt\/babymoov-beebivann-taispuhutav\/","url":"https:\/\/beebipood.ee\/ru\/produkt\/babymoov-beebivann-taispuhutav\/","name":"Babymoov beebivann, t\u00e4ispuhutav, \u0421\u041a\u0418\u0414\u041a\u0418, \u041f\u0440\u0438\u043d\u0430\u0434\u043b\u0435\u0436\u043d\u043e\u0441\u0442\u0438 \u0434\u043b\u044f \u043c\u043b\u0430\u0434\u0435\u043d\u0446\u0435\u0432, \u0412\u0430\u043d\u043d\u044b \u0438 \u0430\u043a\u0441\u0435\u0441\u0441\u0443\u0430\u0440\u044b, Beebipood","isPartOf":{"@id":"https:\/\/beebipood.ee\/ru\/#website"},"primaryImageOfPage":{"@id":"https:\/\/beebipood.ee\/ru\/produkt\/babymoov-beebivann-taispuhutav\/#primaryimage"},"image":{"@id":"https:\/\/beebipood.ee\/ru\/produkt\/babymoov-beebivann-taispuhutav\/#primaryimage"},"thumbnailUrl":"https:\/\/beebipood.ee\/wp-content\/uploads\/2016\/04\/Babymoov-beebivann-taispuhutav-UUED-TOOTED-Beebi-ja-lastetarbed-Vannid-ja-vannitarbed_2-74c.jpg","datePublished":"2016-04-20T05:58:09+00:00","dateModified":"2025-01-09T08:50:16+00:00","description":"Babymoov beebivann, t\u00e4ispuhutav, Innovaatiline beebivann Babymoovilt, mida on v&otilde;iamlik kasutada nii &otilde;ues kui ka toas. Lihtsasti t&auml;i","breadcrumb":{"@id":"https:\/\/beebipood.ee\/ru\/produkt\/babymoov-beebivann-taispuhutav\/#breadcrumb"},"inLanguage":"ru-RU","potentialAction":[{"@type":"ReadAction","target":["https:\/\/beebipood.ee\/ru\/produkt\/babymoov-beebivann-taispuhutav\/"]}]},{"@type":"ImageObject","inLanguage":"ru-RU","@id":"https:\/\/beebipood.ee\/ru\/produkt\/babymoov-beebivann-taispuhutav\/#primaryimage","url":"https:\/\/beebipood.ee\/wp-content\/uploads\/2016\/04\/Babymoov-beebivann-taispuhutav-UUED-TOOTED-Beebi-ja-lastetarbed-Vannid-ja-vannitarbed_2-74c.jpg","contentUrl":"https:\/\/beebipood.ee\/wp-content\/uploads\/2016\/04\/Babymoov-beebivann-taispuhutav-UUED-TOOTED-Beebi-ja-lastetarbed-Vannid-ja-vannitarbed_2-74c.jpg","width":750,"height":750},{"@type":"BreadcrumbList","@id":"https:\/\/beebipood.ee\/ru\/produkt\/babymoov-beebivann-taispuhutav\/#breadcrumb","itemListElement":[{"@type":"ListItem","position":1,"name":"Home","item":"https:\/\/beebipood.ee\/ru\/"},{"@type":"ListItem","position":2,"name":"\u041a\u0430\u0442\u0430\u043b\u043e\u0433 \u0442\u043e\u0432\u0430\u0440\u043e\u0432","item":"https:\/\/beebipood.ee\/tooted\/"},{"@type":"ListItem","position":3,"name":"Babymoov beebivann, t\u00e4ispuhutav"}]},{"@type":"WebSite","@id":"https:\/\/beebipood.ee\/ru\/#website","url":"https:\/\/beebipood.ee\/ru\/","name":"Beebipood","description":"Lastekaubad, beebikaubad, m\u00e4nguasjad","publisher":{"@id":"https:\/\/beebipood.ee\/ru\/#organization"},"potentialAction":[{"@type":"SearchAction","target":{"@type":"EntryPoint","urlTemplate":"https:\/\/beebipood.ee\/ru\/?s={search_term_string}"},"query-input":{"@type":"PropertyValueSpecification","valueRequired":true,"valueName":"search_term_string"}}],"inLanguage":"ru-RU"},{"@type":"Organization","@id":"https:\/\/beebipood.ee\/ru\/#organization","name":"Beebipood","url":"https:\/\/beebipood.ee\/ru\/","logo":{"@type":"ImageObject","inLanguage":"ru-RU","@id":"https:\/\/beebipood.ee\/ru\/#\/schema\/logo\/image\/","url":"https:\/\/beebipood.ee\/wp-content\/uploads\/2025\/03\/beebipood.ee-logo-1.svg","contentUrl":"https:\/\/beebipood.ee\/wp-content\/uploads\/2025\/03\/beebipood.ee-logo-1.svg","caption":"Beebipood"},"image":{"@id":"https:\/\/beebipood.ee\/ru\/#\/schema\/logo\/image\/"}}]}},"brands":[{"id":11976,"name":"Babymoov","slug":"babymoov-ru"}],"_links":{"self":[{"href":"https:\/\/beebipood.ee\/ru\/wp-json\/wp\/v2\/product\/456808","targetHints":{"allow":["GET"]}}],"collection":[{"href":"https:\/\/beebipood.ee\/ru\/wp-json\/wp\/v2\/product"}],"about":[{"href":"https:\/\/beebipood.ee\/ru\/wp-json\/wp\/v2\/types\/product"}],"wp:featuredmedia":[{"embeddable":true,"href":"https:\/\/beebipood.ee\/ru\/wp-json\/wp\/v2\/media\/111003"}],"wp:attachment":[{"href":"https:\/\/beebipood.ee\/ru\/wp-json\/wp\/v2\/media?parent=456808"}],"wp:term":[{"taxonomy":"pwb-brand","embeddable":true,"href":"https:\/\/beebipood.ee\/ru\/wp-json\/wp\/v2\/pwb-brand?post=456808"},{"taxonomy":"product_brand","embeddable":true,"href":"https:\/\/beebipood.ee\/ru\/wp-json\/wp\/v2\/product_brand?post=456808"},{"taxonomy":"product_cat","embeddable":true,"href":"https:\/\/beebipood.ee\/ru\/wp-json\/wp\/v2\/product_cat?post=456808"},{"taxonomy":"product_tag","embeddable":true,"href":"https:\/\/beebipood.ee\/ru\/wp-json\/wp\/v2\/product_tag?post=456808"}],"curies":[{"name":"wp","href":"https:\/\/api.w.org\/{rel}","templated":true}]}}