{"id":456822,"date":"2016-04-25T08:22:26","date_gmt":"2016-04-25T05:22:26","guid":{"rendered":"https:\/\/beebipood.ee\/toode\/mahkimismatt-star-dream-pehme-pohi\/"},"modified":"2025-01-09T10:50:16","modified_gmt":"2025-01-09T08:50:16","slug":"mahkimismatt-star-dream-pehme-pohi","status":"publish","type":"product","link":"https:\/\/beebipood.ee\/ru\/produkt\/mahkimismatt-star-dream-pehme-pohi\/","title":{"rendered":"M\u00e4hkimismatt Star Dream (pehme p\u00f5hi)"},"content":{"rendered":"<p><span>* kvaliteetne ja kergesti puhastatav materjal<\/span><br \/><span>* pehme p\u00f5hjaga\u00a0<\/span><span>m\u00e4hkimisalus<\/span><br \/><span>* sobib beebivoodile, m\u00e4hkimislauale v\u00f5i kummutile\u00a0<\/span><br \/><span>* teemakohane kujundus<\/span><\/p>\n","protected":false},"excerpt":{"rendered":"<p>* kvaliteetne ja kergesti puhastatav materjal* pehme p\u00f5hjaga\u00a0m\u00e4hkimisalus* sobib beebivoodile, m\u00e4hkimislauale v\u00f5i kummutile\u00a0* teemakohane kujundus<\/p>\n","protected":false},"featured_media":111190,"template":"","meta":{"_acf_changed":false},"pwb-brand":[11946],"product_brand":[],"product_cat":[11713,11709],"product_tag":[],"class_list":{"0":"post-456822","1":"product","2":"type-product","3":"status-publish","4":"has-post-thumbnail","6":"pwb-brand-klups-ru","7":"product_cat-mahkimismatid-ru","8":"product_cat-sootmistoolid-beebi-ja-lastetarbed-mahkimine-hugieen-ru","9":"pa_manufacturer-klups-ru","11":"first","12":"instock","13":"taxable","14":"shipping-taxable","15":"purchasable","16":"product-type-simple"},"exclude_global_add_ons":[],"addons":[],"acf":[],"yoast_head":"<!-- This site is optimized with the Yoast SEO plugin v27.1.1 - https:\/\/yoast.com\/product\/yoast-seo-wordpress\/ -->\n<title>M\u00e4hkimismatt Star Dream (pehme p\u00f5hi), \u041f\u0440\u0438\u043d\u0430\u0434\u043b\u0435\u0436\u043d\u043e\u0441\u0442\u0438 \u0434\u043b\u044f \u043c\u043b\u0430\u0434\u0435\u043d\u0446\u0435\u0432, \u041c\u0430\u0442\u044b \u0434\u043b\u044f \u043f\u0435\u043b\u0435\u043d\u0430\u043d\u0438\u044f, Beebipood<\/title>\n<meta name=\"description\" content=\"M\u00e4hkimismatt Star Dream (pehme p\u00f5hi), * kvaliteetne ja kergesti puhastatav materjal* pehme p&otilde;hjaga&nbsp;m&amp;auml\" \/>\n<meta name=\"robots\" content=\"index, follow, max-snippet:-1, max-image-preview:large, max-video-preview:-1\" \/>\n<link rel=\"canonical\" href=\"https:\/\/beebipood.ee\/ru\/produkt\/mahkimismatt-star-dream-pehme-pohi\/\" \/>\n<meta property=\"og:locale\" content=\"ru_RU\" \/>\n<meta property=\"og:type\" content=\"article\" \/>\n<meta property=\"og:title\" content=\"M\u00e4hkimismatt Star Dream (pehme p\u00f5hi), \u041f\u0440\u0438\u043d\u0430\u0434\u043b\u0435\u0436\u043d\u043e\u0441\u0442\u0438 \u0434\u043b\u044f \u043c\u043b\u0430\u0434\u0435\u043d\u0446\u0435\u0432, \u041c\u0430\u0442\u044b \u0434\u043b\u044f \u043f\u0435\u043b\u0435\u043d\u0430\u043d\u0438\u044f, Beebipood\" \/>\n<meta property=\"og:description\" content=\"M\u00e4hkimismatt Star Dream (pehme p\u00f5hi), * kvaliteetne ja kergesti puhastatav materjal* pehme p&otilde;hjaga&nbsp;m&amp;auml\" \/>\n<meta property=\"og:url\" content=\"https:\/\/beebipood.ee\/ru\/produkt\/mahkimismatt-star-dream-pehme-pohi\/\" \/>\n<meta property=\"og:site_name\" content=\"Beebipood\" \/>\n<meta property=\"article:modified_time\" content=\"2025-01-09T08:50:16+00:00\" \/>\n<meta property=\"og:image\" content=\"https:\/\/beebipood.ee\/wp-content\/uploads\/2016\/04\/Mahkimismatt-Star-Dream-pehme-pohi-SOODUSPAKKUMISED-Beebi-ja-lastetarbed-Mahkimismatid_1-46f.jpg\" \/>\n\t<meta property=\"og:image:width\" content=\"850\" \/>\n\t<meta property=\"og:image:height\" content=\"850\" \/>\n\t<meta property=\"og:image:type\" content=\"image\/jpeg\" \/>\n<meta name=\"twitter:card\" content=\"summary_large_image\" \/>\n<script type=\"application\/ld+json\" class=\"yoast-schema-graph\">{\"@context\":\"https:\/\/schema.org\",\"@graph\":[{\"@type\":\"WebPage\",\"@id\":\"https:\/\/beebipood.ee\/ru\/produkt\/mahkimismatt-star-dream-pehme-pohi\/\",\"url\":\"https:\/\/beebipood.ee\/ru\/produkt\/mahkimismatt-star-dream-pehme-pohi\/\",\"name\":\"M\u00e4hkimismatt Star Dream (pehme p\u00f5hi), \u041f\u0440\u0438\u043d\u0430\u0434\u043b\u0435\u0436\u043d\u043e\u0441\u0442\u0438 \u0434\u043b\u044f \u043c\u043b\u0430\u0434\u0435\u043d\u0446\u0435\u0432, \u041c\u0430\u0442\u044b \u0434\u043b\u044f \u043f\u0435\u043b\u0435\u043d\u0430\u043d\u0438\u044f, Beebipood\",\"isPartOf\":{\"@id\":\"https:\/\/beebipood.ee\/ru\/#website\"},\"primaryImageOfPage\":{\"@id\":\"https:\/\/beebipood.ee\/ru\/produkt\/mahkimismatt-star-dream-pehme-pohi\/#primaryimage\"},\"image\":{\"@id\":\"https:\/\/beebipood.ee\/ru\/produkt\/mahkimismatt-star-dream-pehme-pohi\/#primaryimage\"},\"thumbnailUrl\":\"https:\/\/beebipood.ee\/wp-content\/uploads\/2016\/04\/Mahkimismatt-Star-Dream-pehme-pohi-SOODUSPAKKUMISED-Beebi-ja-lastetarbed-Mahkimismatid_1-46f.jpg\",\"datePublished\":\"2016-04-25T05:22:26+00:00\",\"dateModified\":\"2025-01-09T08:50:16+00:00\",\"description\":\"M\u00e4hkimismatt Star Dream (pehme p\u00f5hi), * kvaliteetne ja kergesti puhastatav materjal* pehme p&otilde;hjaga&nbsp;m&auml\",\"breadcrumb\":{\"@id\":\"https:\/\/beebipood.ee\/ru\/produkt\/mahkimismatt-star-dream-pehme-pohi\/#breadcrumb\"},\"inLanguage\":\"ru-RU\",\"potentialAction\":[{\"@type\":\"ReadAction\",\"target\":[\"https:\/\/beebipood.ee\/ru\/produkt\/mahkimismatt-star-dream-pehme-pohi\/\"]}]},{\"@type\":\"ImageObject\",\"inLanguage\":\"ru-RU\",\"@id\":\"https:\/\/beebipood.ee\/ru\/produkt\/mahkimismatt-star-dream-pehme-pohi\/#primaryimage\",\"url\":\"https:\/\/beebipood.ee\/wp-content\/uploads\/2016\/04\/Mahkimismatt-Star-Dream-pehme-pohi-SOODUSPAKKUMISED-Beebi-ja-lastetarbed-Mahkimismatid_1-46f.jpg\",\"contentUrl\":\"https:\/\/beebipood.ee\/wp-content\/uploads\/2016\/04\/Mahkimismatt-Star-Dream-pehme-pohi-SOODUSPAKKUMISED-Beebi-ja-lastetarbed-Mahkimismatid_1-46f.jpg\",\"width\":850,\"height\":850},{\"@type\":\"BreadcrumbList\",\"@id\":\"https:\/\/beebipood.ee\/ru\/produkt\/mahkimismatt-star-dream-pehme-pohi\/#breadcrumb\",\"itemListElement\":[{\"@type\":\"ListItem\",\"position\":1,\"name\":\"Home\",\"item\":\"https:\/\/beebipood.ee\/ru\/\"},{\"@type\":\"ListItem\",\"position\":2,\"name\":\"\u041a\u0430\u0442\u0430\u043b\u043e\u0433 \u0442\u043e\u0432\u0430\u0440\u043e\u0432\",\"item\":\"https:\/\/beebipood.ee\/tooted\/\"},{\"@type\":\"ListItem\",\"position\":3,\"name\":\"M\u00e4hkimismatt Star Dream (pehme p\u00f5hi)\"}]},{\"@type\":\"WebSite\",\"@id\":\"https:\/\/beebipood.ee\/ru\/#website\",\"url\":\"https:\/\/beebipood.ee\/ru\/\",\"name\":\"Beebipood\",\"description\":\"Lastekaubad, beebikaubad, m\u00e4nguasjad\",\"publisher\":{\"@id\":\"https:\/\/beebipood.ee\/ru\/#organization\"},\"potentialAction\":[{\"@type\":\"SearchAction\",\"target\":{\"@type\":\"EntryPoint\",\"urlTemplate\":\"https:\/\/beebipood.ee\/ru\/?s={search_term_string}\"},\"query-input\":{\"@type\":\"PropertyValueSpecification\",\"valueRequired\":true,\"valueName\":\"search_term_string\"}}],\"inLanguage\":\"ru-RU\"},{\"@type\":\"Organization\",\"@id\":\"https:\/\/beebipood.ee\/ru\/#organization\",\"name\":\"Beebipood\",\"url\":\"https:\/\/beebipood.ee\/ru\/\",\"logo\":{\"@type\":\"ImageObject\",\"inLanguage\":\"ru-RU\",\"@id\":\"https:\/\/beebipood.ee\/ru\/#\/schema\/logo\/image\/\",\"url\":\"https:\/\/beebipood.ee\/wp-content\/uploads\/2025\/03\/beebipood.ee-logo-1.svg\",\"contentUrl\":\"https:\/\/beebipood.ee\/wp-content\/uploads\/2025\/03\/beebipood.ee-logo-1.svg\",\"caption\":\"Beebipood\"},\"image\":{\"@id\":\"https:\/\/beebipood.ee\/ru\/#\/schema\/logo\/image\/\"}}]}<\/script>\n<!-- \/ Yoast SEO plugin. -->","yoast_head_json":{"title":"M\u00e4hkimismatt Star Dream (pehme p\u00f5hi), \u041f\u0440\u0438\u043d\u0430\u0434\u043b\u0435\u0436\u043d\u043e\u0441\u0442\u0438 \u0434\u043b\u044f \u043c\u043b\u0430\u0434\u0435\u043d\u0446\u0435\u0432, \u041c\u0430\u0442\u044b \u0434\u043b\u044f \u043f\u0435\u043b\u0435\u043d\u0430\u043d\u0438\u044f, Beebipood","description":"M\u00e4hkimismatt Star Dream (pehme p\u00f5hi), * kvaliteetne ja kergesti puhastatav materjal* pehme p&otilde;hjaga&nbsp;m&auml","robots":{"index":"index","follow":"follow","max-snippet":"max-snippet:-1","max-image-preview":"max-image-preview:large","max-video-preview":"max-video-preview:-1"},"canonical":"https:\/\/beebipood.ee\/ru\/produkt\/mahkimismatt-star-dream-pehme-pohi\/","og_locale":"ru_RU","og_type":"article","og_title":"M\u00e4hkimismatt Star Dream (pehme p\u00f5hi), \u041f\u0440\u0438\u043d\u0430\u0434\u043b\u0435\u0436\u043d\u043e\u0441\u0442\u0438 \u0434\u043b\u044f \u043c\u043b\u0430\u0434\u0435\u043d\u0446\u0435\u0432, \u041c\u0430\u0442\u044b \u0434\u043b\u044f \u043f\u0435\u043b\u0435\u043d\u0430\u043d\u0438\u044f, Beebipood","og_description":"M\u00e4hkimismatt Star Dream (pehme p\u00f5hi), * kvaliteetne ja kergesti puhastatav materjal* pehme p&otilde;hjaga&nbsp;m&auml","og_url":"https:\/\/beebipood.ee\/ru\/produkt\/mahkimismatt-star-dream-pehme-pohi\/","og_site_name":"Beebipood","article_modified_time":"2025-01-09T08:50:16+00:00","og_image":[{"width":850,"height":850,"url":"https:\/\/beebipood.ee\/wp-content\/uploads\/2016\/04\/Mahkimismatt-Star-Dream-pehme-pohi-SOODUSPAKKUMISED-Beebi-ja-lastetarbed-Mahkimismatid_1-46f.jpg","type":"image\/jpeg"}],"twitter_card":"summary_large_image","schema":{"@context":"https:\/\/schema.org","@graph":[{"@type":"WebPage","@id":"https:\/\/beebipood.ee\/ru\/produkt\/mahkimismatt-star-dream-pehme-pohi\/","url":"https:\/\/beebipood.ee\/ru\/produkt\/mahkimismatt-star-dream-pehme-pohi\/","name":"M\u00e4hkimismatt Star Dream (pehme p\u00f5hi), \u041f\u0440\u0438\u043d\u0430\u0434\u043b\u0435\u0436\u043d\u043e\u0441\u0442\u0438 \u0434\u043b\u044f \u043c\u043b\u0430\u0434\u0435\u043d\u0446\u0435\u0432, \u041c\u0430\u0442\u044b \u0434\u043b\u044f \u043f\u0435\u043b\u0435\u043d\u0430\u043d\u0438\u044f, Beebipood","isPartOf":{"@id":"https:\/\/beebipood.ee\/ru\/#website"},"primaryImageOfPage":{"@id":"https:\/\/beebipood.ee\/ru\/produkt\/mahkimismatt-star-dream-pehme-pohi\/#primaryimage"},"image":{"@id":"https:\/\/beebipood.ee\/ru\/produkt\/mahkimismatt-star-dream-pehme-pohi\/#primaryimage"},"thumbnailUrl":"https:\/\/beebipood.ee\/wp-content\/uploads\/2016\/04\/Mahkimismatt-Star-Dream-pehme-pohi-SOODUSPAKKUMISED-Beebi-ja-lastetarbed-Mahkimismatid_1-46f.jpg","datePublished":"2016-04-25T05:22:26+00:00","dateModified":"2025-01-09T08:50:16+00:00","description":"M\u00e4hkimismatt Star Dream (pehme p\u00f5hi), * kvaliteetne ja kergesti puhastatav materjal* pehme p&otilde;hjaga&nbsp;m&auml","breadcrumb":{"@id":"https:\/\/beebipood.ee\/ru\/produkt\/mahkimismatt-star-dream-pehme-pohi\/#breadcrumb"},"inLanguage":"ru-RU","potentialAction":[{"@type":"ReadAction","target":["https:\/\/beebipood.ee\/ru\/produkt\/mahkimismatt-star-dream-pehme-pohi\/"]}]},{"@type":"ImageObject","inLanguage":"ru-RU","@id":"https:\/\/beebipood.ee\/ru\/produkt\/mahkimismatt-star-dream-pehme-pohi\/#primaryimage","url":"https:\/\/beebipood.ee\/wp-content\/uploads\/2016\/04\/Mahkimismatt-Star-Dream-pehme-pohi-SOODUSPAKKUMISED-Beebi-ja-lastetarbed-Mahkimismatid_1-46f.jpg","contentUrl":"https:\/\/beebipood.ee\/wp-content\/uploads\/2016\/04\/Mahkimismatt-Star-Dream-pehme-pohi-SOODUSPAKKUMISED-Beebi-ja-lastetarbed-Mahkimismatid_1-46f.jpg","width":850,"height":850},{"@type":"BreadcrumbList","@id":"https:\/\/beebipood.ee\/ru\/produkt\/mahkimismatt-star-dream-pehme-pohi\/#breadcrumb","itemListElement":[{"@type":"ListItem","position":1,"name":"Home","item":"https:\/\/beebipood.ee\/ru\/"},{"@type":"ListItem","position":2,"name":"\u041a\u0430\u0442\u0430\u043b\u043e\u0433 \u0442\u043e\u0432\u0430\u0440\u043e\u0432","item":"https:\/\/beebipood.ee\/tooted\/"},{"@type":"ListItem","position":3,"name":"M\u00e4hkimismatt Star Dream (pehme p\u00f5hi)"}]},{"@type":"WebSite","@id":"https:\/\/beebipood.ee\/ru\/#website","url":"https:\/\/beebipood.ee\/ru\/","name":"Beebipood","description":"Lastekaubad, beebikaubad, m\u00e4nguasjad","publisher":{"@id":"https:\/\/beebipood.ee\/ru\/#organization"},"potentialAction":[{"@type":"SearchAction","target":{"@type":"EntryPoint","urlTemplate":"https:\/\/beebipood.ee\/ru\/?s={search_term_string}"},"query-input":{"@type":"PropertyValueSpecification","valueRequired":true,"valueName":"search_term_string"}}],"inLanguage":"ru-RU"},{"@type":"Organization","@id":"https:\/\/beebipood.ee\/ru\/#organization","name":"Beebipood","url":"https:\/\/beebipood.ee\/ru\/","logo":{"@type":"ImageObject","inLanguage":"ru-RU","@id":"https:\/\/beebipood.ee\/ru\/#\/schema\/logo\/image\/","url":"https:\/\/beebipood.ee\/wp-content\/uploads\/2025\/03\/beebipood.ee-logo-1.svg","contentUrl":"https:\/\/beebipood.ee\/wp-content\/uploads\/2025\/03\/beebipood.ee-logo-1.svg","caption":"Beebipood"},"image":{"@id":"https:\/\/beebipood.ee\/ru\/#\/schema\/logo\/image\/"}}]}},"brands":[{"id":11946,"name":"Klups","slug":"klups-ru"}],"_links":{"self":[{"href":"https:\/\/beebipood.ee\/ru\/wp-json\/wp\/v2\/product\/456822","targetHints":{"allow":["GET"]}}],"collection":[{"href":"https:\/\/beebipood.ee\/ru\/wp-json\/wp\/v2\/product"}],"about":[{"href":"https:\/\/beebipood.ee\/ru\/wp-json\/wp\/v2\/types\/product"}],"wp:featuredmedia":[{"embeddable":true,"href":"https:\/\/beebipood.ee\/ru\/wp-json\/wp\/v2\/media\/111190"}],"wp:attachment":[{"href":"https:\/\/beebipood.ee\/ru\/wp-json\/wp\/v2\/media?parent=456822"}],"wp:term":[{"taxonomy":"pwb-brand","embeddable":true,"href":"https:\/\/beebipood.ee\/ru\/wp-json\/wp\/v2\/pwb-brand?post=456822"},{"taxonomy":"product_brand","embeddable":true,"href":"https:\/\/beebipood.ee\/ru\/wp-json\/wp\/v2\/product_brand?post=456822"},{"taxonomy":"product_cat","embeddable":true,"href":"https:\/\/beebipood.ee\/ru\/wp-json\/wp\/v2\/product_cat?post=456822"},{"taxonomy":"product_tag","embeddable":true,"href":"https:\/\/beebipood.ee\/ru\/wp-json\/wp\/v2\/product_tag?post=456822"}],"curies":[{"name":"wp","href":"https:\/\/api.w.org\/{rel}","templated":true}]}}