{"id":456842,"date":"2016-04-25T11:43:46","date_gmt":"2016-04-25T08:43:46","guid":{"rendered":"https:\/\/beebipood.ee\/toode\/aerosleep-madratsikate-40x80\/"},"modified":"2025-03-04T11:50:02","modified_gmt":"2025-03-04T09:50:02","slug":"aerosleep-madratsikate-40x80","status":"publish","type":"product","link":"https:\/\/beebipood.ee\/ru\/produkt\/aerosleep-madratsikate-40x80\/","title":{"rendered":"Aerosleep madratsikate 40&#215;80"},"content":{"rendered":"<p>Beebid magavad keskelt l\u00e4bi 18 tundi p\u00e4evas <br \/>see on ilmselge v\u00e4ide, kui vajalik on \u00fcks hea madrats. <br \/>Seet\u00f5ttu ongi Aerosleep v\u00e4lja t\u00f6\u00f6tanud suurep\u00e4rase madratsikatte, <br \/>mis sobib pea k\u00f5igile madratsitele.<br \/>Beebimadratsi pikema eluea tagab unikaalne ja praktiline Aerosleep madratsikate.<br \/>Struktuurist:<br \/>Aerosleep madratsikate koosneb kolmest kihist.<br \/><span style=\"text-decoration: underline;\">K\u00f5ige pealmine kiht on 3D k\u00e4rgstruktuuriga \u00f5hukiht.<\/span> <br \/>See kiht aitab v\u00e4ltida \u00fcle kuumenemist <br \/>ning v\u00f5imaldab lapsel hingata ka siis, kui ta peaks p\u00f6\u00f6rama e<br \/>nd k\u00f5huli ja suuga madratsi vastu.<br \/><span style=\"text-decoration: underline;\">Keskmine kiht &#8212; imendumis kiht.<\/span> <br \/>Kui peaks juhtuma, et teie lapse m\u00e4he lekib v\u00f5i laps kipub ilastama, <br \/>siis k\u00f5ik see vedelik liigub l\u00e4bi \u00f5hukihi keskmisesse kihti <br \/>ning k\u00f5ik vedelikud imenduvad sinna. <br \/>T\u00e4nu optimaalsele \u00f5huringlusele, aurustuvad kiiresti k\u00f5ik vedelikud. <br \/>Kuna pealmine \u00f5hukiht on 7mm paks, ei pea laps kunagi magama selle niiskuse sees, <br \/>mis imendub keskmisesse kihti. Selliselt j\u00e4\u00e4b teie laps alati kuivaks <br \/>ja puhtaks ning v\u00e4ldib samuti nahal\u00f6\u00f6be teket.<br \/><span style=\"text-decoration: underline;\">Kolmas ja viimane on veekindel ja l\u00e4bitungimatu kiht.<\/span> <br \/>Koosneb PU-kilest, mis tagab alloleva madratsi kuiva seisukorra.<br \/>Madratsikatte struktuur<br \/>Madratsikate on tervenisti masinpestav 60\u00b0 juures (pesta \u00fcmberp\u00f6\u00f6ratult). <br \/>See on \u00e4\u00e4retult t\u00e4htis, kuna 60 kraadi juures h\u00e4vinevad k\u00f5ik allergeenid ja bakterid.<br \/>See toode ei sisalda kemikaale ega teisi kahjulikke aineid, <br \/>mida on testitud vastavalt \u00d6ko-Tex 100 standardile.<\/p>\n","protected":false},"excerpt":{"rendered":"<p>Beebid magavad keskelt l\u00e4bi 18 tundi p\u00e4evas see on ilmselge v\u00e4ide, kui vajalik on \u00fcks hea madrats. Seet\u00f5ttu ongi Aerosleep v\u00e4lja t\u00f6\u00f6tanud suurep\u00e4rase madratsikatte, mis sobib pea k\u00f5igile madratsitele.Beebimadratsi pikema eluea tagab unikaalne ja praktiline Aerosleep madratsikate.Struktuurist:Aerosleep madratsikate koosneb kolmest kihist.K\u00f5ige pealmine kiht on 3D k\u00e4rgstruktuuriga \u00f5hukiht. See kiht aitab v\u00e4ltida \u00fcle kuumenemist ning v\u00f5imaldab [&hellip;]<\/p>\n","protected":false},"featured_media":165825,"template":"","meta":{"_acf_changed":false},"pwb-brand":[11965],"product_brand":[],"product_cat":[11765,11611,11563,11789],"product_tag":[],"class_list":{"0":"post-456842","1":"product","2":"type-product","3":"status-publish","4":"has-post-thumbnail","6":"pwb-brand-aeromoov-ru","7":"product_cat-kuni-60cm-laiused-ru-1","8":"product_cat-kattemadratsid-ru","9":"product_cat-madratsid-ja-kattemadratsid-ru","10":"product_cat-lastemoobel-ja-sisustus-ru","11":"pa_manufacturer-aeromoov-ru","13":"first","14":"onbackorder","15":"taxable","16":"shipping-taxable","17":"purchasable","18":"product-type-simple"},"exclude_global_add_ons":[],"addons":[],"acf":[],"yoast_head":"<!-- This site is optimized with the Yoast SEO plugin v27.1.1 - https:\/\/yoast.com\/product\/yoast-seo-wordpress\/ -->\n<title>Aerosleep madratsikate 40x80, \u041c\u0430\u0442\u0440\u0430\u0441\u044b \u0438 \u043c\u0430\u0442\u0440\u0430\u0441\u044b-\u043f\u043e\u043a\u0440\u044b\u0432\u0430\u043b\u0430, \u041d\u041e\u0412\u042b\u0415 \u0422\u041e\u0412\u0410\u0420\u042b, M\u0430\u0442\u0440\u0430\u0441\u044b-\u043f\u043e\u043a\u0440\u044b\u0432\u0430\u043b\u0430, \u0428\u0438\u0440\u0438\u043d\u043e\u0439 \u0434\u043e 60 c\u043c, M\u0435\u0431\u0435\u043b\u044c, Beebipood<\/title>\n<meta name=\"description\" content=\"Aerosleep madratsikate 40x80, Beebid magavad keskelt l&auml;bi 18 tundi p&auml;evas see on ilmselge v&auml;ide, kui vajalik on &uuml;ks hea madrats. &lt;b\" \/>\n<meta name=\"robots\" content=\"index, follow, max-snippet:-1, max-image-preview:large, max-video-preview:-1\" \/>\n<link rel=\"canonical\" href=\"https:\/\/beebipood.ee\/ru\/produkt\/aerosleep-madratsikate-40x80\/\" \/>\n<meta property=\"og:locale\" content=\"ru_RU\" \/>\n<meta property=\"og:type\" content=\"article\" \/>\n<meta property=\"og:title\" content=\"Aerosleep madratsikate 40x80, \u041c\u0430\u0442\u0440\u0430\u0441\u044b \u0438 \u043c\u0430\u0442\u0440\u0430\u0441\u044b-\u043f\u043e\u043a\u0440\u044b\u0432\u0430\u043b\u0430, \u041d\u041e\u0412\u042b\u0415 \u0422\u041e\u0412\u0410\u0420\u042b, M\u0430\u0442\u0440\u0430\u0441\u044b-\u043f\u043e\u043a\u0440\u044b\u0432\u0430\u043b\u0430, \u0428\u0438\u0440\u0438\u043d\u043e\u0439 \u0434\u043e 60 c\u043c, M\u0435\u0431\u0435\u043b\u044c, Beebipood\" \/>\n<meta property=\"og:description\" content=\"Aerosleep madratsikate 40x80, Beebid magavad keskelt l&auml;bi 18 tundi p&auml;evas see on ilmselge v&auml;ide, kui vajalik on &uuml;ks hea madrats. &lt;b\" \/>\n<meta property=\"og:url\" content=\"https:\/\/beebipood.ee\/ru\/produkt\/aerosleep-madratsikate-40x80\/\" \/>\n<meta property=\"og:site_name\" content=\"Beebipood\" \/>\n<meta property=\"article:modified_time\" content=\"2025-03-04T09:50:02+00:00\" \/>\n<meta property=\"og:image\" content=\"https:\/\/beebipood.ee\/wp-content\/uploads\/2016\/04\/Aerosleep-madratsikate-40x80-Beebi-ja-lastetarbed-Mahkimismatid_6-dff.jpg\" \/>\n\t<meta property=\"og:image:width\" content=\"1799\" \/>\n\t<meta property=\"og:image:height\" content=\"1200\" \/>\n\t<meta property=\"og:image:type\" content=\"image\/jpeg\" \/>\n<meta name=\"twitter:card\" content=\"summary_large_image\" \/>\n<meta name=\"twitter:label1\" content=\"\u041f\u0440\u0438\u043c\u0435\u0440\u043d\u043e\u0435 \u0432\u0440\u0435\u043c\u044f \u0434\u043b\u044f \u0447\u0442\u0435\u043d\u0438\u044f\" \/>\n\t<meta name=\"twitter:data1\" content=\"1 \u043c\u0438\u043d\u0443\u0442\u0430\" \/>\n<script type=\"application\/ld+json\" class=\"yoast-schema-graph\">{\"@context\":\"https:\/\/schema.org\",\"@graph\":[{\"@type\":\"WebPage\",\"@id\":\"https:\/\/beebipood.ee\/ru\/produkt\/aerosleep-madratsikate-40x80\/\",\"url\":\"https:\/\/beebipood.ee\/ru\/produkt\/aerosleep-madratsikate-40x80\/\",\"name\":\"Aerosleep madratsikate 40x80, \u041c\u0430\u0442\u0440\u0430\u0441\u044b \u0438 \u043c\u0430\u0442\u0440\u0430\u0441\u044b-\u043f\u043e\u043a\u0440\u044b\u0432\u0430\u043b\u0430, \u041d\u041e\u0412\u042b\u0415 \u0422\u041e\u0412\u0410\u0420\u042b, M\u0430\u0442\u0440\u0430\u0441\u044b-\u043f\u043e\u043a\u0440\u044b\u0432\u0430\u043b\u0430, \u0428\u0438\u0440\u0438\u043d\u043e\u0439 \u0434\u043e 60 c\u043c, M\u0435\u0431\u0435\u043b\u044c, Beebipood\",\"isPartOf\":{\"@id\":\"https:\/\/beebipood.ee\/ru\/#website\"},\"primaryImageOfPage\":{\"@id\":\"https:\/\/beebipood.ee\/ru\/produkt\/aerosleep-madratsikate-40x80\/#primaryimage\"},\"image\":{\"@id\":\"https:\/\/beebipood.ee\/ru\/produkt\/aerosleep-madratsikate-40x80\/#primaryimage\"},\"thumbnailUrl\":\"https:\/\/beebipood.ee\/wp-content\/uploads\/2016\/04\/Aerosleep-madratsikate-40x80-Beebi-ja-lastetarbed-Mahkimismatid_6-dff.jpg\",\"datePublished\":\"2016-04-25T08:43:46+00:00\",\"dateModified\":\"2025-03-04T09:50:02+00:00\",\"description\":\"Aerosleep madratsikate 40x80, Beebid magavad keskelt l&auml;bi 18 tundi p&auml;evas see on ilmselge v&auml;ide, kui vajalik on &uuml;ks hea madrats. &lt;b\",\"breadcrumb\":{\"@id\":\"https:\/\/beebipood.ee\/ru\/produkt\/aerosleep-madratsikate-40x80\/#breadcrumb\"},\"inLanguage\":\"ru-RU\",\"potentialAction\":[{\"@type\":\"ReadAction\",\"target\":[\"https:\/\/beebipood.ee\/ru\/produkt\/aerosleep-madratsikate-40x80\/\"]}]},{\"@type\":\"ImageObject\",\"inLanguage\":\"ru-RU\",\"@id\":\"https:\/\/beebipood.ee\/ru\/produkt\/aerosleep-madratsikate-40x80\/#primaryimage\",\"url\":\"https:\/\/beebipood.ee\/wp-content\/uploads\/2016\/04\/Aerosleep-madratsikate-40x80-Beebi-ja-lastetarbed-Mahkimismatid_6-dff.jpg\",\"contentUrl\":\"https:\/\/beebipood.ee\/wp-content\/uploads\/2016\/04\/Aerosleep-madratsikate-40x80-Beebi-ja-lastetarbed-Mahkimismatid_6-dff.jpg\",\"width\":1799,\"height\":1200},{\"@type\":\"BreadcrumbList\",\"@id\":\"https:\/\/beebipood.ee\/ru\/produkt\/aerosleep-madratsikate-40x80\/#breadcrumb\",\"itemListElement\":[{\"@type\":\"ListItem\",\"position\":1,\"name\":\"Home\",\"item\":\"https:\/\/beebipood.ee\/ru\/\"},{\"@type\":\"ListItem\",\"position\":2,\"name\":\"\u041a\u0430\u0442\u0430\u043b\u043e\u0433 \u0442\u043e\u0432\u0430\u0440\u043e\u0432\",\"item\":\"https:\/\/beebipood.ee\/tooted\/\"},{\"@type\":\"ListItem\",\"position\":3,\"name\":\"Aerosleep madratsikate 40&#215;80\"}]},{\"@type\":\"WebSite\",\"@id\":\"https:\/\/beebipood.ee\/ru\/#website\",\"url\":\"https:\/\/beebipood.ee\/ru\/\",\"name\":\"Beebipood\",\"description\":\"Lastekaubad, beebikaubad, m\u00e4nguasjad\",\"publisher\":{\"@id\":\"https:\/\/beebipood.ee\/ru\/#organization\"},\"potentialAction\":[{\"@type\":\"SearchAction\",\"target\":{\"@type\":\"EntryPoint\",\"urlTemplate\":\"https:\/\/beebipood.ee\/ru\/?s={search_term_string}\"},\"query-input\":{\"@type\":\"PropertyValueSpecification\",\"valueRequired\":true,\"valueName\":\"search_term_string\"}}],\"inLanguage\":\"ru-RU\"},{\"@type\":\"Organization\",\"@id\":\"https:\/\/beebipood.ee\/ru\/#organization\",\"name\":\"Beebipood\",\"url\":\"https:\/\/beebipood.ee\/ru\/\",\"logo\":{\"@type\":\"ImageObject\",\"inLanguage\":\"ru-RU\",\"@id\":\"https:\/\/beebipood.ee\/ru\/#\/schema\/logo\/image\/\",\"url\":\"https:\/\/beebipood.ee\/wp-content\/uploads\/2025\/03\/beebipood.ee-logo-1.svg\",\"contentUrl\":\"https:\/\/beebipood.ee\/wp-content\/uploads\/2025\/03\/beebipood.ee-logo-1.svg\",\"caption\":\"Beebipood\"},\"image\":{\"@id\":\"https:\/\/beebipood.ee\/ru\/#\/schema\/logo\/image\/\"}}]}<\/script>\n<!-- \/ Yoast SEO plugin. -->","yoast_head_json":{"title":"Aerosleep madratsikate 40x80, \u041c\u0430\u0442\u0440\u0430\u0441\u044b \u0438 \u043c\u0430\u0442\u0440\u0430\u0441\u044b-\u043f\u043e\u043a\u0440\u044b\u0432\u0430\u043b\u0430, \u041d\u041e\u0412\u042b\u0415 \u0422\u041e\u0412\u0410\u0420\u042b, M\u0430\u0442\u0440\u0430\u0441\u044b-\u043f\u043e\u043a\u0440\u044b\u0432\u0430\u043b\u0430, \u0428\u0438\u0440\u0438\u043d\u043e\u0439 \u0434\u043e 60 c\u043c, M\u0435\u0431\u0435\u043b\u044c, Beebipood","description":"Aerosleep madratsikate 40x80, Beebid magavad keskelt l&auml;bi 18 tundi p&auml;evas see on ilmselge v&auml;ide, kui vajalik on &uuml;ks hea madrats. &lt;b","robots":{"index":"index","follow":"follow","max-snippet":"max-snippet:-1","max-image-preview":"max-image-preview:large","max-video-preview":"max-video-preview:-1"},"canonical":"https:\/\/beebipood.ee\/ru\/produkt\/aerosleep-madratsikate-40x80\/","og_locale":"ru_RU","og_type":"article","og_title":"Aerosleep madratsikate 40x80, \u041c\u0430\u0442\u0440\u0430\u0441\u044b \u0438 \u043c\u0430\u0442\u0440\u0430\u0441\u044b-\u043f\u043e\u043a\u0440\u044b\u0432\u0430\u043b\u0430, \u041d\u041e\u0412\u042b\u0415 \u0422\u041e\u0412\u0410\u0420\u042b, M\u0430\u0442\u0440\u0430\u0441\u044b-\u043f\u043e\u043a\u0440\u044b\u0432\u0430\u043b\u0430, \u0428\u0438\u0440\u0438\u043d\u043e\u0439 \u0434\u043e 60 c\u043c, M\u0435\u0431\u0435\u043b\u044c, Beebipood","og_description":"Aerosleep madratsikate 40x80, Beebid magavad keskelt l&auml;bi 18 tundi p&auml;evas see on ilmselge v&auml;ide, kui vajalik on &uuml;ks hea madrats. &lt;b","og_url":"https:\/\/beebipood.ee\/ru\/produkt\/aerosleep-madratsikate-40x80\/","og_site_name":"Beebipood","article_modified_time":"2025-03-04T09:50:02+00:00","og_image":[{"width":1799,"height":1200,"url":"https:\/\/beebipood.ee\/wp-content\/uploads\/2016\/04\/Aerosleep-madratsikate-40x80-Beebi-ja-lastetarbed-Mahkimismatid_6-dff.jpg","type":"image\/jpeg"}],"twitter_card":"summary_large_image","twitter_misc":{"\u041f\u0440\u0438\u043c\u0435\u0440\u043d\u043e\u0435 \u0432\u0440\u0435\u043c\u044f \u0434\u043b\u044f \u0447\u0442\u0435\u043d\u0438\u044f":"1 \u043c\u0438\u043d\u0443\u0442\u0430"},"schema":{"@context":"https:\/\/schema.org","@graph":[{"@type":"WebPage","@id":"https:\/\/beebipood.ee\/ru\/produkt\/aerosleep-madratsikate-40x80\/","url":"https:\/\/beebipood.ee\/ru\/produkt\/aerosleep-madratsikate-40x80\/","name":"Aerosleep madratsikate 40x80, \u041c\u0430\u0442\u0440\u0430\u0441\u044b \u0438 \u043c\u0430\u0442\u0440\u0430\u0441\u044b-\u043f\u043e\u043a\u0440\u044b\u0432\u0430\u043b\u0430, \u041d\u041e\u0412\u042b\u0415 \u0422\u041e\u0412\u0410\u0420\u042b, M\u0430\u0442\u0440\u0430\u0441\u044b-\u043f\u043e\u043a\u0440\u044b\u0432\u0430\u043b\u0430, \u0428\u0438\u0440\u0438\u043d\u043e\u0439 \u0434\u043e 60 c\u043c, M\u0435\u0431\u0435\u043b\u044c, Beebipood","isPartOf":{"@id":"https:\/\/beebipood.ee\/ru\/#website"},"primaryImageOfPage":{"@id":"https:\/\/beebipood.ee\/ru\/produkt\/aerosleep-madratsikate-40x80\/#primaryimage"},"image":{"@id":"https:\/\/beebipood.ee\/ru\/produkt\/aerosleep-madratsikate-40x80\/#primaryimage"},"thumbnailUrl":"https:\/\/beebipood.ee\/wp-content\/uploads\/2016\/04\/Aerosleep-madratsikate-40x80-Beebi-ja-lastetarbed-Mahkimismatid_6-dff.jpg","datePublished":"2016-04-25T08:43:46+00:00","dateModified":"2025-03-04T09:50:02+00:00","description":"Aerosleep madratsikate 40x80, Beebid magavad keskelt l&auml;bi 18 tundi p&auml;evas see on ilmselge v&auml;ide, kui vajalik on &uuml;ks hea madrats. &lt;b","breadcrumb":{"@id":"https:\/\/beebipood.ee\/ru\/produkt\/aerosleep-madratsikate-40x80\/#breadcrumb"},"inLanguage":"ru-RU","potentialAction":[{"@type":"ReadAction","target":["https:\/\/beebipood.ee\/ru\/produkt\/aerosleep-madratsikate-40x80\/"]}]},{"@type":"ImageObject","inLanguage":"ru-RU","@id":"https:\/\/beebipood.ee\/ru\/produkt\/aerosleep-madratsikate-40x80\/#primaryimage","url":"https:\/\/beebipood.ee\/wp-content\/uploads\/2016\/04\/Aerosleep-madratsikate-40x80-Beebi-ja-lastetarbed-Mahkimismatid_6-dff.jpg","contentUrl":"https:\/\/beebipood.ee\/wp-content\/uploads\/2016\/04\/Aerosleep-madratsikate-40x80-Beebi-ja-lastetarbed-Mahkimismatid_6-dff.jpg","width":1799,"height":1200},{"@type":"BreadcrumbList","@id":"https:\/\/beebipood.ee\/ru\/produkt\/aerosleep-madratsikate-40x80\/#breadcrumb","itemListElement":[{"@type":"ListItem","position":1,"name":"Home","item":"https:\/\/beebipood.ee\/ru\/"},{"@type":"ListItem","position":2,"name":"\u041a\u0430\u0442\u0430\u043b\u043e\u0433 \u0442\u043e\u0432\u0430\u0440\u043e\u0432","item":"https:\/\/beebipood.ee\/tooted\/"},{"@type":"ListItem","position":3,"name":"Aerosleep madratsikate 40&#215;80"}]},{"@type":"WebSite","@id":"https:\/\/beebipood.ee\/ru\/#website","url":"https:\/\/beebipood.ee\/ru\/","name":"Beebipood","description":"Lastekaubad, beebikaubad, m\u00e4nguasjad","publisher":{"@id":"https:\/\/beebipood.ee\/ru\/#organization"},"potentialAction":[{"@type":"SearchAction","target":{"@type":"EntryPoint","urlTemplate":"https:\/\/beebipood.ee\/ru\/?s={search_term_string}"},"query-input":{"@type":"PropertyValueSpecification","valueRequired":true,"valueName":"search_term_string"}}],"inLanguage":"ru-RU"},{"@type":"Organization","@id":"https:\/\/beebipood.ee\/ru\/#organization","name":"Beebipood","url":"https:\/\/beebipood.ee\/ru\/","logo":{"@type":"ImageObject","inLanguage":"ru-RU","@id":"https:\/\/beebipood.ee\/ru\/#\/schema\/logo\/image\/","url":"https:\/\/beebipood.ee\/wp-content\/uploads\/2025\/03\/beebipood.ee-logo-1.svg","contentUrl":"https:\/\/beebipood.ee\/wp-content\/uploads\/2025\/03\/beebipood.ee-logo-1.svg","caption":"Beebipood"},"image":{"@id":"https:\/\/beebipood.ee\/ru\/#\/schema\/logo\/image\/"}}]}},"brands":[{"id":11965,"name":"AeroMoov","slug":"aeromoov-ru"}],"_links":{"self":[{"href":"https:\/\/beebipood.ee\/ru\/wp-json\/wp\/v2\/product\/456842","targetHints":{"allow":["GET"]}}],"collection":[{"href":"https:\/\/beebipood.ee\/ru\/wp-json\/wp\/v2\/product"}],"about":[{"href":"https:\/\/beebipood.ee\/ru\/wp-json\/wp\/v2\/types\/product"}],"wp:featuredmedia":[{"embeddable":true,"href":"https:\/\/beebipood.ee\/ru\/wp-json\/wp\/v2\/media\/165825"}],"wp:attachment":[{"href":"https:\/\/beebipood.ee\/ru\/wp-json\/wp\/v2\/media?parent=456842"}],"wp:term":[{"taxonomy":"pwb-brand","embeddable":true,"href":"https:\/\/beebipood.ee\/ru\/wp-json\/wp\/v2\/pwb-brand?post=456842"},{"taxonomy":"product_brand","embeddable":true,"href":"https:\/\/beebipood.ee\/ru\/wp-json\/wp\/v2\/product_brand?post=456842"},{"taxonomy":"product_cat","embeddable":true,"href":"https:\/\/beebipood.ee\/ru\/wp-json\/wp\/v2\/product_cat?post=456842"},{"taxonomy":"product_tag","embeddable":true,"href":"https:\/\/beebipood.ee\/ru\/wp-json\/wp\/v2\/product_tag?post=456842"}],"curies":[{"name":"wp","href":"https:\/\/api.w.org\/{rel}","templated":true}]}}