{"id":456850,"date":"2016-04-25T12:00:36","date_gmt":"2016-04-25T09:00:36","guid":{"rendered":"https:\/\/beebipood.ee\/toode\/thule-newborn-nest\/"},"modified":"2025-01-09T10:50:14","modified_gmt":"2025-01-09T08:50:14","slug":"thule-newborn-nest","status":"publish","type":"product","link":"https:\/\/beebipood.ee\/ru\/produkt\/thule-newborn-nest\/","title":{"rendered":"Thule newborn nest"},"content":{"rendered":"<p>Thule vasts\u00fcndinu kookon, mis pakub lisa kaitset ja mugavust. <br \/>Pakub teie lapsele rohkem kaitset, mugavust ja soojust, <br \/>mida nad vajavad esimesest p\u00e4evast alates. <br \/>Seda on lihtne istmele paigaldada ja see tekitab hubase tasase pinna <br \/>koos kaasasoleva lisatuge pakkuva pehme peatoe padjaga. <br \/>Jalutusk\u00e4ru kokkupanemisel j\u00e4tke kookon lihtsalt istmele.<br \/>Komplekti kuulub pehme peatoe padi, et pakkuda teile lisa kaitset ja mugavust.<br \/>H\u00f5lpsalt paigaldatav.<br \/>Vasts\u00fcndinu ohutuks kinnitamiseks peapatja l\u00e4biv turvarihm.<br \/>Masinpestav ja seet\u00f5ttu kergesti puhastatav.<br \/>Sobib s\u00fcnnist kuni 6 kuu vanustele lastele.<br \/>Pehme hall polster musta pealiskangaga.<br \/>Materjal: Pol\u00fcester.<br \/>Sobib toodetele: Thule Shine, Thule Urban Glide 2, Thule Urban Glide 2 Double, Thule Spring.<br \/>Thule Urban Glide 3, Thule Urban Glide 3 Double, Thule Urban Glide 4-wheel<br \/>M\u00f5\u00f5dud ja kaal<br \/>M\u00f5\u00f5dud: 26 \u00d7 74 \u00d7 14 cm<br \/>Kaal: 0.65 kg<\/p>\n","protected":false},"excerpt":{"rendered":"<p>Thule vasts\u00fcndinu kookon, mis pakub lisa kaitset ja mugavust. Pakub teie lapsele rohkem kaitset, mugavust ja soojust, mida nad vajavad esimesest p\u00e4evast alates. Seda on lihtne istmele paigaldada ja see tekitab hubase tasase pinna koos kaasasoleva lisatuge pakkuva pehme peatoe padjaga. Jalutusk\u00e4ru kokkupanemisel j\u00e4tke kookon lihtsalt istmele.Komplekti kuulub pehme peatoe padi, et pakkuda teile lisa [&hellip;]<\/p>\n","protected":false},"featured_media":165873,"template":"","meta":{"_acf_changed":false},"pwb-brand":[11980],"product_brand":[],"product_cat":[11847,11849,11573,11915,11851,11853,11721,11833,11725,11845,11717,11825],"product_tag":[],"class_list":{"0":"post-456850","1":"product","2":"type-product","3":"status-publish","4":"has-post-thumbnail","6":"pwb-brand-thule-ru","7":"product_cat-thule-ru","8":"product_cat-thule-urban-glide-3-ru","9":"product_cat-sooduspakkumised-ru","10":"product_cat-soojakotid-ru","11":"product_cat-thule-urban-glide-4-wheel-ru","12":"product_cat-thule-urban-glide-3-double-ru","13":"product_cat-jalutuskarud-ru","14":"product_cat-thule-shine-ru","15":"product_cat-lisatarvikud-ru","16":"product_cat-thule-spring-ru","17":"product_cat-lastevankrid-ja-karud-ru","18":"product_cat-thule-glide-3-ru","19":"pa_manufacturer-thule-ru","21":"first","22":"onbackorder","23":"sale","24":"taxable","25":"shipping-taxable","26":"purchasable","27":"product-type-simple"},"exclude_global_add_ons":[],"addons":[],"acf":[],"yoast_head":"<!-- This site is optimized with the Yoast SEO plugin v27.1.1 - https:\/\/yoast.com\/product\/yoast-seo-wordpress\/ -->\n<title>Thule newborn nest, \u0421\u041a\u0418\u0414\u041a\u0418, \u041b\u043e\u0448\u0430\u0434\u043a\u0430-\u043a\u0430\u0447\u0430\u043b\u043a\u0430, \u041a\u043e\u043b\u044f\u0441\u043a\u0438, \u041f\u0440\u043e\u0433\u0443\u043b\u043e\u0447\u043d\u044b\u0435 \u043a\u043e\u043b\u044f\u0441\u043a\u0438, \u041f\u0440\u0438\u043d\u0430\u0434\u043b\u0435\u0436\u043d\u043e\u0441\u0442\u0438, Thule Urban Glide 2, Thule Shine, Thule Spring, THULE, Thule Urban Glide 3, Thule Urban Glide 4-wheel, Thule Urban Glide 3 Double , Soojakotid, Beebipood<\/title>\n<meta name=\"description\" content=\"Thule newborn nest, Thule vasts&uuml;ndinu kookon, mis pakub lisa kaitset ja mugavust. Pakub teie lapsele rohkem kaitset, mugavust ja soojust, mi\" \/>\n<meta name=\"robots\" content=\"index, follow, max-snippet:-1, max-image-preview:large, max-video-preview:-1\" \/>\n<link rel=\"canonical\" href=\"https:\/\/beebipood.ee\/ru\/produkt\/thule-newborn-nest\/\" \/>\n<meta property=\"og:locale\" content=\"ru_RU\" \/>\n<meta property=\"og:type\" content=\"article\" \/>\n<meta property=\"og:title\" content=\"Thule newborn nest, \u0421\u041a\u0418\u0414\u041a\u0418, \u041b\u043e\u0448\u0430\u0434\u043a\u0430-\u043a\u0430\u0447\u0430\u043b\u043a\u0430, \u041a\u043e\u043b\u044f\u0441\u043a\u0438, \u041f\u0440\u043e\u0433\u0443\u043b\u043e\u0447\u043d\u044b\u0435 \u043a\u043e\u043b\u044f\u0441\u043a\u0438, \u041f\u0440\u0438\u043d\u0430\u0434\u043b\u0435\u0436\u043d\u043e\u0441\u0442\u0438, Thule Urban Glide 2, Thule Shine, Thule Spring, THULE, Thule Urban Glide 3, Thule Urban Glide 4-wheel, Thule Urban Glide 3 Double , Soojakotid, Beebipood\" \/>\n<meta property=\"og:description\" content=\"Thule newborn nest, Thule vasts&uuml;ndinu kookon, mis pakub lisa kaitset ja mugavust. Pakub teie lapsele rohkem kaitset, mugavust ja soojust, mi\" \/>\n<meta property=\"og:url\" content=\"https:\/\/beebipood.ee\/ru\/produkt\/thule-newborn-nest\/\" \/>\n<meta property=\"og:site_name\" content=\"Beebipood\" \/>\n<meta property=\"article:modified_time\" content=\"2025-01-09T08:50:14+00:00\" \/>\n<meta property=\"og:image\" content=\"https:\/\/beebipood.ee\/wp-content\/uploads\/2016\/04\/Thule-newborn-nest-Beebi-ja-lastetarbed-Mahkimismatid_1-c6e.jpg\" \/>\n\t<meta property=\"og:image:width\" content=\"900\" \/>\n\t<meta property=\"og:image:height\" content=\"900\" \/>\n\t<meta property=\"og:image:type\" content=\"image\/jpeg\" \/>\n<meta name=\"twitter:card\" content=\"summary_large_image\" \/>\n<meta name=\"twitter:label1\" content=\"\u041f\u0440\u0438\u043c\u0435\u0440\u043d\u043e\u0435 \u0432\u0440\u0435\u043c\u044f \u0434\u043b\u044f \u0447\u0442\u0435\u043d\u0438\u044f\" \/>\n\t<meta name=\"twitter:data1\" content=\"1 \u043c\u0438\u043d\u0443\u0442\u0430\" \/>\n<script type=\"application\/ld+json\" class=\"yoast-schema-graph\">{\"@context\":\"https:\/\/schema.org\",\"@graph\":[{\"@type\":\"WebPage\",\"@id\":\"https:\/\/beebipood.ee\/ru\/produkt\/thule-newborn-nest\/\",\"url\":\"https:\/\/beebipood.ee\/ru\/produkt\/thule-newborn-nest\/\",\"name\":\"Thule newborn nest, \u0421\u041a\u0418\u0414\u041a\u0418, \u041b\u043e\u0448\u0430\u0434\u043a\u0430-\u043a\u0430\u0447\u0430\u043b\u043a\u0430, \u041a\u043e\u043b\u044f\u0441\u043a\u0438, \u041f\u0440\u043e\u0433\u0443\u043b\u043e\u0447\u043d\u044b\u0435 \u043a\u043e\u043b\u044f\u0441\u043a\u0438, \u041f\u0440\u0438\u043d\u0430\u0434\u043b\u0435\u0436\u043d\u043e\u0441\u0442\u0438, Thule Urban Glide 2, Thule Shine, Thule Spring, THULE, Thule Urban Glide 3, Thule Urban Glide 4-wheel, Thule Urban Glide 3 Double , Soojakotid, Beebipood\",\"isPartOf\":{\"@id\":\"https:\/\/beebipood.ee\/ru\/#website\"},\"primaryImageOfPage\":{\"@id\":\"https:\/\/beebipood.ee\/ru\/produkt\/thule-newborn-nest\/#primaryimage\"},\"image\":{\"@id\":\"https:\/\/beebipood.ee\/ru\/produkt\/thule-newborn-nest\/#primaryimage\"},\"thumbnailUrl\":\"https:\/\/beebipood.ee\/wp-content\/uploads\/2016\/04\/Thule-newborn-nest-Beebi-ja-lastetarbed-Mahkimismatid_1-c6e.jpg\",\"datePublished\":\"2016-04-25T09:00:36+00:00\",\"dateModified\":\"2025-01-09T08:50:14+00:00\",\"description\":\"Thule newborn nest, Thule vasts&uuml;ndinu kookon, mis pakub lisa kaitset ja mugavust. Pakub teie lapsele rohkem kaitset, mugavust ja soojust, mi\",\"breadcrumb\":{\"@id\":\"https:\/\/beebipood.ee\/ru\/produkt\/thule-newborn-nest\/#breadcrumb\"},\"inLanguage\":\"ru-RU\",\"potentialAction\":[{\"@type\":\"ReadAction\",\"target\":[\"https:\/\/beebipood.ee\/ru\/produkt\/thule-newborn-nest\/\"]}]},{\"@type\":\"ImageObject\",\"inLanguage\":\"ru-RU\",\"@id\":\"https:\/\/beebipood.ee\/ru\/produkt\/thule-newborn-nest\/#primaryimage\",\"url\":\"https:\/\/beebipood.ee\/wp-content\/uploads\/2016\/04\/Thule-newborn-nest-Beebi-ja-lastetarbed-Mahkimismatid_1-c6e.jpg\",\"contentUrl\":\"https:\/\/beebipood.ee\/wp-content\/uploads\/2016\/04\/Thule-newborn-nest-Beebi-ja-lastetarbed-Mahkimismatid_1-c6e.jpg\",\"width\":900,\"height\":900},{\"@type\":\"BreadcrumbList\",\"@id\":\"https:\/\/beebipood.ee\/ru\/produkt\/thule-newborn-nest\/#breadcrumb\",\"itemListElement\":[{\"@type\":\"ListItem\",\"position\":1,\"name\":\"Home\",\"item\":\"https:\/\/beebipood.ee\/ru\/\"},{\"@type\":\"ListItem\",\"position\":2,\"name\":\"\u041a\u0430\u0442\u0430\u043b\u043e\u0433 \u0442\u043e\u0432\u0430\u0440\u043e\u0432\",\"item\":\"https:\/\/beebipood.ee\/tooted\/\"},{\"@type\":\"ListItem\",\"position\":3,\"name\":\"Thule newborn nest\"}]},{\"@type\":\"WebSite\",\"@id\":\"https:\/\/beebipood.ee\/ru\/#website\",\"url\":\"https:\/\/beebipood.ee\/ru\/\",\"name\":\"Beebipood\",\"description\":\"Lastekaubad, beebikaubad, m\u00e4nguasjad\",\"publisher\":{\"@id\":\"https:\/\/beebipood.ee\/ru\/#organization\"},\"potentialAction\":[{\"@type\":\"SearchAction\",\"target\":{\"@type\":\"EntryPoint\",\"urlTemplate\":\"https:\/\/beebipood.ee\/ru\/?s={search_term_string}\"},\"query-input\":{\"@type\":\"PropertyValueSpecification\",\"valueRequired\":true,\"valueName\":\"search_term_string\"}}],\"inLanguage\":\"ru-RU\"},{\"@type\":\"Organization\",\"@id\":\"https:\/\/beebipood.ee\/ru\/#organization\",\"name\":\"Beebipood\",\"url\":\"https:\/\/beebipood.ee\/ru\/\",\"logo\":{\"@type\":\"ImageObject\",\"inLanguage\":\"ru-RU\",\"@id\":\"https:\/\/beebipood.ee\/ru\/#\/schema\/logo\/image\/\",\"url\":\"https:\/\/beebipood.ee\/wp-content\/uploads\/2025\/03\/beebipood.ee-logo-1.svg\",\"contentUrl\":\"https:\/\/beebipood.ee\/wp-content\/uploads\/2025\/03\/beebipood.ee-logo-1.svg\",\"caption\":\"Beebipood\"},\"image\":{\"@id\":\"https:\/\/beebipood.ee\/ru\/#\/schema\/logo\/image\/\"}}]}<\/script>\n<!-- \/ Yoast SEO plugin. -->","yoast_head_json":{"title":"Thule newborn nest, \u0421\u041a\u0418\u0414\u041a\u0418, \u041b\u043e\u0448\u0430\u0434\u043a\u0430-\u043a\u0430\u0447\u0430\u043b\u043a\u0430, \u041a\u043e\u043b\u044f\u0441\u043a\u0438, \u041f\u0440\u043e\u0433\u0443\u043b\u043e\u0447\u043d\u044b\u0435 \u043a\u043e\u043b\u044f\u0441\u043a\u0438, \u041f\u0440\u0438\u043d\u0430\u0434\u043b\u0435\u0436\u043d\u043e\u0441\u0442\u0438, Thule Urban Glide 2, Thule Shine, Thule Spring, THULE, Thule Urban Glide 3, Thule Urban Glide 4-wheel, Thule Urban Glide 3 Double , Soojakotid, Beebipood","description":"Thule newborn nest, Thule vasts&uuml;ndinu kookon, mis pakub lisa kaitset ja mugavust. Pakub teie lapsele rohkem kaitset, mugavust ja soojust, mi","robots":{"index":"index","follow":"follow","max-snippet":"max-snippet:-1","max-image-preview":"max-image-preview:large","max-video-preview":"max-video-preview:-1"},"canonical":"https:\/\/beebipood.ee\/ru\/produkt\/thule-newborn-nest\/","og_locale":"ru_RU","og_type":"article","og_title":"Thule newborn nest, \u0421\u041a\u0418\u0414\u041a\u0418, \u041b\u043e\u0448\u0430\u0434\u043a\u0430-\u043a\u0430\u0447\u0430\u043b\u043a\u0430, \u041a\u043e\u043b\u044f\u0441\u043a\u0438, \u041f\u0440\u043e\u0433\u0443\u043b\u043e\u0447\u043d\u044b\u0435 \u043a\u043e\u043b\u044f\u0441\u043a\u0438, \u041f\u0440\u0438\u043d\u0430\u0434\u043b\u0435\u0436\u043d\u043e\u0441\u0442\u0438, Thule Urban Glide 2, Thule Shine, Thule Spring, THULE, Thule Urban Glide 3, Thule Urban Glide 4-wheel, Thule Urban Glide 3 Double , Soojakotid, Beebipood","og_description":"Thule newborn nest, Thule vasts&uuml;ndinu kookon, mis pakub lisa kaitset ja mugavust. Pakub teie lapsele rohkem kaitset, mugavust ja soojust, mi","og_url":"https:\/\/beebipood.ee\/ru\/produkt\/thule-newborn-nest\/","og_site_name":"Beebipood","article_modified_time":"2025-01-09T08:50:14+00:00","og_image":[{"width":900,"height":900,"url":"https:\/\/beebipood.ee\/wp-content\/uploads\/2016\/04\/Thule-newborn-nest-Beebi-ja-lastetarbed-Mahkimismatid_1-c6e.jpg","type":"image\/jpeg"}],"twitter_card":"summary_large_image","twitter_misc":{"\u041f\u0440\u0438\u043c\u0435\u0440\u043d\u043e\u0435 \u0432\u0440\u0435\u043c\u044f \u0434\u043b\u044f \u0447\u0442\u0435\u043d\u0438\u044f":"1 \u043c\u0438\u043d\u0443\u0442\u0430"},"schema":{"@context":"https:\/\/schema.org","@graph":[{"@type":"WebPage","@id":"https:\/\/beebipood.ee\/ru\/produkt\/thule-newborn-nest\/","url":"https:\/\/beebipood.ee\/ru\/produkt\/thule-newborn-nest\/","name":"Thule newborn nest, \u0421\u041a\u0418\u0414\u041a\u0418, \u041b\u043e\u0448\u0430\u0434\u043a\u0430-\u043a\u0430\u0447\u0430\u043b\u043a\u0430, \u041a\u043e\u043b\u044f\u0441\u043a\u0438, \u041f\u0440\u043e\u0433\u0443\u043b\u043e\u0447\u043d\u044b\u0435 \u043a\u043e\u043b\u044f\u0441\u043a\u0438, \u041f\u0440\u0438\u043d\u0430\u0434\u043b\u0435\u0436\u043d\u043e\u0441\u0442\u0438, Thule Urban Glide 2, Thule Shine, Thule Spring, THULE, Thule Urban Glide 3, Thule Urban Glide 4-wheel, Thule Urban Glide 3 Double , Soojakotid, Beebipood","isPartOf":{"@id":"https:\/\/beebipood.ee\/ru\/#website"},"primaryImageOfPage":{"@id":"https:\/\/beebipood.ee\/ru\/produkt\/thule-newborn-nest\/#primaryimage"},"image":{"@id":"https:\/\/beebipood.ee\/ru\/produkt\/thule-newborn-nest\/#primaryimage"},"thumbnailUrl":"https:\/\/beebipood.ee\/wp-content\/uploads\/2016\/04\/Thule-newborn-nest-Beebi-ja-lastetarbed-Mahkimismatid_1-c6e.jpg","datePublished":"2016-04-25T09:00:36+00:00","dateModified":"2025-01-09T08:50:14+00:00","description":"Thule newborn nest, Thule vasts&uuml;ndinu kookon, mis pakub lisa kaitset ja mugavust. Pakub teie lapsele rohkem kaitset, mugavust ja soojust, mi","breadcrumb":{"@id":"https:\/\/beebipood.ee\/ru\/produkt\/thule-newborn-nest\/#breadcrumb"},"inLanguage":"ru-RU","potentialAction":[{"@type":"ReadAction","target":["https:\/\/beebipood.ee\/ru\/produkt\/thule-newborn-nest\/"]}]},{"@type":"ImageObject","inLanguage":"ru-RU","@id":"https:\/\/beebipood.ee\/ru\/produkt\/thule-newborn-nest\/#primaryimage","url":"https:\/\/beebipood.ee\/wp-content\/uploads\/2016\/04\/Thule-newborn-nest-Beebi-ja-lastetarbed-Mahkimismatid_1-c6e.jpg","contentUrl":"https:\/\/beebipood.ee\/wp-content\/uploads\/2016\/04\/Thule-newborn-nest-Beebi-ja-lastetarbed-Mahkimismatid_1-c6e.jpg","width":900,"height":900},{"@type":"BreadcrumbList","@id":"https:\/\/beebipood.ee\/ru\/produkt\/thule-newborn-nest\/#breadcrumb","itemListElement":[{"@type":"ListItem","position":1,"name":"Home","item":"https:\/\/beebipood.ee\/ru\/"},{"@type":"ListItem","position":2,"name":"\u041a\u0430\u0442\u0430\u043b\u043e\u0433 \u0442\u043e\u0432\u0430\u0440\u043e\u0432","item":"https:\/\/beebipood.ee\/tooted\/"},{"@type":"ListItem","position":3,"name":"Thule newborn nest"}]},{"@type":"WebSite","@id":"https:\/\/beebipood.ee\/ru\/#website","url":"https:\/\/beebipood.ee\/ru\/","name":"Beebipood","description":"Lastekaubad, beebikaubad, m\u00e4nguasjad","publisher":{"@id":"https:\/\/beebipood.ee\/ru\/#organization"},"potentialAction":[{"@type":"SearchAction","target":{"@type":"EntryPoint","urlTemplate":"https:\/\/beebipood.ee\/ru\/?s={search_term_string}"},"query-input":{"@type":"PropertyValueSpecification","valueRequired":true,"valueName":"search_term_string"}}],"inLanguage":"ru-RU"},{"@type":"Organization","@id":"https:\/\/beebipood.ee\/ru\/#organization","name":"Beebipood","url":"https:\/\/beebipood.ee\/ru\/","logo":{"@type":"ImageObject","inLanguage":"ru-RU","@id":"https:\/\/beebipood.ee\/ru\/#\/schema\/logo\/image\/","url":"https:\/\/beebipood.ee\/wp-content\/uploads\/2025\/03\/beebipood.ee-logo-1.svg","contentUrl":"https:\/\/beebipood.ee\/wp-content\/uploads\/2025\/03\/beebipood.ee-logo-1.svg","caption":"Beebipood"},"image":{"@id":"https:\/\/beebipood.ee\/ru\/#\/schema\/logo\/image\/"}}]}},"brands":[{"id":11980,"name":"THULE","slug":"thule-ru"}],"_links":{"self":[{"href":"https:\/\/beebipood.ee\/ru\/wp-json\/wp\/v2\/product\/456850","targetHints":{"allow":["GET"]}}],"collection":[{"href":"https:\/\/beebipood.ee\/ru\/wp-json\/wp\/v2\/product"}],"about":[{"href":"https:\/\/beebipood.ee\/ru\/wp-json\/wp\/v2\/types\/product"}],"wp:featuredmedia":[{"embeddable":true,"href":"https:\/\/beebipood.ee\/ru\/wp-json\/wp\/v2\/media\/165873"}],"wp:attachment":[{"href":"https:\/\/beebipood.ee\/ru\/wp-json\/wp\/v2\/media?parent=456850"}],"wp:term":[{"taxonomy":"pwb-brand","embeddable":true,"href":"https:\/\/beebipood.ee\/ru\/wp-json\/wp\/v2\/pwb-brand?post=456850"},{"taxonomy":"product_brand","embeddable":true,"href":"https:\/\/beebipood.ee\/ru\/wp-json\/wp\/v2\/product_brand?post=456850"},{"taxonomy":"product_cat","embeddable":true,"href":"https:\/\/beebipood.ee\/ru\/wp-json\/wp\/v2\/product_cat?post=456850"},{"taxonomy":"product_tag","embeddable":true,"href":"https:\/\/beebipood.ee\/ru\/wp-json\/wp\/v2\/product_tag?post=456850"}],"curies":[{"name":"wp","href":"https:\/\/api.w.org\/{rel}","templated":true}]}}