{"id":456852,"date":"2016-04-26T07:29:22","date_gmt":"2016-04-26T04:29:22","guid":{"rendered":"https:\/\/beebipood.ee\/toode\/beebitekk-wrap-star-dream-75x75-beige\/"},"modified":"2025-03-04T11:40:41","modified_gmt":"2025-03-04T09:40:41","slug":"beebitekk-wrap-star-dream-75x75-beige","status":"publish","type":"product","link":"https:\/\/beebipood.ee\/ru\/produkt\/beebitekk-wrap-star-dream-75x75-beige\/","title":{"rendered":"Pehmendusega peakaitse-turvam\u00fcts beebile, Sand Star"},"content":{"rendered":"<p>Turvam\u00fcts pehmendab kukkumisi. <br \/>Pehme turvam\u00fcts kaitseb lapse pead juhul kui laps peaks kukkuma v\u00f5i komistama. <br \/>M\u00fcts kinnitub l\u00f5ua alt paeltega: seda on lihtne p\u00e4he panna ja \u00e4ra v\u00f5tta. <br \/>\u00dcks suurus sobib k\u00f5igile.<br \/>Suurus: 0-12 kuud.<br \/>Kangas hingavavast 100% puuvillast.<br \/>Pehme sisu 100% pol\u00fcester.<\/p>\n","protected":false},"excerpt":{"rendered":"<p>Turvam\u00fcts pehmendab kukkumisi. Pehme turvam\u00fcts kaitseb lapse pead juhul kui laps peaks kukkuma v\u00f5i komistama. M\u00fcts kinnitub l\u00f5ua alt paeltega: seda on lihtne p\u00e4he panna ja \u00e4ra v\u00f5tta. \u00dcks suurus sobib k\u00f5igile.Suurus: 0-12 kuud.Kangas hingavavast 100% puuvillast.Pehme sisu 100% pol\u00fcester.<\/p>\n","protected":false},"featured_media":502477,"template":"","meta":{"_acf_changed":false},"pwb-brand":[11947],"product_brand":[],"product_cat":[11709,11791],"product_tag":[],"class_list":{"0":"post-456852","1":"product","2":"type-product","3":"status-publish","4":"has-post-thumbnail","6":"pwb-brand-troll-ru","7":"product_cat-sootmistoolid-beebi-ja-lastetarbed-mahkimine-hugieen-ru","8":"product_cat-turvavarustus-ru","9":"pa_manufacturer-troll-ru","11":"first","12":"outofstock","13":"taxable","14":"shipping-taxable","15":"purchasable","16":"product-type-simple"},"exclude_global_add_ons":[],"addons":[],"acf":[],"yoast_head":"<!-- This site is optimized with the Yoast SEO plugin v27.1.1 - https:\/\/yoast.com\/product\/yoast-seo-wordpress\/ -->\n<title>Pehmendusega peakaitse-turvam\u00fcts beebile, Sand Star , \u041f\u0440\u0438\u043d\u0430\u0434\u043b\u0435\u0436\u043d\u043e\u0441\u0442\u0438 \u0434\u043b\u044f \u043c\u043b\u0430\u0434\u0435\u043d\u0446\u0435\u0432, \u0421\u043d\u0430\u0440\u044f\u0436\u0435\u043d\u0438\u044f \u0431\u0435\u0437\u043e\u043f\u0430\u0441\u043d\u043e\u0441\u0442\u0438, Beebipood<\/title>\n<meta name=\"description\" content=\"Pehmendusega peakaitse-turvam\u00fcts beebile, Sand Star , Turvam&uuml;ts pehmendab kukkumisi. Pehme turvam&uuml;ts kaitseb lapse pead juhul kui laps peaks\" \/>\n<meta name=\"robots\" content=\"index, follow, max-snippet:-1, max-image-preview:large, max-video-preview:-1\" \/>\n<link rel=\"canonical\" href=\"https:\/\/beebipood.ee\/ru\/produkt\/beebitekk-wrap-star-dream-75x75-beige\/\" \/>\n<meta property=\"og:locale\" content=\"ru_RU\" \/>\n<meta property=\"og:type\" content=\"article\" \/>\n<meta property=\"og:title\" content=\"Pehmendusega peakaitse-turvam\u00fcts beebile, Sand Star , \u041f\u0440\u0438\u043d\u0430\u0434\u043b\u0435\u0436\u043d\u043e\u0441\u0442\u0438 \u0434\u043b\u044f \u043c\u043b\u0430\u0434\u0435\u043d\u0446\u0435\u0432, \u0421\u043d\u0430\u0440\u044f\u0436\u0435\u043d\u0438\u044f \u0431\u0435\u0437\u043e\u043f\u0430\u0441\u043d\u043e\u0441\u0442\u0438, Beebipood\" \/>\n<meta property=\"og:description\" content=\"Pehmendusega peakaitse-turvam\u00fcts beebile, Sand Star , Turvam&uuml;ts pehmendab kukkumisi. Pehme turvam&uuml;ts kaitseb lapse pead juhul kui laps peaks\" \/>\n<meta property=\"og:url\" content=\"https:\/\/beebipood.ee\/ru\/produkt\/beebitekk-wrap-star-dream-75x75-beige\/\" \/>\n<meta property=\"og:site_name\" content=\"Beebipood\" \/>\n<meta property=\"article:modified_time\" content=\"2025-03-04T09:40:41+00:00\" \/>\n<meta property=\"og:image\" content=\"https:\/\/beebipood.ee\/wp-content\/uploads\/2016\/04\/pehmendusega-peakaitse-turvamuts-beebile-1.jpg\" \/>\n\t<meta property=\"og:image:width\" content=\"1736\" \/>\n\t<meta property=\"og:image:height\" content=\"1736\" \/>\n\t<meta property=\"og:image:type\" content=\"image\/jpeg\" \/>\n<meta name=\"twitter:card\" content=\"summary_large_image\" \/>\n<script type=\"application\/ld+json\" class=\"yoast-schema-graph\">{\"@context\":\"https:\/\/schema.org\",\"@graph\":[{\"@type\":\"WebPage\",\"@id\":\"https:\/\/beebipood.ee\/ru\/produkt\/beebitekk-wrap-star-dream-75x75-beige\/\",\"url\":\"https:\/\/beebipood.ee\/ru\/produkt\/beebitekk-wrap-star-dream-75x75-beige\/\",\"name\":\"Pehmendusega peakaitse-turvam\u00fcts beebile, Sand Star , \u041f\u0440\u0438\u043d\u0430\u0434\u043b\u0435\u0436\u043d\u043e\u0441\u0442\u0438 \u0434\u043b\u044f \u043c\u043b\u0430\u0434\u0435\u043d\u0446\u0435\u0432, \u0421\u043d\u0430\u0440\u044f\u0436\u0435\u043d\u0438\u044f \u0431\u0435\u0437\u043e\u043f\u0430\u0441\u043d\u043e\u0441\u0442\u0438, Beebipood\",\"isPartOf\":{\"@id\":\"https:\/\/beebipood.ee\/ru\/#website\"},\"primaryImageOfPage\":{\"@id\":\"https:\/\/beebipood.ee\/ru\/produkt\/beebitekk-wrap-star-dream-75x75-beige\/#primaryimage\"},\"image\":{\"@id\":\"https:\/\/beebipood.ee\/ru\/produkt\/beebitekk-wrap-star-dream-75x75-beige\/#primaryimage\"},\"thumbnailUrl\":\"https:\/\/beebipood.ee\/wp-content\/uploads\/2016\/04\/pehmendusega-peakaitse-turvamuts-beebile-1.jpg\",\"datePublished\":\"2016-04-26T04:29:22+00:00\",\"dateModified\":\"2025-03-04T09:40:41+00:00\",\"description\":\"Pehmendusega peakaitse-turvam\u00fcts beebile, Sand Star , Turvam&uuml;ts pehmendab kukkumisi. Pehme turvam&uuml;ts kaitseb lapse pead juhul kui laps peaks\",\"breadcrumb\":{\"@id\":\"https:\/\/beebipood.ee\/ru\/produkt\/beebitekk-wrap-star-dream-75x75-beige\/#breadcrumb\"},\"inLanguage\":\"ru-RU\",\"potentialAction\":[{\"@type\":\"ReadAction\",\"target\":[\"https:\/\/beebipood.ee\/ru\/produkt\/beebitekk-wrap-star-dream-75x75-beige\/\"]}]},{\"@type\":\"ImageObject\",\"inLanguage\":\"ru-RU\",\"@id\":\"https:\/\/beebipood.ee\/ru\/produkt\/beebitekk-wrap-star-dream-75x75-beige\/#primaryimage\",\"url\":\"https:\/\/beebipood.ee\/wp-content\/uploads\/2016\/04\/pehmendusega-peakaitse-turvamuts-beebile-1.jpg\",\"contentUrl\":\"https:\/\/beebipood.ee\/wp-content\/uploads\/2016\/04\/pehmendusega-peakaitse-turvamuts-beebile-1.jpg\",\"width\":1736,\"height\":1736},{\"@type\":\"BreadcrumbList\",\"@id\":\"https:\/\/beebipood.ee\/ru\/produkt\/beebitekk-wrap-star-dream-75x75-beige\/#breadcrumb\",\"itemListElement\":[{\"@type\":\"ListItem\",\"position\":1,\"name\":\"Home\",\"item\":\"https:\/\/beebipood.ee\/ru\/\"},{\"@type\":\"ListItem\",\"position\":2,\"name\":\"\u041a\u0430\u0442\u0430\u043b\u043e\u0433 \u0442\u043e\u0432\u0430\u0440\u043e\u0432\",\"item\":\"https:\/\/beebipood.ee\/tooted\/\"},{\"@type\":\"ListItem\",\"position\":3,\"name\":\"Pehmendusega peakaitse-turvam\u00fcts beebile, Sand Star\"}]},{\"@type\":\"WebSite\",\"@id\":\"https:\/\/beebipood.ee\/ru\/#website\",\"url\":\"https:\/\/beebipood.ee\/ru\/\",\"name\":\"Beebipood\",\"description\":\"Lastekaubad, beebikaubad, m\u00e4nguasjad\",\"publisher\":{\"@id\":\"https:\/\/beebipood.ee\/ru\/#organization\"},\"potentialAction\":[{\"@type\":\"SearchAction\",\"target\":{\"@type\":\"EntryPoint\",\"urlTemplate\":\"https:\/\/beebipood.ee\/ru\/?s={search_term_string}\"},\"query-input\":{\"@type\":\"PropertyValueSpecification\",\"valueRequired\":true,\"valueName\":\"search_term_string\"}}],\"inLanguage\":\"ru-RU\"},{\"@type\":\"Organization\",\"@id\":\"https:\/\/beebipood.ee\/ru\/#organization\",\"name\":\"Beebipood\",\"url\":\"https:\/\/beebipood.ee\/ru\/\",\"logo\":{\"@type\":\"ImageObject\",\"inLanguage\":\"ru-RU\",\"@id\":\"https:\/\/beebipood.ee\/ru\/#\/schema\/logo\/image\/\",\"url\":\"https:\/\/beebipood.ee\/wp-content\/uploads\/2025\/03\/beebipood.ee-logo-1.svg\",\"contentUrl\":\"https:\/\/beebipood.ee\/wp-content\/uploads\/2025\/03\/beebipood.ee-logo-1.svg\",\"caption\":\"Beebipood\"},\"image\":{\"@id\":\"https:\/\/beebipood.ee\/ru\/#\/schema\/logo\/image\/\"}}]}<\/script>\n<!-- \/ Yoast SEO plugin. -->","yoast_head_json":{"title":"Pehmendusega peakaitse-turvam\u00fcts beebile, Sand Star , \u041f\u0440\u0438\u043d\u0430\u0434\u043b\u0435\u0436\u043d\u043e\u0441\u0442\u0438 \u0434\u043b\u044f \u043c\u043b\u0430\u0434\u0435\u043d\u0446\u0435\u0432, \u0421\u043d\u0430\u0440\u044f\u0436\u0435\u043d\u0438\u044f \u0431\u0435\u0437\u043e\u043f\u0430\u0441\u043d\u043e\u0441\u0442\u0438, Beebipood","description":"Pehmendusega peakaitse-turvam\u00fcts beebile, Sand Star , Turvam&uuml;ts pehmendab kukkumisi. Pehme turvam&uuml;ts kaitseb lapse pead juhul kui laps peaks","robots":{"index":"index","follow":"follow","max-snippet":"max-snippet:-1","max-image-preview":"max-image-preview:large","max-video-preview":"max-video-preview:-1"},"canonical":"https:\/\/beebipood.ee\/ru\/produkt\/beebitekk-wrap-star-dream-75x75-beige\/","og_locale":"ru_RU","og_type":"article","og_title":"Pehmendusega peakaitse-turvam\u00fcts beebile, Sand Star , \u041f\u0440\u0438\u043d\u0430\u0434\u043b\u0435\u0436\u043d\u043e\u0441\u0442\u0438 \u0434\u043b\u044f \u043c\u043b\u0430\u0434\u0435\u043d\u0446\u0435\u0432, \u0421\u043d\u0430\u0440\u044f\u0436\u0435\u043d\u0438\u044f \u0431\u0435\u0437\u043e\u043f\u0430\u0441\u043d\u043e\u0441\u0442\u0438, Beebipood","og_description":"Pehmendusega peakaitse-turvam\u00fcts beebile, Sand Star , Turvam&uuml;ts pehmendab kukkumisi. Pehme turvam&uuml;ts kaitseb lapse pead juhul kui laps peaks","og_url":"https:\/\/beebipood.ee\/ru\/produkt\/beebitekk-wrap-star-dream-75x75-beige\/","og_site_name":"Beebipood","article_modified_time":"2025-03-04T09:40:41+00:00","og_image":[{"width":1736,"height":1736,"url":"https:\/\/beebipood.ee\/wp-content\/uploads\/2016\/04\/pehmendusega-peakaitse-turvamuts-beebile-1.jpg","type":"image\/jpeg"}],"twitter_card":"summary_large_image","schema":{"@context":"https:\/\/schema.org","@graph":[{"@type":"WebPage","@id":"https:\/\/beebipood.ee\/ru\/produkt\/beebitekk-wrap-star-dream-75x75-beige\/","url":"https:\/\/beebipood.ee\/ru\/produkt\/beebitekk-wrap-star-dream-75x75-beige\/","name":"Pehmendusega peakaitse-turvam\u00fcts beebile, Sand Star , \u041f\u0440\u0438\u043d\u0430\u0434\u043b\u0435\u0436\u043d\u043e\u0441\u0442\u0438 \u0434\u043b\u044f \u043c\u043b\u0430\u0434\u0435\u043d\u0446\u0435\u0432, \u0421\u043d\u0430\u0440\u044f\u0436\u0435\u043d\u0438\u044f \u0431\u0435\u0437\u043e\u043f\u0430\u0441\u043d\u043e\u0441\u0442\u0438, Beebipood","isPartOf":{"@id":"https:\/\/beebipood.ee\/ru\/#website"},"primaryImageOfPage":{"@id":"https:\/\/beebipood.ee\/ru\/produkt\/beebitekk-wrap-star-dream-75x75-beige\/#primaryimage"},"image":{"@id":"https:\/\/beebipood.ee\/ru\/produkt\/beebitekk-wrap-star-dream-75x75-beige\/#primaryimage"},"thumbnailUrl":"https:\/\/beebipood.ee\/wp-content\/uploads\/2016\/04\/pehmendusega-peakaitse-turvamuts-beebile-1.jpg","datePublished":"2016-04-26T04:29:22+00:00","dateModified":"2025-03-04T09:40:41+00:00","description":"Pehmendusega peakaitse-turvam\u00fcts beebile, Sand Star , Turvam&uuml;ts pehmendab kukkumisi. Pehme turvam&uuml;ts kaitseb lapse pead juhul kui laps peaks","breadcrumb":{"@id":"https:\/\/beebipood.ee\/ru\/produkt\/beebitekk-wrap-star-dream-75x75-beige\/#breadcrumb"},"inLanguage":"ru-RU","potentialAction":[{"@type":"ReadAction","target":["https:\/\/beebipood.ee\/ru\/produkt\/beebitekk-wrap-star-dream-75x75-beige\/"]}]},{"@type":"ImageObject","inLanguage":"ru-RU","@id":"https:\/\/beebipood.ee\/ru\/produkt\/beebitekk-wrap-star-dream-75x75-beige\/#primaryimage","url":"https:\/\/beebipood.ee\/wp-content\/uploads\/2016\/04\/pehmendusega-peakaitse-turvamuts-beebile-1.jpg","contentUrl":"https:\/\/beebipood.ee\/wp-content\/uploads\/2016\/04\/pehmendusega-peakaitse-turvamuts-beebile-1.jpg","width":1736,"height":1736},{"@type":"BreadcrumbList","@id":"https:\/\/beebipood.ee\/ru\/produkt\/beebitekk-wrap-star-dream-75x75-beige\/#breadcrumb","itemListElement":[{"@type":"ListItem","position":1,"name":"Home","item":"https:\/\/beebipood.ee\/ru\/"},{"@type":"ListItem","position":2,"name":"\u041a\u0430\u0442\u0430\u043b\u043e\u0433 \u0442\u043e\u0432\u0430\u0440\u043e\u0432","item":"https:\/\/beebipood.ee\/tooted\/"},{"@type":"ListItem","position":3,"name":"Pehmendusega peakaitse-turvam\u00fcts beebile, Sand Star"}]},{"@type":"WebSite","@id":"https:\/\/beebipood.ee\/ru\/#website","url":"https:\/\/beebipood.ee\/ru\/","name":"Beebipood","description":"Lastekaubad, beebikaubad, m\u00e4nguasjad","publisher":{"@id":"https:\/\/beebipood.ee\/ru\/#organization"},"potentialAction":[{"@type":"SearchAction","target":{"@type":"EntryPoint","urlTemplate":"https:\/\/beebipood.ee\/ru\/?s={search_term_string}"},"query-input":{"@type":"PropertyValueSpecification","valueRequired":true,"valueName":"search_term_string"}}],"inLanguage":"ru-RU"},{"@type":"Organization","@id":"https:\/\/beebipood.ee\/ru\/#organization","name":"Beebipood","url":"https:\/\/beebipood.ee\/ru\/","logo":{"@type":"ImageObject","inLanguage":"ru-RU","@id":"https:\/\/beebipood.ee\/ru\/#\/schema\/logo\/image\/","url":"https:\/\/beebipood.ee\/wp-content\/uploads\/2025\/03\/beebipood.ee-logo-1.svg","contentUrl":"https:\/\/beebipood.ee\/wp-content\/uploads\/2025\/03\/beebipood.ee-logo-1.svg","caption":"Beebipood"},"image":{"@id":"https:\/\/beebipood.ee\/ru\/#\/schema\/logo\/image\/"}}]}},"brands":[{"id":11947,"name":"Troll","slug":"troll-ru"}],"_links":{"self":[{"href":"https:\/\/beebipood.ee\/ru\/wp-json\/wp\/v2\/product\/456852","targetHints":{"allow":["GET"]}}],"collection":[{"href":"https:\/\/beebipood.ee\/ru\/wp-json\/wp\/v2\/product"}],"about":[{"href":"https:\/\/beebipood.ee\/ru\/wp-json\/wp\/v2\/types\/product"}],"wp:featuredmedia":[{"embeddable":true,"href":"https:\/\/beebipood.ee\/ru\/wp-json\/wp\/v2\/media\/502477"}],"wp:attachment":[{"href":"https:\/\/beebipood.ee\/ru\/wp-json\/wp\/v2\/media?parent=456852"}],"wp:term":[{"taxonomy":"pwb-brand","embeddable":true,"href":"https:\/\/beebipood.ee\/ru\/wp-json\/wp\/v2\/pwb-brand?post=456852"},{"taxonomy":"product_brand","embeddable":true,"href":"https:\/\/beebipood.ee\/ru\/wp-json\/wp\/v2\/product_brand?post=456852"},{"taxonomy":"product_cat","embeddable":true,"href":"https:\/\/beebipood.ee\/ru\/wp-json\/wp\/v2\/product_cat?post=456852"},{"taxonomy":"product_tag","embeddable":true,"href":"https:\/\/beebipood.ee\/ru\/wp-json\/wp\/v2\/product_tag?post=456852"}],"curies":[{"name":"wp","href":"https:\/\/api.w.org\/{rel}","templated":true}]}}