{"id":456862,"date":"2016-04-26T08:51:12","date_gmt":"2016-04-26T05:51:12","guid":{"rendered":"https:\/\/beebipood.ee\/toode\/meshplus-inhalaator\/"},"modified":"2025-01-09T10:50:13","modified_gmt":"2025-01-09T08:50:13","slug":"meshplus-inhalaator","status":"publish","type":"product","link":"https:\/\/beebipood.ee\/ru\/produkt\/meshplus-inhalaator\/","title":{"rendered":"MeshPlus inhalaator"},"content":{"rendered":"<p>Inhalaator on m\u00f5eldud \u00fclemiste hingamisteede haiguste (k\u00f6ha, nohu, kurguvalu), <br \/>bronhiaalastma, krooniliste haiguste ning viirushaiguste ravimiseks <br \/>ja prof\u00fclaktikaks nii lastele kui t\u00e4iskasvanutele. <br \/>T\u00e4nu auru \u00fclipeenetele osakestele v\u00f5imalik kasutada ka ravimite manustamiseks. <br \/>Inhalaatori ostmisele v\u00f5iks hakata m\u00f5tlema juba siis, kui laps s\u00fcnnib.<br \/>Imikute puhul tuleb silmas pidada, et nende haigestumise puhul ei saagi ravimeid kasutada. <br \/>Alla kahe-aastaste puhul on nohu ja k\u00f6ha ravimine keeruline, <br \/>kuna ravimeid nad enamasti kasutada ei tohi. <br \/>Inhalatsioon on \u00fcks v\u00e4heseid meetodeid, kuidas aidata lapsel kiiremini terveneda.<br \/>Inhalaatori abil saab v\u00e4ikelapse panna nina kaudu hingama \u00e4geda nohu korral, <br \/>samuti ka kurku ja bronhe k\u00f6ha korral rahustada. Seda k\u00f5ike on vajal selleks, <br \/>et laps saaks \u00f6\u00f6sel kergemini hingata ning samal ajal terveneda.<\/p>\n<p>MANUSTA RAVIMEID<br \/>T\u00e4nu auru \u00fclipeenetele osakestele v\u00f5imalik kasutada <br \/>ka arsti poolt v\u00e4lja kirjutatud ravimeid lar\u00fcngiidi, <br \/>bronhiidi, kopus- ja muude hingamisteede haiguste raviks.<br \/>MUGAV MASK<br \/>Inhalaatori maske on komplektis 2 tk. <br \/>\u00dcks lastele ja teine t\u00e4iskasvanutele. <br \/>M\u00f5lemal maskil on pehme serv, mis teeb kasutamise eriti mugavaks.<br \/>STABIILNE JA KVALITEETNE AUR<br \/>Kidsmedi MeshPlus inhalaator tekitab osakesi suuruses MMAD 3 \u03bcm, see t\u00e4hendab, <br \/>et 70% osakestest on v\u00e4iksemad kui 3 \u03bcm. <br \/>Pihustab 1 minutiga 0.2ml lahust.<br \/>H\u00c4\u00c4LETU &#038; JUHTMEVABA<br \/>Inhalaator sobib ideaalselt kasutamiseks ka \u00f6\u00f6sel, kuna on peaaegu, et helitu.<br \/>SOBIB PIKALI KASUTAMISEKS<br \/>Inhalaatorit on v\u00f5imalik kasutada ka pikali olles. <br \/>Vedelik on suletud kambris ja seadet v\u00f5ib kasutada igas asendis.<br \/>KERGE, V\u00c4IKE, KAASASKANTAV<br \/>Seade on kerge (ilma patareideta ca 98g) ja m\u00f5\u00f5tudelt v\u00e4ike, <br \/>mis teeb selle lihtsasti kaasaskantavaks, <br \/>ning seda on mugav kasutada nii kodus kui ka n\u00e4iteks reisil. <br \/>Inhalaatoriga saad kaasa kvaliteetse hoiustamise- ja transportimise kohvrikese.<br \/><span style=\"text-decoration: underline;\">Karbis sisaldub:<\/span> <br \/>ravimikamber, seade, inhaleerimismask &#8212; lastele ja t\u00e4iskasvanutele, <br \/>huulik, USB juhe, patareid, reisikarp.<\/p>\n","protected":false},"excerpt":{"rendered":"<p>Inhalaator on m\u00f5eldud \u00fclemiste hingamisteede haiguste (k\u00f6ha, nohu, kurguvalu), bronhiaalastma, krooniliste haiguste ning viirushaiguste ravimiseks ja prof\u00fclaktikaks nii lastele kui t\u00e4iskasvanutele. T\u00e4nu auru \u00fclipeenetele osakestele v\u00f5imalik kasutada ka ravimite manustamiseks. Inhalaatori ostmisele v\u00f5iks hakata m\u00f5tlema juba siis, kui laps s\u00fcnnib.Imikute puhul tuleb silmas pidada, et nende haigestumise puhul ei saagi ravimeid kasutada. Alla kahe-aastaste puhul [&hellip;]<\/p>\n","protected":false},"featured_media":111262,"template":"","meta":{"_acf_changed":false},"pwb-brand":[],"product_brand":[],"product_cat":[11715,11709],"product_tag":[],"class_list":{"0":"post-456862","1":"product","2":"type-product","3":"status-publish","4":"has-post-thumbnail","6":"product_cat-hugieenitarbed-ru","7":"product_cat-sootmistoolid-beebi-ja-lastetarbed-mahkimine-hugieen-ru","9":"first","10":"instock","11":"taxable","12":"shipping-taxable","13":"purchasable","14":"product-type-simple"},"exclude_global_add_ons":[],"addons":[],"acf":[],"yoast_head":"<!-- This site is optimized with the Yoast SEO plugin v27.3 - https:\/\/yoast.com\/product\/yoast-seo-wordpress\/ -->\n<title>MeshPlus inhalaator , \u041f\u0440\u0438\u043d\u0430\u0434\u043b\u0435\u0436\u043d\u043e\u0441\u0442\u0438 \u0434\u043b\u044f \u043c\u043b\u0430\u0434\u0435\u043d\u0446\u0435\u0432, \u0413\u0438\u0433\u0438\u0435\u043d\u0430, Beebipood<\/title>\n<meta name=\"description\" content=\"MeshPlus inhalaator , Inhalaator on m&otilde;eldud &uuml;lemiste hingamisteede haiguste (k&ouml;ha, nohu, kurguvalu), bronhiaalastma, krooniliste haigu\" \/>\n<meta name=\"robots\" content=\"index, follow, max-snippet:-1, max-image-preview:large, max-video-preview:-1\" \/>\n<link rel=\"canonical\" href=\"https:\/\/beebipood.ee\/ru\/produkt\/meshplus-inhalaator\/\" \/>\n<meta property=\"og:locale\" content=\"ru_RU\" \/>\n<meta property=\"og:type\" content=\"article\" \/>\n<meta property=\"og:title\" content=\"MeshPlus inhalaator , \u041f\u0440\u0438\u043d\u0430\u0434\u043b\u0435\u0436\u043d\u043e\u0441\u0442\u0438 \u0434\u043b\u044f \u043c\u043b\u0430\u0434\u0435\u043d\u0446\u0435\u0432, \u0413\u0438\u0433\u0438\u0435\u043d\u0430, Beebipood\" \/>\n<meta property=\"og:description\" content=\"MeshPlus inhalaator , Inhalaator on m&otilde;eldud &uuml;lemiste hingamisteede haiguste (k&ouml;ha, nohu, kurguvalu), bronhiaalastma, krooniliste haigu\" \/>\n<meta property=\"og:url\" content=\"https:\/\/beebipood.ee\/ru\/produkt\/meshplus-inhalaator\/\" \/>\n<meta property=\"og:site_name\" content=\"Beebipood\" \/>\n<meta property=\"article:modified_time\" content=\"2025-01-09T08:50:13+00:00\" \/>\n<meta property=\"og:image\" content=\"https:\/\/beebipood.ee\/wp-content\/uploads\/2016\/04\/MeshPlus-inhalaator-Voodipesu-Tekid-padjad-lisad-Lastemoobel-ja-sisustus_4-477.png\" \/>\n\t<meta property=\"og:image:width\" content=\"600\" \/>\n\t<meta property=\"og:image:height\" content=\"600\" \/>\n\t<meta property=\"og:image:type\" content=\"image\/png\" \/>\n<meta name=\"twitter:card\" content=\"summary_large_image\" \/>\n<meta name=\"twitter:label1\" content=\"\u041f\u0440\u0438\u043c\u0435\u0440\u043d\u043e\u0435 \u0432\u0440\u0435\u043c\u044f \u0434\u043b\u044f \u0447\u0442\u0435\u043d\u0438\u044f\" \/>\n\t<meta name=\"twitter:data1\" content=\"1 \u043c\u0438\u043d\u0443\u0442\u0430\" \/>\n<script type=\"application\/ld+json\" class=\"yoast-schema-graph\">{\"@context\":\"https:\\\/\\\/schema.org\",\"@graph\":[{\"@type\":\"WebPage\",\"@id\":\"https:\\\/\\\/beebipood.ee\\\/ru\\\/produkt\\\/meshplus-inhalaator\\\/\",\"url\":\"https:\\\/\\\/beebipood.ee\\\/ru\\\/produkt\\\/meshplus-inhalaator\\\/\",\"name\":\"MeshPlus inhalaator , \u041f\u0440\u0438\u043d\u0430\u0434\u043b\u0435\u0436\u043d\u043e\u0441\u0442\u0438 \u0434\u043b\u044f \u043c\u043b\u0430\u0434\u0435\u043d\u0446\u0435\u0432, \u0413\u0438\u0433\u0438\u0435\u043d\u0430, Beebipood\",\"isPartOf\":{\"@id\":\"https:\\\/\\\/beebipood.ee\\\/ru\\\/#website\"},\"primaryImageOfPage\":{\"@id\":\"https:\\\/\\\/beebipood.ee\\\/ru\\\/produkt\\\/meshplus-inhalaator\\\/#primaryimage\"},\"image\":{\"@id\":\"https:\\\/\\\/beebipood.ee\\\/ru\\\/produkt\\\/meshplus-inhalaator\\\/#primaryimage\"},\"thumbnailUrl\":\"https:\\\/\\\/beebipood.ee\\\/wp-content\\\/uploads\\\/2016\\\/04\\\/MeshPlus-inhalaator-Voodipesu-Tekid-padjad-lisad-Lastemoobel-ja-sisustus_4-477.png\",\"datePublished\":\"2016-04-26T05:51:12+00:00\",\"dateModified\":\"2025-01-09T08:50:13+00:00\",\"description\":\"MeshPlus inhalaator , Inhalaator on m&otilde;eldud &uuml;lemiste hingamisteede haiguste (k&ouml;ha, nohu, kurguvalu), bronhiaalastma, krooniliste haigu\",\"breadcrumb\":{\"@id\":\"https:\\\/\\\/beebipood.ee\\\/ru\\\/produkt\\\/meshplus-inhalaator\\\/#breadcrumb\"},\"inLanguage\":\"ru-RU\",\"potentialAction\":[{\"@type\":\"ReadAction\",\"target\":[\"https:\\\/\\\/beebipood.ee\\\/ru\\\/produkt\\\/meshplus-inhalaator\\\/\"]}]},{\"@type\":\"ImageObject\",\"inLanguage\":\"ru-RU\",\"@id\":\"https:\\\/\\\/beebipood.ee\\\/ru\\\/produkt\\\/meshplus-inhalaator\\\/#primaryimage\",\"url\":\"https:\\\/\\\/beebipood.ee\\\/wp-content\\\/uploads\\\/2016\\\/04\\\/MeshPlus-inhalaator-Voodipesu-Tekid-padjad-lisad-Lastemoobel-ja-sisustus_4-477.png\",\"contentUrl\":\"https:\\\/\\\/beebipood.ee\\\/wp-content\\\/uploads\\\/2016\\\/04\\\/MeshPlus-inhalaator-Voodipesu-Tekid-padjad-lisad-Lastemoobel-ja-sisustus_4-477.png\",\"width\":600,\"height\":600},{\"@type\":\"BreadcrumbList\",\"@id\":\"https:\\\/\\\/beebipood.ee\\\/ru\\\/produkt\\\/meshplus-inhalaator\\\/#breadcrumb\",\"itemListElement\":[{\"@type\":\"ListItem\",\"position\":1,\"name\":\"Home\",\"item\":\"https:\\\/\\\/beebipood.ee\\\/ru\\\/\"},{\"@type\":\"ListItem\",\"position\":2,\"name\":\"\u041a\u0430\u0442\u0430\u043b\u043e\u0433 \u0442\u043e\u0432\u0430\u0440\u043e\u0432\",\"item\":\"https:\\\/\\\/beebipood.ee\\\/tooted\\\/\"},{\"@type\":\"ListItem\",\"position\":3,\"name\":\"MeshPlus inhalaator\"}]},{\"@type\":\"WebSite\",\"@id\":\"https:\\\/\\\/beebipood.ee\\\/ru\\\/#website\",\"url\":\"https:\\\/\\\/beebipood.ee\\\/ru\\\/\",\"name\":\"Beebipood\",\"description\":\"Lastekaubad, beebikaubad, m\u00e4nguasjad\",\"publisher\":{\"@id\":\"https:\\\/\\\/beebipood.ee\\\/ru\\\/#organization\"},\"potentialAction\":[{\"@type\":\"SearchAction\",\"target\":{\"@type\":\"EntryPoint\",\"urlTemplate\":\"https:\\\/\\\/beebipood.ee\\\/ru\\\/?s={search_term_string}\"},\"query-input\":{\"@type\":\"PropertyValueSpecification\",\"valueRequired\":true,\"valueName\":\"search_term_string\"}}],\"inLanguage\":\"ru-RU\"},{\"@type\":\"Organization\",\"@id\":\"https:\\\/\\\/beebipood.ee\\\/ru\\\/#organization\",\"name\":\"Beebipood\",\"url\":\"https:\\\/\\\/beebipood.ee\\\/ru\\\/\",\"logo\":{\"@type\":\"ImageObject\",\"inLanguage\":\"ru-RU\",\"@id\":\"https:\\\/\\\/beebipood.ee\\\/ru\\\/#\\\/schema\\\/logo\\\/image\\\/\",\"url\":\"https:\\\/\\\/beebipood.ee\\\/wp-content\\\/uploads\\\/2025\\\/03\\\/beebipood.ee-logo-1.svg\",\"contentUrl\":\"https:\\\/\\\/beebipood.ee\\\/wp-content\\\/uploads\\\/2025\\\/03\\\/beebipood.ee-logo-1.svg\",\"caption\":\"Beebipood\"},\"image\":{\"@id\":\"https:\\\/\\\/beebipood.ee\\\/ru\\\/#\\\/schema\\\/logo\\\/image\\\/\"}}]}<\/script>\n<!-- \/ Yoast SEO plugin. -->","yoast_head_json":{"title":"MeshPlus inhalaator , \u041f\u0440\u0438\u043d\u0430\u0434\u043b\u0435\u0436\u043d\u043e\u0441\u0442\u0438 \u0434\u043b\u044f \u043c\u043b\u0430\u0434\u0435\u043d\u0446\u0435\u0432, \u0413\u0438\u0433\u0438\u0435\u043d\u0430, Beebipood","description":"MeshPlus inhalaator , Inhalaator on m&otilde;eldud &uuml;lemiste hingamisteede haiguste (k&ouml;ha, nohu, kurguvalu), bronhiaalastma, krooniliste haigu","robots":{"index":"index","follow":"follow","max-snippet":"max-snippet:-1","max-image-preview":"max-image-preview:large","max-video-preview":"max-video-preview:-1"},"canonical":"https:\/\/beebipood.ee\/ru\/produkt\/meshplus-inhalaator\/","og_locale":"ru_RU","og_type":"article","og_title":"MeshPlus inhalaator , \u041f\u0440\u0438\u043d\u0430\u0434\u043b\u0435\u0436\u043d\u043e\u0441\u0442\u0438 \u0434\u043b\u044f \u043c\u043b\u0430\u0434\u0435\u043d\u0446\u0435\u0432, \u0413\u0438\u0433\u0438\u0435\u043d\u0430, Beebipood","og_description":"MeshPlus inhalaator , Inhalaator on m&otilde;eldud &uuml;lemiste hingamisteede haiguste (k&ouml;ha, nohu, kurguvalu), bronhiaalastma, krooniliste haigu","og_url":"https:\/\/beebipood.ee\/ru\/produkt\/meshplus-inhalaator\/","og_site_name":"Beebipood","article_modified_time":"2025-01-09T08:50:13+00:00","og_image":[{"width":600,"height":600,"url":"https:\/\/beebipood.ee\/wp-content\/uploads\/2016\/04\/MeshPlus-inhalaator-Voodipesu-Tekid-padjad-lisad-Lastemoobel-ja-sisustus_4-477.png","type":"image\/png"}],"twitter_card":"summary_large_image","twitter_misc":{"\u041f\u0440\u0438\u043c\u0435\u0440\u043d\u043e\u0435 \u0432\u0440\u0435\u043c\u044f \u0434\u043b\u044f \u0447\u0442\u0435\u043d\u0438\u044f":"1 \u043c\u0438\u043d\u0443\u0442\u0430"},"schema":{"@context":"https:\/\/schema.org","@graph":[{"@type":"WebPage","@id":"https:\/\/beebipood.ee\/ru\/produkt\/meshplus-inhalaator\/","url":"https:\/\/beebipood.ee\/ru\/produkt\/meshplus-inhalaator\/","name":"MeshPlus inhalaator , \u041f\u0440\u0438\u043d\u0430\u0434\u043b\u0435\u0436\u043d\u043e\u0441\u0442\u0438 \u0434\u043b\u044f \u043c\u043b\u0430\u0434\u0435\u043d\u0446\u0435\u0432, \u0413\u0438\u0433\u0438\u0435\u043d\u0430, Beebipood","isPartOf":{"@id":"https:\/\/beebipood.ee\/ru\/#website"},"primaryImageOfPage":{"@id":"https:\/\/beebipood.ee\/ru\/produkt\/meshplus-inhalaator\/#primaryimage"},"image":{"@id":"https:\/\/beebipood.ee\/ru\/produkt\/meshplus-inhalaator\/#primaryimage"},"thumbnailUrl":"https:\/\/beebipood.ee\/wp-content\/uploads\/2016\/04\/MeshPlus-inhalaator-Voodipesu-Tekid-padjad-lisad-Lastemoobel-ja-sisustus_4-477.png","datePublished":"2016-04-26T05:51:12+00:00","dateModified":"2025-01-09T08:50:13+00:00","description":"MeshPlus inhalaator , Inhalaator on m&otilde;eldud &uuml;lemiste hingamisteede haiguste (k&ouml;ha, nohu, kurguvalu), bronhiaalastma, krooniliste haigu","breadcrumb":{"@id":"https:\/\/beebipood.ee\/ru\/produkt\/meshplus-inhalaator\/#breadcrumb"},"inLanguage":"ru-RU","potentialAction":[{"@type":"ReadAction","target":["https:\/\/beebipood.ee\/ru\/produkt\/meshplus-inhalaator\/"]}]},{"@type":"ImageObject","inLanguage":"ru-RU","@id":"https:\/\/beebipood.ee\/ru\/produkt\/meshplus-inhalaator\/#primaryimage","url":"https:\/\/beebipood.ee\/wp-content\/uploads\/2016\/04\/MeshPlus-inhalaator-Voodipesu-Tekid-padjad-lisad-Lastemoobel-ja-sisustus_4-477.png","contentUrl":"https:\/\/beebipood.ee\/wp-content\/uploads\/2016\/04\/MeshPlus-inhalaator-Voodipesu-Tekid-padjad-lisad-Lastemoobel-ja-sisustus_4-477.png","width":600,"height":600},{"@type":"BreadcrumbList","@id":"https:\/\/beebipood.ee\/ru\/produkt\/meshplus-inhalaator\/#breadcrumb","itemListElement":[{"@type":"ListItem","position":1,"name":"Home","item":"https:\/\/beebipood.ee\/ru\/"},{"@type":"ListItem","position":2,"name":"\u041a\u0430\u0442\u0430\u043b\u043e\u0433 \u0442\u043e\u0432\u0430\u0440\u043e\u0432","item":"https:\/\/beebipood.ee\/tooted\/"},{"@type":"ListItem","position":3,"name":"MeshPlus inhalaator"}]},{"@type":"WebSite","@id":"https:\/\/beebipood.ee\/ru\/#website","url":"https:\/\/beebipood.ee\/ru\/","name":"Beebipood","description":"Lastekaubad, beebikaubad, m\u00e4nguasjad","publisher":{"@id":"https:\/\/beebipood.ee\/ru\/#organization"},"potentialAction":[{"@type":"SearchAction","target":{"@type":"EntryPoint","urlTemplate":"https:\/\/beebipood.ee\/ru\/?s={search_term_string}"},"query-input":{"@type":"PropertyValueSpecification","valueRequired":true,"valueName":"search_term_string"}}],"inLanguage":"ru-RU"},{"@type":"Organization","@id":"https:\/\/beebipood.ee\/ru\/#organization","name":"Beebipood","url":"https:\/\/beebipood.ee\/ru\/","logo":{"@type":"ImageObject","inLanguage":"ru-RU","@id":"https:\/\/beebipood.ee\/ru\/#\/schema\/logo\/image\/","url":"https:\/\/beebipood.ee\/wp-content\/uploads\/2025\/03\/beebipood.ee-logo-1.svg","contentUrl":"https:\/\/beebipood.ee\/wp-content\/uploads\/2025\/03\/beebipood.ee-logo-1.svg","caption":"Beebipood"},"image":{"@id":"https:\/\/beebipood.ee\/ru\/#\/schema\/logo\/image\/"}}]}},"brands":[],"_links":{"self":[{"href":"https:\/\/beebipood.ee\/ru\/wp-json\/wp\/v2\/product\/456862","targetHints":{"allow":["GET"]}}],"collection":[{"href":"https:\/\/beebipood.ee\/ru\/wp-json\/wp\/v2\/product"}],"about":[{"href":"https:\/\/beebipood.ee\/ru\/wp-json\/wp\/v2\/types\/product"}],"wp:featuredmedia":[{"embeddable":true,"href":"https:\/\/beebipood.ee\/ru\/wp-json\/wp\/v2\/media\/111262"}],"wp:attachment":[{"href":"https:\/\/beebipood.ee\/ru\/wp-json\/wp\/v2\/media?parent=456862"}],"wp:term":[{"taxonomy":"pwb-brand","embeddable":true,"href":"https:\/\/beebipood.ee\/ru\/wp-json\/wp\/v2\/pwb-brand?post=456862"},{"taxonomy":"product_brand","embeddable":true,"href":"https:\/\/beebipood.ee\/ru\/wp-json\/wp\/v2\/product_brand?post=456862"},{"taxonomy":"product_cat","embeddable":true,"href":"https:\/\/beebipood.ee\/ru\/wp-json\/wp\/v2\/product_cat?post=456862"},{"taxonomy":"product_tag","embeddable":true,"href":"https:\/\/beebipood.ee\/ru\/wp-json\/wp\/v2\/product_tag?post=456862"}],"curies":[{"name":"wp","href":"https:\/\/api.w.org\/{rel}","templated":true}]}}