{"id":456864,"date":"2016-04-26T08:54:36","date_gmt":"2016-04-26T05:54:36","guid":{"rendered":"https:\/\/beebipood.ee\/toode\/hauck-dryk-duo-jalgrattahaagise-haakeseade\/"},"modified":"2025-01-09T10:50:13","modified_gmt":"2025-01-09T08:50:13","slug":"hauck-dryk-duo-jalgrattahaagise-haakeseade","status":"publish","type":"product","link":"https:\/\/beebipood.ee\/ru\/produkt\/hauck-dryk-duo-jalgrattahaagise-haakeseade\/","title":{"rendered":"Hauck Dryk Duo jalgrattahaagise haakeseade"},"content":{"rendered":"<p>\u00dchildub hauck Dryk Duo jalgrattahaagisega<br \/>Ema toob jalgrattaga lapsed lasteaeda ja isa korjab peale?<br \/>T\u00e4nu eraldi haakeseadmele saate lihtsalt vahetada <br \/>Dryk Duo jalgrattahaagise \u00fchelt jalgrattalt teisele jalgrattale.<br \/>Haakekonksu on lihtne paigaldada.<br \/>Haakekonks v\u00f5ib j\u00e4\u00e4da teie jalgratta k\u00fclge <br \/>pole vaja eemaldada p\u00e4rast igat s\u00f5itu. <br \/>Dryk Duo konks on loodud diskreetseks, <br \/>kuid on kasutamiseks valmis igal ajal.<\/p>\n","protected":false},"excerpt":{"rendered":"<p>\u00dchildub hauck Dryk Duo jalgrattahaagisegaEma toob jalgrattaga lapsed lasteaeda ja isa korjab peale?T\u00e4nu eraldi haakeseadmele saate lihtsalt vahetada Dryk Duo jalgrattahaagise \u00fchelt jalgrattalt teisele jalgrattale.Haakekonksu on lihtne paigaldada.Haakekonks v\u00f5ib j\u00e4\u00e4da teie jalgratta k\u00fclge pole vaja eemaldada p\u00e4rast igat s\u00f5itu. Dryk Duo konks on loodud diskreetseks, kuid on kasutamiseks valmis igal ajal.<\/p>\n","protected":false},"featured_media":111276,"template":"","meta":{"_acf_changed":false},"pwb-brand":[11952],"product_brand":[],"product_cat":[11841,11725,11717],"product_tag":[],"class_list":{"0":"post-456864","1":"product","2":"type-product","3":"status-publish","4":"has-post-thumbnail","6":"pwb-brand-hauck-ru","7":"product_cat-jalgrattahaagised-ru","8":"product_cat-lisatarvikud-ru","9":"product_cat-lastevankrid-ja-karud-ru","10":"pa_manufacturer-hauck-ru","12":"first","13":"instock","14":"taxable","15":"shipping-taxable","16":"purchasable","17":"product-type-simple"},"exclude_global_add_ons":[],"addons":[],"acf":[],"yoast_head":"<!-- This site is optimized with the Yoast SEO plugin v27.1.1 - https:\/\/yoast.com\/product\/yoast-seo-wordpress\/ -->\n<title>Hauck Dryk Duo jalgrattahaagise haakeseade , \u041a\u043e\u043b\u044f\u0441\u043a\u0438, \u041f\u0440\u0438\u043d\u0430\u0434\u043b\u0435\u0436\u043d\u043e\u0441\u0442\u0438, \u041f\u0440\u0438\u0446\u0435\u043f\u044b \u0434\u043b\u044f \u0432\u0435\u043b\u043e\u0441\u0438\u043f\u0435\u0434\u0430, Beebipood<\/title>\n<meta name=\"description\" content=\"Hauck Dryk Duo jalgrattahaagise haakeseade , &Uuml;hildub hauck Dryk Duo jalgrattahaagisegaEma toob jalgrattaga lapsed lasteaeda ja isa korjab peale?&lt;b\" \/>\n<meta name=\"robots\" content=\"index, follow, max-snippet:-1, max-image-preview:large, max-video-preview:-1\" \/>\n<link rel=\"canonical\" href=\"https:\/\/beebipood.ee\/ru\/produkt\/hauck-dryk-duo-jalgrattahaagise-haakeseade\/\" \/>\n<meta property=\"og:locale\" content=\"ru_RU\" \/>\n<meta property=\"og:type\" content=\"article\" \/>\n<meta property=\"og:title\" content=\"Hauck Dryk Duo jalgrattahaagise haakeseade , \u041a\u043e\u043b\u044f\u0441\u043a\u0438, \u041f\u0440\u0438\u043d\u0430\u0434\u043b\u0435\u0436\u043d\u043e\u0441\u0442\u0438, \u041f\u0440\u0438\u0446\u0435\u043f\u044b \u0434\u043b\u044f \u0432\u0435\u043b\u043e\u0441\u0438\u043f\u0435\u0434\u0430, Beebipood\" \/>\n<meta property=\"og:description\" content=\"Hauck Dryk Duo jalgrattahaagise haakeseade , &Uuml;hildub hauck Dryk Duo jalgrattahaagisegaEma toob jalgrattaga lapsed lasteaeda ja isa korjab peale?&lt;b\" \/>\n<meta property=\"og:url\" content=\"https:\/\/beebipood.ee\/ru\/produkt\/hauck-dryk-duo-jalgrattahaagise-haakeseade\/\" \/>\n<meta property=\"og:site_name\" content=\"Beebipood\" \/>\n<meta property=\"article:modified_time\" content=\"2025-01-09T08:50:13+00:00\" \/>\n<meta property=\"og:image\" content=\"https:\/\/beebipood.ee\/wp-content\/uploads\/2016\/04\/Hauck-Dryk-Duo-jalgrattahaagise-haakeseade-Lastevankrid-ja-karud-Lisavarustus-_4-9f2.jpg\" \/>\n\t<meta property=\"og:image:width\" content=\"1500\" \/>\n\t<meta property=\"og:image:height\" content=\"1500\" \/>\n\t<meta property=\"og:image:type\" content=\"image\/jpeg\" \/>\n<meta name=\"twitter:card\" content=\"summary_large_image\" \/>\n<script type=\"application\/ld+json\" class=\"yoast-schema-graph\">{\"@context\":\"https:\/\/schema.org\",\"@graph\":[{\"@type\":\"WebPage\",\"@id\":\"https:\/\/beebipood.ee\/ru\/produkt\/hauck-dryk-duo-jalgrattahaagise-haakeseade\/\",\"url\":\"https:\/\/beebipood.ee\/ru\/produkt\/hauck-dryk-duo-jalgrattahaagise-haakeseade\/\",\"name\":\"Hauck Dryk Duo jalgrattahaagise haakeseade , \u041a\u043e\u043b\u044f\u0441\u043a\u0438, \u041f\u0440\u0438\u043d\u0430\u0434\u043b\u0435\u0436\u043d\u043e\u0441\u0442\u0438, \u041f\u0440\u0438\u0446\u0435\u043f\u044b \u0434\u043b\u044f \u0432\u0435\u043b\u043e\u0441\u0438\u043f\u0435\u0434\u0430, Beebipood\",\"isPartOf\":{\"@id\":\"https:\/\/beebipood.ee\/ru\/#website\"},\"primaryImageOfPage\":{\"@id\":\"https:\/\/beebipood.ee\/ru\/produkt\/hauck-dryk-duo-jalgrattahaagise-haakeseade\/#primaryimage\"},\"image\":{\"@id\":\"https:\/\/beebipood.ee\/ru\/produkt\/hauck-dryk-duo-jalgrattahaagise-haakeseade\/#primaryimage\"},\"thumbnailUrl\":\"https:\/\/beebipood.ee\/wp-content\/uploads\/2016\/04\/Hauck-Dryk-Duo-jalgrattahaagise-haakeseade-Lastevankrid-ja-karud-Lisavarustus-_4-9f2.jpg\",\"datePublished\":\"2016-04-26T05:54:36+00:00\",\"dateModified\":\"2025-01-09T08:50:13+00:00\",\"description\":\"Hauck Dryk Duo jalgrattahaagise haakeseade , &Uuml;hildub hauck Dryk Duo jalgrattahaagisegaEma toob jalgrattaga lapsed lasteaeda ja isa korjab peale?&lt;b\",\"breadcrumb\":{\"@id\":\"https:\/\/beebipood.ee\/ru\/produkt\/hauck-dryk-duo-jalgrattahaagise-haakeseade\/#breadcrumb\"},\"inLanguage\":\"ru-RU\",\"potentialAction\":[{\"@type\":\"ReadAction\",\"target\":[\"https:\/\/beebipood.ee\/ru\/produkt\/hauck-dryk-duo-jalgrattahaagise-haakeseade\/\"]}]},{\"@type\":\"ImageObject\",\"inLanguage\":\"ru-RU\",\"@id\":\"https:\/\/beebipood.ee\/ru\/produkt\/hauck-dryk-duo-jalgrattahaagise-haakeseade\/#primaryimage\",\"url\":\"https:\/\/beebipood.ee\/wp-content\/uploads\/2016\/04\/Hauck-Dryk-Duo-jalgrattahaagise-haakeseade-Lastevankrid-ja-karud-Lisavarustus-_4-9f2.jpg\",\"contentUrl\":\"https:\/\/beebipood.ee\/wp-content\/uploads\/2016\/04\/Hauck-Dryk-Duo-jalgrattahaagise-haakeseade-Lastevankrid-ja-karud-Lisavarustus-_4-9f2.jpg\",\"width\":1500,\"height\":1500},{\"@type\":\"BreadcrumbList\",\"@id\":\"https:\/\/beebipood.ee\/ru\/produkt\/hauck-dryk-duo-jalgrattahaagise-haakeseade\/#breadcrumb\",\"itemListElement\":[{\"@type\":\"ListItem\",\"position\":1,\"name\":\"Home\",\"item\":\"https:\/\/beebipood.ee\/ru\/\"},{\"@type\":\"ListItem\",\"position\":2,\"name\":\"\u041a\u0430\u0442\u0430\u043b\u043e\u0433 \u0442\u043e\u0432\u0430\u0440\u043e\u0432\",\"item\":\"https:\/\/beebipood.ee\/tooted\/\"},{\"@type\":\"ListItem\",\"position\":3,\"name\":\"Hauck Dryk Duo jalgrattahaagise haakeseade\"}]},{\"@type\":\"WebSite\",\"@id\":\"https:\/\/beebipood.ee\/ru\/#website\",\"url\":\"https:\/\/beebipood.ee\/ru\/\",\"name\":\"Beebipood\",\"description\":\"Lastekaubad, beebikaubad, m\u00e4nguasjad\",\"publisher\":{\"@id\":\"https:\/\/beebipood.ee\/ru\/#organization\"},\"potentialAction\":[{\"@type\":\"SearchAction\",\"target\":{\"@type\":\"EntryPoint\",\"urlTemplate\":\"https:\/\/beebipood.ee\/ru\/?s={search_term_string}\"},\"query-input\":{\"@type\":\"PropertyValueSpecification\",\"valueRequired\":true,\"valueName\":\"search_term_string\"}}],\"inLanguage\":\"ru-RU\"},{\"@type\":\"Organization\",\"@id\":\"https:\/\/beebipood.ee\/ru\/#organization\",\"name\":\"Beebipood\",\"url\":\"https:\/\/beebipood.ee\/ru\/\",\"logo\":{\"@type\":\"ImageObject\",\"inLanguage\":\"ru-RU\",\"@id\":\"https:\/\/beebipood.ee\/ru\/#\/schema\/logo\/image\/\",\"url\":\"https:\/\/beebipood.ee\/wp-content\/uploads\/2025\/03\/beebipood.ee-logo-1.svg\",\"contentUrl\":\"https:\/\/beebipood.ee\/wp-content\/uploads\/2025\/03\/beebipood.ee-logo-1.svg\",\"caption\":\"Beebipood\"},\"image\":{\"@id\":\"https:\/\/beebipood.ee\/ru\/#\/schema\/logo\/image\/\"}}]}<\/script>\n<!-- \/ Yoast SEO plugin. -->","yoast_head_json":{"title":"Hauck Dryk Duo jalgrattahaagise haakeseade , \u041a\u043e\u043b\u044f\u0441\u043a\u0438, \u041f\u0440\u0438\u043d\u0430\u0434\u043b\u0435\u0436\u043d\u043e\u0441\u0442\u0438, \u041f\u0440\u0438\u0446\u0435\u043f\u044b \u0434\u043b\u044f \u0432\u0435\u043b\u043e\u0441\u0438\u043f\u0435\u0434\u0430, Beebipood","description":"Hauck Dryk Duo jalgrattahaagise haakeseade , &Uuml;hildub hauck Dryk Duo jalgrattahaagisegaEma toob jalgrattaga lapsed lasteaeda ja isa korjab peale?&lt;b","robots":{"index":"index","follow":"follow","max-snippet":"max-snippet:-1","max-image-preview":"max-image-preview:large","max-video-preview":"max-video-preview:-1"},"canonical":"https:\/\/beebipood.ee\/ru\/produkt\/hauck-dryk-duo-jalgrattahaagise-haakeseade\/","og_locale":"ru_RU","og_type":"article","og_title":"Hauck Dryk Duo jalgrattahaagise haakeseade , \u041a\u043e\u043b\u044f\u0441\u043a\u0438, \u041f\u0440\u0438\u043d\u0430\u0434\u043b\u0435\u0436\u043d\u043e\u0441\u0442\u0438, \u041f\u0440\u0438\u0446\u0435\u043f\u044b \u0434\u043b\u044f \u0432\u0435\u043b\u043e\u0441\u0438\u043f\u0435\u0434\u0430, Beebipood","og_description":"Hauck Dryk Duo jalgrattahaagise haakeseade , &Uuml;hildub hauck Dryk Duo jalgrattahaagisegaEma toob jalgrattaga lapsed lasteaeda ja isa korjab peale?&lt;b","og_url":"https:\/\/beebipood.ee\/ru\/produkt\/hauck-dryk-duo-jalgrattahaagise-haakeseade\/","og_site_name":"Beebipood","article_modified_time":"2025-01-09T08:50:13+00:00","og_image":[{"width":1500,"height":1500,"url":"https:\/\/beebipood.ee\/wp-content\/uploads\/2016\/04\/Hauck-Dryk-Duo-jalgrattahaagise-haakeseade-Lastevankrid-ja-karud-Lisavarustus-_4-9f2.jpg","type":"image\/jpeg"}],"twitter_card":"summary_large_image","schema":{"@context":"https:\/\/schema.org","@graph":[{"@type":"WebPage","@id":"https:\/\/beebipood.ee\/ru\/produkt\/hauck-dryk-duo-jalgrattahaagise-haakeseade\/","url":"https:\/\/beebipood.ee\/ru\/produkt\/hauck-dryk-duo-jalgrattahaagise-haakeseade\/","name":"Hauck Dryk Duo jalgrattahaagise haakeseade , \u041a\u043e\u043b\u044f\u0441\u043a\u0438, \u041f\u0440\u0438\u043d\u0430\u0434\u043b\u0435\u0436\u043d\u043e\u0441\u0442\u0438, \u041f\u0440\u0438\u0446\u0435\u043f\u044b \u0434\u043b\u044f \u0432\u0435\u043b\u043e\u0441\u0438\u043f\u0435\u0434\u0430, Beebipood","isPartOf":{"@id":"https:\/\/beebipood.ee\/ru\/#website"},"primaryImageOfPage":{"@id":"https:\/\/beebipood.ee\/ru\/produkt\/hauck-dryk-duo-jalgrattahaagise-haakeseade\/#primaryimage"},"image":{"@id":"https:\/\/beebipood.ee\/ru\/produkt\/hauck-dryk-duo-jalgrattahaagise-haakeseade\/#primaryimage"},"thumbnailUrl":"https:\/\/beebipood.ee\/wp-content\/uploads\/2016\/04\/Hauck-Dryk-Duo-jalgrattahaagise-haakeseade-Lastevankrid-ja-karud-Lisavarustus-_4-9f2.jpg","datePublished":"2016-04-26T05:54:36+00:00","dateModified":"2025-01-09T08:50:13+00:00","description":"Hauck Dryk Duo jalgrattahaagise haakeseade , &Uuml;hildub hauck Dryk Duo jalgrattahaagisegaEma toob jalgrattaga lapsed lasteaeda ja isa korjab peale?&lt;b","breadcrumb":{"@id":"https:\/\/beebipood.ee\/ru\/produkt\/hauck-dryk-duo-jalgrattahaagise-haakeseade\/#breadcrumb"},"inLanguage":"ru-RU","potentialAction":[{"@type":"ReadAction","target":["https:\/\/beebipood.ee\/ru\/produkt\/hauck-dryk-duo-jalgrattahaagise-haakeseade\/"]}]},{"@type":"ImageObject","inLanguage":"ru-RU","@id":"https:\/\/beebipood.ee\/ru\/produkt\/hauck-dryk-duo-jalgrattahaagise-haakeseade\/#primaryimage","url":"https:\/\/beebipood.ee\/wp-content\/uploads\/2016\/04\/Hauck-Dryk-Duo-jalgrattahaagise-haakeseade-Lastevankrid-ja-karud-Lisavarustus-_4-9f2.jpg","contentUrl":"https:\/\/beebipood.ee\/wp-content\/uploads\/2016\/04\/Hauck-Dryk-Duo-jalgrattahaagise-haakeseade-Lastevankrid-ja-karud-Lisavarustus-_4-9f2.jpg","width":1500,"height":1500},{"@type":"BreadcrumbList","@id":"https:\/\/beebipood.ee\/ru\/produkt\/hauck-dryk-duo-jalgrattahaagise-haakeseade\/#breadcrumb","itemListElement":[{"@type":"ListItem","position":1,"name":"Home","item":"https:\/\/beebipood.ee\/ru\/"},{"@type":"ListItem","position":2,"name":"\u041a\u0430\u0442\u0430\u043b\u043e\u0433 \u0442\u043e\u0432\u0430\u0440\u043e\u0432","item":"https:\/\/beebipood.ee\/tooted\/"},{"@type":"ListItem","position":3,"name":"Hauck Dryk Duo jalgrattahaagise haakeseade"}]},{"@type":"WebSite","@id":"https:\/\/beebipood.ee\/ru\/#website","url":"https:\/\/beebipood.ee\/ru\/","name":"Beebipood","description":"Lastekaubad, beebikaubad, m\u00e4nguasjad","publisher":{"@id":"https:\/\/beebipood.ee\/ru\/#organization"},"potentialAction":[{"@type":"SearchAction","target":{"@type":"EntryPoint","urlTemplate":"https:\/\/beebipood.ee\/ru\/?s={search_term_string}"},"query-input":{"@type":"PropertyValueSpecification","valueRequired":true,"valueName":"search_term_string"}}],"inLanguage":"ru-RU"},{"@type":"Organization","@id":"https:\/\/beebipood.ee\/ru\/#organization","name":"Beebipood","url":"https:\/\/beebipood.ee\/ru\/","logo":{"@type":"ImageObject","inLanguage":"ru-RU","@id":"https:\/\/beebipood.ee\/ru\/#\/schema\/logo\/image\/","url":"https:\/\/beebipood.ee\/wp-content\/uploads\/2025\/03\/beebipood.ee-logo-1.svg","contentUrl":"https:\/\/beebipood.ee\/wp-content\/uploads\/2025\/03\/beebipood.ee-logo-1.svg","caption":"Beebipood"},"image":{"@id":"https:\/\/beebipood.ee\/ru\/#\/schema\/logo\/image\/"}}]}},"brands":[{"id":11952,"name":"Hauck","slug":"hauck-ru"}],"_links":{"self":[{"href":"https:\/\/beebipood.ee\/ru\/wp-json\/wp\/v2\/product\/456864","targetHints":{"allow":["GET"]}}],"collection":[{"href":"https:\/\/beebipood.ee\/ru\/wp-json\/wp\/v2\/product"}],"about":[{"href":"https:\/\/beebipood.ee\/ru\/wp-json\/wp\/v2\/types\/product"}],"wp:featuredmedia":[{"embeddable":true,"href":"https:\/\/beebipood.ee\/ru\/wp-json\/wp\/v2\/media\/111276"}],"wp:attachment":[{"href":"https:\/\/beebipood.ee\/ru\/wp-json\/wp\/v2\/media?parent=456864"}],"wp:term":[{"taxonomy":"pwb-brand","embeddable":true,"href":"https:\/\/beebipood.ee\/ru\/wp-json\/wp\/v2\/pwb-brand?post=456864"},{"taxonomy":"product_brand","embeddable":true,"href":"https:\/\/beebipood.ee\/ru\/wp-json\/wp\/v2\/product_brand?post=456864"},{"taxonomy":"product_cat","embeddable":true,"href":"https:\/\/beebipood.ee\/ru\/wp-json\/wp\/v2\/product_cat?post=456864"},{"taxonomy":"product_tag","embeddable":true,"href":"https:\/\/beebipood.ee\/ru\/wp-json\/wp\/v2\/product_tag?post=456864"}],"curies":[{"name":"wp","href":"https:\/\/api.w.org\/{rel}","templated":true}]}}