{"id":456868,"date":"2016-04-26T09:02:15","date_gmt":"2016-04-26T06:02:15","guid":{"rendered":"https:\/\/beebipood.ee\/toode\/hauck-dryk-duo-universaalne-jalgrattahaagise-comfort-iste\/"},"modified":"2025-01-09T10:50:13","modified_gmt":"2025-01-09T08:50:13","slug":"hauck-dryk-duo-universaalne-jalgrattahaagise-comfort-iste","status":"publish","type":"product","link":"https:\/\/beebipood.ee\/ru\/produkt\/hauck-dryk-duo-universaalne-jalgrattahaagise-comfort-iste\/","title":{"rendered":"Hauck Dryk Duo universaalne jalgrattahaagise comfort iste"},"content":{"rendered":"<p>Turvaline ja mugav <br \/>Lihtsalt k\u00e4sitsetav ja praktiline disain<br \/>Universaalne ning sobib paljudele jalgrattahaagistele<br \/>K\u00fclgmised kaitsed, lisapolsterdus ja peatugi pakuvad teie lapsele<br \/>t\u00e4iendava stabiilsuse ja turvalisus. <br \/>Lisaiste sobib lastele niipea kui nad saavad \u00fcksi istuda.<br \/>Lisaiste on disainitud nii, et jalgrattahaagise 5 punkti rihmad <br \/>on mugavalt ja turvaliselt kasutatavad<br \/>T\u00e4nu vastupidavatele materjalidele saate istmepadja kasutada pikka aega<\/p>\n","protected":false},"excerpt":{"rendered":"<p>Turvaline ja mugav Lihtsalt k\u00e4sitsetav ja praktiline disainUniversaalne ning sobib paljudele jalgrattahaagisteleK\u00fclgmised kaitsed, lisapolsterdus ja peatugi pakuvad teie lapselet\u00e4iendava stabiilsuse ja turvalisus. Lisaiste sobib lastele niipea kui nad saavad \u00fcksi istuda.Lisaiste on disainitud nii, et jalgrattahaagise 5 punkti rihmad on mugavalt ja turvaliselt kasutatavadT\u00e4nu vastupidavatele materjalidele saate istmepadja kasutada pikka aega<\/p>\n","protected":false},"featured_media":111297,"template":"","meta":{"_acf_changed":false},"pwb-brand":[11952],"product_brand":[],"product_cat":[11841,11725,11717],"product_tag":[],"class_list":{"0":"post-456868","1":"product","2":"type-product","3":"status-publish","4":"has-post-thumbnail","6":"pwb-brand-hauck-ru","7":"product_cat-jalgrattahaagised-ru","8":"product_cat-lisatarvikud-ru","9":"product_cat-lastevankrid-ja-karud-ru","10":"pa_manufacturer-hauck-ru","12":"first","13":"instock","14":"taxable","15":"shipping-taxable","16":"purchasable","17":"product-type-simple"},"exclude_global_add_ons":[],"addons":[],"acf":[],"yoast_head":"<!-- This site is optimized with the Yoast SEO plugin v27.1.1 - https:\/\/yoast.com\/product\/yoast-seo-wordpress\/ -->\n<title>Hauck Dryk Duo universaalne jalgrattahaagise comfort iste, \u041d\u041e\u0412\u042b\u0415 \u0422\u041e\u0412\u0410\u0420\u042b, \u041a\u043e\u043b\u044f\u0441\u043a\u0438, \u041f\u0440\u0438\u043d\u0430\u0434\u043b\u0435\u0436\u043d\u043e\u0441\u0442\u0438, Beebipood<\/title>\n<meta name=\"description\" content=\"Hauck Dryk Duo universaalne jalgrattahaagise comfort iste, Turvaline ja mugav Lihtsalt k&auml;sitsetav ja praktiline disainUniversaalne ning sobi\" \/>\n<meta name=\"robots\" content=\"index, follow, max-snippet:-1, max-image-preview:large, max-video-preview:-1\" \/>\n<link rel=\"canonical\" href=\"https:\/\/beebipood.ee\/ru\/produkt\/hauck-dryk-duo-universaalne-jalgrattahaagise-comfort-iste\/\" \/>\n<meta property=\"og:locale\" content=\"ru_RU\" \/>\n<meta property=\"og:type\" content=\"article\" \/>\n<meta property=\"og:title\" content=\"Hauck Dryk Duo universaalne jalgrattahaagise comfort iste, \u041d\u041e\u0412\u042b\u0415 \u0422\u041e\u0412\u0410\u0420\u042b, \u041a\u043e\u043b\u044f\u0441\u043a\u0438, \u041f\u0440\u0438\u043d\u0430\u0434\u043b\u0435\u0436\u043d\u043e\u0441\u0442\u0438, Beebipood\" \/>\n<meta property=\"og:description\" content=\"Hauck Dryk Duo universaalne jalgrattahaagise comfort iste, Turvaline ja mugav Lihtsalt k&auml;sitsetav ja praktiline disainUniversaalne ning sobi\" \/>\n<meta property=\"og:url\" content=\"https:\/\/beebipood.ee\/ru\/produkt\/hauck-dryk-duo-universaalne-jalgrattahaagise-comfort-iste\/\" \/>\n<meta property=\"og:site_name\" content=\"Beebipood\" \/>\n<meta property=\"article:modified_time\" content=\"2025-01-09T08:50:13+00:00\" \/>\n<meta property=\"og:image\" content=\"https:\/\/beebipood.ee\/wp-content\/uploads\/2016\/04\/Hauck-universaalne-jalgrattahaagise-comfort-iste-Voodipesu-Tekid-padjad-lisad-Lastemoobel-ja-sisustus_5-bfb.jpg\" \/>\n\t<meta property=\"og:image:width\" content=\"1500\" \/>\n\t<meta property=\"og:image:height\" content=\"1500\" \/>\n\t<meta property=\"og:image:type\" content=\"image\/jpeg\" \/>\n<meta name=\"twitter:card\" content=\"summary_large_image\" \/>\n<script type=\"application\/ld+json\" class=\"yoast-schema-graph\">{\"@context\":\"https:\/\/schema.org\",\"@graph\":[{\"@type\":\"WebPage\",\"@id\":\"https:\/\/beebipood.ee\/ru\/produkt\/hauck-dryk-duo-universaalne-jalgrattahaagise-comfort-iste\/\",\"url\":\"https:\/\/beebipood.ee\/ru\/produkt\/hauck-dryk-duo-universaalne-jalgrattahaagise-comfort-iste\/\",\"name\":\"Hauck Dryk Duo universaalne jalgrattahaagise comfort iste, \u041d\u041e\u0412\u042b\u0415 \u0422\u041e\u0412\u0410\u0420\u042b, \u041a\u043e\u043b\u044f\u0441\u043a\u0438, \u041f\u0440\u0438\u043d\u0430\u0434\u043b\u0435\u0436\u043d\u043e\u0441\u0442\u0438, Beebipood\",\"isPartOf\":{\"@id\":\"https:\/\/beebipood.ee\/ru\/#website\"},\"primaryImageOfPage\":{\"@id\":\"https:\/\/beebipood.ee\/ru\/produkt\/hauck-dryk-duo-universaalne-jalgrattahaagise-comfort-iste\/#primaryimage\"},\"image\":{\"@id\":\"https:\/\/beebipood.ee\/ru\/produkt\/hauck-dryk-duo-universaalne-jalgrattahaagise-comfort-iste\/#primaryimage\"},\"thumbnailUrl\":\"https:\/\/beebipood.ee\/wp-content\/uploads\/2016\/04\/Hauck-universaalne-jalgrattahaagise-comfort-iste-Voodipesu-Tekid-padjad-lisad-Lastemoobel-ja-sisustus_5-bfb.jpg\",\"datePublished\":\"2016-04-26T06:02:15+00:00\",\"dateModified\":\"2025-01-09T08:50:13+00:00\",\"description\":\"Hauck Dryk Duo universaalne jalgrattahaagise comfort iste, Turvaline ja mugav Lihtsalt k&auml;sitsetav ja praktiline disainUniversaalne ning sobi\",\"breadcrumb\":{\"@id\":\"https:\/\/beebipood.ee\/ru\/produkt\/hauck-dryk-duo-universaalne-jalgrattahaagise-comfort-iste\/#breadcrumb\"},\"inLanguage\":\"ru-RU\",\"potentialAction\":[{\"@type\":\"ReadAction\",\"target\":[\"https:\/\/beebipood.ee\/ru\/produkt\/hauck-dryk-duo-universaalne-jalgrattahaagise-comfort-iste\/\"]}]},{\"@type\":\"ImageObject\",\"inLanguage\":\"ru-RU\",\"@id\":\"https:\/\/beebipood.ee\/ru\/produkt\/hauck-dryk-duo-universaalne-jalgrattahaagise-comfort-iste\/#primaryimage\",\"url\":\"https:\/\/beebipood.ee\/wp-content\/uploads\/2016\/04\/Hauck-universaalne-jalgrattahaagise-comfort-iste-Voodipesu-Tekid-padjad-lisad-Lastemoobel-ja-sisustus_5-bfb.jpg\",\"contentUrl\":\"https:\/\/beebipood.ee\/wp-content\/uploads\/2016\/04\/Hauck-universaalne-jalgrattahaagise-comfort-iste-Voodipesu-Tekid-padjad-lisad-Lastemoobel-ja-sisustus_5-bfb.jpg\",\"width\":1500,\"height\":1500},{\"@type\":\"BreadcrumbList\",\"@id\":\"https:\/\/beebipood.ee\/ru\/produkt\/hauck-dryk-duo-universaalne-jalgrattahaagise-comfort-iste\/#breadcrumb\",\"itemListElement\":[{\"@type\":\"ListItem\",\"position\":1,\"name\":\"Home\",\"item\":\"https:\/\/beebipood.ee\/ru\/\"},{\"@type\":\"ListItem\",\"position\":2,\"name\":\"\u041a\u0430\u0442\u0430\u043b\u043e\u0433 \u0442\u043e\u0432\u0430\u0440\u043e\u0432\",\"item\":\"https:\/\/beebipood.ee\/tooted\/\"},{\"@type\":\"ListItem\",\"position\":3,\"name\":\"Hauck Dryk Duo universaalne jalgrattahaagise comfort iste\"}]},{\"@type\":\"WebSite\",\"@id\":\"https:\/\/beebipood.ee\/ru\/#website\",\"url\":\"https:\/\/beebipood.ee\/ru\/\",\"name\":\"Beebipood\",\"description\":\"Lastekaubad, beebikaubad, m\u00e4nguasjad\",\"publisher\":{\"@id\":\"https:\/\/beebipood.ee\/ru\/#organization\"},\"potentialAction\":[{\"@type\":\"SearchAction\",\"target\":{\"@type\":\"EntryPoint\",\"urlTemplate\":\"https:\/\/beebipood.ee\/ru\/?s={search_term_string}\"},\"query-input\":{\"@type\":\"PropertyValueSpecification\",\"valueRequired\":true,\"valueName\":\"search_term_string\"}}],\"inLanguage\":\"ru-RU\"},{\"@type\":\"Organization\",\"@id\":\"https:\/\/beebipood.ee\/ru\/#organization\",\"name\":\"Beebipood\",\"url\":\"https:\/\/beebipood.ee\/ru\/\",\"logo\":{\"@type\":\"ImageObject\",\"inLanguage\":\"ru-RU\",\"@id\":\"https:\/\/beebipood.ee\/ru\/#\/schema\/logo\/image\/\",\"url\":\"https:\/\/beebipood.ee\/wp-content\/uploads\/2025\/03\/beebipood.ee-logo-1.svg\",\"contentUrl\":\"https:\/\/beebipood.ee\/wp-content\/uploads\/2025\/03\/beebipood.ee-logo-1.svg\",\"caption\":\"Beebipood\"},\"image\":{\"@id\":\"https:\/\/beebipood.ee\/ru\/#\/schema\/logo\/image\/\"}}]}<\/script>\n<!-- \/ Yoast SEO plugin. -->","yoast_head_json":{"title":"Hauck Dryk Duo universaalne jalgrattahaagise comfort iste, \u041d\u041e\u0412\u042b\u0415 \u0422\u041e\u0412\u0410\u0420\u042b, \u041a\u043e\u043b\u044f\u0441\u043a\u0438, \u041f\u0440\u0438\u043d\u0430\u0434\u043b\u0435\u0436\u043d\u043e\u0441\u0442\u0438, Beebipood","description":"Hauck Dryk Duo universaalne jalgrattahaagise comfort iste, Turvaline ja mugav Lihtsalt k&auml;sitsetav ja praktiline disainUniversaalne ning sobi","robots":{"index":"index","follow":"follow","max-snippet":"max-snippet:-1","max-image-preview":"max-image-preview:large","max-video-preview":"max-video-preview:-1"},"canonical":"https:\/\/beebipood.ee\/ru\/produkt\/hauck-dryk-duo-universaalne-jalgrattahaagise-comfort-iste\/","og_locale":"ru_RU","og_type":"article","og_title":"Hauck Dryk Duo universaalne jalgrattahaagise comfort iste, \u041d\u041e\u0412\u042b\u0415 \u0422\u041e\u0412\u0410\u0420\u042b, \u041a\u043e\u043b\u044f\u0441\u043a\u0438, \u041f\u0440\u0438\u043d\u0430\u0434\u043b\u0435\u0436\u043d\u043e\u0441\u0442\u0438, Beebipood","og_description":"Hauck Dryk Duo universaalne jalgrattahaagise comfort iste, Turvaline ja mugav Lihtsalt k&auml;sitsetav ja praktiline disainUniversaalne ning sobi","og_url":"https:\/\/beebipood.ee\/ru\/produkt\/hauck-dryk-duo-universaalne-jalgrattahaagise-comfort-iste\/","og_site_name":"Beebipood","article_modified_time":"2025-01-09T08:50:13+00:00","og_image":[{"width":1500,"height":1500,"url":"https:\/\/beebipood.ee\/wp-content\/uploads\/2016\/04\/Hauck-universaalne-jalgrattahaagise-comfort-iste-Voodipesu-Tekid-padjad-lisad-Lastemoobel-ja-sisustus_5-bfb.jpg","type":"image\/jpeg"}],"twitter_card":"summary_large_image","schema":{"@context":"https:\/\/schema.org","@graph":[{"@type":"WebPage","@id":"https:\/\/beebipood.ee\/ru\/produkt\/hauck-dryk-duo-universaalne-jalgrattahaagise-comfort-iste\/","url":"https:\/\/beebipood.ee\/ru\/produkt\/hauck-dryk-duo-universaalne-jalgrattahaagise-comfort-iste\/","name":"Hauck Dryk Duo universaalne jalgrattahaagise comfort iste, \u041d\u041e\u0412\u042b\u0415 \u0422\u041e\u0412\u0410\u0420\u042b, \u041a\u043e\u043b\u044f\u0441\u043a\u0438, \u041f\u0440\u0438\u043d\u0430\u0434\u043b\u0435\u0436\u043d\u043e\u0441\u0442\u0438, Beebipood","isPartOf":{"@id":"https:\/\/beebipood.ee\/ru\/#website"},"primaryImageOfPage":{"@id":"https:\/\/beebipood.ee\/ru\/produkt\/hauck-dryk-duo-universaalne-jalgrattahaagise-comfort-iste\/#primaryimage"},"image":{"@id":"https:\/\/beebipood.ee\/ru\/produkt\/hauck-dryk-duo-universaalne-jalgrattahaagise-comfort-iste\/#primaryimage"},"thumbnailUrl":"https:\/\/beebipood.ee\/wp-content\/uploads\/2016\/04\/Hauck-universaalne-jalgrattahaagise-comfort-iste-Voodipesu-Tekid-padjad-lisad-Lastemoobel-ja-sisustus_5-bfb.jpg","datePublished":"2016-04-26T06:02:15+00:00","dateModified":"2025-01-09T08:50:13+00:00","description":"Hauck Dryk Duo universaalne jalgrattahaagise comfort iste, Turvaline ja mugav Lihtsalt k&auml;sitsetav ja praktiline disainUniversaalne ning sobi","breadcrumb":{"@id":"https:\/\/beebipood.ee\/ru\/produkt\/hauck-dryk-duo-universaalne-jalgrattahaagise-comfort-iste\/#breadcrumb"},"inLanguage":"ru-RU","potentialAction":[{"@type":"ReadAction","target":["https:\/\/beebipood.ee\/ru\/produkt\/hauck-dryk-duo-universaalne-jalgrattahaagise-comfort-iste\/"]}]},{"@type":"ImageObject","inLanguage":"ru-RU","@id":"https:\/\/beebipood.ee\/ru\/produkt\/hauck-dryk-duo-universaalne-jalgrattahaagise-comfort-iste\/#primaryimage","url":"https:\/\/beebipood.ee\/wp-content\/uploads\/2016\/04\/Hauck-universaalne-jalgrattahaagise-comfort-iste-Voodipesu-Tekid-padjad-lisad-Lastemoobel-ja-sisustus_5-bfb.jpg","contentUrl":"https:\/\/beebipood.ee\/wp-content\/uploads\/2016\/04\/Hauck-universaalne-jalgrattahaagise-comfort-iste-Voodipesu-Tekid-padjad-lisad-Lastemoobel-ja-sisustus_5-bfb.jpg","width":1500,"height":1500},{"@type":"BreadcrumbList","@id":"https:\/\/beebipood.ee\/ru\/produkt\/hauck-dryk-duo-universaalne-jalgrattahaagise-comfort-iste\/#breadcrumb","itemListElement":[{"@type":"ListItem","position":1,"name":"Home","item":"https:\/\/beebipood.ee\/ru\/"},{"@type":"ListItem","position":2,"name":"\u041a\u0430\u0442\u0430\u043b\u043e\u0433 \u0442\u043e\u0432\u0430\u0440\u043e\u0432","item":"https:\/\/beebipood.ee\/tooted\/"},{"@type":"ListItem","position":3,"name":"Hauck Dryk Duo universaalne jalgrattahaagise comfort iste"}]},{"@type":"WebSite","@id":"https:\/\/beebipood.ee\/ru\/#website","url":"https:\/\/beebipood.ee\/ru\/","name":"Beebipood","description":"Lastekaubad, beebikaubad, m\u00e4nguasjad","publisher":{"@id":"https:\/\/beebipood.ee\/ru\/#organization"},"potentialAction":[{"@type":"SearchAction","target":{"@type":"EntryPoint","urlTemplate":"https:\/\/beebipood.ee\/ru\/?s={search_term_string}"},"query-input":{"@type":"PropertyValueSpecification","valueRequired":true,"valueName":"search_term_string"}}],"inLanguage":"ru-RU"},{"@type":"Organization","@id":"https:\/\/beebipood.ee\/ru\/#organization","name":"Beebipood","url":"https:\/\/beebipood.ee\/ru\/","logo":{"@type":"ImageObject","inLanguage":"ru-RU","@id":"https:\/\/beebipood.ee\/ru\/#\/schema\/logo\/image\/","url":"https:\/\/beebipood.ee\/wp-content\/uploads\/2025\/03\/beebipood.ee-logo-1.svg","contentUrl":"https:\/\/beebipood.ee\/wp-content\/uploads\/2025\/03\/beebipood.ee-logo-1.svg","caption":"Beebipood"},"image":{"@id":"https:\/\/beebipood.ee\/ru\/#\/schema\/logo\/image\/"}}]}},"brands":[{"id":11952,"name":"Hauck","slug":"hauck-ru"}],"_links":{"self":[{"href":"https:\/\/beebipood.ee\/ru\/wp-json\/wp\/v2\/product\/456868","targetHints":{"allow":["GET"]}}],"collection":[{"href":"https:\/\/beebipood.ee\/ru\/wp-json\/wp\/v2\/product"}],"about":[{"href":"https:\/\/beebipood.ee\/ru\/wp-json\/wp\/v2\/types\/product"}],"wp:featuredmedia":[{"embeddable":true,"href":"https:\/\/beebipood.ee\/ru\/wp-json\/wp\/v2\/media\/111297"}],"wp:attachment":[{"href":"https:\/\/beebipood.ee\/ru\/wp-json\/wp\/v2\/media?parent=456868"}],"wp:term":[{"taxonomy":"pwb-brand","embeddable":true,"href":"https:\/\/beebipood.ee\/ru\/wp-json\/wp\/v2\/pwb-brand?post=456868"},{"taxonomy":"product_brand","embeddable":true,"href":"https:\/\/beebipood.ee\/ru\/wp-json\/wp\/v2\/product_brand?post=456868"},{"taxonomy":"product_cat","embeddable":true,"href":"https:\/\/beebipood.ee\/ru\/wp-json\/wp\/v2\/product_cat?post=456868"},{"taxonomy":"product_tag","embeddable":true,"href":"https:\/\/beebipood.ee\/ru\/wp-json\/wp\/v2\/product_tag?post=456868"}],"curies":[{"name":"wp","href":"https:\/\/api.w.org\/{rel}","templated":true}]}}