{"id":456874,"date":"2016-04-29T08:20:30","date_gmt":"2016-04-29T05:20:30","guid":{"rendered":"https:\/\/beebipood.ee\/toode\/baldahhiin-beebivoodile-pink\/"},"modified":"2025-01-09T10:50:13","modified_gmt":"2025-01-09T08:50:13","slug":"baldahhiin-beebivoodile-pink","status":"publish","type":"product","link":"https:\/\/beebipood.ee\/ru\/produkt\/baldahhiin-beebivoodile-pink\/","title":{"rendered":"Baldahhiin beebivoodile, Pink"},"content":{"rendered":"<p>Baldahhiin beebivooditele ja h\u00e4llidele, et uni oleks veel magusam<br \/>Baldahhiini riie on h\u00e4sti hingav, l\u00e4bipaistev ja pehme<br \/>Materjal: \u00fclemine osa 100% puuvill, alumine osa pol\u00fcester<br \/>Lihtne disain sobitub\u00a0paljude beebivoodite ja h\u00e4llidega<br \/>M\u00f5\u00f5tmed: 150 x 200cm<\/p>\n","protected":false},"excerpt":{"rendered":"<p>Baldahhiin beebivooditele ja h\u00e4llidele, et uni oleks veel magusamBaldahhiini riie on h\u00e4sti hingav, l\u00e4bipaistev ja pehmeMaterjal: \u00fclemine osa 100% puuvill, alumine osa pol\u00fcesterLihtne disain sobitub\u00a0paljude beebivoodite ja h\u00e4llidegaM\u00f5\u00f5tmed: 150 x 200cm<\/p>\n","protected":false},"featured_media":111385,"template":"","meta":{"_acf_changed":false},"pwb-brand":[11946],"product_brand":[],"product_cat":[11669,11673,11789],"product_tag":[],"class_list":{"0":"post-456874","1":"product","2":"type-product","3":"status-publish","4":"has-post-thumbnail","6":"pwb-brand-klups-ru","7":"product_cat-muu-sisustus-varia-ru","8":"product_cat-muud-aksessuaarid-ru","9":"product_cat-lastemoobel-ja-sisustus-ru","10":"pa_manufacturer-klups-ru","12":"first","13":"instock","14":"sale","15":"taxable","16":"shipping-taxable","17":"purchasable","18":"product-type-simple"},"exclude_global_add_ons":[],"addons":[],"acf":[],"yoast_head":"<!-- This site is optimized with the Yoast SEO plugin v27.1.1 - https:\/\/yoast.com\/product\/yoast-seo-wordpress\/ -->\n<title>Baldahhiin beebivoodile, Pink, \u0414\u0440\u0443\u0433\u0430\u044f \u043c\u0435\u0431\u0435\u043b\u044c, \u0414\u0440\u0443\u0433\u0438\u0435 \u0430\u043a\u0441\u0435\u0441\u0441\u0443\u0430\u0440\u044b, M\u0435\u0431\u0435\u043b\u044c, Beebipood<\/title>\n<meta name=\"description\" content=\"Baldahhiin beebivoodile, Pink, Baldahhiin beebivooditele ja h&auml;llidele, et uni oleks veel magusamBaldahhiini riie on h&auml;sti hingav, l&auml;bipa\" \/>\n<meta name=\"robots\" content=\"index, follow, max-snippet:-1, max-image-preview:large, max-video-preview:-1\" \/>\n<link rel=\"canonical\" href=\"https:\/\/beebipood.ee\/ru\/produkt\/baldahhiin-beebivoodile-pink\/\" \/>\n<meta property=\"og:locale\" content=\"ru_RU\" \/>\n<meta property=\"og:type\" content=\"article\" \/>\n<meta property=\"og:title\" content=\"Baldahhiin beebivoodile, Pink, \u0414\u0440\u0443\u0433\u0430\u044f \u043c\u0435\u0431\u0435\u043b\u044c, \u0414\u0440\u0443\u0433\u0438\u0435 \u0430\u043a\u0441\u0435\u0441\u0441\u0443\u0430\u0440\u044b, M\u0435\u0431\u0435\u043b\u044c, Beebipood\" \/>\n<meta property=\"og:description\" content=\"Baldahhiin beebivoodile, Pink, Baldahhiin beebivooditele ja h&auml;llidele, et uni oleks veel magusamBaldahhiini riie on h&auml;sti hingav, l&auml;bipa\" \/>\n<meta property=\"og:url\" content=\"https:\/\/beebipood.ee\/ru\/produkt\/baldahhiin-beebivoodile-pink\/\" \/>\n<meta property=\"og:site_name\" content=\"Beebipood\" \/>\n<meta property=\"article:modified_time\" content=\"2025-01-09T08:50:13+00:00\" \/>\n<meta property=\"og:image\" content=\"https:\/\/beebipood.ee\/wp-content\/uploads\/2016\/04\/Baldahhiin-beebivoodile-Pink-UUED-TOOTED-Muu-sisustus-varia-Muud-aksessuaarid-Lastemoobel-ja-sisustus_1-650.jpg\" \/>\n\t<meta property=\"og:image:width\" content=\"850\" \/>\n\t<meta property=\"og:image:height\" content=\"850\" \/>\n\t<meta property=\"og:image:type\" content=\"image\/jpeg\" \/>\n<meta name=\"twitter:card\" content=\"summary_large_image\" \/>\n<script type=\"application\/ld+json\" class=\"yoast-schema-graph\">{\"@context\":\"https:\/\/schema.org\",\"@graph\":[{\"@type\":\"WebPage\",\"@id\":\"https:\/\/beebipood.ee\/ru\/produkt\/baldahhiin-beebivoodile-pink\/\",\"url\":\"https:\/\/beebipood.ee\/ru\/produkt\/baldahhiin-beebivoodile-pink\/\",\"name\":\"Baldahhiin beebivoodile, Pink, \u0414\u0440\u0443\u0433\u0430\u044f \u043c\u0435\u0431\u0435\u043b\u044c, \u0414\u0440\u0443\u0433\u0438\u0435 \u0430\u043a\u0441\u0435\u0441\u0441\u0443\u0430\u0440\u044b, M\u0435\u0431\u0435\u043b\u044c, Beebipood\",\"isPartOf\":{\"@id\":\"https:\/\/beebipood.ee\/ru\/#website\"},\"primaryImageOfPage\":{\"@id\":\"https:\/\/beebipood.ee\/ru\/produkt\/baldahhiin-beebivoodile-pink\/#primaryimage\"},\"image\":{\"@id\":\"https:\/\/beebipood.ee\/ru\/produkt\/baldahhiin-beebivoodile-pink\/#primaryimage\"},\"thumbnailUrl\":\"https:\/\/beebipood.ee\/wp-content\/uploads\/2016\/04\/Baldahhiin-beebivoodile-Pink-UUED-TOOTED-Muu-sisustus-varia-Muud-aksessuaarid-Lastemoobel-ja-sisustus_1-650.jpg\",\"datePublished\":\"2016-04-29T05:20:30+00:00\",\"dateModified\":\"2025-01-09T08:50:13+00:00\",\"description\":\"Baldahhiin beebivoodile, Pink, Baldahhiin beebivooditele ja h&auml;llidele, et uni oleks veel magusamBaldahhiini riie on h&auml;sti hingav, l&auml;bipa\",\"breadcrumb\":{\"@id\":\"https:\/\/beebipood.ee\/ru\/produkt\/baldahhiin-beebivoodile-pink\/#breadcrumb\"},\"inLanguage\":\"ru-RU\",\"potentialAction\":[{\"@type\":\"ReadAction\",\"target\":[\"https:\/\/beebipood.ee\/ru\/produkt\/baldahhiin-beebivoodile-pink\/\"]}]},{\"@type\":\"ImageObject\",\"inLanguage\":\"ru-RU\",\"@id\":\"https:\/\/beebipood.ee\/ru\/produkt\/baldahhiin-beebivoodile-pink\/#primaryimage\",\"url\":\"https:\/\/beebipood.ee\/wp-content\/uploads\/2016\/04\/Baldahhiin-beebivoodile-Pink-UUED-TOOTED-Muu-sisustus-varia-Muud-aksessuaarid-Lastemoobel-ja-sisustus_1-650.jpg\",\"contentUrl\":\"https:\/\/beebipood.ee\/wp-content\/uploads\/2016\/04\/Baldahhiin-beebivoodile-Pink-UUED-TOOTED-Muu-sisustus-varia-Muud-aksessuaarid-Lastemoobel-ja-sisustus_1-650.jpg\",\"width\":850,\"height\":850},{\"@type\":\"BreadcrumbList\",\"@id\":\"https:\/\/beebipood.ee\/ru\/produkt\/baldahhiin-beebivoodile-pink\/#breadcrumb\",\"itemListElement\":[{\"@type\":\"ListItem\",\"position\":1,\"name\":\"Home\",\"item\":\"https:\/\/beebipood.ee\/ru\/\"},{\"@type\":\"ListItem\",\"position\":2,\"name\":\"\u041a\u0430\u0442\u0430\u043b\u043e\u0433 \u0442\u043e\u0432\u0430\u0440\u043e\u0432\",\"item\":\"https:\/\/beebipood.ee\/tooted\/\"},{\"@type\":\"ListItem\",\"position\":3,\"name\":\"Baldahhiin beebivoodile, Pink\"}]},{\"@type\":\"WebSite\",\"@id\":\"https:\/\/beebipood.ee\/ru\/#website\",\"url\":\"https:\/\/beebipood.ee\/ru\/\",\"name\":\"Beebipood\",\"description\":\"Lastekaubad, beebikaubad, m\u00e4nguasjad\",\"publisher\":{\"@id\":\"https:\/\/beebipood.ee\/ru\/#organization\"},\"potentialAction\":[{\"@type\":\"SearchAction\",\"target\":{\"@type\":\"EntryPoint\",\"urlTemplate\":\"https:\/\/beebipood.ee\/ru\/?s={search_term_string}\"},\"query-input\":{\"@type\":\"PropertyValueSpecification\",\"valueRequired\":true,\"valueName\":\"search_term_string\"}}],\"inLanguage\":\"ru-RU\"},{\"@type\":\"Organization\",\"@id\":\"https:\/\/beebipood.ee\/ru\/#organization\",\"name\":\"Beebipood\",\"url\":\"https:\/\/beebipood.ee\/ru\/\",\"logo\":{\"@type\":\"ImageObject\",\"inLanguage\":\"ru-RU\",\"@id\":\"https:\/\/beebipood.ee\/ru\/#\/schema\/logo\/image\/\",\"url\":\"https:\/\/beebipood.ee\/wp-content\/uploads\/2025\/03\/beebipood.ee-logo-1.svg\",\"contentUrl\":\"https:\/\/beebipood.ee\/wp-content\/uploads\/2025\/03\/beebipood.ee-logo-1.svg\",\"caption\":\"Beebipood\"},\"image\":{\"@id\":\"https:\/\/beebipood.ee\/ru\/#\/schema\/logo\/image\/\"}}]}<\/script>\n<!-- \/ Yoast SEO plugin. -->","yoast_head_json":{"title":"Baldahhiin beebivoodile, Pink, \u0414\u0440\u0443\u0433\u0430\u044f \u043c\u0435\u0431\u0435\u043b\u044c, \u0414\u0440\u0443\u0433\u0438\u0435 \u0430\u043a\u0441\u0435\u0441\u0441\u0443\u0430\u0440\u044b, M\u0435\u0431\u0435\u043b\u044c, Beebipood","description":"Baldahhiin beebivoodile, Pink, Baldahhiin beebivooditele ja h&auml;llidele, et uni oleks veel magusamBaldahhiini riie on h&auml;sti hingav, l&auml;bipa","robots":{"index":"index","follow":"follow","max-snippet":"max-snippet:-1","max-image-preview":"max-image-preview:large","max-video-preview":"max-video-preview:-1"},"canonical":"https:\/\/beebipood.ee\/ru\/produkt\/baldahhiin-beebivoodile-pink\/","og_locale":"ru_RU","og_type":"article","og_title":"Baldahhiin beebivoodile, Pink, \u0414\u0440\u0443\u0433\u0430\u044f \u043c\u0435\u0431\u0435\u043b\u044c, \u0414\u0440\u0443\u0433\u0438\u0435 \u0430\u043a\u0441\u0435\u0441\u0441\u0443\u0430\u0440\u044b, M\u0435\u0431\u0435\u043b\u044c, Beebipood","og_description":"Baldahhiin beebivoodile, Pink, Baldahhiin beebivooditele ja h&auml;llidele, et uni oleks veel magusamBaldahhiini riie on h&auml;sti hingav, l&auml;bipa","og_url":"https:\/\/beebipood.ee\/ru\/produkt\/baldahhiin-beebivoodile-pink\/","og_site_name":"Beebipood","article_modified_time":"2025-01-09T08:50:13+00:00","og_image":[{"width":850,"height":850,"url":"https:\/\/beebipood.ee\/wp-content\/uploads\/2016\/04\/Baldahhiin-beebivoodile-Pink-UUED-TOOTED-Muu-sisustus-varia-Muud-aksessuaarid-Lastemoobel-ja-sisustus_1-650.jpg","type":"image\/jpeg"}],"twitter_card":"summary_large_image","schema":{"@context":"https:\/\/schema.org","@graph":[{"@type":"WebPage","@id":"https:\/\/beebipood.ee\/ru\/produkt\/baldahhiin-beebivoodile-pink\/","url":"https:\/\/beebipood.ee\/ru\/produkt\/baldahhiin-beebivoodile-pink\/","name":"Baldahhiin beebivoodile, Pink, \u0414\u0440\u0443\u0433\u0430\u044f \u043c\u0435\u0431\u0435\u043b\u044c, \u0414\u0440\u0443\u0433\u0438\u0435 \u0430\u043a\u0441\u0435\u0441\u0441\u0443\u0430\u0440\u044b, M\u0435\u0431\u0435\u043b\u044c, Beebipood","isPartOf":{"@id":"https:\/\/beebipood.ee\/ru\/#website"},"primaryImageOfPage":{"@id":"https:\/\/beebipood.ee\/ru\/produkt\/baldahhiin-beebivoodile-pink\/#primaryimage"},"image":{"@id":"https:\/\/beebipood.ee\/ru\/produkt\/baldahhiin-beebivoodile-pink\/#primaryimage"},"thumbnailUrl":"https:\/\/beebipood.ee\/wp-content\/uploads\/2016\/04\/Baldahhiin-beebivoodile-Pink-UUED-TOOTED-Muu-sisustus-varia-Muud-aksessuaarid-Lastemoobel-ja-sisustus_1-650.jpg","datePublished":"2016-04-29T05:20:30+00:00","dateModified":"2025-01-09T08:50:13+00:00","description":"Baldahhiin beebivoodile, Pink, Baldahhiin beebivooditele ja h&auml;llidele, et uni oleks veel magusamBaldahhiini riie on h&auml;sti hingav, l&auml;bipa","breadcrumb":{"@id":"https:\/\/beebipood.ee\/ru\/produkt\/baldahhiin-beebivoodile-pink\/#breadcrumb"},"inLanguage":"ru-RU","potentialAction":[{"@type":"ReadAction","target":["https:\/\/beebipood.ee\/ru\/produkt\/baldahhiin-beebivoodile-pink\/"]}]},{"@type":"ImageObject","inLanguage":"ru-RU","@id":"https:\/\/beebipood.ee\/ru\/produkt\/baldahhiin-beebivoodile-pink\/#primaryimage","url":"https:\/\/beebipood.ee\/wp-content\/uploads\/2016\/04\/Baldahhiin-beebivoodile-Pink-UUED-TOOTED-Muu-sisustus-varia-Muud-aksessuaarid-Lastemoobel-ja-sisustus_1-650.jpg","contentUrl":"https:\/\/beebipood.ee\/wp-content\/uploads\/2016\/04\/Baldahhiin-beebivoodile-Pink-UUED-TOOTED-Muu-sisustus-varia-Muud-aksessuaarid-Lastemoobel-ja-sisustus_1-650.jpg","width":850,"height":850},{"@type":"BreadcrumbList","@id":"https:\/\/beebipood.ee\/ru\/produkt\/baldahhiin-beebivoodile-pink\/#breadcrumb","itemListElement":[{"@type":"ListItem","position":1,"name":"Home","item":"https:\/\/beebipood.ee\/ru\/"},{"@type":"ListItem","position":2,"name":"\u041a\u0430\u0442\u0430\u043b\u043e\u0433 \u0442\u043e\u0432\u0430\u0440\u043e\u0432","item":"https:\/\/beebipood.ee\/tooted\/"},{"@type":"ListItem","position":3,"name":"Baldahhiin beebivoodile, Pink"}]},{"@type":"WebSite","@id":"https:\/\/beebipood.ee\/ru\/#website","url":"https:\/\/beebipood.ee\/ru\/","name":"Beebipood","description":"Lastekaubad, beebikaubad, m\u00e4nguasjad","publisher":{"@id":"https:\/\/beebipood.ee\/ru\/#organization"},"potentialAction":[{"@type":"SearchAction","target":{"@type":"EntryPoint","urlTemplate":"https:\/\/beebipood.ee\/ru\/?s={search_term_string}"},"query-input":{"@type":"PropertyValueSpecification","valueRequired":true,"valueName":"search_term_string"}}],"inLanguage":"ru-RU"},{"@type":"Organization","@id":"https:\/\/beebipood.ee\/ru\/#organization","name":"Beebipood","url":"https:\/\/beebipood.ee\/ru\/","logo":{"@type":"ImageObject","inLanguage":"ru-RU","@id":"https:\/\/beebipood.ee\/ru\/#\/schema\/logo\/image\/","url":"https:\/\/beebipood.ee\/wp-content\/uploads\/2025\/03\/beebipood.ee-logo-1.svg","contentUrl":"https:\/\/beebipood.ee\/wp-content\/uploads\/2025\/03\/beebipood.ee-logo-1.svg","caption":"Beebipood"},"image":{"@id":"https:\/\/beebipood.ee\/ru\/#\/schema\/logo\/image\/"}}]}},"brands":[{"id":11946,"name":"Klups","slug":"klups-ru"}],"_links":{"self":[{"href":"https:\/\/beebipood.ee\/ru\/wp-json\/wp\/v2\/product\/456874","targetHints":{"allow":["GET"]}}],"collection":[{"href":"https:\/\/beebipood.ee\/ru\/wp-json\/wp\/v2\/product"}],"about":[{"href":"https:\/\/beebipood.ee\/ru\/wp-json\/wp\/v2\/types\/product"}],"wp:featuredmedia":[{"embeddable":true,"href":"https:\/\/beebipood.ee\/ru\/wp-json\/wp\/v2\/media\/111385"}],"wp:attachment":[{"href":"https:\/\/beebipood.ee\/ru\/wp-json\/wp\/v2\/media?parent=456874"}],"wp:term":[{"taxonomy":"pwb-brand","embeddable":true,"href":"https:\/\/beebipood.ee\/ru\/wp-json\/wp\/v2\/pwb-brand?post=456874"},{"taxonomy":"product_brand","embeddable":true,"href":"https:\/\/beebipood.ee\/ru\/wp-json\/wp\/v2\/product_brand?post=456874"},{"taxonomy":"product_cat","embeddable":true,"href":"https:\/\/beebipood.ee\/ru\/wp-json\/wp\/v2\/product_cat?post=456874"},{"taxonomy":"product_tag","embeddable":true,"href":"https:\/\/beebipood.ee\/ru\/wp-json\/wp\/v2\/product_tag?post=456874"}],"curies":[{"name":"wp","href":"https:\/\/api.w.org\/{rel}","templated":true}]}}