{"id":456884,"date":"2016-05-04T06:02:19","date_gmt":"2016-05-04T03:02:19","guid":{"rendered":"https:\/\/beebipood.ee\/toode\/voodilina-beebivoodile-60x120-white\/"},"modified":"2025-01-09T10:50:12","modified_gmt":"2025-01-09T08:50:12","slug":"voodilina-beebivoodile-60x120-white","status":"publish","type":"product","link":"https:\/\/beebipood.ee\/ru\/produkt\/voodilina-beebivoodile-60x120-white\/","title":{"rendered":"Voodilina beebivoodile 60&#215;120, White"},"content":{"rendered":"<p>K\u00f5rgekvaliteediline voodilina beebivoodile<br \/>Sobib beebivoodile m\u00f5\u00f5tmetega\u00a060x120cm<br \/>Materjal: 100% puuvill<\/p>\n<p>Valikus ka lainelise dekoratiiv\u00e4\u00e4rega voodilina!<\/p>\n","protected":false},"excerpt":{"rendered":"<p>K\u00f5rgekvaliteediline voodilina beebivoodileSobib beebivoodile m\u00f5\u00f5tmetega\u00a060x120cmMaterjal: 100% puuvill Valikus ka lainelise dekoratiiv\u00e4\u00e4rega voodilina!<\/p>\n","protected":false},"featured_media":111403,"template":"","meta":{"_acf_changed":false},"pwb-brand":[11946],"product_brand":[],"product_cat":[11613,11763,11789],"product_tag":[],"class_list":{"0":"post-456884","1":"product","2":"type-product","3":"status-publish","4":"has-post-thumbnail","6":"pwb-brand-klups-ru","7":"product_cat-voodipesu-ru","8":"product_cat-tekid-padjad-lisad-ru","9":"product_cat-lastemoobel-ja-sisustus-ru","10":"pa_manufacturer-klups-ru","12":"first","13":"onbackorder","14":"taxable","15":"shipping-taxable","16":"purchasable","17":"product-type-simple"},"exclude_global_add_ons":false,"addons":[{"name":"Vali lina","type":"multiple_choice","position":0,"required":true,"title_format":"heading","default":"","description_enable":false,"description":"","placeholder_enable":false,"placeholder":"","display":"images","restrictions_type":"any_text","adjust_price":false,"price":"","price_type":"flat_fee","restrictions":false,"min":"0","max":"0","options":[{"label":"sirge \u00e4\u00e4r","price":"","price_type":"quantity_based","image":501479,"visibility":true},{"label":"laineline \u00e4\u00e4r","price":"3.0000","price_type":"quantity_based","image":501481,"visibility":true}]}],"acf":[],"yoast_head":"<!-- This site is optimized with the Yoast SEO plugin v27.1.1 - https:\/\/yoast.com\/product\/yoast-seo-wordpress\/ -->\n<title>Voodilina beebivoodile 60x120, White, \u041f\u043e\u0441\u0442\u0435\u043b\u044c\u043d\u043e\u0435 \u0431\u0435\u043b\u044c\u0435, \u041e\u0434\u0435\u044f\u043b\u0430, \u043f\u043e\u0434\u0443\u0448\u043a\u0438, \u0434\u043e\u043f\u043e\u043b\u043d\u0435\u043d\u0438\u044f, \u0414\u0435\u0442\u0441\u043a\u0430\u044f \u043c\u0435\u0431\u0435\u043b\u044c, Beebipood<\/title>\n<meta name=\"description\" content=\"Voodilina beebivoodile 60x120, White, K&otilde;rgekvaliteediline voodilina beebivoodileSobib beebivoodile m&otilde;&otilde;tmetega&nbsp;60x120cmM\" \/>\n<meta name=\"robots\" content=\"index, follow, max-snippet:-1, max-image-preview:large, max-video-preview:-1\" \/>\n<link rel=\"canonical\" href=\"https:\/\/beebipood.ee\/ru\/produkt\/voodilina-beebivoodile-60x120-white\/\" \/>\n<meta property=\"og:locale\" content=\"ru_RU\" \/>\n<meta property=\"og:type\" content=\"article\" \/>\n<meta property=\"og:title\" content=\"Voodilina beebivoodile 60x120, White, \u041f\u043e\u0441\u0442\u0435\u043b\u044c\u043d\u043e\u0435 \u0431\u0435\u043b\u044c\u0435, \u041e\u0434\u0435\u044f\u043b\u0430, \u043f\u043e\u0434\u0443\u0448\u043a\u0438, \u0434\u043e\u043f\u043e\u043b\u043d\u0435\u043d\u0438\u044f, \u0414\u0435\u0442\u0441\u043a\u0430\u044f \u043c\u0435\u0431\u0435\u043b\u044c, Beebipood\" \/>\n<meta property=\"og:description\" content=\"Voodilina beebivoodile 60x120, White, K&otilde;rgekvaliteediline voodilina beebivoodileSobib beebivoodile m&otilde;&otilde;tmetega&nbsp;60x120cmM\" \/>\n<meta property=\"og:url\" content=\"https:\/\/beebipood.ee\/ru\/produkt\/voodilina-beebivoodile-60x120-white\/\" \/>\n<meta property=\"og:site_name\" content=\"Beebipood\" \/>\n<meta property=\"article:modified_time\" content=\"2025-01-09T08:50:12+00:00\" \/>\n<meta property=\"og:image\" content=\"https:\/\/beebipood.ee\/wp-content\/uploads\/2016\/05\/Voodilina-beebivoodile-60x120-White-UUED-TOOTED-Voodipesu-Tekid-padjad-lisad-Lastemoobel-ja-sisustus_2-79d.jpg\" \/>\n\t<meta property=\"og:image:width\" content=\"850\" \/>\n\t<meta property=\"og:image:height\" content=\"850\" \/>\n\t<meta property=\"og:image:type\" content=\"image\/jpeg\" \/>\n<meta name=\"twitter:card\" content=\"summary_large_image\" \/>\n<script type=\"application\/ld+json\" class=\"yoast-schema-graph\">{\"@context\":\"https:\/\/schema.org\",\"@graph\":[{\"@type\":\"WebPage\",\"@id\":\"https:\/\/beebipood.ee\/ru\/produkt\/voodilina-beebivoodile-60x120-white\/\",\"url\":\"https:\/\/beebipood.ee\/ru\/produkt\/voodilina-beebivoodile-60x120-white\/\",\"name\":\"Voodilina beebivoodile 60x120, White, \u041f\u043e\u0441\u0442\u0435\u043b\u044c\u043d\u043e\u0435 \u0431\u0435\u043b\u044c\u0435, \u041e\u0434\u0435\u044f\u043b\u0430, \u043f\u043e\u0434\u0443\u0448\u043a\u0438, \u0434\u043e\u043f\u043e\u043b\u043d\u0435\u043d\u0438\u044f, \u0414\u0435\u0442\u0441\u043a\u0430\u044f \u043c\u0435\u0431\u0435\u043b\u044c, Beebipood\",\"isPartOf\":{\"@id\":\"https:\/\/beebipood.ee\/ru\/#website\"},\"primaryImageOfPage\":{\"@id\":\"https:\/\/beebipood.ee\/ru\/produkt\/voodilina-beebivoodile-60x120-white\/#primaryimage\"},\"image\":{\"@id\":\"https:\/\/beebipood.ee\/ru\/produkt\/voodilina-beebivoodile-60x120-white\/#primaryimage\"},\"thumbnailUrl\":\"https:\/\/beebipood.ee\/wp-content\/uploads\/2016\/05\/Voodilina-beebivoodile-60x120-White-UUED-TOOTED-Voodipesu-Tekid-padjad-lisad-Lastemoobel-ja-sisustus_2-79d.jpg\",\"datePublished\":\"2016-05-04T03:02:19+00:00\",\"dateModified\":\"2025-01-09T08:50:12+00:00\",\"description\":\"Voodilina beebivoodile 60x120, White, K&otilde;rgekvaliteediline voodilina beebivoodileSobib beebivoodile m&otilde;&otilde;tmetega&nbsp;60x120cmM\",\"breadcrumb\":{\"@id\":\"https:\/\/beebipood.ee\/ru\/produkt\/voodilina-beebivoodile-60x120-white\/#breadcrumb\"},\"inLanguage\":\"ru-RU\",\"potentialAction\":[{\"@type\":\"ReadAction\",\"target\":[\"https:\/\/beebipood.ee\/ru\/produkt\/voodilina-beebivoodile-60x120-white\/\"]}]},{\"@type\":\"ImageObject\",\"inLanguage\":\"ru-RU\",\"@id\":\"https:\/\/beebipood.ee\/ru\/produkt\/voodilina-beebivoodile-60x120-white\/#primaryimage\",\"url\":\"https:\/\/beebipood.ee\/wp-content\/uploads\/2016\/05\/Voodilina-beebivoodile-60x120-White-UUED-TOOTED-Voodipesu-Tekid-padjad-lisad-Lastemoobel-ja-sisustus_2-79d.jpg\",\"contentUrl\":\"https:\/\/beebipood.ee\/wp-content\/uploads\/2016\/05\/Voodilina-beebivoodile-60x120-White-UUED-TOOTED-Voodipesu-Tekid-padjad-lisad-Lastemoobel-ja-sisustus_2-79d.jpg\",\"width\":850,\"height\":850},{\"@type\":\"BreadcrumbList\",\"@id\":\"https:\/\/beebipood.ee\/ru\/produkt\/voodilina-beebivoodile-60x120-white\/#breadcrumb\",\"itemListElement\":[{\"@type\":\"ListItem\",\"position\":1,\"name\":\"Home\",\"item\":\"https:\/\/beebipood.ee\/ru\/\"},{\"@type\":\"ListItem\",\"position\":2,\"name\":\"\u041a\u0430\u0442\u0430\u043b\u043e\u0433 \u0442\u043e\u0432\u0430\u0440\u043e\u0432\",\"item\":\"https:\/\/beebipood.ee\/tooted\/\"},{\"@type\":\"ListItem\",\"position\":3,\"name\":\"Voodilina beebivoodile 60&#215;120, White\"}]},{\"@type\":\"WebSite\",\"@id\":\"https:\/\/beebipood.ee\/ru\/#website\",\"url\":\"https:\/\/beebipood.ee\/ru\/\",\"name\":\"Beebipood\",\"description\":\"Lastekaubad, beebikaubad, m\u00e4nguasjad\",\"publisher\":{\"@id\":\"https:\/\/beebipood.ee\/ru\/#organization\"},\"potentialAction\":[{\"@type\":\"SearchAction\",\"target\":{\"@type\":\"EntryPoint\",\"urlTemplate\":\"https:\/\/beebipood.ee\/ru\/?s={search_term_string}\"},\"query-input\":{\"@type\":\"PropertyValueSpecification\",\"valueRequired\":true,\"valueName\":\"search_term_string\"}}],\"inLanguage\":\"ru-RU\"},{\"@type\":\"Organization\",\"@id\":\"https:\/\/beebipood.ee\/ru\/#organization\",\"name\":\"Beebipood\",\"url\":\"https:\/\/beebipood.ee\/ru\/\",\"logo\":{\"@type\":\"ImageObject\",\"inLanguage\":\"ru-RU\",\"@id\":\"https:\/\/beebipood.ee\/ru\/#\/schema\/logo\/image\/\",\"url\":\"https:\/\/beebipood.ee\/wp-content\/uploads\/2025\/03\/beebipood.ee-logo-1.svg\",\"contentUrl\":\"https:\/\/beebipood.ee\/wp-content\/uploads\/2025\/03\/beebipood.ee-logo-1.svg\",\"caption\":\"Beebipood\"},\"image\":{\"@id\":\"https:\/\/beebipood.ee\/ru\/#\/schema\/logo\/image\/\"}}]}<\/script>\n<!-- \/ Yoast SEO plugin. -->","yoast_head_json":{"title":"Voodilina beebivoodile 60x120, White, \u041f\u043e\u0441\u0442\u0435\u043b\u044c\u043d\u043e\u0435 \u0431\u0435\u043b\u044c\u0435, \u041e\u0434\u0435\u044f\u043b\u0430, \u043f\u043e\u0434\u0443\u0448\u043a\u0438, \u0434\u043e\u043f\u043e\u043b\u043d\u0435\u043d\u0438\u044f, \u0414\u0435\u0442\u0441\u043a\u0430\u044f \u043c\u0435\u0431\u0435\u043b\u044c, Beebipood","description":"Voodilina beebivoodile 60x120, White, K&otilde;rgekvaliteediline voodilina beebivoodileSobib beebivoodile m&otilde;&otilde;tmetega&nbsp;60x120cmM","robots":{"index":"index","follow":"follow","max-snippet":"max-snippet:-1","max-image-preview":"max-image-preview:large","max-video-preview":"max-video-preview:-1"},"canonical":"https:\/\/beebipood.ee\/ru\/produkt\/voodilina-beebivoodile-60x120-white\/","og_locale":"ru_RU","og_type":"article","og_title":"Voodilina beebivoodile 60x120, White, \u041f\u043e\u0441\u0442\u0435\u043b\u044c\u043d\u043e\u0435 \u0431\u0435\u043b\u044c\u0435, \u041e\u0434\u0435\u044f\u043b\u0430, \u043f\u043e\u0434\u0443\u0448\u043a\u0438, \u0434\u043e\u043f\u043e\u043b\u043d\u0435\u043d\u0438\u044f, \u0414\u0435\u0442\u0441\u043a\u0430\u044f \u043c\u0435\u0431\u0435\u043b\u044c, Beebipood","og_description":"Voodilina beebivoodile 60x120, White, K&otilde;rgekvaliteediline voodilina beebivoodileSobib beebivoodile m&otilde;&otilde;tmetega&nbsp;60x120cmM","og_url":"https:\/\/beebipood.ee\/ru\/produkt\/voodilina-beebivoodile-60x120-white\/","og_site_name":"Beebipood","article_modified_time":"2025-01-09T08:50:12+00:00","og_image":[{"width":850,"height":850,"url":"https:\/\/beebipood.ee\/wp-content\/uploads\/2016\/05\/Voodilina-beebivoodile-60x120-White-UUED-TOOTED-Voodipesu-Tekid-padjad-lisad-Lastemoobel-ja-sisustus_2-79d.jpg","type":"image\/jpeg"}],"twitter_card":"summary_large_image","schema":{"@context":"https:\/\/schema.org","@graph":[{"@type":"WebPage","@id":"https:\/\/beebipood.ee\/ru\/produkt\/voodilina-beebivoodile-60x120-white\/","url":"https:\/\/beebipood.ee\/ru\/produkt\/voodilina-beebivoodile-60x120-white\/","name":"Voodilina beebivoodile 60x120, White, \u041f\u043e\u0441\u0442\u0435\u043b\u044c\u043d\u043e\u0435 \u0431\u0435\u043b\u044c\u0435, \u041e\u0434\u0435\u044f\u043b\u0430, \u043f\u043e\u0434\u0443\u0448\u043a\u0438, \u0434\u043e\u043f\u043e\u043b\u043d\u0435\u043d\u0438\u044f, \u0414\u0435\u0442\u0441\u043a\u0430\u044f \u043c\u0435\u0431\u0435\u043b\u044c, Beebipood","isPartOf":{"@id":"https:\/\/beebipood.ee\/ru\/#website"},"primaryImageOfPage":{"@id":"https:\/\/beebipood.ee\/ru\/produkt\/voodilina-beebivoodile-60x120-white\/#primaryimage"},"image":{"@id":"https:\/\/beebipood.ee\/ru\/produkt\/voodilina-beebivoodile-60x120-white\/#primaryimage"},"thumbnailUrl":"https:\/\/beebipood.ee\/wp-content\/uploads\/2016\/05\/Voodilina-beebivoodile-60x120-White-UUED-TOOTED-Voodipesu-Tekid-padjad-lisad-Lastemoobel-ja-sisustus_2-79d.jpg","datePublished":"2016-05-04T03:02:19+00:00","dateModified":"2025-01-09T08:50:12+00:00","description":"Voodilina beebivoodile 60x120, White, K&otilde;rgekvaliteediline voodilina beebivoodileSobib beebivoodile m&otilde;&otilde;tmetega&nbsp;60x120cmM","breadcrumb":{"@id":"https:\/\/beebipood.ee\/ru\/produkt\/voodilina-beebivoodile-60x120-white\/#breadcrumb"},"inLanguage":"ru-RU","potentialAction":[{"@type":"ReadAction","target":["https:\/\/beebipood.ee\/ru\/produkt\/voodilina-beebivoodile-60x120-white\/"]}]},{"@type":"ImageObject","inLanguage":"ru-RU","@id":"https:\/\/beebipood.ee\/ru\/produkt\/voodilina-beebivoodile-60x120-white\/#primaryimage","url":"https:\/\/beebipood.ee\/wp-content\/uploads\/2016\/05\/Voodilina-beebivoodile-60x120-White-UUED-TOOTED-Voodipesu-Tekid-padjad-lisad-Lastemoobel-ja-sisustus_2-79d.jpg","contentUrl":"https:\/\/beebipood.ee\/wp-content\/uploads\/2016\/05\/Voodilina-beebivoodile-60x120-White-UUED-TOOTED-Voodipesu-Tekid-padjad-lisad-Lastemoobel-ja-sisustus_2-79d.jpg","width":850,"height":850},{"@type":"BreadcrumbList","@id":"https:\/\/beebipood.ee\/ru\/produkt\/voodilina-beebivoodile-60x120-white\/#breadcrumb","itemListElement":[{"@type":"ListItem","position":1,"name":"Home","item":"https:\/\/beebipood.ee\/ru\/"},{"@type":"ListItem","position":2,"name":"\u041a\u0430\u0442\u0430\u043b\u043e\u0433 \u0442\u043e\u0432\u0430\u0440\u043e\u0432","item":"https:\/\/beebipood.ee\/tooted\/"},{"@type":"ListItem","position":3,"name":"Voodilina beebivoodile 60&#215;120, White"}]},{"@type":"WebSite","@id":"https:\/\/beebipood.ee\/ru\/#website","url":"https:\/\/beebipood.ee\/ru\/","name":"Beebipood","description":"Lastekaubad, beebikaubad, m\u00e4nguasjad","publisher":{"@id":"https:\/\/beebipood.ee\/ru\/#organization"},"potentialAction":[{"@type":"SearchAction","target":{"@type":"EntryPoint","urlTemplate":"https:\/\/beebipood.ee\/ru\/?s={search_term_string}"},"query-input":{"@type":"PropertyValueSpecification","valueRequired":true,"valueName":"search_term_string"}}],"inLanguage":"ru-RU"},{"@type":"Organization","@id":"https:\/\/beebipood.ee\/ru\/#organization","name":"Beebipood","url":"https:\/\/beebipood.ee\/ru\/","logo":{"@type":"ImageObject","inLanguage":"ru-RU","@id":"https:\/\/beebipood.ee\/ru\/#\/schema\/logo\/image\/","url":"https:\/\/beebipood.ee\/wp-content\/uploads\/2025\/03\/beebipood.ee-logo-1.svg","contentUrl":"https:\/\/beebipood.ee\/wp-content\/uploads\/2025\/03\/beebipood.ee-logo-1.svg","caption":"Beebipood"},"image":{"@id":"https:\/\/beebipood.ee\/ru\/#\/schema\/logo\/image\/"}}]}},"brands":[{"id":11946,"name":"Klups","slug":"klups-ru"}],"_links":{"self":[{"href":"https:\/\/beebipood.ee\/ru\/wp-json\/wp\/v2\/product\/456884","targetHints":{"allow":["GET"]}}],"collection":[{"href":"https:\/\/beebipood.ee\/ru\/wp-json\/wp\/v2\/product"}],"about":[{"href":"https:\/\/beebipood.ee\/ru\/wp-json\/wp\/v2\/types\/product"}],"wp:featuredmedia":[{"embeddable":true,"href":"https:\/\/beebipood.ee\/ru\/wp-json\/wp\/v2\/media\/111403"}],"wp:attachment":[{"href":"https:\/\/beebipood.ee\/ru\/wp-json\/wp\/v2\/media?parent=456884"}],"wp:term":[{"taxonomy":"pwb-brand","embeddable":true,"href":"https:\/\/beebipood.ee\/ru\/wp-json\/wp\/v2\/pwb-brand?post=456884"},{"taxonomy":"product_brand","embeddable":true,"href":"https:\/\/beebipood.ee\/ru\/wp-json\/wp\/v2\/product_brand?post=456884"},{"taxonomy":"product_cat","embeddable":true,"href":"https:\/\/beebipood.ee\/ru\/wp-json\/wp\/v2\/product_cat?post=456884"},{"taxonomy":"product_tag","embeddable":true,"href":"https:\/\/beebipood.ee\/ru\/wp-json\/wp\/v2\/product_tag?post=456884"}],"curies":[{"name":"wp","href":"https:\/\/api.w.org\/{rel}","templated":true}]}}