{"id":456950,"date":"2016-05-16T07:32:59","date_gmt":"2016-05-16T04:32:59","guid":{"rendered":"https:\/\/beebipood.ee\/toode\/bebe-jou-sense-vannivoolik\/"},"modified":"2025-01-09T10:50:09","modified_gmt":"2025-01-09T08:50:09","slug":"bebe-jou-sense-vannivoolik","status":"publish","type":"product","link":"https:\/\/beebipood.ee\/ru\/produkt\/bebe-jou-sense-vannivoolik\/","title":{"rendered":"Bebe-Jou Sense vannivoolik"},"content":{"rendered":"<p>Bebe-jou Sense beebivanni jaoks m\u00f5eldud vannivoolik.<br \/>Praktiline \u00fchendus, mida on lihtne k\u00fclge keerata.<br \/><span style=\"text-decoration: underline;\"><br \/>Omadused<\/span><br \/>\u00dchendub keeratava korgi abil vannip\u00f5hja k\u00fclge<br \/>Plastikust \u00e4ravoolutoru v\u00f5imaldab vanni lihtsasti t\u00fchjendada soovitud kohta<br \/>M\u00f5eldud kasutamiseks bebe-jou Sense ja Sense Edition beebivanniga <br \/>(ei sobi tavalisele bebe-jou beebivannile)<\/p>\n","protected":false},"excerpt":{"rendered":"<p>Bebe-jou Sense beebivanni jaoks m\u00f5eldud vannivoolik.Praktiline \u00fchendus, mida on lihtne k\u00fclge keerata.Omadused\u00dchendub keeratava korgi abil vannip\u00f5hja k\u00fclgePlastikust \u00e4ravoolutoru v\u00f5imaldab vanni lihtsasti t\u00fchjendada soovitud kohtaM\u00f5eldud kasutamiseks bebe-jou Sense ja Sense Edition beebivanniga (ei sobi tavalisele bebe-jou beebivannile)<\/p>\n","protected":false},"featured_media":111695,"template":"","meta":{"_acf_changed":false},"pwb-brand":[],"product_brand":[],"product_cat":[11811,11709],"product_tag":[],"class_list":{"0":"post-456950","1":"product","2":"type-product","3":"status-publish","4":"has-post-thumbnail","6":"product_cat-vannid-ja-vannitarbed-ru","7":"product_cat-sootmistoolid-beebi-ja-lastetarbed-mahkimine-hugieen-ru","9":"first","10":"onbackorder","11":"taxable","12":"shipping-taxable","13":"purchasable","14":"product-type-simple"},"exclude_global_add_ons":[],"addons":[],"acf":[],"yoast_head":"<!-- This site is optimized with the Yoast SEO plugin v27.3 - https:\/\/yoast.com\/product\/yoast-seo-wordpress\/ -->\n<title>Bebe-Jou Sense vannivoolik , \u041d\u041e\u0412\u042b\u0415 \u0422\u041e\u0412\u0410\u0420\u042b, \u041f\u0440\u0438\u043d\u0430\u0434\u043b\u0435\u0436\u043d\u043e\u0441\u0442\u0438 \u0434\u043b\u044f \u043c\u043b\u0430\u0434\u0435\u043d\u0446\u0435\u0432, \u0412\u0430\u043d\u043d\u044b \u0438 \u0430\u043a\u0441\u0435\u0441\u0441\u0443\u0430\u0440\u044b, Beebipood<\/title>\n<meta name=\"description\" content=\"Bebe-Jou Sense vannivoolik , Bebe-jou Sense beebivanni jaoks m&otilde;eldud vannivoolik.Praktiline &uuml;hendus, mida on lihtne k&uuml;lge keerata.&lt;br\" \/>\n<meta name=\"robots\" content=\"index, follow, max-snippet:-1, max-image-preview:large, max-video-preview:-1\" \/>\n<link rel=\"canonical\" href=\"https:\/\/beebipood.ee\/ru\/produkt\/bebe-jou-sense-vannivoolik\/\" \/>\n<meta property=\"og:locale\" content=\"ru_RU\" \/>\n<meta property=\"og:type\" content=\"article\" \/>\n<meta property=\"og:title\" content=\"Bebe-Jou Sense vannivoolik , \u041d\u041e\u0412\u042b\u0415 \u0422\u041e\u0412\u0410\u0420\u042b, \u041f\u0440\u0438\u043d\u0430\u0434\u043b\u0435\u0436\u043d\u043e\u0441\u0442\u0438 \u0434\u043b\u044f \u043c\u043b\u0430\u0434\u0435\u043d\u0446\u0435\u0432, \u0412\u0430\u043d\u043d\u044b \u0438 \u0430\u043a\u0441\u0435\u0441\u0441\u0443\u0430\u0440\u044b, Beebipood\" \/>\n<meta property=\"og:description\" content=\"Bebe-Jou Sense vannivoolik , Bebe-jou Sense beebivanni jaoks m&otilde;eldud vannivoolik.Praktiline &uuml;hendus, mida on lihtne k&uuml;lge keerata.&lt;br\" \/>\n<meta property=\"og:url\" content=\"https:\/\/beebipood.ee\/ru\/produkt\/bebe-jou-sense-vannivoolik\/\" \/>\n<meta property=\"og:site_name\" content=\"Beebipood\" \/>\n<meta property=\"article:modified_time\" content=\"2025-01-09T08:50:09+00:00\" \/>\n<meta property=\"og:image\" content=\"https:\/\/beebipood.ee\/wp-content\/uploads\/2016\/05\/Bebejou-Sense-vannivoolik-UUED-TOOTED-Beebi-ja-lastetarbed-Vannid-ja-vannitarbed_1-7af.jpg\" \/>\n\t<meta property=\"og:image:width\" content=\"1440\" \/>\n\t<meta property=\"og:image:height\" content=\"900\" \/>\n\t<meta property=\"og:image:type\" content=\"image\/jpeg\" \/>\n<meta name=\"twitter:card\" content=\"summary_large_image\" \/>\n<script type=\"application\/ld+json\" class=\"yoast-schema-graph\">{\"@context\":\"https:\\\/\\\/schema.org\",\"@graph\":[{\"@type\":\"WebPage\",\"@id\":\"https:\\\/\\\/beebipood.ee\\\/ru\\\/produkt\\\/bebe-jou-sense-vannivoolik\\\/\",\"url\":\"https:\\\/\\\/beebipood.ee\\\/ru\\\/produkt\\\/bebe-jou-sense-vannivoolik\\\/\",\"name\":\"Bebe-Jou Sense vannivoolik , \u041d\u041e\u0412\u042b\u0415 \u0422\u041e\u0412\u0410\u0420\u042b, \u041f\u0440\u0438\u043d\u0430\u0434\u043b\u0435\u0436\u043d\u043e\u0441\u0442\u0438 \u0434\u043b\u044f \u043c\u043b\u0430\u0434\u0435\u043d\u0446\u0435\u0432, \u0412\u0430\u043d\u043d\u044b \u0438 \u0430\u043a\u0441\u0435\u0441\u0441\u0443\u0430\u0440\u044b, Beebipood\",\"isPartOf\":{\"@id\":\"https:\\\/\\\/beebipood.ee\\\/ru\\\/#website\"},\"primaryImageOfPage\":{\"@id\":\"https:\\\/\\\/beebipood.ee\\\/ru\\\/produkt\\\/bebe-jou-sense-vannivoolik\\\/#primaryimage\"},\"image\":{\"@id\":\"https:\\\/\\\/beebipood.ee\\\/ru\\\/produkt\\\/bebe-jou-sense-vannivoolik\\\/#primaryimage\"},\"thumbnailUrl\":\"https:\\\/\\\/beebipood.ee\\\/wp-content\\\/uploads\\\/2016\\\/05\\\/Bebejou-Sense-vannivoolik-UUED-TOOTED-Beebi-ja-lastetarbed-Vannid-ja-vannitarbed_1-7af.jpg\",\"datePublished\":\"2016-05-16T04:32:59+00:00\",\"dateModified\":\"2025-01-09T08:50:09+00:00\",\"description\":\"Bebe-Jou Sense vannivoolik , Bebe-jou Sense beebivanni jaoks m&otilde;eldud vannivoolik.Praktiline &uuml;hendus, mida on lihtne k&uuml;lge keerata.&lt;br\",\"breadcrumb\":{\"@id\":\"https:\\\/\\\/beebipood.ee\\\/ru\\\/produkt\\\/bebe-jou-sense-vannivoolik\\\/#breadcrumb\"},\"inLanguage\":\"ru-RU\",\"potentialAction\":[{\"@type\":\"ReadAction\",\"target\":[\"https:\\\/\\\/beebipood.ee\\\/ru\\\/produkt\\\/bebe-jou-sense-vannivoolik\\\/\"]}]},{\"@type\":\"ImageObject\",\"inLanguage\":\"ru-RU\",\"@id\":\"https:\\\/\\\/beebipood.ee\\\/ru\\\/produkt\\\/bebe-jou-sense-vannivoolik\\\/#primaryimage\",\"url\":\"https:\\\/\\\/beebipood.ee\\\/wp-content\\\/uploads\\\/2016\\\/05\\\/Bebejou-Sense-vannivoolik-UUED-TOOTED-Beebi-ja-lastetarbed-Vannid-ja-vannitarbed_1-7af.jpg\",\"contentUrl\":\"https:\\\/\\\/beebipood.ee\\\/wp-content\\\/uploads\\\/2016\\\/05\\\/Bebejou-Sense-vannivoolik-UUED-TOOTED-Beebi-ja-lastetarbed-Vannid-ja-vannitarbed_1-7af.jpg\",\"width\":1440,\"height\":900},{\"@type\":\"BreadcrumbList\",\"@id\":\"https:\\\/\\\/beebipood.ee\\\/ru\\\/produkt\\\/bebe-jou-sense-vannivoolik\\\/#breadcrumb\",\"itemListElement\":[{\"@type\":\"ListItem\",\"position\":1,\"name\":\"Home\",\"item\":\"https:\\\/\\\/beebipood.ee\\\/ru\\\/\"},{\"@type\":\"ListItem\",\"position\":2,\"name\":\"\u041a\u0430\u0442\u0430\u043b\u043e\u0433 \u0442\u043e\u0432\u0430\u0440\u043e\u0432\",\"item\":\"https:\\\/\\\/beebipood.ee\\\/tooted\\\/\"},{\"@type\":\"ListItem\",\"position\":3,\"name\":\"Bebe-Jou Sense vannivoolik\"}]},{\"@type\":\"WebSite\",\"@id\":\"https:\\\/\\\/beebipood.ee\\\/ru\\\/#website\",\"url\":\"https:\\\/\\\/beebipood.ee\\\/ru\\\/\",\"name\":\"Beebipood\",\"description\":\"Lastekaubad, beebikaubad, m\u00e4nguasjad\",\"publisher\":{\"@id\":\"https:\\\/\\\/beebipood.ee\\\/ru\\\/#organization\"},\"potentialAction\":[{\"@type\":\"SearchAction\",\"target\":{\"@type\":\"EntryPoint\",\"urlTemplate\":\"https:\\\/\\\/beebipood.ee\\\/ru\\\/?s={search_term_string}\"},\"query-input\":{\"@type\":\"PropertyValueSpecification\",\"valueRequired\":true,\"valueName\":\"search_term_string\"}}],\"inLanguage\":\"ru-RU\"},{\"@type\":\"Organization\",\"@id\":\"https:\\\/\\\/beebipood.ee\\\/ru\\\/#organization\",\"name\":\"Beebipood\",\"url\":\"https:\\\/\\\/beebipood.ee\\\/ru\\\/\",\"logo\":{\"@type\":\"ImageObject\",\"inLanguage\":\"ru-RU\",\"@id\":\"https:\\\/\\\/beebipood.ee\\\/ru\\\/#\\\/schema\\\/logo\\\/image\\\/\",\"url\":\"https:\\\/\\\/beebipood.ee\\\/wp-content\\\/uploads\\\/2025\\\/03\\\/beebipood.ee-logo-1.svg\",\"contentUrl\":\"https:\\\/\\\/beebipood.ee\\\/wp-content\\\/uploads\\\/2025\\\/03\\\/beebipood.ee-logo-1.svg\",\"caption\":\"Beebipood\"},\"image\":{\"@id\":\"https:\\\/\\\/beebipood.ee\\\/ru\\\/#\\\/schema\\\/logo\\\/image\\\/\"}}]}<\/script>\n<!-- \/ Yoast SEO plugin. -->","yoast_head_json":{"title":"Bebe-Jou Sense vannivoolik , \u041d\u041e\u0412\u042b\u0415 \u0422\u041e\u0412\u0410\u0420\u042b, \u041f\u0440\u0438\u043d\u0430\u0434\u043b\u0435\u0436\u043d\u043e\u0441\u0442\u0438 \u0434\u043b\u044f \u043c\u043b\u0430\u0434\u0435\u043d\u0446\u0435\u0432, \u0412\u0430\u043d\u043d\u044b \u0438 \u0430\u043a\u0441\u0435\u0441\u0441\u0443\u0430\u0440\u044b, Beebipood","description":"Bebe-Jou Sense vannivoolik , Bebe-jou Sense beebivanni jaoks m&otilde;eldud vannivoolik.Praktiline &uuml;hendus, mida on lihtne k&uuml;lge keerata.&lt;br","robots":{"index":"index","follow":"follow","max-snippet":"max-snippet:-1","max-image-preview":"max-image-preview:large","max-video-preview":"max-video-preview:-1"},"canonical":"https:\/\/beebipood.ee\/ru\/produkt\/bebe-jou-sense-vannivoolik\/","og_locale":"ru_RU","og_type":"article","og_title":"Bebe-Jou Sense vannivoolik , \u041d\u041e\u0412\u042b\u0415 \u0422\u041e\u0412\u0410\u0420\u042b, \u041f\u0440\u0438\u043d\u0430\u0434\u043b\u0435\u0436\u043d\u043e\u0441\u0442\u0438 \u0434\u043b\u044f \u043c\u043b\u0430\u0434\u0435\u043d\u0446\u0435\u0432, \u0412\u0430\u043d\u043d\u044b \u0438 \u0430\u043a\u0441\u0435\u0441\u0441\u0443\u0430\u0440\u044b, Beebipood","og_description":"Bebe-Jou Sense vannivoolik , Bebe-jou Sense beebivanni jaoks m&otilde;eldud vannivoolik.Praktiline &uuml;hendus, mida on lihtne k&uuml;lge keerata.&lt;br","og_url":"https:\/\/beebipood.ee\/ru\/produkt\/bebe-jou-sense-vannivoolik\/","og_site_name":"Beebipood","article_modified_time":"2025-01-09T08:50:09+00:00","og_image":[{"width":1440,"height":900,"url":"https:\/\/beebipood.ee\/wp-content\/uploads\/2016\/05\/Bebejou-Sense-vannivoolik-UUED-TOOTED-Beebi-ja-lastetarbed-Vannid-ja-vannitarbed_1-7af.jpg","type":"image\/jpeg"}],"twitter_card":"summary_large_image","schema":{"@context":"https:\/\/schema.org","@graph":[{"@type":"WebPage","@id":"https:\/\/beebipood.ee\/ru\/produkt\/bebe-jou-sense-vannivoolik\/","url":"https:\/\/beebipood.ee\/ru\/produkt\/bebe-jou-sense-vannivoolik\/","name":"Bebe-Jou Sense vannivoolik , \u041d\u041e\u0412\u042b\u0415 \u0422\u041e\u0412\u0410\u0420\u042b, \u041f\u0440\u0438\u043d\u0430\u0434\u043b\u0435\u0436\u043d\u043e\u0441\u0442\u0438 \u0434\u043b\u044f \u043c\u043b\u0430\u0434\u0435\u043d\u0446\u0435\u0432, \u0412\u0430\u043d\u043d\u044b \u0438 \u0430\u043a\u0441\u0435\u0441\u0441\u0443\u0430\u0440\u044b, Beebipood","isPartOf":{"@id":"https:\/\/beebipood.ee\/ru\/#website"},"primaryImageOfPage":{"@id":"https:\/\/beebipood.ee\/ru\/produkt\/bebe-jou-sense-vannivoolik\/#primaryimage"},"image":{"@id":"https:\/\/beebipood.ee\/ru\/produkt\/bebe-jou-sense-vannivoolik\/#primaryimage"},"thumbnailUrl":"https:\/\/beebipood.ee\/wp-content\/uploads\/2016\/05\/Bebejou-Sense-vannivoolik-UUED-TOOTED-Beebi-ja-lastetarbed-Vannid-ja-vannitarbed_1-7af.jpg","datePublished":"2016-05-16T04:32:59+00:00","dateModified":"2025-01-09T08:50:09+00:00","description":"Bebe-Jou Sense vannivoolik , Bebe-jou Sense beebivanni jaoks m&otilde;eldud vannivoolik.Praktiline &uuml;hendus, mida on lihtne k&uuml;lge keerata.&lt;br","breadcrumb":{"@id":"https:\/\/beebipood.ee\/ru\/produkt\/bebe-jou-sense-vannivoolik\/#breadcrumb"},"inLanguage":"ru-RU","potentialAction":[{"@type":"ReadAction","target":["https:\/\/beebipood.ee\/ru\/produkt\/bebe-jou-sense-vannivoolik\/"]}]},{"@type":"ImageObject","inLanguage":"ru-RU","@id":"https:\/\/beebipood.ee\/ru\/produkt\/bebe-jou-sense-vannivoolik\/#primaryimage","url":"https:\/\/beebipood.ee\/wp-content\/uploads\/2016\/05\/Bebejou-Sense-vannivoolik-UUED-TOOTED-Beebi-ja-lastetarbed-Vannid-ja-vannitarbed_1-7af.jpg","contentUrl":"https:\/\/beebipood.ee\/wp-content\/uploads\/2016\/05\/Bebejou-Sense-vannivoolik-UUED-TOOTED-Beebi-ja-lastetarbed-Vannid-ja-vannitarbed_1-7af.jpg","width":1440,"height":900},{"@type":"BreadcrumbList","@id":"https:\/\/beebipood.ee\/ru\/produkt\/bebe-jou-sense-vannivoolik\/#breadcrumb","itemListElement":[{"@type":"ListItem","position":1,"name":"Home","item":"https:\/\/beebipood.ee\/ru\/"},{"@type":"ListItem","position":2,"name":"\u041a\u0430\u0442\u0430\u043b\u043e\u0433 \u0442\u043e\u0432\u0430\u0440\u043e\u0432","item":"https:\/\/beebipood.ee\/tooted\/"},{"@type":"ListItem","position":3,"name":"Bebe-Jou Sense vannivoolik"}]},{"@type":"WebSite","@id":"https:\/\/beebipood.ee\/ru\/#website","url":"https:\/\/beebipood.ee\/ru\/","name":"Beebipood","description":"Lastekaubad, beebikaubad, m\u00e4nguasjad","publisher":{"@id":"https:\/\/beebipood.ee\/ru\/#organization"},"potentialAction":[{"@type":"SearchAction","target":{"@type":"EntryPoint","urlTemplate":"https:\/\/beebipood.ee\/ru\/?s={search_term_string}"},"query-input":{"@type":"PropertyValueSpecification","valueRequired":true,"valueName":"search_term_string"}}],"inLanguage":"ru-RU"},{"@type":"Organization","@id":"https:\/\/beebipood.ee\/ru\/#organization","name":"Beebipood","url":"https:\/\/beebipood.ee\/ru\/","logo":{"@type":"ImageObject","inLanguage":"ru-RU","@id":"https:\/\/beebipood.ee\/ru\/#\/schema\/logo\/image\/","url":"https:\/\/beebipood.ee\/wp-content\/uploads\/2025\/03\/beebipood.ee-logo-1.svg","contentUrl":"https:\/\/beebipood.ee\/wp-content\/uploads\/2025\/03\/beebipood.ee-logo-1.svg","caption":"Beebipood"},"image":{"@id":"https:\/\/beebipood.ee\/ru\/#\/schema\/logo\/image\/"}}]}},"brands":[],"_links":{"self":[{"href":"https:\/\/beebipood.ee\/ru\/wp-json\/wp\/v2\/product\/456950","targetHints":{"allow":["GET"]}}],"collection":[{"href":"https:\/\/beebipood.ee\/ru\/wp-json\/wp\/v2\/product"}],"about":[{"href":"https:\/\/beebipood.ee\/ru\/wp-json\/wp\/v2\/types\/product"}],"wp:featuredmedia":[{"embeddable":true,"href":"https:\/\/beebipood.ee\/ru\/wp-json\/wp\/v2\/media\/111695"}],"wp:attachment":[{"href":"https:\/\/beebipood.ee\/ru\/wp-json\/wp\/v2\/media?parent=456950"}],"wp:term":[{"taxonomy":"pwb-brand","embeddable":true,"href":"https:\/\/beebipood.ee\/ru\/wp-json\/wp\/v2\/pwb-brand?post=456950"},{"taxonomy":"product_brand","embeddable":true,"href":"https:\/\/beebipood.ee\/ru\/wp-json\/wp\/v2\/product_brand?post=456950"},{"taxonomy":"product_cat","embeddable":true,"href":"https:\/\/beebipood.ee\/ru\/wp-json\/wp\/v2\/product_cat?post=456950"},{"taxonomy":"product_tag","embeddable":true,"href":"https:\/\/beebipood.ee\/ru\/wp-json\/wp\/v2\/product_tag?post=456950"}],"curies":[{"name":"wp","href":"https:\/\/api.w.org\/{rel}","templated":true}]}}