{"id":456964,"date":"2016-05-17T06:36:52","date_gmt":"2016-05-17T03:36:52","guid":{"rendered":"https:\/\/beebipood.ee\/toode\/bebe-jou-sense-edition-beebivann-ja-sense-vannijalad-varvivalik\/"},"modified":"2025-01-09T10:50:08","modified_gmt":"2025-01-09T08:50:08","slug":"bebe-jou-sense-edition-beebivann-ja-sense-vannijalad-varvivalik","status":"publish","type":"product","link":"https:\/\/beebipood.ee\/ru\/produkt\/bebe-jou-sense-edition-beebivann-ja-sense-vannijalad-varvivalik\/","title":{"rendered":"Bebe-Jou Sense Edition beebivann ja Sense vannijalad, v\u00e4rvivalik"},"content":{"rendered":"<p>Sense Edition beebivann on t\u00e4iustatud uuendusliku digitaalse termomeetriga.<br \/>Integreeritud vannikork m\u00f5\u00f5dab nii vee- kui ka toatemperatuuri.<br \/>Selliselt saad sa olla kindel, et m\u00f5lemad tempertuurid on alati sobivad \u00fcksk\u00f5ik,<br \/>kus toas vann parasjagu asub. Info kuvatakse puutetundlikul ekraanil,<br \/>mis on varustatud LED-mooduliga. Sellel s\u00fcsteemil on veel lisaks ka taimer (10min),<br \/>mis aitab sul v\u00e4ltida liiga pikalt vannis olemist ning beebi naha kuivaks muutumist.<br \/><span style=\"text-decoration: underline;\">Omadused<\/span><br \/>\u00dcmarate kurvidega, et oleks lihtsam puhastada<br \/>Varustatud digitaalse termomeetriga, millel on olemas ka taimer<br \/>Puutetundlik ekraan v\u00f5imaldab sul kontrollida nii vee- kui ka toatemperatuuri<br \/>Taimerit on v\u00f5imalik seada maksimaalselt 10 minuti peale<br \/>Vannikork on varustatud sensoritega, mis annab infot termomeetrile<br \/>Kinnitub bebe-jou Sense vannijalgade k\u00fclge (eraldi saadaval)<br \/>Lihtsasti t\u00fchjendatav t\u00e4nu Sense vannivoolikule (eraldi saadaval)<br \/>Ei kinnitu tavaliste bebe-jou vannijalgade k\u00fclge<br \/><span style=\"text-decoration: underline;\">N\u00e4itajad<\/span><br \/>V\u00e4lism\u00f5\u00f5dud 80 x 40 x 24-30cm (pikkus, laius, k\u00f5rgus)<br \/>P\u00f5hjam\u00f5\u00f5dud 50 x 26cm (pikkus, laius)<\/p>\n<p>\u00dclimalt stabiilsed Sense vannijalad on valmistatud lakitud p\u00f6\u00f6gist (FSC-sertifikaadiga).<br \/>See annab vannijalgadele kaasaegse ning hubase v\u00e4limuse.<br \/>M\u00f5\u00f5dud 83 x 49 x 60cm (k\u00f5rgus, laius, pikkus)<br \/><span style=\"text-decoration: underline;\">Omadused<\/span><br \/>Plastiku ja puidu kombinatsioon<br \/>FSC-sertifikaadiga p\u00f6\u00f6gipuit<br \/>R\u00e4tikuhoidja<br \/>Mahukas plastikust kandik, et hoiustada svammi, pesulappi, \u0161ampoone jms<br \/>Uuenduslik kinnitamis\u00fcsteem kl\u00f5psatusega (click-on)<br \/>Vann kinnitub turvaliselt jalgade k\u00fclge<br \/>Bebe-jou Sense vannijalgade k\u00fclge kinnitub ainult Sense beebivann,<br \/>mitte tavaline bebe-jou beebivann<br \/><span style=\"text-decoration: underline;\">N\u00e4itajad<\/span><br \/>M\u00f5\u00f5dud: 83 x 49 x 60cm (k\u00f5rgus, laius, pikkus)<\/p>\n","protected":false},"excerpt":{"rendered":"<p>Sense Edition beebivann on t\u00e4iustatud uuendusliku digitaalse termomeetriga.Integreeritud vannikork m\u00f5\u00f5dab nii vee- kui ka toatemperatuuri.Selliselt saad sa olla kindel, et m\u00f5lemad tempertuurid on alati sobivad \u00fcksk\u00f5ik,kus toas vann parasjagu asub. Info kuvatakse puutetundlikul ekraanil,mis on varustatud LED-mooduliga. Sellel s\u00fcsteemil on veel lisaks ka taimer (10min),mis aitab sul v\u00e4ltida liiga pikalt vannis olemist ning beebi naha [&hellip;]<\/p>\n","protected":false},"featured_media":111776,"template":"","meta":{"_acf_changed":false},"pwb-brand":[],"product_brand":[],"product_cat":[11811,11709],"product_tag":[],"class_list":{"0":"post-456964","1":"product","2":"type-product","3":"status-publish","4":"has-post-thumbnail","6":"product_cat-vannid-ja-vannitarbed-ru","7":"product_cat-sootmistoolid-beebi-ja-lastetarbed-mahkimine-hugieen-ru","9":"first","10":"onbackorder","11":"taxable","12":"shipping-taxable","13":"purchasable","14":"product-type-simple"},"exclude_global_add_ons":false,"addons":[{"name":"Vali vanni v\u00e4rv","type":"multiple_choice","position":1,"required":true,"title_format":"heading","default":"","description_enable":false,"description":"","placeholder_enable":false,"placeholder":"","display":"images","restrictions_type":"any_text","adjust_price":false,"price":"","price_type":"flat_fee","restrictions":false,"min":"0","max":"0","options":[{"label":"White","price":"","price_type":"quantity_based","image":501549,"visibility":true},{"label":"Light Grey","price":"","price_type":"quantity_based","image":501551,"visibility":true},{"label":"Griffin Grey","price":"","price_type":"quantity_based","image":501553,"visibility":true},{"label":"Celestial Blue","price":"","price_type":"quantity_based","image":501555,"visibility":true},{"label":"Sky Green","price":"","price_type":"quantity_based","image":501557,"visibility":true},{"label":"Taupe","price":"","price_type":"quantity_based","image":501559,"visibility":true},{"label":"Mellow Rose","price":"","price_type":"quantity_based","image":501561,"visibility":true},{"label":"Breeze Green","price":"","price_type":"quantity_based","image":501563,"visibility":true}]},{"name":"Vali vannijalgade v\u00e4rv","type":"multiple_choice","position":2,"required":true,"title_format":"heading","default":"","description_enable":false,"description":"","placeholder_enable":false,"placeholder":"","display":"images","restrictions_type":"any_text","adjust_price":false,"price":"","price_type":"flat_fee","restrictions":false,"min":"0","max":"0","options":[{"label":"White","price":"","price_type":"quantity_based","image":501565,"visibility":true},{"label":"Celestial Blue","price":"","price_type":"quantity_based","image":501567,"visibility":true},{"label":"Griffin Grey","price":"","price_type":"quantity_based","image":501569,"visibility":true},{"label":"Mellow Rose","price":"","price_type":"quantity_based","image":501571,"visibility":true},{"label":"Sky Green","price":"","price_type":"quantity_based","image":501573,"visibility":true},{"label":"Breeze Green","price":"","price_type":"quantity_based","image":501575,"visibility":true}]},{"name":"Vali vannivoolik Sense","type":"multiple_choice","position":3,"required":true,"title_format":"heading","default":"","description_enable":false,"description":"","placeholder_enable":false,"placeholder":"","display":"images","restrictions_type":"any_text","adjust_price":false,"price":"","price_type":"flat_fee","restrictions":false,"min":"0","max":"0","options":[{"label":"Soovin vannivoolik ut","price":"6.9500","price_type":"quantity_based","image":501577,"visibility":true},{"label":"Ei soovi vannivoolikut","price":"","price_type":"quantity_based","image":0,"visibility":true}]}],"acf":[],"yoast_head":"<!-- This site is optimized with the Yoast SEO plugin v27.3 - https:\/\/yoast.com\/product\/yoast-seo-wordpress\/ -->\n<title>Bebe-Jou Sense Edition beebivann ja Sense vannijalad, v\u00e4rvivalik, \u041f\u0440\u0438\u043d\u0430\u0434\u043b\u0435\u0436\u043d\u043e\u0441\u0442\u0438 \u0434\u043b\u044f \u043c\u043b\u0430\u0434\u0435\u043d\u0446\u0435\u0432, \u0412\u0430\u043d\u043d\u044b \u0438 \u0430\u043a\u0441\u0435\u0441\u0441\u0443\u0430\u0440\u044b, Beebipood<\/title>\n<meta name=\"description\" content=\"Bebe-Jou Sense Edition beebivann ja Sense vannijalad, v\u00e4rvivalik, Sense Edition beebivann on t&auml;iustatud uuendusliku digitaalse termomeetriga.Inte\" \/>\n<meta name=\"robots\" content=\"index, follow, max-snippet:-1, max-image-preview:large, max-video-preview:-1\" \/>\n<link rel=\"canonical\" href=\"https:\/\/beebipood.ee\/ru\/produkt\/bebe-jou-sense-edition-beebivann-ja-sense-vannijalad-varvivalik\/\" \/>\n<meta property=\"og:locale\" content=\"ru_RU\" \/>\n<meta property=\"og:type\" content=\"article\" \/>\n<meta property=\"og:title\" content=\"Bebe-Jou Sense Edition beebivann ja Sense vannijalad, v\u00e4rvivalik, \u041f\u0440\u0438\u043d\u0430\u0434\u043b\u0435\u0436\u043d\u043e\u0441\u0442\u0438 \u0434\u043b\u044f \u043c\u043b\u0430\u0434\u0435\u043d\u0446\u0435\u0432, \u0412\u0430\u043d\u043d\u044b \u0438 \u0430\u043a\u0441\u0435\u0441\u0441\u0443\u0430\u0440\u044b, Beebipood\" \/>\n<meta property=\"og:description\" content=\"Bebe-Jou Sense Edition beebivann ja Sense vannijalad, v\u00e4rvivalik, Sense Edition beebivann on t&auml;iustatud uuendusliku digitaalse termomeetriga.Inte\" \/>\n<meta property=\"og:url\" content=\"https:\/\/beebipood.ee\/ru\/produkt\/bebe-jou-sense-edition-beebivann-ja-sense-vannijalad-varvivalik\/\" \/>\n<meta property=\"og:site_name\" content=\"Beebipood\" \/>\n<meta property=\"article:modified_time\" content=\"2025-01-09T08:50:08+00:00\" \/>\n<meta name=\"twitter:card\" content=\"summary_large_image\" \/>\n<meta name=\"twitter:label1\" content=\"\u041f\u0440\u0438\u043c\u0435\u0440\u043d\u043e\u0435 \u0432\u0440\u0435\u043c\u044f \u0434\u043b\u044f \u0447\u0442\u0435\u043d\u0438\u044f\" \/>\n\t<meta name=\"twitter:data1\" content=\"1 \u043c\u0438\u043d\u0443\u0442\u0430\" \/>\n<script type=\"application\/ld+json\" class=\"yoast-schema-graph\">{\"@context\":\"https:\\\/\\\/schema.org\",\"@graph\":[{\"@type\":\"WebPage\",\"@id\":\"https:\\\/\\\/beebipood.ee\\\/ru\\\/produkt\\\/bebe-jou-sense-edition-beebivann-ja-sense-vannijalad-varvivalik\\\/\",\"url\":\"https:\\\/\\\/beebipood.ee\\\/ru\\\/produkt\\\/bebe-jou-sense-edition-beebivann-ja-sense-vannijalad-varvivalik\\\/\",\"name\":\"Bebe-Jou Sense Edition beebivann ja Sense vannijalad, v\u00e4rvivalik, \u041f\u0440\u0438\u043d\u0430\u0434\u043b\u0435\u0436\u043d\u043e\u0441\u0442\u0438 \u0434\u043b\u044f \u043c\u043b\u0430\u0434\u0435\u043d\u0446\u0435\u0432, \u0412\u0430\u043d\u043d\u044b \u0438 \u0430\u043a\u0441\u0435\u0441\u0441\u0443\u0430\u0440\u044b, Beebipood\",\"isPartOf\":{\"@id\":\"https:\\\/\\\/beebipood.ee\\\/ru\\\/#website\"},\"primaryImageOfPage\":{\"@id\":\"https:\\\/\\\/beebipood.ee\\\/ru\\\/produkt\\\/bebe-jou-sense-edition-beebivann-ja-sense-vannijalad-varvivalik\\\/#primaryimage\"},\"image\":{\"@id\":\"https:\\\/\\\/beebipood.ee\\\/ru\\\/produkt\\\/bebe-jou-sense-edition-beebivann-ja-sense-vannijalad-varvivalik\\\/#primaryimage\"},\"thumbnailUrl\":\"https:\\\/\\\/beebipood.ee\\\/wp-content\\\/uploads\\\/2016\\\/05\\\/BebeJou-Sense-Edition-beebivann-ja-Sense-vannijalad-varvivalik-Voodipesu-Komplekt-5osa-Lastemoobel-ja-sisustus_3-49d.jpg\",\"datePublished\":\"2016-05-17T03:36:52+00:00\",\"dateModified\":\"2025-01-09T08:50:08+00:00\",\"description\":\"Bebe-Jou Sense Edition beebivann ja Sense vannijalad, v\u00e4rvivalik, Sense Edition beebivann on t&auml;iustatud uuendusliku digitaalse termomeetriga.Inte\",\"breadcrumb\":{\"@id\":\"https:\\\/\\\/beebipood.ee\\\/ru\\\/produkt\\\/bebe-jou-sense-edition-beebivann-ja-sense-vannijalad-varvivalik\\\/#breadcrumb\"},\"inLanguage\":\"ru-RU\",\"potentialAction\":[{\"@type\":\"ReadAction\",\"target\":[\"https:\\\/\\\/beebipood.ee\\\/ru\\\/produkt\\\/bebe-jou-sense-edition-beebivann-ja-sense-vannijalad-varvivalik\\\/\"]}]},{\"@type\":\"ImageObject\",\"inLanguage\":\"ru-RU\",\"@id\":\"https:\\\/\\\/beebipood.ee\\\/ru\\\/produkt\\\/bebe-jou-sense-edition-beebivann-ja-sense-vannijalad-varvivalik\\\/#primaryimage\",\"url\":\"https:\\\/\\\/beebipood.ee\\\/wp-content\\\/uploads\\\/2016\\\/05\\\/BebeJou-Sense-Edition-beebivann-ja-Sense-vannijalad-varvivalik-Voodipesu-Komplekt-5osa-Lastemoobel-ja-sisustus_3-49d.jpg\",\"contentUrl\":\"https:\\\/\\\/beebipood.ee\\\/wp-content\\\/uploads\\\/2016\\\/05\\\/BebeJou-Sense-Edition-beebivann-ja-Sense-vannijalad-varvivalik-Voodipesu-Komplekt-5osa-Lastemoobel-ja-sisustus_3-49d.jpg\",\"width\":800,\"height\":1200},{\"@type\":\"BreadcrumbList\",\"@id\":\"https:\\\/\\\/beebipood.ee\\\/ru\\\/produkt\\\/bebe-jou-sense-edition-beebivann-ja-sense-vannijalad-varvivalik\\\/#breadcrumb\",\"itemListElement\":[{\"@type\":\"ListItem\",\"position\":1,\"name\":\"Home\",\"item\":\"https:\\\/\\\/beebipood.ee\\\/ru\\\/\"},{\"@type\":\"ListItem\",\"position\":2,\"name\":\"\u041a\u0430\u0442\u0430\u043b\u043e\u0433 \u0442\u043e\u0432\u0430\u0440\u043e\u0432\",\"item\":\"https:\\\/\\\/beebipood.ee\\\/tooted\\\/\"},{\"@type\":\"ListItem\",\"position\":3,\"name\":\"Bebe-Jou Sense Edition beebivann ja Sense vannijalad, v\u00e4rvivalik\"}]},{\"@type\":\"WebSite\",\"@id\":\"https:\\\/\\\/beebipood.ee\\\/ru\\\/#website\",\"url\":\"https:\\\/\\\/beebipood.ee\\\/ru\\\/\",\"name\":\"Beebipood\",\"description\":\"Lastekaubad, beebikaubad, m\u00e4nguasjad\",\"publisher\":{\"@id\":\"https:\\\/\\\/beebipood.ee\\\/ru\\\/#organization\"},\"potentialAction\":[{\"@type\":\"SearchAction\",\"target\":{\"@type\":\"EntryPoint\",\"urlTemplate\":\"https:\\\/\\\/beebipood.ee\\\/ru\\\/?s={search_term_string}\"},\"query-input\":{\"@type\":\"PropertyValueSpecification\",\"valueRequired\":true,\"valueName\":\"search_term_string\"}}],\"inLanguage\":\"ru-RU\"},{\"@type\":\"Organization\",\"@id\":\"https:\\\/\\\/beebipood.ee\\\/ru\\\/#organization\",\"name\":\"Beebipood\",\"url\":\"https:\\\/\\\/beebipood.ee\\\/ru\\\/\",\"logo\":{\"@type\":\"ImageObject\",\"inLanguage\":\"ru-RU\",\"@id\":\"https:\\\/\\\/beebipood.ee\\\/ru\\\/#\\\/schema\\\/logo\\\/image\\\/\",\"url\":\"https:\\\/\\\/beebipood.ee\\\/wp-content\\\/uploads\\\/2025\\\/03\\\/beebipood.ee-logo-1.svg\",\"contentUrl\":\"https:\\\/\\\/beebipood.ee\\\/wp-content\\\/uploads\\\/2025\\\/03\\\/beebipood.ee-logo-1.svg\",\"caption\":\"Beebipood\"},\"image\":{\"@id\":\"https:\\\/\\\/beebipood.ee\\\/ru\\\/#\\\/schema\\\/logo\\\/image\\\/\"}}]}<\/script>\n<!-- \/ Yoast SEO plugin. -->","yoast_head_json":{"title":"Bebe-Jou Sense Edition beebivann ja Sense vannijalad, v\u00e4rvivalik, \u041f\u0440\u0438\u043d\u0430\u0434\u043b\u0435\u0436\u043d\u043e\u0441\u0442\u0438 \u0434\u043b\u044f \u043c\u043b\u0430\u0434\u0435\u043d\u0446\u0435\u0432, \u0412\u0430\u043d\u043d\u044b \u0438 \u0430\u043a\u0441\u0435\u0441\u0441\u0443\u0430\u0440\u044b, Beebipood","description":"Bebe-Jou Sense Edition beebivann ja Sense vannijalad, v\u00e4rvivalik, Sense Edition beebivann on t&auml;iustatud uuendusliku digitaalse termomeetriga.Inte","robots":{"index":"index","follow":"follow","max-snippet":"max-snippet:-1","max-image-preview":"max-image-preview:large","max-video-preview":"max-video-preview:-1"},"canonical":"https:\/\/beebipood.ee\/ru\/produkt\/bebe-jou-sense-edition-beebivann-ja-sense-vannijalad-varvivalik\/","og_locale":"ru_RU","og_type":"article","og_title":"Bebe-Jou Sense Edition beebivann ja Sense vannijalad, v\u00e4rvivalik, \u041f\u0440\u0438\u043d\u0430\u0434\u043b\u0435\u0436\u043d\u043e\u0441\u0442\u0438 \u0434\u043b\u044f \u043c\u043b\u0430\u0434\u0435\u043d\u0446\u0435\u0432, \u0412\u0430\u043d\u043d\u044b \u0438 \u0430\u043a\u0441\u0435\u0441\u0441\u0443\u0430\u0440\u044b, Beebipood","og_description":"Bebe-Jou Sense Edition beebivann ja Sense vannijalad, v\u00e4rvivalik, Sense Edition beebivann on t&auml;iustatud uuendusliku digitaalse termomeetriga.Inte","og_url":"https:\/\/beebipood.ee\/ru\/produkt\/bebe-jou-sense-edition-beebivann-ja-sense-vannijalad-varvivalik\/","og_site_name":"Beebipood","article_modified_time":"2025-01-09T08:50:08+00:00","twitter_card":"summary_large_image","twitter_misc":{"\u041f\u0440\u0438\u043c\u0435\u0440\u043d\u043e\u0435 \u0432\u0440\u0435\u043c\u044f \u0434\u043b\u044f \u0447\u0442\u0435\u043d\u0438\u044f":"1 \u043c\u0438\u043d\u0443\u0442\u0430"},"schema":{"@context":"https:\/\/schema.org","@graph":[{"@type":"WebPage","@id":"https:\/\/beebipood.ee\/ru\/produkt\/bebe-jou-sense-edition-beebivann-ja-sense-vannijalad-varvivalik\/","url":"https:\/\/beebipood.ee\/ru\/produkt\/bebe-jou-sense-edition-beebivann-ja-sense-vannijalad-varvivalik\/","name":"Bebe-Jou Sense Edition beebivann ja Sense vannijalad, v\u00e4rvivalik, \u041f\u0440\u0438\u043d\u0430\u0434\u043b\u0435\u0436\u043d\u043e\u0441\u0442\u0438 \u0434\u043b\u044f \u043c\u043b\u0430\u0434\u0435\u043d\u0446\u0435\u0432, \u0412\u0430\u043d\u043d\u044b \u0438 \u0430\u043a\u0441\u0435\u0441\u0441\u0443\u0430\u0440\u044b, Beebipood","isPartOf":{"@id":"https:\/\/beebipood.ee\/ru\/#website"},"primaryImageOfPage":{"@id":"https:\/\/beebipood.ee\/ru\/produkt\/bebe-jou-sense-edition-beebivann-ja-sense-vannijalad-varvivalik\/#primaryimage"},"image":{"@id":"https:\/\/beebipood.ee\/ru\/produkt\/bebe-jou-sense-edition-beebivann-ja-sense-vannijalad-varvivalik\/#primaryimage"},"thumbnailUrl":"https:\/\/beebipood.ee\/wp-content\/uploads\/2016\/05\/BebeJou-Sense-Edition-beebivann-ja-Sense-vannijalad-varvivalik-Voodipesu-Komplekt-5osa-Lastemoobel-ja-sisustus_3-49d.jpg","datePublished":"2016-05-17T03:36:52+00:00","dateModified":"2025-01-09T08:50:08+00:00","description":"Bebe-Jou Sense Edition beebivann ja Sense vannijalad, v\u00e4rvivalik, Sense Edition beebivann on t&auml;iustatud uuendusliku digitaalse termomeetriga.Inte","breadcrumb":{"@id":"https:\/\/beebipood.ee\/ru\/produkt\/bebe-jou-sense-edition-beebivann-ja-sense-vannijalad-varvivalik\/#breadcrumb"},"inLanguage":"ru-RU","potentialAction":[{"@type":"ReadAction","target":["https:\/\/beebipood.ee\/ru\/produkt\/bebe-jou-sense-edition-beebivann-ja-sense-vannijalad-varvivalik\/"]}]},{"@type":"ImageObject","inLanguage":"ru-RU","@id":"https:\/\/beebipood.ee\/ru\/produkt\/bebe-jou-sense-edition-beebivann-ja-sense-vannijalad-varvivalik\/#primaryimage","url":"https:\/\/beebipood.ee\/wp-content\/uploads\/2016\/05\/BebeJou-Sense-Edition-beebivann-ja-Sense-vannijalad-varvivalik-Voodipesu-Komplekt-5osa-Lastemoobel-ja-sisustus_3-49d.jpg","contentUrl":"https:\/\/beebipood.ee\/wp-content\/uploads\/2016\/05\/BebeJou-Sense-Edition-beebivann-ja-Sense-vannijalad-varvivalik-Voodipesu-Komplekt-5osa-Lastemoobel-ja-sisustus_3-49d.jpg","width":800,"height":1200},{"@type":"BreadcrumbList","@id":"https:\/\/beebipood.ee\/ru\/produkt\/bebe-jou-sense-edition-beebivann-ja-sense-vannijalad-varvivalik\/#breadcrumb","itemListElement":[{"@type":"ListItem","position":1,"name":"Home","item":"https:\/\/beebipood.ee\/ru\/"},{"@type":"ListItem","position":2,"name":"\u041a\u0430\u0442\u0430\u043b\u043e\u0433 \u0442\u043e\u0432\u0430\u0440\u043e\u0432","item":"https:\/\/beebipood.ee\/tooted\/"},{"@type":"ListItem","position":3,"name":"Bebe-Jou Sense Edition beebivann ja Sense vannijalad, v\u00e4rvivalik"}]},{"@type":"WebSite","@id":"https:\/\/beebipood.ee\/ru\/#website","url":"https:\/\/beebipood.ee\/ru\/","name":"Beebipood","description":"Lastekaubad, beebikaubad, m\u00e4nguasjad","publisher":{"@id":"https:\/\/beebipood.ee\/ru\/#organization"},"potentialAction":[{"@type":"SearchAction","target":{"@type":"EntryPoint","urlTemplate":"https:\/\/beebipood.ee\/ru\/?s={search_term_string}"},"query-input":{"@type":"PropertyValueSpecification","valueRequired":true,"valueName":"search_term_string"}}],"inLanguage":"ru-RU"},{"@type":"Organization","@id":"https:\/\/beebipood.ee\/ru\/#organization","name":"Beebipood","url":"https:\/\/beebipood.ee\/ru\/","logo":{"@type":"ImageObject","inLanguage":"ru-RU","@id":"https:\/\/beebipood.ee\/ru\/#\/schema\/logo\/image\/","url":"https:\/\/beebipood.ee\/wp-content\/uploads\/2025\/03\/beebipood.ee-logo-1.svg","contentUrl":"https:\/\/beebipood.ee\/wp-content\/uploads\/2025\/03\/beebipood.ee-logo-1.svg","caption":"Beebipood"},"image":{"@id":"https:\/\/beebipood.ee\/ru\/#\/schema\/logo\/image\/"}}]}},"brands":[],"_links":{"self":[{"href":"https:\/\/beebipood.ee\/ru\/wp-json\/wp\/v2\/product\/456964","targetHints":{"allow":["GET"]}}],"collection":[{"href":"https:\/\/beebipood.ee\/ru\/wp-json\/wp\/v2\/product"}],"about":[{"href":"https:\/\/beebipood.ee\/ru\/wp-json\/wp\/v2\/types\/product"}],"wp:featuredmedia":[{"embeddable":true,"href":"https:\/\/beebipood.ee\/ru\/wp-json\/wp\/v2\/media\/111776"}],"wp:attachment":[{"href":"https:\/\/beebipood.ee\/ru\/wp-json\/wp\/v2\/media?parent=456964"}],"wp:term":[{"taxonomy":"pwb-brand","embeddable":true,"href":"https:\/\/beebipood.ee\/ru\/wp-json\/wp\/v2\/pwb-brand?post=456964"},{"taxonomy":"product_brand","embeddable":true,"href":"https:\/\/beebipood.ee\/ru\/wp-json\/wp\/v2\/product_brand?post=456964"},{"taxonomy":"product_cat","embeddable":true,"href":"https:\/\/beebipood.ee\/ru\/wp-json\/wp\/v2\/product_cat?post=456964"},{"taxonomy":"product_tag","embeddable":true,"href":"https:\/\/beebipood.ee\/ru\/wp-json\/wp\/v2\/product_tag?post=456964"}],"curies":[{"name":"wp","href":"https:\/\/api.w.org\/{rel}","templated":true}]}}