{"id":456976,"date":"2016-05-19T12:20:43","date_gmt":"2016-05-19T09:20:43","guid":{"rendered":"https:\/\/beebipood.ee\/toode\/noortevoodi-blanco-voodikastiga-140x200\/"},"modified":"2025-01-09T10:50:07","modified_gmt":"2025-01-09T08:50:07","slug":"noortevoodi-blanco-voodikastiga-140x200","status":"publish","type":"product","link":"https:\/\/beebipood.ee\/ru\/produkt\/noortevoodi-blanco-voodikastiga-140x200\/","title":{"rendered":"Noortevoodi Blanco voodikastiga 140&#215;200"},"content":{"rendered":"<ul>\n<li>valmistatud kvaliteetsest\u00a0m\u00e4nnipuidust<\/li>\n<li>viimistlus:\u00a0<span>valge v\u00f5i vanilje tooni<br \/>komplekti kuulub ratastel voodikast (198\/71\/18 cm)<br \/><\/span><\/li>\n<li>sobib nii poisi kui t\u00fcdruku tuppa<\/li>\n<li>valmistamisel on kasutatud kaasaegset tehnoloogiat ja A-klassi tarvikuid ning furnituure<\/li>\n<li>parim toode perele kes hindab kvaliteeti<\/li>\n<li>sobib madrats m\u00f5\u00f5duga 140x200cm<\/li>\n<li>madrats ei ole hinna sees<\/li>\n<li>viimistlemisel on kasutatud ainult sertifitseeritud orgaanilisi v\u00e4rve<\/li>\n<li>toode vastab k\u00f5ikidele\u00a0<span>EN turvastandarditele<\/span><\/li>\n<\/ul>\n","protected":false},"excerpt":{"rendered":"<p>valmistatud kvaliteetsest\u00a0m\u00e4nnipuidust viimistlus:\u00a0valge v\u00f5i vanilje toonikomplekti kuulub ratastel voodikast (198\/71\/18 cm) sobib nii poisi kui t\u00fcdruku tuppa valmistamisel on kasutatud kaasaegset tehnoloogiat ja A-klassi tarvikuid ning furnituure parim toode perele kes hindab kvaliteeti sobib madrats m\u00f5\u00f5duga 140x200cm madrats ei ole hinna sees viimistlemisel on kasutatud ainult sertifitseeritud orgaanilisi v\u00e4rve toode vastab k\u00f5ikidele\u00a0EN turvastandarditele<\/p>\n","protected":false},"featured_media":111818,"template":"","meta":{"_acf_changed":false},"pwb-brand":[],"product_brand":[],"product_cat":[11559,11593,11789],"product_tag":[],"class_list":{"0":"post-456976","1":"product","2":"type-product","3":"status-publish","4":"has-post-thumbnail","6":"product_cat-laste-ja-noortevoodid-ru","7":"product_cat-suured-voodid-ru","8":"product_cat-lastemoobel-ja-sisustus-ru","10":"first","11":"onbackorder","12":"sale","13":"taxable","14":"shipping-taxable","15":"purchasable","16":"product-type-simple"},"exclude_global_add_ons":[],"addons":[],"acf":[],"yoast_head":"<!-- This site is optimized with the Yoast SEO plugin v27.3 - https:\/\/yoast.com\/product\/yoast-seo-wordpress\/ -->\n<title>Noortevoodi Blanco voodikastiga 140x200, \u041a\u0440\u043e\u0432\u0430\u0442\u0438 \u0434\u043b\u044f \u0434\u0435\u0442\u0435\u0439 \u0438 \u043f\u043e\u0434\u0440\u043e\u0441\u0442\u043a\u043e\u0432, \u0411\u043e\u043b\u044c\u0448\u0438\u0435 \u043a\u0440\u043e\u0432\u0430\u0442\u0438, M\u0435\u0431\u0435\u043b\u044c, Beebipood<\/title>\n<meta name=\"description\" content=\"Noortevoodi Blanco voodikastiga 140x200, valmistatud kvaliteetsest&nbsp;m&auml;nnipuidust viimistlus:&nbsp;valge v&otilde;i vanilje to\" \/>\n<meta name=\"robots\" content=\"index, follow, max-snippet:-1, max-image-preview:large, max-video-preview:-1\" \/>\n<link rel=\"canonical\" href=\"https:\/\/beebipood.ee\/ru\/produkt\/noortevoodi-blanco-voodikastiga-140x200\/\" \/>\n<meta property=\"og:locale\" content=\"ru_RU\" \/>\n<meta property=\"og:type\" content=\"article\" \/>\n<meta property=\"og:title\" content=\"Noortevoodi Blanco voodikastiga 140x200, \u041a\u0440\u043e\u0432\u0430\u0442\u0438 \u0434\u043b\u044f \u0434\u0435\u0442\u0435\u0439 \u0438 \u043f\u043e\u0434\u0440\u043e\u0441\u0442\u043a\u043e\u0432, \u0411\u043e\u043b\u044c\u0448\u0438\u0435 \u043a\u0440\u043e\u0432\u0430\u0442\u0438, M\u0435\u0431\u0435\u043b\u044c, Beebipood\" \/>\n<meta property=\"og:description\" content=\"Noortevoodi Blanco voodikastiga 140x200, valmistatud kvaliteetsest&nbsp;m&auml;nnipuidust viimistlus:&nbsp;valge v&otilde;i vanilje to\" \/>\n<meta property=\"og:url\" content=\"https:\/\/beebipood.ee\/ru\/produkt\/noortevoodi-blanco-voodikastiga-140x200\/\" \/>\n<meta property=\"og:site_name\" content=\"Beebipood\" \/>\n<meta property=\"article:modified_time\" content=\"2025-01-09T08:50:07+00:00\" \/>\n<meta property=\"og:image\" content=\"https:\/\/beebipood.ee\/wp-content\/uploads\/2016\/05\/Noortevoodi-Blanco-voodikastiga-140x200-Laste-ja-noortevoodid-UUED-TOOTED-Suured-voodid-Lastemoobel-ja-sisustus_2-d5a.jpg\" \/>\n\t<meta property=\"og:image:width\" content=\"1772\" \/>\n\t<meta property=\"og:image:height\" content=\"1164\" \/>\n\t<meta property=\"og:image:type\" content=\"image\/jpeg\" \/>\n<meta name=\"twitter:card\" content=\"summary_large_image\" \/>\n<script type=\"application\/ld+json\" class=\"yoast-schema-graph\">{\"@context\":\"https:\\\/\\\/schema.org\",\"@graph\":[{\"@type\":\"WebPage\",\"@id\":\"https:\\\/\\\/beebipood.ee\\\/ru\\\/produkt\\\/noortevoodi-blanco-voodikastiga-140x200\\\/\",\"url\":\"https:\\\/\\\/beebipood.ee\\\/ru\\\/produkt\\\/noortevoodi-blanco-voodikastiga-140x200\\\/\",\"name\":\"Noortevoodi Blanco voodikastiga 140x200, \u041a\u0440\u043e\u0432\u0430\u0442\u0438 \u0434\u043b\u044f \u0434\u0435\u0442\u0435\u0439 \u0438 \u043f\u043e\u0434\u0440\u043e\u0441\u0442\u043a\u043e\u0432, \u0411\u043e\u043b\u044c\u0448\u0438\u0435 \u043a\u0440\u043e\u0432\u0430\u0442\u0438, M\u0435\u0431\u0435\u043b\u044c, Beebipood\",\"isPartOf\":{\"@id\":\"https:\\\/\\\/beebipood.ee\\\/ru\\\/#website\"},\"primaryImageOfPage\":{\"@id\":\"https:\\\/\\\/beebipood.ee\\\/ru\\\/produkt\\\/noortevoodi-blanco-voodikastiga-140x200\\\/#primaryimage\"},\"image\":{\"@id\":\"https:\\\/\\\/beebipood.ee\\\/ru\\\/produkt\\\/noortevoodi-blanco-voodikastiga-140x200\\\/#primaryimage\"},\"thumbnailUrl\":\"https:\\\/\\\/beebipood.ee\\\/wp-content\\\/uploads\\\/2016\\\/05\\\/Noortevoodi-Blanco-voodikastiga-140x200-Laste-ja-noortevoodid-UUED-TOOTED-Suured-voodid-Lastemoobel-ja-sisustus_2-d5a.jpg\",\"datePublished\":\"2016-05-19T09:20:43+00:00\",\"dateModified\":\"2025-01-09T08:50:07+00:00\",\"description\":\"Noortevoodi Blanco voodikastiga 140x200, valmistatud kvaliteetsest&nbsp;m&auml;nnipuidust viimistlus:&nbsp;valge v&otilde;i vanilje to\",\"breadcrumb\":{\"@id\":\"https:\\\/\\\/beebipood.ee\\\/ru\\\/produkt\\\/noortevoodi-blanco-voodikastiga-140x200\\\/#breadcrumb\"},\"inLanguage\":\"ru-RU\",\"potentialAction\":[{\"@type\":\"ReadAction\",\"target\":[\"https:\\\/\\\/beebipood.ee\\\/ru\\\/produkt\\\/noortevoodi-blanco-voodikastiga-140x200\\\/\"]}]},{\"@type\":\"ImageObject\",\"inLanguage\":\"ru-RU\",\"@id\":\"https:\\\/\\\/beebipood.ee\\\/ru\\\/produkt\\\/noortevoodi-blanco-voodikastiga-140x200\\\/#primaryimage\",\"url\":\"https:\\\/\\\/beebipood.ee\\\/wp-content\\\/uploads\\\/2016\\\/05\\\/Noortevoodi-Blanco-voodikastiga-140x200-Laste-ja-noortevoodid-UUED-TOOTED-Suured-voodid-Lastemoobel-ja-sisustus_2-d5a.jpg\",\"contentUrl\":\"https:\\\/\\\/beebipood.ee\\\/wp-content\\\/uploads\\\/2016\\\/05\\\/Noortevoodi-Blanco-voodikastiga-140x200-Laste-ja-noortevoodid-UUED-TOOTED-Suured-voodid-Lastemoobel-ja-sisustus_2-d5a.jpg\",\"width\":1772,\"height\":1164},{\"@type\":\"BreadcrumbList\",\"@id\":\"https:\\\/\\\/beebipood.ee\\\/ru\\\/produkt\\\/noortevoodi-blanco-voodikastiga-140x200\\\/#breadcrumb\",\"itemListElement\":[{\"@type\":\"ListItem\",\"position\":1,\"name\":\"Home\",\"item\":\"https:\\\/\\\/beebipood.ee\\\/ru\\\/\"},{\"@type\":\"ListItem\",\"position\":2,\"name\":\"\u041a\u0430\u0442\u0430\u043b\u043e\u0433 \u0442\u043e\u0432\u0430\u0440\u043e\u0432\",\"item\":\"https:\\\/\\\/beebipood.ee\\\/tooted\\\/\"},{\"@type\":\"ListItem\",\"position\":3,\"name\":\"Noortevoodi Blanco voodikastiga 140&#215;200\"}]},{\"@type\":\"WebSite\",\"@id\":\"https:\\\/\\\/beebipood.ee\\\/ru\\\/#website\",\"url\":\"https:\\\/\\\/beebipood.ee\\\/ru\\\/\",\"name\":\"Beebipood\",\"description\":\"Lastekaubad, beebikaubad, m\u00e4nguasjad\",\"publisher\":{\"@id\":\"https:\\\/\\\/beebipood.ee\\\/ru\\\/#organization\"},\"potentialAction\":[{\"@type\":\"SearchAction\",\"target\":{\"@type\":\"EntryPoint\",\"urlTemplate\":\"https:\\\/\\\/beebipood.ee\\\/ru\\\/?s={search_term_string}\"},\"query-input\":{\"@type\":\"PropertyValueSpecification\",\"valueRequired\":true,\"valueName\":\"search_term_string\"}}],\"inLanguage\":\"ru-RU\"},{\"@type\":\"Organization\",\"@id\":\"https:\\\/\\\/beebipood.ee\\\/ru\\\/#organization\",\"name\":\"Beebipood\",\"url\":\"https:\\\/\\\/beebipood.ee\\\/ru\\\/\",\"logo\":{\"@type\":\"ImageObject\",\"inLanguage\":\"ru-RU\",\"@id\":\"https:\\\/\\\/beebipood.ee\\\/ru\\\/#\\\/schema\\\/logo\\\/image\\\/\",\"url\":\"https:\\\/\\\/beebipood.ee\\\/wp-content\\\/uploads\\\/2025\\\/03\\\/beebipood.ee-logo-1.svg\",\"contentUrl\":\"https:\\\/\\\/beebipood.ee\\\/wp-content\\\/uploads\\\/2025\\\/03\\\/beebipood.ee-logo-1.svg\",\"caption\":\"Beebipood\"},\"image\":{\"@id\":\"https:\\\/\\\/beebipood.ee\\\/ru\\\/#\\\/schema\\\/logo\\\/image\\\/\"}}]}<\/script>\n<!-- \/ Yoast SEO plugin. -->","yoast_head_json":{"title":"Noortevoodi Blanco voodikastiga 140x200, \u041a\u0440\u043e\u0432\u0430\u0442\u0438 \u0434\u043b\u044f \u0434\u0435\u0442\u0435\u0439 \u0438 \u043f\u043e\u0434\u0440\u043e\u0441\u0442\u043a\u043e\u0432, \u0411\u043e\u043b\u044c\u0448\u0438\u0435 \u043a\u0440\u043e\u0432\u0430\u0442\u0438, M\u0435\u0431\u0435\u043b\u044c, Beebipood","description":"Noortevoodi Blanco voodikastiga 140x200, valmistatud kvaliteetsest&nbsp;m&auml;nnipuidust viimistlus:&nbsp;valge v&otilde;i vanilje to","robots":{"index":"index","follow":"follow","max-snippet":"max-snippet:-1","max-image-preview":"max-image-preview:large","max-video-preview":"max-video-preview:-1"},"canonical":"https:\/\/beebipood.ee\/ru\/produkt\/noortevoodi-blanco-voodikastiga-140x200\/","og_locale":"ru_RU","og_type":"article","og_title":"Noortevoodi Blanco voodikastiga 140x200, \u041a\u0440\u043e\u0432\u0430\u0442\u0438 \u0434\u043b\u044f \u0434\u0435\u0442\u0435\u0439 \u0438 \u043f\u043e\u0434\u0440\u043e\u0441\u0442\u043a\u043e\u0432, \u0411\u043e\u043b\u044c\u0448\u0438\u0435 \u043a\u0440\u043e\u0432\u0430\u0442\u0438, M\u0435\u0431\u0435\u043b\u044c, Beebipood","og_description":"Noortevoodi Blanco voodikastiga 140x200, valmistatud kvaliteetsest&nbsp;m&auml;nnipuidust viimistlus:&nbsp;valge v&otilde;i vanilje to","og_url":"https:\/\/beebipood.ee\/ru\/produkt\/noortevoodi-blanco-voodikastiga-140x200\/","og_site_name":"Beebipood","article_modified_time":"2025-01-09T08:50:07+00:00","og_image":[{"width":1772,"height":1164,"url":"https:\/\/beebipood.ee\/wp-content\/uploads\/2016\/05\/Noortevoodi-Blanco-voodikastiga-140x200-Laste-ja-noortevoodid-UUED-TOOTED-Suured-voodid-Lastemoobel-ja-sisustus_2-d5a.jpg","type":"image\/jpeg"}],"twitter_card":"summary_large_image","schema":{"@context":"https:\/\/schema.org","@graph":[{"@type":"WebPage","@id":"https:\/\/beebipood.ee\/ru\/produkt\/noortevoodi-blanco-voodikastiga-140x200\/","url":"https:\/\/beebipood.ee\/ru\/produkt\/noortevoodi-blanco-voodikastiga-140x200\/","name":"Noortevoodi Blanco voodikastiga 140x200, \u041a\u0440\u043e\u0432\u0430\u0442\u0438 \u0434\u043b\u044f \u0434\u0435\u0442\u0435\u0439 \u0438 \u043f\u043e\u0434\u0440\u043e\u0441\u0442\u043a\u043e\u0432, \u0411\u043e\u043b\u044c\u0448\u0438\u0435 \u043a\u0440\u043e\u0432\u0430\u0442\u0438, M\u0435\u0431\u0435\u043b\u044c, Beebipood","isPartOf":{"@id":"https:\/\/beebipood.ee\/ru\/#website"},"primaryImageOfPage":{"@id":"https:\/\/beebipood.ee\/ru\/produkt\/noortevoodi-blanco-voodikastiga-140x200\/#primaryimage"},"image":{"@id":"https:\/\/beebipood.ee\/ru\/produkt\/noortevoodi-blanco-voodikastiga-140x200\/#primaryimage"},"thumbnailUrl":"https:\/\/beebipood.ee\/wp-content\/uploads\/2016\/05\/Noortevoodi-Blanco-voodikastiga-140x200-Laste-ja-noortevoodid-UUED-TOOTED-Suured-voodid-Lastemoobel-ja-sisustus_2-d5a.jpg","datePublished":"2016-05-19T09:20:43+00:00","dateModified":"2025-01-09T08:50:07+00:00","description":"Noortevoodi Blanco voodikastiga 140x200, valmistatud kvaliteetsest&nbsp;m&auml;nnipuidust viimistlus:&nbsp;valge v&otilde;i vanilje to","breadcrumb":{"@id":"https:\/\/beebipood.ee\/ru\/produkt\/noortevoodi-blanco-voodikastiga-140x200\/#breadcrumb"},"inLanguage":"ru-RU","potentialAction":[{"@type":"ReadAction","target":["https:\/\/beebipood.ee\/ru\/produkt\/noortevoodi-blanco-voodikastiga-140x200\/"]}]},{"@type":"ImageObject","inLanguage":"ru-RU","@id":"https:\/\/beebipood.ee\/ru\/produkt\/noortevoodi-blanco-voodikastiga-140x200\/#primaryimage","url":"https:\/\/beebipood.ee\/wp-content\/uploads\/2016\/05\/Noortevoodi-Blanco-voodikastiga-140x200-Laste-ja-noortevoodid-UUED-TOOTED-Suured-voodid-Lastemoobel-ja-sisustus_2-d5a.jpg","contentUrl":"https:\/\/beebipood.ee\/wp-content\/uploads\/2016\/05\/Noortevoodi-Blanco-voodikastiga-140x200-Laste-ja-noortevoodid-UUED-TOOTED-Suured-voodid-Lastemoobel-ja-sisustus_2-d5a.jpg","width":1772,"height":1164},{"@type":"BreadcrumbList","@id":"https:\/\/beebipood.ee\/ru\/produkt\/noortevoodi-blanco-voodikastiga-140x200\/#breadcrumb","itemListElement":[{"@type":"ListItem","position":1,"name":"Home","item":"https:\/\/beebipood.ee\/ru\/"},{"@type":"ListItem","position":2,"name":"\u041a\u0430\u0442\u0430\u043b\u043e\u0433 \u0442\u043e\u0432\u0430\u0440\u043e\u0432","item":"https:\/\/beebipood.ee\/tooted\/"},{"@type":"ListItem","position":3,"name":"Noortevoodi Blanco voodikastiga 140&#215;200"}]},{"@type":"WebSite","@id":"https:\/\/beebipood.ee\/ru\/#website","url":"https:\/\/beebipood.ee\/ru\/","name":"Beebipood","description":"Lastekaubad, beebikaubad, m\u00e4nguasjad","publisher":{"@id":"https:\/\/beebipood.ee\/ru\/#organization"},"potentialAction":[{"@type":"SearchAction","target":{"@type":"EntryPoint","urlTemplate":"https:\/\/beebipood.ee\/ru\/?s={search_term_string}"},"query-input":{"@type":"PropertyValueSpecification","valueRequired":true,"valueName":"search_term_string"}}],"inLanguage":"ru-RU"},{"@type":"Organization","@id":"https:\/\/beebipood.ee\/ru\/#organization","name":"Beebipood","url":"https:\/\/beebipood.ee\/ru\/","logo":{"@type":"ImageObject","inLanguage":"ru-RU","@id":"https:\/\/beebipood.ee\/ru\/#\/schema\/logo\/image\/","url":"https:\/\/beebipood.ee\/wp-content\/uploads\/2025\/03\/beebipood.ee-logo-1.svg","contentUrl":"https:\/\/beebipood.ee\/wp-content\/uploads\/2025\/03\/beebipood.ee-logo-1.svg","caption":"Beebipood"},"image":{"@id":"https:\/\/beebipood.ee\/ru\/#\/schema\/logo\/image\/"}}]}},"brands":[],"_links":{"self":[{"href":"https:\/\/beebipood.ee\/ru\/wp-json\/wp\/v2\/product\/456976","targetHints":{"allow":["GET"]}}],"collection":[{"href":"https:\/\/beebipood.ee\/ru\/wp-json\/wp\/v2\/product"}],"about":[{"href":"https:\/\/beebipood.ee\/ru\/wp-json\/wp\/v2\/types\/product"}],"wp:featuredmedia":[{"embeddable":true,"href":"https:\/\/beebipood.ee\/ru\/wp-json\/wp\/v2\/media\/111818"}],"wp:attachment":[{"href":"https:\/\/beebipood.ee\/ru\/wp-json\/wp\/v2\/media?parent=456976"}],"wp:term":[{"taxonomy":"pwb-brand","embeddable":true,"href":"https:\/\/beebipood.ee\/ru\/wp-json\/wp\/v2\/pwb-brand?post=456976"},{"taxonomy":"product_brand","embeddable":true,"href":"https:\/\/beebipood.ee\/ru\/wp-json\/wp\/v2\/product_brand?post=456976"},{"taxonomy":"product_cat","embeddable":true,"href":"https:\/\/beebipood.ee\/ru\/wp-json\/wp\/v2\/product_cat?post=456976"},{"taxonomy":"product_tag","embeddable":true,"href":"https:\/\/beebipood.ee\/ru\/wp-json\/wp\/v2\/product_tag?post=456976"}],"curies":[{"name":"wp","href":"https:\/\/api.w.org\/{rel}","templated":true}]}}