{"id":456980,"date":"2016-05-23T09:38:24","date_gmt":"2016-05-23T06:38:24","guid":{"rendered":"https:\/\/beebipood.ee\/toode\/voodikast-voodile-70x160\/"},"modified":"2025-01-09T10:50:07","modified_gmt":"2025-01-09T08:50:07","slug":"voodikast-voodile-70x160","status":"publish","type":"product","link":"https:\/\/beebipood.ee\/ru\/produkt\/voodikast-voodile-70x160\/","title":{"rendered":"Voodikast voodile 70&#215;160"},"content":{"rendered":"<p>universaalne m\u00e4nnipuidust ja m\u00f6\u00f6bliplaadist voodikast\u00a0<br \/><span>viimistlus: valge v\u00f5i vanilje tooni<\/span><br \/>varustatud ratastega mis muudavad liigutamise eriti lihtsaks<br \/><span>tugev konstruktsioon<br \/><\/span>sobib nii poisi kui t\u00fcdruku tuppa<br \/>valmistamisel on kasutatud kaasaegset tehnoloogiat ja A-klass tarvikuid ning furnituure<br \/>parim toode perele kes hindab kvaliteeti ja\u00a0mugavust<br \/>viimistlemisel on kasutatud ainult sertifitseeritud orgaanilisi v\u00e4rve<br \/>toode vastab k\u00f5ikidele\u00a0<span>EN turvastandarditele<\/span><\/p>\n","protected":false},"excerpt":{"rendered":"<p>universaalne m\u00e4nnipuidust ja m\u00f6\u00f6bliplaadist voodikast\u00a0viimistlus: valge v\u00f5i vanilje toonivarustatud ratastega mis muudavad liigutamise eriti lihtsakstugev konstruktsioonsobib nii poisi kui t\u00fcdruku tuppavalmistamisel on kasutatud kaasaegset tehnoloogiat ja A-klass tarvikuid ning furnituureparim toode perele kes hindab kvaliteeti ja\u00a0mugavustviimistlemisel on kasutatud ainult sertifitseeritud orgaanilisi v\u00e4rvetoode vastab k\u00f5ikidele\u00a0EN turvastandarditele<\/p>\n","protected":false},"featured_media":111834,"template":"","meta":{"_acf_changed":false},"pwb-brand":[],"product_brand":[],"product_cat":[11661,11623,11789],"product_tag":[],"class_list":{"0":"post-456980","1":"product","2":"type-product","3":"status-publish","4":"has-post-thumbnail","6":"product_cat-voodikastid-ru","7":"product_cat-kummutid-kastid-ru","8":"product_cat-lastemoobel-ja-sisustus-ru","10":"first","11":"onbackorder","12":"sale","13":"taxable","14":"shipping-taxable","15":"purchasable","16":"product-type-simple"},"exclude_global_add_ons":false,"addons":[{"name":"Vali v\u00e4rv","type":"multiple_choice","position":0,"required":true,"title_format":"heading","default":"","description_enable":false,"description":"","placeholder_enable":false,"placeholder":"","display":"select","restrictions_type":"any_text","adjust_price":false,"price":"","price_type":"flat_fee","restrictions":false,"min":"0","max":"0","options":[{"label":"valge","price":"","price_type":"quantity_based","image":0,"visibility":true},{"label":"vanilje","price":"","price_type":"quantity_based","image":0,"visibility":true}]}],"acf":[],"yoast_head":"<!-- This site is optimized with the Yoast SEO plugin v27.1.1 - https:\/\/yoast.com\/product\/yoast-seo-wordpress\/ -->\n<title>Voodikast voodile 70x160, K\u043e\u043c\u043e\u0434\u044b, \u044f\u0449\u0438\u043a\u0438, \u042f\u0449\u0438\u043a\u0438 \u0434\u043b\u044f \u0431\u0435\u043b\u044c\u044f, \u0414\u0435\u0442\u0441\u043a\u0430\u044f \u043c\u0435\u0431\u0435\u043b\u044c, Beebipood<\/title>\n<meta name=\"description\" content=\"Voodikast voodile 70x160, universaalne m&auml;nnipuidust ja m&ouml;&ouml;bliplaadist voodikast&nbsp;viimistlus: valge v&otilde;i vanilje tooni&lt;\/s\" \/>\n<meta name=\"robots\" content=\"index, follow, max-snippet:-1, max-image-preview:large, max-video-preview:-1\" \/>\n<link rel=\"canonical\" href=\"https:\/\/beebipood.ee\/ru\/produkt\/voodikast-voodile-70x160\/\" \/>\n<meta property=\"og:locale\" content=\"ru_RU\" \/>\n<meta property=\"og:type\" content=\"article\" \/>\n<meta property=\"og:title\" content=\"Voodikast voodile 70x160, K\u043e\u043c\u043e\u0434\u044b, \u044f\u0449\u0438\u043a\u0438, \u042f\u0449\u0438\u043a\u0438 \u0434\u043b\u044f \u0431\u0435\u043b\u044c\u044f, \u0414\u0435\u0442\u0441\u043a\u0430\u044f \u043c\u0435\u0431\u0435\u043b\u044c, Beebipood\" \/>\n<meta property=\"og:description\" content=\"Voodikast voodile 70x160, universaalne m&auml;nnipuidust ja m&ouml;&ouml;bliplaadist voodikast&nbsp;viimistlus: valge v&otilde;i vanilje tooni&lt;\/s\" \/>\n<meta property=\"og:url\" content=\"https:\/\/beebipood.ee\/ru\/produkt\/voodikast-voodile-70x160\/\" \/>\n<meta property=\"og:site_name\" content=\"Beebipood\" \/>\n<meta property=\"article:modified_time\" content=\"2025-01-09T08:50:07+00:00\" \/>\n<meta property=\"og:image\" content=\"https:\/\/beebipood.ee\/wp-content\/uploads\/2016\/05\/Voodikast-voodile-70x140-UUED-TOOTED-Kummutid-kastid-Voodikastid-Lastemoobel-ja-sisustus_1_1-109.jpg\" \/>\n\t<meta property=\"og:image:width\" content=\"1044\" \/>\n\t<meta property=\"og:image:height\" content=\"629\" \/>\n\t<meta property=\"og:image:type\" content=\"image\/jpeg\" \/>\n<meta name=\"twitter:card\" content=\"summary_large_image\" \/>\n<script type=\"application\/ld+json\" class=\"yoast-schema-graph\">{\"@context\":\"https:\/\/schema.org\",\"@graph\":[{\"@type\":\"WebPage\",\"@id\":\"https:\/\/beebipood.ee\/ru\/produkt\/voodikast-voodile-70x160\/\",\"url\":\"https:\/\/beebipood.ee\/ru\/produkt\/voodikast-voodile-70x160\/\",\"name\":\"Voodikast voodile 70x160, K\u043e\u043c\u043e\u0434\u044b, \u044f\u0449\u0438\u043a\u0438, \u042f\u0449\u0438\u043a\u0438 \u0434\u043b\u044f \u0431\u0435\u043b\u044c\u044f, \u0414\u0435\u0442\u0441\u043a\u0430\u044f \u043c\u0435\u0431\u0435\u043b\u044c, Beebipood\",\"isPartOf\":{\"@id\":\"https:\/\/beebipood.ee\/ru\/#website\"},\"primaryImageOfPage\":{\"@id\":\"https:\/\/beebipood.ee\/ru\/produkt\/voodikast-voodile-70x160\/#primaryimage\"},\"image\":{\"@id\":\"https:\/\/beebipood.ee\/ru\/produkt\/voodikast-voodile-70x160\/#primaryimage\"},\"thumbnailUrl\":\"https:\/\/beebipood.ee\/wp-content\/uploads\/2016\/05\/Voodikast-voodile-70x140-UUED-TOOTED-Kummutid-kastid-Voodikastid-Lastemoobel-ja-sisustus_1_1-109.jpg\",\"datePublished\":\"2016-05-23T06:38:24+00:00\",\"dateModified\":\"2025-01-09T08:50:07+00:00\",\"description\":\"Voodikast voodile 70x160, universaalne m&auml;nnipuidust ja m&ouml;&ouml;bliplaadist voodikast&nbsp;viimistlus: valge v&otilde;i vanilje tooni&lt;\/s\",\"breadcrumb\":{\"@id\":\"https:\/\/beebipood.ee\/ru\/produkt\/voodikast-voodile-70x160\/#breadcrumb\"},\"inLanguage\":\"ru-RU\",\"potentialAction\":[{\"@type\":\"ReadAction\",\"target\":[\"https:\/\/beebipood.ee\/ru\/produkt\/voodikast-voodile-70x160\/\"]}]},{\"@type\":\"ImageObject\",\"inLanguage\":\"ru-RU\",\"@id\":\"https:\/\/beebipood.ee\/ru\/produkt\/voodikast-voodile-70x160\/#primaryimage\",\"url\":\"https:\/\/beebipood.ee\/wp-content\/uploads\/2016\/05\/Voodikast-voodile-70x140-UUED-TOOTED-Kummutid-kastid-Voodikastid-Lastemoobel-ja-sisustus_1_1-109.jpg\",\"contentUrl\":\"https:\/\/beebipood.ee\/wp-content\/uploads\/2016\/05\/Voodikast-voodile-70x140-UUED-TOOTED-Kummutid-kastid-Voodikastid-Lastemoobel-ja-sisustus_1_1-109.jpg\",\"width\":1044,\"height\":629},{\"@type\":\"BreadcrumbList\",\"@id\":\"https:\/\/beebipood.ee\/ru\/produkt\/voodikast-voodile-70x160\/#breadcrumb\",\"itemListElement\":[{\"@type\":\"ListItem\",\"position\":1,\"name\":\"Home\",\"item\":\"https:\/\/beebipood.ee\/ru\/\"},{\"@type\":\"ListItem\",\"position\":2,\"name\":\"\u041a\u0430\u0442\u0430\u043b\u043e\u0433 \u0442\u043e\u0432\u0430\u0440\u043e\u0432\",\"item\":\"https:\/\/beebipood.ee\/tooted\/\"},{\"@type\":\"ListItem\",\"position\":3,\"name\":\"Voodikast voodile 70&#215;160\"}]},{\"@type\":\"WebSite\",\"@id\":\"https:\/\/beebipood.ee\/ru\/#website\",\"url\":\"https:\/\/beebipood.ee\/ru\/\",\"name\":\"Beebipood\",\"description\":\"Lastekaubad, beebikaubad, m\u00e4nguasjad\",\"publisher\":{\"@id\":\"https:\/\/beebipood.ee\/ru\/#organization\"},\"potentialAction\":[{\"@type\":\"SearchAction\",\"target\":{\"@type\":\"EntryPoint\",\"urlTemplate\":\"https:\/\/beebipood.ee\/ru\/?s={search_term_string}\"},\"query-input\":{\"@type\":\"PropertyValueSpecification\",\"valueRequired\":true,\"valueName\":\"search_term_string\"}}],\"inLanguage\":\"ru-RU\"},{\"@type\":\"Organization\",\"@id\":\"https:\/\/beebipood.ee\/ru\/#organization\",\"name\":\"Beebipood\",\"url\":\"https:\/\/beebipood.ee\/ru\/\",\"logo\":{\"@type\":\"ImageObject\",\"inLanguage\":\"ru-RU\",\"@id\":\"https:\/\/beebipood.ee\/ru\/#\/schema\/logo\/image\/\",\"url\":\"https:\/\/beebipood.ee\/wp-content\/uploads\/2025\/03\/beebipood.ee-logo-1.svg\",\"contentUrl\":\"https:\/\/beebipood.ee\/wp-content\/uploads\/2025\/03\/beebipood.ee-logo-1.svg\",\"caption\":\"Beebipood\"},\"image\":{\"@id\":\"https:\/\/beebipood.ee\/ru\/#\/schema\/logo\/image\/\"}}]}<\/script>\n<!-- \/ Yoast SEO plugin. -->","yoast_head_json":{"title":"Voodikast voodile 70x160, K\u043e\u043c\u043e\u0434\u044b, \u044f\u0449\u0438\u043a\u0438, \u042f\u0449\u0438\u043a\u0438 \u0434\u043b\u044f \u0431\u0435\u043b\u044c\u044f, \u0414\u0435\u0442\u0441\u043a\u0430\u044f \u043c\u0435\u0431\u0435\u043b\u044c, Beebipood","description":"Voodikast voodile 70x160, universaalne m&auml;nnipuidust ja m&ouml;&ouml;bliplaadist voodikast&nbsp;viimistlus: valge v&otilde;i vanilje tooni&lt;\/s","robots":{"index":"index","follow":"follow","max-snippet":"max-snippet:-1","max-image-preview":"max-image-preview:large","max-video-preview":"max-video-preview:-1"},"canonical":"https:\/\/beebipood.ee\/ru\/produkt\/voodikast-voodile-70x160\/","og_locale":"ru_RU","og_type":"article","og_title":"Voodikast voodile 70x160, K\u043e\u043c\u043e\u0434\u044b, \u044f\u0449\u0438\u043a\u0438, \u042f\u0449\u0438\u043a\u0438 \u0434\u043b\u044f \u0431\u0435\u043b\u044c\u044f, \u0414\u0435\u0442\u0441\u043a\u0430\u044f \u043c\u0435\u0431\u0435\u043b\u044c, Beebipood","og_description":"Voodikast voodile 70x160, universaalne m&auml;nnipuidust ja m&ouml;&ouml;bliplaadist voodikast&nbsp;viimistlus: valge v&otilde;i vanilje tooni&lt;\/s","og_url":"https:\/\/beebipood.ee\/ru\/produkt\/voodikast-voodile-70x160\/","og_site_name":"Beebipood","article_modified_time":"2025-01-09T08:50:07+00:00","og_image":[{"width":1044,"height":629,"url":"https:\/\/beebipood.ee\/wp-content\/uploads\/2016\/05\/Voodikast-voodile-70x140-UUED-TOOTED-Kummutid-kastid-Voodikastid-Lastemoobel-ja-sisustus_1_1-109.jpg","type":"image\/jpeg"}],"twitter_card":"summary_large_image","schema":{"@context":"https:\/\/schema.org","@graph":[{"@type":"WebPage","@id":"https:\/\/beebipood.ee\/ru\/produkt\/voodikast-voodile-70x160\/","url":"https:\/\/beebipood.ee\/ru\/produkt\/voodikast-voodile-70x160\/","name":"Voodikast voodile 70x160, K\u043e\u043c\u043e\u0434\u044b, \u044f\u0449\u0438\u043a\u0438, \u042f\u0449\u0438\u043a\u0438 \u0434\u043b\u044f \u0431\u0435\u043b\u044c\u044f, \u0414\u0435\u0442\u0441\u043a\u0430\u044f \u043c\u0435\u0431\u0435\u043b\u044c, Beebipood","isPartOf":{"@id":"https:\/\/beebipood.ee\/ru\/#website"},"primaryImageOfPage":{"@id":"https:\/\/beebipood.ee\/ru\/produkt\/voodikast-voodile-70x160\/#primaryimage"},"image":{"@id":"https:\/\/beebipood.ee\/ru\/produkt\/voodikast-voodile-70x160\/#primaryimage"},"thumbnailUrl":"https:\/\/beebipood.ee\/wp-content\/uploads\/2016\/05\/Voodikast-voodile-70x140-UUED-TOOTED-Kummutid-kastid-Voodikastid-Lastemoobel-ja-sisustus_1_1-109.jpg","datePublished":"2016-05-23T06:38:24+00:00","dateModified":"2025-01-09T08:50:07+00:00","description":"Voodikast voodile 70x160, universaalne m&auml;nnipuidust ja m&ouml;&ouml;bliplaadist voodikast&nbsp;viimistlus: valge v&otilde;i vanilje tooni&lt;\/s","breadcrumb":{"@id":"https:\/\/beebipood.ee\/ru\/produkt\/voodikast-voodile-70x160\/#breadcrumb"},"inLanguage":"ru-RU","potentialAction":[{"@type":"ReadAction","target":["https:\/\/beebipood.ee\/ru\/produkt\/voodikast-voodile-70x160\/"]}]},{"@type":"ImageObject","inLanguage":"ru-RU","@id":"https:\/\/beebipood.ee\/ru\/produkt\/voodikast-voodile-70x160\/#primaryimage","url":"https:\/\/beebipood.ee\/wp-content\/uploads\/2016\/05\/Voodikast-voodile-70x140-UUED-TOOTED-Kummutid-kastid-Voodikastid-Lastemoobel-ja-sisustus_1_1-109.jpg","contentUrl":"https:\/\/beebipood.ee\/wp-content\/uploads\/2016\/05\/Voodikast-voodile-70x140-UUED-TOOTED-Kummutid-kastid-Voodikastid-Lastemoobel-ja-sisustus_1_1-109.jpg","width":1044,"height":629},{"@type":"BreadcrumbList","@id":"https:\/\/beebipood.ee\/ru\/produkt\/voodikast-voodile-70x160\/#breadcrumb","itemListElement":[{"@type":"ListItem","position":1,"name":"Home","item":"https:\/\/beebipood.ee\/ru\/"},{"@type":"ListItem","position":2,"name":"\u041a\u0430\u0442\u0430\u043b\u043e\u0433 \u0442\u043e\u0432\u0430\u0440\u043e\u0432","item":"https:\/\/beebipood.ee\/tooted\/"},{"@type":"ListItem","position":3,"name":"Voodikast voodile 70&#215;160"}]},{"@type":"WebSite","@id":"https:\/\/beebipood.ee\/ru\/#website","url":"https:\/\/beebipood.ee\/ru\/","name":"Beebipood","description":"Lastekaubad, beebikaubad, m\u00e4nguasjad","publisher":{"@id":"https:\/\/beebipood.ee\/ru\/#organization"},"potentialAction":[{"@type":"SearchAction","target":{"@type":"EntryPoint","urlTemplate":"https:\/\/beebipood.ee\/ru\/?s={search_term_string}"},"query-input":{"@type":"PropertyValueSpecification","valueRequired":true,"valueName":"search_term_string"}}],"inLanguage":"ru-RU"},{"@type":"Organization","@id":"https:\/\/beebipood.ee\/ru\/#organization","name":"Beebipood","url":"https:\/\/beebipood.ee\/ru\/","logo":{"@type":"ImageObject","inLanguage":"ru-RU","@id":"https:\/\/beebipood.ee\/ru\/#\/schema\/logo\/image\/","url":"https:\/\/beebipood.ee\/wp-content\/uploads\/2025\/03\/beebipood.ee-logo-1.svg","contentUrl":"https:\/\/beebipood.ee\/wp-content\/uploads\/2025\/03\/beebipood.ee-logo-1.svg","caption":"Beebipood"},"image":{"@id":"https:\/\/beebipood.ee\/ru\/#\/schema\/logo\/image\/"}}]}},"brands":[],"_links":{"self":[{"href":"https:\/\/beebipood.ee\/ru\/wp-json\/wp\/v2\/product\/456980","targetHints":{"allow":["GET"]}}],"collection":[{"href":"https:\/\/beebipood.ee\/ru\/wp-json\/wp\/v2\/product"}],"about":[{"href":"https:\/\/beebipood.ee\/ru\/wp-json\/wp\/v2\/types\/product"}],"wp:featuredmedia":[{"embeddable":true,"href":"https:\/\/beebipood.ee\/ru\/wp-json\/wp\/v2\/media\/111834"}],"wp:attachment":[{"href":"https:\/\/beebipood.ee\/ru\/wp-json\/wp\/v2\/media?parent=456980"}],"wp:term":[{"taxonomy":"pwb-brand","embeddable":true,"href":"https:\/\/beebipood.ee\/ru\/wp-json\/wp\/v2\/pwb-brand?post=456980"},{"taxonomy":"product_brand","embeddable":true,"href":"https:\/\/beebipood.ee\/ru\/wp-json\/wp\/v2\/product_brand?post=456980"},{"taxonomy":"product_cat","embeddable":true,"href":"https:\/\/beebipood.ee\/ru\/wp-json\/wp\/v2\/product_cat?post=456980"},{"taxonomy":"product_tag","embeddable":true,"href":"https:\/\/beebipood.ee\/ru\/wp-json\/wp\/v2\/product_tag?post=456980"}],"curies":[{"name":"wp","href":"https:\/\/api.w.org\/{rel}","templated":true}]}}