{"id":456986,"date":"2016-05-23T12:33:54","date_gmt":"2016-05-23T09:33:54","guid":{"rendered":"https:\/\/beebipood.ee\/toode\/manguasjakast-swing\/"},"modified":"2025-01-09T10:50:07","modified_gmt":"2025-01-09T08:50:07","slug":"manguasjakast-swing","status":"publish","type":"product","link":"https:\/\/beebipood.ee\/ru\/produkt\/manguasjakast-swing\/","title":{"rendered":"M\u00e4nguasjakast Swing"},"content":{"rendered":"<p>m\u00f6\u00f6bliplaat, MDF ja t\u00e4ispuit<br \/>viimistlus: valge\/natural<br \/>sobib nii poisi kui t\u00fcdruku tuppa<br \/>valmistamisel on kasutatud kaasaegset tehnoloogiat ja A-klass tarvikuid ning furnituure<br \/>parim toode perele kes hindab kvaliteeti ning huvitavat disain<br \/>m\u00e4nguasjakasti kaas varustatud aeglaselt sulguvate furnituuridega<br \/>viimistlemisel on kasutatud ainult sertifitseeritud orgaanilisi v\u00e4rve EN 71-2<br \/>toode vastab k\u00f5ikidele EN turvastandarditele<\/p>\n","protected":false},"excerpt":{"rendered":"<p>m\u00f6\u00f6bliplaat, MDF ja t\u00e4ispuitviimistlus: valge\/naturalsobib nii poisi kui t\u00fcdruku tuppavalmistamisel on kasutatud kaasaegset tehnoloogiat ja A-klass tarvikuid ning furnituureparim toode perele kes hindab kvaliteeti ning huvitavat disainm\u00e4nguasjakasti kaas varustatud aeglaselt sulguvate furnituuridegaviimistlemisel on kasutatud ainult sertifitseeritud orgaanilisi v\u00e4rve EN 71-2toode vastab k\u00f5ikidele EN turvastandarditele<\/p>\n","protected":false},"featured_media":111848,"template":"","meta":{"_acf_changed":false},"pwb-brand":[],"product_brand":[],"product_cat":[11663,11665,11623,11789],"product_tag":[],"class_list":{"0":"post-456986","1":"product","2":"type-product","3":"status-publish","4":"has-post-thumbnail","6":"product_cat-manguasjakastid-ru","7":"product_cat-hoiukastid-ru","8":"product_cat-kummutid-kastid-ru","9":"product_cat-lastemoobel-ja-sisustus-ru","11":"first","12":"onbackorder","13":"sale","14":"taxable","15":"shipping-taxable","16":"purchasable","17":"product-type-simple"},"exclude_global_add_ons":[],"addons":[],"acf":[],"yoast_head":"<!-- This site is optimized with the Yoast SEO plugin v27.3 - https:\/\/yoast.com\/product\/yoast-seo-wordpress\/ -->\n<title>M\u00e4nguasjakast Swing , \u041d\u041e\u0412\u042b\u0415 \u0422\u041e\u0412\u0410\u0420\u042b, K\u043e\u043c\u043e\u0434\u044b, \u044f\u0449\u0438\u043a\u0438, \u042f\u0449\u0438\u043a\u0438 \u0434\u043b\u044f \u0438\u0433\u0440\u0443\u0448\u0435\u043a, \u042f\u0449\u0438\u043a\u0438 \u0434\u043b\u044f \u0445\u0440\u0430\u043d\u0435\u043d\u0438\u044f \u0432\u0435\u0449\u0435\u0439, M\u0435\u0431\u0435\u043b\u044c, Beebipood<\/title>\n<meta name=\"description\" content=\"M\u00e4nguasjakast Swing , m&ouml;&ouml;bliplaat, MDF ja t&auml;ispuitviimistlus: valge\/naturalsobib nii poisi kui t&uuml;druku tuppavalmistami\" \/>\n<meta name=\"robots\" content=\"index, follow, max-snippet:-1, max-image-preview:large, max-video-preview:-1\" \/>\n<link rel=\"canonical\" href=\"https:\/\/beebipood.ee\/ru\/produkt\/manguasjakast-swing\/\" \/>\n<meta property=\"og:locale\" content=\"ru_RU\" \/>\n<meta property=\"og:type\" content=\"article\" \/>\n<meta property=\"og:title\" content=\"M\u00e4nguasjakast Swing , \u041d\u041e\u0412\u042b\u0415 \u0422\u041e\u0412\u0410\u0420\u042b, K\u043e\u043c\u043e\u0434\u044b, \u044f\u0449\u0438\u043a\u0438, \u042f\u0449\u0438\u043a\u0438 \u0434\u043b\u044f \u0438\u0433\u0440\u0443\u0448\u0435\u043a, \u042f\u0449\u0438\u043a\u0438 \u0434\u043b\u044f \u0445\u0440\u0430\u043d\u0435\u043d\u0438\u044f \u0432\u0435\u0449\u0435\u0439, M\u0435\u0431\u0435\u043b\u044c, Beebipood\" \/>\n<meta property=\"og:description\" content=\"M\u00e4nguasjakast Swing , m&ouml;&ouml;bliplaat, MDF ja t&auml;ispuitviimistlus: valge\/naturalsobib nii poisi kui t&uuml;druku tuppavalmistami\" \/>\n<meta property=\"og:url\" content=\"https:\/\/beebipood.ee\/ru\/produkt\/manguasjakast-swing\/\" \/>\n<meta property=\"og:site_name\" content=\"Beebipood\" \/>\n<meta property=\"article:modified_time\" content=\"2025-01-09T08:50:07+00:00\" \/>\n<meta property=\"og:image\" content=\"https:\/\/beebipood.ee\/wp-content\/uploads\/2016\/05\/Manguasjakast-Swing-Kummutid-kastid-Manguasjakastid-Hoiukastid-Lastemoobel-ja-sisustus_1-102.jpg\" \/>\n\t<meta property=\"og:image:width\" content=\"2362\" \/>\n\t<meta property=\"og:image:height\" content=\"2008\" \/>\n\t<meta property=\"og:image:type\" content=\"image\/jpeg\" \/>\n<meta name=\"twitter:card\" content=\"summary_large_image\" \/>\n<script type=\"application\/ld+json\" class=\"yoast-schema-graph\">{\"@context\":\"https:\\\/\\\/schema.org\",\"@graph\":[{\"@type\":\"WebPage\",\"@id\":\"https:\\\/\\\/beebipood.ee\\\/ru\\\/produkt\\\/manguasjakast-swing\\\/\",\"url\":\"https:\\\/\\\/beebipood.ee\\\/ru\\\/produkt\\\/manguasjakast-swing\\\/\",\"name\":\"M\u00e4nguasjakast Swing , \u041d\u041e\u0412\u042b\u0415 \u0422\u041e\u0412\u0410\u0420\u042b, K\u043e\u043c\u043e\u0434\u044b, \u044f\u0449\u0438\u043a\u0438, \u042f\u0449\u0438\u043a\u0438 \u0434\u043b\u044f \u0438\u0433\u0440\u0443\u0448\u0435\u043a, \u042f\u0449\u0438\u043a\u0438 \u0434\u043b\u044f \u0445\u0440\u0430\u043d\u0435\u043d\u0438\u044f \u0432\u0435\u0449\u0435\u0439, M\u0435\u0431\u0435\u043b\u044c, Beebipood\",\"isPartOf\":{\"@id\":\"https:\\\/\\\/beebipood.ee\\\/ru\\\/#website\"},\"primaryImageOfPage\":{\"@id\":\"https:\\\/\\\/beebipood.ee\\\/ru\\\/produkt\\\/manguasjakast-swing\\\/#primaryimage\"},\"image\":{\"@id\":\"https:\\\/\\\/beebipood.ee\\\/ru\\\/produkt\\\/manguasjakast-swing\\\/#primaryimage\"},\"thumbnailUrl\":\"https:\\\/\\\/beebipood.ee\\\/wp-content\\\/uploads\\\/2016\\\/05\\\/Manguasjakast-Swing-Kummutid-kastid-Manguasjakastid-Hoiukastid-Lastemoobel-ja-sisustus_1-102.jpg\",\"datePublished\":\"2016-05-23T09:33:54+00:00\",\"dateModified\":\"2025-01-09T08:50:07+00:00\",\"description\":\"M\u00e4nguasjakast Swing , m&ouml;&ouml;bliplaat, MDF ja t&auml;ispuitviimistlus: valge\\\/naturalsobib nii poisi kui t&uuml;druku tuppavalmistami\",\"breadcrumb\":{\"@id\":\"https:\\\/\\\/beebipood.ee\\\/ru\\\/produkt\\\/manguasjakast-swing\\\/#breadcrumb\"},\"inLanguage\":\"ru-RU\",\"potentialAction\":[{\"@type\":\"ReadAction\",\"target\":[\"https:\\\/\\\/beebipood.ee\\\/ru\\\/produkt\\\/manguasjakast-swing\\\/\"]}]},{\"@type\":\"ImageObject\",\"inLanguage\":\"ru-RU\",\"@id\":\"https:\\\/\\\/beebipood.ee\\\/ru\\\/produkt\\\/manguasjakast-swing\\\/#primaryimage\",\"url\":\"https:\\\/\\\/beebipood.ee\\\/wp-content\\\/uploads\\\/2016\\\/05\\\/Manguasjakast-Swing-Kummutid-kastid-Manguasjakastid-Hoiukastid-Lastemoobel-ja-sisustus_1-102.jpg\",\"contentUrl\":\"https:\\\/\\\/beebipood.ee\\\/wp-content\\\/uploads\\\/2016\\\/05\\\/Manguasjakast-Swing-Kummutid-kastid-Manguasjakastid-Hoiukastid-Lastemoobel-ja-sisustus_1-102.jpg\",\"width\":2362,\"height\":2008},{\"@type\":\"BreadcrumbList\",\"@id\":\"https:\\\/\\\/beebipood.ee\\\/ru\\\/produkt\\\/manguasjakast-swing\\\/#breadcrumb\",\"itemListElement\":[{\"@type\":\"ListItem\",\"position\":1,\"name\":\"Home\",\"item\":\"https:\\\/\\\/beebipood.ee\\\/ru\\\/\"},{\"@type\":\"ListItem\",\"position\":2,\"name\":\"\u041a\u0430\u0442\u0430\u043b\u043e\u0433 \u0442\u043e\u0432\u0430\u0440\u043e\u0432\",\"item\":\"https:\\\/\\\/beebipood.ee\\\/tooted\\\/\"},{\"@type\":\"ListItem\",\"position\":3,\"name\":\"M\u00e4nguasjakast Swing\"}]},{\"@type\":\"WebSite\",\"@id\":\"https:\\\/\\\/beebipood.ee\\\/ru\\\/#website\",\"url\":\"https:\\\/\\\/beebipood.ee\\\/ru\\\/\",\"name\":\"Beebipood\",\"description\":\"Lastekaubad, beebikaubad, m\u00e4nguasjad\",\"publisher\":{\"@id\":\"https:\\\/\\\/beebipood.ee\\\/ru\\\/#organization\"},\"potentialAction\":[{\"@type\":\"SearchAction\",\"target\":{\"@type\":\"EntryPoint\",\"urlTemplate\":\"https:\\\/\\\/beebipood.ee\\\/ru\\\/?s={search_term_string}\"},\"query-input\":{\"@type\":\"PropertyValueSpecification\",\"valueRequired\":true,\"valueName\":\"search_term_string\"}}],\"inLanguage\":\"ru-RU\"},{\"@type\":\"Organization\",\"@id\":\"https:\\\/\\\/beebipood.ee\\\/ru\\\/#organization\",\"name\":\"Beebipood\",\"url\":\"https:\\\/\\\/beebipood.ee\\\/ru\\\/\",\"logo\":{\"@type\":\"ImageObject\",\"inLanguage\":\"ru-RU\",\"@id\":\"https:\\\/\\\/beebipood.ee\\\/ru\\\/#\\\/schema\\\/logo\\\/image\\\/\",\"url\":\"https:\\\/\\\/beebipood.ee\\\/wp-content\\\/uploads\\\/2025\\\/03\\\/beebipood.ee-logo-1.svg\",\"contentUrl\":\"https:\\\/\\\/beebipood.ee\\\/wp-content\\\/uploads\\\/2025\\\/03\\\/beebipood.ee-logo-1.svg\",\"caption\":\"Beebipood\"},\"image\":{\"@id\":\"https:\\\/\\\/beebipood.ee\\\/ru\\\/#\\\/schema\\\/logo\\\/image\\\/\"}}]}<\/script>\n<!-- \/ Yoast SEO plugin. -->","yoast_head_json":{"title":"M\u00e4nguasjakast Swing , \u041d\u041e\u0412\u042b\u0415 \u0422\u041e\u0412\u0410\u0420\u042b, K\u043e\u043c\u043e\u0434\u044b, \u044f\u0449\u0438\u043a\u0438, \u042f\u0449\u0438\u043a\u0438 \u0434\u043b\u044f \u0438\u0433\u0440\u0443\u0448\u0435\u043a, \u042f\u0449\u0438\u043a\u0438 \u0434\u043b\u044f \u0445\u0440\u0430\u043d\u0435\u043d\u0438\u044f \u0432\u0435\u0449\u0435\u0439, M\u0435\u0431\u0435\u043b\u044c, Beebipood","description":"M\u00e4nguasjakast Swing , m&ouml;&ouml;bliplaat, MDF ja t&auml;ispuitviimistlus: valge\/naturalsobib nii poisi kui t&uuml;druku tuppavalmistami","robots":{"index":"index","follow":"follow","max-snippet":"max-snippet:-1","max-image-preview":"max-image-preview:large","max-video-preview":"max-video-preview:-1"},"canonical":"https:\/\/beebipood.ee\/ru\/produkt\/manguasjakast-swing\/","og_locale":"ru_RU","og_type":"article","og_title":"M\u00e4nguasjakast Swing , \u041d\u041e\u0412\u042b\u0415 \u0422\u041e\u0412\u0410\u0420\u042b, K\u043e\u043c\u043e\u0434\u044b, \u044f\u0449\u0438\u043a\u0438, \u042f\u0449\u0438\u043a\u0438 \u0434\u043b\u044f \u0438\u0433\u0440\u0443\u0448\u0435\u043a, \u042f\u0449\u0438\u043a\u0438 \u0434\u043b\u044f \u0445\u0440\u0430\u043d\u0435\u043d\u0438\u044f \u0432\u0435\u0449\u0435\u0439, M\u0435\u0431\u0435\u043b\u044c, Beebipood","og_description":"M\u00e4nguasjakast Swing , m&ouml;&ouml;bliplaat, MDF ja t&auml;ispuitviimistlus: valge\/naturalsobib nii poisi kui t&uuml;druku tuppavalmistami","og_url":"https:\/\/beebipood.ee\/ru\/produkt\/manguasjakast-swing\/","og_site_name":"Beebipood","article_modified_time":"2025-01-09T08:50:07+00:00","og_image":[{"width":2362,"height":2008,"url":"https:\/\/beebipood.ee\/wp-content\/uploads\/2016\/05\/Manguasjakast-Swing-Kummutid-kastid-Manguasjakastid-Hoiukastid-Lastemoobel-ja-sisustus_1-102.jpg","type":"image\/jpeg"}],"twitter_card":"summary_large_image","schema":{"@context":"https:\/\/schema.org","@graph":[{"@type":"WebPage","@id":"https:\/\/beebipood.ee\/ru\/produkt\/manguasjakast-swing\/","url":"https:\/\/beebipood.ee\/ru\/produkt\/manguasjakast-swing\/","name":"M\u00e4nguasjakast Swing , \u041d\u041e\u0412\u042b\u0415 \u0422\u041e\u0412\u0410\u0420\u042b, K\u043e\u043c\u043e\u0434\u044b, \u044f\u0449\u0438\u043a\u0438, \u042f\u0449\u0438\u043a\u0438 \u0434\u043b\u044f \u0438\u0433\u0440\u0443\u0448\u0435\u043a, \u042f\u0449\u0438\u043a\u0438 \u0434\u043b\u044f \u0445\u0440\u0430\u043d\u0435\u043d\u0438\u044f \u0432\u0435\u0449\u0435\u0439, M\u0435\u0431\u0435\u043b\u044c, Beebipood","isPartOf":{"@id":"https:\/\/beebipood.ee\/ru\/#website"},"primaryImageOfPage":{"@id":"https:\/\/beebipood.ee\/ru\/produkt\/manguasjakast-swing\/#primaryimage"},"image":{"@id":"https:\/\/beebipood.ee\/ru\/produkt\/manguasjakast-swing\/#primaryimage"},"thumbnailUrl":"https:\/\/beebipood.ee\/wp-content\/uploads\/2016\/05\/Manguasjakast-Swing-Kummutid-kastid-Manguasjakastid-Hoiukastid-Lastemoobel-ja-sisustus_1-102.jpg","datePublished":"2016-05-23T09:33:54+00:00","dateModified":"2025-01-09T08:50:07+00:00","description":"M\u00e4nguasjakast Swing , m&ouml;&ouml;bliplaat, MDF ja t&auml;ispuitviimistlus: valge\/naturalsobib nii poisi kui t&uuml;druku tuppavalmistami","breadcrumb":{"@id":"https:\/\/beebipood.ee\/ru\/produkt\/manguasjakast-swing\/#breadcrumb"},"inLanguage":"ru-RU","potentialAction":[{"@type":"ReadAction","target":["https:\/\/beebipood.ee\/ru\/produkt\/manguasjakast-swing\/"]}]},{"@type":"ImageObject","inLanguage":"ru-RU","@id":"https:\/\/beebipood.ee\/ru\/produkt\/manguasjakast-swing\/#primaryimage","url":"https:\/\/beebipood.ee\/wp-content\/uploads\/2016\/05\/Manguasjakast-Swing-Kummutid-kastid-Manguasjakastid-Hoiukastid-Lastemoobel-ja-sisustus_1-102.jpg","contentUrl":"https:\/\/beebipood.ee\/wp-content\/uploads\/2016\/05\/Manguasjakast-Swing-Kummutid-kastid-Manguasjakastid-Hoiukastid-Lastemoobel-ja-sisustus_1-102.jpg","width":2362,"height":2008},{"@type":"BreadcrumbList","@id":"https:\/\/beebipood.ee\/ru\/produkt\/manguasjakast-swing\/#breadcrumb","itemListElement":[{"@type":"ListItem","position":1,"name":"Home","item":"https:\/\/beebipood.ee\/ru\/"},{"@type":"ListItem","position":2,"name":"\u041a\u0430\u0442\u0430\u043b\u043e\u0433 \u0442\u043e\u0432\u0430\u0440\u043e\u0432","item":"https:\/\/beebipood.ee\/tooted\/"},{"@type":"ListItem","position":3,"name":"M\u00e4nguasjakast Swing"}]},{"@type":"WebSite","@id":"https:\/\/beebipood.ee\/ru\/#website","url":"https:\/\/beebipood.ee\/ru\/","name":"Beebipood","description":"Lastekaubad, beebikaubad, m\u00e4nguasjad","publisher":{"@id":"https:\/\/beebipood.ee\/ru\/#organization"},"potentialAction":[{"@type":"SearchAction","target":{"@type":"EntryPoint","urlTemplate":"https:\/\/beebipood.ee\/ru\/?s={search_term_string}"},"query-input":{"@type":"PropertyValueSpecification","valueRequired":true,"valueName":"search_term_string"}}],"inLanguage":"ru-RU"},{"@type":"Organization","@id":"https:\/\/beebipood.ee\/ru\/#organization","name":"Beebipood","url":"https:\/\/beebipood.ee\/ru\/","logo":{"@type":"ImageObject","inLanguage":"ru-RU","@id":"https:\/\/beebipood.ee\/ru\/#\/schema\/logo\/image\/","url":"https:\/\/beebipood.ee\/wp-content\/uploads\/2025\/03\/beebipood.ee-logo-1.svg","contentUrl":"https:\/\/beebipood.ee\/wp-content\/uploads\/2025\/03\/beebipood.ee-logo-1.svg","caption":"Beebipood"},"image":{"@id":"https:\/\/beebipood.ee\/ru\/#\/schema\/logo\/image\/"}}]}},"brands":[],"_links":{"self":[{"href":"https:\/\/beebipood.ee\/ru\/wp-json\/wp\/v2\/product\/456986","targetHints":{"allow":["GET"]}}],"collection":[{"href":"https:\/\/beebipood.ee\/ru\/wp-json\/wp\/v2\/product"}],"about":[{"href":"https:\/\/beebipood.ee\/ru\/wp-json\/wp\/v2\/types\/product"}],"wp:featuredmedia":[{"embeddable":true,"href":"https:\/\/beebipood.ee\/ru\/wp-json\/wp\/v2\/media\/111848"}],"wp:attachment":[{"href":"https:\/\/beebipood.ee\/ru\/wp-json\/wp\/v2\/media?parent=456986"}],"wp:term":[{"taxonomy":"pwb-brand","embeddable":true,"href":"https:\/\/beebipood.ee\/ru\/wp-json\/wp\/v2\/pwb-brand?post=456986"},{"taxonomy":"product_brand","embeddable":true,"href":"https:\/\/beebipood.ee\/ru\/wp-json\/wp\/v2\/product_brand?post=456986"},{"taxonomy":"product_cat","embeddable":true,"href":"https:\/\/beebipood.ee\/ru\/wp-json\/wp\/v2\/product_cat?post=456986"},{"taxonomy":"product_tag","embeddable":true,"href":"https:\/\/beebipood.ee\/ru\/wp-json\/wp\/v2\/product_tag?post=456986"}],"curies":[{"name":"wp","href":"https:\/\/api.w.org\/{rel}","templated":true}]}}