{"id":456988,"date":"2016-05-23T12:50:54","date_gmt":"2016-05-23T09:50:54","guid":{"rendered":"https:\/\/beebipood.ee\/toode\/manguasjakast-asiento\/"},"modified":"2025-01-09T10:50:07","modified_gmt":"2025-01-09T08:50:07","slug":"manguasjakast-asiento","status":"publish","type":"product","link":"https:\/\/beebipood.ee\/ru\/produkt\/manguasjakast-asiento\/","title":{"rendered":"M\u00e4nguasjakast Asiento"},"content":{"rendered":"<ul>\n<li>valmistatud kvaliteetsest\u00a0m\u00e4nnipuidust<\/li>\n<li>viimistlus:\u00a0<span>valge v\u00f5i vanilje tooni<\/span><\/li>\n<li>sobib nii poisi kui t\u00fcdruku tuppa<\/li>\n<li>valmistamisel on kasutatud kaasaegset tehnoloogiat ja A-klass tarvikuid ning furnituure<\/li>\n<li>parim toode perele kes hindab kvaliteeti ning huvitavat disaini<\/li>\n<li>kasti kaas on varustatud turvalise aeglaselt sulguva amordiga, et lapse s\u00f5rmed ohtu ei satuks<\/li>\n<li>viimistlemisel on kasutatud ainult sertifitseeritud orgaanilisi v\u00e4rve<\/li>\n<li>toode vastab k\u00f5ikidele\u00a0<span>EN turvastandarditele<\/span><\/li>\n<\/ul>\n","protected":false},"excerpt":{"rendered":"<p>valmistatud kvaliteetsest\u00a0m\u00e4nnipuidust viimistlus:\u00a0valge v\u00f5i vanilje tooni sobib nii poisi kui t\u00fcdruku tuppa valmistamisel on kasutatud kaasaegset tehnoloogiat ja A-klass tarvikuid ning furnituure parim toode perele kes hindab kvaliteeti ning huvitavat disaini kasti kaas on varustatud turvalise aeglaselt sulguva amordiga, et lapse s\u00f5rmed ohtu ei satuks viimistlemisel on kasutatud ainult sertifitseeritud orgaanilisi v\u00e4rve toode vastab k\u00f5ikidele\u00a0EN [&hellip;]<\/p>\n","protected":false},"featured_media":111852,"template":"","meta":{"_acf_changed":false},"pwb-brand":[],"product_brand":[],"product_cat":[11663,11665,11623,11789],"product_tag":[],"class_list":{"0":"post-456988","1":"product","2":"type-product","3":"status-publish","4":"has-post-thumbnail","6":"product_cat-manguasjakastid-ru","7":"product_cat-hoiukastid-ru","8":"product_cat-kummutid-kastid-ru","9":"product_cat-lastemoobel-ja-sisustus-ru","11":"first","12":"onbackorder","13":"sale","14":"taxable","15":"shipping-taxable","16":"purchasable","17":"product-type-simple"},"exclude_global_add_ons":false,"addons":[{"name":"Vali v\u00e4rv","type":"multiple_choice","position":0,"required":true,"title_format":"heading","default":"","description_enable":false,"description":"","placeholder_enable":false,"placeholder":"","display":"select","restrictions_type":"any_text","adjust_price":false,"price":"","price_type":"flat_fee","restrictions":false,"min":"0","max":"0","options":[{"label":"valge","price":"","price_type":"quantity_based","image":0,"visibility":true},{"label":"vanilje","price":"","price_type":"quantity_based","image":0,"visibility":true}]}],"acf":[],"yoast_head":"<!-- This site is optimized with the Yoast SEO plugin v27.3 - https:\/\/yoast.com\/product\/yoast-seo-wordpress\/ -->\n<title>M\u00e4nguasjakast Asiento, K\u043e\u043c\u043e\u0434\u044b, \u044f\u0449\u0438\u043a\u0438, \u042f\u0449\u0438\u043a\u0438 \u0434\u043b\u044f \u0438\u0433\u0440\u0443\u0448\u0435\u043a, \u042f\u0449\u0438\u043a\u0438 \u0434\u043b\u044f \u0445\u0440\u0430\u043d\u0435\u043d\u0438\u044f \u0432\u0435\u0449\u0435\u0439, M\u0435\u0431\u0435\u043b\u044c, Beebipood<\/title>\n<meta name=\"description\" content=\"M\u00e4nguasjakast Asiento, valmistatud kvaliteetsest&nbsp;m&auml;nnipuidust viimistlus:&nbsp;valge v&otilde;i vanilje tooni\" \/>\n<meta name=\"robots\" content=\"index, follow, max-snippet:-1, max-image-preview:large, max-video-preview:-1\" \/>\n<link rel=\"canonical\" href=\"https:\/\/beebipood.ee\/ru\/produkt\/manguasjakast-asiento\/\" \/>\n<meta property=\"og:locale\" content=\"ru_RU\" \/>\n<meta property=\"og:type\" content=\"article\" \/>\n<meta property=\"og:title\" content=\"M\u00e4nguasjakast Asiento, K\u043e\u043c\u043e\u0434\u044b, \u044f\u0449\u0438\u043a\u0438, \u042f\u0449\u0438\u043a\u0438 \u0434\u043b\u044f \u0438\u0433\u0440\u0443\u0448\u0435\u043a, \u042f\u0449\u0438\u043a\u0438 \u0434\u043b\u044f \u0445\u0440\u0430\u043d\u0435\u043d\u0438\u044f \u0432\u0435\u0449\u0435\u0439, M\u0435\u0431\u0435\u043b\u044c, Beebipood\" \/>\n<meta property=\"og:description\" content=\"M\u00e4nguasjakast Asiento, valmistatud kvaliteetsest&nbsp;m&auml;nnipuidust viimistlus:&nbsp;valge v&otilde;i vanilje tooni\" \/>\n<meta property=\"og:url\" content=\"https:\/\/beebipood.ee\/ru\/produkt\/manguasjakast-asiento\/\" \/>\n<meta property=\"og:site_name\" content=\"Beebipood\" \/>\n<meta property=\"article:modified_time\" content=\"2025-01-09T08:50:07+00:00\" \/>\n<meta property=\"og:image\" content=\"https:\/\/beebipood.ee\/wp-content\/uploads\/2016\/05\/Manguasjakast-Asiento-UUED-TOOTED-Kummutid-kastid-Manguasjakastid-Hoiukastid-Lastemoobel-ja-sisustus_1-b23.jpg\" \/>\n\t<meta property=\"og:image:width\" content=\"721\" \/>\n\t<meta property=\"og:image:height\" content=\"768\" \/>\n\t<meta property=\"og:image:type\" content=\"image\/jpeg\" \/>\n<meta name=\"twitter:card\" content=\"summary_large_image\" \/>\n<script type=\"application\/ld+json\" class=\"yoast-schema-graph\">{\"@context\":\"https:\\\/\\\/schema.org\",\"@graph\":[{\"@type\":\"WebPage\",\"@id\":\"https:\\\/\\\/beebipood.ee\\\/ru\\\/produkt\\\/manguasjakast-asiento\\\/\",\"url\":\"https:\\\/\\\/beebipood.ee\\\/ru\\\/produkt\\\/manguasjakast-asiento\\\/\",\"name\":\"M\u00e4nguasjakast Asiento, K\u043e\u043c\u043e\u0434\u044b, \u044f\u0449\u0438\u043a\u0438, \u042f\u0449\u0438\u043a\u0438 \u0434\u043b\u044f \u0438\u0433\u0440\u0443\u0448\u0435\u043a, \u042f\u0449\u0438\u043a\u0438 \u0434\u043b\u044f \u0445\u0440\u0430\u043d\u0435\u043d\u0438\u044f \u0432\u0435\u0449\u0435\u0439, M\u0435\u0431\u0435\u043b\u044c, Beebipood\",\"isPartOf\":{\"@id\":\"https:\\\/\\\/beebipood.ee\\\/ru\\\/#website\"},\"primaryImageOfPage\":{\"@id\":\"https:\\\/\\\/beebipood.ee\\\/ru\\\/produkt\\\/manguasjakast-asiento\\\/#primaryimage\"},\"image\":{\"@id\":\"https:\\\/\\\/beebipood.ee\\\/ru\\\/produkt\\\/manguasjakast-asiento\\\/#primaryimage\"},\"thumbnailUrl\":\"https:\\\/\\\/beebipood.ee\\\/wp-content\\\/uploads\\\/2016\\\/05\\\/Manguasjakast-Asiento-UUED-TOOTED-Kummutid-kastid-Manguasjakastid-Hoiukastid-Lastemoobel-ja-sisustus_1-b23.jpg\",\"datePublished\":\"2016-05-23T09:50:54+00:00\",\"dateModified\":\"2025-01-09T08:50:07+00:00\",\"description\":\"M\u00e4nguasjakast Asiento, valmistatud kvaliteetsest&nbsp;m&auml;nnipuidust viimistlus:&nbsp;valge v&otilde;i vanilje tooni\",\"breadcrumb\":{\"@id\":\"https:\\\/\\\/beebipood.ee\\\/ru\\\/produkt\\\/manguasjakast-asiento\\\/#breadcrumb\"},\"inLanguage\":\"ru-RU\",\"potentialAction\":[{\"@type\":\"ReadAction\",\"target\":[\"https:\\\/\\\/beebipood.ee\\\/ru\\\/produkt\\\/manguasjakast-asiento\\\/\"]}]},{\"@type\":\"ImageObject\",\"inLanguage\":\"ru-RU\",\"@id\":\"https:\\\/\\\/beebipood.ee\\\/ru\\\/produkt\\\/manguasjakast-asiento\\\/#primaryimage\",\"url\":\"https:\\\/\\\/beebipood.ee\\\/wp-content\\\/uploads\\\/2016\\\/05\\\/Manguasjakast-Asiento-UUED-TOOTED-Kummutid-kastid-Manguasjakastid-Hoiukastid-Lastemoobel-ja-sisustus_1-b23.jpg\",\"contentUrl\":\"https:\\\/\\\/beebipood.ee\\\/wp-content\\\/uploads\\\/2016\\\/05\\\/Manguasjakast-Asiento-UUED-TOOTED-Kummutid-kastid-Manguasjakastid-Hoiukastid-Lastemoobel-ja-sisustus_1-b23.jpg\",\"width\":721,\"height\":768},{\"@type\":\"BreadcrumbList\",\"@id\":\"https:\\\/\\\/beebipood.ee\\\/ru\\\/produkt\\\/manguasjakast-asiento\\\/#breadcrumb\",\"itemListElement\":[{\"@type\":\"ListItem\",\"position\":1,\"name\":\"Home\",\"item\":\"https:\\\/\\\/beebipood.ee\\\/ru\\\/\"},{\"@type\":\"ListItem\",\"position\":2,\"name\":\"\u041a\u0430\u0442\u0430\u043b\u043e\u0433 \u0442\u043e\u0432\u0430\u0440\u043e\u0432\",\"item\":\"https:\\\/\\\/beebipood.ee\\\/tooted\\\/\"},{\"@type\":\"ListItem\",\"position\":3,\"name\":\"M\u00e4nguasjakast Asiento\"}]},{\"@type\":\"WebSite\",\"@id\":\"https:\\\/\\\/beebipood.ee\\\/ru\\\/#website\",\"url\":\"https:\\\/\\\/beebipood.ee\\\/ru\\\/\",\"name\":\"Beebipood\",\"description\":\"Lastekaubad, beebikaubad, m\u00e4nguasjad\",\"publisher\":{\"@id\":\"https:\\\/\\\/beebipood.ee\\\/ru\\\/#organization\"},\"potentialAction\":[{\"@type\":\"SearchAction\",\"target\":{\"@type\":\"EntryPoint\",\"urlTemplate\":\"https:\\\/\\\/beebipood.ee\\\/ru\\\/?s={search_term_string}\"},\"query-input\":{\"@type\":\"PropertyValueSpecification\",\"valueRequired\":true,\"valueName\":\"search_term_string\"}}],\"inLanguage\":\"ru-RU\"},{\"@type\":\"Organization\",\"@id\":\"https:\\\/\\\/beebipood.ee\\\/ru\\\/#organization\",\"name\":\"Beebipood\",\"url\":\"https:\\\/\\\/beebipood.ee\\\/ru\\\/\",\"logo\":{\"@type\":\"ImageObject\",\"inLanguage\":\"ru-RU\",\"@id\":\"https:\\\/\\\/beebipood.ee\\\/ru\\\/#\\\/schema\\\/logo\\\/image\\\/\",\"url\":\"https:\\\/\\\/beebipood.ee\\\/wp-content\\\/uploads\\\/2025\\\/03\\\/beebipood.ee-logo-1.svg\",\"contentUrl\":\"https:\\\/\\\/beebipood.ee\\\/wp-content\\\/uploads\\\/2025\\\/03\\\/beebipood.ee-logo-1.svg\",\"caption\":\"Beebipood\"},\"image\":{\"@id\":\"https:\\\/\\\/beebipood.ee\\\/ru\\\/#\\\/schema\\\/logo\\\/image\\\/\"}}]}<\/script>\n<!-- \/ Yoast SEO plugin. -->","yoast_head_json":{"title":"M\u00e4nguasjakast Asiento, K\u043e\u043c\u043e\u0434\u044b, \u044f\u0449\u0438\u043a\u0438, \u042f\u0449\u0438\u043a\u0438 \u0434\u043b\u044f \u0438\u0433\u0440\u0443\u0448\u0435\u043a, \u042f\u0449\u0438\u043a\u0438 \u0434\u043b\u044f \u0445\u0440\u0430\u043d\u0435\u043d\u0438\u044f \u0432\u0435\u0449\u0435\u0439, M\u0435\u0431\u0435\u043b\u044c, Beebipood","description":"M\u00e4nguasjakast Asiento, valmistatud kvaliteetsest&nbsp;m&auml;nnipuidust viimistlus:&nbsp;valge v&otilde;i vanilje tooni","robots":{"index":"index","follow":"follow","max-snippet":"max-snippet:-1","max-image-preview":"max-image-preview:large","max-video-preview":"max-video-preview:-1"},"canonical":"https:\/\/beebipood.ee\/ru\/produkt\/manguasjakast-asiento\/","og_locale":"ru_RU","og_type":"article","og_title":"M\u00e4nguasjakast Asiento, K\u043e\u043c\u043e\u0434\u044b, \u044f\u0449\u0438\u043a\u0438, \u042f\u0449\u0438\u043a\u0438 \u0434\u043b\u044f \u0438\u0433\u0440\u0443\u0448\u0435\u043a, \u042f\u0449\u0438\u043a\u0438 \u0434\u043b\u044f \u0445\u0440\u0430\u043d\u0435\u043d\u0438\u044f \u0432\u0435\u0449\u0435\u0439, M\u0435\u0431\u0435\u043b\u044c, Beebipood","og_description":"M\u00e4nguasjakast Asiento, valmistatud kvaliteetsest&nbsp;m&auml;nnipuidust viimistlus:&nbsp;valge v&otilde;i vanilje tooni","og_url":"https:\/\/beebipood.ee\/ru\/produkt\/manguasjakast-asiento\/","og_site_name":"Beebipood","article_modified_time":"2025-01-09T08:50:07+00:00","og_image":[{"width":721,"height":768,"url":"https:\/\/beebipood.ee\/wp-content\/uploads\/2016\/05\/Manguasjakast-Asiento-UUED-TOOTED-Kummutid-kastid-Manguasjakastid-Hoiukastid-Lastemoobel-ja-sisustus_1-b23.jpg","type":"image\/jpeg"}],"twitter_card":"summary_large_image","schema":{"@context":"https:\/\/schema.org","@graph":[{"@type":"WebPage","@id":"https:\/\/beebipood.ee\/ru\/produkt\/manguasjakast-asiento\/","url":"https:\/\/beebipood.ee\/ru\/produkt\/manguasjakast-asiento\/","name":"M\u00e4nguasjakast Asiento, K\u043e\u043c\u043e\u0434\u044b, \u044f\u0449\u0438\u043a\u0438, \u042f\u0449\u0438\u043a\u0438 \u0434\u043b\u044f \u0438\u0433\u0440\u0443\u0448\u0435\u043a, \u042f\u0449\u0438\u043a\u0438 \u0434\u043b\u044f \u0445\u0440\u0430\u043d\u0435\u043d\u0438\u044f \u0432\u0435\u0449\u0435\u0439, M\u0435\u0431\u0435\u043b\u044c, Beebipood","isPartOf":{"@id":"https:\/\/beebipood.ee\/ru\/#website"},"primaryImageOfPage":{"@id":"https:\/\/beebipood.ee\/ru\/produkt\/manguasjakast-asiento\/#primaryimage"},"image":{"@id":"https:\/\/beebipood.ee\/ru\/produkt\/manguasjakast-asiento\/#primaryimage"},"thumbnailUrl":"https:\/\/beebipood.ee\/wp-content\/uploads\/2016\/05\/Manguasjakast-Asiento-UUED-TOOTED-Kummutid-kastid-Manguasjakastid-Hoiukastid-Lastemoobel-ja-sisustus_1-b23.jpg","datePublished":"2016-05-23T09:50:54+00:00","dateModified":"2025-01-09T08:50:07+00:00","description":"M\u00e4nguasjakast Asiento, valmistatud kvaliteetsest&nbsp;m&auml;nnipuidust viimistlus:&nbsp;valge v&otilde;i vanilje tooni","breadcrumb":{"@id":"https:\/\/beebipood.ee\/ru\/produkt\/manguasjakast-asiento\/#breadcrumb"},"inLanguage":"ru-RU","potentialAction":[{"@type":"ReadAction","target":["https:\/\/beebipood.ee\/ru\/produkt\/manguasjakast-asiento\/"]}]},{"@type":"ImageObject","inLanguage":"ru-RU","@id":"https:\/\/beebipood.ee\/ru\/produkt\/manguasjakast-asiento\/#primaryimage","url":"https:\/\/beebipood.ee\/wp-content\/uploads\/2016\/05\/Manguasjakast-Asiento-UUED-TOOTED-Kummutid-kastid-Manguasjakastid-Hoiukastid-Lastemoobel-ja-sisustus_1-b23.jpg","contentUrl":"https:\/\/beebipood.ee\/wp-content\/uploads\/2016\/05\/Manguasjakast-Asiento-UUED-TOOTED-Kummutid-kastid-Manguasjakastid-Hoiukastid-Lastemoobel-ja-sisustus_1-b23.jpg","width":721,"height":768},{"@type":"BreadcrumbList","@id":"https:\/\/beebipood.ee\/ru\/produkt\/manguasjakast-asiento\/#breadcrumb","itemListElement":[{"@type":"ListItem","position":1,"name":"Home","item":"https:\/\/beebipood.ee\/ru\/"},{"@type":"ListItem","position":2,"name":"\u041a\u0430\u0442\u0430\u043b\u043e\u0433 \u0442\u043e\u0432\u0430\u0440\u043e\u0432","item":"https:\/\/beebipood.ee\/tooted\/"},{"@type":"ListItem","position":3,"name":"M\u00e4nguasjakast Asiento"}]},{"@type":"WebSite","@id":"https:\/\/beebipood.ee\/ru\/#website","url":"https:\/\/beebipood.ee\/ru\/","name":"Beebipood","description":"Lastekaubad, beebikaubad, m\u00e4nguasjad","publisher":{"@id":"https:\/\/beebipood.ee\/ru\/#organization"},"potentialAction":[{"@type":"SearchAction","target":{"@type":"EntryPoint","urlTemplate":"https:\/\/beebipood.ee\/ru\/?s={search_term_string}"},"query-input":{"@type":"PropertyValueSpecification","valueRequired":true,"valueName":"search_term_string"}}],"inLanguage":"ru-RU"},{"@type":"Organization","@id":"https:\/\/beebipood.ee\/ru\/#organization","name":"Beebipood","url":"https:\/\/beebipood.ee\/ru\/","logo":{"@type":"ImageObject","inLanguage":"ru-RU","@id":"https:\/\/beebipood.ee\/ru\/#\/schema\/logo\/image\/","url":"https:\/\/beebipood.ee\/wp-content\/uploads\/2025\/03\/beebipood.ee-logo-1.svg","contentUrl":"https:\/\/beebipood.ee\/wp-content\/uploads\/2025\/03\/beebipood.ee-logo-1.svg","caption":"Beebipood"},"image":{"@id":"https:\/\/beebipood.ee\/ru\/#\/schema\/logo\/image\/"}}]}},"brands":[],"_links":{"self":[{"href":"https:\/\/beebipood.ee\/ru\/wp-json\/wp\/v2\/product\/456988","targetHints":{"allow":["GET"]}}],"collection":[{"href":"https:\/\/beebipood.ee\/ru\/wp-json\/wp\/v2\/product"}],"about":[{"href":"https:\/\/beebipood.ee\/ru\/wp-json\/wp\/v2\/types\/product"}],"wp:featuredmedia":[{"embeddable":true,"href":"https:\/\/beebipood.ee\/ru\/wp-json\/wp\/v2\/media\/111852"}],"wp:attachment":[{"href":"https:\/\/beebipood.ee\/ru\/wp-json\/wp\/v2\/media?parent=456988"}],"wp:term":[{"taxonomy":"pwb-brand","embeddable":true,"href":"https:\/\/beebipood.ee\/ru\/wp-json\/wp\/v2\/pwb-brand?post=456988"},{"taxonomy":"product_brand","embeddable":true,"href":"https:\/\/beebipood.ee\/ru\/wp-json\/wp\/v2\/product_brand?post=456988"},{"taxonomy":"product_cat","embeddable":true,"href":"https:\/\/beebipood.ee\/ru\/wp-json\/wp\/v2\/product_cat?post=456988"},{"taxonomy":"product_tag","embeddable":true,"href":"https:\/\/beebipood.ee\/ru\/wp-json\/wp\/v2\/product_tag?post=456988"}],"curies":[{"name":"wp","href":"https:\/\/api.w.org\/{rel}","templated":true}]}}