{"id":457002,"date":"2016-05-24T12:00:46","date_gmt":"2016-05-24T09:00:46","guid":{"rendered":"https:\/\/beebipood.ee\/toode\/beebimadrats-hilding-heros-kookos-60x120\/"},"modified":"2026-03-14T18:36:02","modified_gmt":"2026-03-14T16:36:02","slug":"beebimadrats-hilding-heros-kookos-60x120","status":"publish","type":"product","link":"https:\/\/beebipood.ee\/ru\/produkt\/beebimadrats-hilding-heros-kookos-60x120\/","title":{"rendered":"Beebimadrats HILDING Heros-kookos 60&#215;120"},"content":{"rendered":"<p>Madratsi \u00fchel pool on naturaalne kookoskiht, mis teeb madratsi pinna j\u00e4igemaks.<br \/>Madratsi teisel pool on \u00f5huline Flexifoam poroloon k\u00f5rgusega 9,6 cm.<br \/>V\u00f5imalik valida erineva j\u00e4ikusega poolte vahel.<br \/>Madratsi kattel on optiliste valgenditeta niiskuskindel <br \/>ja allergiavastane Lotus t\u00f6\u00f6tlus, mis ei v\u00f5ta sisse plekke ning on lihtsasti puhastatav.<br \/>Madratsi kate on eemaldatav ja pestav kuni 40-kraadisel temperatuuril.<br \/>Saadaval m\u00f5\u00f5dud: 60\u00d7120&#215;11; 70\u00d7140&#215;11 cm<br \/>J\u00c4IKUS &#8212; J\u00e4ik<br \/>PESTAVUS &#8212; kuni 40C<br \/>KANGA ERIT\u00d6\u00d6TLUS &#8212;\u00a0<span>Lotus<\/span><br \/>SISU &#8212;\u00a0Naturaalne kookoskiud \/ Flexifoam poroloon 9,6cm<br \/>K\u00d5RGUS &#8212; 11 cm<\/p>\n","protected":false},"excerpt":{"rendered":"<p>Madratsi \u00fchel pool on naturaalne kookoskiht, mis teeb madratsi pinna j\u00e4igemaks.Madratsi teisel pool on \u00f5huline Flexifoam poroloon k\u00f5rgusega 9,6 cm.V\u00f5imalik valida erineva j\u00e4ikusega poolte vahel.Madratsi kattel on optiliste valgenditeta niiskuskindel ja allergiavastane Lotus t\u00f6\u00f6tlus, mis ei v\u00f5ta sisse plekke ning on lihtsasti puhastatav.Madratsi kate on eemaldatav ja pestav kuni 40-kraadisel temperatuuril.Saadaval m\u00f5\u00f5dud: 60\u00d7120&#215;11; 70\u00d7140&#215;11 cmJ\u00c4IKUS [&hellip;]<\/p>\n","protected":false},"featured_media":111913,"template":"","meta":{"_acf_changed":false},"pwb-brand":[],"product_brand":[],"product_cat":[11595,11563,11789],"product_tag":[],"class_list":{"0":"post-457002","1":"product","2":"type-product","3":"status-publish","4":"has-post-thumbnail","6":"product_cat-kuni-60cm-laiused-ru","7":"product_cat-madratsid-ja-kattemadratsid-ru","8":"product_cat-lastemoobel-ja-sisustus-ru","10":"first","11":"onbackorder","12":"taxable","13":"shipping-taxable","14":"purchasable","15":"product-type-simple"},"exclude_global_add_ons":[],"addons":[],"acf":[],"yoast_head":"<!-- This site is optimized with the Yoast SEO plugin v27.1.1 - https:\/\/yoast.com\/product\/yoast-seo-wordpress\/ -->\n<title>Beebimadrats HILDING Heros-kookos 60x120, \u041c\u0430\u0442\u0440\u0430\u0441\u044b \u0438 \u043c\u0430\u0442\u0440\u0430\u0441\u044b-\u043f\u043e\u043a\u0440\u044b\u0432\u0430\u043b\u0430, \u0428\u0438\u0440\u0438\u043d\u043e\u0439 \u0434\u043e 60 c\u043c, M\u0435\u0431\u0435\u043b\u044c, Beebipood<\/title>\n<meta name=\"description\" content=\"Beebimadrats HILDING Heros-kookos 60x120, Madratsi &uuml;hel pool on naturaalne kookoskiht, mis teeb madratsi pinna j&auml;igemaks.Madratsi teisel pool\" \/>\n<meta name=\"robots\" content=\"index, follow, max-snippet:-1, max-image-preview:large, max-video-preview:-1\" \/>\n<link rel=\"canonical\" href=\"https:\/\/beebipood.ee\/ru\/produkt\/beebimadrats-hilding-heros-kookos-60x120\/\" \/>\n<meta property=\"og:locale\" content=\"ru_RU\" \/>\n<meta property=\"og:type\" content=\"article\" \/>\n<meta property=\"og:title\" content=\"Beebimadrats HILDING Heros-kookos 60x120, \u041c\u0430\u0442\u0440\u0430\u0441\u044b \u0438 \u043c\u0430\u0442\u0440\u0430\u0441\u044b-\u043f\u043e\u043a\u0440\u044b\u0432\u0430\u043b\u0430, \u0428\u0438\u0440\u0438\u043d\u043e\u0439 \u0434\u043e 60 c\u043c, M\u0435\u0431\u0435\u043b\u044c, Beebipood\" \/>\n<meta property=\"og:description\" content=\"Beebimadrats HILDING Heros-kookos 60x120, Madratsi &uuml;hel pool on naturaalne kookoskiht, mis teeb madratsi pinna j&auml;igemaks.Madratsi teisel pool\" \/>\n<meta property=\"og:url\" content=\"https:\/\/beebipood.ee\/ru\/produkt\/beebimadrats-hilding-heros-kookos-60x120\/\" \/>\n<meta property=\"og:site_name\" content=\"Beebipood\" \/>\n<meta property=\"article:modified_time\" content=\"2026-03-14T16:36:02+00:00\" \/>\n<meta property=\"og:image\" content=\"https:\/\/beebipood.ee\/wp-content\/uploads\/2016\/05\/Beebimadrats-HILDING-Heroskookos-60x120-Madratsid-ja-kattemadratsid-Kuni-60cm-laiused-Lastemoobel-ja-sisustus_2-6f1.jpg\" \/>\n\t<meta property=\"og:image:width\" content=\"2560\" \/>\n\t<meta property=\"og:image:height\" content=\"2126\" \/>\n\t<meta property=\"og:image:type\" content=\"image\/jpeg\" \/>\n<meta name=\"twitter:card\" content=\"summary_large_image\" \/>\n<script type=\"application\/ld+json\" class=\"yoast-schema-graph\">{\"@context\":\"https:\/\/schema.org\",\"@graph\":[{\"@type\":\"WebPage\",\"@id\":\"https:\/\/beebipood.ee\/ru\/produkt\/beebimadrats-hilding-heros-kookos-60x120\/\",\"url\":\"https:\/\/beebipood.ee\/ru\/produkt\/beebimadrats-hilding-heros-kookos-60x120\/\",\"name\":\"Beebimadrats HILDING Heros-kookos 60x120, \u041c\u0430\u0442\u0440\u0430\u0441\u044b \u0438 \u043c\u0430\u0442\u0440\u0430\u0441\u044b-\u043f\u043e\u043a\u0440\u044b\u0432\u0430\u043b\u0430, \u0428\u0438\u0440\u0438\u043d\u043e\u0439 \u0434\u043e 60 c\u043c, M\u0435\u0431\u0435\u043b\u044c, Beebipood\",\"isPartOf\":{\"@id\":\"https:\/\/beebipood.ee\/ru\/#website\"},\"primaryImageOfPage\":{\"@id\":\"https:\/\/beebipood.ee\/ru\/produkt\/beebimadrats-hilding-heros-kookos-60x120\/#primaryimage\"},\"image\":{\"@id\":\"https:\/\/beebipood.ee\/ru\/produkt\/beebimadrats-hilding-heros-kookos-60x120\/#primaryimage\"},\"thumbnailUrl\":\"https:\/\/beebipood.ee\/wp-content\/uploads\/2016\/05\/Beebimadrats-HILDING-Heroskookos-60x120-Madratsid-ja-kattemadratsid-Kuni-60cm-laiused-Lastemoobel-ja-sisustus_2-6f1.jpg\",\"datePublished\":\"2016-05-24T09:00:46+00:00\",\"dateModified\":\"2026-03-14T16:36:02+00:00\",\"description\":\"Beebimadrats HILDING Heros-kookos 60x120, Madratsi &uuml;hel pool on naturaalne kookoskiht, mis teeb madratsi pinna j&auml;igemaks.Madratsi teisel pool\",\"breadcrumb\":{\"@id\":\"https:\/\/beebipood.ee\/ru\/produkt\/beebimadrats-hilding-heros-kookos-60x120\/#breadcrumb\"},\"inLanguage\":\"ru-RU\",\"potentialAction\":[{\"@type\":\"ReadAction\",\"target\":[\"https:\/\/beebipood.ee\/ru\/produkt\/beebimadrats-hilding-heros-kookos-60x120\/\"]}]},{\"@type\":\"ImageObject\",\"inLanguage\":\"ru-RU\",\"@id\":\"https:\/\/beebipood.ee\/ru\/produkt\/beebimadrats-hilding-heros-kookos-60x120\/#primaryimage\",\"url\":\"https:\/\/beebipood.ee\/wp-content\/uploads\/2016\/05\/Beebimadrats-HILDING-Heroskookos-60x120-Madratsid-ja-kattemadratsid-Kuni-60cm-laiused-Lastemoobel-ja-sisustus_2-6f1.jpg\",\"contentUrl\":\"https:\/\/beebipood.ee\/wp-content\/uploads\/2016\/05\/Beebimadrats-HILDING-Heroskookos-60x120-Madratsid-ja-kattemadratsid-Kuni-60cm-laiused-Lastemoobel-ja-sisustus_2-6f1.jpg\",\"width\":2560,\"height\":2126},{\"@type\":\"BreadcrumbList\",\"@id\":\"https:\/\/beebipood.ee\/ru\/produkt\/beebimadrats-hilding-heros-kookos-60x120\/#breadcrumb\",\"itemListElement\":[{\"@type\":\"ListItem\",\"position\":1,\"name\":\"Home\",\"item\":\"https:\/\/beebipood.ee\/ru\/\"},{\"@type\":\"ListItem\",\"position\":2,\"name\":\"\u041a\u0430\u0442\u0430\u043b\u043e\u0433 \u0442\u043e\u0432\u0430\u0440\u043e\u0432\",\"item\":\"https:\/\/beebipood.ee\/tooted\/\"},{\"@type\":\"ListItem\",\"position\":3,\"name\":\"Beebimadrats HILDING Heros-kookos 60&#215;120\"}]},{\"@type\":\"WebSite\",\"@id\":\"https:\/\/beebipood.ee\/ru\/#website\",\"url\":\"https:\/\/beebipood.ee\/ru\/\",\"name\":\"Beebipood\",\"description\":\"Lastekaubad, beebikaubad, m\u00e4nguasjad\",\"publisher\":{\"@id\":\"https:\/\/beebipood.ee\/ru\/#organization\"},\"potentialAction\":[{\"@type\":\"SearchAction\",\"target\":{\"@type\":\"EntryPoint\",\"urlTemplate\":\"https:\/\/beebipood.ee\/ru\/?s={search_term_string}\"},\"query-input\":{\"@type\":\"PropertyValueSpecification\",\"valueRequired\":true,\"valueName\":\"search_term_string\"}}],\"inLanguage\":\"ru-RU\"},{\"@type\":\"Organization\",\"@id\":\"https:\/\/beebipood.ee\/ru\/#organization\",\"name\":\"Beebipood\",\"url\":\"https:\/\/beebipood.ee\/ru\/\",\"logo\":{\"@type\":\"ImageObject\",\"inLanguage\":\"ru-RU\",\"@id\":\"https:\/\/beebipood.ee\/ru\/#\/schema\/logo\/image\/\",\"url\":\"https:\/\/beebipood.ee\/wp-content\/uploads\/2025\/03\/beebipood.ee-logo-1.svg\",\"contentUrl\":\"https:\/\/beebipood.ee\/wp-content\/uploads\/2025\/03\/beebipood.ee-logo-1.svg\",\"caption\":\"Beebipood\"},\"image\":{\"@id\":\"https:\/\/beebipood.ee\/ru\/#\/schema\/logo\/image\/\"}}]}<\/script>\n<!-- \/ Yoast SEO plugin. -->","yoast_head_json":{"title":"Beebimadrats HILDING Heros-kookos 60x120, \u041c\u0430\u0442\u0440\u0430\u0441\u044b \u0438 \u043c\u0430\u0442\u0440\u0430\u0441\u044b-\u043f\u043e\u043a\u0440\u044b\u0432\u0430\u043b\u0430, \u0428\u0438\u0440\u0438\u043d\u043e\u0439 \u0434\u043e 60 c\u043c, M\u0435\u0431\u0435\u043b\u044c, Beebipood","description":"Beebimadrats HILDING Heros-kookos 60x120, Madratsi &uuml;hel pool on naturaalne kookoskiht, mis teeb madratsi pinna j&auml;igemaks.Madratsi teisel pool","robots":{"index":"index","follow":"follow","max-snippet":"max-snippet:-1","max-image-preview":"max-image-preview:large","max-video-preview":"max-video-preview:-1"},"canonical":"https:\/\/beebipood.ee\/ru\/produkt\/beebimadrats-hilding-heros-kookos-60x120\/","og_locale":"ru_RU","og_type":"article","og_title":"Beebimadrats HILDING Heros-kookos 60x120, \u041c\u0430\u0442\u0440\u0430\u0441\u044b \u0438 \u043c\u0430\u0442\u0440\u0430\u0441\u044b-\u043f\u043e\u043a\u0440\u044b\u0432\u0430\u043b\u0430, \u0428\u0438\u0440\u0438\u043d\u043e\u0439 \u0434\u043e 60 c\u043c, M\u0435\u0431\u0435\u043b\u044c, Beebipood","og_description":"Beebimadrats HILDING Heros-kookos 60x120, Madratsi &uuml;hel pool on naturaalne kookoskiht, mis teeb madratsi pinna j&auml;igemaks.Madratsi teisel pool","og_url":"https:\/\/beebipood.ee\/ru\/produkt\/beebimadrats-hilding-heros-kookos-60x120\/","og_site_name":"Beebipood","article_modified_time":"2026-03-14T16:36:02+00:00","og_image":[{"width":2560,"height":2126,"url":"https:\/\/beebipood.ee\/wp-content\/uploads\/2016\/05\/Beebimadrats-HILDING-Heroskookos-60x120-Madratsid-ja-kattemadratsid-Kuni-60cm-laiused-Lastemoobel-ja-sisustus_2-6f1.jpg","type":"image\/jpeg"}],"twitter_card":"summary_large_image","schema":{"@context":"https:\/\/schema.org","@graph":[{"@type":"WebPage","@id":"https:\/\/beebipood.ee\/ru\/produkt\/beebimadrats-hilding-heros-kookos-60x120\/","url":"https:\/\/beebipood.ee\/ru\/produkt\/beebimadrats-hilding-heros-kookos-60x120\/","name":"Beebimadrats HILDING Heros-kookos 60x120, \u041c\u0430\u0442\u0440\u0430\u0441\u044b \u0438 \u043c\u0430\u0442\u0440\u0430\u0441\u044b-\u043f\u043e\u043a\u0440\u044b\u0432\u0430\u043b\u0430, \u0428\u0438\u0440\u0438\u043d\u043e\u0439 \u0434\u043e 60 c\u043c, M\u0435\u0431\u0435\u043b\u044c, Beebipood","isPartOf":{"@id":"https:\/\/beebipood.ee\/ru\/#website"},"primaryImageOfPage":{"@id":"https:\/\/beebipood.ee\/ru\/produkt\/beebimadrats-hilding-heros-kookos-60x120\/#primaryimage"},"image":{"@id":"https:\/\/beebipood.ee\/ru\/produkt\/beebimadrats-hilding-heros-kookos-60x120\/#primaryimage"},"thumbnailUrl":"https:\/\/beebipood.ee\/wp-content\/uploads\/2016\/05\/Beebimadrats-HILDING-Heroskookos-60x120-Madratsid-ja-kattemadratsid-Kuni-60cm-laiused-Lastemoobel-ja-sisustus_2-6f1.jpg","datePublished":"2016-05-24T09:00:46+00:00","dateModified":"2026-03-14T16:36:02+00:00","description":"Beebimadrats HILDING Heros-kookos 60x120, Madratsi &uuml;hel pool on naturaalne kookoskiht, mis teeb madratsi pinna j&auml;igemaks.Madratsi teisel pool","breadcrumb":{"@id":"https:\/\/beebipood.ee\/ru\/produkt\/beebimadrats-hilding-heros-kookos-60x120\/#breadcrumb"},"inLanguage":"ru-RU","potentialAction":[{"@type":"ReadAction","target":["https:\/\/beebipood.ee\/ru\/produkt\/beebimadrats-hilding-heros-kookos-60x120\/"]}]},{"@type":"ImageObject","inLanguage":"ru-RU","@id":"https:\/\/beebipood.ee\/ru\/produkt\/beebimadrats-hilding-heros-kookos-60x120\/#primaryimage","url":"https:\/\/beebipood.ee\/wp-content\/uploads\/2016\/05\/Beebimadrats-HILDING-Heroskookos-60x120-Madratsid-ja-kattemadratsid-Kuni-60cm-laiused-Lastemoobel-ja-sisustus_2-6f1.jpg","contentUrl":"https:\/\/beebipood.ee\/wp-content\/uploads\/2016\/05\/Beebimadrats-HILDING-Heroskookos-60x120-Madratsid-ja-kattemadratsid-Kuni-60cm-laiused-Lastemoobel-ja-sisustus_2-6f1.jpg","width":2560,"height":2126},{"@type":"BreadcrumbList","@id":"https:\/\/beebipood.ee\/ru\/produkt\/beebimadrats-hilding-heros-kookos-60x120\/#breadcrumb","itemListElement":[{"@type":"ListItem","position":1,"name":"Home","item":"https:\/\/beebipood.ee\/ru\/"},{"@type":"ListItem","position":2,"name":"\u041a\u0430\u0442\u0430\u043b\u043e\u0433 \u0442\u043e\u0432\u0430\u0440\u043e\u0432","item":"https:\/\/beebipood.ee\/tooted\/"},{"@type":"ListItem","position":3,"name":"Beebimadrats HILDING Heros-kookos 60&#215;120"}]},{"@type":"WebSite","@id":"https:\/\/beebipood.ee\/ru\/#website","url":"https:\/\/beebipood.ee\/ru\/","name":"Beebipood","description":"Lastekaubad, beebikaubad, m\u00e4nguasjad","publisher":{"@id":"https:\/\/beebipood.ee\/ru\/#organization"},"potentialAction":[{"@type":"SearchAction","target":{"@type":"EntryPoint","urlTemplate":"https:\/\/beebipood.ee\/ru\/?s={search_term_string}"},"query-input":{"@type":"PropertyValueSpecification","valueRequired":true,"valueName":"search_term_string"}}],"inLanguage":"ru-RU"},{"@type":"Organization","@id":"https:\/\/beebipood.ee\/ru\/#organization","name":"Beebipood","url":"https:\/\/beebipood.ee\/ru\/","logo":{"@type":"ImageObject","inLanguage":"ru-RU","@id":"https:\/\/beebipood.ee\/ru\/#\/schema\/logo\/image\/","url":"https:\/\/beebipood.ee\/wp-content\/uploads\/2025\/03\/beebipood.ee-logo-1.svg","contentUrl":"https:\/\/beebipood.ee\/wp-content\/uploads\/2025\/03\/beebipood.ee-logo-1.svg","caption":"Beebipood"},"image":{"@id":"https:\/\/beebipood.ee\/ru\/#\/schema\/logo\/image\/"}}]}},"brands":[],"_links":{"self":[{"href":"https:\/\/beebipood.ee\/ru\/wp-json\/wp\/v2\/product\/457002","targetHints":{"allow":["GET"]}}],"collection":[{"href":"https:\/\/beebipood.ee\/ru\/wp-json\/wp\/v2\/product"}],"about":[{"href":"https:\/\/beebipood.ee\/ru\/wp-json\/wp\/v2\/types\/product"}],"wp:featuredmedia":[{"embeddable":true,"href":"https:\/\/beebipood.ee\/ru\/wp-json\/wp\/v2\/media\/111913"}],"wp:attachment":[{"href":"https:\/\/beebipood.ee\/ru\/wp-json\/wp\/v2\/media?parent=457002"}],"wp:term":[{"taxonomy":"pwb-brand","embeddable":true,"href":"https:\/\/beebipood.ee\/ru\/wp-json\/wp\/v2\/pwb-brand?post=457002"},{"taxonomy":"product_brand","embeddable":true,"href":"https:\/\/beebipood.ee\/ru\/wp-json\/wp\/v2\/product_brand?post=457002"},{"taxonomy":"product_cat","embeddable":true,"href":"https:\/\/beebipood.ee\/ru\/wp-json\/wp\/v2\/product_cat?post=457002"},{"taxonomy":"product_tag","embeddable":true,"href":"https:\/\/beebipood.ee\/ru\/wp-json\/wp\/v2\/product_tag?post=457002"}],"curies":[{"name":"wp","href":"https:\/\/api.w.org\/{rel}","templated":true}]}}