{"id":457008,"date":"2016-05-24T12:55:17","date_gmt":"2016-05-24T09:55:17","guid":{"rendered":"https:\/\/beebipood.ee\/toode\/hilding-breakdance-madrats-90x200\/"},"modified":"2025-01-09T10:50:06","modified_gmt":"2025-01-09T08:50:06","slug":"hilding-breakdance-madrats-90x200","status":"publish","type":"product","link":"https:\/\/beebipood.ee\/ru\/produkt\/hilding-breakdance-madrats-90x200\/","title":{"rendered":"HILDING Breakdance madrats 90&#215;200"},"content":{"rendered":"<p>HILDING on SLEEPWELL&#8217;i sari, mis koosneb tipp-tasemel poroloonmadratsitest<br \/>ning oma omadustelt ja vastupidavuselt ei j\u00e4\u00e4 millegipoolest alla vedrumadratsitele.<br \/>7- tsooniline, kahepoolne madrats<br \/>Omavahel \u00fchendatud kaks erikujulise profileeringuga Flexifoam porolooni kihti.<br \/>Kumbki pool on erineva j\u00e4ikusega.<br \/>Noortep\u00e4rane kate joonistustega.<br \/>Madratsi kate on eemaldatav ja pestav kuni 60 kraadisel temperatuuril.<br \/>Keskmise j\u00e4ikusega.<br \/>Madratsi paksus u. 18 cm.<br \/>Mugavamaks transportimiseks on madrats pakitud rulli.<\/p>\n","protected":false},"excerpt":{"rendered":"<p>HILDING on SLEEPWELL&#8217;i sari, mis koosneb tipp-tasemel poroloonmadratsitestning oma omadustelt ja vastupidavuselt ei j\u00e4\u00e4 millegipoolest alla vedrumadratsitele.7- tsooniline, kahepoolne madratsOmavahel \u00fchendatud kaks erikujulise profileeringuga Flexifoam porolooni kihti.Kumbki pool on erineva j\u00e4ikusega.Noortep\u00e4rane kate joonistustega.Madratsi kate on eemaldatav ja pestav kuni 60 kraadisel temperatuuril.Keskmise j\u00e4ikusega.Madratsi paksus u. 18 cm.Mugavamaks transportimiseks on madrats pakitud rulli.<\/p>\n","protected":false},"featured_media":111924,"template":"","meta":{"_acf_changed":false},"pwb-brand":[],"product_brand":[],"product_cat":[11573,11601,11563,11789],"product_tag":[],"class_list":{"0":"post-457008","1":"product","2":"type-product","3":"status-publish","4":"has-post-thumbnail","6":"product_cat-sooduspakkumised-ru","7":"product_cat-kuni-90cm-laiused-ru","8":"product_cat-madratsid-ja-kattemadratsid-ru","9":"product_cat-lastemoobel-ja-sisustus-ru","11":"first","12":"onbackorder","13":"sale","14":"taxable","15":"shipping-taxable","16":"purchasable","17":"product-type-simple"},"exclude_global_add_ons":[],"addons":[],"acf":[],"yoast_head":"<!-- This site is optimized with the Yoast SEO plugin v27.1.1 - https:\/\/yoast.com\/product\/yoast-seo-wordpress\/ -->\n<title>HILDING Breakdance madrats 90x200, \u041c\u0430\u0442\u0440\u0430\u0441\u044b \u0438 \u043c\u0430\u0442\u0440\u0430\u0441\u044b-\u043f\u043e\u043a\u0440\u044b\u0432\u0430\u043b\u0430, \u0428\u0438\u0440\u0438\u043d\u043e\u0439 \u0434\u043e 90 c\u043c, M\u0435\u0431\u0435\u043b\u044c, Hilding -20%, Beebipood<\/title>\n<meta name=\"description\" content=\"HILDING Breakdance madrats 90x200, HILDING on SLEEPWELL&#039;i sari, mis koosneb tipp-tasemel poroloonmadratsitestning oma omadustelt ja vastupidavuselt ei\" \/>\n<meta name=\"robots\" content=\"index, follow, max-snippet:-1, max-image-preview:large, max-video-preview:-1\" \/>\n<link rel=\"canonical\" href=\"https:\/\/beebipood.ee\/ru\/produkt\/hilding-breakdance-madrats-90x200\/\" \/>\n<meta property=\"og:locale\" content=\"ru_RU\" \/>\n<meta property=\"og:type\" content=\"article\" \/>\n<meta property=\"og:title\" content=\"HILDING Breakdance madrats 90x200, \u041c\u0430\u0442\u0440\u0430\u0441\u044b \u0438 \u043c\u0430\u0442\u0440\u0430\u0441\u044b-\u043f\u043e\u043a\u0440\u044b\u0432\u0430\u043b\u0430, \u0428\u0438\u0440\u0438\u043d\u043e\u0439 \u0434\u043e 90 c\u043c, M\u0435\u0431\u0435\u043b\u044c, Hilding -20%, Beebipood\" \/>\n<meta property=\"og:description\" content=\"HILDING Breakdance madrats 90x200, HILDING on SLEEPWELL&#039;i sari, mis koosneb tipp-tasemel poroloonmadratsitestning oma omadustelt ja vastupidavuselt ei\" \/>\n<meta property=\"og:url\" content=\"https:\/\/beebipood.ee\/ru\/produkt\/hilding-breakdance-madrats-90x200\/\" \/>\n<meta property=\"og:site_name\" content=\"Beebipood\" \/>\n<meta property=\"article:modified_time\" content=\"2025-01-09T08:50:06+00:00\" \/>\n<meta property=\"og:image\" content=\"https:\/\/beebipood.ee\/wp-content\/uploads\/2016\/05\/HILDING-Breakdance-madrats-90x200-Madratsid-ja-kattemadratsid-Kuni-90cm-laiused-Lastemoobel-ja-sisustus-Hilding-20_1-40d.jpg\" \/>\n\t<meta property=\"og:image:width\" content=\"1134\" \/>\n\t<meta property=\"og:image:height\" content=\"1134\" \/>\n\t<meta property=\"og:image:type\" content=\"image\/jpeg\" \/>\n<meta name=\"twitter:card\" content=\"summary_large_image\" \/>\n<script type=\"application\/ld+json\" class=\"yoast-schema-graph\">{\"@context\":\"https:\/\/schema.org\",\"@graph\":[{\"@type\":\"WebPage\",\"@id\":\"https:\/\/beebipood.ee\/ru\/produkt\/hilding-breakdance-madrats-90x200\/\",\"url\":\"https:\/\/beebipood.ee\/ru\/produkt\/hilding-breakdance-madrats-90x200\/\",\"name\":\"HILDING Breakdance madrats 90x200, \u041c\u0430\u0442\u0440\u0430\u0441\u044b \u0438 \u043c\u0430\u0442\u0440\u0430\u0441\u044b-\u043f\u043e\u043a\u0440\u044b\u0432\u0430\u043b\u0430, \u0428\u0438\u0440\u0438\u043d\u043e\u0439 \u0434\u043e 90 c\u043c, M\u0435\u0431\u0435\u043b\u044c, Hilding -20%, Beebipood\",\"isPartOf\":{\"@id\":\"https:\/\/beebipood.ee\/ru\/#website\"},\"primaryImageOfPage\":{\"@id\":\"https:\/\/beebipood.ee\/ru\/produkt\/hilding-breakdance-madrats-90x200\/#primaryimage\"},\"image\":{\"@id\":\"https:\/\/beebipood.ee\/ru\/produkt\/hilding-breakdance-madrats-90x200\/#primaryimage\"},\"thumbnailUrl\":\"https:\/\/beebipood.ee\/wp-content\/uploads\/2016\/05\/HILDING-Breakdance-madrats-90x200-Madratsid-ja-kattemadratsid-Kuni-90cm-laiused-Lastemoobel-ja-sisustus-Hilding-20_1-40d.jpg\",\"datePublished\":\"2016-05-24T09:55:17+00:00\",\"dateModified\":\"2025-01-09T08:50:06+00:00\",\"description\":\"HILDING Breakdance madrats 90x200, HILDING on SLEEPWELL'i sari, mis koosneb tipp-tasemel poroloonmadratsitestning oma omadustelt ja vastupidavuselt ei\",\"breadcrumb\":{\"@id\":\"https:\/\/beebipood.ee\/ru\/produkt\/hilding-breakdance-madrats-90x200\/#breadcrumb\"},\"inLanguage\":\"ru-RU\",\"potentialAction\":[{\"@type\":\"ReadAction\",\"target\":[\"https:\/\/beebipood.ee\/ru\/produkt\/hilding-breakdance-madrats-90x200\/\"]}]},{\"@type\":\"ImageObject\",\"inLanguage\":\"ru-RU\",\"@id\":\"https:\/\/beebipood.ee\/ru\/produkt\/hilding-breakdance-madrats-90x200\/#primaryimage\",\"url\":\"https:\/\/beebipood.ee\/wp-content\/uploads\/2016\/05\/HILDING-Breakdance-madrats-90x200-Madratsid-ja-kattemadratsid-Kuni-90cm-laiused-Lastemoobel-ja-sisustus-Hilding-20_1-40d.jpg\",\"contentUrl\":\"https:\/\/beebipood.ee\/wp-content\/uploads\/2016\/05\/HILDING-Breakdance-madrats-90x200-Madratsid-ja-kattemadratsid-Kuni-90cm-laiused-Lastemoobel-ja-sisustus-Hilding-20_1-40d.jpg\",\"width\":1134,\"height\":1134},{\"@type\":\"BreadcrumbList\",\"@id\":\"https:\/\/beebipood.ee\/ru\/produkt\/hilding-breakdance-madrats-90x200\/#breadcrumb\",\"itemListElement\":[{\"@type\":\"ListItem\",\"position\":1,\"name\":\"Home\",\"item\":\"https:\/\/beebipood.ee\/ru\/\"},{\"@type\":\"ListItem\",\"position\":2,\"name\":\"\u041a\u0430\u0442\u0430\u043b\u043e\u0433 \u0442\u043e\u0432\u0430\u0440\u043e\u0432\",\"item\":\"https:\/\/beebipood.ee\/tooted\/\"},{\"@type\":\"ListItem\",\"position\":3,\"name\":\"HILDING Breakdance madrats 90&#215;200\"}]},{\"@type\":\"WebSite\",\"@id\":\"https:\/\/beebipood.ee\/ru\/#website\",\"url\":\"https:\/\/beebipood.ee\/ru\/\",\"name\":\"Beebipood\",\"description\":\"Lastekaubad, beebikaubad, m\u00e4nguasjad\",\"publisher\":{\"@id\":\"https:\/\/beebipood.ee\/ru\/#organization\"},\"potentialAction\":[{\"@type\":\"SearchAction\",\"target\":{\"@type\":\"EntryPoint\",\"urlTemplate\":\"https:\/\/beebipood.ee\/ru\/?s={search_term_string}\"},\"query-input\":{\"@type\":\"PropertyValueSpecification\",\"valueRequired\":true,\"valueName\":\"search_term_string\"}}],\"inLanguage\":\"ru-RU\"},{\"@type\":\"Organization\",\"@id\":\"https:\/\/beebipood.ee\/ru\/#organization\",\"name\":\"Beebipood\",\"url\":\"https:\/\/beebipood.ee\/ru\/\",\"logo\":{\"@type\":\"ImageObject\",\"inLanguage\":\"ru-RU\",\"@id\":\"https:\/\/beebipood.ee\/ru\/#\/schema\/logo\/image\/\",\"url\":\"https:\/\/beebipood.ee\/wp-content\/uploads\/2025\/03\/beebipood.ee-logo-1.svg\",\"contentUrl\":\"https:\/\/beebipood.ee\/wp-content\/uploads\/2025\/03\/beebipood.ee-logo-1.svg\",\"caption\":\"Beebipood\"},\"image\":{\"@id\":\"https:\/\/beebipood.ee\/ru\/#\/schema\/logo\/image\/\"}}]}<\/script>\n<!-- \/ Yoast SEO plugin. -->","yoast_head_json":{"title":"HILDING Breakdance madrats 90x200, \u041c\u0430\u0442\u0440\u0430\u0441\u044b \u0438 \u043c\u0430\u0442\u0440\u0430\u0441\u044b-\u043f\u043e\u043a\u0440\u044b\u0432\u0430\u043b\u0430, \u0428\u0438\u0440\u0438\u043d\u043e\u0439 \u0434\u043e 90 c\u043c, M\u0435\u0431\u0435\u043b\u044c, Hilding -20%, Beebipood","description":"HILDING Breakdance madrats 90x200, HILDING on SLEEPWELL'i sari, mis koosneb tipp-tasemel poroloonmadratsitestning oma omadustelt ja vastupidavuselt ei","robots":{"index":"index","follow":"follow","max-snippet":"max-snippet:-1","max-image-preview":"max-image-preview:large","max-video-preview":"max-video-preview:-1"},"canonical":"https:\/\/beebipood.ee\/ru\/produkt\/hilding-breakdance-madrats-90x200\/","og_locale":"ru_RU","og_type":"article","og_title":"HILDING Breakdance madrats 90x200, \u041c\u0430\u0442\u0440\u0430\u0441\u044b \u0438 \u043c\u0430\u0442\u0440\u0430\u0441\u044b-\u043f\u043e\u043a\u0440\u044b\u0432\u0430\u043b\u0430, \u0428\u0438\u0440\u0438\u043d\u043e\u0439 \u0434\u043e 90 c\u043c, M\u0435\u0431\u0435\u043b\u044c, Hilding -20%, Beebipood","og_description":"HILDING Breakdance madrats 90x200, HILDING on SLEEPWELL'i sari, mis koosneb tipp-tasemel poroloonmadratsitestning oma omadustelt ja vastupidavuselt ei","og_url":"https:\/\/beebipood.ee\/ru\/produkt\/hilding-breakdance-madrats-90x200\/","og_site_name":"Beebipood","article_modified_time":"2025-01-09T08:50:06+00:00","og_image":[{"width":1134,"height":1134,"url":"https:\/\/beebipood.ee\/wp-content\/uploads\/2016\/05\/HILDING-Breakdance-madrats-90x200-Madratsid-ja-kattemadratsid-Kuni-90cm-laiused-Lastemoobel-ja-sisustus-Hilding-20_1-40d.jpg","type":"image\/jpeg"}],"twitter_card":"summary_large_image","schema":{"@context":"https:\/\/schema.org","@graph":[{"@type":"WebPage","@id":"https:\/\/beebipood.ee\/ru\/produkt\/hilding-breakdance-madrats-90x200\/","url":"https:\/\/beebipood.ee\/ru\/produkt\/hilding-breakdance-madrats-90x200\/","name":"HILDING Breakdance madrats 90x200, \u041c\u0430\u0442\u0440\u0430\u0441\u044b \u0438 \u043c\u0430\u0442\u0440\u0430\u0441\u044b-\u043f\u043e\u043a\u0440\u044b\u0432\u0430\u043b\u0430, \u0428\u0438\u0440\u0438\u043d\u043e\u0439 \u0434\u043e 90 c\u043c, M\u0435\u0431\u0435\u043b\u044c, Hilding -20%, Beebipood","isPartOf":{"@id":"https:\/\/beebipood.ee\/ru\/#website"},"primaryImageOfPage":{"@id":"https:\/\/beebipood.ee\/ru\/produkt\/hilding-breakdance-madrats-90x200\/#primaryimage"},"image":{"@id":"https:\/\/beebipood.ee\/ru\/produkt\/hilding-breakdance-madrats-90x200\/#primaryimage"},"thumbnailUrl":"https:\/\/beebipood.ee\/wp-content\/uploads\/2016\/05\/HILDING-Breakdance-madrats-90x200-Madratsid-ja-kattemadratsid-Kuni-90cm-laiused-Lastemoobel-ja-sisustus-Hilding-20_1-40d.jpg","datePublished":"2016-05-24T09:55:17+00:00","dateModified":"2025-01-09T08:50:06+00:00","description":"HILDING Breakdance madrats 90x200, HILDING on SLEEPWELL'i sari, mis koosneb tipp-tasemel poroloonmadratsitestning oma omadustelt ja vastupidavuselt ei","breadcrumb":{"@id":"https:\/\/beebipood.ee\/ru\/produkt\/hilding-breakdance-madrats-90x200\/#breadcrumb"},"inLanguage":"ru-RU","potentialAction":[{"@type":"ReadAction","target":["https:\/\/beebipood.ee\/ru\/produkt\/hilding-breakdance-madrats-90x200\/"]}]},{"@type":"ImageObject","inLanguage":"ru-RU","@id":"https:\/\/beebipood.ee\/ru\/produkt\/hilding-breakdance-madrats-90x200\/#primaryimage","url":"https:\/\/beebipood.ee\/wp-content\/uploads\/2016\/05\/HILDING-Breakdance-madrats-90x200-Madratsid-ja-kattemadratsid-Kuni-90cm-laiused-Lastemoobel-ja-sisustus-Hilding-20_1-40d.jpg","contentUrl":"https:\/\/beebipood.ee\/wp-content\/uploads\/2016\/05\/HILDING-Breakdance-madrats-90x200-Madratsid-ja-kattemadratsid-Kuni-90cm-laiused-Lastemoobel-ja-sisustus-Hilding-20_1-40d.jpg","width":1134,"height":1134},{"@type":"BreadcrumbList","@id":"https:\/\/beebipood.ee\/ru\/produkt\/hilding-breakdance-madrats-90x200\/#breadcrumb","itemListElement":[{"@type":"ListItem","position":1,"name":"Home","item":"https:\/\/beebipood.ee\/ru\/"},{"@type":"ListItem","position":2,"name":"\u041a\u0430\u0442\u0430\u043b\u043e\u0433 \u0442\u043e\u0432\u0430\u0440\u043e\u0432","item":"https:\/\/beebipood.ee\/tooted\/"},{"@type":"ListItem","position":3,"name":"HILDING Breakdance madrats 90&#215;200"}]},{"@type":"WebSite","@id":"https:\/\/beebipood.ee\/ru\/#website","url":"https:\/\/beebipood.ee\/ru\/","name":"Beebipood","description":"Lastekaubad, beebikaubad, m\u00e4nguasjad","publisher":{"@id":"https:\/\/beebipood.ee\/ru\/#organization"},"potentialAction":[{"@type":"SearchAction","target":{"@type":"EntryPoint","urlTemplate":"https:\/\/beebipood.ee\/ru\/?s={search_term_string}"},"query-input":{"@type":"PropertyValueSpecification","valueRequired":true,"valueName":"search_term_string"}}],"inLanguage":"ru-RU"},{"@type":"Organization","@id":"https:\/\/beebipood.ee\/ru\/#organization","name":"Beebipood","url":"https:\/\/beebipood.ee\/ru\/","logo":{"@type":"ImageObject","inLanguage":"ru-RU","@id":"https:\/\/beebipood.ee\/ru\/#\/schema\/logo\/image\/","url":"https:\/\/beebipood.ee\/wp-content\/uploads\/2025\/03\/beebipood.ee-logo-1.svg","contentUrl":"https:\/\/beebipood.ee\/wp-content\/uploads\/2025\/03\/beebipood.ee-logo-1.svg","caption":"Beebipood"},"image":{"@id":"https:\/\/beebipood.ee\/ru\/#\/schema\/logo\/image\/"}}]}},"brands":[],"_links":{"self":[{"href":"https:\/\/beebipood.ee\/ru\/wp-json\/wp\/v2\/product\/457008","targetHints":{"allow":["GET"]}}],"collection":[{"href":"https:\/\/beebipood.ee\/ru\/wp-json\/wp\/v2\/product"}],"about":[{"href":"https:\/\/beebipood.ee\/ru\/wp-json\/wp\/v2\/types\/product"}],"wp:featuredmedia":[{"embeddable":true,"href":"https:\/\/beebipood.ee\/ru\/wp-json\/wp\/v2\/media\/111924"}],"wp:attachment":[{"href":"https:\/\/beebipood.ee\/ru\/wp-json\/wp\/v2\/media?parent=457008"}],"wp:term":[{"taxonomy":"pwb-brand","embeddable":true,"href":"https:\/\/beebipood.ee\/ru\/wp-json\/wp\/v2\/pwb-brand?post=457008"},{"taxonomy":"product_brand","embeddable":true,"href":"https:\/\/beebipood.ee\/ru\/wp-json\/wp\/v2\/product_brand?post=457008"},{"taxonomy":"product_cat","embeddable":true,"href":"https:\/\/beebipood.ee\/ru\/wp-json\/wp\/v2\/product_cat?post=457008"},{"taxonomy":"product_tag","embeddable":true,"href":"https:\/\/beebipood.ee\/ru\/wp-json\/wp\/v2\/product_tag?post=457008"}],"curies":[{"name":"wp","href":"https:\/\/api.w.org\/{rel}","templated":true}]}}