{"id":457104,"date":"2016-05-31T07:11:56","date_gmt":"2016-05-31T04:11:56","guid":{"rendered":"https:\/\/beebipood.ee\/toode\/vedrumadrats-sewilla-kookos-ortopeediline-80x180\/"},"modified":"2025-01-09T10:50:02","modified_gmt":"2025-01-09T08:50:02","slug":"vedrumadrats-sewilla-kookos-ortopeediline-80x180","status":"publish","type":"product","link":"https:\/\/beebipood.ee\/ru\/produkt\/vedrumadrats-sewilla-kookos-ortopeediline-80x180\/","title":{"rendered":"Vedrumadrats Sewilla Kookos Ortopeediline 80&#215;180"},"content":{"rendered":"<p><span>* Sewilla on lastele m\u00f5eldud kahepoolne ortopeediline vedrumadrats, pestava kotiga<\/span><br \/><span>* Bonnell vedrustus, mis on vooderdatud vildiga<\/span><br \/><span>* vedrutraadi l\u00e4bim\u00f5\u00f5t 1,9 mm, 150 vedru\/m2<\/span><br \/><span>* pehmenduseks poroloon tihedusega 25 kg\/m3<\/span><br \/><span>* kaks erineva k\u00f5vadusega k\u00fclge: kookosega pool ja porolooniga pool<\/span><br \/><span>* kangas on veniv stretch (49%bamboo, 51%polyester).<\/span><br \/><span>* kangas vastab\u00a0\u00d6KO-TEX\u00ae Standard 100 sertifikaadile<\/span><br \/><span>* madrats on toodetud kvaliteetsetest sertifitseeritud materjalidest<\/span><br \/><span>* tagatud hea \u00f5huringlus<\/span><br \/><span>* ortopeedilised omadused<\/span><br \/><span>* madratsikate on \u00e4rav\u00f5etav ja pestav (\u00f5rnpesu\/40\u00baC)<\/span><br \/><span>* k\u00f5rgus: ca 15 cm<\/span><\/p>\n","protected":false},"excerpt":{"rendered":"<p>* Sewilla on lastele m\u00f5eldud kahepoolne ortopeediline vedrumadrats, pestava kotiga* Bonnell vedrustus, mis on vooderdatud vildiga* vedrutraadi l\u00e4bim\u00f5\u00f5t 1,9 mm, 150 vedru\/m2* pehmenduseks poroloon tihedusega 25 kg\/m3* kaks erineva k\u00f5vadusega k\u00fclge: kookosega pool ja porolooniga pool* kangas on veniv stretch (49%bamboo, 51%polyester).* kangas vastab\u00a0\u00d6KO-TEX\u00ae Standard 100 sertifikaadile* madrats on toodetud kvaliteetsetest sertifitseeritud materjalidest* tagatud hea [&hellip;]<\/p>\n","protected":false},"featured_media":112092,"template":"","meta":{"_acf_changed":false},"pwb-brand":[],"product_brand":[],"product_cat":[11573,11599,11563,11789],"product_tag":[],"class_list":{"0":"post-457104","1":"product","2":"type-product","3":"status-publish","4":"has-post-thumbnail","6":"product_cat-sooduspakkumised-ru","7":"product_cat-kuni-80cm-laiused-ru","8":"product_cat-madratsid-ja-kattemadratsid-ru","9":"product_cat-lastemoobel-ja-sisustus-ru","11":"first","12":"onbackorder","13":"sale","14":"taxable","15":"shipping-taxable","16":"purchasable","17":"product-type-simple"},"exclude_global_add_ons":[],"addons":[],"acf":[],"yoast_head":"<!-- This site is optimized with the Yoast SEO plugin v27.1.1 - https:\/\/yoast.com\/product\/yoast-seo-wordpress\/ -->\n<title>Vedrumadrats Sewilla Kookos Ortopeediline 80x180, \u041c\u0430\u0442\u0440\u0430\u0441\u044b \u0438 \u043c\u0430\u0442\u0440\u0430\u0441\u044b-\u043f\u043e\u043a\u0440\u044b\u0432\u0430\u043b\u0430, \u0421\u041a\u0418\u0414\u041a\u0418, \u0428\u0438\u0440\u0438\u043d\u043e\u0439 \u0434\u043e 80 c\u043c, M\u0435\u0431\u0435\u043b\u044c, Beebipood<\/title>\n<meta name=\"description\" content=\"Vedrumadrats Sewilla Kookos Ortopeediline 80x180, * Sewilla on lastele m&otilde;eldud kahepoolne ortopeediline vedrumadrats, pestava kotiga&lt;br \/\" \/>\n<meta name=\"robots\" content=\"index, follow, max-snippet:-1, max-image-preview:large, max-video-preview:-1\" \/>\n<link rel=\"canonical\" href=\"https:\/\/beebipood.ee\/ru\/produkt\/vedrumadrats-sewilla-kookos-ortopeediline-80x180\/\" \/>\n<meta property=\"og:locale\" content=\"ru_RU\" \/>\n<meta property=\"og:type\" content=\"article\" \/>\n<meta property=\"og:title\" content=\"Vedrumadrats Sewilla Kookos Ortopeediline 80x180, \u041c\u0430\u0442\u0440\u0430\u0441\u044b \u0438 \u043c\u0430\u0442\u0440\u0430\u0441\u044b-\u043f\u043e\u043a\u0440\u044b\u0432\u0430\u043b\u0430, \u0421\u041a\u0418\u0414\u041a\u0418, \u0428\u0438\u0440\u0438\u043d\u043e\u0439 \u0434\u043e 80 c\u043c, M\u0435\u0431\u0435\u043b\u044c, Beebipood\" \/>\n<meta property=\"og:description\" content=\"Vedrumadrats Sewilla Kookos Ortopeediline 80x180, * Sewilla on lastele m&otilde;eldud kahepoolne ortopeediline vedrumadrats, pestava kotiga&lt;br \/\" \/>\n<meta property=\"og:url\" content=\"https:\/\/beebipood.ee\/ru\/produkt\/vedrumadrats-sewilla-kookos-ortopeediline-80x180\/\" \/>\n<meta property=\"og:site_name\" content=\"Beebipood\" \/>\n<meta property=\"article:modified_time\" content=\"2025-01-09T08:50:02+00:00\" \/>\n<meta property=\"og:image\" content=\"https:\/\/beebipood.ee\/wp-content\/uploads\/2016\/05\/vedrumadrats_sewilla_kookos_ortopeediline_80x180-9bf.jpg\" \/>\n\t<meta property=\"og:image:width\" content=\"1276\" \/>\n\t<meta property=\"og:image:height\" content=\"1000\" \/>\n\t<meta property=\"og:image:type\" content=\"image\/jpeg\" \/>\n<meta name=\"twitter:card\" content=\"summary_large_image\" \/>\n<script type=\"application\/ld+json\" class=\"yoast-schema-graph\">{\"@context\":\"https:\/\/schema.org\",\"@graph\":[{\"@type\":\"WebPage\",\"@id\":\"https:\/\/beebipood.ee\/ru\/produkt\/vedrumadrats-sewilla-kookos-ortopeediline-80x180\/\",\"url\":\"https:\/\/beebipood.ee\/ru\/produkt\/vedrumadrats-sewilla-kookos-ortopeediline-80x180\/\",\"name\":\"Vedrumadrats Sewilla Kookos Ortopeediline 80x180, \u041c\u0430\u0442\u0440\u0430\u0441\u044b \u0438 \u043c\u0430\u0442\u0440\u0430\u0441\u044b-\u043f\u043e\u043a\u0440\u044b\u0432\u0430\u043b\u0430, \u0421\u041a\u0418\u0414\u041a\u0418, \u0428\u0438\u0440\u0438\u043d\u043e\u0439 \u0434\u043e 80 c\u043c, M\u0435\u0431\u0435\u043b\u044c, Beebipood\",\"isPartOf\":{\"@id\":\"https:\/\/beebipood.ee\/ru\/#website\"},\"primaryImageOfPage\":{\"@id\":\"https:\/\/beebipood.ee\/ru\/produkt\/vedrumadrats-sewilla-kookos-ortopeediline-80x180\/#primaryimage\"},\"image\":{\"@id\":\"https:\/\/beebipood.ee\/ru\/produkt\/vedrumadrats-sewilla-kookos-ortopeediline-80x180\/#primaryimage\"},\"thumbnailUrl\":\"https:\/\/beebipood.ee\/wp-content\/uploads\/2016\/05\/vedrumadrats_sewilla_kookos_ortopeediline_80x180-9bf.jpg\",\"datePublished\":\"2016-05-31T04:11:56+00:00\",\"dateModified\":\"2025-01-09T08:50:02+00:00\",\"description\":\"Vedrumadrats Sewilla Kookos Ortopeediline 80x180, * Sewilla on lastele m&otilde;eldud kahepoolne ortopeediline vedrumadrats, pestava kotiga&lt;br \/\",\"breadcrumb\":{\"@id\":\"https:\/\/beebipood.ee\/ru\/produkt\/vedrumadrats-sewilla-kookos-ortopeediline-80x180\/#breadcrumb\"},\"inLanguage\":\"ru-RU\",\"potentialAction\":[{\"@type\":\"ReadAction\",\"target\":[\"https:\/\/beebipood.ee\/ru\/produkt\/vedrumadrats-sewilla-kookos-ortopeediline-80x180\/\"]}]},{\"@type\":\"ImageObject\",\"inLanguage\":\"ru-RU\",\"@id\":\"https:\/\/beebipood.ee\/ru\/produkt\/vedrumadrats-sewilla-kookos-ortopeediline-80x180\/#primaryimage\",\"url\":\"https:\/\/beebipood.ee\/wp-content\/uploads\/2016\/05\/vedrumadrats_sewilla_kookos_ortopeediline_80x180-9bf.jpg\",\"contentUrl\":\"https:\/\/beebipood.ee\/wp-content\/uploads\/2016\/05\/vedrumadrats_sewilla_kookos_ortopeediline_80x180-9bf.jpg\",\"width\":1276,\"height\":1000},{\"@type\":\"BreadcrumbList\",\"@id\":\"https:\/\/beebipood.ee\/ru\/produkt\/vedrumadrats-sewilla-kookos-ortopeediline-80x180\/#breadcrumb\",\"itemListElement\":[{\"@type\":\"ListItem\",\"position\":1,\"name\":\"Home\",\"item\":\"https:\/\/beebipood.ee\/ru\/\"},{\"@type\":\"ListItem\",\"position\":2,\"name\":\"\u041a\u0430\u0442\u0430\u043b\u043e\u0433 \u0442\u043e\u0432\u0430\u0440\u043e\u0432\",\"item\":\"https:\/\/beebipood.ee\/tooted\/\"},{\"@type\":\"ListItem\",\"position\":3,\"name\":\"Vedrumadrats Sewilla Kookos Ortopeediline 80&#215;180\"}]},{\"@type\":\"WebSite\",\"@id\":\"https:\/\/beebipood.ee\/ru\/#website\",\"url\":\"https:\/\/beebipood.ee\/ru\/\",\"name\":\"Beebipood\",\"description\":\"Lastekaubad, beebikaubad, m\u00e4nguasjad\",\"publisher\":{\"@id\":\"https:\/\/beebipood.ee\/ru\/#organization\"},\"potentialAction\":[{\"@type\":\"SearchAction\",\"target\":{\"@type\":\"EntryPoint\",\"urlTemplate\":\"https:\/\/beebipood.ee\/ru\/?s={search_term_string}\"},\"query-input\":{\"@type\":\"PropertyValueSpecification\",\"valueRequired\":true,\"valueName\":\"search_term_string\"}}],\"inLanguage\":\"ru-RU\"},{\"@type\":\"Organization\",\"@id\":\"https:\/\/beebipood.ee\/ru\/#organization\",\"name\":\"Beebipood\",\"url\":\"https:\/\/beebipood.ee\/ru\/\",\"logo\":{\"@type\":\"ImageObject\",\"inLanguage\":\"ru-RU\",\"@id\":\"https:\/\/beebipood.ee\/ru\/#\/schema\/logo\/image\/\",\"url\":\"https:\/\/beebipood.ee\/wp-content\/uploads\/2025\/03\/beebipood.ee-logo-1.svg\",\"contentUrl\":\"https:\/\/beebipood.ee\/wp-content\/uploads\/2025\/03\/beebipood.ee-logo-1.svg\",\"caption\":\"Beebipood\"},\"image\":{\"@id\":\"https:\/\/beebipood.ee\/ru\/#\/schema\/logo\/image\/\"}}]}<\/script>\n<!-- \/ Yoast SEO plugin. -->","yoast_head_json":{"title":"Vedrumadrats Sewilla Kookos Ortopeediline 80x180, \u041c\u0430\u0442\u0440\u0430\u0441\u044b \u0438 \u043c\u0430\u0442\u0440\u0430\u0441\u044b-\u043f\u043e\u043a\u0440\u044b\u0432\u0430\u043b\u0430, \u0421\u041a\u0418\u0414\u041a\u0418, \u0428\u0438\u0440\u0438\u043d\u043e\u0439 \u0434\u043e 80 c\u043c, M\u0435\u0431\u0435\u043b\u044c, Beebipood","description":"Vedrumadrats Sewilla Kookos Ortopeediline 80x180, * Sewilla on lastele m&otilde;eldud kahepoolne ortopeediline vedrumadrats, pestava kotiga&lt;br \/","robots":{"index":"index","follow":"follow","max-snippet":"max-snippet:-1","max-image-preview":"max-image-preview:large","max-video-preview":"max-video-preview:-1"},"canonical":"https:\/\/beebipood.ee\/ru\/produkt\/vedrumadrats-sewilla-kookos-ortopeediline-80x180\/","og_locale":"ru_RU","og_type":"article","og_title":"Vedrumadrats Sewilla Kookos Ortopeediline 80x180, \u041c\u0430\u0442\u0440\u0430\u0441\u044b \u0438 \u043c\u0430\u0442\u0440\u0430\u0441\u044b-\u043f\u043e\u043a\u0440\u044b\u0432\u0430\u043b\u0430, \u0421\u041a\u0418\u0414\u041a\u0418, \u0428\u0438\u0440\u0438\u043d\u043e\u0439 \u0434\u043e 80 c\u043c, M\u0435\u0431\u0435\u043b\u044c, Beebipood","og_description":"Vedrumadrats Sewilla Kookos Ortopeediline 80x180, * Sewilla on lastele m&otilde;eldud kahepoolne ortopeediline vedrumadrats, pestava kotiga&lt;br \/","og_url":"https:\/\/beebipood.ee\/ru\/produkt\/vedrumadrats-sewilla-kookos-ortopeediline-80x180\/","og_site_name":"Beebipood","article_modified_time":"2025-01-09T08:50:02+00:00","og_image":[{"width":1276,"height":1000,"url":"https:\/\/beebipood.ee\/wp-content\/uploads\/2016\/05\/vedrumadrats_sewilla_kookos_ortopeediline_80x180-9bf.jpg","type":"image\/jpeg"}],"twitter_card":"summary_large_image","schema":{"@context":"https:\/\/schema.org","@graph":[{"@type":"WebPage","@id":"https:\/\/beebipood.ee\/ru\/produkt\/vedrumadrats-sewilla-kookos-ortopeediline-80x180\/","url":"https:\/\/beebipood.ee\/ru\/produkt\/vedrumadrats-sewilla-kookos-ortopeediline-80x180\/","name":"Vedrumadrats Sewilla Kookos Ortopeediline 80x180, \u041c\u0430\u0442\u0440\u0430\u0441\u044b \u0438 \u043c\u0430\u0442\u0440\u0430\u0441\u044b-\u043f\u043e\u043a\u0440\u044b\u0432\u0430\u043b\u0430, \u0421\u041a\u0418\u0414\u041a\u0418, \u0428\u0438\u0440\u0438\u043d\u043e\u0439 \u0434\u043e 80 c\u043c, M\u0435\u0431\u0435\u043b\u044c, Beebipood","isPartOf":{"@id":"https:\/\/beebipood.ee\/ru\/#website"},"primaryImageOfPage":{"@id":"https:\/\/beebipood.ee\/ru\/produkt\/vedrumadrats-sewilla-kookos-ortopeediline-80x180\/#primaryimage"},"image":{"@id":"https:\/\/beebipood.ee\/ru\/produkt\/vedrumadrats-sewilla-kookos-ortopeediline-80x180\/#primaryimage"},"thumbnailUrl":"https:\/\/beebipood.ee\/wp-content\/uploads\/2016\/05\/vedrumadrats_sewilla_kookos_ortopeediline_80x180-9bf.jpg","datePublished":"2016-05-31T04:11:56+00:00","dateModified":"2025-01-09T08:50:02+00:00","description":"Vedrumadrats Sewilla Kookos Ortopeediline 80x180, * Sewilla on lastele m&otilde;eldud kahepoolne ortopeediline vedrumadrats, pestava kotiga&lt;br \/","breadcrumb":{"@id":"https:\/\/beebipood.ee\/ru\/produkt\/vedrumadrats-sewilla-kookos-ortopeediline-80x180\/#breadcrumb"},"inLanguage":"ru-RU","potentialAction":[{"@type":"ReadAction","target":["https:\/\/beebipood.ee\/ru\/produkt\/vedrumadrats-sewilla-kookos-ortopeediline-80x180\/"]}]},{"@type":"ImageObject","inLanguage":"ru-RU","@id":"https:\/\/beebipood.ee\/ru\/produkt\/vedrumadrats-sewilla-kookos-ortopeediline-80x180\/#primaryimage","url":"https:\/\/beebipood.ee\/wp-content\/uploads\/2016\/05\/vedrumadrats_sewilla_kookos_ortopeediline_80x180-9bf.jpg","contentUrl":"https:\/\/beebipood.ee\/wp-content\/uploads\/2016\/05\/vedrumadrats_sewilla_kookos_ortopeediline_80x180-9bf.jpg","width":1276,"height":1000},{"@type":"BreadcrumbList","@id":"https:\/\/beebipood.ee\/ru\/produkt\/vedrumadrats-sewilla-kookos-ortopeediline-80x180\/#breadcrumb","itemListElement":[{"@type":"ListItem","position":1,"name":"Home","item":"https:\/\/beebipood.ee\/ru\/"},{"@type":"ListItem","position":2,"name":"\u041a\u0430\u0442\u0430\u043b\u043e\u0433 \u0442\u043e\u0432\u0430\u0440\u043e\u0432","item":"https:\/\/beebipood.ee\/tooted\/"},{"@type":"ListItem","position":3,"name":"Vedrumadrats Sewilla Kookos Ortopeediline 80&#215;180"}]},{"@type":"WebSite","@id":"https:\/\/beebipood.ee\/ru\/#website","url":"https:\/\/beebipood.ee\/ru\/","name":"Beebipood","description":"Lastekaubad, beebikaubad, m\u00e4nguasjad","publisher":{"@id":"https:\/\/beebipood.ee\/ru\/#organization"},"potentialAction":[{"@type":"SearchAction","target":{"@type":"EntryPoint","urlTemplate":"https:\/\/beebipood.ee\/ru\/?s={search_term_string}"},"query-input":{"@type":"PropertyValueSpecification","valueRequired":true,"valueName":"search_term_string"}}],"inLanguage":"ru-RU"},{"@type":"Organization","@id":"https:\/\/beebipood.ee\/ru\/#organization","name":"Beebipood","url":"https:\/\/beebipood.ee\/ru\/","logo":{"@type":"ImageObject","inLanguage":"ru-RU","@id":"https:\/\/beebipood.ee\/ru\/#\/schema\/logo\/image\/","url":"https:\/\/beebipood.ee\/wp-content\/uploads\/2025\/03\/beebipood.ee-logo-1.svg","contentUrl":"https:\/\/beebipood.ee\/wp-content\/uploads\/2025\/03\/beebipood.ee-logo-1.svg","caption":"Beebipood"},"image":{"@id":"https:\/\/beebipood.ee\/ru\/#\/schema\/logo\/image\/"}}]}},"brands":[],"_links":{"self":[{"href":"https:\/\/beebipood.ee\/ru\/wp-json\/wp\/v2\/product\/457104","targetHints":{"allow":["GET"]}}],"collection":[{"href":"https:\/\/beebipood.ee\/ru\/wp-json\/wp\/v2\/product"}],"about":[{"href":"https:\/\/beebipood.ee\/ru\/wp-json\/wp\/v2\/types\/product"}],"wp:featuredmedia":[{"embeddable":true,"href":"https:\/\/beebipood.ee\/ru\/wp-json\/wp\/v2\/media\/112092"}],"wp:attachment":[{"href":"https:\/\/beebipood.ee\/ru\/wp-json\/wp\/v2\/media?parent=457104"}],"wp:term":[{"taxonomy":"pwb-brand","embeddable":true,"href":"https:\/\/beebipood.ee\/ru\/wp-json\/wp\/v2\/pwb-brand?post=457104"},{"taxonomy":"product_brand","embeddable":true,"href":"https:\/\/beebipood.ee\/ru\/wp-json\/wp\/v2\/product_brand?post=457104"},{"taxonomy":"product_cat","embeddable":true,"href":"https:\/\/beebipood.ee\/ru\/wp-json\/wp\/v2\/product_cat?post=457104"},{"taxonomy":"product_tag","embeddable":true,"href":"https:\/\/beebipood.ee\/ru\/wp-json\/wp\/v2\/product_tag?post=457104"}],"curies":[{"name":"wp","href":"https:\/\/api.w.org\/{rel}","templated":true}]}}