{"id":457124,"date":"2016-06-06T10:48:47","date_gmt":"2016-06-06T07:48:47","guid":{"rendered":"https:\/\/beebipood.ee\/toode\/majavoodi-dreamhouse-80x160-natural\/"},"modified":"2025-03-05T07:10:44","modified_gmt":"2025-03-05T05:10:44","slug":"majavoodi-dreamhouse-80x160-natural","status":"publish","type":"product","link":"https:\/\/beebipood.ee\/ru\/produkt\/majavoodi-dreamhouse-80x160-natural\/","title":{"rendered":"Majavoodi DreamHouse 80&#215;160, natural"},"content":{"rendered":"<p>* Majavoodi sobib nii poiste kui t\u00fcdrukute tuppa<br \/>* Valmistatud m\u00e4nnipuidust<br \/>* Viimistlus: naturaalne lakk<br \/>* Sisenemisava kohta saab valida vastavalt vajadusele kas vasakule v\u00f5i paremale<br \/>* Voodip\u00f5hi on komplektis<br \/>* Voodip\u00f5hi on maast k\u00f5rgemal, mis tagab \u00f5huringluse voodi all.<br \/>* Voodi on paigaldatud k\u00f5rgemale tasemele ning voodi alla v\u00f5imalik lisada voodisahtel\/voodisahtlid, <br \/>* Madrats ei kuulu komplekti<br \/>* Voodisse sobib madrats m\u00f5\u00f5duga 80x160cm<br \/>* Majavoodi kandev\u00f5ime kuni 95kg<br \/>* Valmistatud Eestis<br \/><span style=\"text-decoration: underline;\">M\u00f5\u00f5dud<\/span><br \/>K\u00f5rgus: 144cm<br \/>K\u00f5rgus p\u00f5randast asemeni: 23cm<br \/>Laius: 87cm<br \/>Pikkus: 168cm<\/p>\n","protected":false},"excerpt":{"rendered":"<p>* Majavoodi sobib nii poiste kui t\u00fcdrukute tuppa* Valmistatud m\u00e4nnipuidust* Viimistlus: naturaalne lakk* Sisenemisava kohta saab valida vastavalt vajadusele kas vasakule v\u00f5i paremale* Voodip\u00f5hi on komplektis* Voodip\u00f5hi on maast k\u00f5rgemal, mis tagab \u00f5huringluse voodi all.* Voodi on paigaldatud k\u00f5rgemale tasemele ning voodi alla v\u00f5imalik lisada voodisahtel\/voodisahtlid, * Madrats ei kuulu komplekti* Voodisse sobib madrats m\u00f5\u00f5duga [&hellip;]<\/p>\n","protected":false},"featured_media":112288,"template":"","meta":{"_acf_changed":false},"pwb-brand":[],"product_brand":[],"product_cat":[11589,11559,11789],"product_tag":[],"class_list":{"0":"post-457124","1":"product","2":"type-product","3":"status-publish","4":"has-post-thumbnail","6":"product_cat-80cm-laiused-ru","7":"product_cat-laste-ja-noortevoodid-ru","8":"product_cat-lastemoobel-ja-sisustus-ru","10":"first","11":"outofstock","12":"sale","13":"taxable","14":"shipping-taxable","15":"purchasable","16":"product-type-simple"},"exclude_global_add_ons":[],"addons":[],"acf":[],"yoast_head":"<!-- This site is optimized with the Yoast SEO plugin v27.1.1 - https:\/\/yoast.com\/product\/yoast-seo-wordpress\/ -->\n<title>Majavoodi DreamHouse 80x160, natural, \u041a\u0440\u043e\u0432\u0430\u0442\u0438 \u0434\u043b\u044f \u0434\u0435\u0442\u0435\u0439 \u0438 \u043f\u043e\u0434\u0440\u043e\u0441\u0442\u043a\u043e\u0432, \u0428\u0438\u0440\u0438\u043d\u0430 80c\u043c, M\u0435\u0431\u0435\u043b\u044c, Beebipood<\/title>\n<meta name=\"description\" content=\"Majavoodi DreamHouse 80x160, natural, * Majavoodi sobib nii poiste kui t&uuml;drukute tuppa* Valmistatud m&auml;nnipuidust* Viimistlus: naturaaln\" \/>\n<meta name=\"robots\" content=\"index, follow, max-snippet:-1, max-image-preview:large, max-video-preview:-1\" \/>\n<link rel=\"canonical\" href=\"https:\/\/beebipood.ee\/ru\/produkt\/majavoodi-dreamhouse-80x160-natural\/\" \/>\n<meta property=\"og:locale\" content=\"ru_RU\" \/>\n<meta property=\"og:type\" content=\"article\" \/>\n<meta property=\"og:title\" content=\"Majavoodi DreamHouse 80x160, natural, \u041a\u0440\u043e\u0432\u0430\u0442\u0438 \u0434\u043b\u044f \u0434\u0435\u0442\u0435\u0439 \u0438 \u043f\u043e\u0434\u0440\u043e\u0441\u0442\u043a\u043e\u0432, \u0428\u0438\u0440\u0438\u043d\u0430 80c\u043c, M\u0435\u0431\u0435\u043b\u044c, Beebipood\" \/>\n<meta property=\"og:description\" content=\"Majavoodi DreamHouse 80x160, natural, * Majavoodi sobib nii poiste kui t&uuml;drukute tuppa* Valmistatud m&auml;nnipuidust* Viimistlus: naturaaln\" \/>\n<meta property=\"og:url\" content=\"https:\/\/beebipood.ee\/ru\/produkt\/majavoodi-dreamhouse-80x160-natural\/\" \/>\n<meta property=\"og:site_name\" content=\"Beebipood\" \/>\n<meta property=\"article:modified_time\" content=\"2025-03-05T05:10:44+00:00\" \/>\n<meta property=\"og:image\" content=\"https:\/\/beebipood.ee\/wp-content\/uploads\/2016\/06\/majavoodi_dreamhouse_80x160_natural_1-64b-1024x1024.jpg\" \/>\n\t<meta property=\"og:image:width\" content=\"1024\" \/>\n\t<meta property=\"og:image:height\" content=\"1024\" \/>\n\t<meta property=\"og:image:type\" content=\"image\/jpeg\" \/>\n<meta name=\"twitter:card\" content=\"summary_large_image\" \/>\n<script type=\"application\/ld+json\" class=\"yoast-schema-graph\">{\"@context\":\"https:\/\/schema.org\",\"@graph\":[{\"@type\":\"WebPage\",\"@id\":\"https:\/\/beebipood.ee\/ru\/produkt\/majavoodi-dreamhouse-80x160-natural\/\",\"url\":\"https:\/\/beebipood.ee\/ru\/produkt\/majavoodi-dreamhouse-80x160-natural\/\",\"name\":\"Majavoodi DreamHouse 80x160, natural, \u041a\u0440\u043e\u0432\u0430\u0442\u0438 \u0434\u043b\u044f \u0434\u0435\u0442\u0435\u0439 \u0438 \u043f\u043e\u0434\u0440\u043e\u0441\u0442\u043a\u043e\u0432, \u0428\u0438\u0440\u0438\u043d\u0430 80c\u043c, M\u0435\u0431\u0435\u043b\u044c, Beebipood\",\"isPartOf\":{\"@id\":\"https:\/\/beebipood.ee\/ru\/#website\"},\"primaryImageOfPage\":{\"@id\":\"https:\/\/beebipood.ee\/ru\/produkt\/majavoodi-dreamhouse-80x160-natural\/#primaryimage\"},\"image\":{\"@id\":\"https:\/\/beebipood.ee\/ru\/produkt\/majavoodi-dreamhouse-80x160-natural\/#primaryimage\"},\"thumbnailUrl\":\"https:\/\/beebipood.ee\/wp-content\/uploads\/2016\/06\/majavoodi_dreamhouse_80x160_natural_1-64b.jpg\",\"datePublished\":\"2016-06-06T07:48:47+00:00\",\"dateModified\":\"2025-03-05T05:10:44+00:00\",\"description\":\"Majavoodi DreamHouse 80x160, natural, * Majavoodi sobib nii poiste kui t&uuml;drukute tuppa* Valmistatud m&auml;nnipuidust* Viimistlus: naturaaln\",\"breadcrumb\":{\"@id\":\"https:\/\/beebipood.ee\/ru\/produkt\/majavoodi-dreamhouse-80x160-natural\/#breadcrumb\"},\"inLanguage\":\"ru-RU\",\"potentialAction\":[{\"@type\":\"ReadAction\",\"target\":[\"https:\/\/beebipood.ee\/ru\/produkt\/majavoodi-dreamhouse-80x160-natural\/\"]}]},{\"@type\":\"ImageObject\",\"inLanguage\":\"ru-RU\",\"@id\":\"https:\/\/beebipood.ee\/ru\/produkt\/majavoodi-dreamhouse-80x160-natural\/#primaryimage\",\"url\":\"https:\/\/beebipood.ee\/wp-content\/uploads\/2016\/06\/majavoodi_dreamhouse_80x160_natural_1-64b.jpg\",\"contentUrl\":\"https:\/\/beebipood.ee\/wp-content\/uploads\/2016\/06\/majavoodi_dreamhouse_80x160_natural_1-64b.jpg\",\"width\":2500,\"height\":2500},{\"@type\":\"BreadcrumbList\",\"@id\":\"https:\/\/beebipood.ee\/ru\/produkt\/majavoodi-dreamhouse-80x160-natural\/#breadcrumb\",\"itemListElement\":[{\"@type\":\"ListItem\",\"position\":1,\"name\":\"Home\",\"item\":\"https:\/\/beebipood.ee\/ru\/\"},{\"@type\":\"ListItem\",\"position\":2,\"name\":\"\u041a\u0430\u0442\u0430\u043b\u043e\u0433 \u0442\u043e\u0432\u0430\u0440\u043e\u0432\",\"item\":\"https:\/\/beebipood.ee\/tooted\/\"},{\"@type\":\"ListItem\",\"position\":3,\"name\":\"Majavoodi DreamHouse 80&#215;160, natural\"}]},{\"@type\":\"WebSite\",\"@id\":\"https:\/\/beebipood.ee\/ru\/#website\",\"url\":\"https:\/\/beebipood.ee\/ru\/\",\"name\":\"Beebipood\",\"description\":\"Lastekaubad, beebikaubad, m\u00e4nguasjad\",\"publisher\":{\"@id\":\"https:\/\/beebipood.ee\/ru\/#organization\"},\"potentialAction\":[{\"@type\":\"SearchAction\",\"target\":{\"@type\":\"EntryPoint\",\"urlTemplate\":\"https:\/\/beebipood.ee\/ru\/?s={search_term_string}\"},\"query-input\":{\"@type\":\"PropertyValueSpecification\",\"valueRequired\":true,\"valueName\":\"search_term_string\"}}],\"inLanguage\":\"ru-RU\"},{\"@type\":\"Organization\",\"@id\":\"https:\/\/beebipood.ee\/ru\/#organization\",\"name\":\"Beebipood\",\"url\":\"https:\/\/beebipood.ee\/ru\/\",\"logo\":{\"@type\":\"ImageObject\",\"inLanguage\":\"ru-RU\",\"@id\":\"https:\/\/beebipood.ee\/ru\/#\/schema\/logo\/image\/\",\"url\":\"https:\/\/beebipood.ee\/wp-content\/uploads\/2025\/03\/beebipood.ee-logo-1.svg\",\"contentUrl\":\"https:\/\/beebipood.ee\/wp-content\/uploads\/2025\/03\/beebipood.ee-logo-1.svg\",\"caption\":\"Beebipood\"},\"image\":{\"@id\":\"https:\/\/beebipood.ee\/ru\/#\/schema\/logo\/image\/\"}}]}<\/script>\n<!-- \/ Yoast SEO plugin. -->","yoast_head_json":{"title":"Majavoodi DreamHouse 80x160, natural, \u041a\u0440\u043e\u0432\u0430\u0442\u0438 \u0434\u043b\u044f \u0434\u0435\u0442\u0435\u0439 \u0438 \u043f\u043e\u0434\u0440\u043e\u0441\u0442\u043a\u043e\u0432, \u0428\u0438\u0440\u0438\u043d\u0430 80c\u043c, M\u0435\u0431\u0435\u043b\u044c, Beebipood","description":"Majavoodi DreamHouse 80x160, natural, * Majavoodi sobib nii poiste kui t&uuml;drukute tuppa* Valmistatud m&auml;nnipuidust* Viimistlus: naturaaln","robots":{"index":"index","follow":"follow","max-snippet":"max-snippet:-1","max-image-preview":"max-image-preview:large","max-video-preview":"max-video-preview:-1"},"canonical":"https:\/\/beebipood.ee\/ru\/produkt\/majavoodi-dreamhouse-80x160-natural\/","og_locale":"ru_RU","og_type":"article","og_title":"Majavoodi DreamHouse 80x160, natural, \u041a\u0440\u043e\u0432\u0430\u0442\u0438 \u0434\u043b\u044f \u0434\u0435\u0442\u0435\u0439 \u0438 \u043f\u043e\u0434\u0440\u043e\u0441\u0442\u043a\u043e\u0432, \u0428\u0438\u0440\u0438\u043d\u0430 80c\u043c, M\u0435\u0431\u0435\u043b\u044c, Beebipood","og_description":"Majavoodi DreamHouse 80x160, natural, * Majavoodi sobib nii poiste kui t&uuml;drukute tuppa* Valmistatud m&auml;nnipuidust* Viimistlus: naturaaln","og_url":"https:\/\/beebipood.ee\/ru\/produkt\/majavoodi-dreamhouse-80x160-natural\/","og_site_name":"Beebipood","article_modified_time":"2025-03-05T05:10:44+00:00","og_image":[{"width":1024,"height":1024,"url":"https:\/\/beebipood.ee\/wp-content\/uploads\/2016\/06\/majavoodi_dreamhouse_80x160_natural_1-64b-1024x1024.jpg","type":"image\/jpeg"}],"twitter_card":"summary_large_image","schema":{"@context":"https:\/\/schema.org","@graph":[{"@type":"WebPage","@id":"https:\/\/beebipood.ee\/ru\/produkt\/majavoodi-dreamhouse-80x160-natural\/","url":"https:\/\/beebipood.ee\/ru\/produkt\/majavoodi-dreamhouse-80x160-natural\/","name":"Majavoodi DreamHouse 80x160, natural, \u041a\u0440\u043e\u0432\u0430\u0442\u0438 \u0434\u043b\u044f \u0434\u0435\u0442\u0435\u0439 \u0438 \u043f\u043e\u0434\u0440\u043e\u0441\u0442\u043a\u043e\u0432, \u0428\u0438\u0440\u0438\u043d\u0430 80c\u043c, M\u0435\u0431\u0435\u043b\u044c, Beebipood","isPartOf":{"@id":"https:\/\/beebipood.ee\/ru\/#website"},"primaryImageOfPage":{"@id":"https:\/\/beebipood.ee\/ru\/produkt\/majavoodi-dreamhouse-80x160-natural\/#primaryimage"},"image":{"@id":"https:\/\/beebipood.ee\/ru\/produkt\/majavoodi-dreamhouse-80x160-natural\/#primaryimage"},"thumbnailUrl":"https:\/\/beebipood.ee\/wp-content\/uploads\/2016\/06\/majavoodi_dreamhouse_80x160_natural_1-64b.jpg","datePublished":"2016-06-06T07:48:47+00:00","dateModified":"2025-03-05T05:10:44+00:00","description":"Majavoodi DreamHouse 80x160, natural, * Majavoodi sobib nii poiste kui t&uuml;drukute tuppa* Valmistatud m&auml;nnipuidust* Viimistlus: naturaaln","breadcrumb":{"@id":"https:\/\/beebipood.ee\/ru\/produkt\/majavoodi-dreamhouse-80x160-natural\/#breadcrumb"},"inLanguage":"ru-RU","potentialAction":[{"@type":"ReadAction","target":["https:\/\/beebipood.ee\/ru\/produkt\/majavoodi-dreamhouse-80x160-natural\/"]}]},{"@type":"ImageObject","inLanguage":"ru-RU","@id":"https:\/\/beebipood.ee\/ru\/produkt\/majavoodi-dreamhouse-80x160-natural\/#primaryimage","url":"https:\/\/beebipood.ee\/wp-content\/uploads\/2016\/06\/majavoodi_dreamhouse_80x160_natural_1-64b.jpg","contentUrl":"https:\/\/beebipood.ee\/wp-content\/uploads\/2016\/06\/majavoodi_dreamhouse_80x160_natural_1-64b.jpg","width":2500,"height":2500},{"@type":"BreadcrumbList","@id":"https:\/\/beebipood.ee\/ru\/produkt\/majavoodi-dreamhouse-80x160-natural\/#breadcrumb","itemListElement":[{"@type":"ListItem","position":1,"name":"Home","item":"https:\/\/beebipood.ee\/ru\/"},{"@type":"ListItem","position":2,"name":"\u041a\u0430\u0442\u0430\u043b\u043e\u0433 \u0442\u043e\u0432\u0430\u0440\u043e\u0432","item":"https:\/\/beebipood.ee\/tooted\/"},{"@type":"ListItem","position":3,"name":"Majavoodi DreamHouse 80&#215;160, natural"}]},{"@type":"WebSite","@id":"https:\/\/beebipood.ee\/ru\/#website","url":"https:\/\/beebipood.ee\/ru\/","name":"Beebipood","description":"Lastekaubad, beebikaubad, m\u00e4nguasjad","publisher":{"@id":"https:\/\/beebipood.ee\/ru\/#organization"},"potentialAction":[{"@type":"SearchAction","target":{"@type":"EntryPoint","urlTemplate":"https:\/\/beebipood.ee\/ru\/?s={search_term_string}"},"query-input":{"@type":"PropertyValueSpecification","valueRequired":true,"valueName":"search_term_string"}}],"inLanguage":"ru-RU"},{"@type":"Organization","@id":"https:\/\/beebipood.ee\/ru\/#organization","name":"Beebipood","url":"https:\/\/beebipood.ee\/ru\/","logo":{"@type":"ImageObject","inLanguage":"ru-RU","@id":"https:\/\/beebipood.ee\/ru\/#\/schema\/logo\/image\/","url":"https:\/\/beebipood.ee\/wp-content\/uploads\/2025\/03\/beebipood.ee-logo-1.svg","contentUrl":"https:\/\/beebipood.ee\/wp-content\/uploads\/2025\/03\/beebipood.ee-logo-1.svg","caption":"Beebipood"},"image":{"@id":"https:\/\/beebipood.ee\/ru\/#\/schema\/logo\/image\/"}}]}},"brands":[],"_links":{"self":[{"href":"https:\/\/beebipood.ee\/ru\/wp-json\/wp\/v2\/product\/457124","targetHints":{"allow":["GET"]}}],"collection":[{"href":"https:\/\/beebipood.ee\/ru\/wp-json\/wp\/v2\/product"}],"about":[{"href":"https:\/\/beebipood.ee\/ru\/wp-json\/wp\/v2\/types\/product"}],"wp:featuredmedia":[{"embeddable":true,"href":"https:\/\/beebipood.ee\/ru\/wp-json\/wp\/v2\/media\/112288"}],"wp:attachment":[{"href":"https:\/\/beebipood.ee\/ru\/wp-json\/wp\/v2\/media?parent=457124"}],"wp:term":[{"taxonomy":"pwb-brand","embeddable":true,"href":"https:\/\/beebipood.ee\/ru\/wp-json\/wp\/v2\/pwb-brand?post=457124"},{"taxonomy":"product_brand","embeddable":true,"href":"https:\/\/beebipood.ee\/ru\/wp-json\/wp\/v2\/product_brand?post=457124"},{"taxonomy":"product_cat","embeddable":true,"href":"https:\/\/beebipood.ee\/ru\/wp-json\/wp\/v2\/product_cat?post=457124"},{"taxonomy":"product_tag","embeddable":true,"href":"https:\/\/beebipood.ee\/ru\/wp-json\/wp\/v2\/product_tag?post=457124"}],"curies":[{"name":"wp","href":"https:\/\/api.w.org\/{rel}","templated":true}]}}