{"id":457158,"date":"2016-07-05T09:40:38","date_gmt":"2016-07-05T06:40:38","guid":{"rendered":"https:\/\/beebipood.ee\/toode\/vooditasku-sun-bedside-valge\/"},"modified":"2025-10-03T11:01:44","modified_gmt":"2025-10-03T08:01:44","slug":"vooditasku-classic-white","status":"publish","type":"product","link":"https:\/\/beebipood.ee\/ru\/produkt\/vooditasku-classic-white\/","title":{"rendered":"Vooditasku Classic, white"},"content":{"rendered":"<p data-start=\"158\" data-end=\"245\"><strong data-start=\"201\" data-end=\"245\">Mini beebivoodi \u2013 Classic Crib lisavoodi<\/strong><\/p>\n<p data-start=\"247\" data-end=\"542\">Mini beebivoodi <em data-start=\"263\" data-end=\"277\">Classic Crib<\/em> on stiilne ja praktiline magamiskoht beebile, mida saab esimestel elukuudel paigutada vanemate magamistuppa. T\u00e4nu oma kompaktsetele m\u00f5\u00f5tmetele sobib see ideaalselt ka v\u00e4iksemasse magamistuppa v\u00f5i asetamiseks vanemate voodi k\u00f5rvale, aidates lapsel kergemini uinuda.<\/p>\n<p data-start=\"544\" data-end=\"827\">Stabiilne konstruktsioon tagab ohutuse ning ajatu disain lisab igale ruumile isikup\u00e4ra. Erinevalt traditsioonilistest korvidest ja h\u00e4llidest v\u00f5imaldab see beebivoodi lapsel reageerida helidele ja visuaalsetele stiimulitele nii paremalt kui vasakult k\u00fcljelt \u2013 mitte ainult otse \u00fclalt.<\/p>\n<p data-start=\"544\" data-end=\"827\"><strong data-start=\"924\" data-end=\"944\">Voodip\u00f5hja k\u00f5rgus maast :<\/strong> 34 cm<\/p>\n<p data-start=\"924\" data-end=\"999\"><strong data-start=\"953\" data-end=\"963\">Vanus:<\/strong> Sobib lastele vanuses 0 kuni 7 kuud<\/p>\n<hr data-start=\"1001\" data-end=\"1004\" \/>\n<p data-start=\"1006\" data-end=\"1020\"><strong data-start=\"1006\" data-end=\"1020\">Kokkuv\u00f5te:<\/strong><\/p>\n<p data-start=\"1022\" data-end=\"1248\">\u2705 Valmistatud k\u00f5rgekvaliteetsest m\u00e4nnipuidust<br data-start=\"1069\" data-end=\"1072\" \/>\u2705 Ohutussertifikaadiga<br data-start=\"1096\" data-end=\"1099\" \/>\u2705 Kerge ja kompaktne \u2013 lihtne t\u00f5sta ja \u00fcmber paigutada kodus<br data-start=\"1161\" data-end=\"1164\" \/>\u2705 M\u00f5eldud beebidele vanuses 0\u20137 kuud<br data-start=\"1202\" data-end=\"1205\" \/>\u2705 Ideaalne v\u00e4iksematesse magamistubadesse<br \/>\n\u2705 Voodisse sobib madrats m\u00f5\u00f5duga 40\u00d790<\/p>\n","protected":false},"excerpt":{"rendered":"<p>Mini beebivoodi \u2013 Classic Crib lisavoodi Mini beebivoodi Classic Crib on stiilne ja praktiline magamiskoht beebile, mida saab esimestel elukuudel paigutada vanemate magamistuppa. T\u00e4nu oma kompaktsetele m\u00f5\u00f5tmetele sobib see ideaalselt ka v\u00e4iksemasse magamistuppa v\u00f5i asetamiseks vanemate voodi k\u00f5rvale, aidates lapsel kergemini uinuda. Stabiilne konstruktsioon tagab ohutuse ning ajatu disain lisab igale ruumile isikup\u00e4ra. Erinevalt traditsioonilistest [&hellip;]<\/p>\n","protected":false},"featured_media":507508,"template":"","meta":{"_acf_changed":false},"pwb-brand":[12000],"product_brand":[],"product_cat":[11571,11553,11789],"product_tag":[],"class_list":{"0":"post-457158","1":"product","2":"type-product","3":"status-publish","4":"has-post-thumbnail","6":"pwb-brand-woodies-2","7":"product_cat-hallid-ja-vooditaskud-ru","8":"product_cat-beebivoodid-reisivoodid-hallid-ru","9":"product_cat-lastemoobel-ja-sisustus-ru","10":"pa_manufacturer-troll-ru","12":"first","13":"onbackorder","14":"sale","15":"taxable","16":"shipping-taxable","17":"purchasable","18":"product-type-simple"},"exclude_global_add_ons":[],"addons":[],"acf":[],"yoast_head":"<!-- This site is optimized with the Yoast SEO plugin v27.1.1 - https:\/\/yoast.com\/product\/yoast-seo-wordpress\/ -->\n<title>Vooditasku Sun Bedside, Valge, \u0414\u0435\u0442\u0441\u043a\u0438e \u043a\u0440\u043e\u0432\u0430\u0442\u043a\u0438, \u043f\u0435\u0440\u0435\u043d\u043e\u0441\u043d\u044b\u0435 \u043a\u0440\u043e\u0432\u0430\u0442\u043a\u0438, \u043b\u044e\u043b\u044c\u043a\u0438, \u041b\u044e\u043b\u044c\u043a\u0438 \u0438 \u043a\u0430\u0440\u043c\u0430\u0448\u043a\u0438 \u0434\u043b\u044f \u043a\u0440\u043e\u0432\u0430\u0442\u043a\u0438, M\u0435\u0431\u0435\u043b\u044c, Beebipood<\/title>\n<meta name=\"description\" content=\"Vooditasku Sun Bedside, Valge, * tugevast naturaalsest kasepuidust beebi lisavoodi * valmistamisel on kasutatud kaasaegset tehnoloogiat ja A-klass tarv\" \/>\n<meta name=\"robots\" content=\"index, follow, max-snippet:-1, max-image-preview:large, max-video-preview:-1\" \/>\n<link rel=\"canonical\" href=\"https:\/\/beebipood.ee\/ru\/produkt\/vooditasku-classic-white\/\" \/>\n<meta property=\"og:locale\" content=\"ru_RU\" \/>\n<meta property=\"og:type\" content=\"article\" \/>\n<meta property=\"og:title\" content=\"Vooditasku Sun Bedside, Valge, \u0414\u0435\u0442\u0441\u043a\u0438e \u043a\u0440\u043e\u0432\u0430\u0442\u043a\u0438, \u043f\u0435\u0440\u0435\u043d\u043e\u0441\u043d\u044b\u0435 \u043a\u0440\u043e\u0432\u0430\u0442\u043a\u0438, \u043b\u044e\u043b\u044c\u043a\u0438, \u041b\u044e\u043b\u044c\u043a\u0438 \u0438 \u043a\u0430\u0440\u043c\u0430\u0448\u043a\u0438 \u0434\u043b\u044f \u043a\u0440\u043e\u0432\u0430\u0442\u043a\u0438, M\u0435\u0431\u0435\u043b\u044c, Beebipood\" \/>\n<meta property=\"og:description\" content=\"Vooditasku Sun Bedside, Valge, * tugevast naturaalsest kasepuidust beebi lisavoodi * valmistamisel on kasutatud kaasaegset tehnoloogiat ja A-klass tarv\" \/>\n<meta property=\"og:url\" content=\"https:\/\/beebipood.ee\/ru\/produkt\/vooditasku-classic-white\/\" \/>\n<meta property=\"og:site_name\" content=\"Beebipood\" \/>\n<meta property=\"article:modified_time\" content=\"2025-10-03T08:01:44+00:00\" \/>\n<meta property=\"og:image\" content=\"https:\/\/beebipood.ee\/wp-content\/uploads\/2016\/07\/classic-crib-3.webp\" \/>\n\t<meta property=\"og:image:width\" content=\"1000\" \/>\n\t<meta property=\"og:image:height\" content=\"1000\" \/>\n\t<meta property=\"og:image:type\" content=\"image\/webp\" \/>\n<meta name=\"twitter:card\" content=\"summary_large_image\" \/>\n<meta name=\"twitter:label1\" content=\"\u041f\u0440\u0438\u043c\u0435\u0440\u043d\u043e\u0435 \u0432\u0440\u0435\u043c\u044f \u0434\u043b\u044f \u0447\u0442\u0435\u043d\u0438\u044f\" \/>\n\t<meta name=\"twitter:data1\" content=\"1 \u043c\u0438\u043d\u0443\u0442\u0430\" \/>\n<script type=\"application\/ld+json\" class=\"yoast-schema-graph\">{\"@context\":\"https:\/\/schema.org\",\"@graph\":[{\"@type\":\"WebPage\",\"@id\":\"https:\/\/beebipood.ee\/ru\/produkt\/vooditasku-classic-white\/\",\"url\":\"https:\/\/beebipood.ee\/ru\/produkt\/vooditasku-classic-white\/\",\"name\":\"Vooditasku Sun Bedside, Valge, \u0414\u0435\u0442\u0441\u043a\u0438e \u043a\u0440\u043e\u0432\u0430\u0442\u043a\u0438, \u043f\u0435\u0440\u0435\u043d\u043e\u0441\u043d\u044b\u0435 \u043a\u0440\u043e\u0432\u0430\u0442\u043a\u0438, \u043b\u044e\u043b\u044c\u043a\u0438, \u041b\u044e\u043b\u044c\u043a\u0438 \u0438 \u043a\u0430\u0440\u043c\u0430\u0448\u043a\u0438 \u0434\u043b\u044f \u043a\u0440\u043e\u0432\u0430\u0442\u043a\u0438, M\u0435\u0431\u0435\u043b\u044c, Beebipood\",\"isPartOf\":{\"@id\":\"https:\/\/beebipood.ee\/ru\/#website\"},\"primaryImageOfPage\":{\"@id\":\"https:\/\/beebipood.ee\/ru\/produkt\/vooditasku-classic-white\/#primaryimage\"},\"image\":{\"@id\":\"https:\/\/beebipood.ee\/ru\/produkt\/vooditasku-classic-white\/#primaryimage\"},\"thumbnailUrl\":\"https:\/\/beebipood.ee\/wp-content\/uploads\/2016\/07\/classic-crib-3.webp\",\"datePublished\":\"2016-07-05T06:40:38+00:00\",\"dateModified\":\"2025-10-03T08:01:44+00:00\",\"description\":\"Vooditasku Sun Bedside, Valge, * tugevast naturaalsest kasepuidust beebi lisavoodi * valmistamisel on kasutatud kaasaegset tehnoloogiat ja A-klass tarv\",\"breadcrumb\":{\"@id\":\"https:\/\/beebipood.ee\/ru\/produkt\/vooditasku-classic-white\/#breadcrumb\"},\"inLanguage\":\"ru-RU\",\"potentialAction\":[{\"@type\":\"ReadAction\",\"target\":[\"https:\/\/beebipood.ee\/ru\/produkt\/vooditasku-classic-white\/\"]}]},{\"@type\":\"ImageObject\",\"inLanguage\":\"ru-RU\",\"@id\":\"https:\/\/beebipood.ee\/ru\/produkt\/vooditasku-classic-white\/#primaryimage\",\"url\":\"https:\/\/beebipood.ee\/wp-content\/uploads\/2016\/07\/classic-crib-3.webp\",\"contentUrl\":\"https:\/\/beebipood.ee\/wp-content\/uploads\/2016\/07\/classic-crib-3.webp\",\"width\":1000,\"height\":1000},{\"@type\":\"BreadcrumbList\",\"@id\":\"https:\/\/beebipood.ee\/ru\/produkt\/vooditasku-classic-white\/#breadcrumb\",\"itemListElement\":[{\"@type\":\"ListItem\",\"position\":1,\"name\":\"Home\",\"item\":\"https:\/\/beebipood.ee\/ru\/\"},{\"@type\":\"ListItem\",\"position\":2,\"name\":\"\u041a\u0430\u0442\u0430\u043b\u043e\u0433 \u0442\u043e\u0432\u0430\u0440\u043e\u0432\",\"item\":\"https:\/\/beebipood.ee\/tooted\/\"},{\"@type\":\"ListItem\",\"position\":3,\"name\":\"Vooditasku Classic, white\"}]},{\"@type\":\"WebSite\",\"@id\":\"https:\/\/beebipood.ee\/ru\/#website\",\"url\":\"https:\/\/beebipood.ee\/ru\/\",\"name\":\"Beebipood\",\"description\":\"Lastekaubad, beebikaubad, m\u00e4nguasjad\",\"publisher\":{\"@id\":\"https:\/\/beebipood.ee\/ru\/#organization\"},\"potentialAction\":[{\"@type\":\"SearchAction\",\"target\":{\"@type\":\"EntryPoint\",\"urlTemplate\":\"https:\/\/beebipood.ee\/ru\/?s={search_term_string}\"},\"query-input\":{\"@type\":\"PropertyValueSpecification\",\"valueRequired\":true,\"valueName\":\"search_term_string\"}}],\"inLanguage\":\"ru-RU\"},{\"@type\":\"Organization\",\"@id\":\"https:\/\/beebipood.ee\/ru\/#organization\",\"name\":\"Beebipood\",\"url\":\"https:\/\/beebipood.ee\/ru\/\",\"logo\":{\"@type\":\"ImageObject\",\"inLanguage\":\"ru-RU\",\"@id\":\"https:\/\/beebipood.ee\/ru\/#\/schema\/logo\/image\/\",\"url\":\"https:\/\/beebipood.ee\/wp-content\/uploads\/2025\/03\/beebipood.ee-logo-1.svg\",\"contentUrl\":\"https:\/\/beebipood.ee\/wp-content\/uploads\/2025\/03\/beebipood.ee-logo-1.svg\",\"caption\":\"Beebipood\"},\"image\":{\"@id\":\"https:\/\/beebipood.ee\/ru\/#\/schema\/logo\/image\/\"}}]}<\/script>\n<!-- \/ Yoast SEO plugin. -->","yoast_head_json":{"title":"Vooditasku Sun Bedside, Valge, \u0414\u0435\u0442\u0441\u043a\u0438e \u043a\u0440\u043e\u0432\u0430\u0442\u043a\u0438, \u043f\u0435\u0440\u0435\u043d\u043e\u0441\u043d\u044b\u0435 \u043a\u0440\u043e\u0432\u0430\u0442\u043a\u0438, \u043b\u044e\u043b\u044c\u043a\u0438, \u041b\u044e\u043b\u044c\u043a\u0438 \u0438 \u043a\u0430\u0440\u043c\u0430\u0448\u043a\u0438 \u0434\u043b\u044f \u043a\u0440\u043e\u0432\u0430\u0442\u043a\u0438, M\u0435\u0431\u0435\u043b\u044c, Beebipood","description":"Vooditasku Sun Bedside, Valge, * tugevast naturaalsest kasepuidust beebi lisavoodi * valmistamisel on kasutatud kaasaegset tehnoloogiat ja A-klass tarv","robots":{"index":"index","follow":"follow","max-snippet":"max-snippet:-1","max-image-preview":"max-image-preview:large","max-video-preview":"max-video-preview:-1"},"canonical":"https:\/\/beebipood.ee\/ru\/produkt\/vooditasku-classic-white\/","og_locale":"ru_RU","og_type":"article","og_title":"Vooditasku Sun Bedside, Valge, \u0414\u0435\u0442\u0441\u043a\u0438e \u043a\u0440\u043e\u0432\u0430\u0442\u043a\u0438, \u043f\u0435\u0440\u0435\u043d\u043e\u0441\u043d\u044b\u0435 \u043a\u0440\u043e\u0432\u0430\u0442\u043a\u0438, \u043b\u044e\u043b\u044c\u043a\u0438, \u041b\u044e\u043b\u044c\u043a\u0438 \u0438 \u043a\u0430\u0440\u043c\u0430\u0448\u043a\u0438 \u0434\u043b\u044f \u043a\u0440\u043e\u0432\u0430\u0442\u043a\u0438, M\u0435\u0431\u0435\u043b\u044c, Beebipood","og_description":"Vooditasku Sun Bedside, Valge, * tugevast naturaalsest kasepuidust beebi lisavoodi * valmistamisel on kasutatud kaasaegset tehnoloogiat ja A-klass tarv","og_url":"https:\/\/beebipood.ee\/ru\/produkt\/vooditasku-classic-white\/","og_site_name":"Beebipood","article_modified_time":"2025-10-03T08:01:44+00:00","og_image":[{"width":1000,"height":1000,"url":"https:\/\/beebipood.ee\/wp-content\/uploads\/2016\/07\/classic-crib-3.webp","type":"image\/webp"}],"twitter_card":"summary_large_image","twitter_misc":{"\u041f\u0440\u0438\u043c\u0435\u0440\u043d\u043e\u0435 \u0432\u0440\u0435\u043c\u044f \u0434\u043b\u044f \u0447\u0442\u0435\u043d\u0438\u044f":"1 \u043c\u0438\u043d\u0443\u0442\u0430"},"schema":{"@context":"https:\/\/schema.org","@graph":[{"@type":"WebPage","@id":"https:\/\/beebipood.ee\/ru\/produkt\/vooditasku-classic-white\/","url":"https:\/\/beebipood.ee\/ru\/produkt\/vooditasku-classic-white\/","name":"Vooditasku Sun Bedside, Valge, \u0414\u0435\u0442\u0441\u043a\u0438e \u043a\u0440\u043e\u0432\u0430\u0442\u043a\u0438, \u043f\u0435\u0440\u0435\u043d\u043e\u0441\u043d\u044b\u0435 \u043a\u0440\u043e\u0432\u0430\u0442\u043a\u0438, \u043b\u044e\u043b\u044c\u043a\u0438, \u041b\u044e\u043b\u044c\u043a\u0438 \u0438 \u043a\u0430\u0440\u043c\u0430\u0448\u043a\u0438 \u0434\u043b\u044f \u043a\u0440\u043e\u0432\u0430\u0442\u043a\u0438, M\u0435\u0431\u0435\u043b\u044c, Beebipood","isPartOf":{"@id":"https:\/\/beebipood.ee\/ru\/#website"},"primaryImageOfPage":{"@id":"https:\/\/beebipood.ee\/ru\/produkt\/vooditasku-classic-white\/#primaryimage"},"image":{"@id":"https:\/\/beebipood.ee\/ru\/produkt\/vooditasku-classic-white\/#primaryimage"},"thumbnailUrl":"https:\/\/beebipood.ee\/wp-content\/uploads\/2016\/07\/classic-crib-3.webp","datePublished":"2016-07-05T06:40:38+00:00","dateModified":"2025-10-03T08:01:44+00:00","description":"Vooditasku Sun Bedside, Valge, * tugevast naturaalsest kasepuidust beebi lisavoodi * valmistamisel on kasutatud kaasaegset tehnoloogiat ja A-klass tarv","breadcrumb":{"@id":"https:\/\/beebipood.ee\/ru\/produkt\/vooditasku-classic-white\/#breadcrumb"},"inLanguage":"ru-RU","potentialAction":[{"@type":"ReadAction","target":["https:\/\/beebipood.ee\/ru\/produkt\/vooditasku-classic-white\/"]}]},{"@type":"ImageObject","inLanguage":"ru-RU","@id":"https:\/\/beebipood.ee\/ru\/produkt\/vooditasku-classic-white\/#primaryimage","url":"https:\/\/beebipood.ee\/wp-content\/uploads\/2016\/07\/classic-crib-3.webp","contentUrl":"https:\/\/beebipood.ee\/wp-content\/uploads\/2016\/07\/classic-crib-3.webp","width":1000,"height":1000},{"@type":"BreadcrumbList","@id":"https:\/\/beebipood.ee\/ru\/produkt\/vooditasku-classic-white\/#breadcrumb","itemListElement":[{"@type":"ListItem","position":1,"name":"Home","item":"https:\/\/beebipood.ee\/ru\/"},{"@type":"ListItem","position":2,"name":"\u041a\u0430\u0442\u0430\u043b\u043e\u0433 \u0442\u043e\u0432\u0430\u0440\u043e\u0432","item":"https:\/\/beebipood.ee\/tooted\/"},{"@type":"ListItem","position":3,"name":"Vooditasku Classic, white"}]},{"@type":"WebSite","@id":"https:\/\/beebipood.ee\/ru\/#website","url":"https:\/\/beebipood.ee\/ru\/","name":"Beebipood","description":"Lastekaubad, beebikaubad, m\u00e4nguasjad","publisher":{"@id":"https:\/\/beebipood.ee\/ru\/#organization"},"potentialAction":[{"@type":"SearchAction","target":{"@type":"EntryPoint","urlTemplate":"https:\/\/beebipood.ee\/ru\/?s={search_term_string}"},"query-input":{"@type":"PropertyValueSpecification","valueRequired":true,"valueName":"search_term_string"}}],"inLanguage":"ru-RU"},{"@type":"Organization","@id":"https:\/\/beebipood.ee\/ru\/#organization","name":"Beebipood","url":"https:\/\/beebipood.ee\/ru\/","logo":{"@type":"ImageObject","inLanguage":"ru-RU","@id":"https:\/\/beebipood.ee\/ru\/#\/schema\/logo\/image\/","url":"https:\/\/beebipood.ee\/wp-content\/uploads\/2025\/03\/beebipood.ee-logo-1.svg","contentUrl":"https:\/\/beebipood.ee\/wp-content\/uploads\/2025\/03\/beebipood.ee-logo-1.svg","caption":"Beebipood"},"image":{"@id":"https:\/\/beebipood.ee\/ru\/#\/schema\/logo\/image\/"}}]}},"brands":[{"id":12000,"name":"Woodies","slug":"woodies-2"}],"_links":{"self":[{"href":"https:\/\/beebipood.ee\/ru\/wp-json\/wp\/v2\/product\/457158","targetHints":{"allow":["GET"]}}],"collection":[{"href":"https:\/\/beebipood.ee\/ru\/wp-json\/wp\/v2\/product"}],"about":[{"href":"https:\/\/beebipood.ee\/ru\/wp-json\/wp\/v2\/types\/product"}],"wp:featuredmedia":[{"embeddable":true,"href":"https:\/\/beebipood.ee\/ru\/wp-json\/wp\/v2\/media\/507508"}],"wp:attachment":[{"href":"https:\/\/beebipood.ee\/ru\/wp-json\/wp\/v2\/media?parent=457158"}],"wp:term":[{"taxonomy":"pwb-brand","embeddable":true,"href":"https:\/\/beebipood.ee\/ru\/wp-json\/wp\/v2\/pwb-brand?post=457158"},{"taxonomy":"product_brand","embeddable":true,"href":"https:\/\/beebipood.ee\/ru\/wp-json\/wp\/v2\/product_brand?post=457158"},{"taxonomy":"product_cat","embeddable":true,"href":"https:\/\/beebipood.ee\/ru\/wp-json\/wp\/v2\/product_cat?post=457158"},{"taxonomy":"product_tag","embeddable":true,"href":"https:\/\/beebipood.ee\/ru\/wp-json\/wp\/v2\/product_tag?post=457158"}],"curies":[{"name":"wp","href":"https:\/\/api.w.org\/{rel}","templated":true}]}}