{"id":457160,"date":"2016-07-05T11:07:49","date_gmt":"2016-07-05T08:07:49","guid":{"rendered":"https:\/\/beebipood.ee\/toode\/sootmistool-marita-seal-grey\/"},"modified":"2025-01-09T10:49:59","modified_gmt":"2025-01-09T08:49:59","slug":"sootmistool-marita-seal-grey","status":"publish","type":"product","link":"https:\/\/beebipood.ee\/ru\/produkt\/sootmistool-marita-seal-grey\/","title":{"rendered":"S\u00f6\u00f6tmistool Marita, Seal Grey"},"content":{"rendered":"<p><span>Marita s\u00f6\u00f6gitool sobib v\u00e4ikelastele ja imikutele.<\/span><br \/><span>See on valmistatud kasepuust<\/span><br \/><span>ja v\u00e4rvitud keskkonnas\u00f5braliku veep\u00f5hise v\u00e4rviga.<\/span><br \/><span>Marita s\u00f6\u00f6gitool on praktiline ja populaarne s\u00f6\u00f6gitool,<\/span><br \/><span>kus teie laps istub turvaliselt koos teiega s\u00f6\u00f6gilaua taga.<\/span><br \/><span>Kasepuust valmistatud tool on nii stabiilne kui ka funktsionaalne.<\/span><br \/><span>Ajatu, klassikaline disain<\/span><br \/><span>Testitud ja heaks kiidetud alates ajast, kui laps saab ilma abita istuda<\/span><br \/><span>v\u00f5i kuni 3-aastaseks saamiseni v\u00f5i kuni 15 kg kaaluni<\/span><br \/><span>Materjal Kask<\/span><br \/><span>M\u00f5\u00f5dud: Laius 50 cm | S\u00fcgavus 56 cm | K\u00f5rgus 81 cm | Istme k\u00f5rgus 53 cm<\/span><br \/><span style=\"text-decoration: underline;\">Hooldus<\/span><br \/><span>P\u00fchkige niiske lapiga kuivaks.<\/span><br \/><span>V\u00e4ltige tugevaid puhastusvahendeid v\u00f5i abrasiivseid aineid<\/span><\/p>\n","protected":false},"excerpt":{"rendered":"<p>Marita s\u00f6\u00f6gitool sobib v\u00e4ikelastele ja imikutele.See on valmistatud kasepuustja v\u00e4rvitud keskkonnas\u00f5braliku veep\u00f5hise v\u00e4rviga.Marita s\u00f6\u00f6gitool on praktiline ja populaarne s\u00f6\u00f6gitool,kus teie laps istub turvaliselt koos teiega s\u00f6\u00f6gilaua taga.Kasepuust valmistatud tool on nii stabiilne kui ka funktsionaalne.Ajatu, klassikaline disainTestitud ja heaks kiidetud alates ajast, kui laps saab ilma abita istudav\u00f5i kuni 3-aastaseks saamiseni v\u00f5i kuni 15 kg [&hellip;]<\/p>\n","protected":false},"featured_media":112672,"template":"","meta":{"_acf_changed":false},"pwb-brand":[11947],"product_brand":[],"product_cat":[11645,11709],"product_tag":[],"class_list":{"0":"post-457160","1":"product","2":"type-product","3":"status-publish","4":"has-post-thumbnail","6":"pwb-brand-troll-ru","7":"product_cat-sootmistoolid-ru","8":"product_cat-sootmistoolid-beebi-ja-lastetarbed-mahkimine-hugieen-ru","9":"pa_manufacturer-troll-ru","11":"first","12":"outofstock","13":"taxable","14":"shipping-taxable","15":"purchasable","16":"product-type-simple"},"exclude_global_add_ons":[],"addons":[],"acf":[],"yoast_head":"<!-- This site is optimized with the Yoast SEO plugin v27.1.1 - https:\/\/yoast.com\/product\/yoast-seo-wordpress\/ -->\n<title>S\u00f6\u00f6tmistool Marita, Seal Grey, \u041d\u041e\u0412\u042b\u0415 \u0422\u041e\u0412\u0410\u0420\u042b, \u0421\u0442\u0443\u043b\u044c\u0447\u0438\u043a\u0438 \u0434\u043b\u044f \u043a\u043e\u0440\u043c\u043b\u0435\u043d\u0438\u044f, \u041f\u0440\u0438\u043d\u0430\u0434\u043b\u0435\u0436\u043d\u043e\u0441\u0442\u0438 \u0434\u043b\u044f \u043c\u043b\u0430\u0434\u0435\u043d\u0446\u0435\u0432, Beebipood<\/title>\n<meta name=\"description\" content=\"S\u00f6\u00f6tmistool Marita, Seal Grey, Marita s&ouml;&ouml;gitool sobib v&auml;ikelastele ja imikutele.See on valmistatud kasepuust\" \/>\n<meta name=\"robots\" content=\"index, follow, max-snippet:-1, max-image-preview:large, max-video-preview:-1\" \/>\n<link rel=\"canonical\" href=\"https:\/\/beebipood.ee\/ru\/produkt\/sootmistool-marita-seal-grey\/\" \/>\n<meta property=\"og:locale\" content=\"ru_RU\" \/>\n<meta property=\"og:type\" content=\"article\" \/>\n<meta property=\"og:title\" content=\"S\u00f6\u00f6tmistool Marita, Seal Grey, \u041d\u041e\u0412\u042b\u0415 \u0422\u041e\u0412\u0410\u0420\u042b, \u0421\u0442\u0443\u043b\u044c\u0447\u0438\u043a\u0438 \u0434\u043b\u044f \u043a\u043e\u0440\u043c\u043b\u0435\u043d\u0438\u044f, \u041f\u0440\u0438\u043d\u0430\u0434\u043b\u0435\u0436\u043d\u043e\u0441\u0442\u0438 \u0434\u043b\u044f \u043c\u043b\u0430\u0434\u0435\u043d\u0446\u0435\u0432, Beebipood\" \/>\n<meta property=\"og:description\" content=\"S\u00f6\u00f6tmistool Marita, Seal Grey, Marita s&ouml;&ouml;gitool sobib v&auml;ikelastele ja imikutele.See on valmistatud kasepuust\" \/>\n<meta property=\"og:url\" content=\"https:\/\/beebipood.ee\/ru\/produkt\/sootmistool-marita-seal-grey\/\" \/>\n<meta property=\"og:site_name\" content=\"Beebipood\" \/>\n<meta property=\"article:modified_time\" content=\"2025-01-09T08:49:59+00:00\" \/>\n<meta property=\"og:image\" content=\"https:\/\/beebipood.ee\/wp-content\/uploads\/2016\/07\/Sootmistool-Marita-Seal-Grey-UUED-TOOTED-Sootmistoolid-Beebi-ja-lastetarbed_3-665.jpg\" \/>\n\t<meta property=\"og:image:width\" content=\"931\" \/>\n\t<meta property=\"og:image:height\" content=\"922\" \/>\n\t<meta property=\"og:image:type\" content=\"image\/jpeg\" \/>\n<meta name=\"twitter:card\" content=\"summary_large_image\" \/>\n<script type=\"application\/ld+json\" class=\"yoast-schema-graph\">{\"@context\":\"https:\/\/schema.org\",\"@graph\":[{\"@type\":\"WebPage\",\"@id\":\"https:\/\/beebipood.ee\/ru\/produkt\/sootmistool-marita-seal-grey\/\",\"url\":\"https:\/\/beebipood.ee\/ru\/produkt\/sootmistool-marita-seal-grey\/\",\"name\":\"S\u00f6\u00f6tmistool Marita, Seal Grey, \u041d\u041e\u0412\u042b\u0415 \u0422\u041e\u0412\u0410\u0420\u042b, \u0421\u0442\u0443\u043b\u044c\u0447\u0438\u043a\u0438 \u0434\u043b\u044f \u043a\u043e\u0440\u043c\u043b\u0435\u043d\u0438\u044f, \u041f\u0440\u0438\u043d\u0430\u0434\u043b\u0435\u0436\u043d\u043e\u0441\u0442\u0438 \u0434\u043b\u044f \u043c\u043b\u0430\u0434\u0435\u043d\u0446\u0435\u0432, Beebipood\",\"isPartOf\":{\"@id\":\"https:\/\/beebipood.ee\/ru\/#website\"},\"primaryImageOfPage\":{\"@id\":\"https:\/\/beebipood.ee\/ru\/produkt\/sootmistool-marita-seal-grey\/#primaryimage\"},\"image\":{\"@id\":\"https:\/\/beebipood.ee\/ru\/produkt\/sootmistool-marita-seal-grey\/#primaryimage\"},\"thumbnailUrl\":\"https:\/\/beebipood.ee\/wp-content\/uploads\/2016\/07\/Sootmistool-Marita-Seal-Grey-UUED-TOOTED-Sootmistoolid-Beebi-ja-lastetarbed_3-665.jpg\",\"datePublished\":\"2016-07-05T08:07:49+00:00\",\"dateModified\":\"2025-01-09T08:49:59+00:00\",\"description\":\"S\u00f6\u00f6tmistool Marita, Seal Grey, Marita s&ouml;&ouml;gitool sobib v&auml;ikelastele ja imikutele.See on valmistatud kasepuust\",\"breadcrumb\":{\"@id\":\"https:\/\/beebipood.ee\/ru\/produkt\/sootmistool-marita-seal-grey\/#breadcrumb\"},\"inLanguage\":\"ru-RU\",\"potentialAction\":[{\"@type\":\"ReadAction\",\"target\":[\"https:\/\/beebipood.ee\/ru\/produkt\/sootmistool-marita-seal-grey\/\"]}]},{\"@type\":\"ImageObject\",\"inLanguage\":\"ru-RU\",\"@id\":\"https:\/\/beebipood.ee\/ru\/produkt\/sootmistool-marita-seal-grey\/#primaryimage\",\"url\":\"https:\/\/beebipood.ee\/wp-content\/uploads\/2016\/07\/Sootmistool-Marita-Seal-Grey-UUED-TOOTED-Sootmistoolid-Beebi-ja-lastetarbed_3-665.jpg\",\"contentUrl\":\"https:\/\/beebipood.ee\/wp-content\/uploads\/2016\/07\/Sootmistool-Marita-Seal-Grey-UUED-TOOTED-Sootmistoolid-Beebi-ja-lastetarbed_3-665.jpg\",\"width\":931,\"height\":922},{\"@type\":\"BreadcrumbList\",\"@id\":\"https:\/\/beebipood.ee\/ru\/produkt\/sootmistool-marita-seal-grey\/#breadcrumb\",\"itemListElement\":[{\"@type\":\"ListItem\",\"position\":1,\"name\":\"Home\",\"item\":\"https:\/\/beebipood.ee\/ru\/\"},{\"@type\":\"ListItem\",\"position\":2,\"name\":\"\u041a\u0430\u0442\u0430\u043b\u043e\u0433 \u0442\u043e\u0432\u0430\u0440\u043e\u0432\",\"item\":\"https:\/\/beebipood.ee\/tooted\/\"},{\"@type\":\"ListItem\",\"position\":3,\"name\":\"S\u00f6\u00f6tmistool Marita, Seal Grey\"}]},{\"@type\":\"WebSite\",\"@id\":\"https:\/\/beebipood.ee\/ru\/#website\",\"url\":\"https:\/\/beebipood.ee\/ru\/\",\"name\":\"Beebipood\",\"description\":\"Lastekaubad, beebikaubad, m\u00e4nguasjad\",\"publisher\":{\"@id\":\"https:\/\/beebipood.ee\/ru\/#organization\"},\"potentialAction\":[{\"@type\":\"SearchAction\",\"target\":{\"@type\":\"EntryPoint\",\"urlTemplate\":\"https:\/\/beebipood.ee\/ru\/?s={search_term_string}\"},\"query-input\":{\"@type\":\"PropertyValueSpecification\",\"valueRequired\":true,\"valueName\":\"search_term_string\"}}],\"inLanguage\":\"ru-RU\"},{\"@type\":\"Organization\",\"@id\":\"https:\/\/beebipood.ee\/ru\/#organization\",\"name\":\"Beebipood\",\"url\":\"https:\/\/beebipood.ee\/ru\/\",\"logo\":{\"@type\":\"ImageObject\",\"inLanguage\":\"ru-RU\",\"@id\":\"https:\/\/beebipood.ee\/ru\/#\/schema\/logo\/image\/\",\"url\":\"https:\/\/beebipood.ee\/wp-content\/uploads\/2025\/03\/beebipood.ee-logo-1.svg\",\"contentUrl\":\"https:\/\/beebipood.ee\/wp-content\/uploads\/2025\/03\/beebipood.ee-logo-1.svg\",\"caption\":\"Beebipood\"},\"image\":{\"@id\":\"https:\/\/beebipood.ee\/ru\/#\/schema\/logo\/image\/\"}}]}<\/script>\n<!-- \/ Yoast SEO plugin. -->","yoast_head_json":{"title":"S\u00f6\u00f6tmistool Marita, Seal Grey, \u041d\u041e\u0412\u042b\u0415 \u0422\u041e\u0412\u0410\u0420\u042b, \u0421\u0442\u0443\u043b\u044c\u0447\u0438\u043a\u0438 \u0434\u043b\u044f \u043a\u043e\u0440\u043c\u043b\u0435\u043d\u0438\u044f, \u041f\u0440\u0438\u043d\u0430\u0434\u043b\u0435\u0436\u043d\u043e\u0441\u0442\u0438 \u0434\u043b\u044f \u043c\u043b\u0430\u0434\u0435\u043d\u0446\u0435\u0432, Beebipood","description":"S\u00f6\u00f6tmistool Marita, Seal Grey, Marita s&ouml;&ouml;gitool sobib v&auml;ikelastele ja imikutele.See on valmistatud kasepuust","robots":{"index":"index","follow":"follow","max-snippet":"max-snippet:-1","max-image-preview":"max-image-preview:large","max-video-preview":"max-video-preview:-1"},"canonical":"https:\/\/beebipood.ee\/ru\/produkt\/sootmistool-marita-seal-grey\/","og_locale":"ru_RU","og_type":"article","og_title":"S\u00f6\u00f6tmistool Marita, Seal Grey, \u041d\u041e\u0412\u042b\u0415 \u0422\u041e\u0412\u0410\u0420\u042b, \u0421\u0442\u0443\u043b\u044c\u0447\u0438\u043a\u0438 \u0434\u043b\u044f \u043a\u043e\u0440\u043c\u043b\u0435\u043d\u0438\u044f, \u041f\u0440\u0438\u043d\u0430\u0434\u043b\u0435\u0436\u043d\u043e\u0441\u0442\u0438 \u0434\u043b\u044f \u043c\u043b\u0430\u0434\u0435\u043d\u0446\u0435\u0432, Beebipood","og_description":"S\u00f6\u00f6tmistool Marita, Seal Grey, Marita s&ouml;&ouml;gitool sobib v&auml;ikelastele ja imikutele.See on valmistatud kasepuust","og_url":"https:\/\/beebipood.ee\/ru\/produkt\/sootmistool-marita-seal-grey\/","og_site_name":"Beebipood","article_modified_time":"2025-01-09T08:49:59+00:00","og_image":[{"width":931,"height":922,"url":"https:\/\/beebipood.ee\/wp-content\/uploads\/2016\/07\/Sootmistool-Marita-Seal-Grey-UUED-TOOTED-Sootmistoolid-Beebi-ja-lastetarbed_3-665.jpg","type":"image\/jpeg"}],"twitter_card":"summary_large_image","schema":{"@context":"https:\/\/schema.org","@graph":[{"@type":"WebPage","@id":"https:\/\/beebipood.ee\/ru\/produkt\/sootmistool-marita-seal-grey\/","url":"https:\/\/beebipood.ee\/ru\/produkt\/sootmistool-marita-seal-grey\/","name":"S\u00f6\u00f6tmistool Marita, Seal Grey, \u041d\u041e\u0412\u042b\u0415 \u0422\u041e\u0412\u0410\u0420\u042b, \u0421\u0442\u0443\u043b\u044c\u0447\u0438\u043a\u0438 \u0434\u043b\u044f \u043a\u043e\u0440\u043c\u043b\u0435\u043d\u0438\u044f, \u041f\u0440\u0438\u043d\u0430\u0434\u043b\u0435\u0436\u043d\u043e\u0441\u0442\u0438 \u0434\u043b\u044f \u043c\u043b\u0430\u0434\u0435\u043d\u0446\u0435\u0432, Beebipood","isPartOf":{"@id":"https:\/\/beebipood.ee\/ru\/#website"},"primaryImageOfPage":{"@id":"https:\/\/beebipood.ee\/ru\/produkt\/sootmistool-marita-seal-grey\/#primaryimage"},"image":{"@id":"https:\/\/beebipood.ee\/ru\/produkt\/sootmistool-marita-seal-grey\/#primaryimage"},"thumbnailUrl":"https:\/\/beebipood.ee\/wp-content\/uploads\/2016\/07\/Sootmistool-Marita-Seal-Grey-UUED-TOOTED-Sootmistoolid-Beebi-ja-lastetarbed_3-665.jpg","datePublished":"2016-07-05T08:07:49+00:00","dateModified":"2025-01-09T08:49:59+00:00","description":"S\u00f6\u00f6tmistool Marita, Seal Grey, Marita s&ouml;&ouml;gitool sobib v&auml;ikelastele ja imikutele.See on valmistatud kasepuust","breadcrumb":{"@id":"https:\/\/beebipood.ee\/ru\/produkt\/sootmistool-marita-seal-grey\/#breadcrumb"},"inLanguage":"ru-RU","potentialAction":[{"@type":"ReadAction","target":["https:\/\/beebipood.ee\/ru\/produkt\/sootmistool-marita-seal-grey\/"]}]},{"@type":"ImageObject","inLanguage":"ru-RU","@id":"https:\/\/beebipood.ee\/ru\/produkt\/sootmistool-marita-seal-grey\/#primaryimage","url":"https:\/\/beebipood.ee\/wp-content\/uploads\/2016\/07\/Sootmistool-Marita-Seal-Grey-UUED-TOOTED-Sootmistoolid-Beebi-ja-lastetarbed_3-665.jpg","contentUrl":"https:\/\/beebipood.ee\/wp-content\/uploads\/2016\/07\/Sootmistool-Marita-Seal-Grey-UUED-TOOTED-Sootmistoolid-Beebi-ja-lastetarbed_3-665.jpg","width":931,"height":922},{"@type":"BreadcrumbList","@id":"https:\/\/beebipood.ee\/ru\/produkt\/sootmistool-marita-seal-grey\/#breadcrumb","itemListElement":[{"@type":"ListItem","position":1,"name":"Home","item":"https:\/\/beebipood.ee\/ru\/"},{"@type":"ListItem","position":2,"name":"\u041a\u0430\u0442\u0430\u043b\u043e\u0433 \u0442\u043e\u0432\u0430\u0440\u043e\u0432","item":"https:\/\/beebipood.ee\/tooted\/"},{"@type":"ListItem","position":3,"name":"S\u00f6\u00f6tmistool Marita, Seal Grey"}]},{"@type":"WebSite","@id":"https:\/\/beebipood.ee\/ru\/#website","url":"https:\/\/beebipood.ee\/ru\/","name":"Beebipood","description":"Lastekaubad, beebikaubad, m\u00e4nguasjad","publisher":{"@id":"https:\/\/beebipood.ee\/ru\/#organization"},"potentialAction":[{"@type":"SearchAction","target":{"@type":"EntryPoint","urlTemplate":"https:\/\/beebipood.ee\/ru\/?s={search_term_string}"},"query-input":{"@type":"PropertyValueSpecification","valueRequired":true,"valueName":"search_term_string"}}],"inLanguage":"ru-RU"},{"@type":"Organization","@id":"https:\/\/beebipood.ee\/ru\/#organization","name":"Beebipood","url":"https:\/\/beebipood.ee\/ru\/","logo":{"@type":"ImageObject","inLanguage":"ru-RU","@id":"https:\/\/beebipood.ee\/ru\/#\/schema\/logo\/image\/","url":"https:\/\/beebipood.ee\/wp-content\/uploads\/2025\/03\/beebipood.ee-logo-1.svg","contentUrl":"https:\/\/beebipood.ee\/wp-content\/uploads\/2025\/03\/beebipood.ee-logo-1.svg","caption":"Beebipood"},"image":{"@id":"https:\/\/beebipood.ee\/ru\/#\/schema\/logo\/image\/"}}]}},"brands":[{"id":11947,"name":"Troll","slug":"troll-ru"}],"_links":{"self":[{"href":"https:\/\/beebipood.ee\/ru\/wp-json\/wp\/v2\/product\/457160","targetHints":{"allow":["GET"]}}],"collection":[{"href":"https:\/\/beebipood.ee\/ru\/wp-json\/wp\/v2\/product"}],"about":[{"href":"https:\/\/beebipood.ee\/ru\/wp-json\/wp\/v2\/types\/product"}],"wp:featuredmedia":[{"embeddable":true,"href":"https:\/\/beebipood.ee\/ru\/wp-json\/wp\/v2\/media\/112672"}],"wp:attachment":[{"href":"https:\/\/beebipood.ee\/ru\/wp-json\/wp\/v2\/media?parent=457160"}],"wp:term":[{"taxonomy":"pwb-brand","embeddable":true,"href":"https:\/\/beebipood.ee\/ru\/wp-json\/wp\/v2\/pwb-brand?post=457160"},{"taxonomy":"product_brand","embeddable":true,"href":"https:\/\/beebipood.ee\/ru\/wp-json\/wp\/v2\/product_brand?post=457160"},{"taxonomy":"product_cat","embeddable":true,"href":"https:\/\/beebipood.ee\/ru\/wp-json\/wp\/v2\/product_cat?post=457160"},{"taxonomy":"product_tag","embeddable":true,"href":"https:\/\/beebipood.ee\/ru\/wp-json\/wp\/v2\/product_tag?post=457160"}],"curies":[{"name":"wp","href":"https:\/\/api.w.org\/{rel}","templated":true}]}}