{"id":457162,"date":"2016-07-06T07:55:11","date_gmt":"2016-07-06T04:55:11","guid":{"rendered":"https:\/\/beebipood.ee\/toode\/fiber-plokk-madrats-40x90-quilted-2\/"},"modified":"2025-10-02T14:15:27","modified_gmt":"2025-10-02T11:15:27","slug":"beebimadrats-high-quality-40x90","status":"publish","type":"product","link":"https:\/\/beebipood.ee\/ru\/produkt\/beebimadrats-high-quality-40x90\/","title":{"rendered":"Beebimadrats High Quality 40\u00d790"},"content":{"rendered":"<p data-start=\"412\" data-end=\"722\">Beebimadrats <strong data-start=\"425\" data-end=\"447\">90\u00d740 High Quality<\/strong> on loodud spetsiaalselt beebivoodite, h\u00e4llide ja Moosese korvide jaoks. Madrats koosneb kahest kvaliteetsest vahtmaterjalist \u2013 k\u00f5rgelt elastne vaht ja PUR-vaht \u2013 mille kogupaksus on 5,5 cm. See tagab suurep\u00e4rase, stabiilse ja elastse seljatoe ning v\u00e4ga hea \u00f5huringluse.<\/p>\n<p data-start=\"724\" data-end=\"1015\">Madratsi k\u00f5rgelt elastne vahukiht tagab hea ventilatsiooni ja aitab v\u00e4ltida kahjulike mikroorganismide, hallituse ja tolmulestade teket. Selle eriline struktuur parandab \u00f5hu l\u00e4bilaskvust, vastupidavust survele ja venivusele. Isegi pikaajalisel kasutusel taastab madrats kiiresti oma algkuju.<\/p>\n<p data-start=\"1017\" data-end=\"1303\">See beebimadrats pakub sobivat tuge lapse l\u00fclisambale \u2013 on piisavalt tugev, ent samas elastne. Kasutatud vahtmaterjal tagab beebile mugava une ja suurendab oluliselt madratsi vastupidavust. Materjal on h\u00fcgieeniline, omab seenevastaseid omadusi ning on v\u00e4ga h\u00e4sti hingav.<\/p>\n<p data-start=\"1305\" data-end=\"1480\">T\u00e4nu avatud struktuurile ei kogune vahtu tolm ega lestad, mis v\u00f5iksid tekitada allergiaid. Madratsi sisemus aitab hoida pinnad kuivana, juhtides kiiresti \u00e4ra liigse niiskuse.<\/p>\n<p data-start=\"1482\" data-end=\"1538\"><strong data-start=\"1482\" data-end=\"1536\">Katteks on kahtepidi kasutatav &#171;talv-suvi&#187; \u00fcmbris:<\/strong><\/p>\n<ul data-start=\"1539\" data-end=\"1784\">\n<li data-start=\"1539\" data-end=\"1668\">\n<p data-start=\"1541\" data-end=\"1668\">\u00dcks k\u00fclg on valmistatud 3D-v\u00f5rgustikust, mis tagab maksimaalse \u00f5hu liikumise \u2013 ideaalne lastele, kes higistavad suvel rohkem.<\/p>\n<\/li>\n<li data-start=\"1669\" data-end=\"1784\">\n<p data-start=\"1671\" data-end=\"1784\">Teine k\u00fclg on valmistatud k\u00f5rgekvaliteedilisest looduslikust kangast, mis on nahas\u00f5bralik ja niiskust reguleeriv.<\/p>\n<\/li>\n<\/ul>\n<p data-start=\"1786\" data-end=\"1830\">Sobib k\u00f5ikidele <strong data-start=\"1802\" data-end=\"1829\">90\u00d740 cm h\u00e4llidele ja vooditele<\/strong>.<\/p>\n<hr data-start=\"1832\" data-end=\"1835\" \/>\n<h3 data-start=\"1837\" data-end=\"1851\">Kokkuv\u00f5te:<\/h3>\n<p data-start=\"1853\" data-end=\"2085\">\u2705 Valmistatud pol\u00fcuretaanvahust<br data-start=\"1884\" data-end=\"1887\" \/>\u2705 Lisatud hingav k\u00f5rgelt elastne vahtkiht<br data-start=\"1928\" data-end=\"1931\" \/>\u2705 Suurep\u00e4rane \u00f5huringlus<br data-start=\"1955\" data-end=\"1958\" \/>\u2705 Vastupidav survele ja venitusele<br data-start=\"1992\" data-end=\"1995\" \/>\u2705 Seenevastased omadused<br data-start=\"2019\" data-end=\"2022\" \/>\u2705 Kahepoolne kasutus \u2013 erineva tugevusastmega pooled (H2 ja H3)<\/p>\n<hr data-start=\"2087\" data-end=\"2090\" \/>\n<h3 data-start=\"2092\" data-end=\"2101\">Kate:<\/h3>\n<p data-start=\"2103\" data-end=\"2209\">\u2705 Eemaldatav<br data-start=\"2115\" data-end=\"2118\" \/>\u2705 Kahepoolne &#171;talv-suvi&#187; kate<br data-start=\"2147\" data-end=\"2150\" \/>\u2705 Pestav pesumasinas 60\u00b0C juures<br data-start=\"2182\" data-end=\"2185\" \/>\u2705 Varustatud 360\u00b0 lukuga<\/p>\n","protected":false},"excerpt":{"rendered":"<p>Beebimadrats 90\u00d740 High Quality on loodud spetsiaalselt beebivoodite, h\u00e4llide ja Moosese korvide jaoks. Madrats koosneb kahest kvaliteetsest vahtmaterjalist \u2013 k\u00f5rgelt elastne vaht ja PUR-vaht \u2013 mille kogupaksus on 5,5 cm. See tagab suurep\u00e4rase, stabiilse ja elastse seljatoe ning v\u00e4ga hea \u00f5huringluse. Madratsi k\u00f5rgelt elastne vahukiht tagab hea ventilatsiooni ja aitab v\u00e4ltida kahjulike mikroorganismide, hallituse ja [&hellip;]<\/p>\n","protected":false},"featured_media":507478,"template":"","meta":{"_acf_changed":false},"pwb-brand":[12000],"product_brand":[],"product_cat":[11595,11563,11789],"product_tag":[],"class_list":{"0":"post-457162","1":"product","2":"type-product","3":"status-publish","4":"has-post-thumbnail","6":"pwb-brand-woodies-2","7":"product_cat-kuni-60cm-laiused-ru","8":"product_cat-madratsid-ja-kattemadratsid-ru","9":"product_cat-lastemoobel-ja-sisustus-ru","10":"pa_manufacturer-troll","12":"first","13":"onbackorder","14":"taxable","15":"shipping-taxable","16":"purchasable","17":"product-type-simple"},"exclude_global_add_ons":[],"addons":[],"acf":[],"yoast_head":"<!-- This site is optimized with the Yoast SEO plugin v27.1.1 - https:\/\/yoast.com\/product\/yoast-seo-wordpress\/ -->\n<title>Kookos-Fiber plokk madrats 40x90 (quilted), \u041c\u0430\u0442\u0440\u0430\u0441\u044b \u0438 \u043c\u0430\u0442\u0440\u0430\u0441\u044b-\u043f\u043e\u043a\u0440\u044b\u0432\u0430\u043b\u0430, \u0428\u0438\u0440\u0438\u043d\u043e\u0439 \u0434\u043e 60 c\u043c, M\u0435\u0431\u0435\u043b\u044c, Beebipood<\/title>\n<meta name=\"description\" content=\"Kookos-Fiber plokk madrats 40x90 (quilted), Madrats on kaetud tepitud kangagaLukuga 100% puuvillane kate, k\u00e4sipesu 30\u00b0CSisu -vill, kooko\" \/>\n<meta name=\"robots\" content=\"index, follow, max-snippet:-1, max-image-preview:large, max-video-preview:-1\" \/>\n<link rel=\"canonical\" href=\"https:\/\/beebipood.ee\/ru\/produkt\/beebimadrats-high-quality-40x90\/\" \/>\n<meta property=\"og:locale\" content=\"ru_RU\" \/>\n<meta property=\"og:type\" content=\"article\" \/>\n<meta property=\"og:title\" content=\"Kookos-Fiber plokk madrats 40x90 (quilted), \u041c\u0430\u0442\u0440\u0430\u0441\u044b \u0438 \u043c\u0430\u0442\u0440\u0430\u0441\u044b-\u043f\u043e\u043a\u0440\u044b\u0432\u0430\u043b\u0430, \u0428\u0438\u0440\u0438\u043d\u043e\u0439 \u0434\u043e 60 c\u043c, M\u0435\u0431\u0435\u043b\u044c, Beebipood\" \/>\n<meta property=\"og:description\" content=\"Kookos-Fiber plokk madrats 40x90 (quilted), Madrats on kaetud tepitud kangagaLukuga 100% puuvillane kate, k\u00e4sipesu 30\u00b0CSisu -vill, kooko\" \/>\n<meta property=\"og:url\" content=\"https:\/\/beebipood.ee\/ru\/produkt\/beebimadrats-high-quality-40x90\/\" \/>\n<meta property=\"og:site_name\" content=\"Beebipood\" \/>\n<meta property=\"article:modified_time\" content=\"2025-10-02T11:15:27+00:00\" \/>\n<meta property=\"og:image\" content=\"https:\/\/beebipood.ee\/wp-content\/uploads\/2016\/07\/pol_pl_materac-do-kolyski-90x40-piankowy-69_1.webp\" \/>\n\t<meta property=\"og:image:width\" content=\"1500\" \/>\n\t<meta property=\"og:image:height\" content=\"1500\" \/>\n\t<meta property=\"og:image:type\" content=\"image\/webp\" \/>\n<meta name=\"twitter:card\" content=\"summary_large_image\" \/>\n<meta name=\"twitter:label1\" content=\"\u041f\u0440\u0438\u043c\u0435\u0440\u043d\u043e\u0435 \u0432\u0440\u0435\u043c\u044f \u0434\u043b\u044f \u0447\u0442\u0435\u043d\u0438\u044f\" \/>\n\t<meta name=\"twitter:data1\" content=\"2 \u043c\u0438\u043d\u0443\u0442\u044b\" \/>\n<script type=\"application\/ld+json\" class=\"yoast-schema-graph\">{\"@context\":\"https:\/\/schema.org\",\"@graph\":[{\"@type\":\"WebPage\",\"@id\":\"https:\/\/beebipood.ee\/ru\/produkt\/beebimadrats-high-quality-40x90\/\",\"url\":\"https:\/\/beebipood.ee\/ru\/produkt\/beebimadrats-high-quality-40x90\/\",\"name\":\"Kookos-Fiber plokk madrats 40x90 (quilted), \u041c\u0430\u0442\u0440\u0430\u0441\u044b \u0438 \u043c\u0430\u0442\u0440\u0430\u0441\u044b-\u043f\u043e\u043a\u0440\u044b\u0432\u0430\u043b\u0430, \u0428\u0438\u0440\u0438\u043d\u043e\u0439 \u0434\u043e 60 c\u043c, M\u0435\u0431\u0435\u043b\u044c, Beebipood\",\"isPartOf\":{\"@id\":\"https:\/\/beebipood.ee\/ru\/#website\"},\"primaryImageOfPage\":{\"@id\":\"https:\/\/beebipood.ee\/ru\/produkt\/beebimadrats-high-quality-40x90\/#primaryimage\"},\"image\":{\"@id\":\"https:\/\/beebipood.ee\/ru\/produkt\/beebimadrats-high-quality-40x90\/#primaryimage\"},\"thumbnailUrl\":\"https:\/\/beebipood.ee\/wp-content\/uploads\/2016\/07\/pol_pl_materac-do-kolyski-90x40-piankowy-69_1.webp\",\"datePublished\":\"2016-07-06T04:55:11+00:00\",\"dateModified\":\"2025-10-02T11:15:27+00:00\",\"description\":\"Kookos-Fiber plokk madrats 40x90 (quilted), Madrats on kaetud tepitud kangagaLukuga 100% puuvillane kate, k\u00e4sipesu 30\u00b0CSisu -vill, kooko\",\"breadcrumb\":{\"@id\":\"https:\/\/beebipood.ee\/ru\/produkt\/beebimadrats-high-quality-40x90\/#breadcrumb\"},\"inLanguage\":\"ru-RU\",\"potentialAction\":[{\"@type\":\"ReadAction\",\"target\":[\"https:\/\/beebipood.ee\/ru\/produkt\/beebimadrats-high-quality-40x90\/\"]}]},{\"@type\":\"ImageObject\",\"inLanguage\":\"ru-RU\",\"@id\":\"https:\/\/beebipood.ee\/ru\/produkt\/beebimadrats-high-quality-40x90\/#primaryimage\",\"url\":\"https:\/\/beebipood.ee\/wp-content\/uploads\/2016\/07\/pol_pl_materac-do-kolyski-90x40-piankowy-69_1.webp\",\"contentUrl\":\"https:\/\/beebipood.ee\/wp-content\/uploads\/2016\/07\/pol_pl_materac-do-kolyski-90x40-piankowy-69_1.webp\",\"width\":1500,\"height\":1500},{\"@type\":\"BreadcrumbList\",\"@id\":\"https:\/\/beebipood.ee\/ru\/produkt\/beebimadrats-high-quality-40x90\/#breadcrumb\",\"itemListElement\":[{\"@type\":\"ListItem\",\"position\":1,\"name\":\"Home\",\"item\":\"https:\/\/beebipood.ee\/ru\/\"},{\"@type\":\"ListItem\",\"position\":2,\"name\":\"\u041a\u0430\u0442\u0430\u043b\u043e\u0433 \u0442\u043e\u0432\u0430\u0440\u043e\u0432\",\"item\":\"https:\/\/beebipood.ee\/tooted\/\"},{\"@type\":\"ListItem\",\"position\":3,\"name\":\"Beebimadrats High Quality 40\u00d790\"}]},{\"@type\":\"WebSite\",\"@id\":\"https:\/\/beebipood.ee\/ru\/#website\",\"url\":\"https:\/\/beebipood.ee\/ru\/\",\"name\":\"Beebipood\",\"description\":\"Lastekaubad, beebikaubad, m\u00e4nguasjad\",\"publisher\":{\"@id\":\"https:\/\/beebipood.ee\/ru\/#organization\"},\"potentialAction\":[{\"@type\":\"SearchAction\",\"target\":{\"@type\":\"EntryPoint\",\"urlTemplate\":\"https:\/\/beebipood.ee\/ru\/?s={search_term_string}\"},\"query-input\":{\"@type\":\"PropertyValueSpecification\",\"valueRequired\":true,\"valueName\":\"search_term_string\"}}],\"inLanguage\":\"ru-RU\"},{\"@type\":\"Organization\",\"@id\":\"https:\/\/beebipood.ee\/ru\/#organization\",\"name\":\"Beebipood\",\"url\":\"https:\/\/beebipood.ee\/ru\/\",\"logo\":{\"@type\":\"ImageObject\",\"inLanguage\":\"ru-RU\",\"@id\":\"https:\/\/beebipood.ee\/ru\/#\/schema\/logo\/image\/\",\"url\":\"https:\/\/beebipood.ee\/wp-content\/uploads\/2025\/03\/beebipood.ee-logo-1.svg\",\"contentUrl\":\"https:\/\/beebipood.ee\/wp-content\/uploads\/2025\/03\/beebipood.ee-logo-1.svg\",\"caption\":\"Beebipood\"},\"image\":{\"@id\":\"https:\/\/beebipood.ee\/ru\/#\/schema\/logo\/image\/\"}}]}<\/script>\n<!-- \/ Yoast SEO plugin. -->","yoast_head_json":{"title":"Kookos-Fiber plokk madrats 40x90 (quilted), \u041c\u0430\u0442\u0440\u0430\u0441\u044b \u0438 \u043c\u0430\u0442\u0440\u0430\u0441\u044b-\u043f\u043e\u043a\u0440\u044b\u0432\u0430\u043b\u0430, \u0428\u0438\u0440\u0438\u043d\u043e\u0439 \u0434\u043e 60 c\u043c, M\u0435\u0431\u0435\u043b\u044c, Beebipood","description":"Kookos-Fiber plokk madrats 40x90 (quilted), Madrats on kaetud tepitud kangagaLukuga 100% puuvillane kate, k\u00e4sipesu 30\u00b0CSisu -vill, kooko","robots":{"index":"index","follow":"follow","max-snippet":"max-snippet:-1","max-image-preview":"max-image-preview:large","max-video-preview":"max-video-preview:-1"},"canonical":"https:\/\/beebipood.ee\/ru\/produkt\/beebimadrats-high-quality-40x90\/","og_locale":"ru_RU","og_type":"article","og_title":"Kookos-Fiber plokk madrats 40x90 (quilted), \u041c\u0430\u0442\u0440\u0430\u0441\u044b \u0438 \u043c\u0430\u0442\u0440\u0430\u0441\u044b-\u043f\u043e\u043a\u0440\u044b\u0432\u0430\u043b\u0430, \u0428\u0438\u0440\u0438\u043d\u043e\u0439 \u0434\u043e 60 c\u043c, M\u0435\u0431\u0435\u043b\u044c, Beebipood","og_description":"Kookos-Fiber plokk madrats 40x90 (quilted), Madrats on kaetud tepitud kangagaLukuga 100% puuvillane kate, k\u00e4sipesu 30\u00b0CSisu -vill, kooko","og_url":"https:\/\/beebipood.ee\/ru\/produkt\/beebimadrats-high-quality-40x90\/","og_site_name":"Beebipood","article_modified_time":"2025-10-02T11:15:27+00:00","og_image":[{"width":1500,"height":1500,"url":"https:\/\/beebipood.ee\/wp-content\/uploads\/2016\/07\/pol_pl_materac-do-kolyski-90x40-piankowy-69_1.webp","type":"image\/webp"}],"twitter_card":"summary_large_image","twitter_misc":{"\u041f\u0440\u0438\u043c\u0435\u0440\u043d\u043e\u0435 \u0432\u0440\u0435\u043c\u044f \u0434\u043b\u044f \u0447\u0442\u0435\u043d\u0438\u044f":"2 \u043c\u0438\u043d\u0443\u0442\u044b"},"schema":{"@context":"https:\/\/schema.org","@graph":[{"@type":"WebPage","@id":"https:\/\/beebipood.ee\/ru\/produkt\/beebimadrats-high-quality-40x90\/","url":"https:\/\/beebipood.ee\/ru\/produkt\/beebimadrats-high-quality-40x90\/","name":"Kookos-Fiber plokk madrats 40x90 (quilted), \u041c\u0430\u0442\u0440\u0430\u0441\u044b \u0438 \u043c\u0430\u0442\u0440\u0430\u0441\u044b-\u043f\u043e\u043a\u0440\u044b\u0432\u0430\u043b\u0430, \u0428\u0438\u0440\u0438\u043d\u043e\u0439 \u0434\u043e 60 c\u043c, M\u0435\u0431\u0435\u043b\u044c, Beebipood","isPartOf":{"@id":"https:\/\/beebipood.ee\/ru\/#website"},"primaryImageOfPage":{"@id":"https:\/\/beebipood.ee\/ru\/produkt\/beebimadrats-high-quality-40x90\/#primaryimage"},"image":{"@id":"https:\/\/beebipood.ee\/ru\/produkt\/beebimadrats-high-quality-40x90\/#primaryimage"},"thumbnailUrl":"https:\/\/beebipood.ee\/wp-content\/uploads\/2016\/07\/pol_pl_materac-do-kolyski-90x40-piankowy-69_1.webp","datePublished":"2016-07-06T04:55:11+00:00","dateModified":"2025-10-02T11:15:27+00:00","description":"Kookos-Fiber plokk madrats 40x90 (quilted), Madrats on kaetud tepitud kangagaLukuga 100% puuvillane kate, k\u00e4sipesu 30\u00b0CSisu -vill, kooko","breadcrumb":{"@id":"https:\/\/beebipood.ee\/ru\/produkt\/beebimadrats-high-quality-40x90\/#breadcrumb"},"inLanguage":"ru-RU","potentialAction":[{"@type":"ReadAction","target":["https:\/\/beebipood.ee\/ru\/produkt\/beebimadrats-high-quality-40x90\/"]}]},{"@type":"ImageObject","inLanguage":"ru-RU","@id":"https:\/\/beebipood.ee\/ru\/produkt\/beebimadrats-high-quality-40x90\/#primaryimage","url":"https:\/\/beebipood.ee\/wp-content\/uploads\/2016\/07\/pol_pl_materac-do-kolyski-90x40-piankowy-69_1.webp","contentUrl":"https:\/\/beebipood.ee\/wp-content\/uploads\/2016\/07\/pol_pl_materac-do-kolyski-90x40-piankowy-69_1.webp","width":1500,"height":1500},{"@type":"BreadcrumbList","@id":"https:\/\/beebipood.ee\/ru\/produkt\/beebimadrats-high-quality-40x90\/#breadcrumb","itemListElement":[{"@type":"ListItem","position":1,"name":"Home","item":"https:\/\/beebipood.ee\/ru\/"},{"@type":"ListItem","position":2,"name":"\u041a\u0430\u0442\u0430\u043b\u043e\u0433 \u0442\u043e\u0432\u0430\u0440\u043e\u0432","item":"https:\/\/beebipood.ee\/tooted\/"},{"@type":"ListItem","position":3,"name":"Beebimadrats High Quality 40\u00d790"}]},{"@type":"WebSite","@id":"https:\/\/beebipood.ee\/ru\/#website","url":"https:\/\/beebipood.ee\/ru\/","name":"Beebipood","description":"Lastekaubad, beebikaubad, m\u00e4nguasjad","publisher":{"@id":"https:\/\/beebipood.ee\/ru\/#organization"},"potentialAction":[{"@type":"SearchAction","target":{"@type":"EntryPoint","urlTemplate":"https:\/\/beebipood.ee\/ru\/?s={search_term_string}"},"query-input":{"@type":"PropertyValueSpecification","valueRequired":true,"valueName":"search_term_string"}}],"inLanguage":"ru-RU"},{"@type":"Organization","@id":"https:\/\/beebipood.ee\/ru\/#organization","name":"Beebipood","url":"https:\/\/beebipood.ee\/ru\/","logo":{"@type":"ImageObject","inLanguage":"ru-RU","@id":"https:\/\/beebipood.ee\/ru\/#\/schema\/logo\/image\/","url":"https:\/\/beebipood.ee\/wp-content\/uploads\/2025\/03\/beebipood.ee-logo-1.svg","contentUrl":"https:\/\/beebipood.ee\/wp-content\/uploads\/2025\/03\/beebipood.ee-logo-1.svg","caption":"Beebipood"},"image":{"@id":"https:\/\/beebipood.ee\/ru\/#\/schema\/logo\/image\/"}}]}},"brands":[{"id":12000,"name":"Woodies","slug":"woodies-2"}],"_links":{"self":[{"href":"https:\/\/beebipood.ee\/ru\/wp-json\/wp\/v2\/product\/457162","targetHints":{"allow":["GET"]}}],"collection":[{"href":"https:\/\/beebipood.ee\/ru\/wp-json\/wp\/v2\/product"}],"about":[{"href":"https:\/\/beebipood.ee\/ru\/wp-json\/wp\/v2\/types\/product"}],"wp:featuredmedia":[{"embeddable":true,"href":"https:\/\/beebipood.ee\/ru\/wp-json\/wp\/v2\/media\/507478"}],"wp:attachment":[{"href":"https:\/\/beebipood.ee\/ru\/wp-json\/wp\/v2\/media?parent=457162"}],"wp:term":[{"taxonomy":"pwb-brand","embeddable":true,"href":"https:\/\/beebipood.ee\/ru\/wp-json\/wp\/v2\/pwb-brand?post=457162"},{"taxonomy":"product_brand","embeddable":true,"href":"https:\/\/beebipood.ee\/ru\/wp-json\/wp\/v2\/product_brand?post=457162"},{"taxonomy":"product_cat","embeddable":true,"href":"https:\/\/beebipood.ee\/ru\/wp-json\/wp\/v2\/product_cat?post=457162"},{"taxonomy":"product_tag","embeddable":true,"href":"https:\/\/beebipood.ee\/ru\/wp-json\/wp\/v2\/product_tag?post=457162"}],"curies":[{"name":"wp","href":"https:\/\/api.w.org\/{rel}","templated":true}]}}