{"id":457172,"date":"2016-07-12T10:05:44","date_gmt":"2016-07-12T07:05:44","guid":{"rendered":"https:\/\/beebipood.ee\/toode\/leclerc-hexagon-jalutuskaru-carbon-black\/"},"modified":"2025-01-09T10:49:59","modified_gmt":"2025-01-09T08:49:59","slug":"leclerc-hexagon-jalutuskaru-carbon-black","status":"publish","type":"product","link":"https:\/\/beebipood.ee\/ru\/produkt\/leclerc-hexagon-jalutuskaru-carbon-black\/","title":{"rendered":"Leclerc Hexagon jalutusk\u00e4ru, Carbon Black"},"content":{"rendered":"<p>Armastus esimesest silmapilgust\u2026 <br \/>Uhiuue Hexagon kollektsiooni autor on kuulus Hollandi disainer Christian Lagerwaard. <br \/>Hexagon on Leclerc Baby jalutusk\u00e4rude tippklass, <br \/>mis on valminud k\u00f5rgeimate kvaliteedistandardite kohaselt ja on lapsele \u00e4\u00e4rmiselt mugav. <br \/>T\u00e4iendasime meie populaarset \u00fche liigutusega kokkuklappimise s\u00fcsteemi <br \/>n\u00fc\u00fcd veel ka luksusliku augumustriga kunstnaha ja seemisnaha taolise kangaga. <br \/>Hexagon kollektsiooni kuulub kolm kvaliteetset jalutusk\u00e4ru.<br \/><span style=\"text-decoration: underline;\"><br \/>Komplekti kuuluvad:<\/span><br \/>\u2013 Leclerc Baby Hexagon jalutusk\u00e4ru kaarvarju\/p\u00e4ikesevarjuga<br \/>\u2013 Topsihoidja<br \/>\u2013 Turvakaar<br \/>\u2013 Deluxe transpordikott<br \/><span style=\"text-decoration: underline;\">Mugavus nii sulle kui ka lapsele:<\/span><br \/>\u2013 Magnetilise kinnitusega kaarvari\/p\u00e4ikesevari<br \/>\u2013 Kolme asendisse reguleeritav seljatugi (sh magamisasend)<br \/>\u2013 Reguleeritav jalatugi<br \/><span style=\"text-decoration: underline;\">Kasutusmugavus:<\/span><br \/>\u2013 Eemaldatav turvakaar<br \/>\u2013 Magnetiline viie punkti turvav\u00f6\u00f6 lapsele mugavaks juurdep\u00e4\u00e4suks<br \/>\u2013 Vedrustus neljal rattal<br \/>\u2013 Suur jalgpidur<br \/>\u2013 M\u00e4hkmekoti kinnitamise kohad<br \/><span style=\"text-decoration: underline;\">Kvaliteetsed materjalid<\/span>:<br \/>\u2013 Kunstnahast kattega l\u00fckkesang ja esipiire<br \/>\u2013 Vastupidav transpordikott<br \/>\u2013 100% PU rattad ja palju muudki<br \/><span style=\"text-decoration: underline;\">Lisainformatsioon:<\/span><br \/>\u2013 Jalutusk\u00e4ru saab kokku ja lahti klappida vaid \u00fche liigutusega<br \/>\u2013 K\u00e4sipagasi m\u00f5\u00f5dus \u2013 mahub lennuki salongis pagasiriiulisse<br \/>\u2013 Komplekti kuulub kaarvari\/p\u00e4ikesevari UV50+. <br \/>\u00a0 \u00a0Turvakaar, topsihoidja ja transpordikott<br \/>\u2013 Sobib alates 6 elukuust kuni 22 kg \/ umbes 5 eluaastani<br \/>\u2013 Saadaval erinevad aksessuaarid<br \/>\u2013 Pakikorvi kandev\u00f5ime kuni 3 kg<br \/>\u2013 Kaal 6.6 kg<br \/>\u2013 M\u00f5\u00f5tmed 61 \u00d7 47 \u00d7 101.5 cm<br \/>\u2013 M\u00f5\u00f5dud kokkupanduna 56 x 47 x 24<\/p>\n","protected":false},"excerpt":{"rendered":"<p>Armastus esimesest silmapilgust\u2026 Uhiuue Hexagon kollektsiooni autor on kuulus Hollandi disainer Christian Lagerwaard. Hexagon on Leclerc Baby jalutusk\u00e4rude tippklass, mis on valminud k\u00f5rgeimate kvaliteedistandardite kohaselt ja on lapsele \u00e4\u00e4rmiselt mugav. T\u00e4iendasime meie populaarset \u00fche liigutusega kokkuklappimise s\u00fcsteemi n\u00fc\u00fcd veel ka luksusliku augumustriga kunstnaha ja seemisnaha taolise kangaga. Hexagon kollektsiooni kuulub kolm kvaliteetset jalutusk\u00e4ru.Komplekti kuuluvad:\u2013 Leclerc [&hellip;]<\/p>\n","protected":false},"featured_media":112698,"template":"","meta":{"_acf_changed":false},"pwb-brand":[11981],"product_brand":[],"product_cat":[11721,11717],"product_tag":[],"class_list":{"0":"post-457172","1":"product","2":"type-product","3":"status-publish","4":"has-post-thumbnail","6":"pwb-brand-leclerc-ru","7":"product_cat-jalutuskarud-ru","8":"product_cat-lastevankrid-ja-karud-ru","9":"pa_manufacturer-leclerc-ru","11":"first","12":"onbackorder","13":"taxable","14":"shipping-taxable","15":"purchasable","16":"product-type-simple"},"exclude_global_add_ons":[],"addons":[],"acf":[],"yoast_head":"<!-- This site is optimized with the Yoast SEO plugin v27.3 - https:\/\/yoast.com\/product\/yoast-seo-wordpress\/ -->\n<title>Leclerc Hexagon jalutusk\u00e4ru, Carbon Black, \u041d\u041e\u0412\u042b\u0415 \u0422\u041e\u0412\u0410\u0420\u042b, \u041a\u043e\u043b\u044f\u0441\u043a\u0438, \u041f\u0440\u043e\u0433\u0443\u043b\u043e\u0447\u043d\u044b\u0435 \u043a\u043e\u043b\u044f\u0441\u043a\u0438, Beebipood<\/title>\n<meta name=\"description\" content=\"Leclerc Hexagon jalutusk\u00e4ru, Carbon Black, Armastus esimesest silmapilgust&hellip; Uhiuue Hexagon kollektsiooni autor on kuulus Hollandi disainer Chri\" \/>\n<meta name=\"robots\" content=\"index, follow, max-snippet:-1, max-image-preview:large, max-video-preview:-1\" \/>\n<link rel=\"canonical\" href=\"https:\/\/beebipood.ee\/ru\/produkt\/leclerc-hexagon-jalutuskaru-carbon-black\/\" \/>\n<meta property=\"og:locale\" content=\"ru_RU\" \/>\n<meta property=\"og:type\" content=\"article\" \/>\n<meta property=\"og:title\" content=\"Leclerc Hexagon jalutusk\u00e4ru, Carbon Black, \u041d\u041e\u0412\u042b\u0415 \u0422\u041e\u0412\u0410\u0420\u042b, \u041a\u043e\u043b\u044f\u0441\u043a\u0438, \u041f\u0440\u043e\u0433\u0443\u043b\u043e\u0447\u043d\u044b\u0435 \u043a\u043e\u043b\u044f\u0441\u043a\u0438, Beebipood\" \/>\n<meta property=\"og:description\" content=\"Leclerc Hexagon jalutusk\u00e4ru, Carbon Black, Armastus esimesest silmapilgust&hellip; Uhiuue Hexagon kollektsiooni autor on kuulus Hollandi disainer Chri\" \/>\n<meta property=\"og:url\" content=\"https:\/\/beebipood.ee\/ru\/produkt\/leclerc-hexagon-jalutuskaru-carbon-black\/\" \/>\n<meta property=\"og:site_name\" content=\"Beebipood\" \/>\n<meta property=\"article:modified_time\" content=\"2025-01-09T08:49:59+00:00\" \/>\n<meta property=\"og:image\" content=\"https:\/\/beebipood.ee\/wp-content\/uploads\/2016\/07\/Leclerc-Hexagon-jalutuskaru-Carbon-Black-UUED-TOOTED-Lastevankrid-ja-karud-Jalutuskarud_2-aaa.png\" \/>\n\t<meta property=\"og:image:width\" content=\"2000\" \/>\n\t<meta property=\"og:image:height\" content=\"1709\" \/>\n\t<meta property=\"og:image:type\" content=\"image\/png\" \/>\n<meta name=\"twitter:card\" content=\"summary_large_image\" \/>\n<meta name=\"twitter:label1\" content=\"\u041f\u0440\u0438\u043c\u0435\u0440\u043d\u043e\u0435 \u0432\u0440\u0435\u043c\u044f \u0434\u043b\u044f \u0447\u0442\u0435\u043d\u0438\u044f\" \/>\n\t<meta name=\"twitter:data1\" content=\"1 \u043c\u0438\u043d\u0443\u0442\u0430\" \/>\n<script type=\"application\/ld+json\" class=\"yoast-schema-graph\">{\"@context\":\"https:\\\/\\\/schema.org\",\"@graph\":[{\"@type\":\"WebPage\",\"@id\":\"https:\\\/\\\/beebipood.ee\\\/ru\\\/produkt\\\/leclerc-hexagon-jalutuskaru-carbon-black\\\/\",\"url\":\"https:\\\/\\\/beebipood.ee\\\/ru\\\/produkt\\\/leclerc-hexagon-jalutuskaru-carbon-black\\\/\",\"name\":\"Leclerc Hexagon jalutusk\u00e4ru, Carbon Black, \u041d\u041e\u0412\u042b\u0415 \u0422\u041e\u0412\u0410\u0420\u042b, \u041a\u043e\u043b\u044f\u0441\u043a\u0438, \u041f\u0440\u043e\u0433\u0443\u043b\u043e\u0447\u043d\u044b\u0435 \u043a\u043e\u043b\u044f\u0441\u043a\u0438, Beebipood\",\"isPartOf\":{\"@id\":\"https:\\\/\\\/beebipood.ee\\\/ru\\\/#website\"},\"primaryImageOfPage\":{\"@id\":\"https:\\\/\\\/beebipood.ee\\\/ru\\\/produkt\\\/leclerc-hexagon-jalutuskaru-carbon-black\\\/#primaryimage\"},\"image\":{\"@id\":\"https:\\\/\\\/beebipood.ee\\\/ru\\\/produkt\\\/leclerc-hexagon-jalutuskaru-carbon-black\\\/#primaryimage\"},\"thumbnailUrl\":\"https:\\\/\\\/beebipood.ee\\\/wp-content\\\/uploads\\\/2016\\\/07\\\/Leclerc-Hexagon-jalutuskaru-Carbon-Black-UUED-TOOTED-Lastevankrid-ja-karud-Jalutuskarud_2-aaa.png\",\"datePublished\":\"2016-07-12T07:05:44+00:00\",\"dateModified\":\"2025-01-09T08:49:59+00:00\",\"description\":\"Leclerc Hexagon jalutusk\u00e4ru, Carbon Black, Armastus esimesest silmapilgust&hellip; Uhiuue Hexagon kollektsiooni autor on kuulus Hollandi disainer Chri\",\"breadcrumb\":{\"@id\":\"https:\\\/\\\/beebipood.ee\\\/ru\\\/produkt\\\/leclerc-hexagon-jalutuskaru-carbon-black\\\/#breadcrumb\"},\"inLanguage\":\"ru-RU\",\"potentialAction\":[{\"@type\":\"ReadAction\",\"target\":[\"https:\\\/\\\/beebipood.ee\\\/ru\\\/produkt\\\/leclerc-hexagon-jalutuskaru-carbon-black\\\/\"]}]},{\"@type\":\"ImageObject\",\"inLanguage\":\"ru-RU\",\"@id\":\"https:\\\/\\\/beebipood.ee\\\/ru\\\/produkt\\\/leclerc-hexagon-jalutuskaru-carbon-black\\\/#primaryimage\",\"url\":\"https:\\\/\\\/beebipood.ee\\\/wp-content\\\/uploads\\\/2016\\\/07\\\/Leclerc-Hexagon-jalutuskaru-Carbon-Black-UUED-TOOTED-Lastevankrid-ja-karud-Jalutuskarud_2-aaa.png\",\"contentUrl\":\"https:\\\/\\\/beebipood.ee\\\/wp-content\\\/uploads\\\/2016\\\/07\\\/Leclerc-Hexagon-jalutuskaru-Carbon-Black-UUED-TOOTED-Lastevankrid-ja-karud-Jalutuskarud_2-aaa.png\",\"width\":2000,\"height\":1709},{\"@type\":\"BreadcrumbList\",\"@id\":\"https:\\\/\\\/beebipood.ee\\\/ru\\\/produkt\\\/leclerc-hexagon-jalutuskaru-carbon-black\\\/#breadcrumb\",\"itemListElement\":[{\"@type\":\"ListItem\",\"position\":1,\"name\":\"Home\",\"item\":\"https:\\\/\\\/beebipood.ee\\\/ru\\\/\"},{\"@type\":\"ListItem\",\"position\":2,\"name\":\"\u041a\u0430\u0442\u0430\u043b\u043e\u0433 \u0442\u043e\u0432\u0430\u0440\u043e\u0432\",\"item\":\"https:\\\/\\\/beebipood.ee\\\/tooted\\\/\"},{\"@type\":\"ListItem\",\"position\":3,\"name\":\"Leclerc Hexagon jalutusk\u00e4ru, Carbon Black\"}]},{\"@type\":\"WebSite\",\"@id\":\"https:\\\/\\\/beebipood.ee\\\/ru\\\/#website\",\"url\":\"https:\\\/\\\/beebipood.ee\\\/ru\\\/\",\"name\":\"Beebipood\",\"description\":\"Lastekaubad, beebikaubad, m\u00e4nguasjad\",\"publisher\":{\"@id\":\"https:\\\/\\\/beebipood.ee\\\/ru\\\/#organization\"},\"potentialAction\":[{\"@type\":\"SearchAction\",\"target\":{\"@type\":\"EntryPoint\",\"urlTemplate\":\"https:\\\/\\\/beebipood.ee\\\/ru\\\/?s={search_term_string}\"},\"query-input\":{\"@type\":\"PropertyValueSpecification\",\"valueRequired\":true,\"valueName\":\"search_term_string\"}}],\"inLanguage\":\"ru-RU\"},{\"@type\":\"Organization\",\"@id\":\"https:\\\/\\\/beebipood.ee\\\/ru\\\/#organization\",\"name\":\"Beebipood\",\"url\":\"https:\\\/\\\/beebipood.ee\\\/ru\\\/\",\"logo\":{\"@type\":\"ImageObject\",\"inLanguage\":\"ru-RU\",\"@id\":\"https:\\\/\\\/beebipood.ee\\\/ru\\\/#\\\/schema\\\/logo\\\/image\\\/\",\"url\":\"https:\\\/\\\/beebipood.ee\\\/wp-content\\\/uploads\\\/2025\\\/03\\\/beebipood.ee-logo-1.svg\",\"contentUrl\":\"https:\\\/\\\/beebipood.ee\\\/wp-content\\\/uploads\\\/2025\\\/03\\\/beebipood.ee-logo-1.svg\",\"caption\":\"Beebipood\"},\"image\":{\"@id\":\"https:\\\/\\\/beebipood.ee\\\/ru\\\/#\\\/schema\\\/logo\\\/image\\\/\"}}]}<\/script>\n<!-- \/ Yoast SEO plugin. -->","yoast_head_json":{"title":"Leclerc Hexagon jalutusk\u00e4ru, Carbon Black, \u041d\u041e\u0412\u042b\u0415 \u0422\u041e\u0412\u0410\u0420\u042b, \u041a\u043e\u043b\u044f\u0441\u043a\u0438, \u041f\u0440\u043e\u0433\u0443\u043b\u043e\u0447\u043d\u044b\u0435 \u043a\u043e\u043b\u044f\u0441\u043a\u0438, Beebipood","description":"Leclerc Hexagon jalutusk\u00e4ru, Carbon Black, Armastus esimesest silmapilgust&hellip; Uhiuue Hexagon kollektsiooni autor on kuulus Hollandi disainer Chri","robots":{"index":"index","follow":"follow","max-snippet":"max-snippet:-1","max-image-preview":"max-image-preview:large","max-video-preview":"max-video-preview:-1"},"canonical":"https:\/\/beebipood.ee\/ru\/produkt\/leclerc-hexagon-jalutuskaru-carbon-black\/","og_locale":"ru_RU","og_type":"article","og_title":"Leclerc Hexagon jalutusk\u00e4ru, Carbon Black, \u041d\u041e\u0412\u042b\u0415 \u0422\u041e\u0412\u0410\u0420\u042b, \u041a\u043e\u043b\u044f\u0441\u043a\u0438, \u041f\u0440\u043e\u0433\u0443\u043b\u043e\u0447\u043d\u044b\u0435 \u043a\u043e\u043b\u044f\u0441\u043a\u0438, Beebipood","og_description":"Leclerc Hexagon jalutusk\u00e4ru, Carbon Black, Armastus esimesest silmapilgust&hellip; Uhiuue Hexagon kollektsiooni autor on kuulus Hollandi disainer Chri","og_url":"https:\/\/beebipood.ee\/ru\/produkt\/leclerc-hexagon-jalutuskaru-carbon-black\/","og_site_name":"Beebipood","article_modified_time":"2025-01-09T08:49:59+00:00","og_image":[{"width":2000,"height":1709,"url":"https:\/\/beebipood.ee\/wp-content\/uploads\/2016\/07\/Leclerc-Hexagon-jalutuskaru-Carbon-Black-UUED-TOOTED-Lastevankrid-ja-karud-Jalutuskarud_2-aaa.png","type":"image\/png"}],"twitter_card":"summary_large_image","twitter_misc":{"\u041f\u0440\u0438\u043c\u0435\u0440\u043d\u043e\u0435 \u0432\u0440\u0435\u043c\u044f \u0434\u043b\u044f \u0447\u0442\u0435\u043d\u0438\u044f":"1 \u043c\u0438\u043d\u0443\u0442\u0430"},"schema":{"@context":"https:\/\/schema.org","@graph":[{"@type":"WebPage","@id":"https:\/\/beebipood.ee\/ru\/produkt\/leclerc-hexagon-jalutuskaru-carbon-black\/","url":"https:\/\/beebipood.ee\/ru\/produkt\/leclerc-hexagon-jalutuskaru-carbon-black\/","name":"Leclerc Hexagon jalutusk\u00e4ru, Carbon Black, \u041d\u041e\u0412\u042b\u0415 \u0422\u041e\u0412\u0410\u0420\u042b, \u041a\u043e\u043b\u044f\u0441\u043a\u0438, \u041f\u0440\u043e\u0433\u0443\u043b\u043e\u0447\u043d\u044b\u0435 \u043a\u043e\u043b\u044f\u0441\u043a\u0438, Beebipood","isPartOf":{"@id":"https:\/\/beebipood.ee\/ru\/#website"},"primaryImageOfPage":{"@id":"https:\/\/beebipood.ee\/ru\/produkt\/leclerc-hexagon-jalutuskaru-carbon-black\/#primaryimage"},"image":{"@id":"https:\/\/beebipood.ee\/ru\/produkt\/leclerc-hexagon-jalutuskaru-carbon-black\/#primaryimage"},"thumbnailUrl":"https:\/\/beebipood.ee\/wp-content\/uploads\/2016\/07\/Leclerc-Hexagon-jalutuskaru-Carbon-Black-UUED-TOOTED-Lastevankrid-ja-karud-Jalutuskarud_2-aaa.png","datePublished":"2016-07-12T07:05:44+00:00","dateModified":"2025-01-09T08:49:59+00:00","description":"Leclerc Hexagon jalutusk\u00e4ru, Carbon Black, Armastus esimesest silmapilgust&hellip; Uhiuue Hexagon kollektsiooni autor on kuulus Hollandi disainer Chri","breadcrumb":{"@id":"https:\/\/beebipood.ee\/ru\/produkt\/leclerc-hexagon-jalutuskaru-carbon-black\/#breadcrumb"},"inLanguage":"ru-RU","potentialAction":[{"@type":"ReadAction","target":["https:\/\/beebipood.ee\/ru\/produkt\/leclerc-hexagon-jalutuskaru-carbon-black\/"]}]},{"@type":"ImageObject","inLanguage":"ru-RU","@id":"https:\/\/beebipood.ee\/ru\/produkt\/leclerc-hexagon-jalutuskaru-carbon-black\/#primaryimage","url":"https:\/\/beebipood.ee\/wp-content\/uploads\/2016\/07\/Leclerc-Hexagon-jalutuskaru-Carbon-Black-UUED-TOOTED-Lastevankrid-ja-karud-Jalutuskarud_2-aaa.png","contentUrl":"https:\/\/beebipood.ee\/wp-content\/uploads\/2016\/07\/Leclerc-Hexagon-jalutuskaru-Carbon-Black-UUED-TOOTED-Lastevankrid-ja-karud-Jalutuskarud_2-aaa.png","width":2000,"height":1709},{"@type":"BreadcrumbList","@id":"https:\/\/beebipood.ee\/ru\/produkt\/leclerc-hexagon-jalutuskaru-carbon-black\/#breadcrumb","itemListElement":[{"@type":"ListItem","position":1,"name":"Home","item":"https:\/\/beebipood.ee\/ru\/"},{"@type":"ListItem","position":2,"name":"\u041a\u0430\u0442\u0430\u043b\u043e\u0433 \u0442\u043e\u0432\u0430\u0440\u043e\u0432","item":"https:\/\/beebipood.ee\/tooted\/"},{"@type":"ListItem","position":3,"name":"Leclerc Hexagon jalutusk\u00e4ru, Carbon Black"}]},{"@type":"WebSite","@id":"https:\/\/beebipood.ee\/ru\/#website","url":"https:\/\/beebipood.ee\/ru\/","name":"Beebipood","description":"Lastekaubad, beebikaubad, m\u00e4nguasjad","publisher":{"@id":"https:\/\/beebipood.ee\/ru\/#organization"},"potentialAction":[{"@type":"SearchAction","target":{"@type":"EntryPoint","urlTemplate":"https:\/\/beebipood.ee\/ru\/?s={search_term_string}"},"query-input":{"@type":"PropertyValueSpecification","valueRequired":true,"valueName":"search_term_string"}}],"inLanguage":"ru-RU"},{"@type":"Organization","@id":"https:\/\/beebipood.ee\/ru\/#organization","name":"Beebipood","url":"https:\/\/beebipood.ee\/ru\/","logo":{"@type":"ImageObject","inLanguage":"ru-RU","@id":"https:\/\/beebipood.ee\/ru\/#\/schema\/logo\/image\/","url":"https:\/\/beebipood.ee\/wp-content\/uploads\/2025\/03\/beebipood.ee-logo-1.svg","contentUrl":"https:\/\/beebipood.ee\/wp-content\/uploads\/2025\/03\/beebipood.ee-logo-1.svg","caption":"Beebipood"},"image":{"@id":"https:\/\/beebipood.ee\/ru\/#\/schema\/logo\/image\/"}}]}},"brands":[{"id":11981,"name":"Leclerc","slug":"leclerc-ru"}],"_links":{"self":[{"href":"https:\/\/beebipood.ee\/ru\/wp-json\/wp\/v2\/product\/457172","targetHints":{"allow":["GET"]}}],"collection":[{"href":"https:\/\/beebipood.ee\/ru\/wp-json\/wp\/v2\/product"}],"about":[{"href":"https:\/\/beebipood.ee\/ru\/wp-json\/wp\/v2\/types\/product"}],"wp:featuredmedia":[{"embeddable":true,"href":"https:\/\/beebipood.ee\/ru\/wp-json\/wp\/v2\/media\/112698"}],"wp:attachment":[{"href":"https:\/\/beebipood.ee\/ru\/wp-json\/wp\/v2\/media?parent=457172"}],"wp:term":[{"taxonomy":"pwb-brand","embeddable":true,"href":"https:\/\/beebipood.ee\/ru\/wp-json\/wp\/v2\/pwb-brand?post=457172"},{"taxonomy":"product_brand","embeddable":true,"href":"https:\/\/beebipood.ee\/ru\/wp-json\/wp\/v2\/product_brand?post=457172"},{"taxonomy":"product_cat","embeddable":true,"href":"https:\/\/beebipood.ee\/ru\/wp-json\/wp\/v2\/product_cat?post=457172"},{"taxonomy":"product_tag","embeddable":true,"href":"https:\/\/beebipood.ee\/ru\/wp-json\/wp\/v2\/product_tag?post=457172"}],"curies":[{"name":"wp","href":"https:\/\/api.w.org\/{rel}","templated":true}]}}