{"id":457174,"date":"2016-07-12T10:09:15","date_gmt":"2016-07-12T07:09:15","guid":{"rendered":"https:\/\/beebipood.ee\/toode\/leclerc-influencer-jalutuskaru-sand-chocolate\/"},"modified":"2025-01-09T10:49:58","modified_gmt":"2025-01-09T08:49:58","slug":"leclerc-influencer-jalutuskaru-sand-chocolate","status":"publish","type":"product","link":"https:\/\/beebipood.ee\/ru\/produkt\/leclerc-influencer-jalutuskaru-sand-chocolate\/","title":{"rendered":"Leclerc Influencer jalutusk\u00e4ru, Sand Chocolate"},"content":{"rendered":"<p>Paista teiste hulgast silma\u2026<br \/>Oma \u0161okolaadipruunide ja roosade aktsentidega <br \/>on Leclerc Baby Influencer jalutusk\u00e4rude turul kahtlemata suunan\u00e4itaja. <br \/>Selles on \u00fchendatud imeilusad v\u00e4rvid, m\u00f5nusad materjalid <br \/>ja meie eriti mugav \u00fche liigutusega automaatse kokkuklappimise mehhanism. <br \/>Meie uute trendiseadjate sarja kuuluvad neli moodsat ja pilkup\u00fc\u00fcdvat musta <br \/>v\u00f5i metalliktooni raamiga mudelit.<br \/>Mudelile Influencer on saadaval ka ilusates v\u00e4rvides kokkusobivad aksessuaarid: <br \/>vankrikorv, organisaator-kott, m\u00e4hkmekott ja soojakotid.<br \/>Miks peaksid vaeva n\u00e4gema keerulise ja raske tavalise k\u00e4ruga? <br \/>Leclerc Baby jalutusk\u00e4rusid on \u00e4\u00e4rmiselt lihtne kasutada ning \u00fche k\u00e4ega kokku panna ja avada. <br \/>Niimoodi saad n\u00e4iteks last \u00fche k\u00e4ega s\u00fcles hoides teise k\u00e4ega k\u00e4ru valmis seada.<br \/>K\u00e4ru k\u00e4ib kokku ja lahti vaid \u00fche liigutuse ning gravitatsiooni abiga. <br \/>Me ei ole kasutanud \u00f5rnu vedrusid ega \u00f5hkkumme, nii et kogu s\u00fcsteem on tugev <br \/>ja vastupidav ning kuulub loomulikult ka meie garantii alla.<\/p>\n<p><span style=\"text-decoration: underline;\">Komplekti kuuluvad:<\/span><br \/>\u2013 Leclerc Baby Influencer kaarvarju\/p\u00e4ikesevarjuga jalutusk\u00e4ru<br \/>\u2013 Vihmakile<br \/>\u2013 Topsihoidja<br \/>\u2013 Turvakaar<br \/>\u2013 Transpordikott<br \/><span style=\"text-decoration: underline;\">Mugavus nii sulle kui ka lapsele:<\/span><br \/>\u2013 Magnetilise kinnitusega kaarvari\/p\u00e4ikesevari<br \/>\u2013 Kolme asendisse reguleeritav seljatugi (sh magamisasend)<br \/>\u2013 Reguleeritav jalatugi<br \/><span style=\"text-decoration: underline;\">Kasutusmugavus:<\/span><br \/>\u2013 Eemaldatav turvakaar<br \/>\u2013 Magnetiline viie punkti turvav\u00f6\u00f6 lapsele mugavaks juurdep\u00e4\u00e4suks<br \/>\u2013 Vedrustus neljal rattal<br \/>\u2013 Suur jalgpidur<br \/>\u2013 M\u00e4hkmekoti kinnitamise kohad<br \/><span style=\"text-decoration: underline;\">Kaitse ilma eest:<\/span><br \/>\u2013 Pikk kaarvari\/p\u00e4ikesevari SPF 50+<br \/>\u2013 600D veekindel kangas<br \/><span style=\"text-decoration: underline;\">Kvaliteetsed materjalid:<\/span><br \/>\u2013 Kunstnahast kattega l\u00fckkesang ja esipiire<br \/>\u2013 Vastupidav transpordikott<br \/>\u2013 100% PU rattad ja palju muudki<br \/><span style=\"text-decoration: underline;\">Lisainformatsioon:<\/span><br \/>\u2013 Jalutusk\u00e4ru saab kokku ja lahti klappida vaid \u00fche liigutusega<br \/>\u2013 K\u00e4sipagasi m\u00f5\u00f5dus \u2013 mahub lennuki salongis pagasiriiulisse<br \/>\u2013 Komplekti kuulub kaarvari\/p\u00e4ikesevari UV50+. <br \/>\u00a0 \u00a0Vihmakile, turvakaar, topsihoidja ja transpordikott<br \/>\u2013 Sobib alates 6 elukuust kuni 22 kg \/ umbes 5 eluaastani<br \/>\u2013 Saadaval erinevad mudelid ning ka vankrikorviga komplektid<br \/>\u2013 Kaal 6.6 kg<br \/>\u2013 M\u00f5\u00f5tmed 61 \u00d7 47 \u00d7 101.5 cm<\/p>\n","protected":false},"excerpt":{"rendered":"<p>Paista teiste hulgast silma\u2026Oma \u0161okolaadipruunide ja roosade aktsentidega on Leclerc Baby Influencer jalutusk\u00e4rude turul kahtlemata suunan\u00e4itaja. Selles on \u00fchendatud imeilusad v\u00e4rvid, m\u00f5nusad materjalid ja meie eriti mugav \u00fche liigutusega automaatse kokkuklappimise mehhanism. Meie uute trendiseadjate sarja kuuluvad neli moodsat ja pilkup\u00fc\u00fcdvat musta v\u00f5i metalliktooni raamiga mudelit.Mudelile Influencer on saadaval ka ilusates v\u00e4rvides kokkusobivad aksessuaarid: vankrikorv, [&hellip;]<\/p>\n","protected":false},"featured_media":112704,"template":"","meta":{"_acf_changed":false},"pwb-brand":[11981],"product_brand":[],"product_cat":[11721,11717],"product_tag":[],"class_list":{"0":"post-457174","1":"product","2":"type-product","3":"status-publish","4":"has-post-thumbnail","6":"pwb-brand-leclerc-ru","7":"product_cat-jalutuskarud-ru","8":"product_cat-lastevankrid-ja-karud-ru","9":"pa_manufacturer-leclerc-ru","11":"first","12":"onbackorder","13":"taxable","14":"shipping-taxable","15":"purchasable","16":"product-type-simple"},"exclude_global_add_ons":[],"addons":[],"acf":[],"yoast_head":"<!-- This site is optimized with the Yoast SEO plugin v27.3 - https:\/\/yoast.com\/product\/yoast-seo-wordpress\/ -->\n<title>Leclerc Influencer jalutusk\u00e4ru, Sand Chocolate, \u0421\u041a\u0418\u0414\u041a\u0418, \u041d\u041e\u0412\u042b\u0415 \u0422\u041e\u0412\u0410\u0420\u042b, \u041a\u043e\u043b\u044f\u0441\u043a\u0438, \u041f\u0440\u043e\u0433\u0443\u043b\u043e\u0447\u043d\u044b\u0435 \u043a\u043e\u043b\u044f\u0441\u043a\u0438, Beebipood<\/title>\n<meta name=\"description\" content=\"Leclerc Influencer jalutusk\u00e4ru, Sand Chocolate, Paista teiste hulgast silma&hellip;Oma &scaron;okolaadipruunide ja roosade aktsentidega on Lecle\" \/>\n<meta name=\"robots\" content=\"index, follow, max-snippet:-1, max-image-preview:large, max-video-preview:-1\" \/>\n<link rel=\"canonical\" href=\"https:\/\/beebipood.ee\/ru\/produkt\/leclerc-influencer-jalutuskaru-sand-chocolate\/\" \/>\n<meta property=\"og:locale\" content=\"ru_RU\" \/>\n<meta property=\"og:type\" content=\"article\" \/>\n<meta property=\"og:title\" content=\"Leclerc Influencer jalutusk\u00e4ru, Sand Chocolate, \u0421\u041a\u0418\u0414\u041a\u0418, \u041d\u041e\u0412\u042b\u0415 \u0422\u041e\u0412\u0410\u0420\u042b, \u041a\u043e\u043b\u044f\u0441\u043a\u0438, \u041f\u0440\u043e\u0433\u0443\u043b\u043e\u0447\u043d\u044b\u0435 \u043a\u043e\u043b\u044f\u0441\u043a\u0438, Beebipood\" \/>\n<meta property=\"og:description\" content=\"Leclerc Influencer jalutusk\u00e4ru, Sand Chocolate, Paista teiste hulgast silma&hellip;Oma &scaron;okolaadipruunide ja roosade aktsentidega on Lecle\" \/>\n<meta property=\"og:url\" content=\"https:\/\/beebipood.ee\/ru\/produkt\/leclerc-influencer-jalutuskaru-sand-chocolate\/\" \/>\n<meta property=\"og:site_name\" content=\"Beebipood\" \/>\n<meta property=\"article:modified_time\" content=\"2025-01-09T08:49:58+00:00\" \/>\n<meta property=\"og:image\" content=\"https:\/\/beebipood.ee\/wp-content\/uploads\/2016\/07\/Leclerc-Influencer-jalutuskaru-Sand-Chocolate-UUED-TOOTED-Lastevankrid-ja-karud-Jalutuskarud_1-85a.jpg\" \/>\n\t<meta property=\"og:image:width\" content=\"1553\" \/>\n\t<meta property=\"og:image:height\" content=\"1553\" \/>\n\t<meta property=\"og:image:type\" content=\"image\/jpeg\" \/>\n<meta name=\"twitter:card\" content=\"summary_large_image\" \/>\n<meta name=\"twitter:label1\" content=\"\u041f\u0440\u0438\u043c\u0435\u0440\u043d\u043e\u0435 \u0432\u0440\u0435\u043c\u044f \u0434\u043b\u044f \u0447\u0442\u0435\u043d\u0438\u044f\" \/>\n\t<meta name=\"twitter:data1\" content=\"1 \u043c\u0438\u043d\u0443\u0442\u0430\" \/>\n<script type=\"application\/ld+json\" class=\"yoast-schema-graph\">{\"@context\":\"https:\\\/\\\/schema.org\",\"@graph\":[{\"@type\":\"WebPage\",\"@id\":\"https:\\\/\\\/beebipood.ee\\\/ru\\\/produkt\\\/leclerc-influencer-jalutuskaru-sand-chocolate\\\/\",\"url\":\"https:\\\/\\\/beebipood.ee\\\/ru\\\/produkt\\\/leclerc-influencer-jalutuskaru-sand-chocolate\\\/\",\"name\":\"Leclerc Influencer jalutusk\u00e4ru, Sand Chocolate, \u0421\u041a\u0418\u0414\u041a\u0418, \u041d\u041e\u0412\u042b\u0415 \u0422\u041e\u0412\u0410\u0420\u042b, \u041a\u043e\u043b\u044f\u0441\u043a\u0438, \u041f\u0440\u043e\u0433\u0443\u043b\u043e\u0447\u043d\u044b\u0435 \u043a\u043e\u043b\u044f\u0441\u043a\u0438, Beebipood\",\"isPartOf\":{\"@id\":\"https:\\\/\\\/beebipood.ee\\\/ru\\\/#website\"},\"primaryImageOfPage\":{\"@id\":\"https:\\\/\\\/beebipood.ee\\\/ru\\\/produkt\\\/leclerc-influencer-jalutuskaru-sand-chocolate\\\/#primaryimage\"},\"image\":{\"@id\":\"https:\\\/\\\/beebipood.ee\\\/ru\\\/produkt\\\/leclerc-influencer-jalutuskaru-sand-chocolate\\\/#primaryimage\"},\"thumbnailUrl\":\"https:\\\/\\\/beebipood.ee\\\/wp-content\\\/uploads\\\/2016\\\/07\\\/Leclerc-Influencer-jalutuskaru-Sand-Chocolate-UUED-TOOTED-Lastevankrid-ja-karud-Jalutuskarud_1-85a.jpg\",\"datePublished\":\"2016-07-12T07:09:15+00:00\",\"dateModified\":\"2025-01-09T08:49:58+00:00\",\"description\":\"Leclerc Influencer jalutusk\u00e4ru, Sand Chocolate, Paista teiste hulgast silma&hellip;Oma &scaron;okolaadipruunide ja roosade aktsentidega on Lecle\",\"breadcrumb\":{\"@id\":\"https:\\\/\\\/beebipood.ee\\\/ru\\\/produkt\\\/leclerc-influencer-jalutuskaru-sand-chocolate\\\/#breadcrumb\"},\"inLanguage\":\"ru-RU\",\"potentialAction\":[{\"@type\":\"ReadAction\",\"target\":[\"https:\\\/\\\/beebipood.ee\\\/ru\\\/produkt\\\/leclerc-influencer-jalutuskaru-sand-chocolate\\\/\"]}]},{\"@type\":\"ImageObject\",\"inLanguage\":\"ru-RU\",\"@id\":\"https:\\\/\\\/beebipood.ee\\\/ru\\\/produkt\\\/leclerc-influencer-jalutuskaru-sand-chocolate\\\/#primaryimage\",\"url\":\"https:\\\/\\\/beebipood.ee\\\/wp-content\\\/uploads\\\/2016\\\/07\\\/Leclerc-Influencer-jalutuskaru-Sand-Chocolate-UUED-TOOTED-Lastevankrid-ja-karud-Jalutuskarud_1-85a.jpg\",\"contentUrl\":\"https:\\\/\\\/beebipood.ee\\\/wp-content\\\/uploads\\\/2016\\\/07\\\/Leclerc-Influencer-jalutuskaru-Sand-Chocolate-UUED-TOOTED-Lastevankrid-ja-karud-Jalutuskarud_1-85a.jpg\",\"width\":1553,\"height\":1553},{\"@type\":\"BreadcrumbList\",\"@id\":\"https:\\\/\\\/beebipood.ee\\\/ru\\\/produkt\\\/leclerc-influencer-jalutuskaru-sand-chocolate\\\/#breadcrumb\",\"itemListElement\":[{\"@type\":\"ListItem\",\"position\":1,\"name\":\"Home\",\"item\":\"https:\\\/\\\/beebipood.ee\\\/ru\\\/\"},{\"@type\":\"ListItem\",\"position\":2,\"name\":\"\u041a\u0430\u0442\u0430\u043b\u043e\u0433 \u0442\u043e\u0432\u0430\u0440\u043e\u0432\",\"item\":\"https:\\\/\\\/beebipood.ee\\\/tooted\\\/\"},{\"@type\":\"ListItem\",\"position\":3,\"name\":\"Leclerc Influencer jalutusk\u00e4ru, Sand Chocolate\"}]},{\"@type\":\"WebSite\",\"@id\":\"https:\\\/\\\/beebipood.ee\\\/ru\\\/#website\",\"url\":\"https:\\\/\\\/beebipood.ee\\\/ru\\\/\",\"name\":\"Beebipood\",\"description\":\"Lastekaubad, beebikaubad, m\u00e4nguasjad\",\"publisher\":{\"@id\":\"https:\\\/\\\/beebipood.ee\\\/ru\\\/#organization\"},\"potentialAction\":[{\"@type\":\"SearchAction\",\"target\":{\"@type\":\"EntryPoint\",\"urlTemplate\":\"https:\\\/\\\/beebipood.ee\\\/ru\\\/?s={search_term_string}\"},\"query-input\":{\"@type\":\"PropertyValueSpecification\",\"valueRequired\":true,\"valueName\":\"search_term_string\"}}],\"inLanguage\":\"ru-RU\"},{\"@type\":\"Organization\",\"@id\":\"https:\\\/\\\/beebipood.ee\\\/ru\\\/#organization\",\"name\":\"Beebipood\",\"url\":\"https:\\\/\\\/beebipood.ee\\\/ru\\\/\",\"logo\":{\"@type\":\"ImageObject\",\"inLanguage\":\"ru-RU\",\"@id\":\"https:\\\/\\\/beebipood.ee\\\/ru\\\/#\\\/schema\\\/logo\\\/image\\\/\",\"url\":\"https:\\\/\\\/beebipood.ee\\\/wp-content\\\/uploads\\\/2025\\\/03\\\/beebipood.ee-logo-1.svg\",\"contentUrl\":\"https:\\\/\\\/beebipood.ee\\\/wp-content\\\/uploads\\\/2025\\\/03\\\/beebipood.ee-logo-1.svg\",\"caption\":\"Beebipood\"},\"image\":{\"@id\":\"https:\\\/\\\/beebipood.ee\\\/ru\\\/#\\\/schema\\\/logo\\\/image\\\/\"}}]}<\/script>\n<!-- \/ Yoast SEO plugin. -->","yoast_head_json":{"title":"Leclerc Influencer jalutusk\u00e4ru, Sand Chocolate, \u0421\u041a\u0418\u0414\u041a\u0418, \u041d\u041e\u0412\u042b\u0415 \u0422\u041e\u0412\u0410\u0420\u042b, \u041a\u043e\u043b\u044f\u0441\u043a\u0438, \u041f\u0440\u043e\u0433\u0443\u043b\u043e\u0447\u043d\u044b\u0435 \u043a\u043e\u043b\u044f\u0441\u043a\u0438, Beebipood","description":"Leclerc Influencer jalutusk\u00e4ru, Sand Chocolate, Paista teiste hulgast silma&hellip;Oma &scaron;okolaadipruunide ja roosade aktsentidega on Lecle","robots":{"index":"index","follow":"follow","max-snippet":"max-snippet:-1","max-image-preview":"max-image-preview:large","max-video-preview":"max-video-preview:-1"},"canonical":"https:\/\/beebipood.ee\/ru\/produkt\/leclerc-influencer-jalutuskaru-sand-chocolate\/","og_locale":"ru_RU","og_type":"article","og_title":"Leclerc Influencer jalutusk\u00e4ru, Sand Chocolate, \u0421\u041a\u0418\u0414\u041a\u0418, \u041d\u041e\u0412\u042b\u0415 \u0422\u041e\u0412\u0410\u0420\u042b, \u041a\u043e\u043b\u044f\u0441\u043a\u0438, \u041f\u0440\u043e\u0433\u0443\u043b\u043e\u0447\u043d\u044b\u0435 \u043a\u043e\u043b\u044f\u0441\u043a\u0438, Beebipood","og_description":"Leclerc Influencer jalutusk\u00e4ru, Sand Chocolate, Paista teiste hulgast silma&hellip;Oma &scaron;okolaadipruunide ja roosade aktsentidega on Lecle","og_url":"https:\/\/beebipood.ee\/ru\/produkt\/leclerc-influencer-jalutuskaru-sand-chocolate\/","og_site_name":"Beebipood","article_modified_time":"2025-01-09T08:49:58+00:00","og_image":[{"width":1553,"height":1553,"url":"https:\/\/beebipood.ee\/wp-content\/uploads\/2016\/07\/Leclerc-Influencer-jalutuskaru-Sand-Chocolate-UUED-TOOTED-Lastevankrid-ja-karud-Jalutuskarud_1-85a.jpg","type":"image\/jpeg"}],"twitter_card":"summary_large_image","twitter_misc":{"\u041f\u0440\u0438\u043c\u0435\u0440\u043d\u043e\u0435 \u0432\u0440\u0435\u043c\u044f \u0434\u043b\u044f \u0447\u0442\u0435\u043d\u0438\u044f":"1 \u043c\u0438\u043d\u0443\u0442\u0430"},"schema":{"@context":"https:\/\/schema.org","@graph":[{"@type":"WebPage","@id":"https:\/\/beebipood.ee\/ru\/produkt\/leclerc-influencer-jalutuskaru-sand-chocolate\/","url":"https:\/\/beebipood.ee\/ru\/produkt\/leclerc-influencer-jalutuskaru-sand-chocolate\/","name":"Leclerc Influencer jalutusk\u00e4ru, Sand Chocolate, \u0421\u041a\u0418\u0414\u041a\u0418, \u041d\u041e\u0412\u042b\u0415 \u0422\u041e\u0412\u0410\u0420\u042b, \u041a\u043e\u043b\u044f\u0441\u043a\u0438, \u041f\u0440\u043e\u0433\u0443\u043b\u043e\u0447\u043d\u044b\u0435 \u043a\u043e\u043b\u044f\u0441\u043a\u0438, Beebipood","isPartOf":{"@id":"https:\/\/beebipood.ee\/ru\/#website"},"primaryImageOfPage":{"@id":"https:\/\/beebipood.ee\/ru\/produkt\/leclerc-influencer-jalutuskaru-sand-chocolate\/#primaryimage"},"image":{"@id":"https:\/\/beebipood.ee\/ru\/produkt\/leclerc-influencer-jalutuskaru-sand-chocolate\/#primaryimage"},"thumbnailUrl":"https:\/\/beebipood.ee\/wp-content\/uploads\/2016\/07\/Leclerc-Influencer-jalutuskaru-Sand-Chocolate-UUED-TOOTED-Lastevankrid-ja-karud-Jalutuskarud_1-85a.jpg","datePublished":"2016-07-12T07:09:15+00:00","dateModified":"2025-01-09T08:49:58+00:00","description":"Leclerc Influencer jalutusk\u00e4ru, Sand Chocolate, Paista teiste hulgast silma&hellip;Oma &scaron;okolaadipruunide ja roosade aktsentidega on Lecle","breadcrumb":{"@id":"https:\/\/beebipood.ee\/ru\/produkt\/leclerc-influencer-jalutuskaru-sand-chocolate\/#breadcrumb"},"inLanguage":"ru-RU","potentialAction":[{"@type":"ReadAction","target":["https:\/\/beebipood.ee\/ru\/produkt\/leclerc-influencer-jalutuskaru-sand-chocolate\/"]}]},{"@type":"ImageObject","inLanguage":"ru-RU","@id":"https:\/\/beebipood.ee\/ru\/produkt\/leclerc-influencer-jalutuskaru-sand-chocolate\/#primaryimage","url":"https:\/\/beebipood.ee\/wp-content\/uploads\/2016\/07\/Leclerc-Influencer-jalutuskaru-Sand-Chocolate-UUED-TOOTED-Lastevankrid-ja-karud-Jalutuskarud_1-85a.jpg","contentUrl":"https:\/\/beebipood.ee\/wp-content\/uploads\/2016\/07\/Leclerc-Influencer-jalutuskaru-Sand-Chocolate-UUED-TOOTED-Lastevankrid-ja-karud-Jalutuskarud_1-85a.jpg","width":1553,"height":1553},{"@type":"BreadcrumbList","@id":"https:\/\/beebipood.ee\/ru\/produkt\/leclerc-influencer-jalutuskaru-sand-chocolate\/#breadcrumb","itemListElement":[{"@type":"ListItem","position":1,"name":"Home","item":"https:\/\/beebipood.ee\/ru\/"},{"@type":"ListItem","position":2,"name":"\u041a\u0430\u0442\u0430\u043b\u043e\u0433 \u0442\u043e\u0432\u0430\u0440\u043e\u0432","item":"https:\/\/beebipood.ee\/tooted\/"},{"@type":"ListItem","position":3,"name":"Leclerc Influencer jalutusk\u00e4ru, Sand Chocolate"}]},{"@type":"WebSite","@id":"https:\/\/beebipood.ee\/ru\/#website","url":"https:\/\/beebipood.ee\/ru\/","name":"Beebipood","description":"Lastekaubad, beebikaubad, m\u00e4nguasjad","publisher":{"@id":"https:\/\/beebipood.ee\/ru\/#organization"},"potentialAction":[{"@type":"SearchAction","target":{"@type":"EntryPoint","urlTemplate":"https:\/\/beebipood.ee\/ru\/?s={search_term_string}"},"query-input":{"@type":"PropertyValueSpecification","valueRequired":true,"valueName":"search_term_string"}}],"inLanguage":"ru-RU"},{"@type":"Organization","@id":"https:\/\/beebipood.ee\/ru\/#organization","name":"Beebipood","url":"https:\/\/beebipood.ee\/ru\/","logo":{"@type":"ImageObject","inLanguage":"ru-RU","@id":"https:\/\/beebipood.ee\/ru\/#\/schema\/logo\/image\/","url":"https:\/\/beebipood.ee\/wp-content\/uploads\/2025\/03\/beebipood.ee-logo-1.svg","contentUrl":"https:\/\/beebipood.ee\/wp-content\/uploads\/2025\/03\/beebipood.ee-logo-1.svg","caption":"Beebipood"},"image":{"@id":"https:\/\/beebipood.ee\/ru\/#\/schema\/logo\/image\/"}}]}},"brands":[{"id":11981,"name":"Leclerc","slug":"leclerc-ru"}],"_links":{"self":[{"href":"https:\/\/beebipood.ee\/ru\/wp-json\/wp\/v2\/product\/457174","targetHints":{"allow":["GET"]}}],"collection":[{"href":"https:\/\/beebipood.ee\/ru\/wp-json\/wp\/v2\/product"}],"about":[{"href":"https:\/\/beebipood.ee\/ru\/wp-json\/wp\/v2\/types\/product"}],"wp:featuredmedia":[{"embeddable":true,"href":"https:\/\/beebipood.ee\/ru\/wp-json\/wp\/v2\/media\/112704"}],"wp:attachment":[{"href":"https:\/\/beebipood.ee\/ru\/wp-json\/wp\/v2\/media?parent=457174"}],"wp:term":[{"taxonomy":"pwb-brand","embeddable":true,"href":"https:\/\/beebipood.ee\/ru\/wp-json\/wp\/v2\/pwb-brand?post=457174"},{"taxonomy":"product_brand","embeddable":true,"href":"https:\/\/beebipood.ee\/ru\/wp-json\/wp\/v2\/product_brand?post=457174"},{"taxonomy":"product_cat","embeddable":true,"href":"https:\/\/beebipood.ee\/ru\/wp-json\/wp\/v2\/product_cat?post=457174"},{"taxonomy":"product_tag","embeddable":true,"href":"https:\/\/beebipood.ee\/ru\/wp-json\/wp\/v2\/product_tag?post=457174"}],"curies":[{"name":"wp","href":"https:\/\/api.w.org\/{rel}","templated":true}]}}