{"id":457188,"date":"2016-07-12T16:08:45","date_gmt":"2016-07-12T13:08:45","guid":{"rendered":"https:\/\/beebipood.ee\/toode\/babybjorn-reisivoodi-light-dark-green\/"},"modified":"2025-01-09T10:49:58","modified_gmt":"2025-01-09T08:49:58","slug":"babybjorn-reisivoodi-light-dark-green","status":"publish","type":"product","link":"https:\/\/beebipood.ee\/ru\/produkt\/babybjorn-reisivoodi-light-dark-green\/","title":{"rendered":"BabyBj\u00f6rn reisivoodi Light, Dark Green"},"content":{"rendered":"<p>Lihtsasti paigaldatav ning \u00fclimalt kerge reisivoodi BabyBj\u00f6rn Light <br \/>pakub lapsele tuttavat keskkonda ka kodust eemal.<br \/>Lihtsasti paigaldatav ning sama lihtsati ka kokkupandav.<br \/>Ava kott, t\u00f5sta reisivoodi v\u00e4lja ning sea see \u00fcles \u00fche lihtsa liigutusega. <br \/>Reisivoodi paigaldamisel ei ole vaja kinnitada eraldi detaile. <br \/>Reisivoodi jalad avanevad automaatselt ning niipea, <br \/>kui madrats on paika seatud, ongi stabiilne ning mugav reisivoodi valmis kasutamiseks. <br \/>Kui toodet pole enam tarvis kasutada, voltige see lihtsalt kokku ning asetage praktilise kandekoti sisse.<\/p>\n<p><span style=\"text-decoration: underline;\">Reisivoodi paigaldus<\/span><br \/>Lastega reisimine eeldab \u00fcldiselt mitmeid kotte ja palju pagasit. <br \/>Seep\u00e4rast ongi hea teada, et sinu reisivoodi kaalub ainult 6kg <br \/>ning kandekotti pakituna v\u00f5tab see v\u00e4ga v\u00e4he ruumi 49x60x14cm.<br \/>See muudab reisivoodi ladustamise ning kaasaskandmise sinu jaoks v\u00e4ga mugavaks.<br \/><span style=\"text-decoration: underline;\">Pakitud reisivoodi<\/span><br \/>Pehme ja mugav madrats.<br \/>Reisivoodi komplekti kuulub ka pehme ja mugav madrats, <br \/>mis muudab reisivoodi m\u00f5nusaks magamisasemeks. <br \/>Madratsil on ka p\u00f5hjaplaat, mis hoiab kergekaalulise reisivoodi turvaliselt p\u00f5randal paigal. <br \/>Madratsi m\u00f5\u00f5dud: 60x105x3cm<br \/><span style=\"text-decoration: underline;\">Madrats<\/span><br \/>Reisimine v\u00f5ib lapse jaoks olla nii l\u00f5bus kui ka p\u00f5nev, <br \/>kuid vahel on lohutav teada, et sul on uues keskkonnas ka \u00fcks tuttav koht, <br \/>kus sa saad rahulikult magada. BabyBj\u00f6rni reisivoodi on laste jaoks turvaline koht, <br \/>kus magada ja tunda ennast nagu kodus.<br \/><span style=\"text-decoration: underline;\">Reisivoodi BabyBj\u00f6rn<\/span><br \/>\u00d5huline disain tagab hea \u00fclevaate, millega laps tegeleb.<br \/>Reisivoodi k\u00fcljed on valmistatud pehmest ja \u00f5hulisest v\u00f5rkkangast. <br \/>See v\u00f5imaldab lapsel hingata ka siis, <br \/>kui tema n\u00e4gu on reisivoodi k\u00fclje l\u00e4hedal v\u00f5i vastas.<br \/>L\u00e4bipaistev v\u00f5rkkangas laseb lapsel n\u00e4ha, <br \/>mis toimub tema \u00fcmber ning samuti saab lapsevanem hoida silma peal.<br \/><span style=\"text-decoration: underline;\">V\u00f5rkkangast disain<\/span><br \/>Turvalised ja testitud tekstiilid<br \/>K\u00f5ik kangad on lapsele ohutud. <br \/>Nii tema nahale kui ka kanga n\u00e4rimisel v\u00f5i imemisel. <br \/>K\u00f5ik tekstiilid on testitud ja heaks kiidetud vastavalt \u00d6ko-Tex 100 Standardi j\u00e4rgi. <br \/>See t\u00e4hendab, et tekstiilid on vabad nii allergeenidest <br \/>kui ka muudest tervisele ohtlikest ainetest.<br \/><span style=\"text-decoration: underline;\">Ohutud tekstiilid<\/span><br \/>Eemaldatavad ja pestavad kangad.<br \/>Nii madratsikate kui ka reisivoodi kangas on lihtsasti eemaldatavd ning masinpestavad.<br \/>Pestav katteriie<br \/><span style=\"text-decoration: underline;\">N\u00e4itajad<\/span><br \/>Kaal: 6kg (koos kandekotiga)<br \/>Madrats: 60 x 105 x 3cm<br \/>M\u00f5\u00f5dud: 82 x 112 x 64cm<br \/>Kokkupandult kandekotis: 49 x 60 x 14cm<br \/>M\u00f5eldud lastele alates s\u00fcnnist kuni ca. 3. eluaastani. <br \/>Kasutatav seni, kuni sinu laps hakkab juba iseseisvalt reisivoodist v\u00e4lja ronima.<br \/>Komplektis on kaasas sobiv madrats. <br \/>NB! \u00c4rge asetage teiste tootjate madratseid BabyBj\u00f6rni reisivoodisse.<br \/><span style=\"text-decoration: underline;\">Materjalid<\/span><br \/>Reisivoodi kangas: 100% pol\u00fcester<br \/>Madratsi pealmine osa: 50% pol\u00fcester, 50% pol\u00fcuretaan<br \/>Madratsi alumine osa: 100% pol\u00fcester<br \/>Madrats: 100% pol\u00fcuretaanvaht<br \/>K\u00f5ik materjalid ja kangad on heaks kiidetud \u00d6ko-Tex 100 Standardi j\u00e4rgi.<br \/>BabyBj\u00f6rni reisivoodi vastab turvastandardile ASTM F406<\/p>\n","protected":false},"excerpt":{"rendered":"<p>Lihtsasti paigaldatav ning \u00fclimalt kerge reisivoodi BabyBj\u00f6rn Light pakub lapsele tuttavat keskkonda ka kodust eemal.Lihtsasti paigaldatav ning sama lihtsati ka kokkupandav.Ava kott, t\u00f5sta reisivoodi v\u00e4lja ning sea see \u00fcles \u00fche lihtsa liigutusega. Reisivoodi paigaldamisel ei ole vaja kinnitada eraldi detaile. Reisivoodi jalad avanevad automaatselt ning niipea, kui madrats on paika seatud, ongi stabiilne ning mugav [&hellip;]<\/p>\n","protected":false},"featured_media":112813,"template":"","meta":{"_acf_changed":false},"pwb-brand":[11966],"product_brand":[],"product_cat":[11569,11553,11789],"product_tag":[],"class_list":{"0":"post-457188","1":"product","2":"type-product","3":"status-publish","4":"has-post-thumbnail","6":"pwb-brand-babybjorn-ru","7":"product_cat-reisivoodid-ru","8":"product_cat-beebivoodid-reisivoodid-hallid-ru","9":"product_cat-lastemoobel-ja-sisustus-ru","10":"pa_manufacturer-babybjorn-ru","12":"first","13":"onbackorder","14":"taxable","15":"shipping-taxable","16":"purchasable","17":"product-type-simple"},"exclude_global_add_ons":[],"addons":[],"acf":[],"yoast_head":"<!-- This site is optimized with the Yoast SEO plugin v27.1.1 - https:\/\/yoast.com\/product\/yoast-seo-wordpress\/ -->\n<title>BabyBj\u00f6rn reisivoodi Light, Dark Green, \u0414\u0435\u0442\u0441\u043a\u0438e \u043a\u0440\u043e\u0432\u0430\u0442\u043a\u0438, \u043f\u0435\u0440\u0435\u043d\u043e\u0441\u043d\u044b\u0435 \u043a\u0440\u043e\u0432\u0430\u0442\u043a\u0438, \u043b\u044e\u043b\u044c\u043a\u0438, \u041f\u0435\u0440\u0435\u043d\u043e\u0441\u043d\u044b\u0435 \u043a\u0440\u043e\u0432\u0430\u0442\u043a\u0438, \u041d\u041e\u0412\u042b\u0415 \u0422\u041e\u0412\u0410\u0420\u042b, M\u0435\u0431\u0435\u043b\u044c, Beebipood<\/title>\n<meta name=\"description\" content=\"BabyBj\u00f6rn reisivoodi Light, Dark Green, Lihtsasti paigaldatav ning &uuml;limalt kerge reisivoodi BabyBj&ouml;rn Light pakub lapsele tuttavat keskkonda\" \/>\n<meta name=\"robots\" content=\"index, follow, max-snippet:-1, max-image-preview:large, max-video-preview:-1\" \/>\n<link rel=\"canonical\" href=\"https:\/\/beebipood.ee\/ru\/produkt\/babybjorn-reisivoodi-light-dark-green\/\" \/>\n<meta property=\"og:locale\" content=\"ru_RU\" \/>\n<meta property=\"og:type\" content=\"article\" \/>\n<meta property=\"og:title\" content=\"BabyBj\u00f6rn reisivoodi Light, Dark Green, \u0414\u0435\u0442\u0441\u043a\u0438e \u043a\u0440\u043e\u0432\u0430\u0442\u043a\u0438, \u043f\u0435\u0440\u0435\u043d\u043e\u0441\u043d\u044b\u0435 \u043a\u0440\u043e\u0432\u0430\u0442\u043a\u0438, \u043b\u044e\u043b\u044c\u043a\u0438, \u041f\u0435\u0440\u0435\u043d\u043e\u0441\u043d\u044b\u0435 \u043a\u0440\u043e\u0432\u0430\u0442\u043a\u0438, \u041d\u041e\u0412\u042b\u0415 \u0422\u041e\u0412\u0410\u0420\u042b, M\u0435\u0431\u0435\u043b\u044c, Beebipood\" \/>\n<meta property=\"og:description\" content=\"BabyBj\u00f6rn reisivoodi Light, Dark Green, Lihtsasti paigaldatav ning &uuml;limalt kerge reisivoodi BabyBj&ouml;rn Light pakub lapsele tuttavat keskkonda\" \/>\n<meta property=\"og:url\" content=\"https:\/\/beebipood.ee\/ru\/produkt\/babybjorn-reisivoodi-light-dark-green\/\" \/>\n<meta property=\"og:site_name\" content=\"Beebipood\" \/>\n<meta property=\"article:modified_time\" content=\"2025-01-09T08:49:58+00:00\" \/>\n<meta property=\"og:image\" content=\"https:\/\/beebipood.ee\/wp-content\/uploads\/2016\/07\/BabyBjorn-reisivoodi-Light-Dark-Green-Beebivoodid-reisivoodid-hallid-Reisivoodid-UUED-TOOTED-Lastemoobel-ja-sisustus_3-c3f.png\" \/>\n\t<meta property=\"og:image:width\" content=\"800\" \/>\n\t<meta property=\"og:image:height\" content=\"1200\" \/>\n\t<meta property=\"og:image:type\" content=\"image\/png\" \/>\n<meta name=\"twitter:card\" content=\"summary_large_image\" \/>\n<meta name=\"twitter:label1\" content=\"\u041f\u0440\u0438\u043c\u0435\u0440\u043d\u043e\u0435 \u0432\u0440\u0435\u043c\u044f \u0434\u043b\u044f \u0447\u0442\u0435\u043d\u0438\u044f\" \/>\n\t<meta name=\"twitter:data1\" content=\"2 \u043c\u0438\u043d\u0443\u0442\u044b\" \/>\n<script type=\"application\/ld+json\" class=\"yoast-schema-graph\">{\"@context\":\"https:\/\/schema.org\",\"@graph\":[{\"@type\":\"WebPage\",\"@id\":\"https:\/\/beebipood.ee\/ru\/produkt\/babybjorn-reisivoodi-light-dark-green\/\",\"url\":\"https:\/\/beebipood.ee\/ru\/produkt\/babybjorn-reisivoodi-light-dark-green\/\",\"name\":\"BabyBj\u00f6rn reisivoodi Light, Dark Green, \u0414\u0435\u0442\u0441\u043a\u0438e \u043a\u0440\u043e\u0432\u0430\u0442\u043a\u0438, \u043f\u0435\u0440\u0435\u043d\u043e\u0441\u043d\u044b\u0435 \u043a\u0440\u043e\u0432\u0430\u0442\u043a\u0438, \u043b\u044e\u043b\u044c\u043a\u0438, \u041f\u0435\u0440\u0435\u043d\u043e\u0441\u043d\u044b\u0435 \u043a\u0440\u043e\u0432\u0430\u0442\u043a\u0438, \u041d\u041e\u0412\u042b\u0415 \u0422\u041e\u0412\u0410\u0420\u042b, M\u0435\u0431\u0435\u043b\u044c, Beebipood\",\"isPartOf\":{\"@id\":\"https:\/\/beebipood.ee\/ru\/#website\"},\"primaryImageOfPage\":{\"@id\":\"https:\/\/beebipood.ee\/ru\/produkt\/babybjorn-reisivoodi-light-dark-green\/#primaryimage\"},\"image\":{\"@id\":\"https:\/\/beebipood.ee\/ru\/produkt\/babybjorn-reisivoodi-light-dark-green\/#primaryimage\"},\"thumbnailUrl\":\"https:\/\/beebipood.ee\/wp-content\/uploads\/2016\/07\/BabyBjorn-reisivoodi-Light-Dark-Green-Beebivoodid-reisivoodid-hallid-Reisivoodid-UUED-TOOTED-Lastemoobel-ja-sisustus_3-c3f.png\",\"datePublished\":\"2016-07-12T13:08:45+00:00\",\"dateModified\":\"2025-01-09T08:49:58+00:00\",\"description\":\"BabyBj\u00f6rn reisivoodi Light, Dark Green, Lihtsasti paigaldatav ning &uuml;limalt kerge reisivoodi BabyBj&ouml;rn Light pakub lapsele tuttavat keskkonda\",\"breadcrumb\":{\"@id\":\"https:\/\/beebipood.ee\/ru\/produkt\/babybjorn-reisivoodi-light-dark-green\/#breadcrumb\"},\"inLanguage\":\"ru-RU\",\"potentialAction\":[{\"@type\":\"ReadAction\",\"target\":[\"https:\/\/beebipood.ee\/ru\/produkt\/babybjorn-reisivoodi-light-dark-green\/\"]}]},{\"@type\":\"ImageObject\",\"inLanguage\":\"ru-RU\",\"@id\":\"https:\/\/beebipood.ee\/ru\/produkt\/babybjorn-reisivoodi-light-dark-green\/#primaryimage\",\"url\":\"https:\/\/beebipood.ee\/wp-content\/uploads\/2016\/07\/BabyBjorn-reisivoodi-Light-Dark-Green-Beebivoodid-reisivoodid-hallid-Reisivoodid-UUED-TOOTED-Lastemoobel-ja-sisustus_3-c3f.png\",\"contentUrl\":\"https:\/\/beebipood.ee\/wp-content\/uploads\/2016\/07\/BabyBjorn-reisivoodi-Light-Dark-Green-Beebivoodid-reisivoodid-hallid-Reisivoodid-UUED-TOOTED-Lastemoobel-ja-sisustus_3-c3f.png\",\"width\":800,\"height\":1200},{\"@type\":\"BreadcrumbList\",\"@id\":\"https:\/\/beebipood.ee\/ru\/produkt\/babybjorn-reisivoodi-light-dark-green\/#breadcrumb\",\"itemListElement\":[{\"@type\":\"ListItem\",\"position\":1,\"name\":\"Home\",\"item\":\"https:\/\/beebipood.ee\/ru\/\"},{\"@type\":\"ListItem\",\"position\":2,\"name\":\"\u041a\u0430\u0442\u0430\u043b\u043e\u0433 \u0442\u043e\u0432\u0430\u0440\u043e\u0432\",\"item\":\"https:\/\/beebipood.ee\/tooted\/\"},{\"@type\":\"ListItem\",\"position\":3,\"name\":\"BabyBj\u00f6rn reisivoodi Light, Dark Green\"}]},{\"@type\":\"WebSite\",\"@id\":\"https:\/\/beebipood.ee\/ru\/#website\",\"url\":\"https:\/\/beebipood.ee\/ru\/\",\"name\":\"Beebipood\",\"description\":\"Lastekaubad, beebikaubad, m\u00e4nguasjad\",\"publisher\":{\"@id\":\"https:\/\/beebipood.ee\/ru\/#organization\"},\"potentialAction\":[{\"@type\":\"SearchAction\",\"target\":{\"@type\":\"EntryPoint\",\"urlTemplate\":\"https:\/\/beebipood.ee\/ru\/?s={search_term_string}\"},\"query-input\":{\"@type\":\"PropertyValueSpecification\",\"valueRequired\":true,\"valueName\":\"search_term_string\"}}],\"inLanguage\":\"ru-RU\"},{\"@type\":\"Organization\",\"@id\":\"https:\/\/beebipood.ee\/ru\/#organization\",\"name\":\"Beebipood\",\"url\":\"https:\/\/beebipood.ee\/ru\/\",\"logo\":{\"@type\":\"ImageObject\",\"inLanguage\":\"ru-RU\",\"@id\":\"https:\/\/beebipood.ee\/ru\/#\/schema\/logo\/image\/\",\"url\":\"https:\/\/beebipood.ee\/wp-content\/uploads\/2025\/03\/beebipood.ee-logo-1.svg\",\"contentUrl\":\"https:\/\/beebipood.ee\/wp-content\/uploads\/2025\/03\/beebipood.ee-logo-1.svg\",\"caption\":\"Beebipood\"},\"image\":{\"@id\":\"https:\/\/beebipood.ee\/ru\/#\/schema\/logo\/image\/\"}}]}<\/script>\n<!-- \/ Yoast SEO plugin. -->","yoast_head_json":{"title":"BabyBj\u00f6rn reisivoodi Light, Dark Green, \u0414\u0435\u0442\u0441\u043a\u0438e \u043a\u0440\u043e\u0432\u0430\u0442\u043a\u0438, \u043f\u0435\u0440\u0435\u043d\u043e\u0441\u043d\u044b\u0435 \u043a\u0440\u043e\u0432\u0430\u0442\u043a\u0438, \u043b\u044e\u043b\u044c\u043a\u0438, \u041f\u0435\u0440\u0435\u043d\u043e\u0441\u043d\u044b\u0435 \u043a\u0440\u043e\u0432\u0430\u0442\u043a\u0438, \u041d\u041e\u0412\u042b\u0415 \u0422\u041e\u0412\u0410\u0420\u042b, M\u0435\u0431\u0435\u043b\u044c, Beebipood","description":"BabyBj\u00f6rn reisivoodi Light, Dark Green, Lihtsasti paigaldatav ning &uuml;limalt kerge reisivoodi BabyBj&ouml;rn Light pakub lapsele tuttavat keskkonda","robots":{"index":"index","follow":"follow","max-snippet":"max-snippet:-1","max-image-preview":"max-image-preview:large","max-video-preview":"max-video-preview:-1"},"canonical":"https:\/\/beebipood.ee\/ru\/produkt\/babybjorn-reisivoodi-light-dark-green\/","og_locale":"ru_RU","og_type":"article","og_title":"BabyBj\u00f6rn reisivoodi Light, Dark Green, \u0414\u0435\u0442\u0441\u043a\u0438e \u043a\u0440\u043e\u0432\u0430\u0442\u043a\u0438, \u043f\u0435\u0440\u0435\u043d\u043e\u0441\u043d\u044b\u0435 \u043a\u0440\u043e\u0432\u0430\u0442\u043a\u0438, \u043b\u044e\u043b\u044c\u043a\u0438, \u041f\u0435\u0440\u0435\u043d\u043e\u0441\u043d\u044b\u0435 \u043a\u0440\u043e\u0432\u0430\u0442\u043a\u0438, \u041d\u041e\u0412\u042b\u0415 \u0422\u041e\u0412\u0410\u0420\u042b, M\u0435\u0431\u0435\u043b\u044c, Beebipood","og_description":"BabyBj\u00f6rn reisivoodi Light, Dark Green, Lihtsasti paigaldatav ning &uuml;limalt kerge reisivoodi BabyBj&ouml;rn Light pakub lapsele tuttavat keskkonda","og_url":"https:\/\/beebipood.ee\/ru\/produkt\/babybjorn-reisivoodi-light-dark-green\/","og_site_name":"Beebipood","article_modified_time":"2025-01-09T08:49:58+00:00","og_image":[{"width":800,"height":1200,"url":"https:\/\/beebipood.ee\/wp-content\/uploads\/2016\/07\/BabyBjorn-reisivoodi-Light-Dark-Green-Beebivoodid-reisivoodid-hallid-Reisivoodid-UUED-TOOTED-Lastemoobel-ja-sisustus_3-c3f.png","type":"image\/png"}],"twitter_card":"summary_large_image","twitter_misc":{"\u041f\u0440\u0438\u043c\u0435\u0440\u043d\u043e\u0435 \u0432\u0440\u0435\u043c\u044f \u0434\u043b\u044f \u0447\u0442\u0435\u043d\u0438\u044f":"2 \u043c\u0438\u043d\u0443\u0442\u044b"},"schema":{"@context":"https:\/\/schema.org","@graph":[{"@type":"WebPage","@id":"https:\/\/beebipood.ee\/ru\/produkt\/babybjorn-reisivoodi-light-dark-green\/","url":"https:\/\/beebipood.ee\/ru\/produkt\/babybjorn-reisivoodi-light-dark-green\/","name":"BabyBj\u00f6rn reisivoodi Light, Dark Green, \u0414\u0435\u0442\u0441\u043a\u0438e \u043a\u0440\u043e\u0432\u0430\u0442\u043a\u0438, \u043f\u0435\u0440\u0435\u043d\u043e\u0441\u043d\u044b\u0435 \u043a\u0440\u043e\u0432\u0430\u0442\u043a\u0438, \u043b\u044e\u043b\u044c\u043a\u0438, \u041f\u0435\u0440\u0435\u043d\u043e\u0441\u043d\u044b\u0435 \u043a\u0440\u043e\u0432\u0430\u0442\u043a\u0438, \u041d\u041e\u0412\u042b\u0415 \u0422\u041e\u0412\u0410\u0420\u042b, M\u0435\u0431\u0435\u043b\u044c, Beebipood","isPartOf":{"@id":"https:\/\/beebipood.ee\/ru\/#website"},"primaryImageOfPage":{"@id":"https:\/\/beebipood.ee\/ru\/produkt\/babybjorn-reisivoodi-light-dark-green\/#primaryimage"},"image":{"@id":"https:\/\/beebipood.ee\/ru\/produkt\/babybjorn-reisivoodi-light-dark-green\/#primaryimage"},"thumbnailUrl":"https:\/\/beebipood.ee\/wp-content\/uploads\/2016\/07\/BabyBjorn-reisivoodi-Light-Dark-Green-Beebivoodid-reisivoodid-hallid-Reisivoodid-UUED-TOOTED-Lastemoobel-ja-sisustus_3-c3f.png","datePublished":"2016-07-12T13:08:45+00:00","dateModified":"2025-01-09T08:49:58+00:00","description":"BabyBj\u00f6rn reisivoodi Light, Dark Green, Lihtsasti paigaldatav ning &uuml;limalt kerge reisivoodi BabyBj&ouml;rn Light pakub lapsele tuttavat keskkonda","breadcrumb":{"@id":"https:\/\/beebipood.ee\/ru\/produkt\/babybjorn-reisivoodi-light-dark-green\/#breadcrumb"},"inLanguage":"ru-RU","potentialAction":[{"@type":"ReadAction","target":["https:\/\/beebipood.ee\/ru\/produkt\/babybjorn-reisivoodi-light-dark-green\/"]}]},{"@type":"ImageObject","inLanguage":"ru-RU","@id":"https:\/\/beebipood.ee\/ru\/produkt\/babybjorn-reisivoodi-light-dark-green\/#primaryimage","url":"https:\/\/beebipood.ee\/wp-content\/uploads\/2016\/07\/BabyBjorn-reisivoodi-Light-Dark-Green-Beebivoodid-reisivoodid-hallid-Reisivoodid-UUED-TOOTED-Lastemoobel-ja-sisustus_3-c3f.png","contentUrl":"https:\/\/beebipood.ee\/wp-content\/uploads\/2016\/07\/BabyBjorn-reisivoodi-Light-Dark-Green-Beebivoodid-reisivoodid-hallid-Reisivoodid-UUED-TOOTED-Lastemoobel-ja-sisustus_3-c3f.png","width":800,"height":1200},{"@type":"BreadcrumbList","@id":"https:\/\/beebipood.ee\/ru\/produkt\/babybjorn-reisivoodi-light-dark-green\/#breadcrumb","itemListElement":[{"@type":"ListItem","position":1,"name":"Home","item":"https:\/\/beebipood.ee\/ru\/"},{"@type":"ListItem","position":2,"name":"\u041a\u0430\u0442\u0430\u043b\u043e\u0433 \u0442\u043e\u0432\u0430\u0440\u043e\u0432","item":"https:\/\/beebipood.ee\/tooted\/"},{"@type":"ListItem","position":3,"name":"BabyBj\u00f6rn reisivoodi Light, Dark Green"}]},{"@type":"WebSite","@id":"https:\/\/beebipood.ee\/ru\/#website","url":"https:\/\/beebipood.ee\/ru\/","name":"Beebipood","description":"Lastekaubad, beebikaubad, m\u00e4nguasjad","publisher":{"@id":"https:\/\/beebipood.ee\/ru\/#organization"},"potentialAction":[{"@type":"SearchAction","target":{"@type":"EntryPoint","urlTemplate":"https:\/\/beebipood.ee\/ru\/?s={search_term_string}"},"query-input":{"@type":"PropertyValueSpecification","valueRequired":true,"valueName":"search_term_string"}}],"inLanguage":"ru-RU"},{"@type":"Organization","@id":"https:\/\/beebipood.ee\/ru\/#organization","name":"Beebipood","url":"https:\/\/beebipood.ee\/ru\/","logo":{"@type":"ImageObject","inLanguage":"ru-RU","@id":"https:\/\/beebipood.ee\/ru\/#\/schema\/logo\/image\/","url":"https:\/\/beebipood.ee\/wp-content\/uploads\/2025\/03\/beebipood.ee-logo-1.svg","contentUrl":"https:\/\/beebipood.ee\/wp-content\/uploads\/2025\/03\/beebipood.ee-logo-1.svg","caption":"Beebipood"},"image":{"@id":"https:\/\/beebipood.ee\/ru\/#\/schema\/logo\/image\/"}}]}},"brands":[{"id":11966,"name":"BabyBj\u00f6rn","slug":"babybjorn-ru"}],"_links":{"self":[{"href":"https:\/\/beebipood.ee\/ru\/wp-json\/wp\/v2\/product\/457188","targetHints":{"allow":["GET"]}}],"collection":[{"href":"https:\/\/beebipood.ee\/ru\/wp-json\/wp\/v2\/product"}],"about":[{"href":"https:\/\/beebipood.ee\/ru\/wp-json\/wp\/v2\/types\/product"}],"wp:featuredmedia":[{"embeddable":true,"href":"https:\/\/beebipood.ee\/ru\/wp-json\/wp\/v2\/media\/112813"}],"wp:attachment":[{"href":"https:\/\/beebipood.ee\/ru\/wp-json\/wp\/v2\/media?parent=457188"}],"wp:term":[{"taxonomy":"pwb-brand","embeddable":true,"href":"https:\/\/beebipood.ee\/ru\/wp-json\/wp\/v2\/pwb-brand?post=457188"},{"taxonomy":"product_brand","embeddable":true,"href":"https:\/\/beebipood.ee\/ru\/wp-json\/wp\/v2\/product_brand?post=457188"},{"taxonomy":"product_cat","embeddable":true,"href":"https:\/\/beebipood.ee\/ru\/wp-json\/wp\/v2\/product_cat?post=457188"},{"taxonomy":"product_tag","embeddable":true,"href":"https:\/\/beebipood.ee\/ru\/wp-json\/wp\/v2\/product_tag?post=457188"}],"curies":[{"name":"wp","href":"https:\/\/api.w.org\/{rel}","templated":true}]}}