{"id":457194,"date":"2016-07-15T10:03:36","date_gmt":"2016-07-15T07:03:36","guid":{"rendered":"https:\/\/beebipood.ee\/toode\/babymoov-yoo-go-kaameraga-juhtmevaba-beebimonitor\/"},"modified":"2025-05-09T21:37:28","modified_gmt":"2025-05-09T18:37:28","slug":"babymoov-yoo-go-kaameraga-juhtmevaba-beebimonitor","status":"publish","type":"product","link":"https:\/\/beebipood.ee\/ru\/produkt\/babymoov-yoo-go-kaameraga-juhtmevaba-beebimonitor\/","title":{"rendered":"Babymoov YOO Go+ HD kaameraga juhtmevaba beebimonitor"},"content":{"rendered":"<p>Juhtmevaba, v\u00e4ikese kiirgustasemega videomonitor koos 4 erineva kinnitustarvikuga. <br \/>Ideaalne kaaslane reisimiseks v\u00f5i kodus kasutamiseks.<br \/>Suure HD ekraani ning v\u00e4ga madala kiirgustasemega.<br \/>Aku t\u00f6\u00f6iga kuni 10 tundi.<br \/><strong><span style=\"text-decoration: underline;\">Omadused:<\/span><\/strong><br \/>Kaasaskantav &#8212; t\u00f6\u00f6tab akutoitel<br \/>Kaasas 4 kinnitustarvikut: tasapinna alus, klamber, iminapp ja seinaklamber<br \/>Sleep-tehnoloogia: kiirgustase on 0, kui just m\u00fcra ei tuvastata<br \/>10-tunnine aku t\u00f6\u00f6iga pidevas re\u017eiimis<br \/>Leviala: kuni 300 meetrit<br \/>Suur 5&#8243; HD ekraan<br \/>V\u00e4ga hea n\u00e4htavus pimedas<br \/>8 h\u00e4llilaulu<br \/>Hoiatussignaal \u2013 visuaalne ning kuuldav<br \/>Walkie-Talkie funktsioon lapsega r\u00e4\u00e4kimiseks<br \/>VOX-re\u017eiim (voice-activated screen): aku s\u00e4\u00e4stmine<br \/>\u00dchendage kuni 4 lisakaamerat (varsti saadaval)<br \/>Eluaegne garantii (vajalik registreerimine)<br \/>Kaamera ja ekraan on akutoitel, et tagada veelgi suurem vabadus. <br \/>Enam pole vaja oma monitori paigutada l\u00e4hima pistikupesa juurde. <br \/>Lihtsalt laadige seda aeg-ajalt, nagu teeksite seda oma mobiiltelefoniga. <br \/>4 kinnitustarvikut igale pinnale ja reisimiseks. <br \/>Kaasasoleva 4 lisaseadmega saate Yoo Go+ kaamera kinnitada, <br \/>\u00fcles riputada v\u00f5i asetada k\u00f5ikjale, kuhu soovite.<br \/>Yoo Go+ beebimonitoril on meie ainulaadne Sleep-tehnoloogia re\u017eiim, <br \/>mis aktiveerib ekraani ainult siis, kui tuvastatakse heli. <br \/>See uuenduslik tehnoloogia v\u00f5imaldab s\u00e4\u00e4sta energiat <br \/>ja pikendada vastuv\u00f5tja(parent unit) aku t\u00f6\u00f6iga. <br \/>Ja mis veelgi parem, teie laps ei puutu une ajal kiirguslainetesse, andes teile meelerahu.<br \/>Osana meie keskkonnas\u00e4\u00e4stlikust GreenMoovi l\u00e4henemisviisist on YOO Go + HD <br \/>beebimonitor loodud ohututest ja vastupidavatest materjalidest.<br \/><span style=\"text-decoration: underline;\"><strong>Komplektis:<\/strong><\/span><br \/>Yoo Go+ kaamera<br \/>5 tolline HD ekraan (vastuv\u00f5tja)<br \/>2x USB-C kaablit<br \/>Tasapinna alus<br \/>Iminapp<br \/>Seinakinnitus komplekt<br \/>Klamber<\/p>\n","protected":false},"excerpt":{"rendered":"<p>Juhtmevaba, v\u00e4ikese kiirgustasemega videomonitor koos 4 erineva kinnitustarvikuga. Ideaalne kaaslane reisimiseks v\u00f5i kodus kasutamiseks.Suure HD ekraani ning v\u00e4ga madala kiirgustasemega.Aku t\u00f6\u00f6iga kuni 10 tundi.Omadused:Kaasaskantav &#8212; t\u00f6\u00f6tab akutoitelKaasas 4 kinnitustarvikut: tasapinna alus, klamber, iminapp ja seinaklamberSleep-tehnoloogia: kiirgustase on 0, kui just m\u00fcra ei tuvastata10-tunnine aku t\u00f6\u00f6iga pidevas re\u017eiimisLeviala: kuni 300 meetritSuur 5&#8243; HD ekraanV\u00e4ga hea n\u00e4htavus [&hellip;]<\/p>\n","protected":false},"featured_media":166526,"template":"","meta":{"_acf_changed":false},"pwb-brand":[11976],"product_brand":[],"product_cat":[11707,11791],"product_tag":[],"class_list":{"0":"post-457194","1":"product","2":"type-product","3":"status-publish","4":"has-post-thumbnail","6":"pwb-brand-babymoov-ru","7":"product_cat-beebimonitorid-ru","8":"product_cat-turvavarustus-ru","9":"pa_manufacturer-babymoov-ru","11":"first","12":"instock","13":"taxable","14":"shipping-taxable","15":"purchasable","16":"product-type-simple"},"exclude_global_add_ons":[],"addons":[],"acf":[],"yoast_head":"<!-- This site is optimized with the Yoast SEO plugin v27.1.1 - https:\/\/yoast.com\/product\/yoast-seo-wordpress\/ -->\n<title>Babymoov YOO Go+ HD kaameraga juhtmevaba beebimonitor , \u041d\u041e\u0412\u042b\u0415 \u0422\u041e\u0412\u0410\u0420\u042b, \u0420\u0430\u0434\u0438\u043e\u043d\u044f\u043d\u0438, \u0421\u043d\u0430\u0440\u044f\u0436\u0435\u043d\u0438\u044f \u0431\u0435\u0437\u043e\u043f\u0430\u0441\u043d\u043e\u0441\u0442\u0438, Beebipood<\/title>\n<meta name=\"description\" content=\"Babymoov YOO Go+ HD kaameraga juhtmevaba beebimonitor , Juhtmevaba, v&auml;ikese kiirgustasemega videomonitor koos 4 erineva kinnitustarvikuga. Ideaaln\" \/>\n<meta name=\"robots\" content=\"index, follow, max-snippet:-1, max-image-preview:large, max-video-preview:-1\" \/>\n<link rel=\"canonical\" href=\"https:\/\/beebipood.ee\/ru\/produkt\/babymoov-yoo-go-kaameraga-juhtmevaba-beebimonitor\/\" \/>\n<meta property=\"og:locale\" content=\"ru_RU\" \/>\n<meta property=\"og:type\" content=\"article\" \/>\n<meta property=\"og:title\" content=\"Babymoov YOO Go+ HD kaameraga juhtmevaba beebimonitor , \u041d\u041e\u0412\u042b\u0415 \u0422\u041e\u0412\u0410\u0420\u042b, \u0420\u0430\u0434\u0438\u043e\u043d\u044f\u043d\u0438, \u0421\u043d\u0430\u0440\u044f\u0436\u0435\u043d\u0438\u044f \u0431\u0435\u0437\u043e\u043f\u0430\u0441\u043d\u043e\u0441\u0442\u0438, Beebipood\" \/>\n<meta property=\"og:description\" content=\"Babymoov YOO Go+ HD kaameraga juhtmevaba beebimonitor , Juhtmevaba, v&auml;ikese kiirgustasemega videomonitor koos 4 erineva kinnitustarvikuga. Ideaaln\" \/>\n<meta property=\"og:url\" content=\"https:\/\/beebipood.ee\/ru\/produkt\/babymoov-yoo-go-kaameraga-juhtmevaba-beebimonitor\/\" \/>\n<meta property=\"og:site_name\" content=\"Beebipood\" \/>\n<meta property=\"article:modified_time\" content=\"2025-05-09T18:37:28+00:00\" \/>\n<meta property=\"og:image\" content=\"https:\/\/beebipood.ee\/wp-content\/uploads\/2016\/07\/Babymoov-YOO-Go-HD-kaameraga-juhtmevaba-beebimonitor-UUED-TOOTED-Beebimonitorid-Turvavarustus_1-210.jpg\" \/>\n\t<meta property=\"og:image:width\" content=\"600\" \/>\n\t<meta property=\"og:image:height\" content=\"696\" \/>\n\t<meta property=\"og:image:type\" content=\"image\/jpeg\" \/>\n<meta name=\"twitter:card\" content=\"summary_large_image\" \/>\n<meta name=\"twitter:label1\" content=\"\u041f\u0440\u0438\u043c\u0435\u0440\u043d\u043e\u0435 \u0432\u0440\u0435\u043c\u044f \u0434\u043b\u044f \u0447\u0442\u0435\u043d\u0438\u044f\" \/>\n\t<meta name=\"twitter:data1\" content=\"1 \u043c\u0438\u043d\u0443\u0442\u0430\" \/>\n<script type=\"application\/ld+json\" class=\"yoast-schema-graph\">{\"@context\":\"https:\/\/schema.org\",\"@graph\":[{\"@type\":\"WebPage\",\"@id\":\"https:\/\/beebipood.ee\/ru\/produkt\/babymoov-yoo-go-kaameraga-juhtmevaba-beebimonitor\/\",\"url\":\"https:\/\/beebipood.ee\/ru\/produkt\/babymoov-yoo-go-kaameraga-juhtmevaba-beebimonitor\/\",\"name\":\"Babymoov YOO Go+ HD kaameraga juhtmevaba beebimonitor , \u041d\u041e\u0412\u042b\u0415 \u0422\u041e\u0412\u0410\u0420\u042b, \u0420\u0430\u0434\u0438\u043e\u043d\u044f\u043d\u0438, \u0421\u043d\u0430\u0440\u044f\u0436\u0435\u043d\u0438\u044f \u0431\u0435\u0437\u043e\u043f\u0430\u0441\u043d\u043e\u0441\u0442\u0438, Beebipood\",\"isPartOf\":{\"@id\":\"https:\/\/beebipood.ee\/ru\/#website\"},\"primaryImageOfPage\":{\"@id\":\"https:\/\/beebipood.ee\/ru\/produkt\/babymoov-yoo-go-kaameraga-juhtmevaba-beebimonitor\/#primaryimage\"},\"image\":{\"@id\":\"https:\/\/beebipood.ee\/ru\/produkt\/babymoov-yoo-go-kaameraga-juhtmevaba-beebimonitor\/#primaryimage\"},\"thumbnailUrl\":\"https:\/\/beebipood.ee\/wp-content\/uploads\/2016\/07\/Babymoov-YOO-Go-HD-kaameraga-juhtmevaba-beebimonitor-UUED-TOOTED-Beebimonitorid-Turvavarustus_1-210.jpg\",\"datePublished\":\"2016-07-15T07:03:36+00:00\",\"dateModified\":\"2025-05-09T18:37:28+00:00\",\"description\":\"Babymoov YOO Go+ HD kaameraga juhtmevaba beebimonitor , Juhtmevaba, v&auml;ikese kiirgustasemega videomonitor koos 4 erineva kinnitustarvikuga. Ideaaln\",\"breadcrumb\":{\"@id\":\"https:\/\/beebipood.ee\/ru\/produkt\/babymoov-yoo-go-kaameraga-juhtmevaba-beebimonitor\/#breadcrumb\"},\"inLanguage\":\"ru-RU\",\"potentialAction\":[{\"@type\":\"ReadAction\",\"target\":[\"https:\/\/beebipood.ee\/ru\/produkt\/babymoov-yoo-go-kaameraga-juhtmevaba-beebimonitor\/\"]}]},{\"@type\":\"ImageObject\",\"inLanguage\":\"ru-RU\",\"@id\":\"https:\/\/beebipood.ee\/ru\/produkt\/babymoov-yoo-go-kaameraga-juhtmevaba-beebimonitor\/#primaryimage\",\"url\":\"https:\/\/beebipood.ee\/wp-content\/uploads\/2016\/07\/Babymoov-YOO-Go-HD-kaameraga-juhtmevaba-beebimonitor-UUED-TOOTED-Beebimonitorid-Turvavarustus_1-210.jpg\",\"contentUrl\":\"https:\/\/beebipood.ee\/wp-content\/uploads\/2016\/07\/Babymoov-YOO-Go-HD-kaameraga-juhtmevaba-beebimonitor-UUED-TOOTED-Beebimonitorid-Turvavarustus_1-210.jpg\",\"width\":600,\"height\":696},{\"@type\":\"BreadcrumbList\",\"@id\":\"https:\/\/beebipood.ee\/ru\/produkt\/babymoov-yoo-go-kaameraga-juhtmevaba-beebimonitor\/#breadcrumb\",\"itemListElement\":[{\"@type\":\"ListItem\",\"position\":1,\"name\":\"Home\",\"item\":\"https:\/\/beebipood.ee\/ru\/\"},{\"@type\":\"ListItem\",\"position\":2,\"name\":\"\u041a\u0430\u0442\u0430\u043b\u043e\u0433 \u0442\u043e\u0432\u0430\u0440\u043e\u0432\",\"item\":\"https:\/\/beebipood.ee\/tooted\/\"},{\"@type\":\"ListItem\",\"position\":3,\"name\":\"Babymoov YOO Go+ HD kaameraga juhtmevaba beebimonitor\"}]},{\"@type\":\"WebSite\",\"@id\":\"https:\/\/beebipood.ee\/ru\/#website\",\"url\":\"https:\/\/beebipood.ee\/ru\/\",\"name\":\"Beebipood\",\"description\":\"Lastekaubad, beebikaubad, m\u00e4nguasjad\",\"publisher\":{\"@id\":\"https:\/\/beebipood.ee\/ru\/#organization\"},\"potentialAction\":[{\"@type\":\"SearchAction\",\"target\":{\"@type\":\"EntryPoint\",\"urlTemplate\":\"https:\/\/beebipood.ee\/ru\/?s={search_term_string}\"},\"query-input\":{\"@type\":\"PropertyValueSpecification\",\"valueRequired\":true,\"valueName\":\"search_term_string\"}}],\"inLanguage\":\"ru-RU\"},{\"@type\":\"Organization\",\"@id\":\"https:\/\/beebipood.ee\/ru\/#organization\",\"name\":\"Beebipood\",\"url\":\"https:\/\/beebipood.ee\/ru\/\",\"logo\":{\"@type\":\"ImageObject\",\"inLanguage\":\"ru-RU\",\"@id\":\"https:\/\/beebipood.ee\/ru\/#\/schema\/logo\/image\/\",\"url\":\"https:\/\/beebipood.ee\/wp-content\/uploads\/2025\/03\/beebipood.ee-logo-1.svg\",\"contentUrl\":\"https:\/\/beebipood.ee\/wp-content\/uploads\/2025\/03\/beebipood.ee-logo-1.svg\",\"caption\":\"Beebipood\"},\"image\":{\"@id\":\"https:\/\/beebipood.ee\/ru\/#\/schema\/logo\/image\/\"}}]}<\/script>\n<!-- \/ Yoast SEO plugin. -->","yoast_head_json":{"title":"Babymoov YOO Go+ HD kaameraga juhtmevaba beebimonitor , \u041d\u041e\u0412\u042b\u0415 \u0422\u041e\u0412\u0410\u0420\u042b, \u0420\u0430\u0434\u0438\u043e\u043d\u044f\u043d\u0438, \u0421\u043d\u0430\u0440\u044f\u0436\u0435\u043d\u0438\u044f \u0431\u0435\u0437\u043e\u043f\u0430\u0441\u043d\u043e\u0441\u0442\u0438, Beebipood","description":"Babymoov YOO Go+ HD kaameraga juhtmevaba beebimonitor , Juhtmevaba, v&auml;ikese kiirgustasemega videomonitor koos 4 erineva kinnitustarvikuga. Ideaaln","robots":{"index":"index","follow":"follow","max-snippet":"max-snippet:-1","max-image-preview":"max-image-preview:large","max-video-preview":"max-video-preview:-1"},"canonical":"https:\/\/beebipood.ee\/ru\/produkt\/babymoov-yoo-go-kaameraga-juhtmevaba-beebimonitor\/","og_locale":"ru_RU","og_type":"article","og_title":"Babymoov YOO Go+ HD kaameraga juhtmevaba beebimonitor , \u041d\u041e\u0412\u042b\u0415 \u0422\u041e\u0412\u0410\u0420\u042b, \u0420\u0430\u0434\u0438\u043e\u043d\u044f\u043d\u0438, \u0421\u043d\u0430\u0440\u044f\u0436\u0435\u043d\u0438\u044f \u0431\u0435\u0437\u043e\u043f\u0430\u0441\u043d\u043e\u0441\u0442\u0438, Beebipood","og_description":"Babymoov YOO Go+ HD kaameraga juhtmevaba beebimonitor , Juhtmevaba, v&auml;ikese kiirgustasemega videomonitor koos 4 erineva kinnitustarvikuga. Ideaaln","og_url":"https:\/\/beebipood.ee\/ru\/produkt\/babymoov-yoo-go-kaameraga-juhtmevaba-beebimonitor\/","og_site_name":"Beebipood","article_modified_time":"2025-05-09T18:37:28+00:00","og_image":[{"width":600,"height":696,"url":"https:\/\/beebipood.ee\/wp-content\/uploads\/2016\/07\/Babymoov-YOO-Go-HD-kaameraga-juhtmevaba-beebimonitor-UUED-TOOTED-Beebimonitorid-Turvavarustus_1-210.jpg","type":"image\/jpeg"}],"twitter_card":"summary_large_image","twitter_misc":{"\u041f\u0440\u0438\u043c\u0435\u0440\u043d\u043e\u0435 \u0432\u0440\u0435\u043c\u044f \u0434\u043b\u044f \u0447\u0442\u0435\u043d\u0438\u044f":"1 \u043c\u0438\u043d\u0443\u0442\u0430"},"schema":{"@context":"https:\/\/schema.org","@graph":[{"@type":"WebPage","@id":"https:\/\/beebipood.ee\/ru\/produkt\/babymoov-yoo-go-kaameraga-juhtmevaba-beebimonitor\/","url":"https:\/\/beebipood.ee\/ru\/produkt\/babymoov-yoo-go-kaameraga-juhtmevaba-beebimonitor\/","name":"Babymoov YOO Go+ HD kaameraga juhtmevaba beebimonitor , \u041d\u041e\u0412\u042b\u0415 \u0422\u041e\u0412\u0410\u0420\u042b, \u0420\u0430\u0434\u0438\u043e\u043d\u044f\u043d\u0438, \u0421\u043d\u0430\u0440\u044f\u0436\u0435\u043d\u0438\u044f \u0431\u0435\u0437\u043e\u043f\u0430\u0441\u043d\u043e\u0441\u0442\u0438, Beebipood","isPartOf":{"@id":"https:\/\/beebipood.ee\/ru\/#website"},"primaryImageOfPage":{"@id":"https:\/\/beebipood.ee\/ru\/produkt\/babymoov-yoo-go-kaameraga-juhtmevaba-beebimonitor\/#primaryimage"},"image":{"@id":"https:\/\/beebipood.ee\/ru\/produkt\/babymoov-yoo-go-kaameraga-juhtmevaba-beebimonitor\/#primaryimage"},"thumbnailUrl":"https:\/\/beebipood.ee\/wp-content\/uploads\/2016\/07\/Babymoov-YOO-Go-HD-kaameraga-juhtmevaba-beebimonitor-UUED-TOOTED-Beebimonitorid-Turvavarustus_1-210.jpg","datePublished":"2016-07-15T07:03:36+00:00","dateModified":"2025-05-09T18:37:28+00:00","description":"Babymoov YOO Go+ HD kaameraga juhtmevaba beebimonitor , Juhtmevaba, v&auml;ikese kiirgustasemega videomonitor koos 4 erineva kinnitustarvikuga. Ideaaln","breadcrumb":{"@id":"https:\/\/beebipood.ee\/ru\/produkt\/babymoov-yoo-go-kaameraga-juhtmevaba-beebimonitor\/#breadcrumb"},"inLanguage":"ru-RU","potentialAction":[{"@type":"ReadAction","target":["https:\/\/beebipood.ee\/ru\/produkt\/babymoov-yoo-go-kaameraga-juhtmevaba-beebimonitor\/"]}]},{"@type":"ImageObject","inLanguage":"ru-RU","@id":"https:\/\/beebipood.ee\/ru\/produkt\/babymoov-yoo-go-kaameraga-juhtmevaba-beebimonitor\/#primaryimage","url":"https:\/\/beebipood.ee\/wp-content\/uploads\/2016\/07\/Babymoov-YOO-Go-HD-kaameraga-juhtmevaba-beebimonitor-UUED-TOOTED-Beebimonitorid-Turvavarustus_1-210.jpg","contentUrl":"https:\/\/beebipood.ee\/wp-content\/uploads\/2016\/07\/Babymoov-YOO-Go-HD-kaameraga-juhtmevaba-beebimonitor-UUED-TOOTED-Beebimonitorid-Turvavarustus_1-210.jpg","width":600,"height":696},{"@type":"BreadcrumbList","@id":"https:\/\/beebipood.ee\/ru\/produkt\/babymoov-yoo-go-kaameraga-juhtmevaba-beebimonitor\/#breadcrumb","itemListElement":[{"@type":"ListItem","position":1,"name":"Home","item":"https:\/\/beebipood.ee\/ru\/"},{"@type":"ListItem","position":2,"name":"\u041a\u0430\u0442\u0430\u043b\u043e\u0433 \u0442\u043e\u0432\u0430\u0440\u043e\u0432","item":"https:\/\/beebipood.ee\/tooted\/"},{"@type":"ListItem","position":3,"name":"Babymoov YOO Go+ HD kaameraga juhtmevaba beebimonitor"}]},{"@type":"WebSite","@id":"https:\/\/beebipood.ee\/ru\/#website","url":"https:\/\/beebipood.ee\/ru\/","name":"Beebipood","description":"Lastekaubad, beebikaubad, m\u00e4nguasjad","publisher":{"@id":"https:\/\/beebipood.ee\/ru\/#organization"},"potentialAction":[{"@type":"SearchAction","target":{"@type":"EntryPoint","urlTemplate":"https:\/\/beebipood.ee\/ru\/?s={search_term_string}"},"query-input":{"@type":"PropertyValueSpecification","valueRequired":true,"valueName":"search_term_string"}}],"inLanguage":"ru-RU"},{"@type":"Organization","@id":"https:\/\/beebipood.ee\/ru\/#organization","name":"Beebipood","url":"https:\/\/beebipood.ee\/ru\/","logo":{"@type":"ImageObject","inLanguage":"ru-RU","@id":"https:\/\/beebipood.ee\/ru\/#\/schema\/logo\/image\/","url":"https:\/\/beebipood.ee\/wp-content\/uploads\/2025\/03\/beebipood.ee-logo-1.svg","contentUrl":"https:\/\/beebipood.ee\/wp-content\/uploads\/2025\/03\/beebipood.ee-logo-1.svg","caption":"Beebipood"},"image":{"@id":"https:\/\/beebipood.ee\/ru\/#\/schema\/logo\/image\/"}}]}},"brands":[{"id":11976,"name":"Babymoov","slug":"babymoov-ru"}],"_links":{"self":[{"href":"https:\/\/beebipood.ee\/ru\/wp-json\/wp\/v2\/product\/457194","targetHints":{"allow":["GET"]}}],"collection":[{"href":"https:\/\/beebipood.ee\/ru\/wp-json\/wp\/v2\/product"}],"about":[{"href":"https:\/\/beebipood.ee\/ru\/wp-json\/wp\/v2\/types\/product"}],"wp:featuredmedia":[{"embeddable":true,"href":"https:\/\/beebipood.ee\/ru\/wp-json\/wp\/v2\/media\/166526"}],"wp:attachment":[{"href":"https:\/\/beebipood.ee\/ru\/wp-json\/wp\/v2\/media?parent=457194"}],"wp:term":[{"taxonomy":"pwb-brand","embeddable":true,"href":"https:\/\/beebipood.ee\/ru\/wp-json\/wp\/v2\/pwb-brand?post=457194"},{"taxonomy":"product_brand","embeddable":true,"href":"https:\/\/beebipood.ee\/ru\/wp-json\/wp\/v2\/product_brand?post=457194"},{"taxonomy":"product_cat","embeddable":true,"href":"https:\/\/beebipood.ee\/ru\/wp-json\/wp\/v2\/product_cat?post=457194"},{"taxonomy":"product_tag","embeddable":true,"href":"https:\/\/beebipood.ee\/ru\/wp-json\/wp\/v2\/product_tag?post=457194"}],"curies":[{"name":"wp","href":"https:\/\/api.w.org\/{rel}","templated":true}]}}