{"id":457204,"date":"2016-08-04T08:45:42","date_gmt":"2016-08-04T05:45:42","guid":{"rendered":"https:\/\/beebipood.ee\/toode\/maamaja-roosi-roosa\/"},"modified":"2025-01-09T10:49:57","modified_gmt":"2025-01-09T08:49:57","slug":"maamaja-roosi-roosa","status":"publish","type":"product","link":"https:\/\/beebipood.ee\/ru\/produkt\/maamaja-roosi-roosa\/","title":{"rendered":"Maamaja Roosi, roosa"},"content":{"rendered":"<ul>\n<li>Traditsioonilise disainiga nukumaja\u00a0Sinu v\u00e4ikestele m\u00e4ngukaaslastele<\/li>\n<li>Sobib nukkudele, kaisukarudele ja lemmikloomadele<\/li>\n<li>Toad v\u00f5id kujundada oma maitse j\u00e4rgi, kasutades Roosi nukum\u00f6\u00f6blit<\/li>\n<li>R\u00f5\u00f5msav\u00e4rvilised kardinad, vaibad ja voodikatted teevad maamajast hubase kodu<\/li>\n<li>Maja on k\u00e4sitsi valmistatud kvaliteetsest puidust ja vineerist, viimistletud peitsiga<\/li>\n<li>TOODE EI OLE SOBILIK ALLA 3 AASTASELE LAPSELE<\/li>\n<\/ul>\n","protected":false},"excerpt":{"rendered":"<p>Traditsioonilise disainiga nukumaja\u00a0Sinu v\u00e4ikestele m\u00e4ngukaaslastele Sobib nukkudele, kaisukarudele ja lemmikloomadele Toad v\u00f5id kujundada oma maitse j\u00e4rgi, kasutades Roosi nukum\u00f6\u00f6blit R\u00f5\u00f5msav\u00e4rvilised kardinad, vaibad ja voodikatted teevad maamajast hubase kodu Maja on k\u00e4sitsi valmistatud kvaliteetsest puidust ja vineerist, viimistletud peitsiga TOODE EI OLE SOBILIK ALLA 3 AASTASELE LAPSELE<\/p>\n","protected":false},"featured_media":113390,"template":"","meta":{"_acf_changed":false},"pwb-brand":[],"product_brand":[],"product_cat":[11685,11689],"product_tag":[],"class_list":{"0":"post-457204","1":"product","2":"type-product","3":"status-publish","4":"has-post-thumbnail","6":"product_cat-nukud-nukuvankrid-nukumajad-ru","7":"product_cat-manguasjad-mangud-nukud-mangumoobel-ru","9":"first","10":"onbackorder","11":"taxable","12":"shipping-taxable","13":"purchasable","14":"product-type-simple"},"exclude_global_add_ons":[],"addons":[],"acf":[],"yoast_head":"<!-- This site is optimized with the Yoast SEO plugin v27.3 - https:\/\/yoast.com\/product\/yoast-seo-wordpress\/ -->\n<title>Maamaja Roosi, roosa, \u041a\u0443\u043a\u043b\u044b, \u043a\u043e\u043b\u044f\u0441\u043a\u0438 \u0434\u043b\u044f \u043a\u0443\u043a\u043e\u043b, \u0434\u043e\u043c\u0438\u043a\u0438 \u0434\u043b\u044f \u043a\u0443\u043a\u043e\u043b, \u0418\u0433\u0440\u0443\u0448\u043a\u0438, Beebipood<\/title>\n<meta name=\"description\" content=\"Maamaja Roosi, roosa, Traditsioonilise disainiga nukumaja&nbsp;Sinu v&auml;ikestele m&auml;ngukaaslastele Sobib nukkudele, kaisukarudele ja\" \/>\n<meta name=\"robots\" content=\"index, follow, max-snippet:-1, max-image-preview:large, max-video-preview:-1\" \/>\n<link rel=\"canonical\" href=\"https:\/\/beebipood.ee\/ru\/produkt\/maamaja-roosi-roosa\/\" \/>\n<meta property=\"og:locale\" content=\"ru_RU\" \/>\n<meta property=\"og:type\" content=\"article\" \/>\n<meta property=\"og:title\" content=\"Maamaja Roosi, roosa, \u041a\u0443\u043a\u043b\u044b, \u043a\u043e\u043b\u044f\u0441\u043a\u0438 \u0434\u043b\u044f \u043a\u0443\u043a\u043e\u043b, \u0434\u043e\u043c\u0438\u043a\u0438 \u0434\u043b\u044f \u043a\u0443\u043a\u043e\u043b, \u0418\u0433\u0440\u0443\u0448\u043a\u0438, Beebipood\" \/>\n<meta property=\"og:description\" content=\"Maamaja Roosi, roosa, Traditsioonilise disainiga nukumaja&nbsp;Sinu v&auml;ikestele m&auml;ngukaaslastele Sobib nukkudele, kaisukarudele ja\" \/>\n<meta property=\"og:url\" content=\"https:\/\/beebipood.ee\/ru\/produkt\/maamaja-roosi-roosa\/\" \/>\n<meta property=\"og:site_name\" content=\"Beebipood\" \/>\n<meta property=\"article:modified_time\" content=\"2025-01-09T08:49:57+00:00\" \/>\n<meta property=\"og:image\" content=\"https:\/\/beebipood.ee\/wp-content\/uploads\/2016\/08\/Roosi-maamaja-UUED-TOOTED-Nukud-nukuvankrid-nukumajad-Manguasjad_1-ee8.jpg\" \/>\n\t<meta property=\"og:image:width\" content=\"900\" \/>\n\t<meta property=\"og:image:height\" content=\"900\" \/>\n\t<meta property=\"og:image:type\" content=\"image\/jpeg\" \/>\n<meta name=\"twitter:card\" content=\"summary_large_image\" \/>\n<script type=\"application\/ld+json\" class=\"yoast-schema-graph\">{\"@context\":\"https:\\\/\\\/schema.org\",\"@graph\":[{\"@type\":\"WebPage\",\"@id\":\"https:\\\/\\\/beebipood.ee\\\/ru\\\/produkt\\\/maamaja-roosi-roosa\\\/\",\"url\":\"https:\\\/\\\/beebipood.ee\\\/ru\\\/produkt\\\/maamaja-roosi-roosa\\\/\",\"name\":\"Maamaja Roosi, roosa, \u041a\u0443\u043a\u043b\u044b, \u043a\u043e\u043b\u044f\u0441\u043a\u0438 \u0434\u043b\u044f \u043a\u0443\u043a\u043e\u043b, \u0434\u043e\u043c\u0438\u043a\u0438 \u0434\u043b\u044f \u043a\u0443\u043a\u043e\u043b, \u0418\u0433\u0440\u0443\u0448\u043a\u0438, Beebipood\",\"isPartOf\":{\"@id\":\"https:\\\/\\\/beebipood.ee\\\/ru\\\/#website\"},\"primaryImageOfPage\":{\"@id\":\"https:\\\/\\\/beebipood.ee\\\/ru\\\/produkt\\\/maamaja-roosi-roosa\\\/#primaryimage\"},\"image\":{\"@id\":\"https:\\\/\\\/beebipood.ee\\\/ru\\\/produkt\\\/maamaja-roosi-roosa\\\/#primaryimage\"},\"thumbnailUrl\":\"https:\\\/\\\/beebipood.ee\\\/wp-content\\\/uploads\\\/2016\\\/08\\\/Roosi-maamaja-UUED-TOOTED-Nukud-nukuvankrid-nukumajad-Manguasjad_1-ee8.jpg\",\"datePublished\":\"2016-08-04T05:45:42+00:00\",\"dateModified\":\"2025-01-09T08:49:57+00:00\",\"description\":\"Maamaja Roosi, roosa, Traditsioonilise disainiga nukumaja&nbsp;Sinu v&auml;ikestele m&auml;ngukaaslastele Sobib nukkudele, kaisukarudele ja\",\"breadcrumb\":{\"@id\":\"https:\\\/\\\/beebipood.ee\\\/ru\\\/produkt\\\/maamaja-roosi-roosa\\\/#breadcrumb\"},\"inLanguage\":\"ru-RU\",\"potentialAction\":[{\"@type\":\"ReadAction\",\"target\":[\"https:\\\/\\\/beebipood.ee\\\/ru\\\/produkt\\\/maamaja-roosi-roosa\\\/\"]}]},{\"@type\":\"ImageObject\",\"inLanguage\":\"ru-RU\",\"@id\":\"https:\\\/\\\/beebipood.ee\\\/ru\\\/produkt\\\/maamaja-roosi-roosa\\\/#primaryimage\",\"url\":\"https:\\\/\\\/beebipood.ee\\\/wp-content\\\/uploads\\\/2016\\\/08\\\/Roosi-maamaja-UUED-TOOTED-Nukud-nukuvankrid-nukumajad-Manguasjad_1-ee8.jpg\",\"contentUrl\":\"https:\\\/\\\/beebipood.ee\\\/wp-content\\\/uploads\\\/2016\\\/08\\\/Roosi-maamaja-UUED-TOOTED-Nukud-nukuvankrid-nukumajad-Manguasjad_1-ee8.jpg\",\"width\":900,\"height\":900},{\"@type\":\"BreadcrumbList\",\"@id\":\"https:\\\/\\\/beebipood.ee\\\/ru\\\/produkt\\\/maamaja-roosi-roosa\\\/#breadcrumb\",\"itemListElement\":[{\"@type\":\"ListItem\",\"position\":1,\"name\":\"Home\",\"item\":\"https:\\\/\\\/beebipood.ee\\\/ru\\\/\"},{\"@type\":\"ListItem\",\"position\":2,\"name\":\"\u041a\u0430\u0442\u0430\u043b\u043e\u0433 \u0442\u043e\u0432\u0430\u0440\u043e\u0432\",\"item\":\"https:\\\/\\\/beebipood.ee\\\/tooted\\\/\"},{\"@type\":\"ListItem\",\"position\":3,\"name\":\"Maamaja Roosi, roosa\"}]},{\"@type\":\"WebSite\",\"@id\":\"https:\\\/\\\/beebipood.ee\\\/ru\\\/#website\",\"url\":\"https:\\\/\\\/beebipood.ee\\\/ru\\\/\",\"name\":\"Beebipood\",\"description\":\"Lastekaubad, beebikaubad, m\u00e4nguasjad\",\"publisher\":{\"@id\":\"https:\\\/\\\/beebipood.ee\\\/ru\\\/#organization\"},\"potentialAction\":[{\"@type\":\"SearchAction\",\"target\":{\"@type\":\"EntryPoint\",\"urlTemplate\":\"https:\\\/\\\/beebipood.ee\\\/ru\\\/?s={search_term_string}\"},\"query-input\":{\"@type\":\"PropertyValueSpecification\",\"valueRequired\":true,\"valueName\":\"search_term_string\"}}],\"inLanguage\":\"ru-RU\"},{\"@type\":\"Organization\",\"@id\":\"https:\\\/\\\/beebipood.ee\\\/ru\\\/#organization\",\"name\":\"Beebipood\",\"url\":\"https:\\\/\\\/beebipood.ee\\\/ru\\\/\",\"logo\":{\"@type\":\"ImageObject\",\"inLanguage\":\"ru-RU\",\"@id\":\"https:\\\/\\\/beebipood.ee\\\/ru\\\/#\\\/schema\\\/logo\\\/image\\\/\",\"url\":\"https:\\\/\\\/beebipood.ee\\\/wp-content\\\/uploads\\\/2025\\\/03\\\/beebipood.ee-logo-1.svg\",\"contentUrl\":\"https:\\\/\\\/beebipood.ee\\\/wp-content\\\/uploads\\\/2025\\\/03\\\/beebipood.ee-logo-1.svg\",\"caption\":\"Beebipood\"},\"image\":{\"@id\":\"https:\\\/\\\/beebipood.ee\\\/ru\\\/#\\\/schema\\\/logo\\\/image\\\/\"}}]}<\/script>\n<!-- \/ Yoast SEO plugin. -->","yoast_head_json":{"title":"Maamaja Roosi, roosa, \u041a\u0443\u043a\u043b\u044b, \u043a\u043e\u043b\u044f\u0441\u043a\u0438 \u0434\u043b\u044f \u043a\u0443\u043a\u043e\u043b, \u0434\u043e\u043c\u0438\u043a\u0438 \u0434\u043b\u044f \u043a\u0443\u043a\u043e\u043b, \u0418\u0433\u0440\u0443\u0448\u043a\u0438, Beebipood","description":"Maamaja Roosi, roosa, Traditsioonilise disainiga nukumaja&nbsp;Sinu v&auml;ikestele m&auml;ngukaaslastele Sobib nukkudele, kaisukarudele ja","robots":{"index":"index","follow":"follow","max-snippet":"max-snippet:-1","max-image-preview":"max-image-preview:large","max-video-preview":"max-video-preview:-1"},"canonical":"https:\/\/beebipood.ee\/ru\/produkt\/maamaja-roosi-roosa\/","og_locale":"ru_RU","og_type":"article","og_title":"Maamaja Roosi, roosa, \u041a\u0443\u043a\u043b\u044b, \u043a\u043e\u043b\u044f\u0441\u043a\u0438 \u0434\u043b\u044f \u043a\u0443\u043a\u043e\u043b, \u0434\u043e\u043c\u0438\u043a\u0438 \u0434\u043b\u044f \u043a\u0443\u043a\u043e\u043b, \u0418\u0433\u0440\u0443\u0448\u043a\u0438, Beebipood","og_description":"Maamaja Roosi, roosa, Traditsioonilise disainiga nukumaja&nbsp;Sinu v&auml;ikestele m&auml;ngukaaslastele Sobib nukkudele, kaisukarudele ja","og_url":"https:\/\/beebipood.ee\/ru\/produkt\/maamaja-roosi-roosa\/","og_site_name":"Beebipood","article_modified_time":"2025-01-09T08:49:57+00:00","og_image":[{"width":900,"height":900,"url":"https:\/\/beebipood.ee\/wp-content\/uploads\/2016\/08\/Roosi-maamaja-UUED-TOOTED-Nukud-nukuvankrid-nukumajad-Manguasjad_1-ee8.jpg","type":"image\/jpeg"}],"twitter_card":"summary_large_image","schema":{"@context":"https:\/\/schema.org","@graph":[{"@type":"WebPage","@id":"https:\/\/beebipood.ee\/ru\/produkt\/maamaja-roosi-roosa\/","url":"https:\/\/beebipood.ee\/ru\/produkt\/maamaja-roosi-roosa\/","name":"Maamaja Roosi, roosa, \u041a\u0443\u043a\u043b\u044b, \u043a\u043e\u043b\u044f\u0441\u043a\u0438 \u0434\u043b\u044f \u043a\u0443\u043a\u043e\u043b, \u0434\u043e\u043c\u0438\u043a\u0438 \u0434\u043b\u044f \u043a\u0443\u043a\u043e\u043b, \u0418\u0433\u0440\u0443\u0448\u043a\u0438, Beebipood","isPartOf":{"@id":"https:\/\/beebipood.ee\/ru\/#website"},"primaryImageOfPage":{"@id":"https:\/\/beebipood.ee\/ru\/produkt\/maamaja-roosi-roosa\/#primaryimage"},"image":{"@id":"https:\/\/beebipood.ee\/ru\/produkt\/maamaja-roosi-roosa\/#primaryimage"},"thumbnailUrl":"https:\/\/beebipood.ee\/wp-content\/uploads\/2016\/08\/Roosi-maamaja-UUED-TOOTED-Nukud-nukuvankrid-nukumajad-Manguasjad_1-ee8.jpg","datePublished":"2016-08-04T05:45:42+00:00","dateModified":"2025-01-09T08:49:57+00:00","description":"Maamaja Roosi, roosa, Traditsioonilise disainiga nukumaja&nbsp;Sinu v&auml;ikestele m&auml;ngukaaslastele Sobib nukkudele, kaisukarudele ja","breadcrumb":{"@id":"https:\/\/beebipood.ee\/ru\/produkt\/maamaja-roosi-roosa\/#breadcrumb"},"inLanguage":"ru-RU","potentialAction":[{"@type":"ReadAction","target":["https:\/\/beebipood.ee\/ru\/produkt\/maamaja-roosi-roosa\/"]}]},{"@type":"ImageObject","inLanguage":"ru-RU","@id":"https:\/\/beebipood.ee\/ru\/produkt\/maamaja-roosi-roosa\/#primaryimage","url":"https:\/\/beebipood.ee\/wp-content\/uploads\/2016\/08\/Roosi-maamaja-UUED-TOOTED-Nukud-nukuvankrid-nukumajad-Manguasjad_1-ee8.jpg","contentUrl":"https:\/\/beebipood.ee\/wp-content\/uploads\/2016\/08\/Roosi-maamaja-UUED-TOOTED-Nukud-nukuvankrid-nukumajad-Manguasjad_1-ee8.jpg","width":900,"height":900},{"@type":"BreadcrumbList","@id":"https:\/\/beebipood.ee\/ru\/produkt\/maamaja-roosi-roosa\/#breadcrumb","itemListElement":[{"@type":"ListItem","position":1,"name":"Home","item":"https:\/\/beebipood.ee\/ru\/"},{"@type":"ListItem","position":2,"name":"\u041a\u0430\u0442\u0430\u043b\u043e\u0433 \u0442\u043e\u0432\u0430\u0440\u043e\u0432","item":"https:\/\/beebipood.ee\/tooted\/"},{"@type":"ListItem","position":3,"name":"Maamaja Roosi, roosa"}]},{"@type":"WebSite","@id":"https:\/\/beebipood.ee\/ru\/#website","url":"https:\/\/beebipood.ee\/ru\/","name":"Beebipood","description":"Lastekaubad, beebikaubad, m\u00e4nguasjad","publisher":{"@id":"https:\/\/beebipood.ee\/ru\/#organization"},"potentialAction":[{"@type":"SearchAction","target":{"@type":"EntryPoint","urlTemplate":"https:\/\/beebipood.ee\/ru\/?s={search_term_string}"},"query-input":{"@type":"PropertyValueSpecification","valueRequired":true,"valueName":"search_term_string"}}],"inLanguage":"ru-RU"},{"@type":"Organization","@id":"https:\/\/beebipood.ee\/ru\/#organization","name":"Beebipood","url":"https:\/\/beebipood.ee\/ru\/","logo":{"@type":"ImageObject","inLanguage":"ru-RU","@id":"https:\/\/beebipood.ee\/ru\/#\/schema\/logo\/image\/","url":"https:\/\/beebipood.ee\/wp-content\/uploads\/2025\/03\/beebipood.ee-logo-1.svg","contentUrl":"https:\/\/beebipood.ee\/wp-content\/uploads\/2025\/03\/beebipood.ee-logo-1.svg","caption":"Beebipood"},"image":{"@id":"https:\/\/beebipood.ee\/ru\/#\/schema\/logo\/image\/"}}]}},"brands":[],"_links":{"self":[{"href":"https:\/\/beebipood.ee\/ru\/wp-json\/wp\/v2\/product\/457204","targetHints":{"allow":["GET"]}}],"collection":[{"href":"https:\/\/beebipood.ee\/ru\/wp-json\/wp\/v2\/product"}],"about":[{"href":"https:\/\/beebipood.ee\/ru\/wp-json\/wp\/v2\/types\/product"}],"wp:featuredmedia":[{"embeddable":true,"href":"https:\/\/beebipood.ee\/ru\/wp-json\/wp\/v2\/media\/113390"}],"wp:attachment":[{"href":"https:\/\/beebipood.ee\/ru\/wp-json\/wp\/v2\/media?parent=457204"}],"wp:term":[{"taxonomy":"pwb-brand","embeddable":true,"href":"https:\/\/beebipood.ee\/ru\/wp-json\/wp\/v2\/pwb-brand?post=457204"},{"taxonomy":"product_brand","embeddable":true,"href":"https:\/\/beebipood.ee\/ru\/wp-json\/wp\/v2\/product_brand?post=457204"},{"taxonomy":"product_cat","embeddable":true,"href":"https:\/\/beebipood.ee\/ru\/wp-json\/wp\/v2\/product_cat?post=457204"},{"taxonomy":"product_tag","embeddable":true,"href":"https:\/\/beebipood.ee\/ru\/wp-json\/wp\/v2\/product_tag?post=457204"}],"curies":[{"name":"wp","href":"https:\/\/api.w.org\/{rel}","templated":true}]}}