{"id":457234,"date":"2016-08-18T05:19:06","date_gmt":"2016-08-18T02:19:06","guid":{"rendered":"https:\/\/beebipood.ee\/toode\/narivoodi-kacper-80x190-grafiit\/"},"modified":"2025-03-05T07:10:50","modified_gmt":"2025-03-05T05:10:50","slug":"narivoodi-kacper-90x190-grafiit","status":"publish","type":"product","link":"https:\/\/beebipood.ee\/ru\/produkt\/narivoodi-kacper-90x190-grafiit\/","title":{"rendered":"Narivoodi Kacper 90&#215;190, grafiit"},"content":{"rendered":"<p>* kvaliteetsest sertifitseeritud FSC m\u00e4nnipuidust valmistatud nari<br \/>* k\u00f5ik servad on \u00fcmardatud<br \/>* t\u00f6\u00f6deldud peitsi ja lakiga<br \/>* viimistlemisel on kasutatud lastele ohutuid peitse ja lakke, mis vastavad n\u00f5uetele EN 71\/3<br \/>* k\u00f5ik nari detailid on viimistletud kolm korda<br \/>* nari on v\u00f5imalik muuta kaheks eraldi voodiks<br \/>* redeli asukohta saab muuta: kas vasakule v\u00f5i paremale poole<br \/>* Komplekti kuulub: nari, voodip\u00f5hjad, turvapiirded<br \/>* lisaks on v\u00f5imalik tellida kaks poroloonmadratsit m\u00f5\u00f5dus 90&#215;190 <br \/>\u00a0 madratsi kotid \u00e4rav\u00f5etavad ja pestavad<br \/>* v\u00f5id valida madratis ka kataloogist <a href=\"https:\/\/www.beebipood.ee\/catalogsearch\/result\/index\/?cat=8&#038;q=90x190\">SIIN<\/a><br \/>* nari kandev\u00f5ime 200kg, \u00fcks voodi 100kg<br \/>* Sertifitseeritud voodi \u2013 kvaliteet ja ohutus vastavalt T\u00dcV standarditele.<\/p>\n","protected":false},"excerpt":{"rendered":"<p>* kvaliteetsest sertifitseeritud FSC m\u00e4nnipuidust valmistatud nari* k\u00f5ik servad on \u00fcmardatud* t\u00f6\u00f6deldud peitsi ja lakiga* viimistlemisel on kasutatud lastele ohutuid peitse ja lakke, mis vastavad n\u00f5uetele EN 71\/3* k\u00f5ik nari detailid on viimistletud kolm korda* nari on v\u00f5imalik muuta kaheks eraldi voodiks* redeli asukohta saab muuta: kas vasakule v\u00f5i paremale poole* Komplekti kuulub: nari, voodip\u00f5hjad, [&hellip;]<\/p>\n","protected":false},"featured_media":113693,"template":"","meta":{"_acf_changed":false},"pwb-brand":[],"product_brand":[],"product_cat":[11581,11557,11789],"product_tag":[],"class_list":{"0":"post-457234","1":"product","2":"type-product","3":"status-publish","4":"has-post-thumbnail","6":"product_cat-narid-laiusega-80cm-ru","7":"product_cat-narid-ru","8":"product_cat-lastemoobel-ja-sisustus-ru","10":"first","11":"onbackorder","12":"sale","13":"taxable","14":"shipping-taxable","15":"purchasable","16":"product-type-simple"},"exclude_global_add_ons":false,"addons":[{"name":"Madratsite komplekt","type":"multiple_choice","position":0,"required":true,"title_format":"heading","default":"","description_enable":false,"description":"","placeholder_enable":false,"placeholder":"","display":"images","restrictions_type":"any_text","adjust_price":false,"price":"","price_type":"flat_fee","restrictions":false,"min":"0","max":"0","options":[{"label":"Ei soovi madratseid","price":"","price_type":"quantity_based","image":501619,"visibility":true},{"label":"Soovin madratseid (2tk)","price":"40.0000","price_type":"quantity_based","image":501621,"visibility":true}]}],"acf":[],"yoast_head":"<!-- This site is optimized with the Yoast SEO plugin v27.1.1 - https:\/\/yoast.com\/product\/yoast-seo-wordpress\/ -->\n<title>Narivoodi Kacper 90x190, grafiit, \u041d\u0430\u0440\u044b, \u041d\u0430\u0440\u044b \u0448\u0438\u0440\u0438\u043d\u043e\u0439 80c\u043c, M\u0435\u0431\u0435\u043b\u044c, Beebipood<\/title>\n<meta name=\"description\" content=\"Narivoodi Kacper 90x190, grafiit, * kvaliteetsest sertifitseeritud FSC m&auml;nnipuidust valmistatud nari* k&otilde;ik servad on &uuml;mardatud*\" \/>\n<meta name=\"robots\" content=\"index, follow, max-snippet:-1, max-image-preview:large, max-video-preview:-1\" \/>\n<link rel=\"canonical\" href=\"https:\/\/beebipood.ee\/ru\/produkt\/narivoodi-kacper-90x190-grafiit\/\" \/>\n<meta property=\"og:locale\" content=\"ru_RU\" \/>\n<meta property=\"og:type\" content=\"article\" \/>\n<meta property=\"og:title\" content=\"Narivoodi Kacper 90x190, grafiit, \u041d\u0430\u0440\u044b, \u041d\u0430\u0440\u044b \u0448\u0438\u0440\u0438\u043d\u043e\u0439 80c\u043c, M\u0435\u0431\u0435\u043b\u044c, Beebipood\" \/>\n<meta property=\"og:description\" content=\"Narivoodi Kacper 90x190, grafiit, * kvaliteetsest sertifitseeritud FSC m&auml;nnipuidust valmistatud nari* k&otilde;ik servad on &uuml;mardatud*\" \/>\n<meta property=\"og:url\" content=\"https:\/\/beebipood.ee\/ru\/produkt\/narivoodi-kacper-90x190-grafiit\/\" \/>\n<meta property=\"og:site_name\" content=\"Beebipood\" \/>\n<meta property=\"article:modified_time\" content=\"2025-03-05T05:10:50+00:00\" \/>\n<meta property=\"og:image\" content=\"https:\/\/beebipood.ee\/wp-content\/uploads\/2016\/08\/Narivoodi-Kacper-80x190-grafiit-Narid-UUED-TOOTED-Narid-laiusega-80cm-Lastemoobel-ja-sisustus_1-42f.jpg\" \/>\n\t<meta property=\"og:image:width\" content=\"1186\" \/>\n\t<meta property=\"og:image:height\" content=\"791\" \/>\n\t<meta property=\"og:image:type\" content=\"image\/jpeg\" \/>\n<meta name=\"twitter:card\" content=\"summary_large_image\" \/>\n<meta name=\"twitter:label1\" content=\"\u041f\u0440\u0438\u043c\u0435\u0440\u043d\u043e\u0435 \u0432\u0440\u0435\u043c\u044f \u0434\u043b\u044f \u0447\u0442\u0435\u043d\u0438\u044f\" \/>\n\t<meta name=\"twitter:data1\" content=\"1 \u043c\u0438\u043d\u0443\u0442\u0430\" \/>\n<script type=\"application\/ld+json\" class=\"yoast-schema-graph\">{\"@context\":\"https:\/\/schema.org\",\"@graph\":[{\"@type\":\"WebPage\",\"@id\":\"https:\/\/beebipood.ee\/ru\/produkt\/narivoodi-kacper-90x190-grafiit\/\",\"url\":\"https:\/\/beebipood.ee\/ru\/produkt\/narivoodi-kacper-90x190-grafiit\/\",\"name\":\"Narivoodi Kacper 90x190, grafiit, \u041d\u0430\u0440\u044b, \u041d\u0430\u0440\u044b \u0448\u0438\u0440\u0438\u043d\u043e\u0439 80c\u043c, M\u0435\u0431\u0435\u043b\u044c, Beebipood\",\"isPartOf\":{\"@id\":\"https:\/\/beebipood.ee\/ru\/#website\"},\"primaryImageOfPage\":{\"@id\":\"https:\/\/beebipood.ee\/ru\/produkt\/narivoodi-kacper-90x190-grafiit\/#primaryimage\"},\"image\":{\"@id\":\"https:\/\/beebipood.ee\/ru\/produkt\/narivoodi-kacper-90x190-grafiit\/#primaryimage\"},\"thumbnailUrl\":\"https:\/\/beebipood.ee\/wp-content\/uploads\/2016\/08\/Narivoodi-Kacper-80x190-grafiit-Narid-UUED-TOOTED-Narid-laiusega-80cm-Lastemoobel-ja-sisustus_1-42f.jpg\",\"datePublished\":\"2016-08-18T02:19:06+00:00\",\"dateModified\":\"2025-03-05T05:10:50+00:00\",\"description\":\"Narivoodi Kacper 90x190, grafiit, * kvaliteetsest sertifitseeritud FSC m&auml;nnipuidust valmistatud nari* k&otilde;ik servad on &uuml;mardatud*\",\"breadcrumb\":{\"@id\":\"https:\/\/beebipood.ee\/ru\/produkt\/narivoodi-kacper-90x190-grafiit\/#breadcrumb\"},\"inLanguage\":\"ru-RU\",\"potentialAction\":[{\"@type\":\"ReadAction\",\"target\":[\"https:\/\/beebipood.ee\/ru\/produkt\/narivoodi-kacper-90x190-grafiit\/\"]}]},{\"@type\":\"ImageObject\",\"inLanguage\":\"ru-RU\",\"@id\":\"https:\/\/beebipood.ee\/ru\/produkt\/narivoodi-kacper-90x190-grafiit\/#primaryimage\",\"url\":\"https:\/\/beebipood.ee\/wp-content\/uploads\/2016\/08\/Narivoodi-Kacper-80x190-grafiit-Narid-UUED-TOOTED-Narid-laiusega-80cm-Lastemoobel-ja-sisustus_1-42f.jpg\",\"contentUrl\":\"https:\/\/beebipood.ee\/wp-content\/uploads\/2016\/08\/Narivoodi-Kacper-80x190-grafiit-Narid-UUED-TOOTED-Narid-laiusega-80cm-Lastemoobel-ja-sisustus_1-42f.jpg\",\"width\":1186,\"height\":791},{\"@type\":\"BreadcrumbList\",\"@id\":\"https:\/\/beebipood.ee\/ru\/produkt\/narivoodi-kacper-90x190-grafiit\/#breadcrumb\",\"itemListElement\":[{\"@type\":\"ListItem\",\"position\":1,\"name\":\"Home\",\"item\":\"https:\/\/beebipood.ee\/ru\/\"},{\"@type\":\"ListItem\",\"position\":2,\"name\":\"\u041a\u0430\u0442\u0430\u043b\u043e\u0433 \u0442\u043e\u0432\u0430\u0440\u043e\u0432\",\"item\":\"https:\/\/beebipood.ee\/tooted\/\"},{\"@type\":\"ListItem\",\"position\":3,\"name\":\"Narivoodi Kacper 90&#215;190, grafiit\"}]},{\"@type\":\"WebSite\",\"@id\":\"https:\/\/beebipood.ee\/ru\/#website\",\"url\":\"https:\/\/beebipood.ee\/ru\/\",\"name\":\"Beebipood\",\"description\":\"Lastekaubad, beebikaubad, m\u00e4nguasjad\",\"publisher\":{\"@id\":\"https:\/\/beebipood.ee\/ru\/#organization\"},\"potentialAction\":[{\"@type\":\"SearchAction\",\"target\":{\"@type\":\"EntryPoint\",\"urlTemplate\":\"https:\/\/beebipood.ee\/ru\/?s={search_term_string}\"},\"query-input\":{\"@type\":\"PropertyValueSpecification\",\"valueRequired\":true,\"valueName\":\"search_term_string\"}}],\"inLanguage\":\"ru-RU\"},{\"@type\":\"Organization\",\"@id\":\"https:\/\/beebipood.ee\/ru\/#organization\",\"name\":\"Beebipood\",\"url\":\"https:\/\/beebipood.ee\/ru\/\",\"logo\":{\"@type\":\"ImageObject\",\"inLanguage\":\"ru-RU\",\"@id\":\"https:\/\/beebipood.ee\/ru\/#\/schema\/logo\/image\/\",\"url\":\"https:\/\/beebipood.ee\/wp-content\/uploads\/2025\/03\/beebipood.ee-logo-1.svg\",\"contentUrl\":\"https:\/\/beebipood.ee\/wp-content\/uploads\/2025\/03\/beebipood.ee-logo-1.svg\",\"caption\":\"Beebipood\"},\"image\":{\"@id\":\"https:\/\/beebipood.ee\/ru\/#\/schema\/logo\/image\/\"}}]}<\/script>\n<!-- \/ Yoast SEO plugin. -->","yoast_head_json":{"title":"Narivoodi Kacper 90x190, grafiit, \u041d\u0430\u0440\u044b, \u041d\u0430\u0440\u044b \u0448\u0438\u0440\u0438\u043d\u043e\u0439 80c\u043c, M\u0435\u0431\u0435\u043b\u044c, Beebipood","description":"Narivoodi Kacper 90x190, grafiit, * kvaliteetsest sertifitseeritud FSC m&auml;nnipuidust valmistatud nari* k&otilde;ik servad on &uuml;mardatud*","robots":{"index":"index","follow":"follow","max-snippet":"max-snippet:-1","max-image-preview":"max-image-preview:large","max-video-preview":"max-video-preview:-1"},"canonical":"https:\/\/beebipood.ee\/ru\/produkt\/narivoodi-kacper-90x190-grafiit\/","og_locale":"ru_RU","og_type":"article","og_title":"Narivoodi Kacper 90x190, grafiit, \u041d\u0430\u0440\u044b, \u041d\u0430\u0440\u044b \u0448\u0438\u0440\u0438\u043d\u043e\u0439 80c\u043c, M\u0435\u0431\u0435\u043b\u044c, Beebipood","og_description":"Narivoodi Kacper 90x190, grafiit, * kvaliteetsest sertifitseeritud FSC m&auml;nnipuidust valmistatud nari* k&otilde;ik servad on &uuml;mardatud*","og_url":"https:\/\/beebipood.ee\/ru\/produkt\/narivoodi-kacper-90x190-grafiit\/","og_site_name":"Beebipood","article_modified_time":"2025-03-05T05:10:50+00:00","og_image":[{"width":1186,"height":791,"url":"https:\/\/beebipood.ee\/wp-content\/uploads\/2016\/08\/Narivoodi-Kacper-80x190-grafiit-Narid-UUED-TOOTED-Narid-laiusega-80cm-Lastemoobel-ja-sisustus_1-42f.jpg","type":"image\/jpeg"}],"twitter_card":"summary_large_image","twitter_misc":{"\u041f\u0440\u0438\u043c\u0435\u0440\u043d\u043e\u0435 \u0432\u0440\u0435\u043c\u044f \u0434\u043b\u044f \u0447\u0442\u0435\u043d\u0438\u044f":"1 \u043c\u0438\u043d\u0443\u0442\u0430"},"schema":{"@context":"https:\/\/schema.org","@graph":[{"@type":"WebPage","@id":"https:\/\/beebipood.ee\/ru\/produkt\/narivoodi-kacper-90x190-grafiit\/","url":"https:\/\/beebipood.ee\/ru\/produkt\/narivoodi-kacper-90x190-grafiit\/","name":"Narivoodi Kacper 90x190, grafiit, \u041d\u0430\u0440\u044b, \u041d\u0430\u0440\u044b \u0448\u0438\u0440\u0438\u043d\u043e\u0439 80c\u043c, M\u0435\u0431\u0435\u043b\u044c, Beebipood","isPartOf":{"@id":"https:\/\/beebipood.ee\/ru\/#website"},"primaryImageOfPage":{"@id":"https:\/\/beebipood.ee\/ru\/produkt\/narivoodi-kacper-90x190-grafiit\/#primaryimage"},"image":{"@id":"https:\/\/beebipood.ee\/ru\/produkt\/narivoodi-kacper-90x190-grafiit\/#primaryimage"},"thumbnailUrl":"https:\/\/beebipood.ee\/wp-content\/uploads\/2016\/08\/Narivoodi-Kacper-80x190-grafiit-Narid-UUED-TOOTED-Narid-laiusega-80cm-Lastemoobel-ja-sisustus_1-42f.jpg","datePublished":"2016-08-18T02:19:06+00:00","dateModified":"2025-03-05T05:10:50+00:00","description":"Narivoodi Kacper 90x190, grafiit, * kvaliteetsest sertifitseeritud FSC m&auml;nnipuidust valmistatud nari* k&otilde;ik servad on &uuml;mardatud*","breadcrumb":{"@id":"https:\/\/beebipood.ee\/ru\/produkt\/narivoodi-kacper-90x190-grafiit\/#breadcrumb"},"inLanguage":"ru-RU","potentialAction":[{"@type":"ReadAction","target":["https:\/\/beebipood.ee\/ru\/produkt\/narivoodi-kacper-90x190-grafiit\/"]}]},{"@type":"ImageObject","inLanguage":"ru-RU","@id":"https:\/\/beebipood.ee\/ru\/produkt\/narivoodi-kacper-90x190-grafiit\/#primaryimage","url":"https:\/\/beebipood.ee\/wp-content\/uploads\/2016\/08\/Narivoodi-Kacper-80x190-grafiit-Narid-UUED-TOOTED-Narid-laiusega-80cm-Lastemoobel-ja-sisustus_1-42f.jpg","contentUrl":"https:\/\/beebipood.ee\/wp-content\/uploads\/2016\/08\/Narivoodi-Kacper-80x190-grafiit-Narid-UUED-TOOTED-Narid-laiusega-80cm-Lastemoobel-ja-sisustus_1-42f.jpg","width":1186,"height":791},{"@type":"BreadcrumbList","@id":"https:\/\/beebipood.ee\/ru\/produkt\/narivoodi-kacper-90x190-grafiit\/#breadcrumb","itemListElement":[{"@type":"ListItem","position":1,"name":"Home","item":"https:\/\/beebipood.ee\/ru\/"},{"@type":"ListItem","position":2,"name":"\u041a\u0430\u0442\u0430\u043b\u043e\u0433 \u0442\u043e\u0432\u0430\u0440\u043e\u0432","item":"https:\/\/beebipood.ee\/tooted\/"},{"@type":"ListItem","position":3,"name":"Narivoodi Kacper 90&#215;190, grafiit"}]},{"@type":"WebSite","@id":"https:\/\/beebipood.ee\/ru\/#website","url":"https:\/\/beebipood.ee\/ru\/","name":"Beebipood","description":"Lastekaubad, beebikaubad, m\u00e4nguasjad","publisher":{"@id":"https:\/\/beebipood.ee\/ru\/#organization"},"potentialAction":[{"@type":"SearchAction","target":{"@type":"EntryPoint","urlTemplate":"https:\/\/beebipood.ee\/ru\/?s={search_term_string}"},"query-input":{"@type":"PropertyValueSpecification","valueRequired":true,"valueName":"search_term_string"}}],"inLanguage":"ru-RU"},{"@type":"Organization","@id":"https:\/\/beebipood.ee\/ru\/#organization","name":"Beebipood","url":"https:\/\/beebipood.ee\/ru\/","logo":{"@type":"ImageObject","inLanguage":"ru-RU","@id":"https:\/\/beebipood.ee\/ru\/#\/schema\/logo\/image\/","url":"https:\/\/beebipood.ee\/wp-content\/uploads\/2025\/03\/beebipood.ee-logo-1.svg","contentUrl":"https:\/\/beebipood.ee\/wp-content\/uploads\/2025\/03\/beebipood.ee-logo-1.svg","caption":"Beebipood"},"image":{"@id":"https:\/\/beebipood.ee\/ru\/#\/schema\/logo\/image\/"}}]}},"brands":[],"_links":{"self":[{"href":"https:\/\/beebipood.ee\/ru\/wp-json\/wp\/v2\/product\/457234","targetHints":{"allow":["GET"]}}],"collection":[{"href":"https:\/\/beebipood.ee\/ru\/wp-json\/wp\/v2\/product"}],"about":[{"href":"https:\/\/beebipood.ee\/ru\/wp-json\/wp\/v2\/types\/product"}],"wp:featuredmedia":[{"embeddable":true,"href":"https:\/\/beebipood.ee\/ru\/wp-json\/wp\/v2\/media\/113693"}],"wp:attachment":[{"href":"https:\/\/beebipood.ee\/ru\/wp-json\/wp\/v2\/media?parent=457234"}],"wp:term":[{"taxonomy":"pwb-brand","embeddable":true,"href":"https:\/\/beebipood.ee\/ru\/wp-json\/wp\/v2\/pwb-brand?post=457234"},{"taxonomy":"product_brand","embeddable":true,"href":"https:\/\/beebipood.ee\/ru\/wp-json\/wp\/v2\/product_brand?post=457234"},{"taxonomy":"product_cat","embeddable":true,"href":"https:\/\/beebipood.ee\/ru\/wp-json\/wp\/v2\/product_cat?post=457234"},{"taxonomy":"product_tag","embeddable":true,"href":"https:\/\/beebipood.ee\/ru\/wp-json\/wp\/v2\/product_tag?post=457234"}],"curies":[{"name":"wp","href":"https:\/\/api.w.org\/{rel}","templated":true}]}}