{"id":457240,"date":"2016-08-20T08:05:34","date_gmt":"2016-08-20T05:05:34","guid":{"rendered":"https:\/\/beebipood.ee\/toode\/narivoodi-eryk-90x190-natural\/"},"modified":"2025-03-04T10:39:27","modified_gmt":"2025-03-04T08:39:27","slug":"narivoodi-eryk-90x190-natural","status":"publish","type":"product","link":"https:\/\/beebipood.ee\/ru\/produkt\/narivoodi-eryk-90x190-natural\/","title":{"rendered":"Narivoodi Eryk 90&#215;190, natural"},"content":{"rendered":"<p><span>* kvaliteetsest sertifitseeritud FSC m\u00e4nnipuidust valmistatud nari<\/span><br \/><span>* k\u00f5ik servad on \u00fcmardatud<\/span><br \/><span>* viimistlus: puuvalmis ehk viimistlemata<\/span><br \/><span>* antud toode sobib lastele kes on tundlikud viimistlusvahendite osas<\/span><br \/><span>* nari on v\u00f5imalik muuta kaheks eraldi voodiks<\/span><br \/><span>* redeli asukohta saab muuta: kas vasakule v\u00f5i paremale poole<\/span><br \/><span>* Komplekti kuulub: nari, voodip\u00f5hjad,\u00a0turvapiirded<\/span><br \/><span>* lisaks on v\u00f5imalik tellida kaks poroloonmadratsit m\u00f5\u00f5dus 90x190x7\u00a0<\/span><br \/><span>\u00a0 madratsi kotid \u00e4rav\u00f5etavad ja pestavad<\/span><br \/><span>* nari kandev\u00f5ime 200kg, \u00fcks voodi 100kg<\/span><br \/><span>* Sertifitseeritud voodi \u2013 kvaliteet ja ohutus vastavalt T\u00dcV standarditele.<\/span><\/p>\n","protected":false},"excerpt":{"rendered":"<p>* kvaliteetsest sertifitseeritud FSC m\u00e4nnipuidust valmistatud nari* k\u00f5ik servad on \u00fcmardatud* viimistlus: puuvalmis ehk viimistlemata* antud toode sobib lastele kes on tundlikud viimistlusvahendite osas* nari on v\u00f5imalik muuta kaheks eraldi voodiks* redeli asukohta saab muuta: kas vasakule v\u00f5i paremale poole* Komplekti kuulub: nari, voodip\u00f5hjad,\u00a0turvapiirded* lisaks on v\u00f5imalik tellida kaks poroloonmadratsit m\u00f5\u00f5dus 90x190x7\u00a0\u00a0 madratsi kotid \u00e4rav\u00f5etavad [&hellip;]<\/p>\n","protected":false},"featured_media":362432,"template":"","meta":{"_acf_changed":false},"pwb-brand":[],"product_brand":[],"product_cat":[11583,11557,11789],"product_tag":[],"class_list":{"0":"post-457240","1":"product","2":"type-product","3":"status-publish","4":"has-post-thumbnail","6":"product_cat-narid-laiusega-90cm-ru","7":"product_cat-narid-ru","8":"product_cat-lastemoobel-ja-sisustus-ru","10":"first","11":"onbackorder","12":"sale","13":"taxable","14":"shipping-taxable","15":"purchasable","16":"product-type-simple"},"exclude_global_add_ons":false,"addons":[{"name":"Madratsite komplekt","type":"multiple_choice","position":0,"required":true,"title_format":"heading","default":"","description_enable":false,"description":"","placeholder_enable":false,"placeholder":"","display":"images","restrictions_type":"any_text","adjust_price":false,"price":"","price_type":"flat_fee","restrictions":false,"min":"0","max":"0","options":[{"label":"Soovin madratseid (2tk)","price":"","price_type":"quantity_based","image":501637,"visibility":true},{"label":"Ei soovi madratseid","price":"-40.0000","price_type":"quantity_based","image":501639,"visibility":true}]}],"acf":[],"yoast_head":"<!-- This site is optimized with the Yoast SEO plugin v27.1.1 - https:\/\/yoast.com\/product\/yoast-seo-wordpress\/ -->\n<title>Narivoodi Eryk 90x190, natural, \u041d\u0430\u0440\u044b, \u041d\u041e\u0412\u042b\u0415 \u0422\u041e\u0412\u0410\u0420\u042b, \u041d\u0430\u0440\u044b \u0448\u0438\u0440\u0438\u043d\u043e\u0439 90c\u043c, M\u0435\u0431\u0435\u043b\u044c, Beebipood<\/title>\n<meta name=\"description\" content=\"Narivoodi Eryk 90x190, natural, * kvaliteetsest sertifitseeritud FSC m&auml;nnipuidust valmistatud nari* k&otilde;ik servad on &amp;uuml\" \/>\n<meta name=\"robots\" content=\"index, follow, max-snippet:-1, max-image-preview:large, max-video-preview:-1\" \/>\n<link rel=\"canonical\" href=\"https:\/\/beebipood.ee\/ru\/produkt\/narivoodi-eryk-90x190-natural\/\" \/>\n<meta property=\"og:locale\" content=\"ru_RU\" \/>\n<meta property=\"og:type\" content=\"article\" \/>\n<meta property=\"og:title\" content=\"Narivoodi Eryk 90x190, natural, \u041d\u0430\u0440\u044b, \u041d\u041e\u0412\u042b\u0415 \u0422\u041e\u0412\u0410\u0420\u042b, \u041d\u0430\u0440\u044b \u0448\u0438\u0440\u0438\u043d\u043e\u0439 90c\u043c, M\u0435\u0431\u0435\u043b\u044c, Beebipood\" \/>\n<meta property=\"og:description\" content=\"Narivoodi Eryk 90x190, natural, * kvaliteetsest sertifitseeritud FSC m&auml;nnipuidust valmistatud nari* k&otilde;ik servad on &amp;uuml\" \/>\n<meta property=\"og:url\" content=\"https:\/\/beebipood.ee\/ru\/produkt\/narivoodi-eryk-90x190-natural\/\" \/>\n<meta property=\"og:site_name\" content=\"Beebipood\" \/>\n<meta property=\"article:modified_time\" content=\"2025-03-04T08:39:27+00:00\" \/>\n<meta property=\"og:image\" content=\"https:\/\/beebipood.ee\/wp-content\/uploads\/2016\/08\/Narivoodi-Eryk-90x190-natural-Narid-UUED-TOOTED-Narid-laiusega-90cm-Lastemoobel-ja-sisustus_2-6ec-scaled.jpg\" \/>\n\t<meta property=\"og:image:width\" content=\"2560\" \/>\n\t<meta property=\"og:image:height\" content=\"1705\" \/>\n\t<meta property=\"og:image:type\" content=\"image\/jpeg\" \/>\n<meta name=\"twitter:card\" content=\"summary_large_image\" \/>\n<script type=\"application\/ld+json\" class=\"yoast-schema-graph\">{\"@context\":\"https:\/\/schema.org\",\"@graph\":[{\"@type\":\"WebPage\",\"@id\":\"https:\/\/beebipood.ee\/ru\/produkt\/narivoodi-eryk-90x190-natural\/\",\"url\":\"https:\/\/beebipood.ee\/ru\/produkt\/narivoodi-eryk-90x190-natural\/\",\"name\":\"Narivoodi Eryk 90x190, natural, \u041d\u0430\u0440\u044b, \u041d\u041e\u0412\u042b\u0415 \u0422\u041e\u0412\u0410\u0420\u042b, \u041d\u0430\u0440\u044b \u0448\u0438\u0440\u0438\u043d\u043e\u0439 90c\u043c, M\u0435\u0431\u0435\u043b\u044c, Beebipood\",\"isPartOf\":{\"@id\":\"https:\/\/beebipood.ee\/ru\/#website\"},\"primaryImageOfPage\":{\"@id\":\"https:\/\/beebipood.ee\/ru\/produkt\/narivoodi-eryk-90x190-natural\/#primaryimage\"},\"image\":{\"@id\":\"https:\/\/beebipood.ee\/ru\/produkt\/narivoodi-eryk-90x190-natural\/#primaryimage\"},\"thumbnailUrl\":\"https:\/\/beebipood.ee\/wp-content\/uploads\/2016\/08\/Narivoodi-Eryk-90x190-natural-Narid-UUED-TOOTED-Narid-laiusega-90cm-Lastemoobel-ja-sisustus_2-6ec-scaled.jpg\",\"datePublished\":\"2016-08-20T05:05:34+00:00\",\"dateModified\":\"2025-03-04T08:39:27+00:00\",\"description\":\"Narivoodi Eryk 90x190, natural, * kvaliteetsest sertifitseeritud FSC m&auml;nnipuidust valmistatud nari* k&otilde;ik servad on &uuml\",\"breadcrumb\":{\"@id\":\"https:\/\/beebipood.ee\/ru\/produkt\/narivoodi-eryk-90x190-natural\/#breadcrumb\"},\"inLanguage\":\"ru-RU\",\"potentialAction\":[{\"@type\":\"ReadAction\",\"target\":[\"https:\/\/beebipood.ee\/ru\/produkt\/narivoodi-eryk-90x190-natural\/\"]}]},{\"@type\":\"ImageObject\",\"inLanguage\":\"ru-RU\",\"@id\":\"https:\/\/beebipood.ee\/ru\/produkt\/narivoodi-eryk-90x190-natural\/#primaryimage\",\"url\":\"https:\/\/beebipood.ee\/wp-content\/uploads\/2016\/08\/Narivoodi-Eryk-90x190-natural-Narid-UUED-TOOTED-Narid-laiusega-90cm-Lastemoobel-ja-sisustus_2-6ec-scaled.jpg\",\"contentUrl\":\"https:\/\/beebipood.ee\/wp-content\/uploads\/2016\/08\/Narivoodi-Eryk-90x190-natural-Narid-UUED-TOOTED-Narid-laiusega-90cm-Lastemoobel-ja-sisustus_2-6ec-scaled.jpg\",\"width\":2560,\"height\":1705},{\"@type\":\"BreadcrumbList\",\"@id\":\"https:\/\/beebipood.ee\/ru\/produkt\/narivoodi-eryk-90x190-natural\/#breadcrumb\",\"itemListElement\":[{\"@type\":\"ListItem\",\"position\":1,\"name\":\"Home\",\"item\":\"https:\/\/beebipood.ee\/ru\/\"},{\"@type\":\"ListItem\",\"position\":2,\"name\":\"\u041a\u0430\u0442\u0430\u043b\u043e\u0433 \u0442\u043e\u0432\u0430\u0440\u043e\u0432\",\"item\":\"https:\/\/beebipood.ee\/tooted\/\"},{\"@type\":\"ListItem\",\"position\":3,\"name\":\"Narivoodi Eryk 90&#215;190, natural\"}]},{\"@type\":\"WebSite\",\"@id\":\"https:\/\/beebipood.ee\/ru\/#website\",\"url\":\"https:\/\/beebipood.ee\/ru\/\",\"name\":\"Beebipood\",\"description\":\"Lastekaubad, beebikaubad, m\u00e4nguasjad\",\"publisher\":{\"@id\":\"https:\/\/beebipood.ee\/ru\/#organization\"},\"potentialAction\":[{\"@type\":\"SearchAction\",\"target\":{\"@type\":\"EntryPoint\",\"urlTemplate\":\"https:\/\/beebipood.ee\/ru\/?s={search_term_string}\"},\"query-input\":{\"@type\":\"PropertyValueSpecification\",\"valueRequired\":true,\"valueName\":\"search_term_string\"}}],\"inLanguage\":\"ru-RU\"},{\"@type\":\"Organization\",\"@id\":\"https:\/\/beebipood.ee\/ru\/#organization\",\"name\":\"Beebipood\",\"url\":\"https:\/\/beebipood.ee\/ru\/\",\"logo\":{\"@type\":\"ImageObject\",\"inLanguage\":\"ru-RU\",\"@id\":\"https:\/\/beebipood.ee\/ru\/#\/schema\/logo\/image\/\",\"url\":\"https:\/\/beebipood.ee\/wp-content\/uploads\/2025\/03\/beebipood.ee-logo-1.svg\",\"contentUrl\":\"https:\/\/beebipood.ee\/wp-content\/uploads\/2025\/03\/beebipood.ee-logo-1.svg\",\"caption\":\"Beebipood\"},\"image\":{\"@id\":\"https:\/\/beebipood.ee\/ru\/#\/schema\/logo\/image\/\"}}]}<\/script>\n<!-- \/ Yoast SEO plugin. -->","yoast_head_json":{"title":"Narivoodi Eryk 90x190, natural, \u041d\u0430\u0440\u044b, \u041d\u041e\u0412\u042b\u0415 \u0422\u041e\u0412\u0410\u0420\u042b, \u041d\u0430\u0440\u044b \u0448\u0438\u0440\u0438\u043d\u043e\u0439 90c\u043c, M\u0435\u0431\u0435\u043b\u044c, Beebipood","description":"Narivoodi Eryk 90x190, natural, * kvaliteetsest sertifitseeritud FSC m&auml;nnipuidust valmistatud nari* k&otilde;ik servad on &uuml","robots":{"index":"index","follow":"follow","max-snippet":"max-snippet:-1","max-image-preview":"max-image-preview:large","max-video-preview":"max-video-preview:-1"},"canonical":"https:\/\/beebipood.ee\/ru\/produkt\/narivoodi-eryk-90x190-natural\/","og_locale":"ru_RU","og_type":"article","og_title":"Narivoodi Eryk 90x190, natural, \u041d\u0430\u0440\u044b, \u041d\u041e\u0412\u042b\u0415 \u0422\u041e\u0412\u0410\u0420\u042b, \u041d\u0430\u0440\u044b \u0448\u0438\u0440\u0438\u043d\u043e\u0439 90c\u043c, M\u0435\u0431\u0435\u043b\u044c, Beebipood","og_description":"Narivoodi Eryk 90x190, natural, * kvaliteetsest sertifitseeritud FSC m&auml;nnipuidust valmistatud nari* k&otilde;ik servad on &uuml","og_url":"https:\/\/beebipood.ee\/ru\/produkt\/narivoodi-eryk-90x190-natural\/","og_site_name":"Beebipood","article_modified_time":"2025-03-04T08:39:27+00:00","og_image":[{"width":2560,"height":1705,"url":"https:\/\/beebipood.ee\/wp-content\/uploads\/2016\/08\/Narivoodi-Eryk-90x190-natural-Narid-UUED-TOOTED-Narid-laiusega-90cm-Lastemoobel-ja-sisustus_2-6ec-scaled.jpg","type":"image\/jpeg"}],"twitter_card":"summary_large_image","schema":{"@context":"https:\/\/schema.org","@graph":[{"@type":"WebPage","@id":"https:\/\/beebipood.ee\/ru\/produkt\/narivoodi-eryk-90x190-natural\/","url":"https:\/\/beebipood.ee\/ru\/produkt\/narivoodi-eryk-90x190-natural\/","name":"Narivoodi Eryk 90x190, natural, \u041d\u0430\u0440\u044b, \u041d\u041e\u0412\u042b\u0415 \u0422\u041e\u0412\u0410\u0420\u042b, \u041d\u0430\u0440\u044b \u0448\u0438\u0440\u0438\u043d\u043e\u0439 90c\u043c, M\u0435\u0431\u0435\u043b\u044c, Beebipood","isPartOf":{"@id":"https:\/\/beebipood.ee\/ru\/#website"},"primaryImageOfPage":{"@id":"https:\/\/beebipood.ee\/ru\/produkt\/narivoodi-eryk-90x190-natural\/#primaryimage"},"image":{"@id":"https:\/\/beebipood.ee\/ru\/produkt\/narivoodi-eryk-90x190-natural\/#primaryimage"},"thumbnailUrl":"https:\/\/beebipood.ee\/wp-content\/uploads\/2016\/08\/Narivoodi-Eryk-90x190-natural-Narid-UUED-TOOTED-Narid-laiusega-90cm-Lastemoobel-ja-sisustus_2-6ec-scaled.jpg","datePublished":"2016-08-20T05:05:34+00:00","dateModified":"2025-03-04T08:39:27+00:00","description":"Narivoodi Eryk 90x190, natural, * kvaliteetsest sertifitseeritud FSC m&auml;nnipuidust valmistatud nari* k&otilde;ik servad on &uuml","breadcrumb":{"@id":"https:\/\/beebipood.ee\/ru\/produkt\/narivoodi-eryk-90x190-natural\/#breadcrumb"},"inLanguage":"ru-RU","potentialAction":[{"@type":"ReadAction","target":["https:\/\/beebipood.ee\/ru\/produkt\/narivoodi-eryk-90x190-natural\/"]}]},{"@type":"ImageObject","inLanguage":"ru-RU","@id":"https:\/\/beebipood.ee\/ru\/produkt\/narivoodi-eryk-90x190-natural\/#primaryimage","url":"https:\/\/beebipood.ee\/wp-content\/uploads\/2016\/08\/Narivoodi-Eryk-90x190-natural-Narid-UUED-TOOTED-Narid-laiusega-90cm-Lastemoobel-ja-sisustus_2-6ec-scaled.jpg","contentUrl":"https:\/\/beebipood.ee\/wp-content\/uploads\/2016\/08\/Narivoodi-Eryk-90x190-natural-Narid-UUED-TOOTED-Narid-laiusega-90cm-Lastemoobel-ja-sisustus_2-6ec-scaled.jpg","width":2560,"height":1705},{"@type":"BreadcrumbList","@id":"https:\/\/beebipood.ee\/ru\/produkt\/narivoodi-eryk-90x190-natural\/#breadcrumb","itemListElement":[{"@type":"ListItem","position":1,"name":"Home","item":"https:\/\/beebipood.ee\/ru\/"},{"@type":"ListItem","position":2,"name":"\u041a\u0430\u0442\u0430\u043b\u043e\u0433 \u0442\u043e\u0432\u0430\u0440\u043e\u0432","item":"https:\/\/beebipood.ee\/tooted\/"},{"@type":"ListItem","position":3,"name":"Narivoodi Eryk 90&#215;190, natural"}]},{"@type":"WebSite","@id":"https:\/\/beebipood.ee\/ru\/#website","url":"https:\/\/beebipood.ee\/ru\/","name":"Beebipood","description":"Lastekaubad, beebikaubad, m\u00e4nguasjad","publisher":{"@id":"https:\/\/beebipood.ee\/ru\/#organization"},"potentialAction":[{"@type":"SearchAction","target":{"@type":"EntryPoint","urlTemplate":"https:\/\/beebipood.ee\/ru\/?s={search_term_string}"},"query-input":{"@type":"PropertyValueSpecification","valueRequired":true,"valueName":"search_term_string"}}],"inLanguage":"ru-RU"},{"@type":"Organization","@id":"https:\/\/beebipood.ee\/ru\/#organization","name":"Beebipood","url":"https:\/\/beebipood.ee\/ru\/","logo":{"@type":"ImageObject","inLanguage":"ru-RU","@id":"https:\/\/beebipood.ee\/ru\/#\/schema\/logo\/image\/","url":"https:\/\/beebipood.ee\/wp-content\/uploads\/2025\/03\/beebipood.ee-logo-1.svg","contentUrl":"https:\/\/beebipood.ee\/wp-content\/uploads\/2025\/03\/beebipood.ee-logo-1.svg","caption":"Beebipood"},"image":{"@id":"https:\/\/beebipood.ee\/ru\/#\/schema\/logo\/image\/"}}]}},"brands":[],"_links":{"self":[{"href":"https:\/\/beebipood.ee\/ru\/wp-json\/wp\/v2\/product\/457240","targetHints":{"allow":["GET"]}}],"collection":[{"href":"https:\/\/beebipood.ee\/ru\/wp-json\/wp\/v2\/product"}],"about":[{"href":"https:\/\/beebipood.ee\/ru\/wp-json\/wp\/v2\/types\/product"}],"wp:featuredmedia":[{"embeddable":true,"href":"https:\/\/beebipood.ee\/ru\/wp-json\/wp\/v2\/media\/362432"}],"wp:attachment":[{"href":"https:\/\/beebipood.ee\/ru\/wp-json\/wp\/v2\/media?parent=457240"}],"wp:term":[{"taxonomy":"pwb-brand","embeddable":true,"href":"https:\/\/beebipood.ee\/ru\/wp-json\/wp\/v2\/pwb-brand?post=457240"},{"taxonomy":"product_brand","embeddable":true,"href":"https:\/\/beebipood.ee\/ru\/wp-json\/wp\/v2\/product_brand?post=457240"},{"taxonomy":"product_cat","embeddable":true,"href":"https:\/\/beebipood.ee\/ru\/wp-json\/wp\/v2\/product_cat?post=457240"},{"taxonomy":"product_tag","embeddable":true,"href":"https:\/\/beebipood.ee\/ru\/wp-json\/wp\/v2\/product_tag?post=457240"}],"curies":[{"name":"wp","href":"https:\/\/api.w.org\/{rel}","templated":true}]}}