{"id":457256,"date":"2016-08-24T13:16:27","date_gmt":"2016-08-24T10:16:27","guid":{"rendered":"https:\/\/beebipood.ee\/toode\/narivoodi-komplekt-kacper-2-80x190-lakk\/"},"modified":"2025-03-04T10:39:42","modified_gmt":"2025-03-04T08:39:42","slug":"narivoodi-komplekt-kacper-2-80x190-lakk","status":"publish","type":"product","link":"https:\/\/beebipood.ee\/ru\/produkt\/narivoodi-komplekt-kacper-2-80x190-lakk\/","title":{"rendered":"Narivoodi komplekt Kacper 2 80&#215;190 lakk"},"content":{"rendered":"<p>* kvaliteetsest sertifitseeritud FSC m\u00e4nnipuidust valmistatud nari<br \/>* k\u00f5ik servad on \u00fcmardatud<br \/>* t\u00f6\u00f6deldud peitsi ja lakiga<br \/>* viimistlemisel on kasutatud lastele ohutuid peitse ja lakke, mis vastavad n\u00f5uetele EN 71\/3<br \/>* k\u00f5ik nari detailid on viimistletud kolm korda<br \/>* voodikast liigub ratastel<br \/>* voodikasti k\u00fcljed on valmistatud m\u00f6\u00f6bliplaadist<br \/>* nari on v\u00f5imalik muuta kaheks eraldi voodiks <br \/>* redeli asukohta saab muuta: kas vasakule v\u00f5i paremale poole <br \/>* Komplekti kuulub: nari, voodip\u00f5hjad, voodikast,<br \/>\u00a0 kaks poroloonmadratsit m\u00f5\u00f5dus 80&#215;190 cm ja turvapiirded<br \/>* madratsi kotid \u00e4rav\u00f5etavad ja pestavad<\/p>\n<p><span>\u00a0<\/span><\/p>\n","protected":false},"excerpt":{"rendered":"<p>* kvaliteetsest sertifitseeritud FSC m\u00e4nnipuidust valmistatud nari* k\u00f5ik servad on \u00fcmardatud* t\u00f6\u00f6deldud peitsi ja lakiga* viimistlemisel on kasutatud lastele ohutuid peitse ja lakke, mis vastavad n\u00f5uetele EN 71\/3* k\u00f5ik nari detailid on viimistletud kolm korda* voodikast liigub ratastel* voodikasti k\u00fcljed on valmistatud m\u00f6\u00f6bliplaadist* nari on v\u00f5imalik muuta kaheks eraldi voodiks * redeli asukohta saab muuta: [&hellip;]<\/p>\n","protected":false},"featured_media":113854,"template":"","meta":{"_acf_changed":false},"pwb-brand":[],"product_brand":[],"product_cat":[11581,11557,11789],"product_tag":[],"class_list":{"0":"post-457256","1":"product","2":"type-product","3":"status-publish","4":"has-post-thumbnail","6":"product_cat-narid-laiusega-80cm-ru","7":"product_cat-narid-ru","8":"product_cat-lastemoobel-ja-sisustus-ru","10":"first","11":"onbackorder","12":"sale","13":"taxable","14":"shipping-taxable","15":"purchasable","16":"product-type-simple"},"exclude_global_add_ons":false,"addons":[{"name":"Vali v\u00e4rv","type":"multiple_choice","position":0,"required":true,"title_format":"heading","default":"","description_enable":false,"description":"","placeholder_enable":false,"placeholder":"","display":"images","restrictions_type":"any_text","adjust_price":false,"price":"","price_type":"flat_fee","restrictions":false,"min":"0","max":"0","options":[{"label":"valge","price":"","price_type":"quantity_based","image":501701,"visibility":true},{"label":"grafiit","price":"","price_type":"quantity_based","image":501703,"visibility":true},{"label":"roheline","price":"","price_type":"quantity_based","image":501705,"visibility":true},{"label":"sinine","price":"","price_type":"quantity_based","image":501707,"visibility":true},{"label":"roosa","price":"","price_type":"quantity_based","image":501709,"visibility":true}]}],"acf":[],"yoast_head":"<!-- This site is optimized with the Yoast SEO plugin v27.1.1 - https:\/\/yoast.com\/product\/yoast-seo-wordpress\/ -->\n<title>Narivoodi komplekt Kacper 2 80x190 lakk, \u041d\u0430\u0440\u044b, \u041d\u0430\u0440\u044b \u0448\u0438\u0440\u0438\u043d\u043e\u0439 80c\u043c, M\u0435\u0431\u0435\u043b\u044c, Beebipood<\/title>\n<meta name=\"description\" content=\"Narivoodi komplekt Kacper 2 80x190 lakk, * kvaliteetsest sertifitseeritud FSC m&auml;nnipuidust valmistatud nari* k&otilde;ik servad on &uuml;mardatud&lt;\" \/>\n<meta name=\"robots\" content=\"index, follow, max-snippet:-1, max-image-preview:large, max-video-preview:-1\" \/>\n<link rel=\"canonical\" href=\"https:\/\/beebipood.ee\/ru\/produkt\/narivoodi-komplekt-kacper-2-80x190-lakk\/\" \/>\n<meta property=\"og:locale\" content=\"ru_RU\" \/>\n<meta property=\"og:type\" content=\"article\" \/>\n<meta property=\"og:title\" content=\"Narivoodi komplekt Kacper 2 80x190 lakk, \u041d\u0430\u0440\u044b, \u041d\u0430\u0440\u044b \u0448\u0438\u0440\u0438\u043d\u043e\u0439 80c\u043c, M\u0435\u0431\u0435\u043b\u044c, Beebipood\" \/>\n<meta property=\"og:description\" content=\"Narivoodi komplekt Kacper 2 80x190 lakk, * kvaliteetsest sertifitseeritud FSC m&auml;nnipuidust valmistatud nari* k&otilde;ik servad on &uuml;mardatud&lt;\" \/>\n<meta property=\"og:url\" content=\"https:\/\/beebipood.ee\/ru\/produkt\/narivoodi-komplekt-kacper-2-80x190-lakk\/\" \/>\n<meta property=\"og:site_name\" content=\"Beebipood\" \/>\n<meta property=\"article:modified_time\" content=\"2025-03-04T08:39:42+00:00\" \/>\n<meta property=\"og:image\" content=\"https:\/\/beebipood.ee\/wp-content\/uploads\/2016\/08\/Narivoodi-komplekt-KACPER-2-80x190-lakk-Narid-Narid-laiusega-80cm-Lastemoobel-ja-sisustus_6-d00.jpg\" \/>\n\t<meta property=\"og:image:width\" content=\"1200\" \/>\n\t<meta property=\"og:image:height\" content=\"799\" \/>\n\t<meta property=\"og:image:type\" content=\"image\/jpeg\" \/>\n<meta name=\"twitter:card\" content=\"summary_large_image\" \/>\n<script type=\"application\/ld+json\" class=\"yoast-schema-graph\">{\"@context\":\"https:\/\/schema.org\",\"@graph\":[{\"@type\":\"WebPage\",\"@id\":\"https:\/\/beebipood.ee\/ru\/produkt\/narivoodi-komplekt-kacper-2-80x190-lakk\/\",\"url\":\"https:\/\/beebipood.ee\/ru\/produkt\/narivoodi-komplekt-kacper-2-80x190-lakk\/\",\"name\":\"Narivoodi komplekt Kacper 2 80x190 lakk, \u041d\u0430\u0440\u044b, \u041d\u0430\u0440\u044b \u0448\u0438\u0440\u0438\u043d\u043e\u0439 80c\u043c, M\u0435\u0431\u0435\u043b\u044c, Beebipood\",\"isPartOf\":{\"@id\":\"https:\/\/beebipood.ee\/ru\/#website\"},\"primaryImageOfPage\":{\"@id\":\"https:\/\/beebipood.ee\/ru\/produkt\/narivoodi-komplekt-kacper-2-80x190-lakk\/#primaryimage\"},\"image\":{\"@id\":\"https:\/\/beebipood.ee\/ru\/produkt\/narivoodi-komplekt-kacper-2-80x190-lakk\/#primaryimage\"},\"thumbnailUrl\":\"https:\/\/beebipood.ee\/wp-content\/uploads\/2016\/08\/Narivoodi-komplekt-KACPER-2-80x190-lakk-Narid-Narid-laiusega-80cm-Lastemoobel-ja-sisustus_6-d00.jpg\",\"datePublished\":\"2016-08-24T10:16:27+00:00\",\"dateModified\":\"2025-03-04T08:39:42+00:00\",\"description\":\"Narivoodi komplekt Kacper 2 80x190 lakk, * kvaliteetsest sertifitseeritud FSC m&auml;nnipuidust valmistatud nari* k&otilde;ik servad on &uuml;mardatud&lt;\",\"breadcrumb\":{\"@id\":\"https:\/\/beebipood.ee\/ru\/produkt\/narivoodi-komplekt-kacper-2-80x190-lakk\/#breadcrumb\"},\"inLanguage\":\"ru-RU\",\"potentialAction\":[{\"@type\":\"ReadAction\",\"target\":[\"https:\/\/beebipood.ee\/ru\/produkt\/narivoodi-komplekt-kacper-2-80x190-lakk\/\"]}]},{\"@type\":\"ImageObject\",\"inLanguage\":\"ru-RU\",\"@id\":\"https:\/\/beebipood.ee\/ru\/produkt\/narivoodi-komplekt-kacper-2-80x190-lakk\/#primaryimage\",\"url\":\"https:\/\/beebipood.ee\/wp-content\/uploads\/2016\/08\/Narivoodi-komplekt-KACPER-2-80x190-lakk-Narid-Narid-laiusega-80cm-Lastemoobel-ja-sisustus_6-d00.jpg\",\"contentUrl\":\"https:\/\/beebipood.ee\/wp-content\/uploads\/2016\/08\/Narivoodi-komplekt-KACPER-2-80x190-lakk-Narid-Narid-laiusega-80cm-Lastemoobel-ja-sisustus_6-d00.jpg\",\"width\":1200,\"height\":799},{\"@type\":\"BreadcrumbList\",\"@id\":\"https:\/\/beebipood.ee\/ru\/produkt\/narivoodi-komplekt-kacper-2-80x190-lakk\/#breadcrumb\",\"itemListElement\":[{\"@type\":\"ListItem\",\"position\":1,\"name\":\"Home\",\"item\":\"https:\/\/beebipood.ee\/ru\/\"},{\"@type\":\"ListItem\",\"position\":2,\"name\":\"\u041a\u0430\u0442\u0430\u043b\u043e\u0433 \u0442\u043e\u0432\u0430\u0440\u043e\u0432\",\"item\":\"https:\/\/beebipood.ee\/tooted\/\"},{\"@type\":\"ListItem\",\"position\":3,\"name\":\"Narivoodi komplekt Kacper 2 80&#215;190 lakk\"}]},{\"@type\":\"WebSite\",\"@id\":\"https:\/\/beebipood.ee\/ru\/#website\",\"url\":\"https:\/\/beebipood.ee\/ru\/\",\"name\":\"Beebipood\",\"description\":\"Lastekaubad, beebikaubad, m\u00e4nguasjad\",\"publisher\":{\"@id\":\"https:\/\/beebipood.ee\/ru\/#organization\"},\"potentialAction\":[{\"@type\":\"SearchAction\",\"target\":{\"@type\":\"EntryPoint\",\"urlTemplate\":\"https:\/\/beebipood.ee\/ru\/?s={search_term_string}\"},\"query-input\":{\"@type\":\"PropertyValueSpecification\",\"valueRequired\":true,\"valueName\":\"search_term_string\"}}],\"inLanguage\":\"ru-RU\"},{\"@type\":\"Organization\",\"@id\":\"https:\/\/beebipood.ee\/ru\/#organization\",\"name\":\"Beebipood\",\"url\":\"https:\/\/beebipood.ee\/ru\/\",\"logo\":{\"@type\":\"ImageObject\",\"inLanguage\":\"ru-RU\",\"@id\":\"https:\/\/beebipood.ee\/ru\/#\/schema\/logo\/image\/\",\"url\":\"https:\/\/beebipood.ee\/wp-content\/uploads\/2025\/03\/beebipood.ee-logo-1.svg\",\"contentUrl\":\"https:\/\/beebipood.ee\/wp-content\/uploads\/2025\/03\/beebipood.ee-logo-1.svg\",\"caption\":\"Beebipood\"},\"image\":{\"@id\":\"https:\/\/beebipood.ee\/ru\/#\/schema\/logo\/image\/\"}}]}<\/script>\n<!-- \/ Yoast SEO plugin. -->","yoast_head_json":{"title":"Narivoodi komplekt Kacper 2 80x190 lakk, \u041d\u0430\u0440\u044b, \u041d\u0430\u0440\u044b \u0448\u0438\u0440\u0438\u043d\u043e\u0439 80c\u043c, M\u0435\u0431\u0435\u043b\u044c, Beebipood","description":"Narivoodi komplekt Kacper 2 80x190 lakk, * kvaliteetsest sertifitseeritud FSC m&auml;nnipuidust valmistatud nari* k&otilde;ik servad on &uuml;mardatud&lt;","robots":{"index":"index","follow":"follow","max-snippet":"max-snippet:-1","max-image-preview":"max-image-preview:large","max-video-preview":"max-video-preview:-1"},"canonical":"https:\/\/beebipood.ee\/ru\/produkt\/narivoodi-komplekt-kacper-2-80x190-lakk\/","og_locale":"ru_RU","og_type":"article","og_title":"Narivoodi komplekt Kacper 2 80x190 lakk, \u041d\u0430\u0440\u044b, \u041d\u0430\u0440\u044b \u0448\u0438\u0440\u0438\u043d\u043e\u0439 80c\u043c, M\u0435\u0431\u0435\u043b\u044c, Beebipood","og_description":"Narivoodi komplekt Kacper 2 80x190 lakk, * kvaliteetsest sertifitseeritud FSC m&auml;nnipuidust valmistatud nari* k&otilde;ik servad on &uuml;mardatud&lt;","og_url":"https:\/\/beebipood.ee\/ru\/produkt\/narivoodi-komplekt-kacper-2-80x190-lakk\/","og_site_name":"Beebipood","article_modified_time":"2025-03-04T08:39:42+00:00","og_image":[{"width":1200,"height":799,"url":"https:\/\/beebipood.ee\/wp-content\/uploads\/2016\/08\/Narivoodi-komplekt-KACPER-2-80x190-lakk-Narid-Narid-laiusega-80cm-Lastemoobel-ja-sisustus_6-d00.jpg","type":"image\/jpeg"}],"twitter_card":"summary_large_image","schema":{"@context":"https:\/\/schema.org","@graph":[{"@type":"WebPage","@id":"https:\/\/beebipood.ee\/ru\/produkt\/narivoodi-komplekt-kacper-2-80x190-lakk\/","url":"https:\/\/beebipood.ee\/ru\/produkt\/narivoodi-komplekt-kacper-2-80x190-lakk\/","name":"Narivoodi komplekt Kacper 2 80x190 lakk, \u041d\u0430\u0440\u044b, \u041d\u0430\u0440\u044b \u0448\u0438\u0440\u0438\u043d\u043e\u0439 80c\u043c, M\u0435\u0431\u0435\u043b\u044c, Beebipood","isPartOf":{"@id":"https:\/\/beebipood.ee\/ru\/#website"},"primaryImageOfPage":{"@id":"https:\/\/beebipood.ee\/ru\/produkt\/narivoodi-komplekt-kacper-2-80x190-lakk\/#primaryimage"},"image":{"@id":"https:\/\/beebipood.ee\/ru\/produkt\/narivoodi-komplekt-kacper-2-80x190-lakk\/#primaryimage"},"thumbnailUrl":"https:\/\/beebipood.ee\/wp-content\/uploads\/2016\/08\/Narivoodi-komplekt-KACPER-2-80x190-lakk-Narid-Narid-laiusega-80cm-Lastemoobel-ja-sisustus_6-d00.jpg","datePublished":"2016-08-24T10:16:27+00:00","dateModified":"2025-03-04T08:39:42+00:00","description":"Narivoodi komplekt Kacper 2 80x190 lakk, * kvaliteetsest sertifitseeritud FSC m&auml;nnipuidust valmistatud nari* k&otilde;ik servad on &uuml;mardatud&lt;","breadcrumb":{"@id":"https:\/\/beebipood.ee\/ru\/produkt\/narivoodi-komplekt-kacper-2-80x190-lakk\/#breadcrumb"},"inLanguage":"ru-RU","potentialAction":[{"@type":"ReadAction","target":["https:\/\/beebipood.ee\/ru\/produkt\/narivoodi-komplekt-kacper-2-80x190-lakk\/"]}]},{"@type":"ImageObject","inLanguage":"ru-RU","@id":"https:\/\/beebipood.ee\/ru\/produkt\/narivoodi-komplekt-kacper-2-80x190-lakk\/#primaryimage","url":"https:\/\/beebipood.ee\/wp-content\/uploads\/2016\/08\/Narivoodi-komplekt-KACPER-2-80x190-lakk-Narid-Narid-laiusega-80cm-Lastemoobel-ja-sisustus_6-d00.jpg","contentUrl":"https:\/\/beebipood.ee\/wp-content\/uploads\/2016\/08\/Narivoodi-komplekt-KACPER-2-80x190-lakk-Narid-Narid-laiusega-80cm-Lastemoobel-ja-sisustus_6-d00.jpg","width":1200,"height":799},{"@type":"BreadcrumbList","@id":"https:\/\/beebipood.ee\/ru\/produkt\/narivoodi-komplekt-kacper-2-80x190-lakk\/#breadcrumb","itemListElement":[{"@type":"ListItem","position":1,"name":"Home","item":"https:\/\/beebipood.ee\/ru\/"},{"@type":"ListItem","position":2,"name":"\u041a\u0430\u0442\u0430\u043b\u043e\u0433 \u0442\u043e\u0432\u0430\u0440\u043e\u0432","item":"https:\/\/beebipood.ee\/tooted\/"},{"@type":"ListItem","position":3,"name":"Narivoodi komplekt Kacper 2 80&#215;190 lakk"}]},{"@type":"WebSite","@id":"https:\/\/beebipood.ee\/ru\/#website","url":"https:\/\/beebipood.ee\/ru\/","name":"Beebipood","description":"Lastekaubad, beebikaubad, m\u00e4nguasjad","publisher":{"@id":"https:\/\/beebipood.ee\/ru\/#organization"},"potentialAction":[{"@type":"SearchAction","target":{"@type":"EntryPoint","urlTemplate":"https:\/\/beebipood.ee\/ru\/?s={search_term_string}"},"query-input":{"@type":"PropertyValueSpecification","valueRequired":true,"valueName":"search_term_string"}}],"inLanguage":"ru-RU"},{"@type":"Organization","@id":"https:\/\/beebipood.ee\/ru\/#organization","name":"Beebipood","url":"https:\/\/beebipood.ee\/ru\/","logo":{"@type":"ImageObject","inLanguage":"ru-RU","@id":"https:\/\/beebipood.ee\/ru\/#\/schema\/logo\/image\/","url":"https:\/\/beebipood.ee\/wp-content\/uploads\/2025\/03\/beebipood.ee-logo-1.svg","contentUrl":"https:\/\/beebipood.ee\/wp-content\/uploads\/2025\/03\/beebipood.ee-logo-1.svg","caption":"Beebipood"},"image":{"@id":"https:\/\/beebipood.ee\/ru\/#\/schema\/logo\/image\/"}}]}},"brands":[],"_links":{"self":[{"href":"https:\/\/beebipood.ee\/ru\/wp-json\/wp\/v2\/product\/457256","targetHints":{"allow":["GET"]}}],"collection":[{"href":"https:\/\/beebipood.ee\/ru\/wp-json\/wp\/v2\/product"}],"about":[{"href":"https:\/\/beebipood.ee\/ru\/wp-json\/wp\/v2\/types\/product"}],"wp:featuredmedia":[{"embeddable":true,"href":"https:\/\/beebipood.ee\/ru\/wp-json\/wp\/v2\/media\/113854"}],"wp:attachment":[{"href":"https:\/\/beebipood.ee\/ru\/wp-json\/wp\/v2\/media?parent=457256"}],"wp:term":[{"taxonomy":"pwb-brand","embeddable":true,"href":"https:\/\/beebipood.ee\/ru\/wp-json\/wp\/v2\/pwb-brand?post=457256"},{"taxonomy":"product_brand","embeddable":true,"href":"https:\/\/beebipood.ee\/ru\/wp-json\/wp\/v2\/product_brand?post=457256"},{"taxonomy":"product_cat","embeddable":true,"href":"https:\/\/beebipood.ee\/ru\/wp-json\/wp\/v2\/product_cat?post=457256"},{"taxonomy":"product_tag","embeddable":true,"href":"https:\/\/beebipood.ee\/ru\/wp-json\/wp\/v2\/product_tag?post=457256"}],"curies":[{"name":"wp","href":"https:\/\/api.w.org\/{rel}","templated":true}]}}