{"id":457306,"date":"2016-09-26T07:50:06","date_gmt":"2016-09-26T04:50:06","guid":{"rendered":"https:\/\/beebipood.ee\/toode\/sleepwell-top-hygienic-madratsi-kaitse-140x200\/"},"modified":"2025-01-09T10:49:53","modified_gmt":"2025-01-09T08:49:53","slug":"sleepwell-top-hygienic-madratsi-kaitse-140x200","status":"publish","type":"product","link":"https:\/\/beebipood.ee\/ru\/produkt\/sleepwell-top-hygienic-madratsi-kaitse-140x200\/","title":{"rendered":"Sleepwell TOP HYGIENIC madratsi kaitse 140&#215;200"},"content":{"rendered":"<p><strong><em>Veel parem uni<\/em><\/strong>. Soovitame ku\u0161etile ja vedrumadratsile alati peale osta ka kattemadrats. <br \/>See on kindlasti oluline ka h\u00fcgieeni silmas pidades, kuid kattemadrats muudab <br \/>m\u00e4rkimisv\u00e4\u00e4rselt magamismugavust. Sellest saab aru alles peale proovimist.<\/p>\n<p>\u00a0<\/p>\n<p>Lihtne tepitud kattetekk, mis on m\u00f5eldud eelk\u00f5ige alusmadratsi kaitseks m\u00e4\u00e4rdumise eest.<br \/>Katte nurkades on kummipaelad, millega saab katte kinnitada alusmadratsi peale.<\/p>\n<p>Heledast stetch- kangast madratsikate on pestav kuni 40-kraadises vees. <br \/>Kangas ja vatiin vastavad rahvusvahelisele \u00d6ko-Tex 100 standardile.<\/p>\n<p>\u00a0\u00a0\u00a0\u00a0\u00a0\u00a0\u00a0\u00a0\u00a0\u00a0 <a href=\"javascript:{}\"><br \/><\/a><\/p>\n","protected":false},"excerpt":{"rendered":"<p>Veel parem uni. Soovitame ku\u0161etile ja vedrumadratsile alati peale osta ka kattemadrats. See on kindlasti oluline ka h\u00fcgieeni silmas pidades, kuid kattemadrats muudab m\u00e4rkimisv\u00e4\u00e4rselt magamismugavust. Sellest saab aru alles peale proovimist. \u00a0 Lihtne tepitud kattetekk, mis on m\u00f5eldud eelk\u00f5ige alusmadratsi kaitseks m\u00e4\u00e4rdumise eest.Katte nurkades on kummipaelad, millega saab katte kinnitada alusmadratsi peale. Heledast stetch- kangast [&hellip;]<\/p>\n","protected":false},"featured_media":114120,"template":"","meta":{"_acf_changed":false},"pwb-brand":[11949],"product_brand":[],"product_cat":[11611,11775,11563,11789],"product_tag":[],"class_list":{"0":"post-457306","1":"product","2":"type-product","3":"status-publish","4":"has-post-thumbnail","6":"pwb-brand-sleepwell-ru","7":"product_cat-kattemadratsid-ru","8":"product_cat-kuni-140cm-laiused-ru-1","9":"product_cat-madratsid-ja-kattemadratsid-ru","10":"product_cat-lastemoobel-ja-sisustus-ru","11":"pa_manufacturer-sleepwell-ru","13":"first","14":"onbackorder","15":"taxable","16":"shipping-taxable","17":"purchasable","18":"product-type-simple"},"exclude_global_add_ons":[],"addons":[],"acf":[],"yoast_head":"<!-- This site is optimized with the Yoast SEO plugin v27.1.1 - https:\/\/yoast.com\/product\/yoast-seo-wordpress\/ -->\n<title>Sleepwell TOP HYGIENIC madratsi kaitse 140x200, \u041c\u0430\u0442\u0440\u0430\u0441\u044b \u0438 \u043c\u0430\u0442\u0440\u0430\u0441\u044b-\u043f\u043e\u043a\u0440\u044b\u0432\u0430\u043b\u0430, M\u0430\u0442\u0440\u0430\u0441\u044b-\u043f\u043e\u043a\u0440\u044b\u0432\u0430\u043b\u0430, \u0428\u0438\u0440\u0438\u043d\u043e\u0439 \u0434\u043e 140 c\u043c, M\u0435\u0431\u0435\u043b\u044c, Sleepwell blue soodushinnad, Beebipood<\/title>\n<meta name=\"description\" content=\"Sleepwell TOP HYGIENIC madratsi kaitse 140x200, Veel parem uni. Soovitame ku&scaron;etile ja vedrumadratsile alati peale osta ka ka\" \/>\n<meta name=\"robots\" content=\"index, follow, max-snippet:-1, max-image-preview:large, max-video-preview:-1\" \/>\n<link rel=\"canonical\" href=\"https:\/\/beebipood.ee\/ru\/produkt\/sleepwell-top-hygienic-madratsi-kaitse-140x200\/\" \/>\n<meta property=\"og:locale\" content=\"ru_RU\" \/>\n<meta property=\"og:type\" content=\"article\" \/>\n<meta property=\"og:title\" content=\"Sleepwell TOP HYGIENIC madratsi kaitse 140x200, \u041c\u0430\u0442\u0440\u0430\u0441\u044b \u0438 \u043c\u0430\u0442\u0440\u0430\u0441\u044b-\u043f\u043e\u043a\u0440\u044b\u0432\u0430\u043b\u0430, M\u0430\u0442\u0440\u0430\u0441\u044b-\u043f\u043e\u043a\u0440\u044b\u0432\u0430\u043b\u0430, \u0428\u0438\u0440\u0438\u043d\u043e\u0439 \u0434\u043e 140 c\u043c, M\u0435\u0431\u0435\u043b\u044c, Sleepwell blue soodushinnad, Beebipood\" \/>\n<meta property=\"og:description\" content=\"Sleepwell TOP HYGIENIC madratsi kaitse 140x200, Veel parem uni. Soovitame ku&scaron;etile ja vedrumadratsile alati peale osta ka ka\" \/>\n<meta property=\"og:url\" content=\"https:\/\/beebipood.ee\/ru\/produkt\/sleepwell-top-hygienic-madratsi-kaitse-140x200\/\" \/>\n<meta property=\"og:site_name\" content=\"Beebipood\" \/>\n<meta property=\"article:modified_time\" content=\"2025-01-09T08:49:53+00:00\" \/>\n<meta property=\"og:image\" content=\"https:\/\/beebipood.ee\/wp-content\/uploads\/2016\/09\/Sleepwell-TOP-PROFILED-FOAM-kattemadrats-180x200-Madratsid-ja-kattemadratsid-Kattemadratsid-kuni-180cm-laiused-Lastemoobel-ja-sisustus-Sleepwell-20_1-81b-1024x682.png\" \/>\n\t<meta property=\"og:image:width\" content=\"1024\" \/>\n\t<meta property=\"og:image:height\" content=\"682\" \/>\n\t<meta property=\"og:image:type\" content=\"image\/png\" \/>\n<meta name=\"twitter:card\" content=\"summary_large_image\" \/>\n<script type=\"application\/ld+json\" class=\"yoast-schema-graph\">{\"@context\":\"https:\/\/schema.org\",\"@graph\":[{\"@type\":\"WebPage\",\"@id\":\"https:\/\/beebipood.ee\/ru\/produkt\/sleepwell-top-hygienic-madratsi-kaitse-140x200\/\",\"url\":\"https:\/\/beebipood.ee\/ru\/produkt\/sleepwell-top-hygienic-madratsi-kaitse-140x200\/\",\"name\":\"Sleepwell TOP HYGIENIC madratsi kaitse 140x200, \u041c\u0430\u0442\u0440\u0430\u0441\u044b \u0438 \u043c\u0430\u0442\u0440\u0430\u0441\u044b-\u043f\u043e\u043a\u0440\u044b\u0432\u0430\u043b\u0430, M\u0430\u0442\u0440\u0430\u0441\u044b-\u043f\u043e\u043a\u0440\u044b\u0432\u0430\u043b\u0430, \u0428\u0438\u0440\u0438\u043d\u043e\u0439 \u0434\u043e 140 c\u043c, M\u0435\u0431\u0435\u043b\u044c, Sleepwell blue soodushinnad, Beebipood\",\"isPartOf\":{\"@id\":\"https:\/\/beebipood.ee\/ru\/#website\"},\"primaryImageOfPage\":{\"@id\":\"https:\/\/beebipood.ee\/ru\/produkt\/sleepwell-top-hygienic-madratsi-kaitse-140x200\/#primaryimage\"},\"image\":{\"@id\":\"https:\/\/beebipood.ee\/ru\/produkt\/sleepwell-top-hygienic-madratsi-kaitse-140x200\/#primaryimage\"},\"thumbnailUrl\":\"https:\/\/beebipood.ee\/wp-content\/uploads\/2016\/09\/Sleepwell-TOP-PROFILED-FOAM-kattemadrats-180x200-Madratsid-ja-kattemadratsid-Kattemadratsid-kuni-180cm-laiused-Lastemoobel-ja-sisustus-Sleepwell-20_1-81b.png\",\"datePublished\":\"2016-09-26T04:50:06+00:00\",\"dateModified\":\"2025-01-09T08:49:53+00:00\",\"description\":\"Sleepwell TOP HYGIENIC madratsi kaitse 140x200, Veel parem uni. Soovitame ku&scaron;etile ja vedrumadratsile alati peale osta ka ka\",\"breadcrumb\":{\"@id\":\"https:\/\/beebipood.ee\/ru\/produkt\/sleepwell-top-hygienic-madratsi-kaitse-140x200\/#breadcrumb\"},\"inLanguage\":\"ru-RU\",\"potentialAction\":[{\"@type\":\"ReadAction\",\"target\":[\"https:\/\/beebipood.ee\/ru\/produkt\/sleepwell-top-hygienic-madratsi-kaitse-140x200\/\"]}]},{\"@type\":\"ImageObject\",\"inLanguage\":\"ru-RU\",\"@id\":\"https:\/\/beebipood.ee\/ru\/produkt\/sleepwell-top-hygienic-madratsi-kaitse-140x200\/#primaryimage\",\"url\":\"https:\/\/beebipood.ee\/wp-content\/uploads\/2016\/09\/Sleepwell-TOP-PROFILED-FOAM-kattemadrats-180x200-Madratsid-ja-kattemadratsid-Kattemadratsid-kuni-180cm-laiused-Lastemoobel-ja-sisustus-Sleepwell-20_1-81b.png\",\"contentUrl\":\"https:\/\/beebipood.ee\/wp-content\/uploads\/2016\/09\/Sleepwell-TOP-PROFILED-FOAM-kattemadrats-180x200-Madratsid-ja-kattemadratsid-Kattemadratsid-kuni-180cm-laiused-Lastemoobel-ja-sisustus-Sleepwell-20_1-81b.png\",\"width\":3600,\"height\":2399},{\"@type\":\"BreadcrumbList\",\"@id\":\"https:\/\/beebipood.ee\/ru\/produkt\/sleepwell-top-hygienic-madratsi-kaitse-140x200\/#breadcrumb\",\"itemListElement\":[{\"@type\":\"ListItem\",\"position\":1,\"name\":\"Home\",\"item\":\"https:\/\/beebipood.ee\/ru\/\"},{\"@type\":\"ListItem\",\"position\":2,\"name\":\"\u041a\u0430\u0442\u0430\u043b\u043e\u0433 \u0442\u043e\u0432\u0430\u0440\u043e\u0432\",\"item\":\"https:\/\/beebipood.ee\/tooted\/\"},{\"@type\":\"ListItem\",\"position\":3,\"name\":\"Sleepwell TOP HYGIENIC madratsi kaitse 140&#215;200\"}]},{\"@type\":\"WebSite\",\"@id\":\"https:\/\/beebipood.ee\/ru\/#website\",\"url\":\"https:\/\/beebipood.ee\/ru\/\",\"name\":\"Beebipood\",\"description\":\"Lastekaubad, beebikaubad, m\u00e4nguasjad\",\"publisher\":{\"@id\":\"https:\/\/beebipood.ee\/ru\/#organization\"},\"potentialAction\":[{\"@type\":\"SearchAction\",\"target\":{\"@type\":\"EntryPoint\",\"urlTemplate\":\"https:\/\/beebipood.ee\/ru\/?s={search_term_string}\"},\"query-input\":{\"@type\":\"PropertyValueSpecification\",\"valueRequired\":true,\"valueName\":\"search_term_string\"}}],\"inLanguage\":\"ru-RU\"},{\"@type\":\"Organization\",\"@id\":\"https:\/\/beebipood.ee\/ru\/#organization\",\"name\":\"Beebipood\",\"url\":\"https:\/\/beebipood.ee\/ru\/\",\"logo\":{\"@type\":\"ImageObject\",\"inLanguage\":\"ru-RU\",\"@id\":\"https:\/\/beebipood.ee\/ru\/#\/schema\/logo\/image\/\",\"url\":\"https:\/\/beebipood.ee\/wp-content\/uploads\/2025\/03\/beebipood.ee-logo-1.svg\",\"contentUrl\":\"https:\/\/beebipood.ee\/wp-content\/uploads\/2025\/03\/beebipood.ee-logo-1.svg\",\"caption\":\"Beebipood\"},\"image\":{\"@id\":\"https:\/\/beebipood.ee\/ru\/#\/schema\/logo\/image\/\"}}]}<\/script>\n<!-- \/ Yoast SEO plugin. -->","yoast_head_json":{"title":"Sleepwell TOP HYGIENIC madratsi kaitse 140x200, \u041c\u0430\u0442\u0440\u0430\u0441\u044b \u0438 \u043c\u0430\u0442\u0440\u0430\u0441\u044b-\u043f\u043e\u043a\u0440\u044b\u0432\u0430\u043b\u0430, M\u0430\u0442\u0440\u0430\u0441\u044b-\u043f\u043e\u043a\u0440\u044b\u0432\u0430\u043b\u0430, \u0428\u0438\u0440\u0438\u043d\u043e\u0439 \u0434\u043e 140 c\u043c, M\u0435\u0431\u0435\u043b\u044c, Sleepwell blue soodushinnad, Beebipood","description":"Sleepwell TOP HYGIENIC madratsi kaitse 140x200, Veel parem uni. Soovitame ku&scaron;etile ja vedrumadratsile alati peale osta ka ka","robots":{"index":"index","follow":"follow","max-snippet":"max-snippet:-1","max-image-preview":"max-image-preview:large","max-video-preview":"max-video-preview:-1"},"canonical":"https:\/\/beebipood.ee\/ru\/produkt\/sleepwell-top-hygienic-madratsi-kaitse-140x200\/","og_locale":"ru_RU","og_type":"article","og_title":"Sleepwell TOP HYGIENIC madratsi kaitse 140x200, \u041c\u0430\u0442\u0440\u0430\u0441\u044b \u0438 \u043c\u0430\u0442\u0440\u0430\u0441\u044b-\u043f\u043e\u043a\u0440\u044b\u0432\u0430\u043b\u0430, M\u0430\u0442\u0440\u0430\u0441\u044b-\u043f\u043e\u043a\u0440\u044b\u0432\u0430\u043b\u0430, \u0428\u0438\u0440\u0438\u043d\u043e\u0439 \u0434\u043e 140 c\u043c, M\u0435\u0431\u0435\u043b\u044c, Sleepwell blue soodushinnad, Beebipood","og_description":"Sleepwell TOP HYGIENIC madratsi kaitse 140x200, Veel parem uni. Soovitame ku&scaron;etile ja vedrumadratsile alati peale osta ka ka","og_url":"https:\/\/beebipood.ee\/ru\/produkt\/sleepwell-top-hygienic-madratsi-kaitse-140x200\/","og_site_name":"Beebipood","article_modified_time":"2025-01-09T08:49:53+00:00","og_image":[{"width":1024,"height":682,"url":"https:\/\/beebipood.ee\/wp-content\/uploads\/2016\/09\/Sleepwell-TOP-PROFILED-FOAM-kattemadrats-180x200-Madratsid-ja-kattemadratsid-Kattemadratsid-kuni-180cm-laiused-Lastemoobel-ja-sisustus-Sleepwell-20_1-81b-1024x682.png","type":"image\/png"}],"twitter_card":"summary_large_image","schema":{"@context":"https:\/\/schema.org","@graph":[{"@type":"WebPage","@id":"https:\/\/beebipood.ee\/ru\/produkt\/sleepwell-top-hygienic-madratsi-kaitse-140x200\/","url":"https:\/\/beebipood.ee\/ru\/produkt\/sleepwell-top-hygienic-madratsi-kaitse-140x200\/","name":"Sleepwell TOP HYGIENIC madratsi kaitse 140x200, \u041c\u0430\u0442\u0440\u0430\u0441\u044b \u0438 \u043c\u0430\u0442\u0440\u0430\u0441\u044b-\u043f\u043e\u043a\u0440\u044b\u0432\u0430\u043b\u0430, M\u0430\u0442\u0440\u0430\u0441\u044b-\u043f\u043e\u043a\u0440\u044b\u0432\u0430\u043b\u0430, \u0428\u0438\u0440\u0438\u043d\u043e\u0439 \u0434\u043e 140 c\u043c, M\u0435\u0431\u0435\u043b\u044c, Sleepwell blue soodushinnad, Beebipood","isPartOf":{"@id":"https:\/\/beebipood.ee\/ru\/#website"},"primaryImageOfPage":{"@id":"https:\/\/beebipood.ee\/ru\/produkt\/sleepwell-top-hygienic-madratsi-kaitse-140x200\/#primaryimage"},"image":{"@id":"https:\/\/beebipood.ee\/ru\/produkt\/sleepwell-top-hygienic-madratsi-kaitse-140x200\/#primaryimage"},"thumbnailUrl":"https:\/\/beebipood.ee\/wp-content\/uploads\/2016\/09\/Sleepwell-TOP-PROFILED-FOAM-kattemadrats-180x200-Madratsid-ja-kattemadratsid-Kattemadratsid-kuni-180cm-laiused-Lastemoobel-ja-sisustus-Sleepwell-20_1-81b.png","datePublished":"2016-09-26T04:50:06+00:00","dateModified":"2025-01-09T08:49:53+00:00","description":"Sleepwell TOP HYGIENIC madratsi kaitse 140x200, Veel parem uni. Soovitame ku&scaron;etile ja vedrumadratsile alati peale osta ka ka","breadcrumb":{"@id":"https:\/\/beebipood.ee\/ru\/produkt\/sleepwell-top-hygienic-madratsi-kaitse-140x200\/#breadcrumb"},"inLanguage":"ru-RU","potentialAction":[{"@type":"ReadAction","target":["https:\/\/beebipood.ee\/ru\/produkt\/sleepwell-top-hygienic-madratsi-kaitse-140x200\/"]}]},{"@type":"ImageObject","inLanguage":"ru-RU","@id":"https:\/\/beebipood.ee\/ru\/produkt\/sleepwell-top-hygienic-madratsi-kaitse-140x200\/#primaryimage","url":"https:\/\/beebipood.ee\/wp-content\/uploads\/2016\/09\/Sleepwell-TOP-PROFILED-FOAM-kattemadrats-180x200-Madratsid-ja-kattemadratsid-Kattemadratsid-kuni-180cm-laiused-Lastemoobel-ja-sisustus-Sleepwell-20_1-81b.png","contentUrl":"https:\/\/beebipood.ee\/wp-content\/uploads\/2016\/09\/Sleepwell-TOP-PROFILED-FOAM-kattemadrats-180x200-Madratsid-ja-kattemadratsid-Kattemadratsid-kuni-180cm-laiused-Lastemoobel-ja-sisustus-Sleepwell-20_1-81b.png","width":3600,"height":2399},{"@type":"BreadcrumbList","@id":"https:\/\/beebipood.ee\/ru\/produkt\/sleepwell-top-hygienic-madratsi-kaitse-140x200\/#breadcrumb","itemListElement":[{"@type":"ListItem","position":1,"name":"Home","item":"https:\/\/beebipood.ee\/ru\/"},{"@type":"ListItem","position":2,"name":"\u041a\u0430\u0442\u0430\u043b\u043e\u0433 \u0442\u043e\u0432\u0430\u0440\u043e\u0432","item":"https:\/\/beebipood.ee\/tooted\/"},{"@type":"ListItem","position":3,"name":"Sleepwell TOP HYGIENIC madratsi kaitse 140&#215;200"}]},{"@type":"WebSite","@id":"https:\/\/beebipood.ee\/ru\/#website","url":"https:\/\/beebipood.ee\/ru\/","name":"Beebipood","description":"Lastekaubad, beebikaubad, m\u00e4nguasjad","publisher":{"@id":"https:\/\/beebipood.ee\/ru\/#organization"},"potentialAction":[{"@type":"SearchAction","target":{"@type":"EntryPoint","urlTemplate":"https:\/\/beebipood.ee\/ru\/?s={search_term_string}"},"query-input":{"@type":"PropertyValueSpecification","valueRequired":true,"valueName":"search_term_string"}}],"inLanguage":"ru-RU"},{"@type":"Organization","@id":"https:\/\/beebipood.ee\/ru\/#organization","name":"Beebipood","url":"https:\/\/beebipood.ee\/ru\/","logo":{"@type":"ImageObject","inLanguage":"ru-RU","@id":"https:\/\/beebipood.ee\/ru\/#\/schema\/logo\/image\/","url":"https:\/\/beebipood.ee\/wp-content\/uploads\/2025\/03\/beebipood.ee-logo-1.svg","contentUrl":"https:\/\/beebipood.ee\/wp-content\/uploads\/2025\/03\/beebipood.ee-logo-1.svg","caption":"Beebipood"},"image":{"@id":"https:\/\/beebipood.ee\/ru\/#\/schema\/logo\/image\/"}}]}},"brands":[{"id":11949,"name":"Sleepwell","slug":"sleepwell-ru"}],"_links":{"self":[{"href":"https:\/\/beebipood.ee\/ru\/wp-json\/wp\/v2\/product\/457306","targetHints":{"allow":["GET"]}}],"collection":[{"href":"https:\/\/beebipood.ee\/ru\/wp-json\/wp\/v2\/product"}],"about":[{"href":"https:\/\/beebipood.ee\/ru\/wp-json\/wp\/v2\/types\/product"}],"wp:featuredmedia":[{"embeddable":true,"href":"https:\/\/beebipood.ee\/ru\/wp-json\/wp\/v2\/media\/114120"}],"wp:attachment":[{"href":"https:\/\/beebipood.ee\/ru\/wp-json\/wp\/v2\/media?parent=457306"}],"wp:term":[{"taxonomy":"pwb-brand","embeddable":true,"href":"https:\/\/beebipood.ee\/ru\/wp-json\/wp\/v2\/pwb-brand?post=457306"},{"taxonomy":"product_brand","embeddable":true,"href":"https:\/\/beebipood.ee\/ru\/wp-json\/wp\/v2\/product_brand?post=457306"},{"taxonomy":"product_cat","embeddable":true,"href":"https:\/\/beebipood.ee\/ru\/wp-json\/wp\/v2\/product_cat?post=457306"},{"taxonomy":"product_tag","embeddable":true,"href":"https:\/\/beebipood.ee\/ru\/wp-json\/wp\/v2\/product_tag?post=457306"}],"curies":[{"name":"wp","href":"https:\/\/api.w.org\/{rel}","templated":true}]}}