{"id":457364,"date":"2016-09-28T07:53:23","date_gmt":"2016-09-28T04:53:23","guid":{"rendered":"https:\/\/beebipood.ee\/toode\/sleepwell-top-latex-etno-kattemadrats-120x200\/"},"modified":"2025-01-09T10:49:50","modified_gmt":"2025-01-09T08:49:50","slug":"sleepwell-top-latex-etno-kattemadrats-120x200","status":"publish","type":"product","link":"https:\/\/beebipood.ee\/ru\/produkt\/sleepwell-top-latex-etno-kattemadrats-120x200\/","title":{"rendered":"Sleepwell TOP LATEX ETNO kattemadrats 120&#215;200"},"content":{"rendered":"<p>Kattemadratsi sisuks on naturaalne lateks, mis on elastne, <br \/>vastupidav ning selles ei paljune tolmulestad<br \/>kattemadrats on vooderdatud \u00fchelt poolt 100% villaga <br \/>ja teiselt poolt 100% puuvillaga\/ suve- ja talvepool<br \/>kate on Sensity t\u00f6\u00f6tlusega- esimene 100% naturaalne allergiat <br \/>ja astmat v\u00e4hendav kangat\u00f6\u00f6tlus, takistab tolmulestade, <br \/>hallituse ja kahjulike bakterite tekkimist<br \/>kasutatav vill, puuvill, vatiin ja pealiskangas <br \/>vastavad rahvusvahelisele \u00d6ko-Tex 100 standardile<br \/>Sleepwell kattemadratsit on v\u00f5imalik tellida ka erim\u00f5\u00f5dus <br \/>maksimum laiusega 200 cm ja maksimum pikkusega 220 cm, <br \/>erim\u00f5\u00f5dus tootele ei kehti tagastus\u00f5igus<br \/>garantii 2 aastat<br \/>toodetud Eestis<br \/>madratsikate on \u00e4rav\u00f5etav ja pestav (40\u00baC)<\/p>\n","protected":false},"excerpt":{"rendered":"<p>Kattemadratsi sisuks on naturaalne lateks, mis on elastne, vastupidav ning selles ei paljune tolmulestadkattemadrats on vooderdatud \u00fchelt poolt 100% villaga ja teiselt poolt 100% puuvillaga\/ suve- ja talvepoolkate on Sensity t\u00f6\u00f6tlusega- esimene 100% naturaalne allergiat ja astmat v\u00e4hendav kangat\u00f6\u00f6tlus, takistab tolmulestade, hallituse ja kahjulike bakterite tekkimistkasutatav vill, puuvill, vatiin ja pealiskangas vastavad rahvusvahelisele \u00d6ko-Tex 100 [&hellip;]<\/p>\n","protected":false},"featured_media":114226,"template":"","meta":{"_acf_changed":false},"pwb-brand":[11949],"product_brand":[],"product_cat":[11611,11773,11563,11789],"product_tag":[],"class_list":{"0":"post-457364","1":"product","2":"type-product","3":"status-publish","4":"has-post-thumbnail","6":"pwb-brand-sleepwell-ru","7":"product_cat-kattemadratsid-ru","8":"product_cat-kuni-120cm-laiused-ru-1","9":"product_cat-madratsid-ja-kattemadratsid-ru","10":"product_cat-lastemoobel-ja-sisustus-ru","11":"pa_manufacturer-sleepwell-ru","13":"first","14":"onbackorder","15":"taxable","16":"shipping-taxable","17":"purchasable","18":"product-type-simple"},"exclude_global_add_ons":[],"addons":[],"acf":[],"yoast_head":"<!-- This site is optimized with the Yoast SEO plugin v27.3 - https:\/\/yoast.com\/product\/yoast-seo-wordpress\/ -->\n<title>Sleepwell TOP LATEX ETNO kattemadrats 120x200, \u041c\u0430\u0442\u0440\u0430\u0441\u044b \u0438 \u043c\u0430\u0442\u0440\u0430\u0441\u044b-\u043f\u043e\u043a\u0440\u044b\u0432\u0430\u043b\u0430, \u0421\u041a\u0418\u0414\u041a\u0418, M\u0430\u0442\u0440\u0430\u0441\u044b-\u043f\u043e\u043a\u0440\u044b\u0432\u0430\u043b\u0430, \u0428\u0438\u0440\u0438\u043d\u043e\u0439 \u0434\u043e 120 c\u043c, M\u0435\u0431\u0435\u043b\u044c, Sleepwell blue soodushinnad, Beebipood<\/title>\n<meta name=\"description\" content=\"Sleepwell TOP LATEX ETNO kattemadrats 120x200, Kattemadratsi sisuks on naturaalne lateks, mis on elastne, vastupidav ning selles ei paljune tolmulestad\" \/>\n<meta name=\"robots\" content=\"index, follow, max-snippet:-1, max-image-preview:large, max-video-preview:-1\" \/>\n<link rel=\"canonical\" href=\"https:\/\/beebipood.ee\/ru\/produkt\/sleepwell-top-latex-etno-kattemadrats-120x200\/\" \/>\n<meta property=\"og:locale\" content=\"ru_RU\" \/>\n<meta property=\"og:type\" content=\"article\" \/>\n<meta property=\"og:title\" content=\"Sleepwell TOP LATEX ETNO kattemadrats 120x200, \u041c\u0430\u0442\u0440\u0430\u0441\u044b \u0438 \u043c\u0430\u0442\u0440\u0430\u0441\u044b-\u043f\u043e\u043a\u0440\u044b\u0432\u0430\u043b\u0430, \u0421\u041a\u0418\u0414\u041a\u0418, M\u0430\u0442\u0440\u0430\u0441\u044b-\u043f\u043e\u043a\u0440\u044b\u0432\u0430\u043b\u0430, \u0428\u0438\u0440\u0438\u043d\u043e\u0439 \u0434\u043e 120 c\u043c, M\u0435\u0431\u0435\u043b\u044c, Sleepwell blue soodushinnad, Beebipood\" \/>\n<meta property=\"og:description\" content=\"Sleepwell TOP LATEX ETNO kattemadrats 120x200, Kattemadratsi sisuks on naturaalne lateks, mis on elastne, vastupidav ning selles ei paljune tolmulestad\" \/>\n<meta property=\"og:url\" content=\"https:\/\/beebipood.ee\/ru\/produkt\/sleepwell-top-latex-etno-kattemadrats-120x200\/\" \/>\n<meta property=\"og:site_name\" content=\"Beebipood\" \/>\n<meta property=\"article:modified_time\" content=\"2025-01-09T08:49:50+00:00\" \/>\n<meta property=\"og:image\" content=\"https:\/\/beebipood.ee\/wp-content\/uploads\/2016\/09\/4-860.8.1_latex_etno_2-1024x682.png\" \/>\n\t<meta property=\"og:image:width\" content=\"1024\" \/>\n\t<meta property=\"og:image:height\" content=\"682\" \/>\n\t<meta property=\"og:image:type\" content=\"image\/png\" \/>\n<meta name=\"twitter:card\" content=\"summary_large_image\" \/>\n<script type=\"application\/ld+json\" class=\"yoast-schema-graph\">{\"@context\":\"https:\\\/\\\/schema.org\",\"@graph\":[{\"@type\":\"WebPage\",\"@id\":\"https:\\\/\\\/beebipood.ee\\\/ru\\\/produkt\\\/sleepwell-top-latex-etno-kattemadrats-120x200\\\/\",\"url\":\"https:\\\/\\\/beebipood.ee\\\/ru\\\/produkt\\\/sleepwell-top-latex-etno-kattemadrats-120x200\\\/\",\"name\":\"Sleepwell TOP LATEX ETNO kattemadrats 120x200, \u041c\u0430\u0442\u0440\u0430\u0441\u044b \u0438 \u043c\u0430\u0442\u0440\u0430\u0441\u044b-\u043f\u043e\u043a\u0440\u044b\u0432\u0430\u043b\u0430, \u0421\u041a\u0418\u0414\u041a\u0418, M\u0430\u0442\u0440\u0430\u0441\u044b-\u043f\u043e\u043a\u0440\u044b\u0432\u0430\u043b\u0430, \u0428\u0438\u0440\u0438\u043d\u043e\u0439 \u0434\u043e 120 c\u043c, M\u0435\u0431\u0435\u043b\u044c, Sleepwell blue soodushinnad, Beebipood\",\"isPartOf\":{\"@id\":\"https:\\\/\\\/beebipood.ee\\\/ru\\\/#website\"},\"primaryImageOfPage\":{\"@id\":\"https:\\\/\\\/beebipood.ee\\\/ru\\\/produkt\\\/sleepwell-top-latex-etno-kattemadrats-120x200\\\/#primaryimage\"},\"image\":{\"@id\":\"https:\\\/\\\/beebipood.ee\\\/ru\\\/produkt\\\/sleepwell-top-latex-etno-kattemadrats-120x200\\\/#primaryimage\"},\"thumbnailUrl\":\"https:\\\/\\\/beebipood.ee\\\/wp-content\\\/uploads\\\/2016\\\/09\\\/4-860.8.1_latex_etno_2.png\",\"datePublished\":\"2016-09-28T04:53:23+00:00\",\"dateModified\":\"2025-01-09T08:49:50+00:00\",\"description\":\"Sleepwell TOP LATEX ETNO kattemadrats 120x200, Kattemadratsi sisuks on naturaalne lateks, mis on elastne, vastupidav ning selles ei paljune tolmulestad\",\"breadcrumb\":{\"@id\":\"https:\\\/\\\/beebipood.ee\\\/ru\\\/produkt\\\/sleepwell-top-latex-etno-kattemadrats-120x200\\\/#breadcrumb\"},\"inLanguage\":\"ru-RU\",\"potentialAction\":[{\"@type\":\"ReadAction\",\"target\":[\"https:\\\/\\\/beebipood.ee\\\/ru\\\/produkt\\\/sleepwell-top-latex-etno-kattemadrats-120x200\\\/\"]}]},{\"@type\":\"ImageObject\",\"inLanguage\":\"ru-RU\",\"@id\":\"https:\\\/\\\/beebipood.ee\\\/ru\\\/produkt\\\/sleepwell-top-latex-etno-kattemadrats-120x200\\\/#primaryimage\",\"url\":\"https:\\\/\\\/beebipood.ee\\\/wp-content\\\/uploads\\\/2016\\\/09\\\/4-860.8.1_latex_etno_2.png\",\"contentUrl\":\"https:\\\/\\\/beebipood.ee\\\/wp-content\\\/uploads\\\/2016\\\/09\\\/4-860.8.1_latex_etno_2.png\",\"width\":3600,\"height\":2399},{\"@type\":\"BreadcrumbList\",\"@id\":\"https:\\\/\\\/beebipood.ee\\\/ru\\\/produkt\\\/sleepwell-top-latex-etno-kattemadrats-120x200\\\/#breadcrumb\",\"itemListElement\":[{\"@type\":\"ListItem\",\"position\":1,\"name\":\"Home\",\"item\":\"https:\\\/\\\/beebipood.ee\\\/ru\\\/\"},{\"@type\":\"ListItem\",\"position\":2,\"name\":\"\u041a\u0430\u0442\u0430\u043b\u043e\u0433 \u0442\u043e\u0432\u0430\u0440\u043e\u0432\",\"item\":\"https:\\\/\\\/beebipood.ee\\\/tooted\\\/\"},{\"@type\":\"ListItem\",\"position\":3,\"name\":\"Sleepwell TOP LATEX ETNO kattemadrats 120&#215;200\"}]},{\"@type\":\"WebSite\",\"@id\":\"https:\\\/\\\/beebipood.ee\\\/ru\\\/#website\",\"url\":\"https:\\\/\\\/beebipood.ee\\\/ru\\\/\",\"name\":\"Beebipood\",\"description\":\"Lastekaubad, beebikaubad, m\u00e4nguasjad\",\"publisher\":{\"@id\":\"https:\\\/\\\/beebipood.ee\\\/ru\\\/#organization\"},\"potentialAction\":[{\"@type\":\"SearchAction\",\"target\":{\"@type\":\"EntryPoint\",\"urlTemplate\":\"https:\\\/\\\/beebipood.ee\\\/ru\\\/?s={search_term_string}\"},\"query-input\":{\"@type\":\"PropertyValueSpecification\",\"valueRequired\":true,\"valueName\":\"search_term_string\"}}],\"inLanguage\":\"ru-RU\"},{\"@type\":\"Organization\",\"@id\":\"https:\\\/\\\/beebipood.ee\\\/ru\\\/#organization\",\"name\":\"Beebipood\",\"url\":\"https:\\\/\\\/beebipood.ee\\\/ru\\\/\",\"logo\":{\"@type\":\"ImageObject\",\"inLanguage\":\"ru-RU\",\"@id\":\"https:\\\/\\\/beebipood.ee\\\/ru\\\/#\\\/schema\\\/logo\\\/image\\\/\",\"url\":\"https:\\\/\\\/beebipood.ee\\\/wp-content\\\/uploads\\\/2025\\\/03\\\/beebipood.ee-logo-1.svg\",\"contentUrl\":\"https:\\\/\\\/beebipood.ee\\\/wp-content\\\/uploads\\\/2025\\\/03\\\/beebipood.ee-logo-1.svg\",\"caption\":\"Beebipood\"},\"image\":{\"@id\":\"https:\\\/\\\/beebipood.ee\\\/ru\\\/#\\\/schema\\\/logo\\\/image\\\/\"}}]}<\/script>\n<!-- \/ Yoast SEO plugin. -->","yoast_head_json":{"title":"Sleepwell TOP LATEX ETNO kattemadrats 120x200, \u041c\u0430\u0442\u0440\u0430\u0441\u044b \u0438 \u043c\u0430\u0442\u0440\u0430\u0441\u044b-\u043f\u043e\u043a\u0440\u044b\u0432\u0430\u043b\u0430, \u0421\u041a\u0418\u0414\u041a\u0418, M\u0430\u0442\u0440\u0430\u0441\u044b-\u043f\u043e\u043a\u0440\u044b\u0432\u0430\u043b\u0430, \u0428\u0438\u0440\u0438\u043d\u043e\u0439 \u0434\u043e 120 c\u043c, M\u0435\u0431\u0435\u043b\u044c, Sleepwell blue soodushinnad, Beebipood","description":"Sleepwell TOP LATEX ETNO kattemadrats 120x200, Kattemadratsi sisuks on naturaalne lateks, mis on elastne, vastupidav ning selles ei paljune tolmulestad","robots":{"index":"index","follow":"follow","max-snippet":"max-snippet:-1","max-image-preview":"max-image-preview:large","max-video-preview":"max-video-preview:-1"},"canonical":"https:\/\/beebipood.ee\/ru\/produkt\/sleepwell-top-latex-etno-kattemadrats-120x200\/","og_locale":"ru_RU","og_type":"article","og_title":"Sleepwell TOP LATEX ETNO kattemadrats 120x200, \u041c\u0430\u0442\u0440\u0430\u0441\u044b \u0438 \u043c\u0430\u0442\u0440\u0430\u0441\u044b-\u043f\u043e\u043a\u0440\u044b\u0432\u0430\u043b\u0430, \u0421\u041a\u0418\u0414\u041a\u0418, M\u0430\u0442\u0440\u0430\u0441\u044b-\u043f\u043e\u043a\u0440\u044b\u0432\u0430\u043b\u0430, \u0428\u0438\u0440\u0438\u043d\u043e\u0439 \u0434\u043e 120 c\u043c, M\u0435\u0431\u0435\u043b\u044c, Sleepwell blue soodushinnad, Beebipood","og_description":"Sleepwell TOP LATEX ETNO kattemadrats 120x200, Kattemadratsi sisuks on naturaalne lateks, mis on elastne, vastupidav ning selles ei paljune tolmulestad","og_url":"https:\/\/beebipood.ee\/ru\/produkt\/sleepwell-top-latex-etno-kattemadrats-120x200\/","og_site_name":"Beebipood","article_modified_time":"2025-01-09T08:49:50+00:00","og_image":[{"width":1024,"height":682,"url":"https:\/\/beebipood.ee\/wp-content\/uploads\/2016\/09\/4-860.8.1_latex_etno_2-1024x682.png","type":"image\/png"}],"twitter_card":"summary_large_image","schema":{"@context":"https:\/\/schema.org","@graph":[{"@type":"WebPage","@id":"https:\/\/beebipood.ee\/ru\/produkt\/sleepwell-top-latex-etno-kattemadrats-120x200\/","url":"https:\/\/beebipood.ee\/ru\/produkt\/sleepwell-top-latex-etno-kattemadrats-120x200\/","name":"Sleepwell TOP LATEX ETNO kattemadrats 120x200, \u041c\u0430\u0442\u0440\u0430\u0441\u044b \u0438 \u043c\u0430\u0442\u0440\u0430\u0441\u044b-\u043f\u043e\u043a\u0440\u044b\u0432\u0430\u043b\u0430, \u0421\u041a\u0418\u0414\u041a\u0418, M\u0430\u0442\u0440\u0430\u0441\u044b-\u043f\u043e\u043a\u0440\u044b\u0432\u0430\u043b\u0430, \u0428\u0438\u0440\u0438\u043d\u043e\u0439 \u0434\u043e 120 c\u043c, M\u0435\u0431\u0435\u043b\u044c, Sleepwell blue soodushinnad, Beebipood","isPartOf":{"@id":"https:\/\/beebipood.ee\/ru\/#website"},"primaryImageOfPage":{"@id":"https:\/\/beebipood.ee\/ru\/produkt\/sleepwell-top-latex-etno-kattemadrats-120x200\/#primaryimage"},"image":{"@id":"https:\/\/beebipood.ee\/ru\/produkt\/sleepwell-top-latex-etno-kattemadrats-120x200\/#primaryimage"},"thumbnailUrl":"https:\/\/beebipood.ee\/wp-content\/uploads\/2016\/09\/4-860.8.1_latex_etno_2.png","datePublished":"2016-09-28T04:53:23+00:00","dateModified":"2025-01-09T08:49:50+00:00","description":"Sleepwell TOP LATEX ETNO kattemadrats 120x200, Kattemadratsi sisuks on naturaalne lateks, mis on elastne, vastupidav ning selles ei paljune tolmulestad","breadcrumb":{"@id":"https:\/\/beebipood.ee\/ru\/produkt\/sleepwell-top-latex-etno-kattemadrats-120x200\/#breadcrumb"},"inLanguage":"ru-RU","potentialAction":[{"@type":"ReadAction","target":["https:\/\/beebipood.ee\/ru\/produkt\/sleepwell-top-latex-etno-kattemadrats-120x200\/"]}]},{"@type":"ImageObject","inLanguage":"ru-RU","@id":"https:\/\/beebipood.ee\/ru\/produkt\/sleepwell-top-latex-etno-kattemadrats-120x200\/#primaryimage","url":"https:\/\/beebipood.ee\/wp-content\/uploads\/2016\/09\/4-860.8.1_latex_etno_2.png","contentUrl":"https:\/\/beebipood.ee\/wp-content\/uploads\/2016\/09\/4-860.8.1_latex_etno_2.png","width":3600,"height":2399},{"@type":"BreadcrumbList","@id":"https:\/\/beebipood.ee\/ru\/produkt\/sleepwell-top-latex-etno-kattemadrats-120x200\/#breadcrumb","itemListElement":[{"@type":"ListItem","position":1,"name":"Home","item":"https:\/\/beebipood.ee\/ru\/"},{"@type":"ListItem","position":2,"name":"\u041a\u0430\u0442\u0430\u043b\u043e\u0433 \u0442\u043e\u0432\u0430\u0440\u043e\u0432","item":"https:\/\/beebipood.ee\/tooted\/"},{"@type":"ListItem","position":3,"name":"Sleepwell TOP LATEX ETNO kattemadrats 120&#215;200"}]},{"@type":"WebSite","@id":"https:\/\/beebipood.ee\/ru\/#website","url":"https:\/\/beebipood.ee\/ru\/","name":"Beebipood","description":"Lastekaubad, beebikaubad, m\u00e4nguasjad","publisher":{"@id":"https:\/\/beebipood.ee\/ru\/#organization"},"potentialAction":[{"@type":"SearchAction","target":{"@type":"EntryPoint","urlTemplate":"https:\/\/beebipood.ee\/ru\/?s={search_term_string}"},"query-input":{"@type":"PropertyValueSpecification","valueRequired":true,"valueName":"search_term_string"}}],"inLanguage":"ru-RU"},{"@type":"Organization","@id":"https:\/\/beebipood.ee\/ru\/#organization","name":"Beebipood","url":"https:\/\/beebipood.ee\/ru\/","logo":{"@type":"ImageObject","inLanguage":"ru-RU","@id":"https:\/\/beebipood.ee\/ru\/#\/schema\/logo\/image\/","url":"https:\/\/beebipood.ee\/wp-content\/uploads\/2025\/03\/beebipood.ee-logo-1.svg","contentUrl":"https:\/\/beebipood.ee\/wp-content\/uploads\/2025\/03\/beebipood.ee-logo-1.svg","caption":"Beebipood"},"image":{"@id":"https:\/\/beebipood.ee\/ru\/#\/schema\/logo\/image\/"}}]}},"brands":[{"id":11949,"name":"Sleepwell","slug":"sleepwell-ru"}],"_links":{"self":[{"href":"https:\/\/beebipood.ee\/ru\/wp-json\/wp\/v2\/product\/457364","targetHints":{"allow":["GET"]}}],"collection":[{"href":"https:\/\/beebipood.ee\/ru\/wp-json\/wp\/v2\/product"}],"about":[{"href":"https:\/\/beebipood.ee\/ru\/wp-json\/wp\/v2\/types\/product"}],"wp:featuredmedia":[{"embeddable":true,"href":"https:\/\/beebipood.ee\/ru\/wp-json\/wp\/v2\/media\/114226"}],"wp:attachment":[{"href":"https:\/\/beebipood.ee\/ru\/wp-json\/wp\/v2\/media?parent=457364"}],"wp:term":[{"taxonomy":"pwb-brand","embeddable":true,"href":"https:\/\/beebipood.ee\/ru\/wp-json\/wp\/v2\/pwb-brand?post=457364"},{"taxonomy":"product_brand","embeddable":true,"href":"https:\/\/beebipood.ee\/ru\/wp-json\/wp\/v2\/product_brand?post=457364"},{"taxonomy":"product_cat","embeddable":true,"href":"https:\/\/beebipood.ee\/ru\/wp-json\/wp\/v2\/product_cat?post=457364"},{"taxonomy":"product_tag","embeddable":true,"href":"https:\/\/beebipood.ee\/ru\/wp-json\/wp\/v2\/product_tag?post=457364"}],"curies":[{"name":"wp","href":"https:\/\/api.w.org\/{rel}","templated":true}]}}