{"id":457382,"date":"2016-09-28T08:54:37","date_gmt":"2016-09-28T05:54:37","guid":{"rendered":"https:\/\/beebipood.ee\/toode\/sleepwell-top-hygienic-lux-madratsi-kaitse-180x200\/"},"modified":"2025-01-09T10:49:49","modified_gmt":"2025-01-09T08:49:49","slug":"sleepwell-top-hygienic-lux-madratsi-kaitse-180x200","status":"publish","type":"product","link":"https:\/\/beebipood.ee\/ru\/produkt\/sleepwell-top-hygienic-lux-madratsi-kaitse-180x200\/","title":{"rendered":"Sleepwell Top Hygienic Lux madratsi kaitse 180&#215;200"},"content":{"rendered":"<p>Madratsikaitse on m\u00f5eldud alusmadratsi kaitseks m\u00e4\u00e4rdumise eest.<br \/>Heledast stret\u0161-kangast tepitud kattetekil on eriliselt pehme<br \/>ja luksuslik Super Soft\u2122 kangas, mis reguleerib niiskust<br \/>ning t\u00e4nu termostaatilisele funktsioonile<br \/>aitab see magamise ajal s\u00e4ilitada ka Sinu kehatemperatuuri,<br \/>andes maksimaalse mugavustunde.<br \/>Kangas on erilise Sensity\u2122 t\u00f6\u00f6tlusega, mis takistab tolmulestade, hallituse<br \/>ja kahjulike bakterite teket ning neutraliseerib ebameeldivad l\u00f5hnad.<br \/>Sinu v\u00e4rske ja tervislik uni on garanteeritud.<br \/>Katte nurkades on kummipaelad,<br \/>millega saab katte mugavalt kinnitada alusmadratsi peale.<br \/>Madratsikate on pestav kuni 60-kraadises vees.<br \/>Toode on disainitud ja toodetud Eestis<br \/>Tootel on Eesti Allergialiidu tunnusm\u00e4rk.<br \/>Sleepwelli toodetes kasutatavad materjalid nagu kangas, puuvill, vill<br \/>ja vatiin vastavad rahvusvahelisele \u00d6ko-Tex 100 standardile.<br \/>Kate: elastaan 2% \/ modaal 32% \/ pol\u00fcester 66%<br \/>Kanga erit\u00f6\u00f6tlus: Douchinelle<br \/>\u00d6KO-TEX sertifikaat: Jah<br \/>Pestav: Temperatuur 40<br \/>K\u00f5rgus: 1,5 cm<\/p>\n<p>\u00a0<\/p>\n","protected":false},"excerpt":{"rendered":"<p>Madratsikaitse on m\u00f5eldud alusmadratsi kaitseks m\u00e4\u00e4rdumise eest.Heledast stret\u0161-kangast tepitud kattetekil on eriliselt pehmeja luksuslik Super Soft\u2122 kangas, mis reguleerib niiskustning t\u00e4nu termostaatilisele funktsioonileaitab see magamise ajal s\u00e4ilitada ka Sinu kehatemperatuuri,andes maksimaalse mugavustunde.Kangas on erilise Sensity\u2122 t\u00f6\u00f6tlusega, mis takistab tolmulestade, hallituseja kahjulike bakterite teket ning neutraliseerib ebameeldivad l\u00f5hnad.Sinu v\u00e4rske ja tervislik uni on garanteeritud.Katte nurkades on [&hellip;]<\/p>\n","protected":false},"featured_media":114249,"template":"","meta":{"_acf_changed":false},"pwb-brand":[11949],"product_brand":[],"product_cat":[11611,11779,11563,11789],"product_tag":[],"class_list":{"0":"post-457382","1":"product","2":"type-product","3":"status-publish","4":"has-post-thumbnail","6":"pwb-brand-sleepwell-ru","7":"product_cat-kattemadratsid-ru","8":"product_cat-kuni-180cm-laiused-ru-1","9":"product_cat-madratsid-ja-kattemadratsid-ru","10":"product_cat-lastemoobel-ja-sisustus-ru","11":"pa_manufacturer-sleepwell-ru","13":"first","14":"onbackorder","15":"taxable","16":"shipping-taxable","17":"purchasable","18":"product-type-simple"},"exclude_global_add_ons":[],"addons":[],"acf":[],"yoast_head":"<!-- This site is optimized with the Yoast SEO plugin v27.1.1 - https:\/\/yoast.com\/product\/yoast-seo-wordpress\/ -->\n<title>Sleepwell Top Hygienic Lux madratsi kaitse 180x200, \u041c\u0430\u0442\u0440\u0430\u0441\u044b \u0438 \u043c\u0430\u0442\u0440\u0430\u0441\u044b-\u043f\u043e\u043a\u0440\u044b\u0432\u0430\u043b\u0430, M\u0430\u0442\u0440\u0430\u0441\u044b-\u043f\u043e\u043a\u0440\u044b\u0432\u0430\u043b\u0430, \u0428\u0438\u0440\u0438\u043d\u043e\u0439 \u0434\u043e 180 c\u043c, M\u0435\u0431\u0435\u043b\u044c, Beebipood<\/title>\n<meta name=\"description\" content=\"Sleepwell Top Hygienic Lux madratsi kaitse 180x200, Madratsikaitse on m&otilde;eldud alusmadratsi kaitseks m&auml;&auml;rdumise eest.Heledast stret&amp;sca\" \/>\n<meta name=\"robots\" content=\"index, follow, max-snippet:-1, max-image-preview:large, max-video-preview:-1\" \/>\n<link rel=\"canonical\" href=\"https:\/\/beebipood.ee\/ru\/produkt\/sleepwell-top-hygienic-lux-madratsi-kaitse-180x200\/\" \/>\n<meta property=\"og:locale\" content=\"ru_RU\" \/>\n<meta property=\"og:type\" content=\"article\" \/>\n<meta property=\"og:title\" content=\"Sleepwell Top Hygienic Lux madratsi kaitse 180x200, \u041c\u0430\u0442\u0440\u0430\u0441\u044b \u0438 \u043c\u0430\u0442\u0440\u0430\u0441\u044b-\u043f\u043e\u043a\u0440\u044b\u0432\u0430\u043b\u0430, M\u0430\u0442\u0440\u0430\u0441\u044b-\u043f\u043e\u043a\u0440\u044b\u0432\u0430\u043b\u0430, \u0428\u0438\u0440\u0438\u043d\u043e\u0439 \u0434\u043e 180 c\u043c, M\u0435\u0431\u0435\u043b\u044c, Beebipood\" \/>\n<meta property=\"og:description\" content=\"Sleepwell Top Hygienic Lux madratsi kaitse 180x200, Madratsikaitse on m&otilde;eldud alusmadratsi kaitseks m&auml;&auml;rdumise eest.Heledast stret&amp;sca\" \/>\n<meta property=\"og:url\" content=\"https:\/\/beebipood.ee\/ru\/produkt\/sleepwell-top-hygienic-lux-madratsi-kaitse-180x200\/\" \/>\n<meta property=\"og:site_name\" content=\"Beebipood\" \/>\n<meta property=\"article:modified_time\" content=\"2025-01-09T08:49:49+00:00\" \/>\n<meta property=\"og:image\" content=\"https:\/\/beebipood.ee\/wp-content\/uploads\/2016\/09\/Sleepwell-Top-Hygienic-Lux-madratsi-kaitse-180x200-Madratsid-ja-kattemadratsid-Kattemadratsid-kuni-180cm-laiused-Lastemoobel-ja-sisustus_1-401.png\" \/>\n\t<meta property=\"og:image:width\" content=\"1414\" \/>\n\t<meta property=\"og:image:height\" content=\"1000\" \/>\n\t<meta property=\"og:image:type\" content=\"image\/png\" \/>\n<meta name=\"twitter:card\" content=\"summary_large_image\" \/>\n<meta name=\"twitter:label1\" content=\"\u041f\u0440\u0438\u043c\u0435\u0440\u043d\u043e\u0435 \u0432\u0440\u0435\u043c\u044f \u0434\u043b\u044f \u0447\u0442\u0435\u043d\u0438\u044f\" \/>\n\t<meta name=\"twitter:data1\" content=\"1 \u043c\u0438\u043d\u0443\u0442\u0430\" \/>\n<script type=\"application\/ld+json\" class=\"yoast-schema-graph\">{\"@context\":\"https:\/\/schema.org\",\"@graph\":[{\"@type\":\"WebPage\",\"@id\":\"https:\/\/beebipood.ee\/ru\/produkt\/sleepwell-top-hygienic-lux-madratsi-kaitse-180x200\/\",\"url\":\"https:\/\/beebipood.ee\/ru\/produkt\/sleepwell-top-hygienic-lux-madratsi-kaitse-180x200\/\",\"name\":\"Sleepwell Top Hygienic Lux madratsi kaitse 180x200, \u041c\u0430\u0442\u0440\u0430\u0441\u044b \u0438 \u043c\u0430\u0442\u0440\u0430\u0441\u044b-\u043f\u043e\u043a\u0440\u044b\u0432\u0430\u043b\u0430, M\u0430\u0442\u0440\u0430\u0441\u044b-\u043f\u043e\u043a\u0440\u044b\u0432\u0430\u043b\u0430, \u0428\u0438\u0440\u0438\u043d\u043e\u0439 \u0434\u043e 180 c\u043c, M\u0435\u0431\u0435\u043b\u044c, Beebipood\",\"isPartOf\":{\"@id\":\"https:\/\/beebipood.ee\/ru\/#website\"},\"primaryImageOfPage\":{\"@id\":\"https:\/\/beebipood.ee\/ru\/produkt\/sleepwell-top-hygienic-lux-madratsi-kaitse-180x200\/#primaryimage\"},\"image\":{\"@id\":\"https:\/\/beebipood.ee\/ru\/produkt\/sleepwell-top-hygienic-lux-madratsi-kaitse-180x200\/#primaryimage\"},\"thumbnailUrl\":\"https:\/\/beebipood.ee\/wp-content\/uploads\/2016\/09\/Sleepwell-Top-Hygienic-Lux-madratsi-kaitse-180x200-Madratsid-ja-kattemadratsid-Kattemadratsid-kuni-180cm-laiused-Lastemoobel-ja-sisustus_1-401.png\",\"datePublished\":\"2016-09-28T05:54:37+00:00\",\"dateModified\":\"2025-01-09T08:49:49+00:00\",\"description\":\"Sleepwell Top Hygienic Lux madratsi kaitse 180x200, Madratsikaitse on m&otilde;eldud alusmadratsi kaitseks m&auml;&auml;rdumise eest.Heledast stret&sca\",\"breadcrumb\":{\"@id\":\"https:\/\/beebipood.ee\/ru\/produkt\/sleepwell-top-hygienic-lux-madratsi-kaitse-180x200\/#breadcrumb\"},\"inLanguage\":\"ru-RU\",\"potentialAction\":[{\"@type\":\"ReadAction\",\"target\":[\"https:\/\/beebipood.ee\/ru\/produkt\/sleepwell-top-hygienic-lux-madratsi-kaitse-180x200\/\"]}]},{\"@type\":\"ImageObject\",\"inLanguage\":\"ru-RU\",\"@id\":\"https:\/\/beebipood.ee\/ru\/produkt\/sleepwell-top-hygienic-lux-madratsi-kaitse-180x200\/#primaryimage\",\"url\":\"https:\/\/beebipood.ee\/wp-content\/uploads\/2016\/09\/Sleepwell-Top-Hygienic-Lux-madratsi-kaitse-180x200-Madratsid-ja-kattemadratsid-Kattemadratsid-kuni-180cm-laiused-Lastemoobel-ja-sisustus_1-401.png\",\"contentUrl\":\"https:\/\/beebipood.ee\/wp-content\/uploads\/2016\/09\/Sleepwell-Top-Hygienic-Lux-madratsi-kaitse-180x200-Madratsid-ja-kattemadratsid-Kattemadratsid-kuni-180cm-laiused-Lastemoobel-ja-sisustus_1-401.png\",\"width\":1414,\"height\":1000},{\"@type\":\"BreadcrumbList\",\"@id\":\"https:\/\/beebipood.ee\/ru\/produkt\/sleepwell-top-hygienic-lux-madratsi-kaitse-180x200\/#breadcrumb\",\"itemListElement\":[{\"@type\":\"ListItem\",\"position\":1,\"name\":\"Home\",\"item\":\"https:\/\/beebipood.ee\/ru\/\"},{\"@type\":\"ListItem\",\"position\":2,\"name\":\"\u041a\u0430\u0442\u0430\u043b\u043e\u0433 \u0442\u043e\u0432\u0430\u0440\u043e\u0432\",\"item\":\"https:\/\/beebipood.ee\/tooted\/\"},{\"@type\":\"ListItem\",\"position\":3,\"name\":\"Sleepwell Top Hygienic Lux madratsi kaitse 180&#215;200\"}]},{\"@type\":\"WebSite\",\"@id\":\"https:\/\/beebipood.ee\/ru\/#website\",\"url\":\"https:\/\/beebipood.ee\/ru\/\",\"name\":\"Beebipood\",\"description\":\"Lastekaubad, beebikaubad, m\u00e4nguasjad\",\"publisher\":{\"@id\":\"https:\/\/beebipood.ee\/ru\/#organization\"},\"potentialAction\":[{\"@type\":\"SearchAction\",\"target\":{\"@type\":\"EntryPoint\",\"urlTemplate\":\"https:\/\/beebipood.ee\/ru\/?s={search_term_string}\"},\"query-input\":{\"@type\":\"PropertyValueSpecification\",\"valueRequired\":true,\"valueName\":\"search_term_string\"}}],\"inLanguage\":\"ru-RU\"},{\"@type\":\"Organization\",\"@id\":\"https:\/\/beebipood.ee\/ru\/#organization\",\"name\":\"Beebipood\",\"url\":\"https:\/\/beebipood.ee\/ru\/\",\"logo\":{\"@type\":\"ImageObject\",\"inLanguage\":\"ru-RU\",\"@id\":\"https:\/\/beebipood.ee\/ru\/#\/schema\/logo\/image\/\",\"url\":\"https:\/\/beebipood.ee\/wp-content\/uploads\/2025\/03\/beebipood.ee-logo-1.svg\",\"contentUrl\":\"https:\/\/beebipood.ee\/wp-content\/uploads\/2025\/03\/beebipood.ee-logo-1.svg\",\"caption\":\"Beebipood\"},\"image\":{\"@id\":\"https:\/\/beebipood.ee\/ru\/#\/schema\/logo\/image\/\"}}]}<\/script>\n<!-- \/ Yoast SEO plugin. -->","yoast_head_json":{"title":"Sleepwell Top Hygienic Lux madratsi kaitse 180x200, \u041c\u0430\u0442\u0440\u0430\u0441\u044b \u0438 \u043c\u0430\u0442\u0440\u0430\u0441\u044b-\u043f\u043e\u043a\u0440\u044b\u0432\u0430\u043b\u0430, M\u0430\u0442\u0440\u0430\u0441\u044b-\u043f\u043e\u043a\u0440\u044b\u0432\u0430\u043b\u0430, \u0428\u0438\u0440\u0438\u043d\u043e\u0439 \u0434\u043e 180 c\u043c, M\u0435\u0431\u0435\u043b\u044c, Beebipood","description":"Sleepwell Top Hygienic Lux madratsi kaitse 180x200, Madratsikaitse on m&otilde;eldud alusmadratsi kaitseks m&auml;&auml;rdumise eest.Heledast stret&sca","robots":{"index":"index","follow":"follow","max-snippet":"max-snippet:-1","max-image-preview":"max-image-preview:large","max-video-preview":"max-video-preview:-1"},"canonical":"https:\/\/beebipood.ee\/ru\/produkt\/sleepwell-top-hygienic-lux-madratsi-kaitse-180x200\/","og_locale":"ru_RU","og_type":"article","og_title":"Sleepwell Top Hygienic Lux madratsi kaitse 180x200, \u041c\u0430\u0442\u0440\u0430\u0441\u044b \u0438 \u043c\u0430\u0442\u0440\u0430\u0441\u044b-\u043f\u043e\u043a\u0440\u044b\u0432\u0430\u043b\u0430, M\u0430\u0442\u0440\u0430\u0441\u044b-\u043f\u043e\u043a\u0440\u044b\u0432\u0430\u043b\u0430, \u0428\u0438\u0440\u0438\u043d\u043e\u0439 \u0434\u043e 180 c\u043c, M\u0435\u0431\u0435\u043b\u044c, Beebipood","og_description":"Sleepwell Top Hygienic Lux madratsi kaitse 180x200, Madratsikaitse on m&otilde;eldud alusmadratsi kaitseks m&auml;&auml;rdumise eest.Heledast stret&sca","og_url":"https:\/\/beebipood.ee\/ru\/produkt\/sleepwell-top-hygienic-lux-madratsi-kaitse-180x200\/","og_site_name":"Beebipood","article_modified_time":"2025-01-09T08:49:49+00:00","og_image":[{"width":1414,"height":1000,"url":"https:\/\/beebipood.ee\/wp-content\/uploads\/2016\/09\/Sleepwell-Top-Hygienic-Lux-madratsi-kaitse-180x200-Madratsid-ja-kattemadratsid-Kattemadratsid-kuni-180cm-laiused-Lastemoobel-ja-sisustus_1-401.png","type":"image\/png"}],"twitter_card":"summary_large_image","twitter_misc":{"\u041f\u0440\u0438\u043c\u0435\u0440\u043d\u043e\u0435 \u0432\u0440\u0435\u043c\u044f \u0434\u043b\u044f \u0447\u0442\u0435\u043d\u0438\u044f":"1 \u043c\u0438\u043d\u0443\u0442\u0430"},"schema":{"@context":"https:\/\/schema.org","@graph":[{"@type":"WebPage","@id":"https:\/\/beebipood.ee\/ru\/produkt\/sleepwell-top-hygienic-lux-madratsi-kaitse-180x200\/","url":"https:\/\/beebipood.ee\/ru\/produkt\/sleepwell-top-hygienic-lux-madratsi-kaitse-180x200\/","name":"Sleepwell Top Hygienic Lux madratsi kaitse 180x200, \u041c\u0430\u0442\u0440\u0430\u0441\u044b \u0438 \u043c\u0430\u0442\u0440\u0430\u0441\u044b-\u043f\u043e\u043a\u0440\u044b\u0432\u0430\u043b\u0430, M\u0430\u0442\u0440\u0430\u0441\u044b-\u043f\u043e\u043a\u0440\u044b\u0432\u0430\u043b\u0430, \u0428\u0438\u0440\u0438\u043d\u043e\u0439 \u0434\u043e 180 c\u043c, M\u0435\u0431\u0435\u043b\u044c, Beebipood","isPartOf":{"@id":"https:\/\/beebipood.ee\/ru\/#website"},"primaryImageOfPage":{"@id":"https:\/\/beebipood.ee\/ru\/produkt\/sleepwell-top-hygienic-lux-madratsi-kaitse-180x200\/#primaryimage"},"image":{"@id":"https:\/\/beebipood.ee\/ru\/produkt\/sleepwell-top-hygienic-lux-madratsi-kaitse-180x200\/#primaryimage"},"thumbnailUrl":"https:\/\/beebipood.ee\/wp-content\/uploads\/2016\/09\/Sleepwell-Top-Hygienic-Lux-madratsi-kaitse-180x200-Madratsid-ja-kattemadratsid-Kattemadratsid-kuni-180cm-laiused-Lastemoobel-ja-sisustus_1-401.png","datePublished":"2016-09-28T05:54:37+00:00","dateModified":"2025-01-09T08:49:49+00:00","description":"Sleepwell Top Hygienic Lux madratsi kaitse 180x200, Madratsikaitse on m&otilde;eldud alusmadratsi kaitseks m&auml;&auml;rdumise eest.Heledast stret&sca","breadcrumb":{"@id":"https:\/\/beebipood.ee\/ru\/produkt\/sleepwell-top-hygienic-lux-madratsi-kaitse-180x200\/#breadcrumb"},"inLanguage":"ru-RU","potentialAction":[{"@type":"ReadAction","target":["https:\/\/beebipood.ee\/ru\/produkt\/sleepwell-top-hygienic-lux-madratsi-kaitse-180x200\/"]}]},{"@type":"ImageObject","inLanguage":"ru-RU","@id":"https:\/\/beebipood.ee\/ru\/produkt\/sleepwell-top-hygienic-lux-madratsi-kaitse-180x200\/#primaryimage","url":"https:\/\/beebipood.ee\/wp-content\/uploads\/2016\/09\/Sleepwell-Top-Hygienic-Lux-madratsi-kaitse-180x200-Madratsid-ja-kattemadratsid-Kattemadratsid-kuni-180cm-laiused-Lastemoobel-ja-sisustus_1-401.png","contentUrl":"https:\/\/beebipood.ee\/wp-content\/uploads\/2016\/09\/Sleepwell-Top-Hygienic-Lux-madratsi-kaitse-180x200-Madratsid-ja-kattemadratsid-Kattemadratsid-kuni-180cm-laiused-Lastemoobel-ja-sisustus_1-401.png","width":1414,"height":1000},{"@type":"BreadcrumbList","@id":"https:\/\/beebipood.ee\/ru\/produkt\/sleepwell-top-hygienic-lux-madratsi-kaitse-180x200\/#breadcrumb","itemListElement":[{"@type":"ListItem","position":1,"name":"Home","item":"https:\/\/beebipood.ee\/ru\/"},{"@type":"ListItem","position":2,"name":"\u041a\u0430\u0442\u0430\u043b\u043e\u0433 \u0442\u043e\u0432\u0430\u0440\u043e\u0432","item":"https:\/\/beebipood.ee\/tooted\/"},{"@type":"ListItem","position":3,"name":"Sleepwell Top Hygienic Lux madratsi kaitse 180&#215;200"}]},{"@type":"WebSite","@id":"https:\/\/beebipood.ee\/ru\/#website","url":"https:\/\/beebipood.ee\/ru\/","name":"Beebipood","description":"Lastekaubad, beebikaubad, m\u00e4nguasjad","publisher":{"@id":"https:\/\/beebipood.ee\/ru\/#organization"},"potentialAction":[{"@type":"SearchAction","target":{"@type":"EntryPoint","urlTemplate":"https:\/\/beebipood.ee\/ru\/?s={search_term_string}"},"query-input":{"@type":"PropertyValueSpecification","valueRequired":true,"valueName":"search_term_string"}}],"inLanguage":"ru-RU"},{"@type":"Organization","@id":"https:\/\/beebipood.ee\/ru\/#organization","name":"Beebipood","url":"https:\/\/beebipood.ee\/ru\/","logo":{"@type":"ImageObject","inLanguage":"ru-RU","@id":"https:\/\/beebipood.ee\/ru\/#\/schema\/logo\/image\/","url":"https:\/\/beebipood.ee\/wp-content\/uploads\/2025\/03\/beebipood.ee-logo-1.svg","contentUrl":"https:\/\/beebipood.ee\/wp-content\/uploads\/2025\/03\/beebipood.ee-logo-1.svg","caption":"Beebipood"},"image":{"@id":"https:\/\/beebipood.ee\/ru\/#\/schema\/logo\/image\/"}}]}},"brands":[{"id":11949,"name":"Sleepwell","slug":"sleepwell-ru"}],"_links":{"self":[{"href":"https:\/\/beebipood.ee\/ru\/wp-json\/wp\/v2\/product\/457382","targetHints":{"allow":["GET"]}}],"collection":[{"href":"https:\/\/beebipood.ee\/ru\/wp-json\/wp\/v2\/product"}],"about":[{"href":"https:\/\/beebipood.ee\/ru\/wp-json\/wp\/v2\/types\/product"}],"wp:featuredmedia":[{"embeddable":true,"href":"https:\/\/beebipood.ee\/ru\/wp-json\/wp\/v2\/media\/114249"}],"wp:attachment":[{"href":"https:\/\/beebipood.ee\/ru\/wp-json\/wp\/v2\/media?parent=457382"}],"wp:term":[{"taxonomy":"pwb-brand","embeddable":true,"href":"https:\/\/beebipood.ee\/ru\/wp-json\/wp\/v2\/pwb-brand?post=457382"},{"taxonomy":"product_brand","embeddable":true,"href":"https:\/\/beebipood.ee\/ru\/wp-json\/wp\/v2\/product_brand?post=457382"},{"taxonomy":"product_cat","embeddable":true,"href":"https:\/\/beebipood.ee\/ru\/wp-json\/wp\/v2\/product_cat?post=457382"},{"taxonomy":"product_tag","embeddable":true,"href":"https:\/\/beebipood.ee\/ru\/wp-json\/wp\/v2\/product_tag?post=457382"}],"curies":[{"name":"wp","href":"https:\/\/api.w.org\/{rel}","templated":true}]}}