{"id":457394,"date":"2016-09-30T07:15:40","date_gmt":"2016-09-30T04:15:40","guid":{"rendered":"https:\/\/beebipood.ee\/toode\/sleepwell-top-soft-foam-kattemadrats-160x200\/"},"modified":"2025-01-09T10:49:48","modified_gmt":"2025-01-09T08:49:48","slug":"sleepwell-top-soft-foam-kattemadrats-160x200","status":"publish","type":"product","link":"https:\/\/beebipood.ee\/ru\/produkt\/sleepwell-top-soft-foam-kattemadrats-160x200\/","title":{"rendered":"Sleepwell Top Soft Foam kattemadrats 160&#215;200"},"content":{"rendered":"<p>Kattemadratsi sisuks on kvaliteetne m\u00e4luporoloon.<br \/>Supersoft kattekangas on eriliselt pehme <br \/>ning naturaalse Sensity\u2122 t\u00f6\u00f6tlusega, <br \/>mis takistab tolmulestade, hallituse <br \/>ja kahjulike bakterite teket ning neutraliseerib ebameeldivad l\u00f5hnad.<br \/>Lisamugavust pakub \u00fchel pool vill (talve pool), teisel puuvill (suve pool).<br \/>Parima \u00f5huringluse tagamiseks on kattemadratsi k\u00fclgedel 3D-kangast riba.<br \/>Madratsi kate on eemaldatav ja pestav kuni 60-kraadises vees. <br \/>Tootel on Eesti Allergialiidu tunnusm\u00e4rk.<br \/>Saadaval on m\u00f5\u00f5dud 80&#215;200, 90&#215;200, 120&#215;200, 140&#215;200, 160&#215;200 ja 180&#215;200. <br \/>V\u00f5imalik on tellida ka erim\u00f5\u00f5dus tooteid.<br \/>Toode on disainitud ja toodetud Eestis.<br \/>Sleepwelli toodetes kasutatavad materjalid nagu kangas, puuvill, vill <br \/>ja vatiin vastavad rahvusvahelisele \u00d6ko-Tex 100 standardile.<br \/>Sisu: Softfoam poroloon 4 cm<br \/>Vooderdus: vill \/ puuvill<br \/>Kate: elastaan 2% \/ modaal 32% \/ pol\u00fcester 66%<br \/>Kanga erit\u00f6\u00f6tlus: Douchinelle<br \/>\u00d6KO-TEX sertifikaat: jah<br \/>Pestav: temperatuur 40<br \/>K\u00f5rgus: 5 cm<\/p>\n<p><strong><em>\u00a0<\/em><\/strong><\/p>\n<p>\u00a0<\/p>\n","protected":false},"excerpt":{"rendered":"<p>Kattemadratsi sisuks on kvaliteetne m\u00e4luporoloon.Supersoft kattekangas on eriliselt pehme ning naturaalse Sensity\u2122 t\u00f6\u00f6tlusega, mis takistab tolmulestade, hallituse ja kahjulike bakterite teket ning neutraliseerib ebameeldivad l\u00f5hnad.Lisamugavust pakub \u00fchel pool vill (talve pool), teisel puuvill (suve pool).Parima \u00f5huringluse tagamiseks on kattemadratsi k\u00fclgedel 3D-kangast riba.Madratsi kate on eemaldatav ja pestav kuni 60-kraadises vees. Tootel on Eesti Allergialiidu tunnusm\u00e4rk.Saadaval [&hellip;]<\/p>\n","protected":false},"featured_media":114273,"template":"","meta":{"_acf_changed":false},"pwb-brand":[11949],"product_brand":[],"product_cat":[11611,11777,11563,11789],"product_tag":[],"class_list":{"0":"post-457394","1":"product","2":"type-product","3":"status-publish","4":"has-post-thumbnail","6":"pwb-brand-sleepwell-ru","7":"product_cat-kattemadratsid-ru","8":"product_cat-kuni-160cm-laiused-ru-1","9":"product_cat-madratsid-ja-kattemadratsid-ru","10":"product_cat-lastemoobel-ja-sisustus-ru","11":"pa_manufacturer-sleepwell-ru","13":"first","14":"outofstock","15":"taxable","16":"shipping-taxable","17":"purchasable","18":"product-type-simple"},"exclude_global_add_ons":[],"addons":[],"acf":[],"yoast_head":"<!-- This site is optimized with the Yoast SEO plugin v27.3 - https:\/\/yoast.com\/product\/yoast-seo-wordpress\/ -->\n<title>Sleepwell Top Soft Foam kattemadrats 160x200, \u041c\u0430\u0442\u0440\u0430\u0441\u044b \u0438 \u043c\u0430\u0442\u0440\u0430\u0441\u044b-\u043f\u043e\u043a\u0440\u044b\u0432\u0430\u043b\u0430, M\u0430\u0442\u0440\u0430\u0441\u044b-\u043f\u043e\u043a\u0440\u044b\u0432\u0430\u043b\u0430, \u0428\u0438\u0440\u0438\u043d\u043e\u0439 \u0434\u043e 160 c\u043c, M\u0435\u0431\u0435\u043b\u044c, Sleepwell blue soodushinnad, Beebipood<\/title>\n<meta name=\"description\" content=\"Sleepwell Top Soft Foam kattemadrats 160x200, Kattemadratsi sisuks on kvaliteetne m&auml;luporoloon.Supersoft kattekangas on eriliselt pehme ning\" \/>\n<meta name=\"robots\" content=\"index, follow, max-snippet:-1, max-image-preview:large, max-video-preview:-1\" \/>\n<link rel=\"canonical\" href=\"https:\/\/beebipood.ee\/ru\/produkt\/sleepwell-top-soft-foam-kattemadrats-160x200\/\" \/>\n<meta property=\"og:locale\" content=\"ru_RU\" \/>\n<meta property=\"og:type\" content=\"article\" \/>\n<meta property=\"og:title\" content=\"Sleepwell Top Soft Foam kattemadrats 160x200, \u041c\u0430\u0442\u0440\u0430\u0441\u044b \u0438 \u043c\u0430\u0442\u0440\u0430\u0441\u044b-\u043f\u043e\u043a\u0440\u044b\u0432\u0430\u043b\u0430, M\u0430\u0442\u0440\u0430\u0441\u044b-\u043f\u043e\u043a\u0440\u044b\u0432\u0430\u043b\u0430, \u0428\u0438\u0440\u0438\u043d\u043e\u0439 \u0434\u043e 160 c\u043c, M\u0435\u0431\u0435\u043b\u044c, Sleepwell blue soodushinnad, Beebipood\" \/>\n<meta property=\"og:description\" content=\"Sleepwell Top Soft Foam kattemadrats 160x200, Kattemadratsi sisuks on kvaliteetne m&auml;luporoloon.Supersoft kattekangas on eriliselt pehme ning\" \/>\n<meta property=\"og:url\" content=\"https:\/\/beebipood.ee\/ru\/produkt\/sleepwell-top-soft-foam-kattemadrats-160x200\/\" \/>\n<meta property=\"og:site_name\" content=\"Beebipood\" \/>\n<meta property=\"article:modified_time\" content=\"2025-01-09T08:49:48+00:00\" \/>\n<meta property=\"og:image\" content=\"https:\/\/beebipood.ee\/wp-content\/uploads\/2016\/09\/Sleepwell-Sleepwell-Top-Soft-Foam-kattemadrats-160x200-Madratsid-ja-kattemadratsid-Kattemadratsid-kuni-160cm-laiused-Lastemoobel-ja-sisustus-Sleepwell-blue-soodushinnad_1-6a5.png\" \/>\n\t<meta property=\"og:image:width\" content=\"1414\" \/>\n\t<meta property=\"og:image:height\" content=\"1000\" \/>\n\t<meta property=\"og:image:type\" content=\"image\/png\" \/>\n<meta name=\"twitter:card\" content=\"summary_large_image\" \/>\n<meta name=\"twitter:label1\" content=\"\u041f\u0440\u0438\u043c\u0435\u0440\u043d\u043e\u0435 \u0432\u0440\u0435\u043c\u044f \u0434\u043b\u044f \u0447\u0442\u0435\u043d\u0438\u044f\" \/>\n\t<meta name=\"twitter:data1\" content=\"1 \u043c\u0438\u043d\u0443\u0442\u0430\" \/>\n<script type=\"application\/ld+json\" class=\"yoast-schema-graph\">{\"@context\":\"https:\\\/\\\/schema.org\",\"@graph\":[{\"@type\":\"WebPage\",\"@id\":\"https:\\\/\\\/beebipood.ee\\\/ru\\\/produkt\\\/sleepwell-top-soft-foam-kattemadrats-160x200\\\/\",\"url\":\"https:\\\/\\\/beebipood.ee\\\/ru\\\/produkt\\\/sleepwell-top-soft-foam-kattemadrats-160x200\\\/\",\"name\":\"Sleepwell Top Soft Foam kattemadrats 160x200, \u041c\u0430\u0442\u0440\u0430\u0441\u044b \u0438 \u043c\u0430\u0442\u0440\u0430\u0441\u044b-\u043f\u043e\u043a\u0440\u044b\u0432\u0430\u043b\u0430, M\u0430\u0442\u0440\u0430\u0441\u044b-\u043f\u043e\u043a\u0440\u044b\u0432\u0430\u043b\u0430, \u0428\u0438\u0440\u0438\u043d\u043e\u0439 \u0434\u043e 160 c\u043c, M\u0435\u0431\u0435\u043b\u044c, Sleepwell blue soodushinnad, Beebipood\",\"isPartOf\":{\"@id\":\"https:\\\/\\\/beebipood.ee\\\/ru\\\/#website\"},\"primaryImageOfPage\":{\"@id\":\"https:\\\/\\\/beebipood.ee\\\/ru\\\/produkt\\\/sleepwell-top-soft-foam-kattemadrats-160x200\\\/#primaryimage\"},\"image\":{\"@id\":\"https:\\\/\\\/beebipood.ee\\\/ru\\\/produkt\\\/sleepwell-top-soft-foam-kattemadrats-160x200\\\/#primaryimage\"},\"thumbnailUrl\":\"https:\\\/\\\/beebipood.ee\\\/wp-content\\\/uploads\\\/2016\\\/09\\\/Sleepwell-Sleepwell-Top-Soft-Foam-kattemadrats-160x200-Madratsid-ja-kattemadratsid-Kattemadratsid-kuni-160cm-laiused-Lastemoobel-ja-sisustus-Sleepwell-blue-soodushinnad_1-6a5.png\",\"datePublished\":\"2016-09-30T04:15:40+00:00\",\"dateModified\":\"2025-01-09T08:49:48+00:00\",\"description\":\"Sleepwell Top Soft Foam kattemadrats 160x200, Kattemadratsi sisuks on kvaliteetne m&auml;luporoloon.Supersoft kattekangas on eriliselt pehme ning\",\"breadcrumb\":{\"@id\":\"https:\\\/\\\/beebipood.ee\\\/ru\\\/produkt\\\/sleepwell-top-soft-foam-kattemadrats-160x200\\\/#breadcrumb\"},\"inLanguage\":\"ru-RU\",\"potentialAction\":[{\"@type\":\"ReadAction\",\"target\":[\"https:\\\/\\\/beebipood.ee\\\/ru\\\/produkt\\\/sleepwell-top-soft-foam-kattemadrats-160x200\\\/\"]}]},{\"@type\":\"ImageObject\",\"inLanguage\":\"ru-RU\",\"@id\":\"https:\\\/\\\/beebipood.ee\\\/ru\\\/produkt\\\/sleepwell-top-soft-foam-kattemadrats-160x200\\\/#primaryimage\",\"url\":\"https:\\\/\\\/beebipood.ee\\\/wp-content\\\/uploads\\\/2016\\\/09\\\/Sleepwell-Sleepwell-Top-Soft-Foam-kattemadrats-160x200-Madratsid-ja-kattemadratsid-Kattemadratsid-kuni-160cm-laiused-Lastemoobel-ja-sisustus-Sleepwell-blue-soodushinnad_1-6a5.png\",\"contentUrl\":\"https:\\\/\\\/beebipood.ee\\\/wp-content\\\/uploads\\\/2016\\\/09\\\/Sleepwell-Sleepwell-Top-Soft-Foam-kattemadrats-160x200-Madratsid-ja-kattemadratsid-Kattemadratsid-kuni-160cm-laiused-Lastemoobel-ja-sisustus-Sleepwell-blue-soodushinnad_1-6a5.png\",\"width\":1414,\"height\":1000},{\"@type\":\"BreadcrumbList\",\"@id\":\"https:\\\/\\\/beebipood.ee\\\/ru\\\/produkt\\\/sleepwell-top-soft-foam-kattemadrats-160x200\\\/#breadcrumb\",\"itemListElement\":[{\"@type\":\"ListItem\",\"position\":1,\"name\":\"Home\",\"item\":\"https:\\\/\\\/beebipood.ee\\\/ru\\\/\"},{\"@type\":\"ListItem\",\"position\":2,\"name\":\"\u041a\u0430\u0442\u0430\u043b\u043e\u0433 \u0442\u043e\u0432\u0430\u0440\u043e\u0432\",\"item\":\"https:\\\/\\\/beebipood.ee\\\/tooted\\\/\"},{\"@type\":\"ListItem\",\"position\":3,\"name\":\"Sleepwell Top Soft Foam kattemadrats 160&#215;200\"}]},{\"@type\":\"WebSite\",\"@id\":\"https:\\\/\\\/beebipood.ee\\\/ru\\\/#website\",\"url\":\"https:\\\/\\\/beebipood.ee\\\/ru\\\/\",\"name\":\"Beebipood\",\"description\":\"Lastekaubad, beebikaubad, m\u00e4nguasjad\",\"publisher\":{\"@id\":\"https:\\\/\\\/beebipood.ee\\\/ru\\\/#organization\"},\"potentialAction\":[{\"@type\":\"SearchAction\",\"target\":{\"@type\":\"EntryPoint\",\"urlTemplate\":\"https:\\\/\\\/beebipood.ee\\\/ru\\\/?s={search_term_string}\"},\"query-input\":{\"@type\":\"PropertyValueSpecification\",\"valueRequired\":true,\"valueName\":\"search_term_string\"}}],\"inLanguage\":\"ru-RU\"},{\"@type\":\"Organization\",\"@id\":\"https:\\\/\\\/beebipood.ee\\\/ru\\\/#organization\",\"name\":\"Beebipood\",\"url\":\"https:\\\/\\\/beebipood.ee\\\/ru\\\/\",\"logo\":{\"@type\":\"ImageObject\",\"inLanguage\":\"ru-RU\",\"@id\":\"https:\\\/\\\/beebipood.ee\\\/ru\\\/#\\\/schema\\\/logo\\\/image\\\/\",\"url\":\"https:\\\/\\\/beebipood.ee\\\/wp-content\\\/uploads\\\/2025\\\/03\\\/beebipood.ee-logo-1.svg\",\"contentUrl\":\"https:\\\/\\\/beebipood.ee\\\/wp-content\\\/uploads\\\/2025\\\/03\\\/beebipood.ee-logo-1.svg\",\"caption\":\"Beebipood\"},\"image\":{\"@id\":\"https:\\\/\\\/beebipood.ee\\\/ru\\\/#\\\/schema\\\/logo\\\/image\\\/\"}}]}<\/script>\n<!-- \/ Yoast SEO plugin. -->","yoast_head_json":{"title":"Sleepwell Top Soft Foam kattemadrats 160x200, \u041c\u0430\u0442\u0440\u0430\u0441\u044b \u0438 \u043c\u0430\u0442\u0440\u0430\u0441\u044b-\u043f\u043e\u043a\u0440\u044b\u0432\u0430\u043b\u0430, M\u0430\u0442\u0440\u0430\u0441\u044b-\u043f\u043e\u043a\u0440\u044b\u0432\u0430\u043b\u0430, \u0428\u0438\u0440\u0438\u043d\u043e\u0439 \u0434\u043e 160 c\u043c, M\u0435\u0431\u0435\u043b\u044c, Sleepwell blue soodushinnad, Beebipood","description":"Sleepwell Top Soft Foam kattemadrats 160x200, Kattemadratsi sisuks on kvaliteetne m&auml;luporoloon.Supersoft kattekangas on eriliselt pehme ning","robots":{"index":"index","follow":"follow","max-snippet":"max-snippet:-1","max-image-preview":"max-image-preview:large","max-video-preview":"max-video-preview:-1"},"canonical":"https:\/\/beebipood.ee\/ru\/produkt\/sleepwell-top-soft-foam-kattemadrats-160x200\/","og_locale":"ru_RU","og_type":"article","og_title":"Sleepwell Top Soft Foam kattemadrats 160x200, \u041c\u0430\u0442\u0440\u0430\u0441\u044b \u0438 \u043c\u0430\u0442\u0440\u0430\u0441\u044b-\u043f\u043e\u043a\u0440\u044b\u0432\u0430\u043b\u0430, M\u0430\u0442\u0440\u0430\u0441\u044b-\u043f\u043e\u043a\u0440\u044b\u0432\u0430\u043b\u0430, \u0428\u0438\u0440\u0438\u043d\u043e\u0439 \u0434\u043e 160 c\u043c, M\u0435\u0431\u0435\u043b\u044c, Sleepwell blue soodushinnad, Beebipood","og_description":"Sleepwell Top Soft Foam kattemadrats 160x200, Kattemadratsi sisuks on kvaliteetne m&auml;luporoloon.Supersoft kattekangas on eriliselt pehme ning","og_url":"https:\/\/beebipood.ee\/ru\/produkt\/sleepwell-top-soft-foam-kattemadrats-160x200\/","og_site_name":"Beebipood","article_modified_time":"2025-01-09T08:49:48+00:00","og_image":[{"width":1414,"height":1000,"url":"https:\/\/beebipood.ee\/wp-content\/uploads\/2016\/09\/Sleepwell-Sleepwell-Top-Soft-Foam-kattemadrats-160x200-Madratsid-ja-kattemadratsid-Kattemadratsid-kuni-160cm-laiused-Lastemoobel-ja-sisustus-Sleepwell-blue-soodushinnad_1-6a5.png","type":"image\/png"}],"twitter_card":"summary_large_image","twitter_misc":{"\u041f\u0440\u0438\u043c\u0435\u0440\u043d\u043e\u0435 \u0432\u0440\u0435\u043c\u044f \u0434\u043b\u044f \u0447\u0442\u0435\u043d\u0438\u044f":"1 \u043c\u0438\u043d\u0443\u0442\u0430"},"schema":{"@context":"https:\/\/schema.org","@graph":[{"@type":"WebPage","@id":"https:\/\/beebipood.ee\/ru\/produkt\/sleepwell-top-soft-foam-kattemadrats-160x200\/","url":"https:\/\/beebipood.ee\/ru\/produkt\/sleepwell-top-soft-foam-kattemadrats-160x200\/","name":"Sleepwell Top Soft Foam kattemadrats 160x200, \u041c\u0430\u0442\u0440\u0430\u0441\u044b \u0438 \u043c\u0430\u0442\u0440\u0430\u0441\u044b-\u043f\u043e\u043a\u0440\u044b\u0432\u0430\u043b\u0430, M\u0430\u0442\u0440\u0430\u0441\u044b-\u043f\u043e\u043a\u0440\u044b\u0432\u0430\u043b\u0430, \u0428\u0438\u0440\u0438\u043d\u043e\u0439 \u0434\u043e 160 c\u043c, M\u0435\u0431\u0435\u043b\u044c, Sleepwell blue soodushinnad, Beebipood","isPartOf":{"@id":"https:\/\/beebipood.ee\/ru\/#website"},"primaryImageOfPage":{"@id":"https:\/\/beebipood.ee\/ru\/produkt\/sleepwell-top-soft-foam-kattemadrats-160x200\/#primaryimage"},"image":{"@id":"https:\/\/beebipood.ee\/ru\/produkt\/sleepwell-top-soft-foam-kattemadrats-160x200\/#primaryimage"},"thumbnailUrl":"https:\/\/beebipood.ee\/wp-content\/uploads\/2016\/09\/Sleepwell-Sleepwell-Top-Soft-Foam-kattemadrats-160x200-Madratsid-ja-kattemadratsid-Kattemadratsid-kuni-160cm-laiused-Lastemoobel-ja-sisustus-Sleepwell-blue-soodushinnad_1-6a5.png","datePublished":"2016-09-30T04:15:40+00:00","dateModified":"2025-01-09T08:49:48+00:00","description":"Sleepwell Top Soft Foam kattemadrats 160x200, Kattemadratsi sisuks on kvaliteetne m&auml;luporoloon.Supersoft kattekangas on eriliselt pehme ning","breadcrumb":{"@id":"https:\/\/beebipood.ee\/ru\/produkt\/sleepwell-top-soft-foam-kattemadrats-160x200\/#breadcrumb"},"inLanguage":"ru-RU","potentialAction":[{"@type":"ReadAction","target":["https:\/\/beebipood.ee\/ru\/produkt\/sleepwell-top-soft-foam-kattemadrats-160x200\/"]}]},{"@type":"ImageObject","inLanguage":"ru-RU","@id":"https:\/\/beebipood.ee\/ru\/produkt\/sleepwell-top-soft-foam-kattemadrats-160x200\/#primaryimage","url":"https:\/\/beebipood.ee\/wp-content\/uploads\/2016\/09\/Sleepwell-Sleepwell-Top-Soft-Foam-kattemadrats-160x200-Madratsid-ja-kattemadratsid-Kattemadratsid-kuni-160cm-laiused-Lastemoobel-ja-sisustus-Sleepwell-blue-soodushinnad_1-6a5.png","contentUrl":"https:\/\/beebipood.ee\/wp-content\/uploads\/2016\/09\/Sleepwell-Sleepwell-Top-Soft-Foam-kattemadrats-160x200-Madratsid-ja-kattemadratsid-Kattemadratsid-kuni-160cm-laiused-Lastemoobel-ja-sisustus-Sleepwell-blue-soodushinnad_1-6a5.png","width":1414,"height":1000},{"@type":"BreadcrumbList","@id":"https:\/\/beebipood.ee\/ru\/produkt\/sleepwell-top-soft-foam-kattemadrats-160x200\/#breadcrumb","itemListElement":[{"@type":"ListItem","position":1,"name":"Home","item":"https:\/\/beebipood.ee\/ru\/"},{"@type":"ListItem","position":2,"name":"\u041a\u0430\u0442\u0430\u043b\u043e\u0433 \u0442\u043e\u0432\u0430\u0440\u043e\u0432","item":"https:\/\/beebipood.ee\/tooted\/"},{"@type":"ListItem","position":3,"name":"Sleepwell Top Soft Foam kattemadrats 160&#215;200"}]},{"@type":"WebSite","@id":"https:\/\/beebipood.ee\/ru\/#website","url":"https:\/\/beebipood.ee\/ru\/","name":"Beebipood","description":"Lastekaubad, beebikaubad, m\u00e4nguasjad","publisher":{"@id":"https:\/\/beebipood.ee\/ru\/#organization"},"potentialAction":[{"@type":"SearchAction","target":{"@type":"EntryPoint","urlTemplate":"https:\/\/beebipood.ee\/ru\/?s={search_term_string}"},"query-input":{"@type":"PropertyValueSpecification","valueRequired":true,"valueName":"search_term_string"}}],"inLanguage":"ru-RU"},{"@type":"Organization","@id":"https:\/\/beebipood.ee\/ru\/#organization","name":"Beebipood","url":"https:\/\/beebipood.ee\/ru\/","logo":{"@type":"ImageObject","inLanguage":"ru-RU","@id":"https:\/\/beebipood.ee\/ru\/#\/schema\/logo\/image\/","url":"https:\/\/beebipood.ee\/wp-content\/uploads\/2025\/03\/beebipood.ee-logo-1.svg","contentUrl":"https:\/\/beebipood.ee\/wp-content\/uploads\/2025\/03\/beebipood.ee-logo-1.svg","caption":"Beebipood"},"image":{"@id":"https:\/\/beebipood.ee\/ru\/#\/schema\/logo\/image\/"}}]}},"brands":[{"id":11949,"name":"Sleepwell","slug":"sleepwell-ru"}],"_links":{"self":[{"href":"https:\/\/beebipood.ee\/ru\/wp-json\/wp\/v2\/product\/457394","targetHints":{"allow":["GET"]}}],"collection":[{"href":"https:\/\/beebipood.ee\/ru\/wp-json\/wp\/v2\/product"}],"about":[{"href":"https:\/\/beebipood.ee\/ru\/wp-json\/wp\/v2\/types\/product"}],"wp:featuredmedia":[{"embeddable":true,"href":"https:\/\/beebipood.ee\/ru\/wp-json\/wp\/v2\/media\/114273"}],"wp:attachment":[{"href":"https:\/\/beebipood.ee\/ru\/wp-json\/wp\/v2\/media?parent=457394"}],"wp:term":[{"taxonomy":"pwb-brand","embeddable":true,"href":"https:\/\/beebipood.ee\/ru\/wp-json\/wp\/v2\/pwb-brand?post=457394"},{"taxonomy":"product_brand","embeddable":true,"href":"https:\/\/beebipood.ee\/ru\/wp-json\/wp\/v2\/product_brand?post=457394"},{"taxonomy":"product_cat","embeddable":true,"href":"https:\/\/beebipood.ee\/ru\/wp-json\/wp\/v2\/product_cat?post=457394"},{"taxonomy":"product_tag","embeddable":true,"href":"https:\/\/beebipood.ee\/ru\/wp-json\/wp\/v2\/product_tag?post=457394"}],"curies":[{"name":"wp","href":"https:\/\/api.w.org\/{rel}","templated":true}]}}