{"id":457454,"date":"2016-11-02T09:35:54","date_gmt":"2016-11-02T07:35:54","guid":{"rendered":"https:\/\/beebipood.ee\/toode\/beebimadrats-hilding-baby-safe-70x140\/"},"modified":"2025-01-09T10:49:45","modified_gmt":"2025-01-09T08:49:45","slug":"beebimadrats-hilding-baby-safe-70x140","status":"publish","type":"product","link":"https:\/\/beebipood.ee\/ru\/produkt\/beebimadrats-hilding-baby-safe-70x140\/","title":{"rendered":"Beebimadrats Hilding Baby Safe 70&#215;140"},"content":{"rendered":"<p>Madratsil on spetsiaalsed k\u00f5rgemad servad, <br \/>et laps ei saaks ennast juhuslikult madratsilt maha keerata. <br \/>Seet\u00f5ttu sobib see madrats ka reisivoodiks v\u00f5i lapse m\u00e4hkmete vahetamiseks.<br \/>Madratsi keskel on profileeritud Velvet-touch poroloon, <br \/>mis oma suurep\u00e4rase elastsusega toetab lapse keha just vajalikul m\u00e4\u00e4ral.<br \/>Madratsi kattel on optiliste valgenditeta niiskuskindel <br \/>ja allergiavastane Lotus t\u00f6\u00f6tlus, mis ei v\u00f5ta sisse plekke ning on lihtsasti puhastatav.<br \/>Madratsi kate on eemaldatav ja pestav kuni 40-kraadisel temperatuuril.<br \/>Saadaval m\u00f5\u00f5tudes 60x120x13 ja 70x140x13 cm.<br \/>J\u00c4IKUS &#8212; J\u00e4ik<br \/>PESTAVUS &#8212; kuni 40C<br \/>KATE &#8212; Pol\u00fcester 100%<br \/>KANGA ERIT\u00d6\u00d6TLUS &#8212; Lotus<br \/>SISU &#8212; Profileeritud Velvet-touch poroloon<br \/>K\u00d5RGUS &#8212; 13 cm<\/p>\n","protected":false},"excerpt":{"rendered":"<p>Madratsil on spetsiaalsed k\u00f5rgemad servad, et laps ei saaks ennast juhuslikult madratsilt maha keerata. Seet\u00f5ttu sobib see madrats ka reisivoodiks v\u00f5i lapse m\u00e4hkmete vahetamiseks.Madratsi keskel on profileeritud Velvet-touch poroloon, mis oma suurep\u00e4rase elastsusega toetab lapse keha just vajalikul m\u00e4\u00e4ral.Madratsi kattel on optiliste valgenditeta niiskuskindel ja allergiavastane Lotus t\u00f6\u00f6tlus, mis ei v\u00f5ta sisse plekke ning on [&hellip;]<\/p>\n","protected":false},"featured_media":114620,"template":"","meta":{"_acf_changed":false},"pwb-brand":[],"product_brand":[],"product_cat":[11573,11597,11563,11789],"product_tag":[],"class_list":{"0":"post-457454","1":"product","2":"type-product","3":"status-publish","4":"has-post-thumbnail","6":"product_cat-sooduspakkumised-ru","7":"product_cat-kuni-70cm-laiused-ru","8":"product_cat-madratsid-ja-kattemadratsid-ru","9":"product_cat-lastemoobel-ja-sisustus-ru","11":"first","12":"onbackorder","13":"taxable","14":"shipping-taxable","15":"purchasable","16":"product-type-simple"},"exclude_global_add_ons":[],"addons":[],"acf":[],"yoast_head":"<!-- This site is optimized with the Yoast SEO plugin v27.1.1 - https:\/\/yoast.com\/product\/yoast-seo-wordpress\/ -->\n<title>Beebimadrats Hilding Baby Safe 70x140, \u041c\u0430\u0442\u0440\u0430\u0441\u044b \u0438 \u043c\u0430\u0442\u0440\u0430\u0441\u044b-\u043f\u043e\u043a\u0440\u044b\u0432\u0430\u043b\u0430, \u0428\u0438\u0440\u0438\u043d\u043e\u0439 \u0434\u043e 70 c\u043c, M\u0435\u0431\u0435\u043b\u044c, Beebipood<\/title>\n<meta name=\"description\" content=\"Beebimadrats Hilding Baby Safe 70x140, Madratsil on spetsiaalsed k&otilde;rgemad servad, et laps ei saaks ennast juhuslikult madratsilt maha keerata. &lt;\" \/>\n<meta name=\"robots\" content=\"index, follow, max-snippet:-1, max-image-preview:large, max-video-preview:-1\" \/>\n<link rel=\"canonical\" href=\"https:\/\/beebipood.ee\/ru\/produkt\/beebimadrats-hilding-baby-safe-70x140\/\" \/>\n<meta property=\"og:locale\" content=\"ru_RU\" \/>\n<meta property=\"og:type\" content=\"article\" \/>\n<meta property=\"og:title\" content=\"Beebimadrats Hilding Baby Safe 70x140, \u041c\u0430\u0442\u0440\u0430\u0441\u044b \u0438 \u043c\u0430\u0442\u0440\u0430\u0441\u044b-\u043f\u043e\u043a\u0440\u044b\u0432\u0430\u043b\u0430, \u0428\u0438\u0440\u0438\u043d\u043e\u0439 \u0434\u043e 70 c\u043c, M\u0435\u0431\u0435\u043b\u044c, Beebipood\" \/>\n<meta property=\"og:description\" content=\"Beebimadrats Hilding Baby Safe 70x140, Madratsil on spetsiaalsed k&otilde;rgemad servad, et laps ei saaks ennast juhuslikult madratsilt maha keerata. &lt;\" \/>\n<meta property=\"og:url\" content=\"https:\/\/beebipood.ee\/ru\/produkt\/beebimadrats-hilding-baby-safe-70x140\/\" \/>\n<meta property=\"og:site_name\" content=\"Beebipood\" \/>\n<meta property=\"article:modified_time\" content=\"2025-01-09T08:49:45+00:00\" \/>\n<meta property=\"og:image\" content=\"https:\/\/beebipood.ee\/wp-content\/uploads\/2016\/11\/Beebimadrats-Hilding-Baby-Safe-70x140-Madratsid-ja-kattemadratsid-Kuni-70cm-laiused-Lastemoobel-ja-sisustus-Hilding-20_2-0f5.jpg\" \/>\n\t<meta property=\"og:image:width\" content=\"2560\" \/>\n\t<meta property=\"og:image:height\" content=\"2126\" \/>\n\t<meta property=\"og:image:type\" content=\"image\/jpeg\" \/>\n<meta name=\"twitter:card\" content=\"summary_large_image\" \/>\n<meta name=\"twitter:label1\" content=\"\u041f\u0440\u0438\u043c\u0435\u0440\u043d\u043e\u0435 \u0432\u0440\u0435\u043c\u044f \u0434\u043b\u044f \u0447\u0442\u0435\u043d\u0438\u044f\" \/>\n\t<meta name=\"twitter:data1\" content=\"1 \u043c\u0438\u043d\u0443\u0442\u0430\" \/>\n<script type=\"application\/ld+json\" class=\"yoast-schema-graph\">{\"@context\":\"https:\/\/schema.org\",\"@graph\":[{\"@type\":\"WebPage\",\"@id\":\"https:\/\/beebipood.ee\/ru\/produkt\/beebimadrats-hilding-baby-safe-70x140\/\",\"url\":\"https:\/\/beebipood.ee\/ru\/produkt\/beebimadrats-hilding-baby-safe-70x140\/\",\"name\":\"Beebimadrats Hilding Baby Safe 70x140, \u041c\u0430\u0442\u0440\u0430\u0441\u044b \u0438 \u043c\u0430\u0442\u0440\u0430\u0441\u044b-\u043f\u043e\u043a\u0440\u044b\u0432\u0430\u043b\u0430, \u0428\u0438\u0440\u0438\u043d\u043e\u0439 \u0434\u043e 70 c\u043c, M\u0435\u0431\u0435\u043b\u044c, Beebipood\",\"isPartOf\":{\"@id\":\"https:\/\/beebipood.ee\/ru\/#website\"},\"primaryImageOfPage\":{\"@id\":\"https:\/\/beebipood.ee\/ru\/produkt\/beebimadrats-hilding-baby-safe-70x140\/#primaryimage\"},\"image\":{\"@id\":\"https:\/\/beebipood.ee\/ru\/produkt\/beebimadrats-hilding-baby-safe-70x140\/#primaryimage\"},\"thumbnailUrl\":\"https:\/\/beebipood.ee\/wp-content\/uploads\/2016\/11\/Beebimadrats-Hilding-Baby-Safe-70x140-Madratsid-ja-kattemadratsid-Kuni-70cm-laiused-Lastemoobel-ja-sisustus-Hilding-20_2-0f5.jpg\",\"datePublished\":\"2016-11-02T07:35:54+00:00\",\"dateModified\":\"2025-01-09T08:49:45+00:00\",\"description\":\"Beebimadrats Hilding Baby Safe 70x140, Madratsil on spetsiaalsed k&otilde;rgemad servad, et laps ei saaks ennast juhuslikult madratsilt maha keerata. &lt;\",\"breadcrumb\":{\"@id\":\"https:\/\/beebipood.ee\/ru\/produkt\/beebimadrats-hilding-baby-safe-70x140\/#breadcrumb\"},\"inLanguage\":\"ru-RU\",\"potentialAction\":[{\"@type\":\"ReadAction\",\"target\":[\"https:\/\/beebipood.ee\/ru\/produkt\/beebimadrats-hilding-baby-safe-70x140\/\"]}]},{\"@type\":\"ImageObject\",\"inLanguage\":\"ru-RU\",\"@id\":\"https:\/\/beebipood.ee\/ru\/produkt\/beebimadrats-hilding-baby-safe-70x140\/#primaryimage\",\"url\":\"https:\/\/beebipood.ee\/wp-content\/uploads\/2016\/11\/Beebimadrats-Hilding-Baby-Safe-70x140-Madratsid-ja-kattemadratsid-Kuni-70cm-laiused-Lastemoobel-ja-sisustus-Hilding-20_2-0f5.jpg\",\"contentUrl\":\"https:\/\/beebipood.ee\/wp-content\/uploads\/2016\/11\/Beebimadrats-Hilding-Baby-Safe-70x140-Madratsid-ja-kattemadratsid-Kuni-70cm-laiused-Lastemoobel-ja-sisustus-Hilding-20_2-0f5.jpg\",\"width\":2560,\"height\":2126},{\"@type\":\"BreadcrumbList\",\"@id\":\"https:\/\/beebipood.ee\/ru\/produkt\/beebimadrats-hilding-baby-safe-70x140\/#breadcrumb\",\"itemListElement\":[{\"@type\":\"ListItem\",\"position\":1,\"name\":\"Home\",\"item\":\"https:\/\/beebipood.ee\/ru\/\"},{\"@type\":\"ListItem\",\"position\":2,\"name\":\"\u041a\u0430\u0442\u0430\u043b\u043e\u0433 \u0442\u043e\u0432\u0430\u0440\u043e\u0432\",\"item\":\"https:\/\/beebipood.ee\/tooted\/\"},{\"@type\":\"ListItem\",\"position\":3,\"name\":\"Beebimadrats Hilding Baby Safe 70&#215;140\"}]},{\"@type\":\"WebSite\",\"@id\":\"https:\/\/beebipood.ee\/ru\/#website\",\"url\":\"https:\/\/beebipood.ee\/ru\/\",\"name\":\"Beebipood\",\"description\":\"Lastekaubad, beebikaubad, m\u00e4nguasjad\",\"publisher\":{\"@id\":\"https:\/\/beebipood.ee\/ru\/#organization\"},\"potentialAction\":[{\"@type\":\"SearchAction\",\"target\":{\"@type\":\"EntryPoint\",\"urlTemplate\":\"https:\/\/beebipood.ee\/ru\/?s={search_term_string}\"},\"query-input\":{\"@type\":\"PropertyValueSpecification\",\"valueRequired\":true,\"valueName\":\"search_term_string\"}}],\"inLanguage\":\"ru-RU\"},{\"@type\":\"Organization\",\"@id\":\"https:\/\/beebipood.ee\/ru\/#organization\",\"name\":\"Beebipood\",\"url\":\"https:\/\/beebipood.ee\/ru\/\",\"logo\":{\"@type\":\"ImageObject\",\"inLanguage\":\"ru-RU\",\"@id\":\"https:\/\/beebipood.ee\/ru\/#\/schema\/logo\/image\/\",\"url\":\"https:\/\/beebipood.ee\/wp-content\/uploads\/2025\/03\/beebipood.ee-logo-1.svg\",\"contentUrl\":\"https:\/\/beebipood.ee\/wp-content\/uploads\/2025\/03\/beebipood.ee-logo-1.svg\",\"caption\":\"Beebipood\"},\"image\":{\"@id\":\"https:\/\/beebipood.ee\/ru\/#\/schema\/logo\/image\/\"}}]}<\/script>\n<!-- \/ Yoast SEO plugin. -->","yoast_head_json":{"title":"Beebimadrats Hilding Baby Safe 70x140, \u041c\u0430\u0442\u0440\u0430\u0441\u044b \u0438 \u043c\u0430\u0442\u0440\u0430\u0441\u044b-\u043f\u043e\u043a\u0440\u044b\u0432\u0430\u043b\u0430, \u0428\u0438\u0440\u0438\u043d\u043e\u0439 \u0434\u043e 70 c\u043c, M\u0435\u0431\u0435\u043b\u044c, Beebipood","description":"Beebimadrats Hilding Baby Safe 70x140, Madratsil on spetsiaalsed k&otilde;rgemad servad, et laps ei saaks ennast juhuslikult madratsilt maha keerata. &lt;","robots":{"index":"index","follow":"follow","max-snippet":"max-snippet:-1","max-image-preview":"max-image-preview:large","max-video-preview":"max-video-preview:-1"},"canonical":"https:\/\/beebipood.ee\/ru\/produkt\/beebimadrats-hilding-baby-safe-70x140\/","og_locale":"ru_RU","og_type":"article","og_title":"Beebimadrats Hilding Baby Safe 70x140, \u041c\u0430\u0442\u0440\u0430\u0441\u044b \u0438 \u043c\u0430\u0442\u0440\u0430\u0441\u044b-\u043f\u043e\u043a\u0440\u044b\u0432\u0430\u043b\u0430, \u0428\u0438\u0440\u0438\u043d\u043e\u0439 \u0434\u043e 70 c\u043c, M\u0435\u0431\u0435\u043b\u044c, Beebipood","og_description":"Beebimadrats Hilding Baby Safe 70x140, Madratsil on spetsiaalsed k&otilde;rgemad servad, et laps ei saaks ennast juhuslikult madratsilt maha keerata. &lt;","og_url":"https:\/\/beebipood.ee\/ru\/produkt\/beebimadrats-hilding-baby-safe-70x140\/","og_site_name":"Beebipood","article_modified_time":"2025-01-09T08:49:45+00:00","og_image":[{"width":2560,"height":2126,"url":"https:\/\/beebipood.ee\/wp-content\/uploads\/2016\/11\/Beebimadrats-Hilding-Baby-Safe-70x140-Madratsid-ja-kattemadratsid-Kuni-70cm-laiused-Lastemoobel-ja-sisustus-Hilding-20_2-0f5.jpg","type":"image\/jpeg"}],"twitter_card":"summary_large_image","twitter_misc":{"\u041f\u0440\u0438\u043c\u0435\u0440\u043d\u043e\u0435 \u0432\u0440\u0435\u043c\u044f \u0434\u043b\u044f \u0447\u0442\u0435\u043d\u0438\u044f":"1 \u043c\u0438\u043d\u0443\u0442\u0430"},"schema":{"@context":"https:\/\/schema.org","@graph":[{"@type":"WebPage","@id":"https:\/\/beebipood.ee\/ru\/produkt\/beebimadrats-hilding-baby-safe-70x140\/","url":"https:\/\/beebipood.ee\/ru\/produkt\/beebimadrats-hilding-baby-safe-70x140\/","name":"Beebimadrats Hilding Baby Safe 70x140, \u041c\u0430\u0442\u0440\u0430\u0441\u044b \u0438 \u043c\u0430\u0442\u0440\u0430\u0441\u044b-\u043f\u043e\u043a\u0440\u044b\u0432\u0430\u043b\u0430, \u0428\u0438\u0440\u0438\u043d\u043e\u0439 \u0434\u043e 70 c\u043c, M\u0435\u0431\u0435\u043b\u044c, Beebipood","isPartOf":{"@id":"https:\/\/beebipood.ee\/ru\/#website"},"primaryImageOfPage":{"@id":"https:\/\/beebipood.ee\/ru\/produkt\/beebimadrats-hilding-baby-safe-70x140\/#primaryimage"},"image":{"@id":"https:\/\/beebipood.ee\/ru\/produkt\/beebimadrats-hilding-baby-safe-70x140\/#primaryimage"},"thumbnailUrl":"https:\/\/beebipood.ee\/wp-content\/uploads\/2016\/11\/Beebimadrats-Hilding-Baby-Safe-70x140-Madratsid-ja-kattemadratsid-Kuni-70cm-laiused-Lastemoobel-ja-sisustus-Hilding-20_2-0f5.jpg","datePublished":"2016-11-02T07:35:54+00:00","dateModified":"2025-01-09T08:49:45+00:00","description":"Beebimadrats Hilding Baby Safe 70x140, Madratsil on spetsiaalsed k&otilde;rgemad servad, et laps ei saaks ennast juhuslikult madratsilt maha keerata. &lt;","breadcrumb":{"@id":"https:\/\/beebipood.ee\/ru\/produkt\/beebimadrats-hilding-baby-safe-70x140\/#breadcrumb"},"inLanguage":"ru-RU","potentialAction":[{"@type":"ReadAction","target":["https:\/\/beebipood.ee\/ru\/produkt\/beebimadrats-hilding-baby-safe-70x140\/"]}]},{"@type":"ImageObject","inLanguage":"ru-RU","@id":"https:\/\/beebipood.ee\/ru\/produkt\/beebimadrats-hilding-baby-safe-70x140\/#primaryimage","url":"https:\/\/beebipood.ee\/wp-content\/uploads\/2016\/11\/Beebimadrats-Hilding-Baby-Safe-70x140-Madratsid-ja-kattemadratsid-Kuni-70cm-laiused-Lastemoobel-ja-sisustus-Hilding-20_2-0f5.jpg","contentUrl":"https:\/\/beebipood.ee\/wp-content\/uploads\/2016\/11\/Beebimadrats-Hilding-Baby-Safe-70x140-Madratsid-ja-kattemadratsid-Kuni-70cm-laiused-Lastemoobel-ja-sisustus-Hilding-20_2-0f5.jpg","width":2560,"height":2126},{"@type":"BreadcrumbList","@id":"https:\/\/beebipood.ee\/ru\/produkt\/beebimadrats-hilding-baby-safe-70x140\/#breadcrumb","itemListElement":[{"@type":"ListItem","position":1,"name":"Home","item":"https:\/\/beebipood.ee\/ru\/"},{"@type":"ListItem","position":2,"name":"\u041a\u0430\u0442\u0430\u043b\u043e\u0433 \u0442\u043e\u0432\u0430\u0440\u043e\u0432","item":"https:\/\/beebipood.ee\/tooted\/"},{"@type":"ListItem","position":3,"name":"Beebimadrats Hilding Baby Safe 70&#215;140"}]},{"@type":"WebSite","@id":"https:\/\/beebipood.ee\/ru\/#website","url":"https:\/\/beebipood.ee\/ru\/","name":"Beebipood","description":"Lastekaubad, beebikaubad, m\u00e4nguasjad","publisher":{"@id":"https:\/\/beebipood.ee\/ru\/#organization"},"potentialAction":[{"@type":"SearchAction","target":{"@type":"EntryPoint","urlTemplate":"https:\/\/beebipood.ee\/ru\/?s={search_term_string}"},"query-input":{"@type":"PropertyValueSpecification","valueRequired":true,"valueName":"search_term_string"}}],"inLanguage":"ru-RU"},{"@type":"Organization","@id":"https:\/\/beebipood.ee\/ru\/#organization","name":"Beebipood","url":"https:\/\/beebipood.ee\/ru\/","logo":{"@type":"ImageObject","inLanguage":"ru-RU","@id":"https:\/\/beebipood.ee\/ru\/#\/schema\/logo\/image\/","url":"https:\/\/beebipood.ee\/wp-content\/uploads\/2025\/03\/beebipood.ee-logo-1.svg","contentUrl":"https:\/\/beebipood.ee\/wp-content\/uploads\/2025\/03\/beebipood.ee-logo-1.svg","caption":"Beebipood"},"image":{"@id":"https:\/\/beebipood.ee\/ru\/#\/schema\/logo\/image\/"}}]}},"brands":[],"_links":{"self":[{"href":"https:\/\/beebipood.ee\/ru\/wp-json\/wp\/v2\/product\/457454","targetHints":{"allow":["GET"]}}],"collection":[{"href":"https:\/\/beebipood.ee\/ru\/wp-json\/wp\/v2\/product"}],"about":[{"href":"https:\/\/beebipood.ee\/ru\/wp-json\/wp\/v2\/types\/product"}],"wp:featuredmedia":[{"embeddable":true,"href":"https:\/\/beebipood.ee\/ru\/wp-json\/wp\/v2\/media\/114620"}],"wp:attachment":[{"href":"https:\/\/beebipood.ee\/ru\/wp-json\/wp\/v2\/media?parent=457454"}],"wp:term":[{"taxonomy":"pwb-brand","embeddable":true,"href":"https:\/\/beebipood.ee\/ru\/wp-json\/wp\/v2\/pwb-brand?post=457454"},{"taxonomy":"product_brand","embeddable":true,"href":"https:\/\/beebipood.ee\/ru\/wp-json\/wp\/v2\/product_brand?post=457454"},{"taxonomy":"product_cat","embeddable":true,"href":"https:\/\/beebipood.ee\/ru\/wp-json\/wp\/v2\/product_cat?post=457454"},{"taxonomy":"product_tag","embeddable":true,"href":"https:\/\/beebipood.ee\/ru\/wp-json\/wp\/v2\/product_tag?post=457454"}],"curies":[{"name":"wp","href":"https:\/\/api.w.org\/{rel}","templated":true}]}}