{"id":457458,"date":"2025-10-14T09:24:29","date_gmt":"2025-10-14T06:24:29","guid":{"rendered":"https:\/\/beebipood.ee\/toode\/axkid-one-2-turvatool-61-125cm-tar\/"},"modified":"2025-10-14T13:54:53","modified_gmt":"2025-10-14T10:54:53","slug":"axkid-boostkid-turvatool-100-150cm-shell-black","status":"publish","type":"product","link":"https:\/\/beebipood.ee\/ru\/produkt\/axkid-boostkid-turvatool-100-150cm-shell-black\/","title":{"rendered":"Axkid Boostkid turvatool 100-150cm, Shell black"},"content":{"rendered":"<h3 data-start=\"122\" data-end=\"193\"><strong data-start=\"126\" data-end=\"193\">AXKID Boostkid \u2013 Turvaline ja Mugav (100\u2013150 cm)<\/strong><\/h3>\n<p data-start=\"195\" data-end=\"512\"><strong data-start=\"195\" data-end=\"213\">AXKID Boostkid<\/strong> on turvatool (grupp 2\/3), mis on loodud tagama kasvavale lapsele maksimaalse turvalisuse, mugavuse ja ergonoomika (100\u2013150 cm).<br data-start=\"367\" data-end=\"370\" \/>R129 standardile vastav Boostkid kohandub ideaalselt lapse kasvades, pakkudes kindlat kaitset ja praktilist disaini igap\u00e4evaseks kasutamiseks.<\/p>\n<hr data-start=\"514\" data-end=\"517\" \/>\n<h4 data-start=\"519\" data-end=\"545\"><strong data-start=\"524\" data-end=\"545\">Peamised omadused<\/strong><\/h4>\n<ul data-start=\"546\" data-end=\"1152\">\n<li data-start=\"546\" data-end=\"574\">\n<p data-start=\"548\" data-end=\"574\"><strong data-start=\"548\" data-end=\"567\">Ohutusstandard:<\/strong> R129<\/p>\n<\/li>\n<li data-start=\"575\" data-end=\"607\">\n<p data-start=\"577\" data-end=\"607\"><strong data-start=\"577\" data-end=\"594\">Lapse pikkus:<\/strong> 100\u2013150 cm<\/p>\n<\/li>\n<li data-start=\"608\" data-end=\"644\">\n<p data-start=\"610\" data-end=\"644\"><strong data-start=\"610\" data-end=\"620\">Vanus:<\/strong> ligikaudu 4\u201312 aastat<\/p>\n<\/li>\n<li data-start=\"645\" data-end=\"704\">\n<p data-start=\"647\" data-end=\"704\"><strong data-start=\"647\" data-end=\"661\">Paigaldus:<\/strong> ISOFIX ja\/v\u00f5i auto 3-punktiline turvav\u00f6\u00f6<\/p>\n<\/li>\n<li data-start=\"705\" data-end=\"747\">\n<p data-start=\"707\" data-end=\"747\"><strong data-start=\"707\" data-end=\"722\">S\u00f5idusuund:<\/strong> n\u00e4oga s\u00f5idusuunas<\/p>\n<\/li>\n<li data-start=\"748\" data-end=\"801\">\n<p data-start=\"750\" data-end=\"801\"><strong data-start=\"750\" data-end=\"769\">ISOFIX s\u00fcsteem:<\/strong> jah (pikendatavad kinnitused)<\/p>\n<\/li>\n<li data-start=\"802\" data-end=\"842\">\n<p data-start=\"804\" data-end=\"842\"><strong data-start=\"804\" data-end=\"816\">Peatugi:<\/strong> reguleeritav 10 asendis<\/p>\n<\/li>\n<li data-start=\"843\" data-end=\"888\">\n<p data-start=\"845\" data-end=\"888\"><strong data-start=\"845\" data-end=\"860\">K\u00fclgkaitse:<\/strong> jah (kaitsvad k\u00fclgtiivad)<\/p>\n<\/li>\n<li data-start=\"889\" data-end=\"955\">\n<p data-start=\"891\" data-end=\"955\"><strong data-start=\"891\" data-end=\"903\">Mugavus:<\/strong> s\u00fcgav polsterdus, viskoelastne pehmendus, k\u00e4etoed<\/p>\n<\/li>\n<li data-start=\"956\" data-end=\"1051\">\n<p data-start=\"958\" data-end=\"1051\"><strong data-start=\"958\" data-end=\"971\">Muudetav:<\/strong> jah \u2013 seljatuge saab eemaldada, et kasutada istmek\u00f5rgendusena viimases etapis<\/p>\n<\/li>\n<li data-start=\"1142\" data-end=\"1162\">\n<p data-start=\"1144\" data-end=\"1162\"><strong data-start=\"1144\" data-end=\"1153\">Kaal:<\/strong> 4,9 kg<\/p>\n<\/li>\n<li data-start=\"1163\" data-end=\"1221\">\n<p data-start=\"1165\" data-end=\"1221\"><strong data-start=\"1165\" data-end=\"1176\">M\u00f5\u00f5dud:<\/strong> laius 43 cm \u00d7 k\u00f5rgus 61 cm \u00d7 s\u00fcgavus 37 cm<\/p>\n<\/li>\n<\/ul>\n<hr data-start=\"1154\" data-end=\"1157\" \/>\n<h4 data-start=\"1159\" data-end=\"1206\"><strong data-start=\"1164\" data-end=\"1206\">Turvalisus ja mugavus igal kilomeetril<\/strong><\/h4>\n<p data-start=\"1207\" data-end=\"1531\">R129 standardile vastav <strong data-start=\"1231\" data-end=\"1243\">Boostkid<\/strong> pakub tugevat kaitset t\u00e4nu s\u00fcgavale polsterdusele ja k\u00fclgtiibadele, mis kaitsevad k\u00fclgkokkup\u00f5rke korral.<br data-start=\"1348\" data-end=\"1351\" \/>Integreeritud turvav\u00f6\u00f6 suunaja tagab, et auto turvav\u00f6\u00f6 oleks alati \u00f5igesti asetatud \u00fcle lapse \u00f5lgade ja vaagnapiirkonna \u2013 oluline tegur turvalisuse tagamisel istmek\u00f5rgendite puhul.<\/p>\n<p data-start=\"1533\" data-end=\"1739\">Mugavuse eest hoolitsevad kvaliteetsed kangad, lai iste, k\u00e4etoed ja kogu tooli ulatuses olev viskoelastne pehmendus.<br data-start=\"1649\" data-end=\"1652\" \/>10-positsiooniline reguleeritav peatugi kasvab koos lapsega, pakkudes alati \u00f5iget tuge.<\/p>\n<hr data-start=\"2051\" data-end=\"2054\" \/>\n<h4 data-start=\"2056\" data-end=\"2103\"><strong data-start=\"2061\" data-end=\"2103\">Praktiline valik aktiivsetele peredele<\/strong><\/h4>\n<p data-start=\"2104\" data-end=\"2432\">Boostkid on <strong data-start=\"2116\" data-end=\"2166\">kerge ja h\u00f5lpsasti \u00fchest autost teise t\u00f5stetav<\/strong>, sobides suurep\u00e4raselt peredele, kes vahetavad s\u00f5idukeid.<br data-start=\"2224\" data-end=\"2227\" \/>Paigaldus on lihtne ja paindlik \u2013 ISOFIX kinnituste ja\/v\u00f5i auto 3-punkti turvav\u00f6\u00f6 abil, mist\u00f5ttu sobib see <strong data-start=\"2334\" data-end=\"2365\">peaaegu k\u00f5igile s\u00f5idukitele<\/strong>.<br data-start=\"2366\" data-end=\"2369\" \/>Kompaktne disain tagab hea sobivuse ka v\u00e4iksematesse autodesse.<\/p>\n<p data-start=\"2434\" data-end=\"2598\">Kui laps on piisavalt suur ja seljatugi pole enam vajalik, saab selle eemaldada ning kasutada Boostkidi <strong data-start=\"2538\" data-end=\"2568\">tavalise istmek\u00f5rgendusena<\/strong>, pikendades toote kasutusiga.<\/p>\n","protected":false},"excerpt":{"rendered":"<p>AXKID Boostkid \u2013 Turvaline ja Mugav (100\u2013150 cm) AXKID Boostkid on turvatool (grupp 2\/3), mis on loodud tagama kasvavale lapsele maksimaalse turvalisuse, mugavuse ja ergonoomika (100\u2013150 cm).R129 standardile vastav Boostkid kohandub ideaalselt lapse kasvades, pakkudes kindlat kaitset ja praktilist disaini igap\u00e4evaseks kasutamiseks. Peamised omadused Ohutusstandard: R129 Lapse pikkus: 100\u2013150 cm Vanus: ligikaudu 4\u201312 aastat Paigaldus: [&hellip;]<\/p>\n","protected":false},"featured_media":508030,"template":"","meta":{"_acf_changed":false},"pwb-brand":[11955],"product_brand":[],"product_cat":[11813,11727,11739,11791],"product_tag":[],"class_list":{"0":"post-457458","1":"product","2":"type-product","3":"status-publish","4":"has-post-thumbnail","6":"pwb-brand-axkid-ru","7":"product_cat-axkid-ru","8":"product_cat-turvatoolid-hallid-ru","9":"product_cat-turvatoolid-15-36-kg-ru","10":"product_cat-turvavarustus-ru","11":"pa_manufacturer-axkid-ru","13":"first","14":"onbackorder","15":"taxable","16":"shipping-taxable","17":"purchasable","18":"product-type-simple"},"exclude_global_add_ons":[],"addons":[],"acf":[],"yoast_head":"<!-- This site is optimized with the Yoast SEO plugin v27.1.1 - https:\/\/yoast.com\/product\/yoast-seo-wordpress\/ -->\n<title>Axkid ONE 2 turvatool 61-125cm, Tar, \u0421\u041a\u0418\u0414\u041a\u0418, \u0410\u0432\u0442\u043e\u043a\u0440\u0435\u0441\u043b\u0430, \u043b\u044e\u043b\u044c\u043a\u0438, \u0410\u0432\u0442\u043e\u043a\u0440\u0435\u0441\u043b\u0430 9-25 \u043a\u0433, \u0421\u043d\u0430\u0440\u044f\u0436\u0435\u043d\u0438\u044f \u0431\u0435\u0437\u043e\u043f\u0430\u0441\u043d\u043e\u0441\u0442\u0438, Axkid, Axkid One 2 , A\u0432\u0442\u043e\u043a\u0440\u0435\u0441\u043b\u043e \u0441\u043f\u0438\u043d\u043e\u0439 \u043f\u043e \u0445\u043e\u0434\u0443, Beebipood<\/title>\n<meta name=\"description\" content=\"Axkid ONE 2 turvatool 61-125cm, Tar, Axkid ONE 2 - \u00dcks turvatool l\u00e4bi lapsep\u00f5lve! AXKID ONE 2 annab turvatoolide ohutusele uue standar\" \/>\n<meta name=\"robots\" content=\"index, follow, max-snippet:-1, max-image-preview:large, max-video-preview:-1\" \/>\n<link rel=\"canonical\" href=\"https:\/\/beebipood.ee\/ru\/produkt\/axkid-boostkid-turvatool-100-150cm-shell-black\/\" \/>\n<meta property=\"og:locale\" content=\"ru_RU\" \/>\n<meta property=\"og:type\" content=\"article\" \/>\n<meta property=\"og:title\" content=\"Axkid ONE 2 turvatool 61-125cm, Tar, \u0421\u041a\u0418\u0414\u041a\u0418, \u0410\u0432\u0442\u043e\u043a\u0440\u0435\u0441\u043b\u0430, \u043b\u044e\u043b\u044c\u043a\u0438, \u0410\u0432\u0442\u043e\u043a\u0440\u0435\u0441\u043b\u0430 9-25 \u043a\u0433, \u0421\u043d\u0430\u0440\u044f\u0436\u0435\u043d\u0438\u044f \u0431\u0435\u0437\u043e\u043f\u0430\u0441\u043d\u043e\u0441\u0442\u0438, Axkid, Axkid One 2 , A\u0432\u0442\u043e\u043a\u0440\u0435\u0441\u043b\u043e \u0441\u043f\u0438\u043d\u043e\u0439 \u043f\u043e \u0445\u043e\u0434\u0443, Beebipood\" \/>\n<meta property=\"og:description\" content=\"Axkid ONE 2 turvatool 61-125cm, Tar, Axkid ONE 2 - \u00dcks turvatool l\u00e4bi lapsep\u00f5lve! AXKID ONE 2 annab turvatoolide ohutusele uue standar\" \/>\n<meta property=\"og:url\" content=\"https:\/\/beebipood.ee\/ru\/produkt\/axkid-boostkid-turvatool-100-150cm-shell-black\/\" \/>\n<meta property=\"og:site_name\" content=\"Beebipood\" \/>\n<meta property=\"article:modified_time\" content=\"2025-10-14T10:54:53+00:00\" \/>\n<meta property=\"og:image\" content=\"https:\/\/beebipood.ee\/wp-content\/uploads\/2016\/11\/axkidboostkidshellblack2.jpg\" \/>\n\t<meta property=\"og:image:width\" content=\"800\" \/>\n\t<meta property=\"og:image:height\" content=\"960\" \/>\n\t<meta property=\"og:image:type\" content=\"image\/jpeg\" \/>\n<meta name=\"twitter:card\" content=\"summary_large_image\" \/>\n<meta name=\"twitter:label1\" content=\"\u041f\u0440\u0438\u043c\u0435\u0440\u043d\u043e\u0435 \u0432\u0440\u0435\u043c\u044f \u0434\u043b\u044f \u0447\u0442\u0435\u043d\u0438\u044f\" \/>\n\t<meta name=\"twitter:data1\" content=\"2 \u043c\u0438\u043d\u0443\u0442\u044b\" \/>\n<script type=\"application\/ld+json\" class=\"yoast-schema-graph\">{\"@context\":\"https:\/\/schema.org\",\"@graph\":[{\"@type\":\"WebPage\",\"@id\":\"https:\/\/beebipood.ee\/ru\/produkt\/axkid-boostkid-turvatool-100-150cm-shell-black\/\",\"url\":\"https:\/\/beebipood.ee\/ru\/produkt\/axkid-boostkid-turvatool-100-150cm-shell-black\/\",\"name\":\"Axkid ONE 2 turvatool 61-125cm, Tar, \u0421\u041a\u0418\u0414\u041a\u0418, \u0410\u0432\u0442\u043e\u043a\u0440\u0435\u0441\u043b\u0430, \u043b\u044e\u043b\u044c\u043a\u0438, \u0410\u0432\u0442\u043e\u043a\u0440\u0435\u0441\u043b\u0430 9-25 \u043a\u0433, \u0421\u043d\u0430\u0440\u044f\u0436\u0435\u043d\u0438\u044f \u0431\u0435\u0437\u043e\u043f\u0430\u0441\u043d\u043e\u0441\u0442\u0438, Axkid, Axkid One 2 , A\u0432\u0442\u043e\u043a\u0440\u0435\u0441\u043b\u043e \u0441\u043f\u0438\u043d\u043e\u0439 \u043f\u043e \u0445\u043e\u0434\u0443, Beebipood\",\"isPartOf\":{\"@id\":\"https:\/\/beebipood.ee\/ru\/#website\"},\"primaryImageOfPage\":{\"@id\":\"https:\/\/beebipood.ee\/ru\/produkt\/axkid-boostkid-turvatool-100-150cm-shell-black\/#primaryimage\"},\"image\":{\"@id\":\"https:\/\/beebipood.ee\/ru\/produkt\/axkid-boostkid-turvatool-100-150cm-shell-black\/#primaryimage\"},\"thumbnailUrl\":\"https:\/\/beebipood.ee\/wp-content\/uploads\/2016\/11\/axkidboostkidshellblack2.jpg\",\"datePublished\":\"2025-10-14T06:24:29+00:00\",\"dateModified\":\"2025-10-14T10:54:53+00:00\",\"description\":\"Axkid ONE 2 turvatool 61-125cm, Tar, Axkid ONE 2 - \u00dcks turvatool l\u00e4bi lapsep\u00f5lve! AXKID ONE 2 annab turvatoolide ohutusele uue standar\",\"breadcrumb\":{\"@id\":\"https:\/\/beebipood.ee\/ru\/produkt\/axkid-boostkid-turvatool-100-150cm-shell-black\/#breadcrumb\"},\"inLanguage\":\"ru-RU\",\"potentialAction\":[{\"@type\":\"ReadAction\",\"target\":[\"https:\/\/beebipood.ee\/ru\/produkt\/axkid-boostkid-turvatool-100-150cm-shell-black\/\"]}]},{\"@type\":\"ImageObject\",\"inLanguage\":\"ru-RU\",\"@id\":\"https:\/\/beebipood.ee\/ru\/produkt\/axkid-boostkid-turvatool-100-150cm-shell-black\/#primaryimage\",\"url\":\"https:\/\/beebipood.ee\/wp-content\/uploads\/2016\/11\/axkidboostkidshellblack2.jpg\",\"contentUrl\":\"https:\/\/beebipood.ee\/wp-content\/uploads\/2016\/11\/axkidboostkidshellblack2.jpg\",\"width\":800,\"height\":960},{\"@type\":\"BreadcrumbList\",\"@id\":\"https:\/\/beebipood.ee\/ru\/produkt\/axkid-boostkid-turvatool-100-150cm-shell-black\/#breadcrumb\",\"itemListElement\":[{\"@type\":\"ListItem\",\"position\":1,\"name\":\"Home\",\"item\":\"https:\/\/beebipood.ee\/ru\/\"},{\"@type\":\"ListItem\",\"position\":2,\"name\":\"\u041a\u0430\u0442\u0430\u043b\u043e\u0433 \u0442\u043e\u0432\u0430\u0440\u043e\u0432\",\"item\":\"https:\/\/beebipood.ee\/tooted\/\"},{\"@type\":\"ListItem\",\"position\":3,\"name\":\"Axkid Boostkid turvatool 100-150cm, Shell black\"}]},{\"@type\":\"WebSite\",\"@id\":\"https:\/\/beebipood.ee\/ru\/#website\",\"url\":\"https:\/\/beebipood.ee\/ru\/\",\"name\":\"Beebipood\",\"description\":\"Lastekaubad, beebikaubad, m\u00e4nguasjad\",\"publisher\":{\"@id\":\"https:\/\/beebipood.ee\/ru\/#organization\"},\"potentialAction\":[{\"@type\":\"SearchAction\",\"target\":{\"@type\":\"EntryPoint\",\"urlTemplate\":\"https:\/\/beebipood.ee\/ru\/?s={search_term_string}\"},\"query-input\":{\"@type\":\"PropertyValueSpecification\",\"valueRequired\":true,\"valueName\":\"search_term_string\"}}],\"inLanguage\":\"ru-RU\"},{\"@type\":\"Organization\",\"@id\":\"https:\/\/beebipood.ee\/ru\/#organization\",\"name\":\"Beebipood\",\"url\":\"https:\/\/beebipood.ee\/ru\/\",\"logo\":{\"@type\":\"ImageObject\",\"inLanguage\":\"ru-RU\",\"@id\":\"https:\/\/beebipood.ee\/ru\/#\/schema\/logo\/image\/\",\"url\":\"https:\/\/beebipood.ee\/wp-content\/uploads\/2025\/03\/beebipood.ee-logo-1.svg\",\"contentUrl\":\"https:\/\/beebipood.ee\/wp-content\/uploads\/2025\/03\/beebipood.ee-logo-1.svg\",\"caption\":\"Beebipood\"},\"image\":{\"@id\":\"https:\/\/beebipood.ee\/ru\/#\/schema\/logo\/image\/\"}}]}<\/script>\n<!-- \/ Yoast SEO plugin. -->","yoast_head_json":{"title":"Axkid ONE 2 turvatool 61-125cm, Tar, \u0421\u041a\u0418\u0414\u041a\u0418, \u0410\u0432\u0442\u043e\u043a\u0440\u0435\u0441\u043b\u0430, \u043b\u044e\u043b\u044c\u043a\u0438, \u0410\u0432\u0442\u043e\u043a\u0440\u0435\u0441\u043b\u0430 9-25 \u043a\u0433, \u0421\u043d\u0430\u0440\u044f\u0436\u0435\u043d\u0438\u044f \u0431\u0435\u0437\u043e\u043f\u0430\u0441\u043d\u043e\u0441\u0442\u0438, Axkid, Axkid One 2 , A\u0432\u0442\u043e\u043a\u0440\u0435\u0441\u043b\u043e \u0441\u043f\u0438\u043d\u043e\u0439 \u043f\u043e \u0445\u043e\u0434\u0443, Beebipood","description":"Axkid ONE 2 turvatool 61-125cm, Tar, Axkid ONE 2 - \u00dcks turvatool l\u00e4bi lapsep\u00f5lve! AXKID ONE 2 annab turvatoolide ohutusele uue standar","robots":{"index":"index","follow":"follow","max-snippet":"max-snippet:-1","max-image-preview":"max-image-preview:large","max-video-preview":"max-video-preview:-1"},"canonical":"https:\/\/beebipood.ee\/ru\/produkt\/axkid-boostkid-turvatool-100-150cm-shell-black\/","og_locale":"ru_RU","og_type":"article","og_title":"Axkid ONE 2 turvatool 61-125cm, Tar, \u0421\u041a\u0418\u0414\u041a\u0418, \u0410\u0432\u0442\u043e\u043a\u0440\u0435\u0441\u043b\u0430, \u043b\u044e\u043b\u044c\u043a\u0438, \u0410\u0432\u0442\u043e\u043a\u0440\u0435\u0441\u043b\u0430 9-25 \u043a\u0433, \u0421\u043d\u0430\u0440\u044f\u0436\u0435\u043d\u0438\u044f \u0431\u0435\u0437\u043e\u043f\u0430\u0441\u043d\u043e\u0441\u0442\u0438, Axkid, Axkid One 2 , A\u0432\u0442\u043e\u043a\u0440\u0435\u0441\u043b\u043e \u0441\u043f\u0438\u043d\u043e\u0439 \u043f\u043e \u0445\u043e\u0434\u0443, Beebipood","og_description":"Axkid ONE 2 turvatool 61-125cm, Tar, Axkid ONE 2 - \u00dcks turvatool l\u00e4bi lapsep\u00f5lve! AXKID ONE 2 annab turvatoolide ohutusele uue standar","og_url":"https:\/\/beebipood.ee\/ru\/produkt\/axkid-boostkid-turvatool-100-150cm-shell-black\/","og_site_name":"Beebipood","article_modified_time":"2025-10-14T10:54:53+00:00","og_image":[{"width":800,"height":960,"url":"https:\/\/beebipood.ee\/wp-content\/uploads\/2016\/11\/axkidboostkidshellblack2.jpg","type":"image\/jpeg"}],"twitter_card":"summary_large_image","twitter_misc":{"\u041f\u0440\u0438\u043c\u0435\u0440\u043d\u043e\u0435 \u0432\u0440\u0435\u043c\u044f \u0434\u043b\u044f \u0447\u0442\u0435\u043d\u0438\u044f":"2 \u043c\u0438\u043d\u0443\u0442\u044b"},"schema":{"@context":"https:\/\/schema.org","@graph":[{"@type":"WebPage","@id":"https:\/\/beebipood.ee\/ru\/produkt\/axkid-boostkid-turvatool-100-150cm-shell-black\/","url":"https:\/\/beebipood.ee\/ru\/produkt\/axkid-boostkid-turvatool-100-150cm-shell-black\/","name":"Axkid ONE 2 turvatool 61-125cm, Tar, \u0421\u041a\u0418\u0414\u041a\u0418, \u0410\u0432\u0442\u043e\u043a\u0440\u0435\u0441\u043b\u0430, \u043b\u044e\u043b\u044c\u043a\u0438, \u0410\u0432\u0442\u043e\u043a\u0440\u0435\u0441\u043b\u0430 9-25 \u043a\u0433, \u0421\u043d\u0430\u0440\u044f\u0436\u0435\u043d\u0438\u044f \u0431\u0435\u0437\u043e\u043f\u0430\u0441\u043d\u043e\u0441\u0442\u0438, Axkid, Axkid One 2 , A\u0432\u0442\u043e\u043a\u0440\u0435\u0441\u043b\u043e \u0441\u043f\u0438\u043d\u043e\u0439 \u043f\u043e \u0445\u043e\u0434\u0443, Beebipood","isPartOf":{"@id":"https:\/\/beebipood.ee\/ru\/#website"},"primaryImageOfPage":{"@id":"https:\/\/beebipood.ee\/ru\/produkt\/axkid-boostkid-turvatool-100-150cm-shell-black\/#primaryimage"},"image":{"@id":"https:\/\/beebipood.ee\/ru\/produkt\/axkid-boostkid-turvatool-100-150cm-shell-black\/#primaryimage"},"thumbnailUrl":"https:\/\/beebipood.ee\/wp-content\/uploads\/2016\/11\/axkidboostkidshellblack2.jpg","datePublished":"2025-10-14T06:24:29+00:00","dateModified":"2025-10-14T10:54:53+00:00","description":"Axkid ONE 2 turvatool 61-125cm, Tar, Axkid ONE 2 - \u00dcks turvatool l\u00e4bi lapsep\u00f5lve! AXKID ONE 2 annab turvatoolide ohutusele uue standar","breadcrumb":{"@id":"https:\/\/beebipood.ee\/ru\/produkt\/axkid-boostkid-turvatool-100-150cm-shell-black\/#breadcrumb"},"inLanguage":"ru-RU","potentialAction":[{"@type":"ReadAction","target":["https:\/\/beebipood.ee\/ru\/produkt\/axkid-boostkid-turvatool-100-150cm-shell-black\/"]}]},{"@type":"ImageObject","inLanguage":"ru-RU","@id":"https:\/\/beebipood.ee\/ru\/produkt\/axkid-boostkid-turvatool-100-150cm-shell-black\/#primaryimage","url":"https:\/\/beebipood.ee\/wp-content\/uploads\/2016\/11\/axkidboostkidshellblack2.jpg","contentUrl":"https:\/\/beebipood.ee\/wp-content\/uploads\/2016\/11\/axkidboostkidshellblack2.jpg","width":800,"height":960},{"@type":"BreadcrumbList","@id":"https:\/\/beebipood.ee\/ru\/produkt\/axkid-boostkid-turvatool-100-150cm-shell-black\/#breadcrumb","itemListElement":[{"@type":"ListItem","position":1,"name":"Home","item":"https:\/\/beebipood.ee\/ru\/"},{"@type":"ListItem","position":2,"name":"\u041a\u0430\u0442\u0430\u043b\u043e\u0433 \u0442\u043e\u0432\u0430\u0440\u043e\u0432","item":"https:\/\/beebipood.ee\/tooted\/"},{"@type":"ListItem","position":3,"name":"Axkid Boostkid turvatool 100-150cm, Shell black"}]},{"@type":"WebSite","@id":"https:\/\/beebipood.ee\/ru\/#website","url":"https:\/\/beebipood.ee\/ru\/","name":"Beebipood","description":"Lastekaubad, beebikaubad, m\u00e4nguasjad","publisher":{"@id":"https:\/\/beebipood.ee\/ru\/#organization"},"potentialAction":[{"@type":"SearchAction","target":{"@type":"EntryPoint","urlTemplate":"https:\/\/beebipood.ee\/ru\/?s={search_term_string}"},"query-input":{"@type":"PropertyValueSpecification","valueRequired":true,"valueName":"search_term_string"}}],"inLanguage":"ru-RU"},{"@type":"Organization","@id":"https:\/\/beebipood.ee\/ru\/#organization","name":"Beebipood","url":"https:\/\/beebipood.ee\/ru\/","logo":{"@type":"ImageObject","inLanguage":"ru-RU","@id":"https:\/\/beebipood.ee\/ru\/#\/schema\/logo\/image\/","url":"https:\/\/beebipood.ee\/wp-content\/uploads\/2025\/03\/beebipood.ee-logo-1.svg","contentUrl":"https:\/\/beebipood.ee\/wp-content\/uploads\/2025\/03\/beebipood.ee-logo-1.svg","caption":"Beebipood"},"image":{"@id":"https:\/\/beebipood.ee\/ru\/#\/schema\/logo\/image\/"}}]}},"brands":[{"id":11955,"name":"Axkid","slug":"axkid-ru"}],"_links":{"self":[{"href":"https:\/\/beebipood.ee\/ru\/wp-json\/wp\/v2\/product\/457458","targetHints":{"allow":["GET"]}}],"collection":[{"href":"https:\/\/beebipood.ee\/ru\/wp-json\/wp\/v2\/product"}],"about":[{"href":"https:\/\/beebipood.ee\/ru\/wp-json\/wp\/v2\/types\/product"}],"wp:featuredmedia":[{"embeddable":true,"href":"https:\/\/beebipood.ee\/ru\/wp-json\/wp\/v2\/media\/508030"}],"wp:attachment":[{"href":"https:\/\/beebipood.ee\/ru\/wp-json\/wp\/v2\/media?parent=457458"}],"wp:term":[{"taxonomy":"pwb-brand","embeddable":true,"href":"https:\/\/beebipood.ee\/ru\/wp-json\/wp\/v2\/pwb-brand?post=457458"},{"taxonomy":"product_brand","embeddable":true,"href":"https:\/\/beebipood.ee\/ru\/wp-json\/wp\/v2\/product_brand?post=457458"},{"taxonomy":"product_cat","embeddable":true,"href":"https:\/\/beebipood.ee\/ru\/wp-json\/wp\/v2\/product_cat?post=457458"},{"taxonomy":"product_tag","embeddable":true,"href":"https:\/\/beebipood.ee\/ru\/wp-json\/wp\/v2\/product_tag?post=457458"}],"curies":[{"name":"wp","href":"https:\/\/api.w.org\/{rel}","templated":true}]}}