{"id":457468,"date":"2016-11-08T10:36:12","date_gmt":"2016-11-08T08:36:12","guid":{"rendered":"https:\/\/beebipood.ee\/toode\/axkid-minikid-4-turvatool-granite-melange\/"},"modified":"2025-04-04T09:34:12","modified_gmt":"2025-04-04T06:34:12","slug":"axkid-minikid-4-max-turvatool-61-125cm-36kg-arctic-mist-grey","status":"publish","type":"product","link":"https:\/\/beebipood.ee\/ru\/produkt\/axkid-minikid-4-max-turvatool-61-125cm-36kg-arctic-mist-grey\/","title":{"rendered":"Axkid Minikid 4 Max turvatool 61-125cm\/36kg, Arctic Mist Grey"},"content":{"rendered":"<p>Axkid Minikid 4 MAX on populaarse Minikid turvatoolide seeria uuendatud versioon.<br \/>\nHeakskiidetud seljaga s\u00f5idusuunas alates 61cm kuni 125cm<br \/>\nja vastab uuele R129 (i-Size) turvastandardile.<br \/>\nMinikid 4 MAX maksimaalne lubatud lapse kaal on 36 kg<br \/>\nning loomulikult on turvatool l\u00e4binud ka \u00fclikarmi Plus Testi.<br \/>\nAutomaatselt \u00f5igele k\u00f5rgusele reguleeritav peatugi,<br \/>\niselukustuvad kinnitusrihmad, kompaktne suurus, mugav jalaruum,<br \/>\nASIP ja v\u00e4ga pikk seljatoe osa, mis sobib lastele vanuseni 7+<\/p>\n<p>Minikid 4 Max uuendused on j\u00e4rgmised:<br \/>\nMugavam ja avatum peatugi<br \/>\nEemaldatav selja \u00fclaosa lisapehmendus<br \/>\nBeebisisu on t\u00e4iendatud m\u00e4luvahu ja v\u00f5rkkangaga,<br \/>\net pakkuda k\u00f5ige v\u00e4iksematele paremat tuge ja ventilatsiooni<br \/>\nUus ja pehmem kangas<br \/>\nMagnetiga rihamd, mis kinnituvad sujuvalt peatoe k\u00fclge.<\/p>\n<p>Minikid 4 Max turvatooli on v\u00f5imalik paigalda v\u00e4hem kui 60 sekundiga<br \/>\nt\u00e4nu iselukustuvatele kinnitusrihmadele ja \u00fchele turvav\u00f6\u00f6 klambrile istme keskel.<br \/>\nV\u00e4ga \u00fcksikasjalikud paigaldusjuhised on saadaval ka BILT-l (3D-juhised)<br \/>\nLihtsalt suunake oma nutitelefoni kaamera QR-koodile<br \/>\nja info kuvatakse lihtsad samm-sammult nii videod kui fotod.<br \/>\nV\u00e4ga kasulik neile, kes pole harjunud seljaga s\u00f5idusuunas turvatooli paigaldama.<br \/>\nVaatamata oma muljetavaldavale ruumikusele on Minikid 4 Max<br \/>\n\u00fcks kompaktsemaid saadaolevatest seljaga s\u00f5idusuunas turvatoolidest<br \/>\nning sobib h\u00e4sti v\u00e4ikestesse kuni suurtesse autodesse.<\/p>\n<p>Axkid Minikid 4 Max peatoe disain on palju avatum<br \/>\nning lapse pead l\u00fckatakse parema mugavuse<br \/>\nja une tagamiseks palju v\u00e4hem ette poole.<br \/>\nPeatoel on\u00a013 reguleeritavat peatoe asendit<\/p>\n<p>Lapse jalaruum on reguleeritav vastavalt teie eelistustele.<br \/>\nV\u00e4ikelaste jaoks pole jalaruumi v\u00e4ga palju vaja<br \/>\nning Minikid 4 Max saab paigaldada vastu s\u00f5iduki istme seljatuge,<br \/>\nmuutes selle v\u00e4ga kompaktseks.<br \/>\nMinikid 4 Max v\u00f5tab autos minimaalselt 15 cm ruumi v\u00e4hem<br \/>\nkui sarnased seljaga s\u00f5idusuunas turvatoolid, pakkudes samas 30 cm jalaruumi.<br \/>\nTurvatooli saab paigaldada erinevatesse asenditesse<br \/>\nja t\u00e4nu disainile see sobib paljudesse autodesse.<\/p>\n<p>Axkid Minikid 4 Max on ametlikult heaks kiidetud 61\u2013125 cm pikkusetele.<br \/>\nMinikid 4 Max -l on ruumikad sisem\u00f5\u00f5tmed ja v\u00e4line laius on vaid 44 cm,<br \/>\nmis on kasulik siis kui soovite paigutada kaks v\u00f5i enam turvatooli k\u00f5rvuti<br \/>\nv\u00f5i soovite maksimeerida ruumi t\u00e4iskasvanutele tagaistmel.<\/p>\n<p>Axkid Minikid 4 Max-l on ka uuendatud kangas ja parema mugavuse huvides<br \/>\nsai lisatud ka lisapehmendus.<br \/>\nKangas ei sisalda kemikaale, on kergesti eemaldatav ja pestav 30 kraadi juures.<\/p>\n<p>Kasutatav umbes 7. eluaastani<br \/>\nHeakskiidetud pikkus: 61-125cm<br \/>\nHeakskiidetud kaal: kuni 36 kg<br \/>\nK\u00f5rged pehmendusega \u00e4\u00e4red pakkumaks turvalist kaitset ka k\u00fclgedelt<br \/>\nK\u00fclgkokkup\u00f5rke kaitse \u2013 ASIP (Axkid Side Impact Protection)<br \/>\n5-punkti turvav\u00f6\u00f6<br \/>\nBeebisisu lapsele 61-105 cm<br \/>\nReguleeritav kaldenurk 5-asendisse<br \/>\nLihtne kinnitada 3-punkti turvav\u00f6\u00f6ga (sobib k\u00f5ikidele istmetele autos)<br \/>\n\u00dche nupuvajutusega tugijalg<br \/>\nEkstrapikk tugijalg tagab mugava paigutuse erinevatesse autodesse<br \/>\nReguleeritav peatugi 13-asendisse<br \/>\nTurvatooli kate on eemaldatav ja masinpestav 30\u00b0 juures<br \/>\nL\u00e4binud PLUS TESTI Rootsis<br \/>\nAxkid Minikid vastab Euroopas kehtivatele n\u00f5uetele R129<br \/>\nN\u00e4itajad<br \/>\nLaius: 44 cm<br \/>\nK\u00f5rgus: 65 cm<br \/>\nS\u00fcgavus: 54 cm<br \/>\nKaal: 11 kg<\/p>\n","protected":false},"excerpt":{"rendered":"<p>Axkid Minikid 4 MAX on populaarse Minikid turvatoolide seeria uuendatud versioon. Heakskiidetud seljaga s\u00f5idusuunas alates 61cm kuni 125cm ja vastab uuele R129 (i-Size) turvastandardile. Minikid 4 MAX maksimaalne lubatud lapse kaal on 36 kg ning loomulikult on turvatool l\u00e4binud ka \u00fclikarmi Plus Testi. Automaatselt \u00f5igele k\u00f5rgusele reguleeritav peatugi, iselukustuvad kinnitusrihmad, kompaktne suurus, mugav jalaruum, ASIP [&hellip;]<\/p>\n","protected":false},"featured_media":503178,"template":"","meta":{"_acf_changed":false},"pwb-brand":[11955],"product_brand":[],"product_cat":[11573,11813,11727,11869,11733,11855,11791],"product_tag":[],"class_list":{"0":"post-457468","1":"product","2":"type-product","3":"status-publish","4":"has-post-thumbnail","6":"pwb-brand-axkid-ru","7":"product_cat-sooduspakkumised-ru","8":"product_cat-axkid-ru","9":"product_cat-turvatoolid-hallid-ru","10":"product_cat-axkid-minikid-4-max","11":"product_cat-turvatoolid-0-25-kg-ru","12":"product_cat-sss-turvatoolid-ru","13":"product_cat-turvavarustus-ru","14":"pa_manufacturer-axkid-ru","16":"first","17":"instock","18":"sale","19":"taxable","20":"shipping-taxable","21":"purchasable","22":"product-type-simple"},"exclude_global_add_ons":[],"addons":[],"acf":[],"yoast_head":"<!-- This site is optimized with the Yoast SEO plugin v27.1.1 - https:\/\/yoast.com\/product\/yoast-seo-wordpress\/ -->\n<title>Axkid Minikid 4 turvatool, Granite Melange, \u0421\u041a\u0418\u0414\u041a\u0418, \u0410\u0432\u0442\u043e\u043a\u0440\u0435\u0441\u043b\u0430, \u043b\u044e\u043b\u044c\u043a\u0438, \u0410\u0432\u0442\u043e\u043a\u0440\u0435\u0441\u043b\u0430 0-25 \u043a\u0433, \u0421\u043d\u0430\u0440\u044f\u0436\u0435\u043d\u0438\u044f \u0431\u0435\u0437\u043e\u043f\u0430\u0441\u043d\u043e\u0441\u0442\u0438, Axkid, A\u0432\u0442\u043e\u043a\u0440\u0435\u0441\u043b\u043e \u0441\u043f\u0438\u043d\u043e\u0439 \u043f\u043e \u0445\u043e\u0434\u0443, Axkid Minikid 4, Beebipood<\/title>\n<meta name=\"description\" content=\"Axkid Minikid 4 turvatool, Granite Melange, Axkid Minikid 4 on populaarse Minikid 3 uuendatud versioon. Heakskiidetud seljaga s\u00f5idusuunas alates\" \/>\n<meta name=\"robots\" content=\"index, follow, max-snippet:-1, max-image-preview:large, max-video-preview:-1\" \/>\n<link rel=\"canonical\" href=\"https:\/\/beebipood.ee\/ru\/produkt\/axkid-minikid-4-max-turvatool-61-125cm-36kg-arctic-mist-grey\/\" \/>\n<meta property=\"og:locale\" content=\"ru_RU\" \/>\n<meta property=\"og:type\" content=\"article\" \/>\n<meta property=\"og:title\" content=\"Axkid Minikid 4 turvatool, Granite Melange, \u0421\u041a\u0418\u0414\u041a\u0418, \u0410\u0432\u0442\u043e\u043a\u0440\u0435\u0441\u043b\u0430, \u043b\u044e\u043b\u044c\u043a\u0438, \u0410\u0432\u0442\u043e\u043a\u0440\u0435\u0441\u043b\u0430 0-25 \u043a\u0433, \u0421\u043d\u0430\u0440\u044f\u0436\u0435\u043d\u0438\u044f \u0431\u0435\u0437\u043e\u043f\u0430\u0441\u043d\u043e\u0441\u0442\u0438, Axkid, A\u0432\u0442\u043e\u043a\u0440\u0435\u0441\u043b\u043e \u0441\u043f\u0438\u043d\u043e\u0439 \u043f\u043e \u0445\u043e\u0434\u0443, Axkid Minikid 4, Beebipood\" \/>\n<meta property=\"og:description\" content=\"Axkid Minikid 4 turvatool, Granite Melange, Axkid Minikid 4 on populaarse Minikid 3 uuendatud versioon. Heakskiidetud seljaga s\u00f5idusuunas alates\" \/>\n<meta property=\"og:url\" content=\"https:\/\/beebipood.ee\/ru\/produkt\/axkid-minikid-4-max-turvatool-61-125cm-36kg-arctic-mist-grey\/\" \/>\n<meta property=\"og:site_name\" content=\"Beebipood\" \/>\n<meta property=\"article:modified_time\" content=\"2025-04-04T06:34:12+00:00\" \/>\n<meta property=\"og:image\" content=\"https:\/\/beebipood.ee\/wp-content\/uploads\/2016\/11\/axkid-minikid-4-max-turvatool-61-125cm36kg-arctic-mist-grey-1.jpg\" \/>\n\t<meta property=\"og:image:width\" content=\"2000\" \/>\n\t<meta property=\"og:image:height\" content=\"2000\" \/>\n\t<meta property=\"og:image:type\" content=\"image\/jpeg\" \/>\n<meta name=\"twitter:card\" content=\"summary_large_image\" \/>\n<meta name=\"twitter:label1\" content=\"\u041f\u0440\u0438\u043c\u0435\u0440\u043d\u043e\u0435 \u0432\u0440\u0435\u043c\u044f \u0434\u043b\u044f \u0447\u0442\u0435\u043d\u0438\u044f\" \/>\n\t<meta name=\"twitter:data1\" content=\"3 \u043c\u0438\u043d\u0443\u0442\u044b\" \/>\n<script type=\"application\/ld+json\" class=\"yoast-schema-graph\">{\"@context\":\"https:\/\/schema.org\",\"@graph\":[{\"@type\":\"WebPage\",\"@id\":\"https:\/\/beebipood.ee\/ru\/produkt\/axkid-minikid-4-max-turvatool-61-125cm-36kg-arctic-mist-grey\/\",\"url\":\"https:\/\/beebipood.ee\/ru\/produkt\/axkid-minikid-4-max-turvatool-61-125cm-36kg-arctic-mist-grey\/\",\"name\":\"Axkid Minikid 4 turvatool, Granite Melange, \u0421\u041a\u0418\u0414\u041a\u0418, \u0410\u0432\u0442\u043e\u043a\u0440\u0435\u0441\u043b\u0430, \u043b\u044e\u043b\u044c\u043a\u0438, \u0410\u0432\u0442\u043e\u043a\u0440\u0435\u0441\u043b\u0430 0-25 \u043a\u0433, \u0421\u043d\u0430\u0440\u044f\u0436\u0435\u043d\u0438\u044f \u0431\u0435\u0437\u043e\u043f\u0430\u0441\u043d\u043e\u0441\u0442\u0438, Axkid, A\u0432\u0442\u043e\u043a\u0440\u0435\u0441\u043b\u043e \u0441\u043f\u0438\u043d\u043e\u0439 \u043f\u043e \u0445\u043e\u0434\u0443, Axkid Minikid 4, Beebipood\",\"isPartOf\":{\"@id\":\"https:\/\/beebipood.ee\/ru\/#website\"},\"primaryImageOfPage\":{\"@id\":\"https:\/\/beebipood.ee\/ru\/produkt\/axkid-minikid-4-max-turvatool-61-125cm-36kg-arctic-mist-grey\/#primaryimage\"},\"image\":{\"@id\":\"https:\/\/beebipood.ee\/ru\/produkt\/axkid-minikid-4-max-turvatool-61-125cm-36kg-arctic-mist-grey\/#primaryimage\"},\"thumbnailUrl\":\"https:\/\/beebipood.ee\/wp-content\/uploads\/2016\/11\/axkid-minikid-4-max-turvatool-61-125cm36kg-arctic-mist-grey-1.jpg\",\"datePublished\":\"2016-11-08T08:36:12+00:00\",\"dateModified\":\"2025-04-04T06:34:12+00:00\",\"description\":\"Axkid Minikid 4 turvatool, Granite Melange, Axkid Minikid 4 on populaarse Minikid 3 uuendatud versioon. Heakskiidetud seljaga s\u00f5idusuunas alates\",\"breadcrumb\":{\"@id\":\"https:\/\/beebipood.ee\/ru\/produkt\/axkid-minikid-4-max-turvatool-61-125cm-36kg-arctic-mist-grey\/#breadcrumb\"},\"inLanguage\":\"ru-RU\",\"potentialAction\":[{\"@type\":\"ReadAction\",\"target\":[\"https:\/\/beebipood.ee\/ru\/produkt\/axkid-minikid-4-max-turvatool-61-125cm-36kg-arctic-mist-grey\/\"]}]},{\"@type\":\"ImageObject\",\"inLanguage\":\"ru-RU\",\"@id\":\"https:\/\/beebipood.ee\/ru\/produkt\/axkid-minikid-4-max-turvatool-61-125cm-36kg-arctic-mist-grey\/#primaryimage\",\"url\":\"https:\/\/beebipood.ee\/wp-content\/uploads\/2016\/11\/axkid-minikid-4-max-turvatool-61-125cm36kg-arctic-mist-grey-1.jpg\",\"contentUrl\":\"https:\/\/beebipood.ee\/wp-content\/uploads\/2016\/11\/axkid-minikid-4-max-turvatool-61-125cm36kg-arctic-mist-grey-1.jpg\",\"width\":2000,\"height\":2000},{\"@type\":\"BreadcrumbList\",\"@id\":\"https:\/\/beebipood.ee\/ru\/produkt\/axkid-minikid-4-max-turvatool-61-125cm-36kg-arctic-mist-grey\/#breadcrumb\",\"itemListElement\":[{\"@type\":\"ListItem\",\"position\":1,\"name\":\"Home\",\"item\":\"https:\/\/beebipood.ee\/ru\/\"},{\"@type\":\"ListItem\",\"position\":2,\"name\":\"\u041a\u0430\u0442\u0430\u043b\u043e\u0433 \u0442\u043e\u0432\u0430\u0440\u043e\u0432\",\"item\":\"https:\/\/beebipood.ee\/tooted\/\"},{\"@type\":\"ListItem\",\"position\":3,\"name\":\"Axkid Minikid 4 Max turvatool 61-125cm\/36kg, Arctic Mist Grey\"}]},{\"@type\":\"WebSite\",\"@id\":\"https:\/\/beebipood.ee\/ru\/#website\",\"url\":\"https:\/\/beebipood.ee\/ru\/\",\"name\":\"Beebipood\",\"description\":\"Lastekaubad, beebikaubad, m\u00e4nguasjad\",\"publisher\":{\"@id\":\"https:\/\/beebipood.ee\/ru\/#organization\"},\"potentialAction\":[{\"@type\":\"SearchAction\",\"target\":{\"@type\":\"EntryPoint\",\"urlTemplate\":\"https:\/\/beebipood.ee\/ru\/?s={search_term_string}\"},\"query-input\":{\"@type\":\"PropertyValueSpecification\",\"valueRequired\":true,\"valueName\":\"search_term_string\"}}],\"inLanguage\":\"ru-RU\"},{\"@type\":\"Organization\",\"@id\":\"https:\/\/beebipood.ee\/ru\/#organization\",\"name\":\"Beebipood\",\"url\":\"https:\/\/beebipood.ee\/ru\/\",\"logo\":{\"@type\":\"ImageObject\",\"inLanguage\":\"ru-RU\",\"@id\":\"https:\/\/beebipood.ee\/ru\/#\/schema\/logo\/image\/\",\"url\":\"https:\/\/beebipood.ee\/wp-content\/uploads\/2025\/03\/beebipood.ee-logo-1.svg\",\"contentUrl\":\"https:\/\/beebipood.ee\/wp-content\/uploads\/2025\/03\/beebipood.ee-logo-1.svg\",\"caption\":\"Beebipood\"},\"image\":{\"@id\":\"https:\/\/beebipood.ee\/ru\/#\/schema\/logo\/image\/\"}}]}<\/script>\n<!-- \/ Yoast SEO plugin. -->","yoast_head_json":{"title":"Axkid Minikid 4 turvatool, Granite Melange, \u0421\u041a\u0418\u0414\u041a\u0418, \u0410\u0432\u0442\u043e\u043a\u0440\u0435\u0441\u043b\u0430, \u043b\u044e\u043b\u044c\u043a\u0438, \u0410\u0432\u0442\u043e\u043a\u0440\u0435\u0441\u043b\u0430 0-25 \u043a\u0433, \u0421\u043d\u0430\u0440\u044f\u0436\u0435\u043d\u0438\u044f \u0431\u0435\u0437\u043e\u043f\u0430\u0441\u043d\u043e\u0441\u0442\u0438, Axkid, A\u0432\u0442\u043e\u043a\u0440\u0435\u0441\u043b\u043e \u0441\u043f\u0438\u043d\u043e\u0439 \u043f\u043e \u0445\u043e\u0434\u0443, Axkid Minikid 4, Beebipood","description":"Axkid Minikid 4 turvatool, Granite Melange, Axkid Minikid 4 on populaarse Minikid 3 uuendatud versioon. Heakskiidetud seljaga s\u00f5idusuunas alates","robots":{"index":"index","follow":"follow","max-snippet":"max-snippet:-1","max-image-preview":"max-image-preview:large","max-video-preview":"max-video-preview:-1"},"canonical":"https:\/\/beebipood.ee\/ru\/produkt\/axkid-minikid-4-max-turvatool-61-125cm-36kg-arctic-mist-grey\/","og_locale":"ru_RU","og_type":"article","og_title":"Axkid Minikid 4 turvatool, Granite Melange, \u0421\u041a\u0418\u0414\u041a\u0418, \u0410\u0432\u0442\u043e\u043a\u0440\u0435\u0441\u043b\u0430, \u043b\u044e\u043b\u044c\u043a\u0438, \u0410\u0432\u0442\u043e\u043a\u0440\u0435\u0441\u043b\u0430 0-25 \u043a\u0433, \u0421\u043d\u0430\u0440\u044f\u0436\u0435\u043d\u0438\u044f \u0431\u0435\u0437\u043e\u043f\u0430\u0441\u043d\u043e\u0441\u0442\u0438, Axkid, A\u0432\u0442\u043e\u043a\u0440\u0435\u0441\u043b\u043e \u0441\u043f\u0438\u043d\u043e\u0439 \u043f\u043e \u0445\u043e\u0434\u0443, Axkid Minikid 4, Beebipood","og_description":"Axkid Minikid 4 turvatool, Granite Melange, Axkid Minikid 4 on populaarse Minikid 3 uuendatud versioon. Heakskiidetud seljaga s\u00f5idusuunas alates","og_url":"https:\/\/beebipood.ee\/ru\/produkt\/axkid-minikid-4-max-turvatool-61-125cm-36kg-arctic-mist-grey\/","og_site_name":"Beebipood","article_modified_time":"2025-04-04T06:34:12+00:00","og_image":[{"width":2000,"height":2000,"url":"https:\/\/beebipood.ee\/wp-content\/uploads\/2016\/11\/axkid-minikid-4-max-turvatool-61-125cm36kg-arctic-mist-grey-1.jpg","type":"image\/jpeg"}],"twitter_card":"summary_large_image","twitter_misc":{"\u041f\u0440\u0438\u043c\u0435\u0440\u043d\u043e\u0435 \u0432\u0440\u0435\u043c\u044f \u0434\u043b\u044f \u0447\u0442\u0435\u043d\u0438\u044f":"3 \u043c\u0438\u043d\u0443\u0442\u044b"},"schema":{"@context":"https:\/\/schema.org","@graph":[{"@type":"WebPage","@id":"https:\/\/beebipood.ee\/ru\/produkt\/axkid-minikid-4-max-turvatool-61-125cm-36kg-arctic-mist-grey\/","url":"https:\/\/beebipood.ee\/ru\/produkt\/axkid-minikid-4-max-turvatool-61-125cm-36kg-arctic-mist-grey\/","name":"Axkid Minikid 4 turvatool, Granite Melange, \u0421\u041a\u0418\u0414\u041a\u0418, \u0410\u0432\u0442\u043e\u043a\u0440\u0435\u0441\u043b\u0430, \u043b\u044e\u043b\u044c\u043a\u0438, \u0410\u0432\u0442\u043e\u043a\u0440\u0435\u0441\u043b\u0430 0-25 \u043a\u0433, \u0421\u043d\u0430\u0440\u044f\u0436\u0435\u043d\u0438\u044f \u0431\u0435\u0437\u043e\u043f\u0430\u0441\u043d\u043e\u0441\u0442\u0438, Axkid, A\u0432\u0442\u043e\u043a\u0440\u0435\u0441\u043b\u043e \u0441\u043f\u0438\u043d\u043e\u0439 \u043f\u043e \u0445\u043e\u0434\u0443, Axkid Minikid 4, Beebipood","isPartOf":{"@id":"https:\/\/beebipood.ee\/ru\/#website"},"primaryImageOfPage":{"@id":"https:\/\/beebipood.ee\/ru\/produkt\/axkid-minikid-4-max-turvatool-61-125cm-36kg-arctic-mist-grey\/#primaryimage"},"image":{"@id":"https:\/\/beebipood.ee\/ru\/produkt\/axkid-minikid-4-max-turvatool-61-125cm-36kg-arctic-mist-grey\/#primaryimage"},"thumbnailUrl":"https:\/\/beebipood.ee\/wp-content\/uploads\/2016\/11\/axkid-minikid-4-max-turvatool-61-125cm36kg-arctic-mist-grey-1.jpg","datePublished":"2016-11-08T08:36:12+00:00","dateModified":"2025-04-04T06:34:12+00:00","description":"Axkid Minikid 4 turvatool, Granite Melange, Axkid Minikid 4 on populaarse Minikid 3 uuendatud versioon. Heakskiidetud seljaga s\u00f5idusuunas alates","breadcrumb":{"@id":"https:\/\/beebipood.ee\/ru\/produkt\/axkid-minikid-4-max-turvatool-61-125cm-36kg-arctic-mist-grey\/#breadcrumb"},"inLanguage":"ru-RU","potentialAction":[{"@type":"ReadAction","target":["https:\/\/beebipood.ee\/ru\/produkt\/axkid-minikid-4-max-turvatool-61-125cm-36kg-arctic-mist-grey\/"]}]},{"@type":"ImageObject","inLanguage":"ru-RU","@id":"https:\/\/beebipood.ee\/ru\/produkt\/axkid-minikid-4-max-turvatool-61-125cm-36kg-arctic-mist-grey\/#primaryimage","url":"https:\/\/beebipood.ee\/wp-content\/uploads\/2016\/11\/axkid-minikid-4-max-turvatool-61-125cm36kg-arctic-mist-grey-1.jpg","contentUrl":"https:\/\/beebipood.ee\/wp-content\/uploads\/2016\/11\/axkid-minikid-4-max-turvatool-61-125cm36kg-arctic-mist-grey-1.jpg","width":2000,"height":2000},{"@type":"BreadcrumbList","@id":"https:\/\/beebipood.ee\/ru\/produkt\/axkid-minikid-4-max-turvatool-61-125cm-36kg-arctic-mist-grey\/#breadcrumb","itemListElement":[{"@type":"ListItem","position":1,"name":"Home","item":"https:\/\/beebipood.ee\/ru\/"},{"@type":"ListItem","position":2,"name":"\u041a\u0430\u0442\u0430\u043b\u043e\u0433 \u0442\u043e\u0432\u0430\u0440\u043e\u0432","item":"https:\/\/beebipood.ee\/tooted\/"},{"@type":"ListItem","position":3,"name":"Axkid Minikid 4 Max turvatool 61-125cm\/36kg, Arctic Mist Grey"}]},{"@type":"WebSite","@id":"https:\/\/beebipood.ee\/ru\/#website","url":"https:\/\/beebipood.ee\/ru\/","name":"Beebipood","description":"Lastekaubad, beebikaubad, m\u00e4nguasjad","publisher":{"@id":"https:\/\/beebipood.ee\/ru\/#organization"},"potentialAction":[{"@type":"SearchAction","target":{"@type":"EntryPoint","urlTemplate":"https:\/\/beebipood.ee\/ru\/?s={search_term_string}"},"query-input":{"@type":"PropertyValueSpecification","valueRequired":true,"valueName":"search_term_string"}}],"inLanguage":"ru-RU"},{"@type":"Organization","@id":"https:\/\/beebipood.ee\/ru\/#organization","name":"Beebipood","url":"https:\/\/beebipood.ee\/ru\/","logo":{"@type":"ImageObject","inLanguage":"ru-RU","@id":"https:\/\/beebipood.ee\/ru\/#\/schema\/logo\/image\/","url":"https:\/\/beebipood.ee\/wp-content\/uploads\/2025\/03\/beebipood.ee-logo-1.svg","contentUrl":"https:\/\/beebipood.ee\/wp-content\/uploads\/2025\/03\/beebipood.ee-logo-1.svg","caption":"Beebipood"},"image":{"@id":"https:\/\/beebipood.ee\/ru\/#\/schema\/logo\/image\/"}}]}},"brands":[{"id":11955,"name":"Axkid","slug":"axkid-ru"}],"_links":{"self":[{"href":"https:\/\/beebipood.ee\/ru\/wp-json\/wp\/v2\/product\/457468","targetHints":{"allow":["GET"]}}],"collection":[{"href":"https:\/\/beebipood.ee\/ru\/wp-json\/wp\/v2\/product"}],"about":[{"href":"https:\/\/beebipood.ee\/ru\/wp-json\/wp\/v2\/types\/product"}],"wp:featuredmedia":[{"embeddable":true,"href":"https:\/\/beebipood.ee\/ru\/wp-json\/wp\/v2\/media\/503178"}],"wp:attachment":[{"href":"https:\/\/beebipood.ee\/ru\/wp-json\/wp\/v2\/media?parent=457468"}],"wp:term":[{"taxonomy":"pwb-brand","embeddable":true,"href":"https:\/\/beebipood.ee\/ru\/wp-json\/wp\/v2\/pwb-brand?post=457468"},{"taxonomy":"product_brand","embeddable":true,"href":"https:\/\/beebipood.ee\/ru\/wp-json\/wp\/v2\/product_brand?post=457468"},{"taxonomy":"product_cat","embeddable":true,"href":"https:\/\/beebipood.ee\/ru\/wp-json\/wp\/v2\/product_cat?post=457468"},{"taxonomy":"product_tag","embeddable":true,"href":"https:\/\/beebipood.ee\/ru\/wp-json\/wp\/v2\/product_tag?post=457468"}],"curies":[{"name":"wp","href":"https:\/\/api.w.org\/{rel}","templated":true}]}}