{"id":457476,"date":"2025-08-19T09:31:44","date_gmt":"2025-08-19T06:31:44","guid":{"rendered":"https:\/\/beebipood.ee\/toode\/axkid-grow-turvaiste-15-36kg-must\/"},"modified":"2026-04-08T12:23:18","modified_gmt":"2026-04-08T09:23:18","slug":"axkid-mate-2-isofix-turvaiste-15-36kg-shell-black","status":"publish","type":"product","link":"https:\/\/beebipood.ee\/ru\/produkt\/axkid-mate-2-isofix-turvaiste-15-36kg-shell-black\/","title":{"rendered":"Axkid Mate 2 ISOFIX turvaiste 15-36kg, Shell black"},"content":{"rendered":"<h2 data-section-id=\"51eiat\" data-start=\"75\" data-end=\"119\">Mate 2 ISOFIX turvaiste (booster)<\/h2>\n<p data-start=\"120\" data-end=\"165\"><strong data-start=\"120\" data-end=\"165\">Turvaline ja mugav s\u00f5it kasvavale lapsele<\/strong><\/p>\n<p data-start=\"167\" data-end=\"404\">Axkid on <strong>Rootsi br\u00e4nd<\/strong>, kelle tooted on v\u00e4lja t\u00f6\u00f6tatud k\u00f5rgeimat turvalisust, kvaliteeti ja mugavust silmas pidades. Mate 2 ISOFIX on praktiline ja kerge turvaiste, mis on loodud lastele, et tagada <strong data-start=\"266\" data-end=\"323\">\u00f5ige turvav\u00f6\u00f6 asetus ja turvaline s\u00f5it igal teekonnal<\/strong>. T\u00e4nu ISOFIX-kinnitustele p\u00fcsib iste kindlalt paigal ning pakub lisastabiilsust.<\/p>\n<hr data-start=\"406\" data-end=\"409\" \/>\n<h3 data-section-id=\"1l1eiw4\" data-start=\"411\" data-end=\"452\">\ud83d\ude97 \u00d5ige turvav\u00f6\u00f6 asend \u2013 parem kaitse<\/h3>\n<p data-start=\"453\" data-end=\"602\">Integreeritud v\u00f6\u00f6juhik aitab suunata auto turvav\u00f6\u00f6 \u00f5igesti \u00fcle lapse \u00f5la ja puusade, v\u00e4hendades vale paigutuse riski ning tagades maksimaalse kaitse.<\/p>\n<h3 data-section-id=\"124324w\" data-start=\"604\" data-end=\"640\">\ud83d\udd12 Kindel ja stabiilne paigaldus<\/h3>\n<p data-start=\"641\" data-end=\"782\">Pikendatavad ISOFIX-kinnitused hoiavad turvaistme kindlalt paigl ning v\u00e4hendavad selle liikumist autos \u2013 nii on iga s\u00f5it turvalisem ja rahulikum.<\/p>\n<h3 data-section-id=\"1lepif8\" data-start=\"784\" data-end=\"810\">\ud83d\udc66 Kasvab koos lapsega<\/h3>\n<p data-start=\"811\" data-end=\"938\">Sobib kasutamiseks kuni 150 cm pikkuseni, pakkudes pikaajalist tuge kuni hetkeni, mil laps saab kasutada ainult auto turvav\u00f6\u00f6d.<\/p>\n<hr data-start=\"940\" data-end=\"943\" \/>\n<h2 data-section-id=\"137w2f7\" data-start=\"945\" data-end=\"982\">Miks see booster peredele meeldib?<\/h2>\n<ul data-start=\"983\" data-end=\"1235\">\n<li data-section-id=\"1mm4vco\" data-start=\"983\" data-end=\"1022\">\u2714\ufe0f Tagab turvav\u00f6\u00f6 korrektse asetuse<\/li>\n<li data-section-id=\"sxeltu\" data-start=\"1023\" data-end=\"1082\">\u2714\ufe0f ISOFIX-kinnitused lisavad turvalisust ja stabiilsust<\/li>\n<li data-section-id=\"sxeltu\" data-start=\"1023\" data-end=\"1082\">\u2714\ufe0f Komplektis on universaalne\u00a0ISOFIX adapter (2tk)<\/li>\n<li data-section-id=\"1ao24df\" data-start=\"1083\" data-end=\"1130\">\u2714\ufe0f Kerge ja lihtne t\u00f5sta \u00fchest autost teise<\/li>\n<li data-section-id=\"1860a77\" data-start=\"1131\" data-end=\"1183\">\u2714\ufe0f Kompaktne disain \u2013 sobib h\u00e4sti igasse autosse<\/li>\n<li data-section-id=\"cyu7v1\" data-start=\"1184\" data-end=\"1235\">\u2714\ufe0f Vastab uusimatele ohutusstandarditele (R129)<\/li>\n<\/ul>\n<hr data-start=\"1237\" data-end=\"1240\" \/>\n<h2 data-section-id=\"71mxmn\" data-start=\"1242\" data-end=\"1278\">Mugavus igap\u00e4evaseks kasutamiseks<\/h2>\n<ul data-start=\"1279\" data-end=\"1432\">\n<li data-section-id=\"dw0qil\" data-start=\"1279\" data-end=\"1308\">Lihtne ja kiire paigaldus<\/li>\n<li data-section-id=\"h3p7k6\" data-start=\"1309\" data-end=\"1359\">Kerge konstruktsioon mugavaks transportimiseks<\/li>\n<li data-section-id=\"sme623\" data-start=\"1360\" data-end=\"1396\">Pestav tekstiil (k\u00e4sipesu 30 \u00b0C)<\/li>\n<li data-section-id=\"5oyt1q\" data-start=\"1397\" data-end=\"1432\">Mugav iste pikemateks s\u00f5itudeks<\/li>\n<\/ul>\n<hr data-start=\"1434\" data-end=\"1437\" \/>\n<h2 data-section-id=\"1e8gqrv\" data-start=\"1439\" data-end=\"1459\">Tehnilised andmed<\/h2>\n<ul data-start=\"1460\" data-end=\"1699\">\n<li data-section-id=\"5ub7yz\" data-start=\"1460\" data-end=\"1501\">Sobivus: 125\u2013150 cm pikkusele lapsele<\/li>\n<li data-section-id=\"fru9v9\" data-start=\"1502\" data-end=\"1548\">Paigaldus: ISOFIX + auto 3-punkti turvav\u00f6\u00f6<\/li>\n<li data-section-id=\"196p88j\" data-start=\"1549\" data-end=\"1565\">Kaal: 3,5 kg<\/li>\n<li data-section-id=\"9lqtax\" data-start=\"1566\" data-end=\"1668\">M\u00f5\u00f5dud:\n<ul data-start=\"1580\" data-end=\"1668\">\n<li data-section-id=\"1uhiawo\" data-start=\"1580\" data-end=\"1596\">Laius: 42 cm<\/li>\n<li data-section-id=\"ip2nxw\" data-start=\"1599\" data-end=\"1616\">K\u00f5rgus: 14 cm<\/li>\n<li data-section-id=\"1a8wpeg\" data-start=\"1619\" data-end=\"1641\">Istme laius: 33 cm<\/li>\n<li data-section-id=\"jejwef\" data-start=\"1644\" data-end=\"1668\">Istme s\u00fcgavus: 40 cm<\/li>\n<\/ul>\n<\/li>\n<li data-section-id=\"1oumhm\" data-start=\"1669\" data-end=\"1699\">Standard: UN R129 (i-Size)<\/li>\n<\/ul>\n<hr data-start=\"1701\" data-end=\"1704\" \/>\n<p data-start=\"1706\" data-end=\"1857\" data-is-last-node=\"\" data-is-only-node=\"\"><strong data-start=\"1706\" data-end=\"1731\">Mate 2 ISOFIX booster<\/strong> on ideaalne valik perele, kes otsib <strong data-start=\"1768\" data-end=\"1814\">lihtsat, turvalist ja praktilist lahendust<\/strong> suurema lapse igap\u00e4evasteks autos\u00f5itudeks.<\/p>\n","protected":false},"excerpt":{"rendered":"<p>Mate 2 ISOFIX turvaiste (booster) Turvaline ja mugav s\u00f5it kasvavale lapsele Axkid on Rootsi br\u00e4nd, kelle tooted on v\u00e4lja t\u00f6\u00f6tatud k\u00f5rgeimat turvalisust, kvaliteeti ja mugavust silmas pidades. Mate 2 ISOFIX on praktiline ja kerge turvaiste, mis on loodud lastele, et tagada \u00f5ige turvav\u00f6\u00f6 asetus ja turvaline s\u00f5it igal teekonnal. T\u00e4nu ISOFIX-kinnitustele p\u00fcsib iste kindlalt paigal [&hellip;]<\/p>\n","protected":false},"featured_media":506290,"template":"","meta":{"_acf_changed":false},"pwb-brand":[11955],"product_brand":[],"product_cat":[11813,11727,11867,11741,11791],"product_tag":[],"class_list":{"0":"post-457476","1":"product","2":"type-product","3":"status-publish","4":"has-post-thumbnail","6":"pwb-brand-axkid-ru","7":"product_cat-axkid-ru","8":"product_cat-turvatoolid-hallid-ru","9":"product_cat-axkid-grow-turvaiste-ru","10":"product_cat-turvaistmed-ru","11":"product_cat-turvavarustus-ru","12":"pa_manufacturer-axkid-ru","14":"first","15":"instock","16":"taxable","17":"shipping-taxable","18":"purchasable","19":"product-type-simple"},"exclude_global_add_ons":[],"addons":[],"acf":[],"yoast_head":"<!-- This site is optimized with the Yoast SEO plugin v27.1.1 - https:\/\/yoast.com\/product\/yoast-seo-wordpress\/ -->\n<title>Axkid Mate turvaiste 15-36kg, Tar, \u0421\u041a\u0418\u0414\u041a\u0418, \u0410\u0432\u0442\u043e\u043a\u0440\u0435\u0441\u043b\u0430, \u043b\u044e\u043b\u044c\u043a\u0438, \u0414\u0435\u0442\u0441\u043a\u043e\u0435 \u043a\u0440\u0435\u0441\u043b\u043e, \u0421\u043d\u0430\u0440\u044f\u0436\u0435\u043d\u0438\u044f \u0431\u0435\u0437\u043e\u043f\u0430\u0441\u043d\u043e\u0441\u0442\u0438, Axkid, Axkid laos, Axkid Grow \u0434\u0435\u0442\u0441\u043a\u043e\u0435 \u043a\u0440\u0435\u0441\u043b\u043e, Beebipood<\/title>\n<meta name=\"description\" content=\"Axkid Mate turvaiste 15-36kg, Tar, Axkid\u00a0Mate turvaiste pakub turvalist ja mugavat\u00a0autos\u00f5ituAxkid\u00a0Mate hoolitseb selle eest, et a\" \/>\n<meta name=\"robots\" content=\"index, follow, max-snippet:-1, max-image-preview:large, max-video-preview:-1\" \/>\n<link rel=\"canonical\" href=\"https:\/\/beebipood.ee\/ru\/produkt\/axkid-mate-2-isofix-turvaiste-15-36kg-shell-black\/\" \/>\n<meta property=\"og:locale\" content=\"ru_RU\" \/>\n<meta property=\"og:type\" content=\"article\" \/>\n<meta property=\"og:title\" content=\"Axkid Mate turvaiste 15-36kg, Tar, \u0421\u041a\u0418\u0414\u041a\u0418, \u0410\u0432\u0442\u043e\u043a\u0440\u0435\u0441\u043b\u0430, \u043b\u044e\u043b\u044c\u043a\u0438, \u0414\u0435\u0442\u0441\u043a\u043e\u0435 \u043a\u0440\u0435\u0441\u043b\u043e, \u0421\u043d\u0430\u0440\u044f\u0436\u0435\u043d\u0438\u044f \u0431\u0435\u0437\u043e\u043f\u0430\u0441\u043d\u043e\u0441\u0442\u0438, Axkid, Axkid laos, Axkid Grow \u0434\u0435\u0442\u0441\u043a\u043e\u0435 \u043a\u0440\u0435\u0441\u043b\u043e, Beebipood\" \/>\n<meta property=\"og:description\" content=\"Axkid Mate turvaiste 15-36kg, Tar, Axkid\u00a0Mate turvaiste pakub turvalist ja mugavat\u00a0autos\u00f5ituAxkid\u00a0Mate hoolitseb selle eest, et a\" \/>\n<meta property=\"og:url\" content=\"https:\/\/beebipood.ee\/ru\/produkt\/axkid-mate-2-isofix-turvaiste-15-36kg-shell-black\/\" \/>\n<meta property=\"og:site_name\" content=\"Beebipood\" \/>\n<meta property=\"article:modified_time\" content=\"2026-04-08T09:23:18+00:00\" \/>\n<meta property=\"og:image\" content=\"https:\/\/beebipood.ee\/wp-content\/uploads\/2016\/11\/axkid-mate-2-isofix-shell-black.webp\" \/>\n\t<meta property=\"og:image:width\" content=\"1200\" \/>\n\t<meta property=\"og:image:height\" content=\"1200\" \/>\n\t<meta property=\"og:image:type\" content=\"image\/webp\" \/>\n<meta name=\"twitter:card\" content=\"summary_large_image\" \/>\n<meta name=\"twitter:label1\" content=\"\u041f\u0440\u0438\u043c\u0435\u0440\u043d\u043e\u0435 \u0432\u0440\u0435\u043c\u044f \u0434\u043b\u044f \u0447\u0442\u0435\u043d\u0438\u044f\" \/>\n\t<meta name=\"twitter:data1\" content=\"2 \u043c\u0438\u043d\u0443\u0442\u044b\" \/>\n<script type=\"application\/ld+json\" class=\"yoast-schema-graph\">{\"@context\":\"https:\/\/schema.org\",\"@graph\":[{\"@type\":\"WebPage\",\"@id\":\"https:\/\/beebipood.ee\/ru\/produkt\/axkid-mate-2-isofix-turvaiste-15-36kg-shell-black\/\",\"url\":\"https:\/\/beebipood.ee\/ru\/produkt\/axkid-mate-2-isofix-turvaiste-15-36kg-shell-black\/\",\"name\":\"Axkid Mate turvaiste 15-36kg, Tar, \u0421\u041a\u0418\u0414\u041a\u0418, \u0410\u0432\u0442\u043e\u043a\u0440\u0435\u0441\u043b\u0430, \u043b\u044e\u043b\u044c\u043a\u0438, \u0414\u0435\u0442\u0441\u043a\u043e\u0435 \u043a\u0440\u0435\u0441\u043b\u043e, \u0421\u043d\u0430\u0440\u044f\u0436\u0435\u043d\u0438\u044f \u0431\u0435\u0437\u043e\u043f\u0430\u0441\u043d\u043e\u0441\u0442\u0438, Axkid, Axkid laos, Axkid Grow \u0434\u0435\u0442\u0441\u043a\u043e\u0435 \u043a\u0440\u0435\u0441\u043b\u043e, Beebipood\",\"isPartOf\":{\"@id\":\"https:\/\/beebipood.ee\/ru\/#website\"},\"primaryImageOfPage\":{\"@id\":\"https:\/\/beebipood.ee\/ru\/produkt\/axkid-mate-2-isofix-turvaiste-15-36kg-shell-black\/#primaryimage\"},\"image\":{\"@id\":\"https:\/\/beebipood.ee\/ru\/produkt\/axkid-mate-2-isofix-turvaiste-15-36kg-shell-black\/#primaryimage\"},\"thumbnailUrl\":\"https:\/\/beebipood.ee\/wp-content\/uploads\/2016\/11\/axkid-mate-2-isofix-shell-black.webp\",\"datePublished\":\"2025-08-19T06:31:44+00:00\",\"dateModified\":\"2026-04-08T09:23:18+00:00\",\"description\":\"Axkid Mate turvaiste 15-36kg, Tar, Axkid\u00a0Mate turvaiste pakub turvalist ja mugavat\u00a0autos\u00f5ituAxkid\u00a0Mate hoolitseb selle eest, et a\",\"breadcrumb\":{\"@id\":\"https:\/\/beebipood.ee\/ru\/produkt\/axkid-mate-2-isofix-turvaiste-15-36kg-shell-black\/#breadcrumb\"},\"inLanguage\":\"ru-RU\",\"potentialAction\":[{\"@type\":\"ReadAction\",\"target\":[\"https:\/\/beebipood.ee\/ru\/produkt\/axkid-mate-2-isofix-turvaiste-15-36kg-shell-black\/\"]}]},{\"@type\":\"ImageObject\",\"inLanguage\":\"ru-RU\",\"@id\":\"https:\/\/beebipood.ee\/ru\/produkt\/axkid-mate-2-isofix-turvaiste-15-36kg-shell-black\/#primaryimage\",\"url\":\"https:\/\/beebipood.ee\/wp-content\/uploads\/2016\/11\/axkid-mate-2-isofix-shell-black.webp\",\"contentUrl\":\"https:\/\/beebipood.ee\/wp-content\/uploads\/2016\/11\/axkid-mate-2-isofix-shell-black.webp\",\"width\":1200,\"height\":1200},{\"@type\":\"BreadcrumbList\",\"@id\":\"https:\/\/beebipood.ee\/ru\/produkt\/axkid-mate-2-isofix-turvaiste-15-36kg-shell-black\/#breadcrumb\",\"itemListElement\":[{\"@type\":\"ListItem\",\"position\":1,\"name\":\"Home\",\"item\":\"https:\/\/beebipood.ee\/ru\/\"},{\"@type\":\"ListItem\",\"position\":2,\"name\":\"\u041a\u0430\u0442\u0430\u043b\u043e\u0433 \u0442\u043e\u0432\u0430\u0440\u043e\u0432\",\"item\":\"https:\/\/beebipood.ee\/tooted\/\"},{\"@type\":\"ListItem\",\"position\":3,\"name\":\"Axkid Mate 2 ISOFIX turvaiste 15-36kg, Shell black\"}]},{\"@type\":\"WebSite\",\"@id\":\"https:\/\/beebipood.ee\/ru\/#website\",\"url\":\"https:\/\/beebipood.ee\/ru\/\",\"name\":\"Beebipood\",\"description\":\"Lastekaubad, beebikaubad, m\u00e4nguasjad\",\"publisher\":{\"@id\":\"https:\/\/beebipood.ee\/ru\/#organization\"},\"potentialAction\":[{\"@type\":\"SearchAction\",\"target\":{\"@type\":\"EntryPoint\",\"urlTemplate\":\"https:\/\/beebipood.ee\/ru\/?s={search_term_string}\"},\"query-input\":{\"@type\":\"PropertyValueSpecification\",\"valueRequired\":true,\"valueName\":\"search_term_string\"}}],\"inLanguage\":\"ru-RU\"},{\"@type\":\"Organization\",\"@id\":\"https:\/\/beebipood.ee\/ru\/#organization\",\"name\":\"Beebipood\",\"url\":\"https:\/\/beebipood.ee\/ru\/\",\"logo\":{\"@type\":\"ImageObject\",\"inLanguage\":\"ru-RU\",\"@id\":\"https:\/\/beebipood.ee\/ru\/#\/schema\/logo\/image\/\",\"url\":\"https:\/\/beebipood.ee\/wp-content\/uploads\/2025\/03\/beebipood.ee-logo-1.svg\",\"contentUrl\":\"https:\/\/beebipood.ee\/wp-content\/uploads\/2025\/03\/beebipood.ee-logo-1.svg\",\"caption\":\"Beebipood\"},\"image\":{\"@id\":\"https:\/\/beebipood.ee\/ru\/#\/schema\/logo\/image\/\"}}]}<\/script>\n<!-- \/ Yoast SEO plugin. -->","yoast_head_json":{"title":"Axkid Mate turvaiste 15-36kg, Tar, \u0421\u041a\u0418\u0414\u041a\u0418, \u0410\u0432\u0442\u043e\u043a\u0440\u0435\u0441\u043b\u0430, \u043b\u044e\u043b\u044c\u043a\u0438, \u0414\u0435\u0442\u0441\u043a\u043e\u0435 \u043a\u0440\u0435\u0441\u043b\u043e, \u0421\u043d\u0430\u0440\u044f\u0436\u0435\u043d\u0438\u044f \u0431\u0435\u0437\u043e\u043f\u0430\u0441\u043d\u043e\u0441\u0442\u0438, Axkid, Axkid laos, Axkid Grow \u0434\u0435\u0442\u0441\u043a\u043e\u0435 \u043a\u0440\u0435\u0441\u043b\u043e, Beebipood","description":"Axkid Mate turvaiste 15-36kg, Tar, Axkid\u00a0Mate turvaiste pakub turvalist ja mugavat\u00a0autos\u00f5ituAxkid\u00a0Mate hoolitseb selle eest, et a","robots":{"index":"index","follow":"follow","max-snippet":"max-snippet:-1","max-image-preview":"max-image-preview:large","max-video-preview":"max-video-preview:-1"},"canonical":"https:\/\/beebipood.ee\/ru\/produkt\/axkid-mate-2-isofix-turvaiste-15-36kg-shell-black\/","og_locale":"ru_RU","og_type":"article","og_title":"Axkid Mate turvaiste 15-36kg, Tar, \u0421\u041a\u0418\u0414\u041a\u0418, \u0410\u0432\u0442\u043e\u043a\u0440\u0435\u0441\u043b\u0430, \u043b\u044e\u043b\u044c\u043a\u0438, \u0414\u0435\u0442\u0441\u043a\u043e\u0435 \u043a\u0440\u0435\u0441\u043b\u043e, \u0421\u043d\u0430\u0440\u044f\u0436\u0435\u043d\u0438\u044f \u0431\u0435\u0437\u043e\u043f\u0430\u0441\u043d\u043e\u0441\u0442\u0438, Axkid, Axkid laos, Axkid Grow \u0434\u0435\u0442\u0441\u043a\u043e\u0435 \u043a\u0440\u0435\u0441\u043b\u043e, Beebipood","og_description":"Axkid Mate turvaiste 15-36kg, Tar, Axkid\u00a0Mate turvaiste pakub turvalist ja mugavat\u00a0autos\u00f5ituAxkid\u00a0Mate hoolitseb selle eest, et a","og_url":"https:\/\/beebipood.ee\/ru\/produkt\/axkid-mate-2-isofix-turvaiste-15-36kg-shell-black\/","og_site_name":"Beebipood","article_modified_time":"2026-04-08T09:23:18+00:00","og_image":[{"width":1200,"height":1200,"url":"https:\/\/beebipood.ee\/wp-content\/uploads\/2016\/11\/axkid-mate-2-isofix-shell-black.webp","type":"image\/webp"}],"twitter_card":"summary_large_image","twitter_misc":{"\u041f\u0440\u0438\u043c\u0435\u0440\u043d\u043e\u0435 \u0432\u0440\u0435\u043c\u044f \u0434\u043b\u044f \u0447\u0442\u0435\u043d\u0438\u044f":"2 \u043c\u0438\u043d\u0443\u0442\u044b"},"schema":{"@context":"https:\/\/schema.org","@graph":[{"@type":"WebPage","@id":"https:\/\/beebipood.ee\/ru\/produkt\/axkid-mate-2-isofix-turvaiste-15-36kg-shell-black\/","url":"https:\/\/beebipood.ee\/ru\/produkt\/axkid-mate-2-isofix-turvaiste-15-36kg-shell-black\/","name":"Axkid Mate turvaiste 15-36kg, Tar, \u0421\u041a\u0418\u0414\u041a\u0418, \u0410\u0432\u0442\u043e\u043a\u0440\u0435\u0441\u043b\u0430, \u043b\u044e\u043b\u044c\u043a\u0438, \u0414\u0435\u0442\u0441\u043a\u043e\u0435 \u043a\u0440\u0435\u0441\u043b\u043e, \u0421\u043d\u0430\u0440\u044f\u0436\u0435\u043d\u0438\u044f \u0431\u0435\u0437\u043e\u043f\u0430\u0441\u043d\u043e\u0441\u0442\u0438, Axkid, Axkid laos, Axkid Grow \u0434\u0435\u0442\u0441\u043a\u043e\u0435 \u043a\u0440\u0435\u0441\u043b\u043e, Beebipood","isPartOf":{"@id":"https:\/\/beebipood.ee\/ru\/#website"},"primaryImageOfPage":{"@id":"https:\/\/beebipood.ee\/ru\/produkt\/axkid-mate-2-isofix-turvaiste-15-36kg-shell-black\/#primaryimage"},"image":{"@id":"https:\/\/beebipood.ee\/ru\/produkt\/axkid-mate-2-isofix-turvaiste-15-36kg-shell-black\/#primaryimage"},"thumbnailUrl":"https:\/\/beebipood.ee\/wp-content\/uploads\/2016\/11\/axkid-mate-2-isofix-shell-black.webp","datePublished":"2025-08-19T06:31:44+00:00","dateModified":"2026-04-08T09:23:18+00:00","description":"Axkid Mate turvaiste 15-36kg, Tar, Axkid\u00a0Mate turvaiste pakub turvalist ja mugavat\u00a0autos\u00f5ituAxkid\u00a0Mate hoolitseb selle eest, et a","breadcrumb":{"@id":"https:\/\/beebipood.ee\/ru\/produkt\/axkid-mate-2-isofix-turvaiste-15-36kg-shell-black\/#breadcrumb"},"inLanguage":"ru-RU","potentialAction":[{"@type":"ReadAction","target":["https:\/\/beebipood.ee\/ru\/produkt\/axkid-mate-2-isofix-turvaiste-15-36kg-shell-black\/"]}]},{"@type":"ImageObject","inLanguage":"ru-RU","@id":"https:\/\/beebipood.ee\/ru\/produkt\/axkid-mate-2-isofix-turvaiste-15-36kg-shell-black\/#primaryimage","url":"https:\/\/beebipood.ee\/wp-content\/uploads\/2016\/11\/axkid-mate-2-isofix-shell-black.webp","contentUrl":"https:\/\/beebipood.ee\/wp-content\/uploads\/2016\/11\/axkid-mate-2-isofix-shell-black.webp","width":1200,"height":1200},{"@type":"BreadcrumbList","@id":"https:\/\/beebipood.ee\/ru\/produkt\/axkid-mate-2-isofix-turvaiste-15-36kg-shell-black\/#breadcrumb","itemListElement":[{"@type":"ListItem","position":1,"name":"Home","item":"https:\/\/beebipood.ee\/ru\/"},{"@type":"ListItem","position":2,"name":"\u041a\u0430\u0442\u0430\u043b\u043e\u0433 \u0442\u043e\u0432\u0430\u0440\u043e\u0432","item":"https:\/\/beebipood.ee\/tooted\/"},{"@type":"ListItem","position":3,"name":"Axkid Mate 2 ISOFIX turvaiste 15-36kg, Shell black"}]},{"@type":"WebSite","@id":"https:\/\/beebipood.ee\/ru\/#website","url":"https:\/\/beebipood.ee\/ru\/","name":"Beebipood","description":"Lastekaubad, beebikaubad, m\u00e4nguasjad","publisher":{"@id":"https:\/\/beebipood.ee\/ru\/#organization"},"potentialAction":[{"@type":"SearchAction","target":{"@type":"EntryPoint","urlTemplate":"https:\/\/beebipood.ee\/ru\/?s={search_term_string}"},"query-input":{"@type":"PropertyValueSpecification","valueRequired":true,"valueName":"search_term_string"}}],"inLanguage":"ru-RU"},{"@type":"Organization","@id":"https:\/\/beebipood.ee\/ru\/#organization","name":"Beebipood","url":"https:\/\/beebipood.ee\/ru\/","logo":{"@type":"ImageObject","inLanguage":"ru-RU","@id":"https:\/\/beebipood.ee\/ru\/#\/schema\/logo\/image\/","url":"https:\/\/beebipood.ee\/wp-content\/uploads\/2025\/03\/beebipood.ee-logo-1.svg","contentUrl":"https:\/\/beebipood.ee\/wp-content\/uploads\/2025\/03\/beebipood.ee-logo-1.svg","caption":"Beebipood"},"image":{"@id":"https:\/\/beebipood.ee\/ru\/#\/schema\/logo\/image\/"}}]}},"brands":[{"id":11955,"name":"Axkid","slug":"axkid-ru"}],"_links":{"self":[{"href":"https:\/\/beebipood.ee\/ru\/wp-json\/wp\/v2\/product\/457476","targetHints":{"allow":["GET"]}}],"collection":[{"href":"https:\/\/beebipood.ee\/ru\/wp-json\/wp\/v2\/product"}],"about":[{"href":"https:\/\/beebipood.ee\/ru\/wp-json\/wp\/v2\/types\/product"}],"wp:featuredmedia":[{"embeddable":true,"href":"https:\/\/beebipood.ee\/ru\/wp-json\/wp\/v2\/media\/506290"}],"wp:attachment":[{"href":"https:\/\/beebipood.ee\/ru\/wp-json\/wp\/v2\/media?parent=457476"}],"wp:term":[{"taxonomy":"pwb-brand","embeddable":true,"href":"https:\/\/beebipood.ee\/ru\/wp-json\/wp\/v2\/pwb-brand?post=457476"},{"taxonomy":"product_brand","embeddable":true,"href":"https:\/\/beebipood.ee\/ru\/wp-json\/wp\/v2\/product_brand?post=457476"},{"taxonomy":"product_cat","embeddable":true,"href":"https:\/\/beebipood.ee\/ru\/wp-json\/wp\/v2\/product_cat?post=457476"},{"taxonomy":"product_tag","embeddable":true,"href":"https:\/\/beebipood.ee\/ru\/wp-json\/wp\/v2\/product_tag?post=457476"}],"curies":[{"name":"wp","href":"https:\/\/api.w.org\/{rel}","templated":true}]}}