{"id":457484,"date":"2016-11-11T07:44:03","date_gmt":"2016-11-11T05:44:03","guid":{"rendered":"https:\/\/beebipood.ee\/toode\/axkid-kinnitusrihm\/"},"modified":"2025-01-09T10:49:44","modified_gmt":"2025-01-09T08:49:44","slug":"axkid-kinnitusrihm","status":"publish","type":"product","link":"https:\/\/beebipood.ee\/ru\/produkt\/axkid-kinnitusrihm\/","title":{"rendered":"Axkid kinnitusrihm"},"content":{"rendered":"<p>Axkid\u00a0kinnitusrihm on rihm mis\u00a0aitab fikseerida turvatooli (seljaga s\u00f5idusuunas),<br \/>kui autol puuduvad sisseehitatud kinnitusaasad<br \/>Sobib turvatoolidele: Kidzone, Duofix, Minikid\u00a0ja Rekid<br \/>Pakendis on 2tk<br \/>M\u00f5\u00f5dud: 110x4cm<br \/>Axkid on <strong>Rootsi br\u00e4nd<\/strong>, kelle tooted on v\u00e4lja t\u00f6\u00f6tatud k\u00f5rgeimat turvalisust, <br \/>kvaliteeti ja\u00a0mugavust silmas pidades. <br \/>Video: <a href=\"https:\/\/www.youtube.com\/watch?v=6yMb_JD6Gi8\">https:\/\/www.youtube.com\/watch?v=6yMb_JD6Gi8<\/a><\/p>\n<p><\/p>\n<p>\u00a0<\/p>\n","protected":false},"excerpt":{"rendered":"<p>Axkid\u00a0kinnitusrihm on rihm mis\u00a0aitab fikseerida turvatooli (seljaga s\u00f5idusuunas),kui autol puuduvad sisseehitatud kinnitusaasadSobib turvatoolidele: Kidzone, Duofix, Minikid\u00a0ja RekidPakendis on 2tkM\u00f5\u00f5dud: 110x4cmAxkid on Rootsi br\u00e4nd, kelle tooted on v\u00e4lja t\u00f6\u00f6tatud k\u00f5rgeimat turvalisust, kvaliteeti ja\u00a0mugavust silmas pidades. Video: https:\/\/www.youtube.com\/watch?v=6yMb_JD6Gi8 \u00a0<\/p>\n","protected":false},"featured_media":114922,"template":"","meta":{"_acf_changed":false},"pwb-brand":[11955],"product_brand":[],"product_cat":[11813,11727,11871,11797,11791],"product_tag":[],"class_list":{"0":"post-457484","1":"product","2":"type-product","3":"status-publish","4":"has-post-thumbnail","6":"pwb-brand-axkid-ru","7":"product_cat-axkid-ru","8":"product_cat-turvatoolid-hallid-ru","9":"product_cat-axkid-lisavarustus-ru","10":"product_cat-lisatarvikud-ru-1","11":"product_cat-turvavarustus-ru","12":"pa_manufacturer-axkid-ru","14":"first","15":"instock","16":"taxable","17":"shipping-taxable","18":"purchasable","19":"product-type-simple"},"exclude_global_add_ons":[],"addons":[],"acf":[],"yoast_head":"<!-- This site is optimized with the Yoast SEO plugin v27.1.1 - https:\/\/yoast.com\/product\/yoast-seo-wordpress\/ -->\n<title>Axkid kinnitusrihm, \u0410\u0432\u0442\u043e\u043a\u0440\u0435\u0441\u043b\u0430, \u043b\u044e\u043b\u044c\u043a\u0438, \u0421\u043d\u0430\u0440\u044f\u0436\u0435\u043d\u0438\u044f \u0431\u0435\u0437\u043e\u043f\u0430\u0441\u043d\u043e\u0441\u0442\u0438, \u0410\u043a\u0441\u0435\u0441\u0441\u0443\u0430\u0440\u044b, Axkid, Axkid laos, Axkid a\u043a\u0441\u0435\u0441\u0441\u0443\u0430\u0440\u044b, Beebipood<\/title>\n<meta name=\"description\" content=\"Axkid kinnitusrihm, Axkid&nbsp;kinnitusrihm on rihm mis&nbsp;aitab fikseerida turvatooli (seljaga s&otilde;idusuunas),kui autol puuduvad sisseehitatud\" \/>\n<meta name=\"robots\" content=\"index, follow, max-snippet:-1, max-image-preview:large, max-video-preview:-1\" \/>\n<link rel=\"canonical\" href=\"https:\/\/beebipood.ee\/ru\/produkt\/axkid-kinnitusrihm\/\" \/>\n<meta property=\"og:locale\" content=\"ru_RU\" \/>\n<meta property=\"og:type\" content=\"article\" \/>\n<meta property=\"og:title\" content=\"Axkid kinnitusrihm, \u0410\u0432\u0442\u043e\u043a\u0440\u0435\u0441\u043b\u0430, \u043b\u044e\u043b\u044c\u043a\u0438, \u0421\u043d\u0430\u0440\u044f\u0436\u0435\u043d\u0438\u044f \u0431\u0435\u0437\u043e\u043f\u0430\u0441\u043d\u043e\u0441\u0442\u0438, \u0410\u043a\u0441\u0435\u0441\u0441\u0443\u0430\u0440\u044b, Axkid, Axkid laos, Axkid a\u043a\u0441\u0435\u0441\u0441\u0443\u0430\u0440\u044b, Beebipood\" \/>\n<meta property=\"og:description\" content=\"Axkid kinnitusrihm, Axkid&nbsp;kinnitusrihm on rihm mis&nbsp;aitab fikseerida turvatooli (seljaga s&otilde;idusuunas),kui autol puuduvad sisseehitatud\" \/>\n<meta property=\"og:url\" content=\"https:\/\/beebipood.ee\/ru\/produkt\/axkid-kinnitusrihm\/\" \/>\n<meta property=\"og:site_name\" content=\"Beebipood\" \/>\n<meta property=\"article:modified_time\" content=\"2025-01-09T08:49:44+00:00\" \/>\n<meta property=\"og:image\" content=\"https:\/\/beebipood.ee\/wp-content\/uploads\/2016\/11\/Axkid-kinnitusrihm-UUED-TOOTED-Turvatoolid-hallid-Turvavarustus-Lisatarvikud_1-6b7.jpg\" \/>\n\t<meta property=\"og:image:width\" content=\"702\" \/>\n\t<meta property=\"og:image:height\" content=\"909\" \/>\n\t<meta property=\"og:image:type\" content=\"image\/jpeg\" \/>\n<meta name=\"twitter:card\" content=\"summary_large_image\" \/>\n<script type=\"application\/ld+json\" class=\"yoast-schema-graph\">{\"@context\":\"https:\/\/schema.org\",\"@graph\":[{\"@type\":\"WebPage\",\"@id\":\"https:\/\/beebipood.ee\/ru\/produkt\/axkid-kinnitusrihm\/\",\"url\":\"https:\/\/beebipood.ee\/ru\/produkt\/axkid-kinnitusrihm\/\",\"name\":\"Axkid kinnitusrihm, \u0410\u0432\u0442\u043e\u043a\u0440\u0435\u0441\u043b\u0430, \u043b\u044e\u043b\u044c\u043a\u0438, \u0421\u043d\u0430\u0440\u044f\u0436\u0435\u043d\u0438\u044f \u0431\u0435\u0437\u043e\u043f\u0430\u0441\u043d\u043e\u0441\u0442\u0438, \u0410\u043a\u0441\u0435\u0441\u0441\u0443\u0430\u0440\u044b, Axkid, Axkid laos, Axkid a\u043a\u0441\u0435\u0441\u0441\u0443\u0430\u0440\u044b, Beebipood\",\"isPartOf\":{\"@id\":\"https:\/\/beebipood.ee\/ru\/#website\"},\"primaryImageOfPage\":{\"@id\":\"https:\/\/beebipood.ee\/ru\/produkt\/axkid-kinnitusrihm\/#primaryimage\"},\"image\":{\"@id\":\"https:\/\/beebipood.ee\/ru\/produkt\/axkid-kinnitusrihm\/#primaryimage\"},\"thumbnailUrl\":\"https:\/\/beebipood.ee\/wp-content\/uploads\/2016\/11\/Axkid-kinnitusrihm-UUED-TOOTED-Turvatoolid-hallid-Turvavarustus-Lisatarvikud_1-6b7.jpg\",\"datePublished\":\"2016-11-11T05:44:03+00:00\",\"dateModified\":\"2025-01-09T08:49:44+00:00\",\"description\":\"Axkid kinnitusrihm, Axkid&nbsp;kinnitusrihm on rihm mis&nbsp;aitab fikseerida turvatooli (seljaga s&otilde;idusuunas),kui autol puuduvad sisseehitatud\",\"breadcrumb\":{\"@id\":\"https:\/\/beebipood.ee\/ru\/produkt\/axkid-kinnitusrihm\/#breadcrumb\"},\"inLanguage\":\"ru-RU\",\"potentialAction\":[{\"@type\":\"ReadAction\",\"target\":[\"https:\/\/beebipood.ee\/ru\/produkt\/axkid-kinnitusrihm\/\"]}]},{\"@type\":\"ImageObject\",\"inLanguage\":\"ru-RU\",\"@id\":\"https:\/\/beebipood.ee\/ru\/produkt\/axkid-kinnitusrihm\/#primaryimage\",\"url\":\"https:\/\/beebipood.ee\/wp-content\/uploads\/2016\/11\/Axkid-kinnitusrihm-UUED-TOOTED-Turvatoolid-hallid-Turvavarustus-Lisatarvikud_1-6b7.jpg\",\"contentUrl\":\"https:\/\/beebipood.ee\/wp-content\/uploads\/2016\/11\/Axkid-kinnitusrihm-UUED-TOOTED-Turvatoolid-hallid-Turvavarustus-Lisatarvikud_1-6b7.jpg\",\"width\":702,\"height\":909},{\"@type\":\"BreadcrumbList\",\"@id\":\"https:\/\/beebipood.ee\/ru\/produkt\/axkid-kinnitusrihm\/#breadcrumb\",\"itemListElement\":[{\"@type\":\"ListItem\",\"position\":1,\"name\":\"Home\",\"item\":\"https:\/\/beebipood.ee\/ru\/\"},{\"@type\":\"ListItem\",\"position\":2,\"name\":\"\u041a\u0430\u0442\u0430\u043b\u043e\u0433 \u0442\u043e\u0432\u0430\u0440\u043e\u0432\",\"item\":\"https:\/\/beebipood.ee\/tooted\/\"},{\"@type\":\"ListItem\",\"position\":3,\"name\":\"Axkid kinnitusrihm\"}]},{\"@type\":\"WebSite\",\"@id\":\"https:\/\/beebipood.ee\/ru\/#website\",\"url\":\"https:\/\/beebipood.ee\/ru\/\",\"name\":\"Beebipood\",\"description\":\"Lastekaubad, beebikaubad, m\u00e4nguasjad\",\"publisher\":{\"@id\":\"https:\/\/beebipood.ee\/ru\/#organization\"},\"potentialAction\":[{\"@type\":\"SearchAction\",\"target\":{\"@type\":\"EntryPoint\",\"urlTemplate\":\"https:\/\/beebipood.ee\/ru\/?s={search_term_string}\"},\"query-input\":{\"@type\":\"PropertyValueSpecification\",\"valueRequired\":true,\"valueName\":\"search_term_string\"}}],\"inLanguage\":\"ru-RU\"},{\"@type\":\"Organization\",\"@id\":\"https:\/\/beebipood.ee\/ru\/#organization\",\"name\":\"Beebipood\",\"url\":\"https:\/\/beebipood.ee\/ru\/\",\"logo\":{\"@type\":\"ImageObject\",\"inLanguage\":\"ru-RU\",\"@id\":\"https:\/\/beebipood.ee\/ru\/#\/schema\/logo\/image\/\",\"url\":\"https:\/\/beebipood.ee\/wp-content\/uploads\/2025\/03\/beebipood.ee-logo-1.svg\",\"contentUrl\":\"https:\/\/beebipood.ee\/wp-content\/uploads\/2025\/03\/beebipood.ee-logo-1.svg\",\"caption\":\"Beebipood\"},\"image\":{\"@id\":\"https:\/\/beebipood.ee\/ru\/#\/schema\/logo\/image\/\"}}]}<\/script>\n<!-- \/ Yoast SEO plugin. -->","yoast_head_json":{"title":"Axkid kinnitusrihm, \u0410\u0432\u0442\u043e\u043a\u0440\u0435\u0441\u043b\u0430, \u043b\u044e\u043b\u044c\u043a\u0438, \u0421\u043d\u0430\u0440\u044f\u0436\u0435\u043d\u0438\u044f \u0431\u0435\u0437\u043e\u043f\u0430\u0441\u043d\u043e\u0441\u0442\u0438, \u0410\u043a\u0441\u0435\u0441\u0441\u0443\u0430\u0440\u044b, Axkid, Axkid laos, Axkid a\u043a\u0441\u0435\u0441\u0441\u0443\u0430\u0440\u044b, Beebipood","description":"Axkid kinnitusrihm, Axkid&nbsp;kinnitusrihm on rihm mis&nbsp;aitab fikseerida turvatooli (seljaga s&otilde;idusuunas),kui autol puuduvad sisseehitatud","robots":{"index":"index","follow":"follow","max-snippet":"max-snippet:-1","max-image-preview":"max-image-preview:large","max-video-preview":"max-video-preview:-1"},"canonical":"https:\/\/beebipood.ee\/ru\/produkt\/axkid-kinnitusrihm\/","og_locale":"ru_RU","og_type":"article","og_title":"Axkid kinnitusrihm, \u0410\u0432\u0442\u043e\u043a\u0440\u0435\u0441\u043b\u0430, \u043b\u044e\u043b\u044c\u043a\u0438, \u0421\u043d\u0430\u0440\u044f\u0436\u0435\u043d\u0438\u044f \u0431\u0435\u0437\u043e\u043f\u0430\u0441\u043d\u043e\u0441\u0442\u0438, \u0410\u043a\u0441\u0435\u0441\u0441\u0443\u0430\u0440\u044b, Axkid, Axkid laos, Axkid a\u043a\u0441\u0435\u0441\u0441\u0443\u0430\u0440\u044b, Beebipood","og_description":"Axkid kinnitusrihm, Axkid&nbsp;kinnitusrihm on rihm mis&nbsp;aitab fikseerida turvatooli (seljaga s&otilde;idusuunas),kui autol puuduvad sisseehitatud","og_url":"https:\/\/beebipood.ee\/ru\/produkt\/axkid-kinnitusrihm\/","og_site_name":"Beebipood","article_modified_time":"2025-01-09T08:49:44+00:00","og_image":[{"width":702,"height":909,"url":"https:\/\/beebipood.ee\/wp-content\/uploads\/2016\/11\/Axkid-kinnitusrihm-UUED-TOOTED-Turvatoolid-hallid-Turvavarustus-Lisatarvikud_1-6b7.jpg","type":"image\/jpeg"}],"twitter_card":"summary_large_image","schema":{"@context":"https:\/\/schema.org","@graph":[{"@type":"WebPage","@id":"https:\/\/beebipood.ee\/ru\/produkt\/axkid-kinnitusrihm\/","url":"https:\/\/beebipood.ee\/ru\/produkt\/axkid-kinnitusrihm\/","name":"Axkid kinnitusrihm, \u0410\u0432\u0442\u043e\u043a\u0440\u0435\u0441\u043b\u0430, \u043b\u044e\u043b\u044c\u043a\u0438, \u0421\u043d\u0430\u0440\u044f\u0436\u0435\u043d\u0438\u044f \u0431\u0435\u0437\u043e\u043f\u0430\u0441\u043d\u043e\u0441\u0442\u0438, \u0410\u043a\u0441\u0435\u0441\u0441\u0443\u0430\u0440\u044b, Axkid, Axkid laos, Axkid a\u043a\u0441\u0435\u0441\u0441\u0443\u0430\u0440\u044b, Beebipood","isPartOf":{"@id":"https:\/\/beebipood.ee\/ru\/#website"},"primaryImageOfPage":{"@id":"https:\/\/beebipood.ee\/ru\/produkt\/axkid-kinnitusrihm\/#primaryimage"},"image":{"@id":"https:\/\/beebipood.ee\/ru\/produkt\/axkid-kinnitusrihm\/#primaryimage"},"thumbnailUrl":"https:\/\/beebipood.ee\/wp-content\/uploads\/2016\/11\/Axkid-kinnitusrihm-UUED-TOOTED-Turvatoolid-hallid-Turvavarustus-Lisatarvikud_1-6b7.jpg","datePublished":"2016-11-11T05:44:03+00:00","dateModified":"2025-01-09T08:49:44+00:00","description":"Axkid kinnitusrihm, Axkid&nbsp;kinnitusrihm on rihm mis&nbsp;aitab fikseerida turvatooli (seljaga s&otilde;idusuunas),kui autol puuduvad sisseehitatud","breadcrumb":{"@id":"https:\/\/beebipood.ee\/ru\/produkt\/axkid-kinnitusrihm\/#breadcrumb"},"inLanguage":"ru-RU","potentialAction":[{"@type":"ReadAction","target":["https:\/\/beebipood.ee\/ru\/produkt\/axkid-kinnitusrihm\/"]}]},{"@type":"ImageObject","inLanguage":"ru-RU","@id":"https:\/\/beebipood.ee\/ru\/produkt\/axkid-kinnitusrihm\/#primaryimage","url":"https:\/\/beebipood.ee\/wp-content\/uploads\/2016\/11\/Axkid-kinnitusrihm-UUED-TOOTED-Turvatoolid-hallid-Turvavarustus-Lisatarvikud_1-6b7.jpg","contentUrl":"https:\/\/beebipood.ee\/wp-content\/uploads\/2016\/11\/Axkid-kinnitusrihm-UUED-TOOTED-Turvatoolid-hallid-Turvavarustus-Lisatarvikud_1-6b7.jpg","width":702,"height":909},{"@type":"BreadcrumbList","@id":"https:\/\/beebipood.ee\/ru\/produkt\/axkid-kinnitusrihm\/#breadcrumb","itemListElement":[{"@type":"ListItem","position":1,"name":"Home","item":"https:\/\/beebipood.ee\/ru\/"},{"@type":"ListItem","position":2,"name":"\u041a\u0430\u0442\u0430\u043b\u043e\u0433 \u0442\u043e\u0432\u0430\u0440\u043e\u0432","item":"https:\/\/beebipood.ee\/tooted\/"},{"@type":"ListItem","position":3,"name":"Axkid kinnitusrihm"}]},{"@type":"WebSite","@id":"https:\/\/beebipood.ee\/ru\/#website","url":"https:\/\/beebipood.ee\/ru\/","name":"Beebipood","description":"Lastekaubad, beebikaubad, m\u00e4nguasjad","publisher":{"@id":"https:\/\/beebipood.ee\/ru\/#organization"},"potentialAction":[{"@type":"SearchAction","target":{"@type":"EntryPoint","urlTemplate":"https:\/\/beebipood.ee\/ru\/?s={search_term_string}"},"query-input":{"@type":"PropertyValueSpecification","valueRequired":true,"valueName":"search_term_string"}}],"inLanguage":"ru-RU"},{"@type":"Organization","@id":"https:\/\/beebipood.ee\/ru\/#organization","name":"Beebipood","url":"https:\/\/beebipood.ee\/ru\/","logo":{"@type":"ImageObject","inLanguage":"ru-RU","@id":"https:\/\/beebipood.ee\/ru\/#\/schema\/logo\/image\/","url":"https:\/\/beebipood.ee\/wp-content\/uploads\/2025\/03\/beebipood.ee-logo-1.svg","contentUrl":"https:\/\/beebipood.ee\/wp-content\/uploads\/2025\/03\/beebipood.ee-logo-1.svg","caption":"Beebipood"},"image":{"@id":"https:\/\/beebipood.ee\/ru\/#\/schema\/logo\/image\/"}}]}},"brands":[{"id":11955,"name":"Axkid","slug":"axkid-ru"}],"_links":{"self":[{"href":"https:\/\/beebipood.ee\/ru\/wp-json\/wp\/v2\/product\/457484","targetHints":{"allow":["GET"]}}],"collection":[{"href":"https:\/\/beebipood.ee\/ru\/wp-json\/wp\/v2\/product"}],"about":[{"href":"https:\/\/beebipood.ee\/ru\/wp-json\/wp\/v2\/types\/product"}],"wp:featuredmedia":[{"embeddable":true,"href":"https:\/\/beebipood.ee\/ru\/wp-json\/wp\/v2\/media\/114922"}],"wp:attachment":[{"href":"https:\/\/beebipood.ee\/ru\/wp-json\/wp\/v2\/media?parent=457484"}],"wp:term":[{"taxonomy":"pwb-brand","embeddable":true,"href":"https:\/\/beebipood.ee\/ru\/wp-json\/wp\/v2\/pwb-brand?post=457484"},{"taxonomy":"product_brand","embeddable":true,"href":"https:\/\/beebipood.ee\/ru\/wp-json\/wp\/v2\/product_brand?post=457484"},{"taxonomy":"product_cat","embeddable":true,"href":"https:\/\/beebipood.ee\/ru\/wp-json\/wp\/v2\/product_cat?post=457484"},{"taxonomy":"product_tag","embeddable":true,"href":"https:\/\/beebipood.ee\/ru\/wp-json\/wp\/v2\/product_tag?post=457484"}],"curies":[{"name":"wp","href":"https:\/\/api.w.org\/{rel}","templated":true}]}}