{"id":457486,"date":"2016-11-11T08:12:26","date_gmt":"2016-11-11T06:12:26","guid":{"rendered":"https:\/\/beebipood.ee\/toode\/axkid-suvekate-turvatoolile\/"},"modified":"2025-01-09T10:49:44","modified_gmt":"2025-01-09T08:49:44","slug":"axkid-suvekate-turvatoolile","status":"publish","type":"product","link":"https:\/\/beebipood.ee\/ru\/produkt\/axkid-suvekate-turvatoolile\/","title":{"rendered":"Axkid suvekate turvatoolile"},"content":{"rendered":"<p>Axkid\u00a0suvine istmekate on spetsiaalselt loodud selleks,et takistada <br \/>turvatooli \u00fclekuumenemise eest p\u00e4ikselisel suvep\u00e4eval<br \/>Sobib turvatoolidele: Modukid, Duofix, Minikid, Rekid<br \/>Axkid on <strong>Rootsi br\u00e4nd<\/strong>, kelle tooted on v\u00e4lja t\u00f6\u00f6tatud k\u00f5rgeimat turvalisust, <br \/>kvaliteeti ja\u00a0mugavust silmas pidades. <\/p>\n<p>\u00a0<\/p>\n","protected":false},"excerpt":{"rendered":"<p>Axkid\u00a0suvine istmekate on spetsiaalselt loodud selleks,et takistada turvatooli \u00fclekuumenemise eest p\u00e4ikselisel suvep\u00e4evalSobib turvatoolidele: Modukid, Duofix, Minikid, RekidAxkid on Rootsi br\u00e4nd, kelle tooted on v\u00e4lja t\u00f6\u00f6tatud k\u00f5rgeimat turvalisust, kvaliteeti ja\u00a0mugavust silmas pidades. \u00a0<\/p>\n","protected":false},"featured_media":114924,"template":"","meta":{"_acf_changed":false},"pwb-brand":[11955],"product_brand":[],"product_cat":[11813,11727,11871,11797,11791],"product_tag":[],"class_list":{"0":"post-457486","1":"product","2":"type-product","3":"status-publish","4":"has-post-thumbnail","6":"pwb-brand-axkid-ru","7":"product_cat-axkid-ru","8":"product_cat-turvatoolid-hallid-ru","9":"product_cat-axkid-lisavarustus-ru","10":"product_cat-lisatarvikud-ru-1","11":"product_cat-turvavarustus-ru","12":"pa_manufacturer-axkid-ru","14":"first","15":"instock","16":"taxable","17":"shipping-taxable","18":"purchasable","19":"product-type-simple"},"exclude_global_add_ons":[],"addons":[],"acf":[],"yoast_head":"<!-- This site is optimized with the Yoast SEO plugin v27.1.1 - https:\/\/yoast.com\/product\/yoast-seo-wordpress\/ -->\n<title>Axkid suvekate turvatoolile, \u0410\u0432\u0442\u043e\u043a\u0440\u0435\u0441\u043b\u0430, \u043b\u044e\u043b\u044c\u043a\u0438, \u0421\u043d\u0430\u0440\u044f\u0436\u0435\u043d\u0438\u044f \u0431\u0435\u0437\u043e\u043f\u0430\u0441\u043d\u043e\u0441\u0442\u0438, \u0410\u043a\u0441\u0435\u0441\u0441\u0443\u0430\u0440\u044b, Axkid, Axkid laos, Axkid a\u043a\u0441\u0435\u0441\u0441\u0443\u0430\u0440\u044b, Beebipood<\/title>\n<meta name=\"description\" content=\"Axkid suvekate turvatoolile, Axkid&nbsp;suvine istmekate on spetsiaalselt loodud selleks,et takistada turvatooli &uuml;lekuumenemise eest p&auml;ikseli\" \/>\n<meta name=\"robots\" content=\"index, follow, max-snippet:-1, max-image-preview:large, max-video-preview:-1\" \/>\n<link rel=\"canonical\" href=\"https:\/\/beebipood.ee\/ru\/produkt\/axkid-suvekate-turvatoolile\/\" \/>\n<meta property=\"og:locale\" content=\"ru_RU\" \/>\n<meta property=\"og:type\" content=\"article\" \/>\n<meta property=\"og:title\" content=\"Axkid suvekate turvatoolile, \u0410\u0432\u0442\u043e\u043a\u0440\u0435\u0441\u043b\u0430, \u043b\u044e\u043b\u044c\u043a\u0438, \u0421\u043d\u0430\u0440\u044f\u0436\u0435\u043d\u0438\u044f \u0431\u0435\u0437\u043e\u043f\u0430\u0441\u043d\u043e\u0441\u0442\u0438, \u0410\u043a\u0441\u0435\u0441\u0441\u0443\u0430\u0440\u044b, Axkid, Axkid laos, Axkid a\u043a\u0441\u0435\u0441\u0441\u0443\u0430\u0440\u044b, Beebipood\" \/>\n<meta property=\"og:description\" content=\"Axkid suvekate turvatoolile, Axkid&nbsp;suvine istmekate on spetsiaalselt loodud selleks,et takistada turvatooli &uuml;lekuumenemise eest p&auml;ikseli\" \/>\n<meta property=\"og:url\" content=\"https:\/\/beebipood.ee\/ru\/produkt\/axkid-suvekate-turvatoolile\/\" \/>\n<meta property=\"og:site_name\" content=\"Beebipood\" \/>\n<meta property=\"article:modified_time\" content=\"2025-01-09T08:49:44+00:00\" \/>\n<meta property=\"og:image\" content=\"https:\/\/beebipood.ee\/wp-content\/uploads\/2016\/11\/Axkid-turvatooli-istmekate-suveks-UUED-TOOTED-Turvatoolid-hallid-Turvavarustus-Lisatarvikud_1-726-scaled.jpg\" \/>\n\t<meta property=\"og:image:width\" content=\"2560\" \/>\n\t<meta property=\"og:image:height\" content=\"2560\" \/>\n\t<meta property=\"og:image:type\" content=\"image\/jpeg\" \/>\n<meta name=\"twitter:card\" content=\"summary_large_image\" \/>\n<script type=\"application\/ld+json\" class=\"yoast-schema-graph\">{\"@context\":\"https:\/\/schema.org\",\"@graph\":[{\"@type\":\"WebPage\",\"@id\":\"https:\/\/beebipood.ee\/ru\/produkt\/axkid-suvekate-turvatoolile\/\",\"url\":\"https:\/\/beebipood.ee\/ru\/produkt\/axkid-suvekate-turvatoolile\/\",\"name\":\"Axkid suvekate turvatoolile, \u0410\u0432\u0442\u043e\u043a\u0440\u0435\u0441\u043b\u0430, \u043b\u044e\u043b\u044c\u043a\u0438, \u0421\u043d\u0430\u0440\u044f\u0436\u0435\u043d\u0438\u044f \u0431\u0435\u0437\u043e\u043f\u0430\u0441\u043d\u043e\u0441\u0442\u0438, \u0410\u043a\u0441\u0435\u0441\u0441\u0443\u0430\u0440\u044b, Axkid, Axkid laos, Axkid a\u043a\u0441\u0435\u0441\u0441\u0443\u0430\u0440\u044b, Beebipood\",\"isPartOf\":{\"@id\":\"https:\/\/beebipood.ee\/ru\/#website\"},\"primaryImageOfPage\":{\"@id\":\"https:\/\/beebipood.ee\/ru\/produkt\/axkid-suvekate-turvatoolile\/#primaryimage\"},\"image\":{\"@id\":\"https:\/\/beebipood.ee\/ru\/produkt\/axkid-suvekate-turvatoolile\/#primaryimage\"},\"thumbnailUrl\":\"https:\/\/beebipood.ee\/wp-content\/uploads\/2016\/11\/Axkid-turvatooli-istmekate-suveks-UUED-TOOTED-Turvatoolid-hallid-Turvavarustus-Lisatarvikud_1-726-scaled.jpg\",\"datePublished\":\"2016-11-11T06:12:26+00:00\",\"dateModified\":\"2025-01-09T08:49:44+00:00\",\"description\":\"Axkid suvekate turvatoolile, Axkid&nbsp;suvine istmekate on spetsiaalselt loodud selleks,et takistada turvatooli &uuml;lekuumenemise eest p&auml;ikseli\",\"breadcrumb\":{\"@id\":\"https:\/\/beebipood.ee\/ru\/produkt\/axkid-suvekate-turvatoolile\/#breadcrumb\"},\"inLanguage\":\"ru-RU\",\"potentialAction\":[{\"@type\":\"ReadAction\",\"target\":[\"https:\/\/beebipood.ee\/ru\/produkt\/axkid-suvekate-turvatoolile\/\"]}]},{\"@type\":\"ImageObject\",\"inLanguage\":\"ru-RU\",\"@id\":\"https:\/\/beebipood.ee\/ru\/produkt\/axkid-suvekate-turvatoolile\/#primaryimage\",\"url\":\"https:\/\/beebipood.ee\/wp-content\/uploads\/2016\/11\/Axkid-turvatooli-istmekate-suveks-UUED-TOOTED-Turvatoolid-hallid-Turvavarustus-Lisatarvikud_1-726-scaled.jpg\",\"contentUrl\":\"https:\/\/beebipood.ee\/wp-content\/uploads\/2016\/11\/Axkid-turvatooli-istmekate-suveks-UUED-TOOTED-Turvatoolid-hallid-Turvavarustus-Lisatarvikud_1-726-scaled.jpg\",\"width\":2560,\"height\":2560},{\"@type\":\"BreadcrumbList\",\"@id\":\"https:\/\/beebipood.ee\/ru\/produkt\/axkid-suvekate-turvatoolile\/#breadcrumb\",\"itemListElement\":[{\"@type\":\"ListItem\",\"position\":1,\"name\":\"Home\",\"item\":\"https:\/\/beebipood.ee\/ru\/\"},{\"@type\":\"ListItem\",\"position\":2,\"name\":\"\u041a\u0430\u0442\u0430\u043b\u043e\u0433 \u0442\u043e\u0432\u0430\u0440\u043e\u0432\",\"item\":\"https:\/\/beebipood.ee\/tooted\/\"},{\"@type\":\"ListItem\",\"position\":3,\"name\":\"Axkid suvekate turvatoolile\"}]},{\"@type\":\"WebSite\",\"@id\":\"https:\/\/beebipood.ee\/ru\/#website\",\"url\":\"https:\/\/beebipood.ee\/ru\/\",\"name\":\"Beebipood\",\"description\":\"Lastekaubad, beebikaubad, m\u00e4nguasjad\",\"publisher\":{\"@id\":\"https:\/\/beebipood.ee\/ru\/#organization\"},\"potentialAction\":[{\"@type\":\"SearchAction\",\"target\":{\"@type\":\"EntryPoint\",\"urlTemplate\":\"https:\/\/beebipood.ee\/ru\/?s={search_term_string}\"},\"query-input\":{\"@type\":\"PropertyValueSpecification\",\"valueRequired\":true,\"valueName\":\"search_term_string\"}}],\"inLanguage\":\"ru-RU\"},{\"@type\":\"Organization\",\"@id\":\"https:\/\/beebipood.ee\/ru\/#organization\",\"name\":\"Beebipood\",\"url\":\"https:\/\/beebipood.ee\/ru\/\",\"logo\":{\"@type\":\"ImageObject\",\"inLanguage\":\"ru-RU\",\"@id\":\"https:\/\/beebipood.ee\/ru\/#\/schema\/logo\/image\/\",\"url\":\"https:\/\/beebipood.ee\/wp-content\/uploads\/2025\/03\/beebipood.ee-logo-1.svg\",\"contentUrl\":\"https:\/\/beebipood.ee\/wp-content\/uploads\/2025\/03\/beebipood.ee-logo-1.svg\",\"caption\":\"Beebipood\"},\"image\":{\"@id\":\"https:\/\/beebipood.ee\/ru\/#\/schema\/logo\/image\/\"}}]}<\/script>\n<!-- \/ Yoast SEO plugin. -->","yoast_head_json":{"title":"Axkid suvekate turvatoolile, \u0410\u0432\u0442\u043e\u043a\u0440\u0435\u0441\u043b\u0430, \u043b\u044e\u043b\u044c\u043a\u0438, \u0421\u043d\u0430\u0440\u044f\u0436\u0435\u043d\u0438\u044f \u0431\u0435\u0437\u043e\u043f\u0430\u0441\u043d\u043e\u0441\u0442\u0438, \u0410\u043a\u0441\u0435\u0441\u0441\u0443\u0430\u0440\u044b, Axkid, Axkid laos, Axkid a\u043a\u0441\u0435\u0441\u0441\u0443\u0430\u0440\u044b, Beebipood","description":"Axkid suvekate turvatoolile, Axkid&nbsp;suvine istmekate on spetsiaalselt loodud selleks,et takistada turvatooli &uuml;lekuumenemise eest p&auml;ikseli","robots":{"index":"index","follow":"follow","max-snippet":"max-snippet:-1","max-image-preview":"max-image-preview:large","max-video-preview":"max-video-preview:-1"},"canonical":"https:\/\/beebipood.ee\/ru\/produkt\/axkid-suvekate-turvatoolile\/","og_locale":"ru_RU","og_type":"article","og_title":"Axkid suvekate turvatoolile, \u0410\u0432\u0442\u043e\u043a\u0440\u0435\u0441\u043b\u0430, \u043b\u044e\u043b\u044c\u043a\u0438, \u0421\u043d\u0430\u0440\u044f\u0436\u0435\u043d\u0438\u044f \u0431\u0435\u0437\u043e\u043f\u0430\u0441\u043d\u043e\u0441\u0442\u0438, \u0410\u043a\u0441\u0435\u0441\u0441\u0443\u0430\u0440\u044b, Axkid, Axkid laos, Axkid a\u043a\u0441\u0435\u0441\u0441\u0443\u0430\u0440\u044b, Beebipood","og_description":"Axkid suvekate turvatoolile, Axkid&nbsp;suvine istmekate on spetsiaalselt loodud selleks,et takistada turvatooli &uuml;lekuumenemise eest p&auml;ikseli","og_url":"https:\/\/beebipood.ee\/ru\/produkt\/axkid-suvekate-turvatoolile\/","og_site_name":"Beebipood","article_modified_time":"2025-01-09T08:49:44+00:00","og_image":[{"width":2560,"height":2560,"url":"https:\/\/beebipood.ee\/wp-content\/uploads\/2016\/11\/Axkid-turvatooli-istmekate-suveks-UUED-TOOTED-Turvatoolid-hallid-Turvavarustus-Lisatarvikud_1-726-scaled.jpg","type":"image\/jpeg"}],"twitter_card":"summary_large_image","schema":{"@context":"https:\/\/schema.org","@graph":[{"@type":"WebPage","@id":"https:\/\/beebipood.ee\/ru\/produkt\/axkid-suvekate-turvatoolile\/","url":"https:\/\/beebipood.ee\/ru\/produkt\/axkid-suvekate-turvatoolile\/","name":"Axkid suvekate turvatoolile, \u0410\u0432\u0442\u043e\u043a\u0440\u0435\u0441\u043b\u0430, \u043b\u044e\u043b\u044c\u043a\u0438, \u0421\u043d\u0430\u0440\u044f\u0436\u0435\u043d\u0438\u044f \u0431\u0435\u0437\u043e\u043f\u0430\u0441\u043d\u043e\u0441\u0442\u0438, \u0410\u043a\u0441\u0435\u0441\u0441\u0443\u0430\u0440\u044b, Axkid, Axkid laos, Axkid a\u043a\u0441\u0435\u0441\u0441\u0443\u0430\u0440\u044b, Beebipood","isPartOf":{"@id":"https:\/\/beebipood.ee\/ru\/#website"},"primaryImageOfPage":{"@id":"https:\/\/beebipood.ee\/ru\/produkt\/axkid-suvekate-turvatoolile\/#primaryimage"},"image":{"@id":"https:\/\/beebipood.ee\/ru\/produkt\/axkid-suvekate-turvatoolile\/#primaryimage"},"thumbnailUrl":"https:\/\/beebipood.ee\/wp-content\/uploads\/2016\/11\/Axkid-turvatooli-istmekate-suveks-UUED-TOOTED-Turvatoolid-hallid-Turvavarustus-Lisatarvikud_1-726-scaled.jpg","datePublished":"2016-11-11T06:12:26+00:00","dateModified":"2025-01-09T08:49:44+00:00","description":"Axkid suvekate turvatoolile, Axkid&nbsp;suvine istmekate on spetsiaalselt loodud selleks,et takistada turvatooli &uuml;lekuumenemise eest p&auml;ikseli","breadcrumb":{"@id":"https:\/\/beebipood.ee\/ru\/produkt\/axkid-suvekate-turvatoolile\/#breadcrumb"},"inLanguage":"ru-RU","potentialAction":[{"@type":"ReadAction","target":["https:\/\/beebipood.ee\/ru\/produkt\/axkid-suvekate-turvatoolile\/"]}]},{"@type":"ImageObject","inLanguage":"ru-RU","@id":"https:\/\/beebipood.ee\/ru\/produkt\/axkid-suvekate-turvatoolile\/#primaryimage","url":"https:\/\/beebipood.ee\/wp-content\/uploads\/2016\/11\/Axkid-turvatooli-istmekate-suveks-UUED-TOOTED-Turvatoolid-hallid-Turvavarustus-Lisatarvikud_1-726-scaled.jpg","contentUrl":"https:\/\/beebipood.ee\/wp-content\/uploads\/2016\/11\/Axkid-turvatooli-istmekate-suveks-UUED-TOOTED-Turvatoolid-hallid-Turvavarustus-Lisatarvikud_1-726-scaled.jpg","width":2560,"height":2560},{"@type":"BreadcrumbList","@id":"https:\/\/beebipood.ee\/ru\/produkt\/axkid-suvekate-turvatoolile\/#breadcrumb","itemListElement":[{"@type":"ListItem","position":1,"name":"Home","item":"https:\/\/beebipood.ee\/ru\/"},{"@type":"ListItem","position":2,"name":"\u041a\u0430\u0442\u0430\u043b\u043e\u0433 \u0442\u043e\u0432\u0430\u0440\u043e\u0432","item":"https:\/\/beebipood.ee\/tooted\/"},{"@type":"ListItem","position":3,"name":"Axkid suvekate turvatoolile"}]},{"@type":"WebSite","@id":"https:\/\/beebipood.ee\/ru\/#website","url":"https:\/\/beebipood.ee\/ru\/","name":"Beebipood","description":"Lastekaubad, beebikaubad, m\u00e4nguasjad","publisher":{"@id":"https:\/\/beebipood.ee\/ru\/#organization"},"potentialAction":[{"@type":"SearchAction","target":{"@type":"EntryPoint","urlTemplate":"https:\/\/beebipood.ee\/ru\/?s={search_term_string}"},"query-input":{"@type":"PropertyValueSpecification","valueRequired":true,"valueName":"search_term_string"}}],"inLanguage":"ru-RU"},{"@type":"Organization","@id":"https:\/\/beebipood.ee\/ru\/#organization","name":"Beebipood","url":"https:\/\/beebipood.ee\/ru\/","logo":{"@type":"ImageObject","inLanguage":"ru-RU","@id":"https:\/\/beebipood.ee\/ru\/#\/schema\/logo\/image\/","url":"https:\/\/beebipood.ee\/wp-content\/uploads\/2025\/03\/beebipood.ee-logo-1.svg","contentUrl":"https:\/\/beebipood.ee\/wp-content\/uploads\/2025\/03\/beebipood.ee-logo-1.svg","caption":"Beebipood"},"image":{"@id":"https:\/\/beebipood.ee\/ru\/#\/schema\/logo\/image\/"}}]}},"brands":[{"id":11955,"name":"Axkid","slug":"axkid-ru"}],"_links":{"self":[{"href":"https:\/\/beebipood.ee\/ru\/wp-json\/wp\/v2\/product\/457486","targetHints":{"allow":["GET"]}}],"collection":[{"href":"https:\/\/beebipood.ee\/ru\/wp-json\/wp\/v2\/product"}],"about":[{"href":"https:\/\/beebipood.ee\/ru\/wp-json\/wp\/v2\/types\/product"}],"wp:featuredmedia":[{"embeddable":true,"href":"https:\/\/beebipood.ee\/ru\/wp-json\/wp\/v2\/media\/114924"}],"wp:attachment":[{"href":"https:\/\/beebipood.ee\/ru\/wp-json\/wp\/v2\/media?parent=457486"}],"wp:term":[{"taxonomy":"pwb-brand","embeddable":true,"href":"https:\/\/beebipood.ee\/ru\/wp-json\/wp\/v2\/pwb-brand?post=457486"},{"taxonomy":"product_brand","embeddable":true,"href":"https:\/\/beebipood.ee\/ru\/wp-json\/wp\/v2\/product_brand?post=457486"},{"taxonomy":"product_cat","embeddable":true,"href":"https:\/\/beebipood.ee\/ru\/wp-json\/wp\/v2\/product_cat?post=457486"},{"taxonomy":"product_tag","embeddable":true,"href":"https:\/\/beebipood.ee\/ru\/wp-json\/wp\/v2\/product_tag?post=457486"}],"curies":[{"name":"wp","href":"https:\/\/api.w.org\/{rel}","templated":true}]}}